{"id":44071,"date":"2026-04-18T14:07:47","date_gmt":"2026-04-18T12:07:47","guid":{"rendered":"https:\/\/tibladin.dk\/?post_type=product&#038;p=44071"},"modified":"2026-04-19T07:53:11","modified_gmt":"2026-04-19T05:53:11","slug":"pouf-cognac-with-pattern-35-cm","status":"publish","type":"product","link":"https:\/\/tibladin.dk\/en\/produkt\/puf-cognac-med-moenster-35-cm\/","title":{"rendered":"Pouf Cognac with pattern \u2013 35 cm."},"content":{"rendered":"<div class=\"wpb-content-wrapper\"><div class=\"vc_row wpb_row vc_row-fluid\"><div class=\"wpb_column vc_column_container vc_col-sm-6\"><div class=\"vc_column-inner\"><div class=\"wpb_wrapper\"><h3 style=\"text-align: left\" class=\"vc_custom_heading vc_do_custom_heading\" >Maintaining your pouf<\/h3>\n\t<div class=\"wpb_text_column wpb_content_element\" >\n\t\t<div class=\"wpb_wrapper\">\n\t\t\t<p>The leather on this Moroccan pouf is made of goatskin and will acquire a beautiful patina over time. If you want your pouf darker and glossy, you can give it a little leather oil. Right at the beginning, when you use it, it can smell a little like leather. This goes away quickly again. If you want to speed up that process, put it out in the sun for a bit and it will go away.<\/p>\n\n\t\t<\/div>\n\t<\/div>\n<\/div><\/div><\/div><div class=\"wpb_column vc_column_container vc_col-sm-6\"><div class=\"vc_column-inner\"><div class=\"wpb_wrapper\"><h3 style=\"text-align: left\" class=\"vc_custom_heading vc_do_custom_heading\" >Leather pouf<\/h3>\n\t<div class=\"wpb_text_column wpb_content_element\" >\n\t\t<div class=\"wpb_wrapper\">\n\t\t\t<p>Small poufs are easy to add to your decor and quickly get an exotic look and a more personal touch. My supplier of leather poufs has many years of experience in making good and very durable poufs and he exports to several places around the world. All my poufs are made of goat leather, as this is what gives the softest and most flexible pouf.<\/p>\n<p>&nbsp;<\/p>\n<p><b>Fill your pouf<\/b><\/p>\n<p>You can easily use things you already have, quilts, pillows, blankets or tightly crumpled newspaper. You can also buy foam granules or cotton filling for your pouf. If you use this kind of stuffing, we recommend that you sew an inner cover or take an old duvet cover and put the stuffing in there before you put it in your pouf.<\/p>\n<p>You can also choose to have your pouf filled with wood wool. This is an option, right where you put the product in the basket.<\/p>\n\n\t\t<\/div>\n\t<\/div>\n<\/div><\/div><\/div><\/div>\n<\/div>","protected":false},"excerpt":{"rendered":"<p class=\"p1\">Round Moroccan leather pouf in cognac-colored quality leather in a cute mini version, perfect if you have limited space or for a child&#039;s room. The pouf has heavy stitching like all our leather poufs. The zipper on the underside is hidden so you avoid it touching the floor.<\/p>\n<p class=\"p1\">Create a cozy atmosphere in your home with this lovely pouf. Use it as extra seating or perhaps as a side table with a small tray on it. The pouf is 35 cm in diameter and approximately 43 cm high.<\/p>\n<p>The pouffe is sold without filling. If you want the pouffe filled with wood wool, remember to select it in the field just above the &quot;add to basket&quot; button<\/p>","protected":false},"featured_media":44059,"template":"","meta":{"inline_featured_image":false},"product_brand":[],"product_cat":[41,39,40],"product_tag":[],"class_list":{"0":"post-44071","1":"product","2":"type-product","3":"status-publish","4":"has-post-thumbnail","6":"product_cat-laederpufs","7":"product_cat-moebler","8":"product_cat-pufs","10":"first","11":"instock","12":"taxable","13":"shipping-taxable","14":"purchasable","15":"product-type-simple"},"exclude_global_add_ons":false,"addons":[{"name":"Do you want your pouf delivered with wood wool filling?","type":"checkbox","position":0,"required":false,"title_format":"label","default":"","description_enable":false,"description":"","placeholder_enable":false,"placeholder":"","display":"select","restrictions_type":"any_text","adjust_price":false,"price":"","price_type":"flat_fee","restrictions":false,"min":"0","max":"0","options":[{"label":"Ja tak!","price":"200","price_type":"quantity_based","image":0,"visibility":true}],"id":1710619023}],"yoast_head":"<!-- This site is optimized with the Yoast SEO plugin v27.4 - https:\/\/yoast.com\/product\/yoast-seo-wordpress\/ -->\n<title>Marokkansk puf i cognacfarvet med m\u00f8nster | stort udvalg<\/title>\n<meta name=\"description\" content=\"Unik marokkansk l\u00e6derpuf i naturligt l\u00e6der| Hos Tibladin finder du et stort udvalg af pufs, s\u00e5 det er let at finde den der passer perfekt til dig.\" \/>\n<meta name=\"robots\" content=\"index, follow, max-snippet:-1, max-image-preview:large, max-video-preview:-1\" \/>\n<link rel=\"canonical\" href=\"https:\/\/tibladin.dk\/en\/product-4\/pouf-cognac-with-pattern-35-cm\/\" \/>\n<meta property=\"og:locale\" content=\"en_GB\" \/>\n<meta property=\"og:type\" content=\"article\" \/>\n<meta property=\"og:title\" content=\"Marokkansk puf i cognacfarvet med m\u00f8nster | stort udvalg\" \/>\n<meta property=\"og:description\" content=\"Unik marokkansk l\u00e6derpuf i naturligt l\u00e6der| Hos Tibladin finder du et stort udvalg af pufs, s\u00e5 det er let at finde den der passer perfekt til dig.\" \/>\n<meta property=\"og:url\" content=\"https:\/\/tibladin.dk\/en\/product-4\/pouf-cognac-with-pattern-35-cm\/\" \/>\n<meta property=\"og:site_name\" content=\"Tibladin\" \/>\n<meta property=\"article:modified_time\" content=\"2026-04-19T05:53:11+00:00\" \/>\n<meta property=\"og:image\" content=\"https:\/\/tibladin.dk\/wp-content\/uploads\/2026\/04\/Photoroom_20260418_135411.jpg\" \/>\n\t<meta property=\"og:image:width\" content=\"800\" \/>\n\t<meta property=\"og:image:height\" content=\"800\" \/>\n\t<meta property=\"og:image:type\" content=\"image\/jpeg\" \/>\n<meta name=\"twitter:card\" content=\"summary_large_image\" \/>\n<meta name=\"twitter:label1\" content=\"Estimated reading time\" \/>\n\t<meta name=\"twitter:data1\" content=\"2 minutes\" \/>\n<script type=\"application\/ld+json\" class=\"yoast-schema-graph\">{\"@context\":\"https:\\\/\\\/schema.org\",\"@graph\":[{\"@type\":\"WebPage\",\"@id\":\"https:\\\/\\\/tibladin.dk\\\/produkt\\\/puf-cognac-med-moenster-35-cm\\\/\",\"url\":\"https:\\\/\\\/tibladin.dk\\\/produkt\\\/puf-cognac-med-moenster-35-cm\\\/\",\"name\":\"Marokkansk puf i cognacfarvet med m\u00f8nster | stort udvalg\",\"isPartOf\":{\"@id\":\"https:\\\/\\\/tibladin.dk\\\/#website\"},\"primaryImageOfPage\":{\"@id\":\"https:\\\/\\\/tibladin.dk\\\/produkt\\\/puf-cognac-med-moenster-35-cm\\\/#primaryimage\"},\"image\":{\"@id\":\"https:\\\/\\\/tibladin.dk\\\/produkt\\\/puf-cognac-med-moenster-35-cm\\\/#primaryimage\"},\"thumbnailUrl\":\"https:\\\/\\\/tibladin.dk\\\/wp-content\\\/uploads\\\/2026\\\/04\\\/Photoroom_20260418_135411.jpg\",\"datePublished\":\"2026-04-18T12:07:47+00:00\",\"dateModified\":\"2026-04-19T05:53:11+00:00\",\"description\":\"Unik marokkansk l\u00e6derpuf i naturligt l\u00e6der| Hos Tibladin finder du et stort udvalg af pufs, s\u00e5 det er let at finde den der passer perfekt til dig.\",\"breadcrumb\":{\"@id\":\"https:\\\/\\\/tibladin.dk\\\/produkt\\\/puf-cognac-med-moenster-35-cm\\\/#breadcrumb\"},\"inLanguage\":\"en-GB\",\"potentialAction\":[{\"@type\":\"ReadAction\",\"target\":[\"https:\\\/\\\/tibladin.dk\\\/produkt\\\/puf-cognac-med-moenster-35-cm\\\/\"]}]},{\"@type\":\"ImageObject\",\"inLanguage\":\"en-GB\",\"@id\":\"https:\\\/\\\/tibladin.dk\\\/produkt\\\/puf-cognac-med-moenster-35-cm\\\/#primaryimage\",\"url\":\"https:\\\/\\\/tibladin.dk\\\/wp-content\\\/uploads\\\/2026\\\/04\\\/Photoroom_20260418_135411.jpg\",\"contentUrl\":\"https:\\\/\\\/tibladin.dk\\\/wp-content\\\/uploads\\\/2026\\\/04\\\/Photoroom_20260418_135411.jpg\",\"width\":800,\"height\":800,\"caption\":\"Minipuf i gedel\u00e6der i cognacfarvet med m\u00f8nster.\"},{\"@type\":\"BreadcrumbList\",\"@id\":\"https:\\\/\\\/tibladin.dk\\\/produkt\\\/puf-cognac-med-moenster-35-cm\\\/#breadcrumb\",\"itemListElement\":[{\"@type\":\"ListItem\",\"position\":1,\"name\":\"Hjem\",\"item\":\"https:\\\/\\\/tibladin.dk\\\/\"},{\"@type\":\"ListItem\",\"position\":2,\"name\":\"Shop\",\"item\":\"https:\\\/\\\/tibladin.dk\\\/shop\\\/\"},{\"@type\":\"ListItem\",\"position\":3,\"name\":\"Puf Cognac med m\u00f8nster &#8211; 35 cm.\"}]},{\"@type\":\"WebSite\",\"@id\":\"https:\\\/\\\/tibladin.dk\\\/#website\",\"url\":\"https:\\\/\\\/tibladin.dk\\\/\",\"name\":\"Tibladin\",\"description\":\"Tibladin\",\"publisher\":{\"@id\":\"https:\\\/\\\/tibladin.dk\\\/#organization\"},\"potentialAction\":[{\"@type\":\"SearchAction\",\"target\":{\"@type\":\"EntryPoint\",\"urlTemplate\":\"https:\\\/\\\/tibladin.dk\\\/?s={search_term_string}\"},\"query-input\":{\"@type\":\"PropertyValueSpecification\",\"valueRequired\":true,\"valueName\":\"search_term_string\"}}],\"inLanguage\":\"en-GB\"},{\"@type\":\"Organization\",\"@id\":\"https:\\\/\\\/tibladin.dk\\\/#organization\",\"name\":\"Tibladin\",\"url\":\"https:\\\/\\\/tibladin.dk\\\/\",\"logo\":{\"@type\":\"ImageObject\",\"inLanguage\":\"en-GB\",\"@id\":\"https:\\\/\\\/tibladin.dk\\\/#\\\/schema\\\/logo\\\/image\\\/\",\"url\":\"https:\\\/\\\/tibladin.dk\\\/wp-content\\\/uploads\\\/2022\\\/09\\\/tibladin_logo.svg\",\"contentUrl\":\"https:\\\/\\\/tibladin.dk\\\/wp-content\\\/uploads\\\/2022\\\/09\\\/tibladin_logo.svg\",\"caption\":\"Tibladin\"},\"image\":{\"@id\":\"https:\\\/\\\/tibladin.dk\\\/#\\\/schema\\\/logo\\\/image\\\/\"}}]}<\/script>\n<!-- \/ Yoast SEO plugin. -->","yoast_head_json":{"title":"Moroccan pouf in cognac color with pattern | large selection","description":"Unique Moroccan leather pouf in natural leather At Tibladin you will find a large selection of poufs, so it is easy to find the one that suits you perfectly.","robots":{"index":"index","follow":"follow","max-snippet":"max-snippet:-1","max-image-preview":"max-image-preview:large","max-video-preview":"max-video-preview:-1"},"canonical":"https:\/\/tibladin.dk\/en\/product-4\/pouf-cognac-with-pattern-35-cm\/","og_locale":"en_GB","og_type":"article","og_title":"Marokkansk puf i cognacfarvet med m\u00f8nster | stort udvalg","og_description":"Unik marokkansk l\u00e6derpuf i naturligt l\u00e6der| Hos Tibladin finder du et stort udvalg af pufs, s\u00e5 det er let at finde den der passer perfekt til dig.","og_url":"https:\/\/tibladin.dk\/en\/product-4\/pouf-cognac-with-pattern-35-cm\/","og_site_name":"Tibladin","article_modified_time":"2026-04-19T05:53:11+00:00","og_image":[{"width":800,"height":800,"url":"https:\/\/tibladin.dk\/wp-content\/uploads\/2026\/04\/Photoroom_20260418_135411.jpg","type":"image\/jpeg"}],"twitter_card":"summary_large_image","twitter_misc":{"Estimated reading time":"2 minutes"},"schema":{"@context":"https:\/\/schema.org","@graph":[{"@type":"WebPage","@id":"https:\/\/tibladin.dk\/produkt\/puf-cognac-med-moenster-35-cm\/","url":"https:\/\/tibladin.dk\/produkt\/puf-cognac-med-moenster-35-cm\/","name":"Moroccan pouf in cognac color with pattern | large selection","isPartOf":{"@id":"https:\/\/tibladin.dk\/#website"},"primaryImageOfPage":{"@id":"https:\/\/tibladin.dk\/produkt\/puf-cognac-med-moenster-35-cm\/#primaryimage"},"image":{"@id":"https:\/\/tibladin.dk\/produkt\/puf-cognac-med-moenster-35-cm\/#primaryimage"},"thumbnailUrl":"https:\/\/tibladin.dk\/wp-content\/uploads\/2026\/04\/Photoroom_20260418_135411.jpg","datePublished":"2026-04-18T12:07:47+00:00","dateModified":"2026-04-19T05:53:11+00:00","description":"Unique Moroccan leather pouf in natural leather At Tibladin you will find a large selection of poufs, so it is easy to find the one that suits you perfectly.","breadcrumb":{"@id":"https:\/\/tibladin.dk\/produkt\/puf-cognac-med-moenster-35-cm\/#breadcrumb"},"inLanguage":"en-GB","potentialAction":[{"@type":"ReadAction","target":["https:\/\/tibladin.dk\/produkt\/puf-cognac-med-moenster-35-cm\/"]}]},{"@type":"ImageObject","inLanguage":"en-GB","@id":"https:\/\/tibladin.dk\/produkt\/puf-cognac-med-moenster-35-cm\/#primaryimage","url":"https:\/\/tibladin.dk\/wp-content\/uploads\/2026\/04\/Photoroom_20260418_135411.jpg","contentUrl":"https:\/\/tibladin.dk\/wp-content\/uploads\/2026\/04\/Photoroom_20260418_135411.jpg","width":800,"height":800,"caption":"Minipuf i gedel\u00e6der i cognacfarvet med m\u00f8nster."},{"@type":"BreadcrumbList","@id":"https:\/\/tibladin.dk\/produkt\/puf-cognac-med-moenster-35-cm\/#breadcrumb","itemListElement":[{"@type":"ListItem","position":1,"name":"Hjem","item":"https:\/\/tibladin.dk\/"},{"@type":"ListItem","position":2,"name":"Shop","item":"https:\/\/tibladin.dk\/shop\/"},{"@type":"ListItem","position":3,"name":"Puf Cognac med m\u00f8nster &#8211; 35 cm."}]},{"@type":"WebSite","@id":"https:\/\/tibladin.dk\/#website","url":"https:\/\/tibladin.dk\/","name":"Tibladin","description":"Tibladin","publisher":{"@id":"https:\/\/tibladin.dk\/#organization"},"potentialAction":[{"@type":"SearchAction","target":{"@type":"EntryPoint","urlTemplate":"https:\/\/tibladin.dk\/?s={search_term_string}"},"query-input":{"@type":"PropertyValueSpecification","valueRequired":true,"valueName":"search_term_string"}}],"inLanguage":"en-GB"},{"@type":"Organization","@id":"https:\/\/tibladin.dk\/#organization","name":"Tibladin","url":"https:\/\/tibladin.dk\/","logo":{"@type":"ImageObject","inLanguage":"en-GB","@id":"https:\/\/tibladin.dk\/#\/schema\/logo\/image\/","url":"https:\/\/tibladin.dk\/wp-content\/uploads\/2022\/09\/tibladin_logo.svg","contentUrl":"https:\/\/tibladin.dk\/wp-content\/uploads\/2022\/09\/tibladin_logo.svg","caption":"Tibladin"},"image":{"@id":"https:\/\/tibladin.dk\/#\/schema\/logo\/image\/"}}]}},"_links":{"self":[{"href":"https:\/\/tibladin.dk\/en\/wp-json\/wp\/v2\/product\/44071","targetHints":{"allow":["GET"]}}],"collection":[{"href":"https:\/\/tibladin.dk\/en\/wp-json\/wp\/v2\/product"}],"about":[{"href":"https:\/\/tibladin.dk\/en\/wp-json\/wp\/v2\/types\/product"}],"wp:featuredmedia":[{"embeddable":true,"href":"https:\/\/tibladin.dk\/en\/wp-json\/wp\/v2\/media\/44059"}],"wp:attachment":[{"href":"https:\/\/tibladin.dk\/en\/wp-json\/wp\/v2\/media?parent=44071"}],"wp:term":[{"taxonomy":"product_brand","embeddable":true,"href":"https:\/\/tibladin.dk\/en\/wp-json\/wp\/v2\/product_brand?post=44071"},{"taxonomy":"product_cat","embeddable":true,"href":"https:\/\/tibladin.dk\/en\/wp-json\/wp\/v2\/product_cat?post=44071"},{"taxonomy":"product_tag","embeddable":true,"href":"https:\/\/tibladin.dk\/en\/wp-json\/wp\/v2\/product_tag?post=44071"}],"curies":[{"name":"wp","href":"https:\/\/api.w.org\/{rel}","templated":true}]}}