{"id":4459,"date":"2022-10-27T10:39:14","date_gmt":"2022-10-27T08:39:14","guid":{"rendered":"https:\/\/tibladin.dk\/?post_type=product&#038;p=4459"},"modified":"2024-12-23T16:37:23","modified_gmt":"2024-12-23T15:37:23","slug":"moroccan-poster-the-legend-240","status":"publish","type":"product","link":"https:\/\/tibladin.dk\/en\/produkt\/marokkansk-plakat-the-legend-240\/","title":{"rendered":"Moroccan poster THE LEGEND 240"},"content":{"rendered":"<div class=\"wpb-content-wrapper\"><div class=\"vc_row wpb_row vc_row-fluid\"><div class=\"wpb_column vc_column_container vc_col-sm-4\"><div class=\"vc_column-inner\"><div class=\"wpb_wrapper\"><\/div><\/div><\/div><div class=\"wpb_column vc_column_container vc_col-sm-4\"><div class=\"vc_column-inner\"><div class=\"wpb_wrapper\"><h3 style=\"text-align: left\" class=\"vc_custom_heading vc_do_custom_heading\" >Frame<\/h3>\n\t<div class=\"wpb_text_column wpb_content_element\" >\n\t\t<div class=\"wpb_wrapper\">\n\t\t\t<p>Possibility of additional purchase of colored and natural colored frames.<\/p>\n\n\t\t<\/div>\n\t<\/div>\n<\/div><\/div><\/div><div class=\"wpb_column vc_column_container vc_col-sm-4\"><div class=\"vc_column-inner\"><div class=\"wpb_wrapper\"><h3 style=\"text-align: left\" class=\"vc_custom_heading vc_do_custom_heading\" >This is how I decorate my walls<\/h3>\n\t<div class=\"wpb_text_column wpb_content_element\" >\n\t\t<div class=\"wpb_wrapper\">\n\t\t\t<p><span class=\"JsGRdQ\">Should your walls bubble over like a champagne glass of romance, radiate exclusivity, create a warm<\/span><span class=\"JsGRdQ\">\u00a0<\/span><span class=\"JsGRdQ\">bohemian vibe or something completely different? It can be achieved with small changes and some simple choices. Use posters by local Moroccan artists to give your interior a personal and unique look.<\/span><\/p>\n\n\t\t<\/div>\n\t<\/div>\n<\/div><\/div><\/div><\/div>\n<\/div>","protected":false},"excerpt":{"rendered":"<h3>The Legend 240 by Guillaume Mouni\u00e9<\/h3>\n<div>Moroccan poster from 100% recycled paper. The posters are of high quality and come in a careful and protective triangular box.<\/div>\n<div><\/div>\n<div>\n<div>Each region has its own color of taxis. Guillaume Mouni\u00e9 highlights the characteristic turquoise blue color of the Mohammedia region, which is a region in western Morocco that lies between the two cities of Casablanca and Rabat. In the city there are a lot of delicious beaches. The artist invites us to take him on a tour of Mohammedia in the legendary vintage Mercedes Benz 240, which was the brand new top class Mercedes back then in the early 70&#039;s.<\/div>\n<div>\n<h3><strong>Framework<\/strong><\/h3>\n<div>It is possible to purchase a frame in the exact color you want. By choosing a colored frame that matches the colors of the poster, the beauty of the poster is highlighted. Our frames add color and complete the whole look. It really is the icing on the cake. The frames are available in 30\u00d740 and 50\u00d770 respectively. The frames are shipped separately from your order as they are shipped from remote storage. The frames come with plexiglass, but if you prefer regular glass, just write it in the comments field.<\/div>\n<\/div>\n<h3>About the artist<\/h3>\n<p dir=\"ltr\">Guillaume Mouni\u00e9 creates beautiful posters of Morocco that have a modern expression. He dives into the smallest details in the picture and spends a lot of time playing with the colors. He makes many posters showing a map of Moroccan cities. In addition, he has a love for vintage cars and other vehicles, which he also draws.<\/p>\n<\/div>","protected":false},"featured_media":5259,"template":"","meta":{"inline_featured_image":false},"product_brand":[],"product_cat":[111,133,114,56],"product_tag":[],"class_list":{"0":"post-4459","1":"product","2":"type-product","3":"status-publish","4":"has-post-thumbnail","6":"product_cat-plakater","7":"product_cat-plakater30x40","8":"product_cat-plakater-50x70","9":"product_cat-vaegdekoration","11":"first","12":"instock","13":"taxable","14":"shipping-taxable","15":"purchasable","16":"product-type-variable"},"exclude_global_add_ons":false,"addons":[{"name":"Do you want gift wrapping?","type":"checkbox","position":0,"required":false,"title_format":"label","default":"","description_enable":false,"description":"","placeholder_enable":false,"placeholder":"","display":"images","restrictions_type":"any_text","adjust_price":false,"price":"","price_type":"flat_fee","restrictions":false,"min":"0","max":"0","options":[{"label":"Ja tak","price":"10","price_type":"flat_fee","image":11015,"visibility":true}],"id":1669646111},{"name":"Purchase a frame for your poster","type":"multiple_choice","position":0,"required":false,"title_format":"label","default":"","description_enable":true,"description":"The frames are delivered with plexiglass. If you prefer regular glass, simply write it in the comments field. The colored frames are delivered separately as they are sent from a remote warehouse.","placeholder_enable":false,"placeholder":"","display":"images","restrictions_type":"any_text","adjust_price":false,"price":"","price_type":"flat_fee","restrictions":false,"min":"0","max":"0","options":[{"label":"GUL 30x40","price":"199","price_type":"flat_fee","image":7321,"visibility":true},{"label":"GUL 50x70","price":"299","price_type":"flat_fee","image":7322,"visibility":true},{"label":"LYSEBL\u00c5 30x40","price":"199","price_type":"flat_fee","image":7325,"visibility":true},{"label":"LYSEBL\u00c5 50x70","price":"299","price_type":"flat_fee","image":7336,"visibility":true},{"label":"KOBOLTBL\u00c5 30x40","price":"199","price_type":"flat_fee","image":7323,"visibility":true},{"label":"KOBOLTBL\u00c5 50x70","price":"299","price_type":"flat_fee","image":7324,"visibility":true},{"label":"M\u00d8RKEBL\u00c5 30x40","price":"199","price_type":"flat_fee","image":7329,"visibility":true},{"label":"M\u00d8RKEBL\u00c5 50x70","price":"299","price_type":"flat_fee","image":7330,"visibility":true},{"label":"ROSA 30x40","price":"199","price_type":"flat_fee","image":7327,"visibility":true},{"label":"ROSA 50x70","price":"299","price_type":"flat_fee","image":7328,"visibility":true},{"label":"ORANGE 30x40","price":"199","price_type":"flat_fee","image":7333,"visibility":true},{"label":"ORANGE 50x70","price":"299","price_type":"flat_fee","image":7334,"visibility":true},{"label":"SORT 30x40","price":"199","price_type":"flat_fee","image":7319,"visibility":true},{"label":"SORT 50x70","price":"299","price_type":"flat_fee","image":7320,"visibility":true},{"label":"NATUR 30x40","price":"70","price_type":"flat_fee","image":7331,"visibility":true},{"label":"NATUR 50x70","price":"149","price_type":"flat_fee","image":7332,"visibility":true}],"id":1683372015}],"yoast_head":"<!-- This site is optimized with the Yoast SEO plugin v27.5 - https:\/\/yoast.com\/product\/yoast-seo-wordpress\/ -->\n<title>Marokkansk plakat THE LEGEND 240 af Guillaume Mouni\u00e9<\/title>\n<meta name=\"description\" content=\"Plakat THE LEGEND 240 af Guillaume Mouni\u00e9. Flot plakat i turkis bl\u00e5 farve med den klassiske Mercedes Benz 240 p\u00e5. Stort udvalg af plakater\" \/>\n<meta name=\"robots\" content=\"index, follow, max-snippet:-1, max-image-preview:large, max-video-preview:-1\" \/>\n<link rel=\"canonical\" href=\"https:\/\/tibladin.dk\/en\/product-4\/moroccan-poster-the-legend-240\/\" \/>\n<meta property=\"og:locale\" content=\"en_GB\" \/>\n<meta property=\"og:type\" content=\"article\" \/>\n<meta property=\"og:title\" content=\"Marokkansk plakat THE LEGEND 240 af Guillaume Mouni\u00e9\" \/>\n<meta property=\"og:description\" content=\"Plakat THE LEGEND 240 af Guillaume Mouni\u00e9. Flot plakat i turkis bl\u00e5 farve med den klassiske Mercedes Benz 240 p\u00e5. Stort udvalg af plakater\" \/>\n<meta property=\"og:url\" content=\"https:\/\/tibladin.dk\/en\/product-4\/moroccan-poster-the-legend-240\/\" \/>\n<meta property=\"og:site_name\" content=\"Tibladin\" \/>\n<meta property=\"article:modified_time\" content=\"2024-12-23T15:37:23+00:00\" \/>\n<meta property=\"og:image\" content=\"https:\/\/tibladin.dk\/wp-content\/uploads\/2022\/10\/Thelegend.jpg\" \/>\n\t<meta property=\"og:image:width\" content=\"800\" \/>\n\t<meta property=\"og:image:height\" content=\"800\" \/>\n\t<meta property=\"og:image:type\" content=\"image\/jpeg\" \/>\n<meta name=\"twitter:card\" content=\"summary_large_image\" \/>\n<meta name=\"twitter:label1\" content=\"Estimated reading time\" \/>\n\t<meta name=\"twitter:data1\" content=\"1 minute\" \/>\n<script type=\"application\/ld+json\" class=\"yoast-schema-graph\">{\"@context\":\"https:\\\/\\\/schema.org\",\"@graph\":[{\"@type\":\"WebPage\",\"@id\":\"https:\\\/\\\/tibladin.dk\\\/produkt\\\/marokkansk-plakat-the-legend-240\\\/\",\"url\":\"https:\\\/\\\/tibladin.dk\\\/produkt\\\/marokkansk-plakat-the-legend-240\\\/\",\"name\":\"Marokkansk plakat THE LEGEND 240 af Guillaume Mouni\u00e9\",\"isPartOf\":{\"@id\":\"https:\\\/\\\/tibladin.dk\\\/#website\"},\"primaryImageOfPage\":{\"@id\":\"https:\\\/\\\/tibladin.dk\\\/produkt\\\/marokkansk-plakat-the-legend-240\\\/#primaryimage\"},\"image\":{\"@id\":\"https:\\\/\\\/tibladin.dk\\\/produkt\\\/marokkansk-plakat-the-legend-240\\\/#primaryimage\"},\"thumbnailUrl\":\"https:\\\/\\\/tibladin.dk\\\/wp-content\\\/uploads\\\/2022\\\/10\\\/Thelegend.jpg\",\"datePublished\":\"2022-10-27T08:39:14+00:00\",\"dateModified\":\"2024-12-23T15:37:23+00:00\",\"description\":\"Plakat THE LEGEND 240 af Guillaume Mouni\u00e9. Flot plakat i turkis bl\u00e5 farve med den klassiske Mercedes Benz 240 p\u00e5. Stort udvalg af plakater\",\"breadcrumb\":{\"@id\":\"https:\\\/\\\/tibladin.dk\\\/produkt\\\/marokkansk-plakat-the-legend-240\\\/#breadcrumb\"},\"inLanguage\":\"en-GB\",\"potentialAction\":[{\"@type\":\"ReadAction\",\"target\":[\"https:\\\/\\\/tibladin.dk\\\/produkt\\\/marokkansk-plakat-the-legend-240\\\/\"]}]},{\"@type\":\"ImageObject\",\"inLanguage\":\"en-GB\",\"@id\":\"https:\\\/\\\/tibladin.dk\\\/produkt\\\/marokkansk-plakat-the-legend-240\\\/#primaryimage\",\"url\":\"https:\\\/\\\/tibladin.dk\\\/wp-content\\\/uploads\\\/2022\\\/10\\\/Thelegend.jpg\",\"contentUrl\":\"https:\\\/\\\/tibladin.dk\\\/wp-content\\\/uploads\\\/2022\\\/10\\\/Thelegend.jpg\",\"width\":800,\"height\":800,\"caption\":\"Plakat the legend\"},{\"@type\":\"BreadcrumbList\",\"@id\":\"https:\\\/\\\/tibladin.dk\\\/produkt\\\/marokkansk-plakat-the-legend-240\\\/#breadcrumb\",\"itemListElement\":[{\"@type\":\"ListItem\",\"position\":1,\"name\":\"Hjem\",\"item\":\"https:\\\/\\\/tibladin.dk\\\/\"},{\"@type\":\"ListItem\",\"position\":2,\"name\":\"Shop\",\"item\":\"https:\\\/\\\/tibladin.dk\\\/shop\\\/\"},{\"@type\":\"ListItem\",\"position\":3,\"name\":\"Marokkansk plakat THE LEGEND 240\"}]},{\"@type\":\"WebSite\",\"@id\":\"https:\\\/\\\/tibladin.dk\\\/#website\",\"url\":\"https:\\\/\\\/tibladin.dk\\\/\",\"name\":\"Tibladin\",\"description\":\"Tibladin\",\"publisher\":{\"@id\":\"https:\\\/\\\/tibladin.dk\\\/#organization\"},\"potentialAction\":[{\"@type\":\"SearchAction\",\"target\":{\"@type\":\"EntryPoint\",\"urlTemplate\":\"https:\\\/\\\/tibladin.dk\\\/?s={search_term_string}\"},\"query-input\":{\"@type\":\"PropertyValueSpecification\",\"valueRequired\":true,\"valueName\":\"search_term_string\"}}],\"inLanguage\":\"en-GB\"},{\"@type\":\"Organization\",\"@id\":\"https:\\\/\\\/tibladin.dk\\\/#organization\",\"name\":\"Tibladin\",\"url\":\"https:\\\/\\\/tibladin.dk\\\/\",\"logo\":{\"@type\":\"ImageObject\",\"inLanguage\":\"en-GB\",\"@id\":\"https:\\\/\\\/tibladin.dk\\\/#\\\/schema\\\/logo\\\/image\\\/\",\"url\":\"https:\\\/\\\/tibladin.dk\\\/wp-content\\\/uploads\\\/2022\\\/09\\\/tibladin_logo.svg\",\"contentUrl\":\"https:\\\/\\\/tibladin.dk\\\/wp-content\\\/uploads\\\/2022\\\/09\\\/tibladin_logo.svg\",\"caption\":\"Tibladin\"},\"image\":{\"@id\":\"https:\\\/\\\/tibladin.dk\\\/#\\\/schema\\\/logo\\\/image\\\/\"}}]}<\/script>\n<!-- \/ Yoast SEO plugin. -->","yoast_head_json":{"title":"Moroccan poster THE LEGEND 240 by Guillaume Mouni\u00e9","description":"Poster THE LEGEND 240 by Guillaume Mouni\u00e9. Beautiful poster in turquoise blue with the classic Mercedes Benz 240 on it. Large selection of posters","robots":{"index":"index","follow":"follow","max-snippet":"max-snippet:-1","max-image-preview":"max-image-preview:large","max-video-preview":"max-video-preview:-1"},"canonical":"https:\/\/tibladin.dk\/en\/product-4\/moroccan-poster-the-legend-240\/","og_locale":"en_GB","og_type":"article","og_title":"Marokkansk plakat THE LEGEND 240 af Guillaume Mouni\u00e9","og_description":"Plakat THE LEGEND 240 af Guillaume Mouni\u00e9. Flot plakat i turkis bl\u00e5 farve med den klassiske Mercedes Benz 240 p\u00e5. Stort udvalg af plakater","og_url":"https:\/\/tibladin.dk\/en\/product-4\/moroccan-poster-the-legend-240\/","og_site_name":"Tibladin","article_modified_time":"2024-12-23T15:37:23+00:00","og_image":[{"width":800,"height":800,"url":"https:\/\/tibladin.dk\/wp-content\/uploads\/2022\/10\/Thelegend.jpg","type":"image\/jpeg"}],"twitter_card":"summary_large_image","twitter_misc":{"Estimated reading time":"1 minute"},"schema":{"@context":"https:\/\/schema.org","@graph":[{"@type":"WebPage","@id":"https:\/\/tibladin.dk\/produkt\/marokkansk-plakat-the-legend-240\/","url":"https:\/\/tibladin.dk\/produkt\/marokkansk-plakat-the-legend-240\/","name":"Moroccan poster THE LEGEND 240 by Guillaume Mouni\u00e9","isPartOf":{"@id":"https:\/\/tibladin.dk\/#website"},"primaryImageOfPage":{"@id":"https:\/\/tibladin.dk\/produkt\/marokkansk-plakat-the-legend-240\/#primaryimage"},"image":{"@id":"https:\/\/tibladin.dk\/produkt\/marokkansk-plakat-the-legend-240\/#primaryimage"},"thumbnailUrl":"https:\/\/tibladin.dk\/wp-content\/uploads\/2022\/10\/Thelegend.jpg","datePublished":"2022-10-27T08:39:14+00:00","dateModified":"2024-12-23T15:37:23+00:00","description":"Poster THE LEGEND 240 by Guillaume Mouni\u00e9. Beautiful poster in turquoise blue with the classic Mercedes Benz 240 on it. Large selection of posters","breadcrumb":{"@id":"https:\/\/tibladin.dk\/produkt\/marokkansk-plakat-the-legend-240\/#breadcrumb"},"inLanguage":"en-GB","potentialAction":[{"@type":"ReadAction","target":["https:\/\/tibladin.dk\/produkt\/marokkansk-plakat-the-legend-240\/"]}]},{"@type":"ImageObject","inLanguage":"en-GB","@id":"https:\/\/tibladin.dk\/produkt\/marokkansk-plakat-the-legend-240\/#primaryimage","url":"https:\/\/tibladin.dk\/wp-content\/uploads\/2022\/10\/Thelegend.jpg","contentUrl":"https:\/\/tibladin.dk\/wp-content\/uploads\/2022\/10\/Thelegend.jpg","width":800,"height":800,"caption":"Plakat the legend"},{"@type":"BreadcrumbList","@id":"https:\/\/tibladin.dk\/produkt\/marokkansk-plakat-the-legend-240\/#breadcrumb","itemListElement":[{"@type":"ListItem","position":1,"name":"Hjem","item":"https:\/\/tibladin.dk\/"},{"@type":"ListItem","position":2,"name":"Shop","item":"https:\/\/tibladin.dk\/shop\/"},{"@type":"ListItem","position":3,"name":"Marokkansk plakat THE LEGEND 240"}]},{"@type":"WebSite","@id":"https:\/\/tibladin.dk\/#website","url":"https:\/\/tibladin.dk\/","name":"Tibladin","description":"Tibladin","publisher":{"@id":"https:\/\/tibladin.dk\/#organization"},"potentialAction":[{"@type":"SearchAction","target":{"@type":"EntryPoint","urlTemplate":"https:\/\/tibladin.dk\/?s={search_term_string}"},"query-input":{"@type":"PropertyValueSpecification","valueRequired":true,"valueName":"search_term_string"}}],"inLanguage":"en-GB"},{"@type":"Organization","@id":"https:\/\/tibladin.dk\/#organization","name":"Tibladin","url":"https:\/\/tibladin.dk\/","logo":{"@type":"ImageObject","inLanguage":"en-GB","@id":"https:\/\/tibladin.dk\/#\/schema\/logo\/image\/","url":"https:\/\/tibladin.dk\/wp-content\/uploads\/2022\/09\/tibladin_logo.svg","contentUrl":"https:\/\/tibladin.dk\/wp-content\/uploads\/2022\/09\/tibladin_logo.svg","caption":"Tibladin"},"image":{"@id":"https:\/\/tibladin.dk\/#\/schema\/logo\/image\/"}}]}},"_links":{"self":[{"href":"https:\/\/tibladin.dk\/en\/wp-json\/wp\/v2\/product\/4459","targetHints":{"allow":["GET"]}}],"collection":[{"href":"https:\/\/tibladin.dk\/en\/wp-json\/wp\/v2\/product"}],"about":[{"href":"https:\/\/tibladin.dk\/en\/wp-json\/wp\/v2\/types\/product"}],"wp:featuredmedia":[{"embeddable":true,"href":"https:\/\/tibladin.dk\/en\/wp-json\/wp\/v2\/media\/5259"}],"wp:attachment":[{"href":"https:\/\/tibladin.dk\/en\/wp-json\/wp\/v2\/media?parent=4459"}],"wp:term":[{"taxonomy":"product_brand","embeddable":true,"href":"https:\/\/tibladin.dk\/en\/wp-json\/wp\/v2\/product_brand?post=4459"},{"taxonomy":"product_cat","embeddable":true,"href":"https:\/\/tibladin.dk\/en\/wp-json\/wp\/v2\/product_cat?post=4459"},{"taxonomy":"product_tag","embeddable":true,"href":"https:\/\/tibladin.dk\/en\/wp-json\/wp\/v2\/product_tag?post=4459"}],"curies":[{"name":"wp","href":"https:\/\/api.w.org\/{rel}","templated":true}]}}