{"id":4647,"date":"2022-10-31T10:41:34","date_gmt":"2022-10-31T09:41:34","guid":{"rendered":"https:\/\/tibladin.dk\/?post_type=product&#038;p=4647"},"modified":"2025-09-25T11:20:30","modified_gmt":"2025-09-25T09:20:30","slug":"slippers-boern-splash-dore","status":"publish","type":"product","link":"https:\/\/tibladin.dk\/en\/produkt\/slippers-boern-splash-dore\/","title":{"rendered":"Children&#039;s slippers - splash dor\u00e9"},"content":{"rendered":"<div class=\"wpb-content-wrapper\"><p>island<div class=\"vc_row wpb_row vc_row-fluid\"><div class=\"wpb_column vc_column_container vc_col-sm-4\"><div class=\"vc_column-inner\"><div class=\"wpb_wrapper\"><\/div><\/div><\/div><div class=\"wpb_column vc_column_container vc_col-sm-4\"><div class=\"vc_column-inner\"><div class=\"wpb_wrapper\"><h3 style=\"text-align: left\" class=\"vc_custom_heading vc_do_custom_heading\" >Size guide slippers <\/h3>\n\t<div class=\"wpb_text_column wpb_content_element\" >\n\t\t<div class=\"wpb_wrapper\">\n\t\t\t<p>Size guide children - approx. Goal:<\/p>\n<p>27: 17.3 cm.<\/p>\n<p>28: 18 cm.<\/p>\n<p>29: 18.5 cm.<\/p>\n<p>30: 19.2 cm.<\/p>\n<p>31: 20 cm.<\/p>\n<p>32: 20.7 cm.<\/p>\n<p>33: 21.5 cm.<\/p>\n<p>34: 22.2 cm.<\/p>\n\n\t\t<\/div>\n\t<\/div>\n<\/div><\/div><\/div><div class=\"wpb_column vc_column_container vc_col-sm-4\"><div class=\"vc_column-inner\"><div class=\"wpb_wrapper\"><h3 style=\"text-align: left\" class=\"vc_custom_heading vc_do_custom_heading\" >The story behind<\/h3>\n\t<div class=\"wpb_text_column wpb_content_element\" >\n\t\t<div class=\"wpb_wrapper\">\n\t\t\t<p><i>Babouches\u00a0<\/i>are classic Moroccan slippers.<\/p>\n<p>They are handmade in the traditional way in Morocco. All in goat leather, so they feel silky smooth on your feet. With their many different colors and patterns, they can be included in most outfits and add a delicious touch of bohemian to a Scandinavian look. In Morocco, they are used outside as well as inside, and just wait, as soon as you get these nice slippers on your feet, you won&#039;t want to wear anything else.<\/p>\n<p><strong>Why choose slippers from Tibladin?<\/strong><\/p>\n<ul>\n<li>You almost don&#039;t feel that you have anything on your foot; they feel nice and light<\/li>\n<li>Perfect to take with you when you go to visit friends and family<\/li>\n<li>Weighs and takes up nothing when you need to take them on holiday<\/li>\n<li>Keeps your feet at a comfortable temperature, not too hot, not too cold<\/li>\n<li>Soft and flexible and fits the vast majority of feet<\/li>\n<li>Many colors and styles to choose from<\/li>\n<li>Handmade from 100 % skins<\/li>\n<li>With your purchase, you support the small artisans in Morocco<\/li>\n<\/ul>\n\n\t\t<\/div>\n\t<\/div>\n<\/div><\/div><\/div><\/div>\n<\/div>","protected":false},"excerpt":{"rendered":"<ul>\n<li>Moroccan leather slippers for children in a beautiful creamy gray color with gold SPLASH pattern. The base and sole are also gold-coloured.<\/li>\n<li>The slippers are easy to step into, sit well on the feet and are very comfortable to walk in.<\/li>\n<\/ul>","protected":false},"featured_media":5033,"template":"","meta":{"inline_featured_image":false},"product_brand":[],"product_cat":[79,135],"product_tag":[],"class_list":{"0":"post-4647","1":"product","2":"type-product","3":"status-publish","4":"has-post-thumbnail","6":"product_cat-slippers","7":"product_cat-slippers-boern","9":"first","10":"instock","11":"taxable","12":"shipping-taxable","13":"purchasable","14":"product-type-variable"},"exclude_global_add_ons":false,"addons":[{"name":"Do you want gift wrapping?","type":"checkbox","position":0,"required":false,"title_format":"label","default":"","description_enable":false,"description":"","placeholder_enable":false,"placeholder":"","display":"images","restrictions_type":"any_text","adjust_price":false,"price":"","price_type":"flat_fee","restrictions":false,"min":"0","max":"0","options":[{"label":"Ja tak","price":"10","price_type":"flat_fee","image":11015,"visibility":true}],"id":1669646111}],"yoast_head":"<!-- This site is optimized with the Yoast SEO plugin v27.6 - https:\/\/yoast.com\/product\/yoast-seo-wordpress\/ -->\n<title>Slippers b\u00f8rn | Marokkanske sko | hos Tibladin<\/title>\n<meta name=\"description\" content=\"Marokkanske slippers til b\u00f8rn i en smuk cremet gr\u00e5 farve med guldfarvet SPLASH. Stort udvalg af marokkanske slippers i forskellige farver og m\u00f8nstre\" \/>\n<meta name=\"robots\" content=\"index, follow, max-snippet:-1, max-image-preview:large, max-video-preview:-1\" \/>\n<link rel=\"canonical\" href=\"https:\/\/tibladin.dk\/en\/product-4\/slippers-boern-splash-dore\/\" \/>\n<meta property=\"og:locale\" content=\"en_GB\" \/>\n<meta property=\"og:type\" content=\"article\" \/>\n<meta property=\"og:title\" content=\"Slippers b\u00f8rn | Marokkanske sko | hos Tibladin\" \/>\n<meta property=\"og:description\" content=\"Marokkanske slippers til b\u00f8rn i en smuk cremet gr\u00e5 farve med guldfarvet SPLASH. Stort udvalg af marokkanske slippers i forskellige farver og m\u00f8nstre\" \/>\n<meta property=\"og:url\" content=\"https:\/\/tibladin.dk\/en\/product-4\/slippers-boern-splash-dore\/\" \/>\n<meta property=\"og:site_name\" content=\"Tibladin\" \/>\n<meta property=\"article:modified_time\" content=\"2025-09-25T09:20:30+00:00\" \/>\n<meta property=\"og:image\" content=\"https:\/\/tibladin.dk\/wp-content\/uploads\/2022\/10\/Splash-dore_boern-3.jpg\" \/>\n\t<meta property=\"og:image:width\" content=\"800\" \/>\n\t<meta property=\"og:image:height\" content=\"800\" \/>\n\t<meta property=\"og:image:type\" content=\"image\/jpeg\" \/>\n<meta name=\"twitter:card\" content=\"summary_large_image\" \/>\n<meta name=\"twitter:label1\" content=\"Estimated reading time\" \/>\n\t<meta name=\"twitter:data1\" content=\"2 minutes\" \/>\n<script type=\"application\/ld+json\" class=\"yoast-schema-graph\">{\"@context\":\"https:\\\/\\\/schema.org\",\"@graph\":[{\"@type\":\"WebPage\",\"@id\":\"https:\\\/\\\/tibladin.dk\\\/produkt\\\/slippers-boern-splash-dore\\\/\",\"url\":\"https:\\\/\\\/tibladin.dk\\\/produkt\\\/slippers-boern-splash-dore\\\/\",\"name\":\"Slippers b\u00f8rn | Marokkanske sko | hos Tibladin\",\"isPartOf\":{\"@id\":\"https:\\\/\\\/tibladin.dk\\\/#website\"},\"primaryImageOfPage\":{\"@id\":\"https:\\\/\\\/tibladin.dk\\\/produkt\\\/slippers-boern-splash-dore\\\/#primaryimage\"},\"image\":{\"@id\":\"https:\\\/\\\/tibladin.dk\\\/produkt\\\/slippers-boern-splash-dore\\\/#primaryimage\"},\"thumbnailUrl\":\"https:\\\/\\\/tibladin.dk\\\/wp-content\\\/uploads\\\/2022\\\/10\\\/Splash-dore_boern-3.jpg\",\"datePublished\":\"2022-10-31T09:41:34+00:00\",\"dateModified\":\"2025-09-25T09:20:30+00:00\",\"description\":\"Marokkanske slippers til b\u00f8rn i en smuk cremet gr\u00e5 farve med guldfarvet SPLASH. Stort udvalg af marokkanske slippers i forskellige farver og m\u00f8nstre\",\"breadcrumb\":{\"@id\":\"https:\\\/\\\/tibladin.dk\\\/produkt\\\/slippers-boern-splash-dore\\\/#breadcrumb\"},\"inLanguage\":\"en-GB\",\"potentialAction\":[{\"@type\":\"ReadAction\",\"target\":[\"https:\\\/\\\/tibladin.dk\\\/produkt\\\/slippers-boern-splash-dore\\\/\"]}]},{\"@type\":\"ImageObject\",\"inLanguage\":\"en-GB\",\"@id\":\"https:\\\/\\\/tibladin.dk\\\/produkt\\\/slippers-boern-splash-dore\\\/#primaryimage\",\"url\":\"https:\\\/\\\/tibladin.dk\\\/wp-content\\\/uploads\\\/2022\\\/10\\\/Splash-dore_boern-3.jpg\",\"contentUrl\":\"https:\\\/\\\/tibladin.dk\\\/wp-content\\\/uploads\\\/2022\\\/10\\\/Splash-dore_boern-3.jpg\",\"width\":800,\"height\":800,\"caption\":\"B\u00f8rne slippers i skind - lys gr\u00e5\\\/beide med guld splash\"},{\"@type\":\"BreadcrumbList\",\"@id\":\"https:\\\/\\\/tibladin.dk\\\/produkt\\\/slippers-boern-splash-dore\\\/#breadcrumb\",\"itemListElement\":[{\"@type\":\"ListItem\",\"position\":1,\"name\":\"Hjem\",\"item\":\"https:\\\/\\\/tibladin.dk\\\/\"},{\"@type\":\"ListItem\",\"position\":2,\"name\":\"Shop\",\"item\":\"https:\\\/\\\/tibladin.dk\\\/shop\\\/\"},{\"@type\":\"ListItem\",\"position\":3,\"name\":\"Slippers b\u00f8rn &#8211; splash dor\u00e9\"}]},{\"@type\":\"WebSite\",\"@id\":\"https:\\\/\\\/tibladin.dk\\\/#website\",\"url\":\"https:\\\/\\\/tibladin.dk\\\/\",\"name\":\"Tibladin\",\"description\":\"Tibladin\",\"publisher\":{\"@id\":\"https:\\\/\\\/tibladin.dk\\\/#organization\"},\"potentialAction\":[{\"@type\":\"SearchAction\",\"target\":{\"@type\":\"EntryPoint\",\"urlTemplate\":\"https:\\\/\\\/tibladin.dk\\\/?s={search_term_string}\"},\"query-input\":{\"@type\":\"PropertyValueSpecification\",\"valueRequired\":true,\"valueName\":\"search_term_string\"}}],\"inLanguage\":\"en-GB\"},{\"@type\":\"Organization\",\"@id\":\"https:\\\/\\\/tibladin.dk\\\/#organization\",\"name\":\"Tibladin\",\"url\":\"https:\\\/\\\/tibladin.dk\\\/\",\"logo\":{\"@type\":\"ImageObject\",\"inLanguage\":\"en-GB\",\"@id\":\"https:\\\/\\\/tibladin.dk\\\/#\\\/schema\\\/logo\\\/image\\\/\",\"url\":\"https:\\\/\\\/tibladin.dk\\\/wp-content\\\/uploads\\\/2022\\\/09\\\/tibladin_logo.svg\",\"contentUrl\":\"https:\\\/\\\/tibladin.dk\\\/wp-content\\\/uploads\\\/2022\\\/09\\\/tibladin_logo.svg\",\"caption\":\"Tibladin\"},\"image\":{\"@id\":\"https:\\\/\\\/tibladin.dk\\\/#\\\/schema\\\/logo\\\/image\\\/\"}}]}<\/script>\n<!-- \/ Yoast SEO plugin. -->","yoast_head_json":{"title":"Slippers children | Moroccan shoes | at Tibladin","description":"Moroccan slippers for children in a beautiful creamy gray color with gold colored SPLASH. Large selection of Moroccan slippers in different colors and patterns","robots":{"index":"index","follow":"follow","max-snippet":"max-snippet:-1","max-image-preview":"max-image-preview:large","max-video-preview":"max-video-preview:-1"},"canonical":"https:\/\/tibladin.dk\/en\/product-4\/slippers-boern-splash-dore\/","og_locale":"en_GB","og_type":"article","og_title":"Slippers b\u00f8rn | Marokkanske sko | hos Tibladin","og_description":"Marokkanske slippers til b\u00f8rn i en smuk cremet gr\u00e5 farve med guldfarvet SPLASH. Stort udvalg af marokkanske slippers i forskellige farver og m\u00f8nstre","og_url":"https:\/\/tibladin.dk\/en\/product-4\/slippers-boern-splash-dore\/","og_site_name":"Tibladin","article_modified_time":"2025-09-25T09:20:30+00:00","og_image":[{"width":800,"height":800,"url":"https:\/\/tibladin.dk\/wp-content\/uploads\/2022\/10\/Splash-dore_boern-3.jpg","type":"image\/jpeg"}],"twitter_card":"summary_large_image","twitter_misc":{"Estimated reading time":"2 minutes"},"schema":{"@context":"https:\/\/schema.org","@graph":[{"@type":"WebPage","@id":"https:\/\/tibladin.dk\/produkt\/slippers-boern-splash-dore\/","url":"https:\/\/tibladin.dk\/produkt\/slippers-boern-splash-dore\/","name":"Slippers children | Moroccan shoes | at Tibladin","isPartOf":{"@id":"https:\/\/tibladin.dk\/#website"},"primaryImageOfPage":{"@id":"https:\/\/tibladin.dk\/produkt\/slippers-boern-splash-dore\/#primaryimage"},"image":{"@id":"https:\/\/tibladin.dk\/produkt\/slippers-boern-splash-dore\/#primaryimage"},"thumbnailUrl":"https:\/\/tibladin.dk\/wp-content\/uploads\/2022\/10\/Splash-dore_boern-3.jpg","datePublished":"2022-10-31T09:41:34+00:00","dateModified":"2025-09-25T09:20:30+00:00","description":"Moroccan slippers for children in a beautiful creamy gray color with gold colored SPLASH. Large selection of Moroccan slippers in different colors and patterns","breadcrumb":{"@id":"https:\/\/tibladin.dk\/produkt\/slippers-boern-splash-dore\/#breadcrumb"},"inLanguage":"en-GB","potentialAction":[{"@type":"ReadAction","target":["https:\/\/tibladin.dk\/produkt\/slippers-boern-splash-dore\/"]}]},{"@type":"ImageObject","inLanguage":"en-GB","@id":"https:\/\/tibladin.dk\/produkt\/slippers-boern-splash-dore\/#primaryimage","url":"https:\/\/tibladin.dk\/wp-content\/uploads\/2022\/10\/Splash-dore_boern-3.jpg","contentUrl":"https:\/\/tibladin.dk\/wp-content\/uploads\/2022\/10\/Splash-dore_boern-3.jpg","width":800,"height":800,"caption":"B\u00f8rne slippers i skind - lys gr\u00e5\/beide med guld splash"},{"@type":"BreadcrumbList","@id":"https:\/\/tibladin.dk\/produkt\/slippers-boern-splash-dore\/#breadcrumb","itemListElement":[{"@type":"ListItem","position":1,"name":"Hjem","item":"https:\/\/tibladin.dk\/"},{"@type":"ListItem","position":2,"name":"Shop","item":"https:\/\/tibladin.dk\/shop\/"},{"@type":"ListItem","position":3,"name":"Slippers b\u00f8rn &#8211; splash dor\u00e9"}]},{"@type":"WebSite","@id":"https:\/\/tibladin.dk\/#website","url":"https:\/\/tibladin.dk\/","name":"Tibladin","description":"Tibladin","publisher":{"@id":"https:\/\/tibladin.dk\/#organization"},"potentialAction":[{"@type":"SearchAction","target":{"@type":"EntryPoint","urlTemplate":"https:\/\/tibladin.dk\/?s={search_term_string}"},"query-input":{"@type":"PropertyValueSpecification","valueRequired":true,"valueName":"search_term_string"}}],"inLanguage":"en-GB"},{"@type":"Organization","@id":"https:\/\/tibladin.dk\/#organization","name":"Tibladin","url":"https:\/\/tibladin.dk\/","logo":{"@type":"ImageObject","inLanguage":"en-GB","@id":"https:\/\/tibladin.dk\/#\/schema\/logo\/image\/","url":"https:\/\/tibladin.dk\/wp-content\/uploads\/2022\/09\/tibladin_logo.svg","contentUrl":"https:\/\/tibladin.dk\/wp-content\/uploads\/2022\/09\/tibladin_logo.svg","caption":"Tibladin"},"image":{"@id":"https:\/\/tibladin.dk\/#\/schema\/logo\/image\/"}}]}},"_links":{"self":[{"href":"https:\/\/tibladin.dk\/en\/wp-json\/wp\/v2\/product\/4647","targetHints":{"allow":["GET"]}}],"collection":[{"href":"https:\/\/tibladin.dk\/en\/wp-json\/wp\/v2\/product"}],"about":[{"href":"https:\/\/tibladin.dk\/en\/wp-json\/wp\/v2\/types\/product"}],"wp:featuredmedia":[{"embeddable":true,"href":"https:\/\/tibladin.dk\/en\/wp-json\/wp\/v2\/media\/5033"}],"wp:attachment":[{"href":"https:\/\/tibladin.dk\/en\/wp-json\/wp\/v2\/media?parent=4647"}],"wp:term":[{"taxonomy":"product_brand","embeddable":true,"href":"https:\/\/tibladin.dk\/en\/wp-json\/wp\/v2\/product_brand?post=4647"},{"taxonomy":"product_cat","embeddable":true,"href":"https:\/\/tibladin.dk\/en\/wp-json\/wp\/v2\/product_cat?post=4647"},{"taxonomy":"product_tag","embeddable":true,"href":"https:\/\/tibladin.dk\/en\/wp-json\/wp\/v2\/product_tag?post=4647"}],"curies":[{"name":"wp","href":"https:\/\/api.w.org\/{rel}","templated":true}]}}