{"id":4832,"date":"2023-11-29T12:00:24","date_gmt":"2023-11-29T11:00:24","guid":{"rendered":"https:\/\/tibladin.dk\/?post_type=product&#038;p=4832"},"modified":"2025-12-11T08:50:25","modified_gmt":"2025-12-11T07:50:25","slug":"moroccan-large-pendant-lamp-1001-night-soelv-m-el","status":"publish","type":"product","link":"https:\/\/tibladin.dk\/en\/produkt\/marokkansk-stor-pendellampe-1001-nat-soelv-m-el\/","title":{"rendered":"Moroccan large pendant lamp 1001 night silver w. el"},"content":{"rendered":"<div class=\"wpb-content-wrapper\"><div class=\"vc_row wpb_row vc_row-fluid\"><div class=\"wpb_column vc_column_container vc_col-sm-4\"><div class=\"vc_column-inner\"><div class=\"wpb_wrapper\">\n\t<div class=\"wpb_video_widget wpb_content_element vc_clearfix   vc_video-aspect-ratio-43 vc_video-el-width-100 vc_video-align-left\" >\n\t\t<div class=\"wpb_wrapper\">\n\t\t\t\n\t\t\t<div class=\"wpb_video_wrapper\"><div class=\"video-container\"><iframe loading=\"lazy\" title=\"Moroccan_lamps_assembly instructions\" src=\"https:\/\/player.vimeo.com\/video\/416973014?dnt=1&amp;app_id=122963\" width=\"310\" height=\"310\" frameborder=\"0\" allow=\"autoplay; fullscreen; picture-in-picture\"><\/iframe><\/div><\/div>\n\t\t<\/div>\n\t<\/div>\n<\/div><\/div><\/div><div class=\"wpb_column vc_column_container vc_col-sm-4\"><div class=\"vc_column-inner\"><div class=\"wpb_wrapper\"><h3 style=\"text-align: left\" class=\"vc_custom_heading vc_do_custom_heading\" >Maintenance<\/h3>\n\t<div class=\"wpb_text_column wpb_content_element\" >\n\t\t<div class=\"wpb_wrapper\">\n\t\t\t<p>Wipe off with a damp cloth. The lamps can oxidize a little over time, which just adds extra charm. If you want your lamp polished, you can use a polishing agent or a little lemon juice, as the Moroccans do.<\/p>\n\n\t\t<\/div>\n\t<\/div>\n<\/div><\/div><\/div><div class=\"wpb_column vc_column_container vc_col-sm-4\"><div class=\"vc_column-inner\"><div class=\"wpb_wrapper\"><h3 style=\"text-align: left\" class=\"vc_custom_heading vc_do_custom_heading\" >The story behind<\/h3>\n\t<div class=\"wpb_text_column wpb_content_element\" >\n\t\t<div class=\"wpb_wrapper\">\n\t\t\t<p>The lamps are made of silver metal with small hole patterns beaten out by hand. The holes in the lamp reflect the light in a magical glow onto the wall and give the room a very special atmosphere.<\/p>\n<p>Lamps from Morocco add a unique touch to your decor and provide a decorative light.<\/p>\n<p>The lamps are handmade and there will be small imperfections and differences in pattern and shape.<\/p>\n<p>Get your own riad atmosphere with a handmade lamp from Marrakech.<\/p>\n\n\t\t<\/div>\n\t<\/div>\n<\/div><\/div><\/div><\/div>\n<\/div>","protected":false},"excerpt":{"rendered":"<p>Deluxe round pendant lamp in silver metal with an impressive hand-cut pattern. The silver metal is strong and the lamp very robust. Gives a real eye-catcher in the room, both in daylight and in the evening when the lamp casts a nice glow into the room.<\/p>\n<p>The lamp is supplied with socket and black cord and ceiling rosette, ready to install!<\/p>\n<p>Get your own 1001 night mood with this Moroccan lamp.<\/p>\n<p>&nbsp;<\/p>\n<p>&nbsp;<\/p>","protected":false},"featured_media":1665,"template":"","meta":{"inline_featured_image":false},"product_brand":[],"product_cat":[47,67,68],"product_tag":[],"class_list":{"0":"post-4832","1":"product","2":"type-product","3":"status-publish","4":"has-post-thumbnail","6":"product_cat-gaven-til-ham","7":"product_cat-lamper","8":"product_cat-metal-lamper","10":"first","11":"instock","12":"taxable","13":"shipping-taxable","14":"purchasable","15":"product-type-simple"},"exclude_global_add_ons":false,"addons":[{"name":"Do you want gift wrapping?","type":"checkbox","position":0,"required":false,"title_format":"label","default":"","description_enable":false,"description":"","placeholder_enable":false,"placeholder":"","display":"images","restrictions_type":"any_text","adjust_price":false,"price":"","price_type":"flat_fee","restrictions":false,"min":"0","max":"0","options":[{"label":"Ja tak","price":"10","price_type":"flat_fee","image":11015,"visibility":true}],"id":1669646111}],"yoast_head":"<!-- This site is optimized with the Yoast SEO plugin v27.4 - https:\/\/yoast.com\/product\/yoast-seo-wordpress\/ -->\n<title>Stor Marokkansk lampe 1001 nat i s\u00f8lv | kun hos Tibladin<\/title>\n<meta name=\"description\" content=\"Marokkansk stor rund pendel lampe i s\u00f8lvmetal med et imponerende dekorativt h\u00e5ndlavet hulm\u00f8nster der giver hyggeligt lys i rummet.\" \/>\n<meta name=\"robots\" content=\"index, follow, max-snippet:-1, max-image-preview:large, max-video-preview:-1\" \/>\n<link rel=\"canonical\" href=\"https:\/\/tibladin.dk\/en\/product-4\/moroccan-large-pendant-lamp-1001-night-soelv-m-el\/\" \/>\n<meta property=\"og:locale\" content=\"en_GB\" \/>\n<meta property=\"og:type\" content=\"article\" \/>\n<meta property=\"og:title\" content=\"Stor Marokkansk lampe 1001 nat i s\u00f8lv | kun hos Tibladin\" \/>\n<meta property=\"og:description\" content=\"Marokkansk stor rund pendel lampe i s\u00f8lvmetal med et imponerende dekorativt h\u00e5ndlavet hulm\u00f8nster der giver hyggeligt lys i rummet.\" \/>\n<meta property=\"og:url\" content=\"https:\/\/tibladin.dk\/en\/product-4\/moroccan-large-pendant-lamp-1001-night-soelv-m-el\/\" \/>\n<meta property=\"og:site_name\" content=\"Tibladin\" \/>\n<meta property=\"article:modified_time\" content=\"2025-12-11T07:50:25+00:00\" \/>\n<meta property=\"og:image\" content=\"https:\/\/tibladin.dk\/wp-content\/uploads\/2022\/09\/Tibladin_1001-nat_lampe-guld_LS1-1.jpg\" \/>\n\t<meta property=\"og:image:width\" content=\"800\" \/>\n\t<meta property=\"og:image:height\" content=\"800\" \/>\n\t<meta property=\"og:image:type\" content=\"image\/jpeg\" \/>\n<meta name=\"twitter:card\" content=\"summary_large_image\" \/>\n<meta name=\"twitter:label1\" content=\"Estimated reading time\" \/>\n\t<meta name=\"twitter:data1\" content=\"2 minutes\" \/>\n<script type=\"application\/ld+json\" class=\"yoast-schema-graph\">{\"@context\":\"https:\\\/\\\/schema.org\",\"@graph\":[{\"@type\":\"WebPage\",\"@id\":\"https:\\\/\\\/tibladin.dk\\\/produkt\\\/marokkansk-stor-pendellampe-1001-nat-soelv-m-el\\\/\",\"url\":\"https:\\\/\\\/tibladin.dk\\\/produkt\\\/marokkansk-stor-pendellampe-1001-nat-soelv-m-el\\\/\",\"name\":\"Stor Marokkansk lampe 1001 nat i s\u00f8lv | kun hos Tibladin\",\"isPartOf\":{\"@id\":\"https:\\\/\\\/tibladin.dk\\\/#website\"},\"primaryImageOfPage\":{\"@id\":\"https:\\\/\\\/tibladin.dk\\\/produkt\\\/marokkansk-stor-pendellampe-1001-nat-soelv-m-el\\\/#primaryimage\"},\"image\":{\"@id\":\"https:\\\/\\\/tibladin.dk\\\/produkt\\\/marokkansk-stor-pendellampe-1001-nat-soelv-m-el\\\/#primaryimage\"},\"thumbnailUrl\":\"https:\\\/\\\/tibladin.dk\\\/wp-content\\\/uploads\\\/2022\\\/09\\\/Tibladin_1001-nat_lampe-guld_LS1-1.jpg\",\"datePublished\":\"2023-11-29T11:00:24+00:00\",\"dateModified\":\"2025-12-11T07:50:25+00:00\",\"description\":\"Marokkansk stor rund pendel lampe i s\u00f8lvmetal med et imponerende dekorativt h\u00e5ndlavet hulm\u00f8nster der giver hyggeligt lys i rummet.\",\"breadcrumb\":{\"@id\":\"https:\\\/\\\/tibladin.dk\\\/produkt\\\/marokkansk-stor-pendellampe-1001-nat-soelv-m-el\\\/#breadcrumb\"},\"inLanguage\":\"en-GB\",\"potentialAction\":[{\"@type\":\"ReadAction\",\"target\":[\"https:\\\/\\\/tibladin.dk\\\/produkt\\\/marokkansk-stor-pendellampe-1001-nat-soelv-m-el\\\/\"]}]},{\"@type\":\"ImageObject\",\"inLanguage\":\"en-GB\",\"@id\":\"https:\\\/\\\/tibladin.dk\\\/produkt\\\/marokkansk-stor-pendellampe-1001-nat-soelv-m-el\\\/#primaryimage\",\"url\":\"https:\\\/\\\/tibladin.dk\\\/wp-content\\\/uploads\\\/2022\\\/09\\\/Tibladin_1001-nat_lampe-guld_LS1-1.jpg\",\"contentUrl\":\"https:\\\/\\\/tibladin.dk\\\/wp-content\\\/uploads\\\/2022\\\/09\\\/Tibladin_1001-nat_lampe-guld_LS1-1.jpg\",\"width\":800,\"height\":800,\"caption\":\"Stor h\u00e5ndlavet natlampe i guldmetal med marokkansk m\u00f8nster, h\u00e6ngende over reol med dekorationer p\u00e5\"},{\"@type\":\"BreadcrumbList\",\"@id\":\"https:\\\/\\\/tibladin.dk\\\/produkt\\\/marokkansk-stor-pendellampe-1001-nat-soelv-m-el\\\/#breadcrumb\",\"itemListElement\":[{\"@type\":\"ListItem\",\"position\":1,\"name\":\"Hjem\",\"item\":\"https:\\\/\\\/tibladin.dk\\\/\"},{\"@type\":\"ListItem\",\"position\":2,\"name\":\"Shop\",\"item\":\"https:\\\/\\\/tibladin.dk\\\/shop\\\/\"},{\"@type\":\"ListItem\",\"position\":3,\"name\":\"Marokkansk stor pendellampe 1001 nat s\u00f8lv m. el\"}]},{\"@type\":\"WebSite\",\"@id\":\"https:\\\/\\\/tibladin.dk\\\/#website\",\"url\":\"https:\\\/\\\/tibladin.dk\\\/\",\"name\":\"Tibladin\",\"description\":\"Tibladin\",\"publisher\":{\"@id\":\"https:\\\/\\\/tibladin.dk\\\/#organization\"},\"potentialAction\":[{\"@type\":\"SearchAction\",\"target\":{\"@type\":\"EntryPoint\",\"urlTemplate\":\"https:\\\/\\\/tibladin.dk\\\/?s={search_term_string}\"},\"query-input\":{\"@type\":\"PropertyValueSpecification\",\"valueRequired\":true,\"valueName\":\"search_term_string\"}}],\"inLanguage\":\"en-GB\"},{\"@type\":\"Organization\",\"@id\":\"https:\\\/\\\/tibladin.dk\\\/#organization\",\"name\":\"Tibladin\",\"url\":\"https:\\\/\\\/tibladin.dk\\\/\",\"logo\":{\"@type\":\"ImageObject\",\"inLanguage\":\"en-GB\",\"@id\":\"https:\\\/\\\/tibladin.dk\\\/#\\\/schema\\\/logo\\\/image\\\/\",\"url\":\"https:\\\/\\\/tibladin.dk\\\/wp-content\\\/uploads\\\/2022\\\/09\\\/tibladin_logo.svg\",\"contentUrl\":\"https:\\\/\\\/tibladin.dk\\\/wp-content\\\/uploads\\\/2022\\\/09\\\/tibladin_logo.svg\",\"caption\":\"Tibladin\"},\"image\":{\"@id\":\"https:\\\/\\\/tibladin.dk\\\/#\\\/schema\\\/logo\\\/image\\\/\"}}]}<\/script>\n<!-- \/ Yoast SEO plugin. -->","yoast_head_json":{"title":"Large Moroccan lamp 1001 nights in silver | only at Tibladin","description":"Moroccan large round pendant lamp in silver metal with an impressive decorative handmade hole pattern that provides cozy light in the room.","robots":{"index":"index","follow":"follow","max-snippet":"max-snippet:-1","max-image-preview":"max-image-preview:large","max-video-preview":"max-video-preview:-1"},"canonical":"https:\/\/tibladin.dk\/en\/product-4\/moroccan-large-pendant-lamp-1001-night-soelv-m-el\/","og_locale":"en_GB","og_type":"article","og_title":"Stor Marokkansk lampe 1001 nat i s\u00f8lv | kun hos Tibladin","og_description":"Marokkansk stor rund pendel lampe i s\u00f8lvmetal med et imponerende dekorativt h\u00e5ndlavet hulm\u00f8nster der giver hyggeligt lys i rummet.","og_url":"https:\/\/tibladin.dk\/en\/product-4\/moroccan-large-pendant-lamp-1001-night-soelv-m-el\/","og_site_name":"Tibladin","article_modified_time":"2025-12-11T07:50:25+00:00","og_image":[{"width":800,"height":800,"url":"https:\/\/tibladin.dk\/wp-content\/uploads\/2022\/09\/Tibladin_1001-nat_lampe-guld_LS1-1.jpg","type":"image\/jpeg"}],"twitter_card":"summary_large_image","twitter_misc":{"Estimated reading time":"2 minutes"},"schema":{"@context":"https:\/\/schema.org","@graph":[{"@type":"WebPage","@id":"https:\/\/tibladin.dk\/produkt\/marokkansk-stor-pendellampe-1001-nat-soelv-m-el\/","url":"https:\/\/tibladin.dk\/produkt\/marokkansk-stor-pendellampe-1001-nat-soelv-m-el\/","name":"Large Moroccan lamp 1001 nights in silver | only at Tibladin","isPartOf":{"@id":"https:\/\/tibladin.dk\/#website"},"primaryImageOfPage":{"@id":"https:\/\/tibladin.dk\/produkt\/marokkansk-stor-pendellampe-1001-nat-soelv-m-el\/#primaryimage"},"image":{"@id":"https:\/\/tibladin.dk\/produkt\/marokkansk-stor-pendellampe-1001-nat-soelv-m-el\/#primaryimage"},"thumbnailUrl":"https:\/\/tibladin.dk\/wp-content\/uploads\/2022\/09\/Tibladin_1001-nat_lampe-guld_LS1-1.jpg","datePublished":"2023-11-29T11:00:24+00:00","dateModified":"2025-12-11T07:50:25+00:00","description":"Moroccan large round pendant lamp in silver metal with an impressive decorative handmade hole pattern that provides cozy light in the room.","breadcrumb":{"@id":"https:\/\/tibladin.dk\/produkt\/marokkansk-stor-pendellampe-1001-nat-soelv-m-el\/#breadcrumb"},"inLanguage":"en-GB","potentialAction":[{"@type":"ReadAction","target":["https:\/\/tibladin.dk\/produkt\/marokkansk-stor-pendellampe-1001-nat-soelv-m-el\/"]}]},{"@type":"ImageObject","inLanguage":"en-GB","@id":"https:\/\/tibladin.dk\/produkt\/marokkansk-stor-pendellampe-1001-nat-soelv-m-el\/#primaryimage","url":"https:\/\/tibladin.dk\/wp-content\/uploads\/2022\/09\/Tibladin_1001-nat_lampe-guld_LS1-1.jpg","contentUrl":"https:\/\/tibladin.dk\/wp-content\/uploads\/2022\/09\/Tibladin_1001-nat_lampe-guld_LS1-1.jpg","width":800,"height":800,"caption":"Stor h\u00e5ndlavet natlampe i guldmetal med marokkansk m\u00f8nster, h\u00e6ngende over reol med dekorationer p\u00e5"},{"@type":"BreadcrumbList","@id":"https:\/\/tibladin.dk\/produkt\/marokkansk-stor-pendellampe-1001-nat-soelv-m-el\/#breadcrumb","itemListElement":[{"@type":"ListItem","position":1,"name":"Hjem","item":"https:\/\/tibladin.dk\/"},{"@type":"ListItem","position":2,"name":"Shop","item":"https:\/\/tibladin.dk\/shop\/"},{"@type":"ListItem","position":3,"name":"Marokkansk stor pendellampe 1001 nat s\u00f8lv m. el"}]},{"@type":"WebSite","@id":"https:\/\/tibladin.dk\/#website","url":"https:\/\/tibladin.dk\/","name":"Tibladin","description":"Tibladin","publisher":{"@id":"https:\/\/tibladin.dk\/#organization"},"potentialAction":[{"@type":"SearchAction","target":{"@type":"EntryPoint","urlTemplate":"https:\/\/tibladin.dk\/?s={search_term_string}"},"query-input":{"@type":"PropertyValueSpecification","valueRequired":true,"valueName":"search_term_string"}}],"inLanguage":"en-GB"},{"@type":"Organization","@id":"https:\/\/tibladin.dk\/#organization","name":"Tibladin","url":"https:\/\/tibladin.dk\/","logo":{"@type":"ImageObject","inLanguage":"en-GB","@id":"https:\/\/tibladin.dk\/#\/schema\/logo\/image\/","url":"https:\/\/tibladin.dk\/wp-content\/uploads\/2022\/09\/tibladin_logo.svg","contentUrl":"https:\/\/tibladin.dk\/wp-content\/uploads\/2022\/09\/tibladin_logo.svg","caption":"Tibladin"},"image":{"@id":"https:\/\/tibladin.dk\/#\/schema\/logo\/image\/"}}]}},"_links":{"self":[{"href":"https:\/\/tibladin.dk\/en\/wp-json\/wp\/v2\/product\/4832","targetHints":{"allow":["GET"]}}],"collection":[{"href":"https:\/\/tibladin.dk\/en\/wp-json\/wp\/v2\/product"}],"about":[{"href":"https:\/\/tibladin.dk\/en\/wp-json\/wp\/v2\/types\/product"}],"wp:featuredmedia":[{"embeddable":true,"href":"https:\/\/tibladin.dk\/en\/wp-json\/wp\/v2\/media\/1665"}],"wp:attachment":[{"href":"https:\/\/tibladin.dk\/en\/wp-json\/wp\/v2\/media?parent=4832"}],"wp:term":[{"taxonomy":"product_brand","embeddable":true,"href":"https:\/\/tibladin.dk\/en\/wp-json\/wp\/v2\/product_brand?post=4832"},{"taxonomy":"product_cat","embeddable":true,"href":"https:\/\/tibladin.dk\/en\/wp-json\/wp\/v2\/product_cat?post=4832"},{"taxonomy":"product_tag","embeddable":true,"href":"https:\/\/tibladin.dk\/en\/wp-json\/wp\/v2\/product_tag?post=4832"}],"curies":[{"name":"wp","href":"https:\/\/api.w.org\/{rel}","templated":true}]}}