{"id":5759,"date":"2022-11-24T10:24:50","date_gmt":"2022-11-24T09:24:50","guid":{"rendered":"https:\/\/tibladin.dk\/?post_type=product&#038;p=5759"},"modified":"2025-05-12T08:28:13","modified_gmt":"2025-05-12T06:28:13","slug":"beni-ouarain-155x260","status":"publish","type":"product","link":"https:\/\/tibladin.dk\/en\/produkt\/beni-ouarain-155x260\/","title":{"rendered":"Beni Ouarain 155\u00d7260"},"content":{"rendered":"<div class=\"wpb-content-wrapper\"><p>eh<div class=\"vc_row wpb_row vc_row-fluid\"><div class=\"wpb_column vc_column_container vc_col-sm-4\"><div class=\"vc_column-inner\"><div class=\"wpb_wrapper\"><\/div><\/div><\/div><div class=\"wpb_column vc_column_container vc_col-sm-4\"><div class=\"vc_column-inner\"><div class=\"wpb_wrapper\"><h3 style=\"text-align: left\" class=\"vc_custom_heading vc_do_custom_heading\" >Beni Ouarain carpet maintenance<\/h3>\n\t<div class=\"wpb_text_column wpb_content_element\" >\n\t\t<div class=\"wpb_wrapper\">\n\t\t\t<p>Vacuum the Beni Ouarain rug regularly and take it outside and shake it occasionally. Stains are removed by soaking up the stain as quickly as possible with a cloth and then dabbing the stain with a damp cloth.<\/p>\n<p>The carpet is 100 % pure wool and is naturally covered with lanolin on each fiber, which means that stains do not penetrate into the carpet. Should we be lucky enough to get snow one winter in Denmark, then finally lay out the blanket in the white snow. This will thoroughly clean the carpet \u2013 completely naturally.<\/p>\n\n\t\t<\/div>\n\t<\/div>\n<\/div><\/div><\/div><div class=\"wpb_column vc_column_container vc_col-sm-4\"><div class=\"vc_column-inner\"><div class=\"wpb_wrapper\"><h3 style=\"text-align: left\" class=\"vc_custom_heading vc_do_custom_heading\" >The story behind Beni Ouarain rugs<\/h3>\n\t<div class=\"wpb_text_column wpb_content_element\" >\n\t\t<div class=\"wpb_wrapper\">\n\t\t\t<p>Beni Ouarain carpet decorates, provides coziness and warmth, and is also noise absorbent. Beni Ouarain carpets are very popular all over the world and also suit the Scandinavian decor very well. Many interior brands have copied their style and have them made industrially.<\/p>\n<p>Here at Tibladin, we only have original Beni Ouarain rugs made by hand by women from the Berber tribe Beni Ouarain, which originates south of the Rif Mountains in Morocco. The blankets are used by the Berber tribe to cover themselves and lie on when they need to sleep. Each carpet is a work of art and unlike oriental carpets, they are not produced according to models, but only according to the women&#039;s own wishes and often symbolize the feelings the women have had when they weave. The diamond shape seen in many of the rugs protects against evil. The color tones are natural in their white, beige, brown and black colors.<\/p>\n<p>Throw away your shoes and feel the soft wool under your feet!<\/p>\n\n\t\t<\/div>\n\t<\/div>\n<\/div><\/div><\/div><\/div>\n<\/div>","protected":false},"excerpt":{"rendered":"<ul>\n<li>Beni Ouarain carpet with colored patterns in dark blue, green, terracotta and a happy pink.<\/li>\n<li>Handwoven Moroccan rug in 100% wool. The wool is lovely soft and warm.<\/li>\n<\/ul>\n<p>Regular rug that fits well in a sofa corner or under the dining table. You can also use it in the middle of a room to get a nice color palette and at the same time insulate against the cold from the floor. The rug is made by Berber women from the Beni Ouarain tribes in the Moroccan Atlas Mountains.<\/p>\n<p><strong>The rug measures 155\u00d7260 cm<\/strong><\/p>","protected":false},"featured_media":5765,"template":"","meta":{"inline_featured_image":false},"product_brand":[],"product_cat":[62,59],"product_tag":[],"class_list":{"0":"post-5759","1":"product","2":"type-product","3":"status-publish","4":"has-post-thumbnail","6":"product_cat-beni-ouarain","7":"product_cat-marokkanske-taepper","9":"first","10":"instock","11":"taxable","12":"shipping-taxable","13":"purchasable","14":"product-type-simple"},"exclude_global_add_ons":[],"addons":[],"yoast_head":"<!-- This site is optimized with the Yoast SEO plugin v27.4 - https:\/\/yoast.com\/product\/yoast-seo-wordpress\/ -->\n<title>Beni Ouarain t\u00e6ppe | H\u00e5ndv\u00e6vet t\u00e6ppe | K\u00f8b online<\/title>\n<meta name=\"description\" content=\"Marokkansk t\u00e6ppe Beni Ouarain i 100% uld. Dejlig lys uld med smukt farvet m\u00f8nster. Tappet er h\u00e5ndv\u00e6vet i kvalitetsuld og m\u00e5ler 155x260 cm.\" \/>\n<meta name=\"robots\" content=\"index, follow, max-snippet:-1, max-image-preview:large, max-video-preview:-1\" \/>\n<link rel=\"canonical\" href=\"https:\/\/tibladin.dk\/en\/product-4\/beni-ouarain-155x260\/\" \/>\n<meta property=\"og:locale\" content=\"en_GB\" \/>\n<meta property=\"og:type\" content=\"article\" \/>\n<meta property=\"og:title\" content=\"Beni Ouarain t\u00e6ppe | H\u00e5ndv\u00e6vet t\u00e6ppe | K\u00f8b online\" \/>\n<meta property=\"og:description\" content=\"Marokkansk t\u00e6ppe Beni Ouarain i 100% uld. Dejlig lys uld med smukt farvet m\u00f8nster. Tappet er h\u00e5ndv\u00e6vet i kvalitetsuld og m\u00e5ler 155x260 cm.\" \/>\n<meta property=\"og:url\" content=\"https:\/\/tibladin.dk\/en\/product-4\/beni-ouarain-155x260\/\" \/>\n<meta property=\"og:site_name\" content=\"Tibladin\" \/>\n<meta property=\"article:modified_time\" content=\"2025-05-12T06:28:13+00:00\" \/>\n<meta property=\"og:image\" content=\"https:\/\/tibladin.dk\/wp-content\/uploads\/2022\/11\/155x260.jpg\" \/>\n\t<meta property=\"og:image:width\" content=\"800\" \/>\n\t<meta property=\"og:image:height\" content=\"800\" \/>\n\t<meta property=\"og:image:type\" content=\"image\/jpeg\" \/>\n<meta name=\"twitter:card\" content=\"summary_large_image\" \/>\n<meta name=\"twitter:label1\" content=\"Estimated reading time\" \/>\n\t<meta name=\"twitter:data1\" content=\"2 minutes\" \/>\n<script type=\"application\/ld+json\" class=\"yoast-schema-graph\">{\"@context\":\"https:\\\/\\\/schema.org\",\"@graph\":[{\"@type\":\"WebPage\",\"@id\":\"https:\\\/\\\/tibladin.dk\\\/produkt\\\/beni-ouarain-155x260\\\/\",\"url\":\"https:\\\/\\\/tibladin.dk\\\/produkt\\\/beni-ouarain-155x260\\\/\",\"name\":\"Beni Ouarain t\u00e6ppe | H\u00e5ndv\u00e6vet t\u00e6ppe | K\u00f8b online\",\"isPartOf\":{\"@id\":\"https:\\\/\\\/tibladin.dk\\\/#website\"},\"primaryImageOfPage\":{\"@id\":\"https:\\\/\\\/tibladin.dk\\\/produkt\\\/beni-ouarain-155x260\\\/#primaryimage\"},\"image\":{\"@id\":\"https:\\\/\\\/tibladin.dk\\\/produkt\\\/beni-ouarain-155x260\\\/#primaryimage\"},\"thumbnailUrl\":\"https:\\\/\\\/tibladin.dk\\\/wp-content\\\/uploads\\\/2022\\\/11\\\/155x260.jpg\",\"datePublished\":\"2022-11-24T09:24:50+00:00\",\"dateModified\":\"2025-05-12T06:28:13+00:00\",\"description\":\"Marokkansk t\u00e6ppe Beni Ouarain i 100% uld. Dejlig lys uld med smukt farvet m\u00f8nster. Tappet er h\u00e5ndv\u00e6vet i kvalitetsuld og m\u00e5ler 155x260 cm.\",\"breadcrumb\":{\"@id\":\"https:\\\/\\\/tibladin.dk\\\/produkt\\\/beni-ouarain-155x260\\\/#breadcrumb\"},\"inLanguage\":\"en-GB\",\"potentialAction\":[{\"@type\":\"ReadAction\",\"target\":[\"https:\\\/\\\/tibladin.dk\\\/produkt\\\/beni-ouarain-155x260\\\/\"]}]},{\"@type\":\"ImageObject\",\"inLanguage\":\"en-GB\",\"@id\":\"https:\\\/\\\/tibladin.dk\\\/produkt\\\/beni-ouarain-155x260\\\/#primaryimage\",\"url\":\"https:\\\/\\\/tibladin.dk\\\/wp-content\\\/uploads\\\/2022\\\/11\\\/155x260.jpg\",\"contentUrl\":\"https:\\\/\\\/tibladin.dk\\\/wp-content\\\/uploads\\\/2022\\\/11\\\/155x260.jpg\",\"width\":800,\"height\":800,\"caption\":\"Beni Ouarain med farvet m\u00f8nster 155x260\"},{\"@type\":\"BreadcrumbList\",\"@id\":\"https:\\\/\\\/tibladin.dk\\\/produkt\\\/beni-ouarain-155x260\\\/#breadcrumb\",\"itemListElement\":[{\"@type\":\"ListItem\",\"position\":1,\"name\":\"Hjem\",\"item\":\"https:\\\/\\\/tibladin.dk\\\/\"},{\"@type\":\"ListItem\",\"position\":2,\"name\":\"Shop\",\"item\":\"https:\\\/\\\/tibladin.dk\\\/shop\\\/\"},{\"@type\":\"ListItem\",\"position\":3,\"name\":\"Beni Ouarain 155&#215;260\"}]},{\"@type\":\"WebSite\",\"@id\":\"https:\\\/\\\/tibladin.dk\\\/#website\",\"url\":\"https:\\\/\\\/tibladin.dk\\\/\",\"name\":\"Tibladin\",\"description\":\"Tibladin\",\"publisher\":{\"@id\":\"https:\\\/\\\/tibladin.dk\\\/#organization\"},\"potentialAction\":[{\"@type\":\"SearchAction\",\"target\":{\"@type\":\"EntryPoint\",\"urlTemplate\":\"https:\\\/\\\/tibladin.dk\\\/?s={search_term_string}\"},\"query-input\":{\"@type\":\"PropertyValueSpecification\",\"valueRequired\":true,\"valueName\":\"search_term_string\"}}],\"inLanguage\":\"en-GB\"},{\"@type\":\"Organization\",\"@id\":\"https:\\\/\\\/tibladin.dk\\\/#organization\",\"name\":\"Tibladin\",\"url\":\"https:\\\/\\\/tibladin.dk\\\/\",\"logo\":{\"@type\":\"ImageObject\",\"inLanguage\":\"en-GB\",\"@id\":\"https:\\\/\\\/tibladin.dk\\\/#\\\/schema\\\/logo\\\/image\\\/\",\"url\":\"https:\\\/\\\/tibladin.dk\\\/wp-content\\\/uploads\\\/2022\\\/09\\\/tibladin_logo.svg\",\"contentUrl\":\"https:\\\/\\\/tibladin.dk\\\/wp-content\\\/uploads\\\/2022\\\/09\\\/tibladin_logo.svg\",\"caption\":\"Tibladin\"},\"image\":{\"@id\":\"https:\\\/\\\/tibladin.dk\\\/#\\\/schema\\\/logo\\\/image\\\/\"}}]}<\/script>\n<!-- \/ Yoast SEO plugin. -->","yoast_head_json":{"title":"Beni Ouarain carpet | Handwoven carpet | Buy online","description":"Moroccan rug Beni Ouarain in 100% wool. Lovely light wool with a beautifully colored pattern. The tap is handwoven in quality wool and measures 155x260 cm.","robots":{"index":"index","follow":"follow","max-snippet":"max-snippet:-1","max-image-preview":"max-image-preview:large","max-video-preview":"max-video-preview:-1"},"canonical":"https:\/\/tibladin.dk\/en\/product-4\/beni-ouarain-155x260\/","og_locale":"en_GB","og_type":"article","og_title":"Beni Ouarain t\u00e6ppe | H\u00e5ndv\u00e6vet t\u00e6ppe | K\u00f8b online","og_description":"Marokkansk t\u00e6ppe Beni Ouarain i 100% uld. Dejlig lys uld med smukt farvet m\u00f8nster. Tappet er h\u00e5ndv\u00e6vet i kvalitetsuld og m\u00e5ler 155x260 cm.","og_url":"https:\/\/tibladin.dk\/en\/product-4\/beni-ouarain-155x260\/","og_site_name":"Tibladin","article_modified_time":"2025-05-12T06:28:13+00:00","og_image":[{"width":800,"height":800,"url":"https:\/\/tibladin.dk\/wp-content\/uploads\/2022\/11\/155x260.jpg","type":"image\/jpeg"}],"twitter_card":"summary_large_image","twitter_misc":{"Estimated reading time":"2 minutes"},"schema":{"@context":"https:\/\/schema.org","@graph":[{"@type":"WebPage","@id":"https:\/\/tibladin.dk\/produkt\/beni-ouarain-155x260\/","url":"https:\/\/tibladin.dk\/produkt\/beni-ouarain-155x260\/","name":"Beni Ouarain carpet | Handwoven carpet | Buy online","isPartOf":{"@id":"https:\/\/tibladin.dk\/#website"},"primaryImageOfPage":{"@id":"https:\/\/tibladin.dk\/produkt\/beni-ouarain-155x260\/#primaryimage"},"image":{"@id":"https:\/\/tibladin.dk\/produkt\/beni-ouarain-155x260\/#primaryimage"},"thumbnailUrl":"https:\/\/tibladin.dk\/wp-content\/uploads\/2022\/11\/155x260.jpg","datePublished":"2022-11-24T09:24:50+00:00","dateModified":"2025-05-12T06:28:13+00:00","description":"Moroccan rug Beni Ouarain in 100% wool. Lovely light wool with a beautifully colored pattern. The tap is handwoven in quality wool and measures 155x260 cm.","breadcrumb":{"@id":"https:\/\/tibladin.dk\/produkt\/beni-ouarain-155x260\/#breadcrumb"},"inLanguage":"en-GB","potentialAction":[{"@type":"ReadAction","target":["https:\/\/tibladin.dk\/produkt\/beni-ouarain-155x260\/"]}]},{"@type":"ImageObject","inLanguage":"en-GB","@id":"https:\/\/tibladin.dk\/produkt\/beni-ouarain-155x260\/#primaryimage","url":"https:\/\/tibladin.dk\/wp-content\/uploads\/2022\/11\/155x260.jpg","contentUrl":"https:\/\/tibladin.dk\/wp-content\/uploads\/2022\/11\/155x260.jpg","width":800,"height":800,"caption":"Beni Ouarain med farvet m\u00f8nster 155x260"},{"@type":"BreadcrumbList","@id":"https:\/\/tibladin.dk\/produkt\/beni-ouarain-155x260\/#breadcrumb","itemListElement":[{"@type":"ListItem","position":1,"name":"Hjem","item":"https:\/\/tibladin.dk\/"},{"@type":"ListItem","position":2,"name":"Shop","item":"https:\/\/tibladin.dk\/shop\/"},{"@type":"ListItem","position":3,"name":"Beni Ouarain 155&#215;260"}]},{"@type":"WebSite","@id":"https:\/\/tibladin.dk\/#website","url":"https:\/\/tibladin.dk\/","name":"Tibladin","description":"Tibladin","publisher":{"@id":"https:\/\/tibladin.dk\/#organization"},"potentialAction":[{"@type":"SearchAction","target":{"@type":"EntryPoint","urlTemplate":"https:\/\/tibladin.dk\/?s={search_term_string}"},"query-input":{"@type":"PropertyValueSpecification","valueRequired":true,"valueName":"search_term_string"}}],"inLanguage":"en-GB"},{"@type":"Organization","@id":"https:\/\/tibladin.dk\/#organization","name":"Tibladin","url":"https:\/\/tibladin.dk\/","logo":{"@type":"ImageObject","inLanguage":"en-GB","@id":"https:\/\/tibladin.dk\/#\/schema\/logo\/image\/","url":"https:\/\/tibladin.dk\/wp-content\/uploads\/2022\/09\/tibladin_logo.svg","contentUrl":"https:\/\/tibladin.dk\/wp-content\/uploads\/2022\/09\/tibladin_logo.svg","caption":"Tibladin"},"image":{"@id":"https:\/\/tibladin.dk\/#\/schema\/logo\/image\/"}}]}},"_links":{"self":[{"href":"https:\/\/tibladin.dk\/en\/wp-json\/wp\/v2\/product\/5759","targetHints":{"allow":["GET"]}}],"collection":[{"href":"https:\/\/tibladin.dk\/en\/wp-json\/wp\/v2\/product"}],"about":[{"href":"https:\/\/tibladin.dk\/en\/wp-json\/wp\/v2\/types\/product"}],"wp:featuredmedia":[{"embeddable":true,"href":"https:\/\/tibladin.dk\/en\/wp-json\/wp\/v2\/media\/5765"}],"wp:attachment":[{"href":"https:\/\/tibladin.dk\/en\/wp-json\/wp\/v2\/media?parent=5759"}],"wp:term":[{"taxonomy":"product_brand","embeddable":true,"href":"https:\/\/tibladin.dk\/en\/wp-json\/wp\/v2\/product_brand?post=5759"},{"taxonomy":"product_cat","embeddable":true,"href":"https:\/\/tibladin.dk\/en\/wp-json\/wp\/v2\/product_cat?post=5759"},{"taxonomy":"product_tag","embeddable":true,"href":"https:\/\/tibladin.dk\/en\/wp-json\/wp\/v2\/product_tag?post=5759"}],"curies":[{"name":"wp","href":"https:\/\/api.w.org\/{rel}","templated":true}]}}