{"id":700,"date":"2022-09-20T11:03:58","date_gmt":"2022-09-20T09:03:58","guid":{"rendered":"https:\/\/tibladin.dk\/vare\/marokkansk-luksus-hammam-haandklaede-plaid-2\/"},"modified":"2025-12-19T11:21:52","modified_gmt":"2025-12-19T10:21:52","slug":"hammam-towels-luxury-hand-woven","status":"publish","type":"product","link":"https:\/\/tibladin.dk\/en\/produkt\/hammamhaandklaede-luksus-haandvaevet\/","title":{"rendered":"Hammam towel luxury handwoven"},"content":{"rendered":"<div class=\"wpb-content-wrapper\"><div class=\"vc_row wpb_row vc_row-fluid\"><div class=\"wpb_column vc_column_container vc_col-sm-4\"><div class=\"vc_column-inner\"><div class=\"wpb_wrapper\">\n\t<div class=\"wpb_video_widget wpb_content_element vc_clearfix   vc_video-aspect-ratio-43 vc_video-el-width-100 vc_video-align-left\" >\n\t\t<div class=\"wpb_wrapper\">\n\t\t\t\n\t\t\t<div class=\"wpb_video_wrapper\"><div class=\"video-container\"><iframe loading=\"lazy\" title=\"Women&#039;s cooperative Marrakech\" src=\"https:\/\/player.vimeo.com\/video\/416218536?dnt=1&amp;app_id=122963\" width=\"500\" height=\"281\" frameborder=\"0\" allow=\"autoplay; fullscreen; picture-in-picture\"><\/iframe><\/div><\/div>\n\t\t<\/div>\n\t<\/div>\n<\/div><\/div><\/div><div class=\"wpb_column vc_column_container vc_col-sm-4\"><div class=\"vc_column-inner\"><div class=\"wpb_wrapper\"><h3 style=\"text-align: left\" class=\"vc_custom_heading vc_do_custom_heading\" >washing instructions hammam towel<\/h3>\n\t<div class=\"wpb_text_column wpb_content_element\" >\n\t\t<div class=\"wpb_wrapper\">\n\t\t\t<p>The hammam towel is 100 % cotton and can be washed at 60 degrees. However, it is recommended to wash it with wood <strong>30 degrees<\/strong>, as the towel is handwoven and can well change structure at higher temperatures.<\/p>\n\n\t\t<\/div>\n\t<\/div>\n<\/div><\/div><\/div><div class=\"wpb_column vc_column_container vc_col-sm-4\"><div class=\"vc_column-inner\"><div class=\"wpb_wrapper\"><h3 style=\"text-align: left\" class=\"vc_custom_heading vc_do_custom_heading\" >Hammam towel - The story behind it<\/h3>\n\t<div class=\"wpb_text_column wpb_content_element\" >\n\t\t<div class=\"wpb_wrapper\">\n\t\t\t<p>Hammam towel\/plaid. The possibilities are many. They can be used as a throw on the sofa or as a decoration at the foot of your bed or take it with you to the beach as a towel or sarong. High quality organic cotton and with the finest finesse in the weaving.<\/p>\n<p>The hammam towels are handwoven by women in a women&#039;s cooperative south of Marrakech.<\/p>\n<p>The women&#039;s cooperative employs 160 women in the small village, and thus helps to raise the standard of living of many families. A school and kindergarten have been established for the women&#039;s children, so that the children can receive education and be employed while the mothers work.<\/p>\n\n\t\t<\/div>\n\t<\/div>\n<\/div><\/div><\/div><\/div>\n<\/div>","protected":false},"excerpt":{"rendered":"<p class=\"p1\"><span class=\"s1\">Luxury hand-woven Hammam towel in 100 % organic cotton in navy blue in a beautiful pattern with embroidered edges and hand-twisted lace.<\/span><\/p>\n<p>Completely unique and can be used both as a hammam towel, but also as a throw, at the foot of your made bed or over a chair.<\/p>\n<p>dimensions: 175\u00d790 cm.<\/p>","protected":false},"featured_media":694,"template":"","meta":{"inline_featured_image":false},"product_brand":[],"product_cat":[47,63,37],"product_tag":[],"class_list":{"0":"post-700","1":"product","2":"type-product","3":"status-publish","4":"has-post-thumbnail","6":"product_cat-gaven-til-ham","7":"product_cat-hammamhaandklaeder","8":"product_cat-tekstiler","10":"first","11":"instock","12":"taxable","13":"shipping-taxable","14":"purchasable","15":"product-type-simple"},"exclude_global_add_ons":false,"addons":[{"name":"Do you want gift wrapping?","type":"checkbox","position":0,"required":false,"title_format":"label","default":"","description_enable":false,"description":"","placeholder_enable":false,"placeholder":"","display":"images","restrictions_type":"any_text","adjust_price":false,"price":"","price_type":"flat_fee","restrictions":false,"min":"0","max":"0","options":[{"label":"Ja tak","price":"10","price_type":"flat_fee","image":11015,"visibility":true}],"id":1669646111}],"yoast_head":"<!-- This site is optimized with the Yoast SEO plugin v27.4 - https:\/\/yoast.com\/product\/yoast-seo-wordpress\/ -->\n<title>H\u00e5ndv\u00e6vet hammamh\u00e5ndkl\u00e6der i \u00f8kologisk bomuld | Tibladin<\/title>\n<meta name=\"description\" content=\"Helt unikke tekstiler med smukke v\u00e6vninger. Kan bruges b\u00e5de som plaid, til pynt for fodenden af din seng og som hammam h\u00e5ndkl\u00e6der.\" \/>\n<meta name=\"robots\" content=\"index, follow, max-snippet:-1, max-image-preview:large, max-video-preview:-1\" \/>\n<link rel=\"canonical\" href=\"https:\/\/tibladin.dk\/en\/product-4\/hammam-towels-luxury-hand-woven\/\" \/>\n<meta property=\"og:locale\" content=\"en_GB\" \/>\n<meta property=\"og:type\" content=\"article\" \/>\n<meta property=\"og:title\" content=\"H\u00e5ndv\u00e6vet hammamh\u00e5ndkl\u00e6der i \u00f8kologisk bomuld | Tibladin\" \/>\n<meta property=\"og:description\" content=\"Helt unikke tekstiler med smukke v\u00e6vninger. Kan bruges b\u00e5de som plaid, til pynt for fodenden af din seng og som hammam h\u00e5ndkl\u00e6der.\" \/>\n<meta property=\"og:url\" content=\"https:\/\/tibladin.dk\/en\/product-4\/hammam-towels-luxury-hand-woven\/\" \/>\n<meta property=\"og:site_name\" content=\"Tibladin\" \/>\n<meta property=\"article:modified_time\" content=\"2025-12-19T10:21:52+00:00\" \/>\n<meta property=\"og:image\" content=\"https:\/\/tibladin.dk\/wp-content\/uploads\/2022\/09\/Tibladin_mhamam-haandklaede_LS2_800x900-1.jpg\" \/>\n\t<meta property=\"og:image:width\" content=\"800\" \/>\n\t<meta property=\"og:image:height\" content=\"900\" \/>\n\t<meta property=\"og:image:type\" content=\"image\/jpeg\" \/>\n<meta name=\"twitter:card\" content=\"summary_large_image\" \/>\n<meta name=\"twitter:label1\" content=\"Estimated reading time\" \/>\n\t<meta name=\"twitter:data1\" content=\"2 minutes\" \/>\n<script type=\"application\/ld+json\" class=\"yoast-schema-graph\">{\"@context\":\"https:\\\/\\\/schema.org\",\"@graph\":[{\"@type\":\"WebPage\",\"@id\":\"https:\\\/\\\/tibladin.dk\\\/produkt\\\/hammamhaandklaede-luksus-haandvaevet\\\/\",\"url\":\"https:\\\/\\\/tibladin.dk\\\/produkt\\\/hammamhaandklaede-luksus-haandvaevet\\\/\",\"name\":\"H\u00e5ndv\u00e6vet hammamh\u00e5ndkl\u00e6der i \u00f8kologisk bomuld | Tibladin\",\"isPartOf\":{\"@id\":\"https:\\\/\\\/tibladin.dk\\\/#website\"},\"primaryImageOfPage\":{\"@id\":\"https:\\\/\\\/tibladin.dk\\\/produkt\\\/hammamhaandklaede-luksus-haandvaevet\\\/#primaryimage\"},\"image\":{\"@id\":\"https:\\\/\\\/tibladin.dk\\\/produkt\\\/hammamhaandklaede-luksus-haandvaevet\\\/#primaryimage\"},\"thumbnailUrl\":\"https:\\\/\\\/tibladin.dk\\\/wp-content\\\/uploads\\\/2022\\\/09\\\/Tibladin_mhamam-haandklaede_LS2_800x900-1.jpg\",\"datePublished\":\"2022-09-20T09:03:58+00:00\",\"dateModified\":\"2025-12-19T10:21:52+00:00\",\"description\":\"Helt unikke tekstiler med smukke v\u00e6vninger. Kan bruges b\u00e5de som plaid, til pynt for fodenden af din seng og som hammam h\u00e5ndkl\u00e6der.\",\"breadcrumb\":{\"@id\":\"https:\\\/\\\/tibladin.dk\\\/produkt\\\/hammamhaandklaede-luksus-haandvaevet\\\/#breadcrumb\"},\"inLanguage\":\"en-GB\",\"potentialAction\":[{\"@type\":\"ReadAction\",\"target\":[\"https:\\\/\\\/tibladin.dk\\\/produkt\\\/hammamhaandklaede-luksus-haandvaevet\\\/\"]}]},{\"@type\":\"ImageObject\",\"inLanguage\":\"en-GB\",\"@id\":\"https:\\\/\\\/tibladin.dk\\\/produkt\\\/hammamhaandklaede-luksus-haandvaevet\\\/#primaryimage\",\"url\":\"https:\\\/\\\/tibladin.dk\\\/wp-content\\\/uploads\\\/2022\\\/09\\\/Tibladin_mhamam-haandklaede_LS2_800x900-1.jpg\",\"contentUrl\":\"https:\\\/\\\/tibladin.dk\\\/wp-content\\\/uploads\\\/2022\\\/09\\\/Tibladin_mhamam-haandklaede_LS2_800x900-1.jpg\",\"width\":800,\"height\":900,\"caption\":\"Marokkansk h\u00e5ndv\u00e6vet hammam h\u00e5ndkl\u00e6de plaid med bl\u00e5t marokkansk m\u00f8nster\"},{\"@type\":\"BreadcrumbList\",\"@id\":\"https:\\\/\\\/tibladin.dk\\\/produkt\\\/hammamhaandklaede-luksus-haandvaevet\\\/#breadcrumb\",\"itemListElement\":[{\"@type\":\"ListItem\",\"position\":1,\"name\":\"Hjem\",\"item\":\"https:\\\/\\\/tibladin.dk\\\/\"},{\"@type\":\"ListItem\",\"position\":2,\"name\":\"Shop\",\"item\":\"https:\\\/\\\/tibladin.dk\\\/shop\\\/\"},{\"@type\":\"ListItem\",\"position\":3,\"name\":\"Hammamh\u00e5ndkl\u00e6de luksus h\u00e5ndv\u00e6vet\"}]},{\"@type\":\"WebSite\",\"@id\":\"https:\\\/\\\/tibladin.dk\\\/#website\",\"url\":\"https:\\\/\\\/tibladin.dk\\\/\",\"name\":\"Tibladin\",\"description\":\"Tibladin\",\"publisher\":{\"@id\":\"https:\\\/\\\/tibladin.dk\\\/#organization\"},\"potentialAction\":[{\"@type\":\"SearchAction\",\"target\":{\"@type\":\"EntryPoint\",\"urlTemplate\":\"https:\\\/\\\/tibladin.dk\\\/?s={search_term_string}\"},\"query-input\":{\"@type\":\"PropertyValueSpecification\",\"valueRequired\":true,\"valueName\":\"search_term_string\"}}],\"inLanguage\":\"en-GB\"},{\"@type\":\"Organization\",\"@id\":\"https:\\\/\\\/tibladin.dk\\\/#organization\",\"name\":\"Tibladin\",\"url\":\"https:\\\/\\\/tibladin.dk\\\/\",\"logo\":{\"@type\":\"ImageObject\",\"inLanguage\":\"en-GB\",\"@id\":\"https:\\\/\\\/tibladin.dk\\\/#\\\/schema\\\/logo\\\/image\\\/\",\"url\":\"https:\\\/\\\/tibladin.dk\\\/wp-content\\\/uploads\\\/2022\\\/09\\\/tibladin_logo.svg\",\"contentUrl\":\"https:\\\/\\\/tibladin.dk\\\/wp-content\\\/uploads\\\/2022\\\/09\\\/tibladin_logo.svg\",\"caption\":\"Tibladin\"},\"image\":{\"@id\":\"https:\\\/\\\/tibladin.dk\\\/#\\\/schema\\\/logo\\\/image\\\/\"}}]}<\/script>\n<!-- \/ Yoast SEO plugin. -->","yoast_head_json":{"title":"Handwoven hammam towels in organic cotton | Tibladin","description":"Completely unique textiles with beautiful weaves. Can be used both as a throw, to decorate the foot of your bed and as hammam towels.","robots":{"index":"index","follow":"follow","max-snippet":"max-snippet:-1","max-image-preview":"max-image-preview:large","max-video-preview":"max-video-preview:-1"},"canonical":"https:\/\/tibladin.dk\/en\/product-4\/hammam-towels-luxury-hand-woven\/","og_locale":"en_GB","og_type":"article","og_title":"H\u00e5ndv\u00e6vet hammamh\u00e5ndkl\u00e6der i \u00f8kologisk bomuld | Tibladin","og_description":"Helt unikke tekstiler med smukke v\u00e6vninger. Kan bruges b\u00e5de som plaid, til pynt for fodenden af din seng og som hammam h\u00e5ndkl\u00e6der.","og_url":"https:\/\/tibladin.dk\/en\/product-4\/hammam-towels-luxury-hand-woven\/","og_site_name":"Tibladin","article_modified_time":"2025-12-19T10:21:52+00:00","og_image":[{"width":800,"height":900,"url":"https:\/\/tibladin.dk\/wp-content\/uploads\/2022\/09\/Tibladin_mhamam-haandklaede_LS2_800x900-1.jpg","type":"image\/jpeg"}],"twitter_card":"summary_large_image","twitter_misc":{"Estimated reading time":"2 minutes"},"schema":{"@context":"https:\/\/schema.org","@graph":[{"@type":"WebPage","@id":"https:\/\/tibladin.dk\/produkt\/hammamhaandklaede-luksus-haandvaevet\/","url":"https:\/\/tibladin.dk\/produkt\/hammamhaandklaede-luksus-haandvaevet\/","name":"Handwoven hammam towels in organic cotton | Tibladin","isPartOf":{"@id":"https:\/\/tibladin.dk\/#website"},"primaryImageOfPage":{"@id":"https:\/\/tibladin.dk\/produkt\/hammamhaandklaede-luksus-haandvaevet\/#primaryimage"},"image":{"@id":"https:\/\/tibladin.dk\/produkt\/hammamhaandklaede-luksus-haandvaevet\/#primaryimage"},"thumbnailUrl":"https:\/\/tibladin.dk\/wp-content\/uploads\/2022\/09\/Tibladin_mhamam-haandklaede_LS2_800x900-1.jpg","datePublished":"2022-09-20T09:03:58+00:00","dateModified":"2025-12-19T10:21:52+00:00","description":"Completely unique textiles with beautiful weaves. Can be used both as a throw, to decorate the foot of your bed and as hammam towels.","breadcrumb":{"@id":"https:\/\/tibladin.dk\/produkt\/hammamhaandklaede-luksus-haandvaevet\/#breadcrumb"},"inLanguage":"en-GB","potentialAction":[{"@type":"ReadAction","target":["https:\/\/tibladin.dk\/produkt\/hammamhaandklaede-luksus-haandvaevet\/"]}]},{"@type":"ImageObject","inLanguage":"en-GB","@id":"https:\/\/tibladin.dk\/produkt\/hammamhaandklaede-luksus-haandvaevet\/#primaryimage","url":"https:\/\/tibladin.dk\/wp-content\/uploads\/2022\/09\/Tibladin_mhamam-haandklaede_LS2_800x900-1.jpg","contentUrl":"https:\/\/tibladin.dk\/wp-content\/uploads\/2022\/09\/Tibladin_mhamam-haandklaede_LS2_800x900-1.jpg","width":800,"height":900,"caption":"Marokkansk h\u00e5ndv\u00e6vet hammam h\u00e5ndkl\u00e6de plaid med bl\u00e5t marokkansk m\u00f8nster"},{"@type":"BreadcrumbList","@id":"https:\/\/tibladin.dk\/produkt\/hammamhaandklaede-luksus-haandvaevet\/#breadcrumb","itemListElement":[{"@type":"ListItem","position":1,"name":"Hjem","item":"https:\/\/tibladin.dk\/"},{"@type":"ListItem","position":2,"name":"Shop","item":"https:\/\/tibladin.dk\/shop\/"},{"@type":"ListItem","position":3,"name":"Hammamh\u00e5ndkl\u00e6de luksus h\u00e5ndv\u00e6vet"}]},{"@type":"WebSite","@id":"https:\/\/tibladin.dk\/#website","url":"https:\/\/tibladin.dk\/","name":"Tibladin","description":"Tibladin","publisher":{"@id":"https:\/\/tibladin.dk\/#organization"},"potentialAction":[{"@type":"SearchAction","target":{"@type":"EntryPoint","urlTemplate":"https:\/\/tibladin.dk\/?s={search_term_string}"},"query-input":{"@type":"PropertyValueSpecification","valueRequired":true,"valueName":"search_term_string"}}],"inLanguage":"en-GB"},{"@type":"Organization","@id":"https:\/\/tibladin.dk\/#organization","name":"Tibladin","url":"https:\/\/tibladin.dk\/","logo":{"@type":"ImageObject","inLanguage":"en-GB","@id":"https:\/\/tibladin.dk\/#\/schema\/logo\/image\/","url":"https:\/\/tibladin.dk\/wp-content\/uploads\/2022\/09\/tibladin_logo.svg","contentUrl":"https:\/\/tibladin.dk\/wp-content\/uploads\/2022\/09\/tibladin_logo.svg","caption":"Tibladin"},"image":{"@id":"https:\/\/tibladin.dk\/#\/schema\/logo\/image\/"}}]}},"_links":{"self":[{"href":"https:\/\/tibladin.dk\/en\/wp-json\/wp\/v2\/product\/700","targetHints":{"allow":["GET"]}}],"collection":[{"href":"https:\/\/tibladin.dk\/en\/wp-json\/wp\/v2\/product"}],"about":[{"href":"https:\/\/tibladin.dk\/en\/wp-json\/wp\/v2\/types\/product"}],"wp:featuredmedia":[{"embeddable":true,"href":"https:\/\/tibladin.dk\/en\/wp-json\/wp\/v2\/media\/694"}],"wp:attachment":[{"href":"https:\/\/tibladin.dk\/en\/wp-json\/wp\/v2\/media?parent=700"}],"wp:term":[{"taxonomy":"product_brand","embeddable":true,"href":"https:\/\/tibladin.dk\/en\/wp-json\/wp\/v2\/product_brand?post=700"},{"taxonomy":"product_cat","embeddable":true,"href":"https:\/\/tibladin.dk\/en\/wp-json\/wp\/v2\/product_cat?post=700"},{"taxonomy":"product_tag","embeddable":true,"href":"https:\/\/tibladin.dk\/en\/wp-json\/wp\/v2\/product_tag?post=700"}],"curies":[{"name":"wp","href":"https:\/\/api.w.org\/{rel}","templated":true}]}}