{"id":7366,"date":"2025-06-19T08:26:24","date_gmt":"2025-06-19T06:26:24","guid":{"rendered":"https:\/\/tibladin.dk\/?post_type=product&#038;p=7366"},"modified":"2026-04-14T13:36:42","modified_gmt":"2026-04-14T11:36:42","slug":"moroccan-fouta-hammam-towel","status":"publish","type":"product","link":"https:\/\/tibladin.dk\/en\/produkt\/marokkansk-fouta-hammamhaandklaede\/","title":{"rendered":"Moroccan FOUTA hammam towel"},"content":{"rendered":"<div class=\"wpb-content-wrapper\"><div class=\"vc_row wpb_row vc_row-fluid\"><div class=\"wpb_column vc_column_container vc_col-sm-4\"><div class=\"vc_column-inner\"><div class=\"wpb_wrapper\"><\/div><\/div><\/div><div class=\"wpb_column vc_column_container vc_col-sm-4\"><div class=\"vc_column-inner\"><div class=\"wpb_wrapper\"><h3 style=\"text-align: left\" class=\"vc_custom_heading vc_do_custom_heading\" >Maintenance<\/h3>\n\t<div class=\"wpb_text_column wpb_content_element\" >\n\t\t<div class=\"wpb_wrapper\">\n\t\t\t<p>The hammam towel is 100 % cotton and can be washed at 60 degrees.<\/p>\n\n\t\t<\/div>\n\t<\/div>\n<\/div><\/div><\/div><div class=\"wpb_column vc_column_container vc_col-sm-4\"><div class=\"vc_column-inner\"><div class=\"wpb_wrapper\"><h3 style=\"text-align: left\" class=\"vc_custom_heading vc_do_custom_heading\" >The story behind<\/h3>\n\t<div class=\"wpb_text_column wpb_content_element\" >\n\t\t<div class=\"wpb_wrapper\">\n\t\t\t<p>The Moroccan Fouta towel is in a thin and light quality. Perfect to take with you on the go, at the beach, on holiday or in your sports bag. The possibilities are many. You can also use it as a light tablecloth during the summer holidays. Handwoven by women in a women&#039;s cooperative in 100 % cotton.<\/p>\n<p>Colorful and happy colors!<\/p>\n\n\t\t<\/div>\n\t<\/div>\n<\/div><\/div><\/div><\/div>\n<\/div>","protected":false},"excerpt":{"rendered":"<p class=\"p1\"><span class=\"s1\">Handwoven Fouta hammam towel in 100 % thin and light cotton. The towel is available in 10 different colors and all have a piece with white stripes at each end and the ends have small hand-twisted lace.\u00a0<\/span><\/p>\n<p>Completely unique and wonderfully easy to take with you on the go, in your suitcase, on holiday or in your sports bag. The towel is super practical and dries quickly.<\/p>\n<p>Buy a towel for each family member, possibly in different colors so you can tell the difference.<\/p>\n<p>It is recommended to soak the towel in cold water before washing. Can be washed up to 60 degrees in the machine.<\/p>\n<p>Approx. dimensions: 195\u00d790 cm.<\/p>","protected":false},"featured_media":37304,"template":"","meta":{"inline_featured_image":false},"product_brand":[],"product_cat":[29,63,37,32],"product_tag":[],"class_list":{"0":"post-7366","1":"product","2":"type-product","3":"status-publish","4":"has-post-thumbnail","6":"product_cat-gaven-til-den-unge-pige","7":"product_cat-hammamhaandklaeder","8":"product_cat-tekstiler","9":"product_cat-tilbud","11":"first","12":"instock","13":"sale","14":"featured","15":"taxable","16":"shipping-taxable","17":"purchasable","18":"product-type-variable"},"exclude_global_add_ons":false,"addons":[{"name":"Do you want gift wrapping?","type":"checkbox","position":0,"required":false,"title_format":"label","default":"","description_enable":false,"description":"","placeholder_enable":false,"placeholder":"","display":"images","restrictions_type":"any_text","adjust_price":false,"price":"","price_type":"flat_fee","restrictions":false,"min":"0","max":"0","options":[{"label":"Ja tak","price":"10","price_type":"flat_fee","image":11015,"visibility":true}],"id":1669646111}],"yoast_head":"<!-- This site is optimized with the Yoast SEO plugin v27.4 - https:\/\/yoast.com\/product\/yoast-seo-wordpress\/ -->\n<title>H\u00e5ndv\u00e6vet Fouta h\u00e5ndkl\u00e6der i en let og l\u00e6kker bomuld | Tibladin<\/title>\n<meta name=\"description\" content=\"Helt unikke Fouta hammam h\u00e5ndkl\u00e6de. Vejer ingenting og er lette at have med p\u00e5 farten. De t\u00f8rrer super hurtigt, s\u00e5 du kan v\u00e6re klar til endnu en dukkert\" \/>\n<meta name=\"robots\" content=\"index, follow, max-snippet:-1, max-image-preview:large, max-video-preview:-1\" \/>\n<link rel=\"canonical\" href=\"https:\/\/tibladin.dk\/en\/product-4\/moroccan-fouta-hammam-towel\/\" \/>\n<meta property=\"og:locale\" content=\"en_GB\" \/>\n<meta property=\"og:type\" content=\"article\" \/>\n<meta property=\"og:title\" content=\"H\u00e5ndv\u00e6vet Fouta h\u00e5ndkl\u00e6der i en let og l\u00e6kker bomuld | Tibladin\" \/>\n<meta property=\"og:description\" content=\"Helt unikke Fouta hammam h\u00e5ndkl\u00e6de. Vejer ingenting og er lette at have med p\u00e5 farten. De t\u00f8rrer super hurtigt, s\u00e5 du kan v\u00e6re klar til endnu en dukkert\" \/>\n<meta property=\"og:url\" content=\"https:\/\/tibladin.dk\/en\/product-4\/moroccan-fouta-hammam-towel\/\" \/>\n<meta property=\"og:site_name\" content=\"Tibladin\" \/>\n<meta property=\"article:modified_time\" content=\"2026-04-14T11:36:42+00:00\" \/>\n<meta property=\"og:image\" content=\"https:\/\/tibladin.dk\/wp-content\/uploads\/2023\/05\/Marokkansk-hammam-haandklaede_alle-farver.jpg\" \/>\n\t<meta property=\"og:image:width\" content=\"800\" \/>\n\t<meta property=\"og:image:height\" content=\"800\" \/>\n\t<meta property=\"og:image:type\" content=\"image\/jpeg\" \/>\n<meta name=\"twitter:card\" content=\"summary_large_image\" \/>\n<meta name=\"twitter:label1\" content=\"Estimated reading time\" \/>\n\t<meta name=\"twitter:data1\" content=\"2 minutes\" \/>\n<script type=\"application\/ld+json\" class=\"yoast-schema-graph\">{\"@context\":\"https:\\\/\\\/schema.org\",\"@graph\":[{\"@type\":\"WebPage\",\"@id\":\"https:\\\/\\\/tibladin.dk\\\/produkt\\\/marokkansk-fouta-hammamhaandklaede\\\/\",\"url\":\"https:\\\/\\\/tibladin.dk\\\/produkt\\\/marokkansk-fouta-hammamhaandklaede\\\/\",\"name\":\"H\u00e5ndv\u00e6vet Fouta h\u00e5ndkl\u00e6der i en let og l\u00e6kker bomuld | Tibladin\",\"isPartOf\":{\"@id\":\"https:\\\/\\\/tibladin.dk\\\/#website\"},\"primaryImageOfPage\":{\"@id\":\"https:\\\/\\\/tibladin.dk\\\/produkt\\\/marokkansk-fouta-hammamhaandklaede\\\/#primaryimage\"},\"image\":{\"@id\":\"https:\\\/\\\/tibladin.dk\\\/produkt\\\/marokkansk-fouta-hammamhaandklaede\\\/#primaryimage\"},\"thumbnailUrl\":\"https:\\\/\\\/tibladin.dk\\\/wp-content\\\/uploads\\\/2023\\\/05\\\/Marokkansk-hammam-haandklaede_alle-farver.jpg\",\"datePublished\":\"2025-06-19T06:26:24+00:00\",\"dateModified\":\"2026-04-14T11:36:42+00:00\",\"description\":\"Helt unikke Fouta hammam h\u00e5ndkl\u00e6de. Vejer ingenting og er lette at have med p\u00e5 farten. De t\u00f8rrer super hurtigt, s\u00e5 du kan v\u00e6re klar til endnu en dukkert\",\"breadcrumb\":{\"@id\":\"https:\\\/\\\/tibladin.dk\\\/produkt\\\/marokkansk-fouta-hammamhaandklaede\\\/#breadcrumb\"},\"inLanguage\":\"en-GB\",\"potentialAction\":[{\"@type\":\"ReadAction\",\"target\":[\"https:\\\/\\\/tibladin.dk\\\/produkt\\\/marokkansk-fouta-hammamhaandklaede\\\/\"]}]},{\"@type\":\"ImageObject\",\"inLanguage\":\"en-GB\",\"@id\":\"https:\\\/\\\/tibladin.dk\\\/produkt\\\/marokkansk-fouta-hammamhaandklaede\\\/#primaryimage\",\"url\":\"https:\\\/\\\/tibladin.dk\\\/wp-content\\\/uploads\\\/2023\\\/05\\\/Marokkansk-hammam-haandklaede_alle-farver.jpg\",\"contentUrl\":\"https:\\\/\\\/tibladin.dk\\\/wp-content\\\/uploads\\\/2023\\\/05\\\/Marokkansk-hammam-haandklaede_alle-farver.jpg\",\"width\":800,\"height\":800,\"caption\":\"hammam h\u00e5ndkl\u00e6der alle farver\"},{\"@type\":\"BreadcrumbList\",\"@id\":\"https:\\\/\\\/tibladin.dk\\\/produkt\\\/marokkansk-fouta-hammamhaandklaede\\\/#breadcrumb\",\"itemListElement\":[{\"@type\":\"ListItem\",\"position\":1,\"name\":\"Hjem\",\"item\":\"https:\\\/\\\/tibladin.dk\\\/\"},{\"@type\":\"ListItem\",\"position\":2,\"name\":\"Shop\",\"item\":\"https:\\\/\\\/tibladin.dk\\\/shop\\\/\"},{\"@type\":\"ListItem\",\"position\":3,\"name\":\"Marokkansk FOUTA hammamh\u00e5ndkl\u00e6de\"}]},{\"@type\":\"WebSite\",\"@id\":\"https:\\\/\\\/tibladin.dk\\\/#website\",\"url\":\"https:\\\/\\\/tibladin.dk\\\/\",\"name\":\"Tibladin\",\"description\":\"Tibladin\",\"publisher\":{\"@id\":\"https:\\\/\\\/tibladin.dk\\\/#organization\"},\"potentialAction\":[{\"@type\":\"SearchAction\",\"target\":{\"@type\":\"EntryPoint\",\"urlTemplate\":\"https:\\\/\\\/tibladin.dk\\\/?s={search_term_string}\"},\"query-input\":{\"@type\":\"PropertyValueSpecification\",\"valueRequired\":true,\"valueName\":\"search_term_string\"}}],\"inLanguage\":\"en-GB\"},{\"@type\":\"Organization\",\"@id\":\"https:\\\/\\\/tibladin.dk\\\/#organization\",\"name\":\"Tibladin\",\"url\":\"https:\\\/\\\/tibladin.dk\\\/\",\"logo\":{\"@type\":\"ImageObject\",\"inLanguage\":\"en-GB\",\"@id\":\"https:\\\/\\\/tibladin.dk\\\/#\\\/schema\\\/logo\\\/image\\\/\",\"url\":\"https:\\\/\\\/tibladin.dk\\\/wp-content\\\/uploads\\\/2022\\\/09\\\/tibladin_logo.svg\",\"contentUrl\":\"https:\\\/\\\/tibladin.dk\\\/wp-content\\\/uploads\\\/2022\\\/09\\\/tibladin_logo.svg\",\"caption\":\"Tibladin\"},\"image\":{\"@id\":\"https:\\\/\\\/tibladin.dk\\\/#\\\/schema\\\/logo\\\/image\\\/\"}}]}<\/script>\n<!-- \/ Yoast SEO plugin. -->","yoast_head_json":{"title":"Handwoven Fouta towels in a light and delicious cotton | Tibladin","description":"Completely unique Fouta hammam towel. Weighs nothing and is easy to take with you on the go. They dry super fast so you can be ready for another dip","robots":{"index":"index","follow":"follow","max-snippet":"max-snippet:-1","max-image-preview":"max-image-preview:large","max-video-preview":"max-video-preview:-1"},"canonical":"https:\/\/tibladin.dk\/en\/product-4\/moroccan-fouta-hammam-towel\/","og_locale":"en_GB","og_type":"article","og_title":"H\u00e5ndv\u00e6vet Fouta h\u00e5ndkl\u00e6der i en let og l\u00e6kker bomuld | Tibladin","og_description":"Helt unikke Fouta hammam h\u00e5ndkl\u00e6de. Vejer ingenting og er lette at have med p\u00e5 farten. De t\u00f8rrer super hurtigt, s\u00e5 du kan v\u00e6re klar til endnu en dukkert","og_url":"https:\/\/tibladin.dk\/en\/product-4\/moroccan-fouta-hammam-towel\/","og_site_name":"Tibladin","article_modified_time":"2026-04-14T11:36:42+00:00","og_image":[{"width":800,"height":800,"url":"https:\/\/tibladin.dk\/wp-content\/uploads\/2023\/05\/Marokkansk-hammam-haandklaede_alle-farver.jpg","type":"image\/jpeg"}],"twitter_card":"summary_large_image","twitter_misc":{"Estimated reading time":"2 minutes"},"schema":{"@context":"https:\/\/schema.org","@graph":[{"@type":"WebPage","@id":"https:\/\/tibladin.dk\/produkt\/marokkansk-fouta-hammamhaandklaede\/","url":"https:\/\/tibladin.dk\/produkt\/marokkansk-fouta-hammamhaandklaede\/","name":"Handwoven Fouta towels in a light and delicious cotton | Tibladin","isPartOf":{"@id":"https:\/\/tibladin.dk\/#website"},"primaryImageOfPage":{"@id":"https:\/\/tibladin.dk\/produkt\/marokkansk-fouta-hammamhaandklaede\/#primaryimage"},"image":{"@id":"https:\/\/tibladin.dk\/produkt\/marokkansk-fouta-hammamhaandklaede\/#primaryimage"},"thumbnailUrl":"https:\/\/tibladin.dk\/wp-content\/uploads\/2023\/05\/Marokkansk-hammam-haandklaede_alle-farver.jpg","datePublished":"2025-06-19T06:26:24+00:00","dateModified":"2026-04-14T11:36:42+00:00","description":"Completely unique Fouta hammam towel. Weighs nothing and is easy to take with you on the go. They dry super fast so you can be ready for another dip","breadcrumb":{"@id":"https:\/\/tibladin.dk\/produkt\/marokkansk-fouta-hammamhaandklaede\/#breadcrumb"},"inLanguage":"en-GB","potentialAction":[{"@type":"ReadAction","target":["https:\/\/tibladin.dk\/produkt\/marokkansk-fouta-hammamhaandklaede\/"]}]},{"@type":"ImageObject","inLanguage":"en-GB","@id":"https:\/\/tibladin.dk\/produkt\/marokkansk-fouta-hammamhaandklaede\/#primaryimage","url":"https:\/\/tibladin.dk\/wp-content\/uploads\/2023\/05\/Marokkansk-hammam-haandklaede_alle-farver.jpg","contentUrl":"https:\/\/tibladin.dk\/wp-content\/uploads\/2023\/05\/Marokkansk-hammam-haandklaede_alle-farver.jpg","width":800,"height":800,"caption":"hammam h\u00e5ndkl\u00e6der alle farver"},{"@type":"BreadcrumbList","@id":"https:\/\/tibladin.dk\/produkt\/marokkansk-fouta-hammamhaandklaede\/#breadcrumb","itemListElement":[{"@type":"ListItem","position":1,"name":"Hjem","item":"https:\/\/tibladin.dk\/"},{"@type":"ListItem","position":2,"name":"Shop","item":"https:\/\/tibladin.dk\/shop\/"},{"@type":"ListItem","position":3,"name":"Marokkansk FOUTA hammamh\u00e5ndkl\u00e6de"}]},{"@type":"WebSite","@id":"https:\/\/tibladin.dk\/#website","url":"https:\/\/tibladin.dk\/","name":"Tibladin","description":"Tibladin","publisher":{"@id":"https:\/\/tibladin.dk\/#organization"},"potentialAction":[{"@type":"SearchAction","target":{"@type":"EntryPoint","urlTemplate":"https:\/\/tibladin.dk\/?s={search_term_string}"},"query-input":{"@type":"PropertyValueSpecification","valueRequired":true,"valueName":"search_term_string"}}],"inLanguage":"en-GB"},{"@type":"Organization","@id":"https:\/\/tibladin.dk\/#organization","name":"Tibladin","url":"https:\/\/tibladin.dk\/","logo":{"@type":"ImageObject","inLanguage":"en-GB","@id":"https:\/\/tibladin.dk\/#\/schema\/logo\/image\/","url":"https:\/\/tibladin.dk\/wp-content\/uploads\/2022\/09\/tibladin_logo.svg","contentUrl":"https:\/\/tibladin.dk\/wp-content\/uploads\/2022\/09\/tibladin_logo.svg","caption":"Tibladin"},"image":{"@id":"https:\/\/tibladin.dk\/#\/schema\/logo\/image\/"}}]}},"_links":{"self":[{"href":"https:\/\/tibladin.dk\/en\/wp-json\/wp\/v2\/product\/7366","targetHints":{"allow":["GET"]}}],"collection":[{"href":"https:\/\/tibladin.dk\/en\/wp-json\/wp\/v2\/product"}],"about":[{"href":"https:\/\/tibladin.dk\/en\/wp-json\/wp\/v2\/types\/product"}],"wp:featuredmedia":[{"embeddable":true,"href":"https:\/\/tibladin.dk\/en\/wp-json\/wp\/v2\/media\/37304"}],"wp:attachment":[{"href":"https:\/\/tibladin.dk\/en\/wp-json\/wp\/v2\/media?parent=7366"}],"wp:term":[{"taxonomy":"product_brand","embeddable":true,"href":"https:\/\/tibladin.dk\/en\/wp-json\/wp\/v2\/product_brand?post=7366"},{"taxonomy":"product_cat","embeddable":true,"href":"https:\/\/tibladin.dk\/en\/wp-json\/wp\/v2\/product_cat?post=7366"},{"taxonomy":"product_tag","embeddable":true,"href":"https:\/\/tibladin.dk\/en\/wp-json\/wp\/v2\/product_tag?post=7366"}],"curies":[{"name":"wp","href":"https:\/\/api.w.org\/{rel}","templated":true}]}}