{"id":8793,"date":"2023-10-04T07:56:01","date_gmt":"2023-10-04T05:56:01","guid":{"rendered":"https:\/\/tibladin.dk\/?post_type=product&#038;p=8793"},"modified":"2025-05-05T09:33:58","modified_gmt":"2025-05-05T07:33:58","slug":"handbag-with-kaede-delphine","status":"publish","type":"product","link":"https:\/\/tibladin.dk\/en\/produkt\/haandtaske-med-kaede-delphine\/","title":{"rendered":"Handbag with chain DELPHINE"},"content":{"rendered":"<div class=\"wpb-content-wrapper\"><div class=\"vc_row wpb_row vc_row-fluid\"><div class=\"wpb_column vc_column_container vc_col-sm-4\"><div class=\"vc_column-inner\"><div class=\"wpb_wrapper\"><\/div><\/div><\/div><div class=\"wpb_column vc_column_container vc_col-sm-4\"><div class=\"vc_column-inner\"><div class=\"wpb_wrapper\"><h3 style=\"text-align: left\" class=\"vc_custom_heading vc_do_custom_heading\" >Maintenance<\/h3>\n\t<div class=\"wpb_text_column wpb_content_element\" >\n\t\t<div class=\"wpb_wrapper\">\n\t\t\t<p>Hand wash at max 30 degrees.<\/p>\n\n\t\t<\/div>\n\t<\/div>\n<\/div><\/div><\/div><div class=\"wpb_column vc_column_container vc_col-sm-4\"><div class=\"vc_column-inner\"><div class=\"wpb_wrapper\"><h3 style=\"text-align: left\" class=\"vc_custom_heading vc_do_custom_heading\" >The story behind<\/h3>\n\t<div class=\"wpb_text_column wpb_content_element\" >\n\t\t<div class=\"wpb_wrapper\">\n\t\t\t<p>There is nothing better than wearing something unique! There is only one of this bag. Tibladin&#039;s own design. Available in various beautiful textiles with different colored copper buttons with colored stones inside. The bags close with magnetic snaps on the sides and there is a zip inside for good protection of the contents of the bag. All bags can be worn as a clutch bag, but come with a chain so it can also be worn over the shoulder.<\/p>\n<p>Hand sewn with love.<\/p>\n\n\t\t<\/div>\n\t<\/div>\n<\/div><\/div><\/div><\/div>\n<\/div>","protected":false},"excerpt":{"rendered":"<p>Unique handmade Moroccan bag. There is only 1 of this beautiful DELPHINE bag. Soft velor fabric in a beautiful midnight blue and turquoise and copper colored stripes with a light shine gives an elegant look.<\/p>\n<p>The bag measures 18 cm in height and 30 cm in length. It opens with magnetic snaps on each side. Black soft velor fabric inside and zipper to protect the contents of the bag. The copper button with has small pieces of brownish stones that decorate the center of the bag. The included chain can be attached to the sides, so the bag can be worn over the shoulder or as a crossbody bag. You can also leave the copper chain on and carry it as a clutch handbag. An elegant choice for a night out.<\/p>\n<p>Only this one bag exists.<\/p>","protected":false},"featured_media":8795,"template":"","meta":{"inline_featured_image":false},"product_brand":[],"product_cat":[27,31,32],"product_tag":[],"class_list":{"0":"post-8793","1":"product","2":"type-product","3":"status-publish","4":"has-post-thumbnail","6":"product_cat-diverse","7":"product_cat-tasker","8":"product_cat-tilbud","10":"first","11":"instock","12":"sale","13":"taxable","14":"shipping-taxable","15":"purchasable","16":"product-type-simple"},"exclude_global_add_ons":false,"addons":[{"name":"Do you want gift wrapping?","type":"checkbox","position":0,"required":false,"title_format":"label","default":"","description_enable":false,"description":"","placeholder_enable":false,"placeholder":"","display":"images","restrictions_type":"any_text","adjust_price":false,"price":"","price_type":"flat_fee","restrictions":false,"min":"0","max":"0","options":[{"label":"Ja tak","price":"10","price_type":"flat_fee","image":11015,"visibility":true}],"id":1669646111}],"yoast_head":"<!-- This site is optimized with the Yoast SEO plugin v27.4 - https:\/\/yoast.com\/product\/yoast-seo-wordpress\/ -->\n<title>Unika taske i smukt stof og k\u00e6de - Tibladin<\/title>\n<meta name=\"description\" content=\"Der findes kun \u00e9n som denne. Lukkes med praktisk magnetisk knap. Indvendigt er der sort foer og en lomme med lynl\u00e5s | helt unikt design fra Tibladin\" \/>\n<meta name=\"robots\" content=\"index, follow, max-snippet:-1, max-image-preview:large, max-video-preview:-1\" \/>\n<link rel=\"canonical\" href=\"https:\/\/tibladin.dk\/en\/product-4\/handbag-with-kaede-delphine\/\" \/>\n<meta property=\"og:locale\" content=\"en_GB\" \/>\n<meta property=\"og:type\" content=\"article\" \/>\n<meta property=\"og:title\" content=\"Unika taske i smukt stof og k\u00e6de - Tibladin\" \/>\n<meta property=\"og:description\" content=\"Der findes kun \u00e9n som denne. Lukkes med praktisk magnetisk knap. Indvendigt er der sort foer og en lomme med lynl\u00e5s | helt unikt design fra Tibladin\" \/>\n<meta property=\"og:url\" content=\"https:\/\/tibladin.dk\/en\/product-4\/handbag-with-kaede-delphine\/\" \/>\n<meta property=\"og:site_name\" content=\"Tibladin\" \/>\n<meta property=\"article:modified_time\" content=\"2025-05-05T07:33:58+00:00\" \/>\n<meta property=\"og:image\" content=\"https:\/\/tibladin.dk\/wp-content\/uploads\/2023\/10\/Delphine_haandtaske.jpg\" \/>\n\t<meta property=\"og:image:width\" content=\"800\" \/>\n\t<meta property=\"og:image:height\" content=\"800\" \/>\n\t<meta property=\"og:image:type\" content=\"image\/jpeg\" \/>\n<meta name=\"twitter:card\" content=\"summary_large_image\" \/>\n<meta name=\"twitter:label1\" content=\"Estimated reading time\" \/>\n\t<meta name=\"twitter:data1\" content=\"1 minute\" \/>\n<script type=\"application\/ld+json\" class=\"yoast-schema-graph\">{\"@context\":\"https:\\\/\\\/schema.org\",\"@graph\":[{\"@type\":\"WebPage\",\"@id\":\"https:\\\/\\\/tibladin.dk\\\/produkt\\\/haandtaske-med-kaede-delphine\\\/\",\"url\":\"https:\\\/\\\/tibladin.dk\\\/produkt\\\/haandtaske-med-kaede-delphine\\\/\",\"name\":\"Unika taske i smukt stof og k\u00e6de - Tibladin\",\"isPartOf\":{\"@id\":\"https:\\\/\\\/tibladin.dk\\\/#website\"},\"primaryImageOfPage\":{\"@id\":\"https:\\\/\\\/tibladin.dk\\\/produkt\\\/haandtaske-med-kaede-delphine\\\/#primaryimage\"},\"image\":{\"@id\":\"https:\\\/\\\/tibladin.dk\\\/produkt\\\/haandtaske-med-kaede-delphine\\\/#primaryimage\"},\"thumbnailUrl\":\"https:\\\/\\\/tibladin.dk\\\/wp-content\\\/uploads\\\/2023\\\/10\\\/Delphine_haandtaske.jpg\",\"datePublished\":\"2023-10-04T05:56:01+00:00\",\"dateModified\":\"2025-05-05T07:33:58+00:00\",\"description\":\"Der findes kun \u00e9n som denne. Lukkes med praktisk magnetisk knap. Indvendigt er der sort foer og en lomme med lynl\u00e5s | helt unikt design fra Tibladin\",\"breadcrumb\":{\"@id\":\"https:\\\/\\\/tibladin.dk\\\/produkt\\\/haandtaske-med-kaede-delphine\\\/#breadcrumb\"},\"inLanguage\":\"en-GB\",\"potentialAction\":[{\"@type\":\"ReadAction\",\"target\":[\"https:\\\/\\\/tibladin.dk\\\/produkt\\\/haandtaske-med-kaede-delphine\\\/\"]}]},{\"@type\":\"ImageObject\",\"inLanguage\":\"en-GB\",\"@id\":\"https:\\\/\\\/tibladin.dk\\\/produkt\\\/haandtaske-med-kaede-delphine\\\/#primaryimage\",\"url\":\"https:\\\/\\\/tibladin.dk\\\/wp-content\\\/uploads\\\/2023\\\/10\\\/Delphine_haandtaske.jpg\",\"contentUrl\":\"https:\\\/\\\/tibladin.dk\\\/wp-content\\\/uploads\\\/2023\\\/10\\\/Delphine_haandtaske.jpg\",\"width\":800,\"height\":800,\"caption\":\"H\u00e5ndtaske i bl\u00e5 toner DELPHINE i bl\u00f8dt velour stof\"},{\"@type\":\"BreadcrumbList\",\"@id\":\"https:\\\/\\\/tibladin.dk\\\/produkt\\\/haandtaske-med-kaede-delphine\\\/#breadcrumb\",\"itemListElement\":[{\"@type\":\"ListItem\",\"position\":1,\"name\":\"Hjem\",\"item\":\"https:\\\/\\\/tibladin.dk\\\/\"},{\"@type\":\"ListItem\",\"position\":2,\"name\":\"Shop\",\"item\":\"https:\\\/\\\/tibladin.dk\\\/shop\\\/\"},{\"@type\":\"ListItem\",\"position\":3,\"name\":\"H\u00e5ndtaske med k\u00e6de DELPHINE\"}]},{\"@type\":\"WebSite\",\"@id\":\"https:\\\/\\\/tibladin.dk\\\/#website\",\"url\":\"https:\\\/\\\/tibladin.dk\\\/\",\"name\":\"Tibladin\",\"description\":\"Tibladin\",\"publisher\":{\"@id\":\"https:\\\/\\\/tibladin.dk\\\/#organization\"},\"potentialAction\":[{\"@type\":\"SearchAction\",\"target\":{\"@type\":\"EntryPoint\",\"urlTemplate\":\"https:\\\/\\\/tibladin.dk\\\/?s={search_term_string}\"},\"query-input\":{\"@type\":\"PropertyValueSpecification\",\"valueRequired\":true,\"valueName\":\"search_term_string\"}}],\"inLanguage\":\"en-GB\"},{\"@type\":\"Organization\",\"@id\":\"https:\\\/\\\/tibladin.dk\\\/#organization\",\"name\":\"Tibladin\",\"url\":\"https:\\\/\\\/tibladin.dk\\\/\",\"logo\":{\"@type\":\"ImageObject\",\"inLanguage\":\"en-GB\",\"@id\":\"https:\\\/\\\/tibladin.dk\\\/#\\\/schema\\\/logo\\\/image\\\/\",\"url\":\"https:\\\/\\\/tibladin.dk\\\/wp-content\\\/uploads\\\/2022\\\/09\\\/tibladin_logo.svg\",\"contentUrl\":\"https:\\\/\\\/tibladin.dk\\\/wp-content\\\/uploads\\\/2022\\\/09\\\/tibladin_logo.svg\",\"caption\":\"Tibladin\"},\"image\":{\"@id\":\"https:\\\/\\\/tibladin.dk\\\/#\\\/schema\\\/logo\\\/image\\\/\"}}]}<\/script>\n<!-- \/ Yoast SEO plugin. -->","yoast_head_json":{"title":"Unique bag in beautiful fabric and chain - Tibladin","description":"There is only one like this. Closes with a practical magnetic button. Inside there is a black lining and a pocket with a zip | completely unique design from Tibladin","robots":{"index":"index","follow":"follow","max-snippet":"max-snippet:-1","max-image-preview":"max-image-preview:large","max-video-preview":"max-video-preview:-1"},"canonical":"https:\/\/tibladin.dk\/en\/product-4\/handbag-with-kaede-delphine\/","og_locale":"en_GB","og_type":"article","og_title":"Unika taske i smukt stof og k\u00e6de - Tibladin","og_description":"Der findes kun \u00e9n som denne. Lukkes med praktisk magnetisk knap. Indvendigt er der sort foer og en lomme med lynl\u00e5s | helt unikt design fra Tibladin","og_url":"https:\/\/tibladin.dk\/en\/product-4\/handbag-with-kaede-delphine\/","og_site_name":"Tibladin","article_modified_time":"2025-05-05T07:33:58+00:00","og_image":[{"width":800,"height":800,"url":"https:\/\/tibladin.dk\/wp-content\/uploads\/2023\/10\/Delphine_haandtaske.jpg","type":"image\/jpeg"}],"twitter_card":"summary_large_image","twitter_misc":{"Estimated reading time":"1 minute"},"schema":{"@context":"https:\/\/schema.org","@graph":[{"@type":"WebPage","@id":"https:\/\/tibladin.dk\/produkt\/haandtaske-med-kaede-delphine\/","url":"https:\/\/tibladin.dk\/produkt\/haandtaske-med-kaede-delphine\/","name":"Unique bag in beautiful fabric and chain - Tibladin","isPartOf":{"@id":"https:\/\/tibladin.dk\/#website"},"primaryImageOfPage":{"@id":"https:\/\/tibladin.dk\/produkt\/haandtaske-med-kaede-delphine\/#primaryimage"},"image":{"@id":"https:\/\/tibladin.dk\/produkt\/haandtaske-med-kaede-delphine\/#primaryimage"},"thumbnailUrl":"https:\/\/tibladin.dk\/wp-content\/uploads\/2023\/10\/Delphine_haandtaske.jpg","datePublished":"2023-10-04T05:56:01+00:00","dateModified":"2025-05-05T07:33:58+00:00","description":"There is only one like this. Closes with a practical magnetic button. Inside there is a black lining and a pocket with a zip | completely unique design from Tibladin","breadcrumb":{"@id":"https:\/\/tibladin.dk\/produkt\/haandtaske-med-kaede-delphine\/#breadcrumb"},"inLanguage":"en-GB","potentialAction":[{"@type":"ReadAction","target":["https:\/\/tibladin.dk\/produkt\/haandtaske-med-kaede-delphine\/"]}]},{"@type":"ImageObject","inLanguage":"en-GB","@id":"https:\/\/tibladin.dk\/produkt\/haandtaske-med-kaede-delphine\/#primaryimage","url":"https:\/\/tibladin.dk\/wp-content\/uploads\/2023\/10\/Delphine_haandtaske.jpg","contentUrl":"https:\/\/tibladin.dk\/wp-content\/uploads\/2023\/10\/Delphine_haandtaske.jpg","width":800,"height":800,"caption":"H\u00e5ndtaske i bl\u00e5 toner DELPHINE i bl\u00f8dt velour stof"},{"@type":"BreadcrumbList","@id":"https:\/\/tibladin.dk\/produkt\/haandtaske-med-kaede-delphine\/#breadcrumb","itemListElement":[{"@type":"ListItem","position":1,"name":"Hjem","item":"https:\/\/tibladin.dk\/"},{"@type":"ListItem","position":2,"name":"Shop","item":"https:\/\/tibladin.dk\/shop\/"},{"@type":"ListItem","position":3,"name":"H\u00e5ndtaske med k\u00e6de DELPHINE"}]},{"@type":"WebSite","@id":"https:\/\/tibladin.dk\/#website","url":"https:\/\/tibladin.dk\/","name":"Tibladin","description":"Tibladin","publisher":{"@id":"https:\/\/tibladin.dk\/#organization"},"potentialAction":[{"@type":"SearchAction","target":{"@type":"EntryPoint","urlTemplate":"https:\/\/tibladin.dk\/?s={search_term_string}"},"query-input":{"@type":"PropertyValueSpecification","valueRequired":true,"valueName":"search_term_string"}}],"inLanguage":"en-GB"},{"@type":"Organization","@id":"https:\/\/tibladin.dk\/#organization","name":"Tibladin","url":"https:\/\/tibladin.dk\/","logo":{"@type":"ImageObject","inLanguage":"en-GB","@id":"https:\/\/tibladin.dk\/#\/schema\/logo\/image\/","url":"https:\/\/tibladin.dk\/wp-content\/uploads\/2022\/09\/tibladin_logo.svg","contentUrl":"https:\/\/tibladin.dk\/wp-content\/uploads\/2022\/09\/tibladin_logo.svg","caption":"Tibladin"},"image":{"@id":"https:\/\/tibladin.dk\/#\/schema\/logo\/image\/"}}]}},"_links":{"self":[{"href":"https:\/\/tibladin.dk\/en\/wp-json\/wp\/v2\/product\/8793","targetHints":{"allow":["GET"]}}],"collection":[{"href":"https:\/\/tibladin.dk\/en\/wp-json\/wp\/v2\/product"}],"about":[{"href":"https:\/\/tibladin.dk\/en\/wp-json\/wp\/v2\/types\/product"}],"wp:featuredmedia":[{"embeddable":true,"href":"https:\/\/tibladin.dk\/en\/wp-json\/wp\/v2\/media\/8795"}],"wp:attachment":[{"href":"https:\/\/tibladin.dk\/en\/wp-json\/wp\/v2\/media?parent=8793"}],"wp:term":[{"taxonomy":"product_brand","embeddable":true,"href":"https:\/\/tibladin.dk\/en\/wp-json\/wp\/v2\/product_brand?post=8793"},{"taxonomy":"product_cat","embeddable":true,"href":"https:\/\/tibladin.dk\/en\/wp-json\/wp\/v2\/product_cat?post=8793"},{"taxonomy":"product_tag","embeddable":true,"href":"https:\/\/tibladin.dk\/en\/wp-json\/wp\/v2\/product_tag?post=8793"}],"curies":[{"name":"wp","href":"https:\/\/api.w.org\/{rel}","templated":true}]}}