{"id":887,"date":"2022-09-20T11:05:23","date_gmt":"2022-09-20T09:05:23","guid":{"rendered":"https:\/\/tibladin.dk\/?post_type=product&#038;p=887"},"modified":"2026-03-28T08:26:35","modified_gmt":"2026-03-28T07:26:35","slug":"slippers-ladies-white-with-moenster","status":"publish","type":"product","link":"https:\/\/tibladin.dk\/en\/produkt\/slippers-dame-hvid-med-moenster\/","title":{"rendered":"Women&#039;s slippers - white with pattern"},"content":{"rendered":"<div class=\"wpb-content-wrapper\"><div class=\"vc_row wpb_row vc_row-fluid\"><div class=\"wpb_column vc_column_container vc_col-sm-4\"><div class=\"vc_column-inner\"><div class=\"wpb_wrapper\"><\/div><\/div><\/div><div class=\"wpb_column vc_column_container vc_col-sm-4\"><div class=\"vc_column-inner\"><div class=\"wpb_wrapper\"><h3 style=\"text-align: left\" class=\"vc_custom_heading vc_do_custom_heading\" >Maintenance<\/h3>\n\t<div class=\"wpb_text_column wpb_content_element\" >\n\t\t<div class=\"wpb_wrapper\">\n\t\t\t<p>D<\/p>\n<p>As our Barbouche slippers are made entirely of leather, they have a long shelf life and will acquire a natural patina over time. You can choose to give them a coat of leather grease now and then. Be aware that the color may change slightly if exposed to water, as is the case with all leather materials.<\/p>\n<p>Size guide women \u2013 approx. Goal:<\/p>\n<p>36 L: 23.2 cm<\/p>\n<p>37<span class=\"Apple-converted-space\">\u00a0 <\/span>L: 23.8 cm<\/p>\n<p>38<span class=\"Apple-converted-space\">\u00a0 <\/span>L: 24.3 cm<\/p>\n<p>39<span class=\"Apple-converted-space\">\u00a0 <\/span>L: 25.1 cm<\/p>\n<p>40<span class=\"Apple-converted-space\">\u00a0 <\/span>L: 25.4 cm<\/p>\n<p>41<span class=\"Apple-converted-space\">\u00a0 <\/span>L: 26.3 cm<\/p>\n<p>42 L: 26.5 cm<\/p>\n<p>43 L: 27 cm<\/p>\n\n\t\t<\/div>\n\t<\/div>\n<\/div><\/div><\/div><div class=\"wpb_column vc_column_container vc_col-sm-4\"><div class=\"vc_column-inner\"><div class=\"wpb_wrapper\"><h3 style=\"text-align: left\" class=\"vc_custom_heading vc_do_custom_heading\" >The story behind<\/h3>\n\t<div class=\"wpb_text_column wpb_content_element\" >\n\t\t<div class=\"wpb_wrapper\">\n\t\t\t<p><i>Babouches\u00a0<\/i>are classic Moroccan slippers.<\/p>\n<p>They are handmade in the traditional way in Morocco. All in goat leather, so they feel silky smooth on your feet. With their many different colors and patterns, they can be included in most outfits and add a delicious touch of bohemian to a Scandinavian look. In Morocco, they are used outside as well as inside, and just wait, as soon as you get these nice slippers on your feet, you won&#039;t want to wear anything else.<\/p>\n\n\t\t<\/div>\n\t<\/div>\n<\/div><\/div><\/div><\/div>\n<\/div>","protected":false},"excerpt":{"rendered":"<ul>\n<li>A pair of white slippers with a pattern. Suitable for all outfits!<\/li>\n<li>These classic<em> barbouche<\/em> slippers are handmade in the softest goat leather and will mold to your foot. This version has a fine pattern carved directly into the leather.<\/li>\n<li>Pull them on as soon as you get home from a long day and need to rest your feet.<\/li>\n<\/ul>","protected":false},"featured_media":926,"template":"","meta":{"inline_featured_image":false},"product_brand":[],"product_cat":[42,79,80],"product_tag":[],"class_list":{"0":"post-887","1":"product","2":"type-product","3":"status-publish","4":"has-post-thumbnail","6":"product_cat-gaver-under-200-kr","7":"product_cat-slippers","8":"product_cat-kvinder","10":"first","11":"instock","12":"taxable","13":"shipping-taxable","14":"purchasable","15":"product-type-variable"},"exclude_global_add_ons":false,"addons":[{"name":"Do you want gift wrapping?","type":"checkbox","position":0,"required":false,"title_format":"label","default":"","description_enable":false,"description":"","placeholder_enable":false,"placeholder":"","display":"images","restrictions_type":"any_text","adjust_price":false,"price":"","price_type":"flat_fee","restrictions":false,"min":"0","max":"0","options":[{"label":"Ja tak","price":"10","price_type":"flat_fee","image":11015,"visibility":true}],"id":1669646111}],"yoast_head":"<!-- This site is optimized with the Yoast SEO plugin v27.4 - https:\/\/yoast.com\/product\/yoast-seo-wordpress\/ -->\n<title>Slippers dame | Unikt design | Tibladin<\/title>\n<meta name=\"description\" content=\"Klassiske marokkanske slippers lavet i silkebl\u00f8dt gedel\u00e6der. De f\u00e5s i forskellige st\u00f8rrelser med og uden m\u00f8nster - Tibladin\" \/>\n<meta name=\"robots\" content=\"index, follow, max-snippet:-1, max-image-preview:large, max-video-preview:-1\" \/>\n<link rel=\"canonical\" href=\"https:\/\/tibladin.dk\/en\/product-4\/slippers-ladies-white-with-moenster\/\" \/>\n<meta property=\"og:locale\" content=\"en_GB\" \/>\n<meta property=\"og:type\" content=\"article\" \/>\n<meta property=\"og:title\" content=\"Slippers dame | Unikt design | Tibladin\" \/>\n<meta property=\"og:description\" content=\"Klassiske marokkanske slippers lavet i silkebl\u00f8dt gedel\u00e6der. De f\u00e5s i forskellige st\u00f8rrelser med og uden m\u00f8nster - Tibladin\" \/>\n<meta property=\"og:url\" content=\"https:\/\/tibladin.dk\/en\/product-4\/slippers-ladies-white-with-moenster\/\" \/>\n<meta property=\"og:site_name\" content=\"Tibladin\" \/>\n<meta property=\"article:modified_time\" content=\"2026-03-28T07:26:35+00:00\" \/>\n<meta property=\"og:image\" content=\"https:\/\/tibladin.dk\/wp-content\/uploads\/2022\/09\/Tibladin_slippers-hvid-med-moenster_LS-1.jpg\" \/>\n\t<meta property=\"og:image:width\" content=\"800\" \/>\n\t<meta property=\"og:image:height\" content=\"800\" \/>\n\t<meta property=\"og:image:type\" content=\"image\/jpeg\" \/>\n<meta name=\"twitter:card\" content=\"summary_large_image\" \/>\n<meta name=\"twitter:label1\" content=\"Estimated reading time\" \/>\n\t<meta name=\"twitter:data1\" content=\"2 minutes\" \/>\n<script type=\"application\/ld+json\" class=\"yoast-schema-graph\">{\"@context\":\"https:\\\/\\\/schema.org\",\"@graph\":[{\"@type\":\"WebPage\",\"@id\":\"https:\\\/\\\/tibladin.dk\\\/produkt\\\/slippers-dame-hvid-med-moenster\\\/\",\"url\":\"https:\\\/\\\/tibladin.dk\\\/produkt\\\/slippers-dame-hvid-med-moenster\\\/\",\"name\":\"Slippers dame | Unikt design | Tibladin\",\"isPartOf\":{\"@id\":\"https:\\\/\\\/tibladin.dk\\\/#website\"},\"primaryImageOfPage\":{\"@id\":\"https:\\\/\\\/tibladin.dk\\\/produkt\\\/slippers-dame-hvid-med-moenster\\\/#primaryimage\"},\"image\":{\"@id\":\"https:\\\/\\\/tibladin.dk\\\/produkt\\\/slippers-dame-hvid-med-moenster\\\/#primaryimage\"},\"thumbnailUrl\":\"https:\\\/\\\/tibladin.dk\\\/wp-content\\\/uploads\\\/2022\\\/09\\\/Tibladin_slippers-hvid-med-moenster_LS-1.jpg\",\"datePublished\":\"2022-09-20T09:05:23+00:00\",\"dateModified\":\"2026-03-28T07:26:35+00:00\",\"description\":\"Klassiske marokkanske slippers lavet i silkebl\u00f8dt gedel\u00e6der. De f\u00e5s i forskellige st\u00f8rrelser med og uden m\u00f8nster - Tibladin\",\"breadcrumb\":{\"@id\":\"https:\\\/\\\/tibladin.dk\\\/produkt\\\/slippers-dame-hvid-med-moenster\\\/#breadcrumb\"},\"inLanguage\":\"en-GB\",\"potentialAction\":[{\"@type\":\"ReadAction\",\"target\":[\"https:\\\/\\\/tibladin.dk\\\/produkt\\\/slippers-dame-hvid-med-moenster\\\/\"]}]},{\"@type\":\"ImageObject\",\"inLanguage\":\"en-GB\",\"@id\":\"https:\\\/\\\/tibladin.dk\\\/produkt\\\/slippers-dame-hvid-med-moenster\\\/#primaryimage\",\"url\":\"https:\\\/\\\/tibladin.dk\\\/wp-content\\\/uploads\\\/2022\\\/09\\\/Tibladin_slippers-hvid-med-moenster_LS-1.jpg\",\"contentUrl\":\"https:\\\/\\\/tibladin.dk\\\/wp-content\\\/uploads\\\/2022\\\/09\\\/Tibladin_slippers-hvid-med-moenster_LS-1.jpg\",\"width\":800,\"height\":800,\"caption\":\"Model der holder Marokkanske h\u00e5ndlavede slippers i hvid med m\u00f8nster\"},{\"@type\":\"BreadcrumbList\",\"@id\":\"https:\\\/\\\/tibladin.dk\\\/produkt\\\/slippers-dame-hvid-med-moenster\\\/#breadcrumb\",\"itemListElement\":[{\"@type\":\"ListItem\",\"position\":1,\"name\":\"Hjem\",\"item\":\"https:\\\/\\\/tibladin.dk\\\/\"},{\"@type\":\"ListItem\",\"position\":2,\"name\":\"Shop\",\"item\":\"https:\\\/\\\/tibladin.dk\\\/shop\\\/\"},{\"@type\":\"ListItem\",\"position\":3,\"name\":\"Slippers dame &#8211; hvid med m\u00f8nster\"}]},{\"@type\":\"WebSite\",\"@id\":\"https:\\\/\\\/tibladin.dk\\\/#website\",\"url\":\"https:\\\/\\\/tibladin.dk\\\/\",\"name\":\"Tibladin\",\"description\":\"Tibladin\",\"publisher\":{\"@id\":\"https:\\\/\\\/tibladin.dk\\\/#organization\"},\"potentialAction\":[{\"@type\":\"SearchAction\",\"target\":{\"@type\":\"EntryPoint\",\"urlTemplate\":\"https:\\\/\\\/tibladin.dk\\\/?s={search_term_string}\"},\"query-input\":{\"@type\":\"PropertyValueSpecification\",\"valueRequired\":true,\"valueName\":\"search_term_string\"}}],\"inLanguage\":\"en-GB\"},{\"@type\":\"Organization\",\"@id\":\"https:\\\/\\\/tibladin.dk\\\/#organization\",\"name\":\"Tibladin\",\"url\":\"https:\\\/\\\/tibladin.dk\\\/\",\"logo\":{\"@type\":\"ImageObject\",\"inLanguage\":\"en-GB\",\"@id\":\"https:\\\/\\\/tibladin.dk\\\/#\\\/schema\\\/logo\\\/image\\\/\",\"url\":\"https:\\\/\\\/tibladin.dk\\\/wp-content\\\/uploads\\\/2022\\\/09\\\/tibladin_logo.svg\",\"contentUrl\":\"https:\\\/\\\/tibladin.dk\\\/wp-content\\\/uploads\\\/2022\\\/09\\\/tibladin_logo.svg\",\"caption\":\"Tibladin\"},\"image\":{\"@id\":\"https:\\\/\\\/tibladin.dk\\\/#\\\/schema\\\/logo\\\/image\\\/\"}}]}<\/script>\n<!-- \/ Yoast SEO plugin. -->","yoast_head_json":{"title":"Slippers ladies | Unique design | Tibladin","description":"Classic Moroccan slippers made in silky soft goat leather. They are available in different sizes with and without pattern - Tibladin","robots":{"index":"index","follow":"follow","max-snippet":"max-snippet:-1","max-image-preview":"max-image-preview:large","max-video-preview":"max-video-preview:-1"},"canonical":"https:\/\/tibladin.dk\/en\/product-4\/slippers-ladies-white-with-moenster\/","og_locale":"en_GB","og_type":"article","og_title":"Slippers dame | Unikt design | Tibladin","og_description":"Klassiske marokkanske slippers lavet i silkebl\u00f8dt gedel\u00e6der. De f\u00e5s i forskellige st\u00f8rrelser med og uden m\u00f8nster - Tibladin","og_url":"https:\/\/tibladin.dk\/en\/product-4\/slippers-ladies-white-with-moenster\/","og_site_name":"Tibladin","article_modified_time":"2026-03-28T07:26:35+00:00","og_image":[{"width":800,"height":800,"url":"https:\/\/tibladin.dk\/wp-content\/uploads\/2022\/09\/Tibladin_slippers-hvid-med-moenster_LS-1.jpg","type":"image\/jpeg"}],"twitter_card":"summary_large_image","twitter_misc":{"Estimated reading time":"2 minutes"},"schema":{"@context":"https:\/\/schema.org","@graph":[{"@type":"WebPage","@id":"https:\/\/tibladin.dk\/produkt\/slippers-dame-hvid-med-moenster\/","url":"https:\/\/tibladin.dk\/produkt\/slippers-dame-hvid-med-moenster\/","name":"Slippers ladies | Unique design | Tibladin","isPartOf":{"@id":"https:\/\/tibladin.dk\/#website"},"primaryImageOfPage":{"@id":"https:\/\/tibladin.dk\/produkt\/slippers-dame-hvid-med-moenster\/#primaryimage"},"image":{"@id":"https:\/\/tibladin.dk\/produkt\/slippers-dame-hvid-med-moenster\/#primaryimage"},"thumbnailUrl":"https:\/\/tibladin.dk\/wp-content\/uploads\/2022\/09\/Tibladin_slippers-hvid-med-moenster_LS-1.jpg","datePublished":"2022-09-20T09:05:23+00:00","dateModified":"2026-03-28T07:26:35+00:00","description":"Classic Moroccan slippers made in silky soft goat leather. They are available in different sizes with and without pattern - Tibladin","breadcrumb":{"@id":"https:\/\/tibladin.dk\/produkt\/slippers-dame-hvid-med-moenster\/#breadcrumb"},"inLanguage":"en-GB","potentialAction":[{"@type":"ReadAction","target":["https:\/\/tibladin.dk\/produkt\/slippers-dame-hvid-med-moenster\/"]}]},{"@type":"ImageObject","inLanguage":"en-GB","@id":"https:\/\/tibladin.dk\/produkt\/slippers-dame-hvid-med-moenster\/#primaryimage","url":"https:\/\/tibladin.dk\/wp-content\/uploads\/2022\/09\/Tibladin_slippers-hvid-med-moenster_LS-1.jpg","contentUrl":"https:\/\/tibladin.dk\/wp-content\/uploads\/2022\/09\/Tibladin_slippers-hvid-med-moenster_LS-1.jpg","width":800,"height":800,"caption":"Model der holder Marokkanske h\u00e5ndlavede slippers i hvid med m\u00f8nster"},{"@type":"BreadcrumbList","@id":"https:\/\/tibladin.dk\/produkt\/slippers-dame-hvid-med-moenster\/#breadcrumb","itemListElement":[{"@type":"ListItem","position":1,"name":"Hjem","item":"https:\/\/tibladin.dk\/"},{"@type":"ListItem","position":2,"name":"Shop","item":"https:\/\/tibladin.dk\/shop\/"},{"@type":"ListItem","position":3,"name":"Slippers dame &#8211; hvid med m\u00f8nster"}]},{"@type":"WebSite","@id":"https:\/\/tibladin.dk\/#website","url":"https:\/\/tibladin.dk\/","name":"Tibladin","description":"Tibladin","publisher":{"@id":"https:\/\/tibladin.dk\/#organization"},"potentialAction":[{"@type":"SearchAction","target":{"@type":"EntryPoint","urlTemplate":"https:\/\/tibladin.dk\/?s={search_term_string}"},"query-input":{"@type":"PropertyValueSpecification","valueRequired":true,"valueName":"search_term_string"}}],"inLanguage":"en-GB"},{"@type":"Organization","@id":"https:\/\/tibladin.dk\/#organization","name":"Tibladin","url":"https:\/\/tibladin.dk\/","logo":{"@type":"ImageObject","inLanguage":"en-GB","@id":"https:\/\/tibladin.dk\/#\/schema\/logo\/image\/","url":"https:\/\/tibladin.dk\/wp-content\/uploads\/2022\/09\/tibladin_logo.svg","contentUrl":"https:\/\/tibladin.dk\/wp-content\/uploads\/2022\/09\/tibladin_logo.svg","caption":"Tibladin"},"image":{"@id":"https:\/\/tibladin.dk\/#\/schema\/logo\/image\/"}}]}},"_links":{"self":[{"href":"https:\/\/tibladin.dk\/en\/wp-json\/wp\/v2\/product\/887","targetHints":{"allow":["GET"]}}],"collection":[{"href":"https:\/\/tibladin.dk\/en\/wp-json\/wp\/v2\/product"}],"about":[{"href":"https:\/\/tibladin.dk\/en\/wp-json\/wp\/v2\/types\/product"}],"wp:featuredmedia":[{"embeddable":true,"href":"https:\/\/tibladin.dk\/en\/wp-json\/wp\/v2\/media\/926"}],"wp:attachment":[{"href":"https:\/\/tibladin.dk\/en\/wp-json\/wp\/v2\/media?parent=887"}],"wp:term":[{"taxonomy":"product_brand","embeddable":true,"href":"https:\/\/tibladin.dk\/en\/wp-json\/wp\/v2\/product_brand?post=887"},{"taxonomy":"product_cat","embeddable":true,"href":"https:\/\/tibladin.dk\/en\/wp-json\/wp\/v2\/product_cat?post=887"},{"taxonomy":"product_tag","embeddable":true,"href":"https:\/\/tibladin.dk\/en\/wp-json\/wp\/v2\/product_tag?post=887"}],"curies":[{"name":"wp","href":"https:\/\/api.w.org\/{rel}","templated":true}]}}