{"id":9173,"date":"2023-11-08T10:40:19","date_gmt":"2023-11-08T09:40:19","guid":{"rendered":"https:\/\/tibladin.dk\/?post_type=product&#038;p=9173"},"modified":"2025-05-12T08:26:12","modified_gmt":"2025-05-12T06:26:12","slug":"moroccan-boucherouite-carpet-confetti-143x210-cm","status":"publish","type":"product","link":"https:\/\/tibladin.dk\/en\/produkt\/marokkansk-boucherouite-taeppe-confetti-143x210-cm\/","title":{"rendered":"Moroccan Boucherouite rug - Confetti 143\u00d7210 cm."},"content":{"rendered":"<div class=\"wpb-content-wrapper\"><div class=\"vc_row wpb_row vc_row-fluid\"><div class=\"wpb_column vc_column_container vc_col-sm-4\"><div class=\"vc_column-inner\"><div class=\"wpb_wrapper\"><\/div><\/div><\/div><div class=\"wpb_column vc_column_container vc_col-sm-4\"><div class=\"vc_column-inner\"><div class=\"wpb_wrapper\"><h3 style=\"text-align: left\" class=\"vc_custom_heading vc_do_custom_heading\" >Maintenance<\/h3>\n\t<div class=\"wpb_text_column wpb_content_element\" >\n\t\t<div class=\"wpb_wrapper\">\n\t\t\t<p>Vacuum the carpet regularly and take it outside and shake it once in a while. Stains are removed by soaking up the stain as quickly as possible with a cloth and then dabbing the stain with a damp cloth. The rug is made from scraps of different materials.<\/p>\n\n\t\t<\/div>\n\t<\/div>\n<\/div><\/div><\/div><div class=\"wpb_column vc_column_container vc_col-sm-4\"><div class=\"vc_column-inner\"><div class=\"wpb_wrapper\"><h3 style=\"text-align: left\" class=\"vc_custom_heading vc_do_custom_heading\" >The story behind<\/h3>\n\t<div class=\"wpb_text_column wpb_content_element\" >\n\t\t<div class=\"wpb_wrapper\">\n\t\t\t<p>Carpets decorate, provide coziness and warmth and are also noise absorbent.<\/p>\n<p>Boucherouite rugs are woven from fabric scraps from clothes and textiles and the Berber women give them a new life in an artistic rug. All carpets are unique and small works of art in themselves. The name Boucherouite comes from Bouts de chiffons, which means remnants of fabric. Many types of materials are used in a Boucherouite rug: cotton, nylon, wool, lace, tulle, etc.<span class=\"Apple-converted-space\">\u00a0 <\/span>Each piece of fabric is fixed piece by piece with a special technique. This technique is passed down from mother to daughter through generations. The hallmark of Boucherouite rugs is that they are colorful and thought provoking. They give a warm and colorful touch to the interior and have become very popular among interior design enthusiasts worldwide. The most common size is approx. 100\u00d7170 cm. The smaller rugs are also used as wall decorations with\/or without a frame.<span class=\"Apple-converted-space\">\u00a0<\/span><\/p>\n<p>Explore the Boucherouite carpets at Tibladin and find your favourite!<\/p>\n\n\t\t<\/div>\n\t<\/div>\n<\/div><\/div><\/div><\/div>\n<\/div>","protected":false},"excerpt":{"rendered":"<p>Boucherouite rug CONFETTI measures 143\u00d7210. A lovely regular rug, which fits perfectly in the corner of a sofa or in the middle of the room.<\/p>\n<p>Beautiful colors that bring lots of joy to your home.<\/p>\n<p>Find an element in your interior that matches one of the color tones in the carpet and thus create coherence in your interior.<\/p>\n<p>The charm of Boucherouite rugs is the small biases and uneven edges. Impossible to find two Boucherouite rugs that are the same.<\/p>\n<p>Sustainable carpets, handmade from clothing and fabric scraps. The hallmark of Boucherouite rugs is that they are colorful and thought provoking. They give a warm and colorful touch to the interior and have become very popular among interior design enthusiasts worldwide.<\/p>\n<p>Explore the Boucherouite carpets at Tibladin and find your favourite!<\/p>\n<p>&nbsp;<\/p>","protected":false},"featured_media":9170,"template":"","meta":{"inline_featured_image":false},"product_brand":[],"product_cat":[94,59],"product_tag":[],"class_list":{"0":"post-9173","1":"product","2":"type-product","3":"status-publish","4":"has-post-thumbnail","6":"product_cat-boucherouite","7":"product_cat-marokkanske-taepper","9":"first","10":"instock","11":"sold-individually","12":"taxable","13":"shipping-taxable","14":"purchasable","15":"product-type-simple"},"exclude_global_add_ons":[],"addons":[],"yoast_head":"<!-- This site is optimized with the Yoast SEO plugin v27.4 - https:\/\/yoast.com\/product\/yoast-seo-wordpress\/ -->\n<title>Marokkansk Boucherouite t\u00e6ppe 143x210<\/title>\n<meta name=\"description\" content=\"H\u00e5ndv\u00e6vet marokkansk Boucherouite t\u00e6ppe. Det b\u00e6redygtige t\u00e6ppe, h\u00e5ndlavet af stofrester der f\u00e5r et nyt liv i et kunstnerisk unika t\u00e6ppe.\" \/>\n<meta name=\"robots\" content=\"index, follow, max-snippet:-1, max-image-preview:large, max-video-preview:-1\" \/>\n<link rel=\"canonical\" href=\"https:\/\/tibladin.dk\/en\/product-4\/moroccan-boucherouite-carpet-confetti-143x210-cm\/\" \/>\n<meta property=\"og:locale\" content=\"en_GB\" \/>\n<meta property=\"og:type\" content=\"article\" \/>\n<meta property=\"og:title\" content=\"Marokkansk Boucherouite t\u00e6ppe 143x210\" \/>\n<meta property=\"og:description\" content=\"H\u00e5ndv\u00e6vet marokkansk Boucherouite t\u00e6ppe. Det b\u00e6redygtige t\u00e6ppe, h\u00e5ndlavet af stofrester der f\u00e5r et nyt liv i et kunstnerisk unika t\u00e6ppe.\" \/>\n<meta property=\"og:url\" content=\"https:\/\/tibladin.dk\/en\/product-4\/moroccan-boucherouite-carpet-confetti-143x210-cm\/\" \/>\n<meta property=\"og:site_name\" content=\"Tibladin\" \/>\n<meta property=\"article:modified_time\" content=\"2025-05-12T06:26:12+00:00\" \/>\n<meta property=\"og:image\" content=\"https:\/\/tibladin.dk\/wp-content\/uploads\/2023\/11\/Confetti-Boucherouite-taeppe.jpg\" \/>\n\t<meta property=\"og:image:width\" content=\"800\" \/>\n\t<meta property=\"og:image:height\" content=\"800\" \/>\n\t<meta property=\"og:image:type\" content=\"image\/jpeg\" \/>\n<meta name=\"twitter:card\" content=\"summary_large_image\" \/>\n<meta name=\"twitter:label1\" content=\"Estimated reading time\" \/>\n\t<meta name=\"twitter:data1\" content=\"2 minutes\" \/>\n<script type=\"application\/ld+json\" class=\"yoast-schema-graph\">{\"@context\":\"https:\\\/\\\/schema.org\",\"@graph\":[{\"@type\":\"WebPage\",\"@id\":\"https:\\\/\\\/tibladin.dk\\\/produkt\\\/marokkansk-boucherouite-taeppe-confetti-143x210-cm\\\/\",\"url\":\"https:\\\/\\\/tibladin.dk\\\/produkt\\\/marokkansk-boucherouite-taeppe-confetti-143x210-cm\\\/\",\"name\":\"Marokkansk Boucherouite t\u00e6ppe 143x210\",\"isPartOf\":{\"@id\":\"https:\\\/\\\/tibladin.dk\\\/#website\"},\"primaryImageOfPage\":{\"@id\":\"https:\\\/\\\/tibladin.dk\\\/produkt\\\/marokkansk-boucherouite-taeppe-confetti-143x210-cm\\\/#primaryimage\"},\"image\":{\"@id\":\"https:\\\/\\\/tibladin.dk\\\/produkt\\\/marokkansk-boucherouite-taeppe-confetti-143x210-cm\\\/#primaryimage\"},\"thumbnailUrl\":\"https:\\\/\\\/tibladin.dk\\\/wp-content\\\/uploads\\\/2023\\\/11\\\/Confetti-Boucherouite-taeppe.jpg\",\"datePublished\":\"2023-11-08T09:40:19+00:00\",\"dateModified\":\"2025-05-12T06:26:12+00:00\",\"description\":\"H\u00e5ndv\u00e6vet marokkansk Boucherouite t\u00e6ppe. Det b\u00e6redygtige t\u00e6ppe, h\u00e5ndlavet af stofrester der f\u00e5r et nyt liv i et kunstnerisk unika t\u00e6ppe.\",\"breadcrumb\":{\"@id\":\"https:\\\/\\\/tibladin.dk\\\/produkt\\\/marokkansk-boucherouite-taeppe-confetti-143x210-cm\\\/#breadcrumb\"},\"inLanguage\":\"en-GB\",\"potentialAction\":[{\"@type\":\"ReadAction\",\"target\":[\"https:\\\/\\\/tibladin.dk\\\/produkt\\\/marokkansk-boucherouite-taeppe-confetti-143x210-cm\\\/\"]}]},{\"@type\":\"ImageObject\",\"inLanguage\":\"en-GB\",\"@id\":\"https:\\\/\\\/tibladin.dk\\\/produkt\\\/marokkansk-boucherouite-taeppe-confetti-143x210-cm\\\/#primaryimage\",\"url\":\"https:\\\/\\\/tibladin.dk\\\/wp-content\\\/uploads\\\/2023\\\/11\\\/Confetti-Boucherouite-taeppe.jpg\",\"contentUrl\":\"https:\\\/\\\/tibladin.dk\\\/wp-content\\\/uploads\\\/2023\\\/11\\\/Confetti-Boucherouite-taeppe.jpg\",\"width\":800,\"height\":800,\"caption\":\"Boucherouite t\u00e6ppe i smukke farverige nuancer- M\u00e5ler 143x210 cm\"},{\"@type\":\"BreadcrumbList\",\"@id\":\"https:\\\/\\\/tibladin.dk\\\/produkt\\\/marokkansk-boucherouite-taeppe-confetti-143x210-cm\\\/#breadcrumb\",\"itemListElement\":[{\"@type\":\"ListItem\",\"position\":1,\"name\":\"Hjem\",\"item\":\"https:\\\/\\\/tibladin.dk\\\/\"},{\"@type\":\"ListItem\",\"position\":2,\"name\":\"Shop\",\"item\":\"https:\\\/\\\/tibladin.dk\\\/shop\\\/\"},{\"@type\":\"ListItem\",\"position\":3,\"name\":\"Marokkansk Boucherouite t\u00e6ppe &#8211; Confetti 143&#215;210 cm.\"}]},{\"@type\":\"WebSite\",\"@id\":\"https:\\\/\\\/tibladin.dk\\\/#website\",\"url\":\"https:\\\/\\\/tibladin.dk\\\/\",\"name\":\"Tibladin\",\"description\":\"Tibladin\",\"publisher\":{\"@id\":\"https:\\\/\\\/tibladin.dk\\\/#organization\"},\"potentialAction\":[{\"@type\":\"SearchAction\",\"target\":{\"@type\":\"EntryPoint\",\"urlTemplate\":\"https:\\\/\\\/tibladin.dk\\\/?s={search_term_string}\"},\"query-input\":{\"@type\":\"PropertyValueSpecification\",\"valueRequired\":true,\"valueName\":\"search_term_string\"}}],\"inLanguage\":\"en-GB\"},{\"@type\":\"Organization\",\"@id\":\"https:\\\/\\\/tibladin.dk\\\/#organization\",\"name\":\"Tibladin\",\"url\":\"https:\\\/\\\/tibladin.dk\\\/\",\"logo\":{\"@type\":\"ImageObject\",\"inLanguage\":\"en-GB\",\"@id\":\"https:\\\/\\\/tibladin.dk\\\/#\\\/schema\\\/logo\\\/image\\\/\",\"url\":\"https:\\\/\\\/tibladin.dk\\\/wp-content\\\/uploads\\\/2022\\\/09\\\/tibladin_logo.svg\",\"contentUrl\":\"https:\\\/\\\/tibladin.dk\\\/wp-content\\\/uploads\\\/2022\\\/09\\\/tibladin_logo.svg\",\"caption\":\"Tibladin\"},\"image\":{\"@id\":\"https:\\\/\\\/tibladin.dk\\\/#\\\/schema\\\/logo\\\/image\\\/\"}}]}<\/script>\n<!-- \/ Yoast SEO plugin. -->","yoast_head_json":{"title":"Moroccan Boucherouite carpet 143x210","description":"Handwoven Moroccan Boucherouite rug. The sustainable carpet, handmade from fabric scraps that gets a new life in an artistically unique carpet.","robots":{"index":"index","follow":"follow","max-snippet":"max-snippet:-1","max-image-preview":"max-image-preview:large","max-video-preview":"max-video-preview:-1"},"canonical":"https:\/\/tibladin.dk\/en\/product-4\/moroccan-boucherouite-carpet-confetti-143x210-cm\/","og_locale":"en_GB","og_type":"article","og_title":"Marokkansk Boucherouite t\u00e6ppe 143x210","og_description":"H\u00e5ndv\u00e6vet marokkansk Boucherouite t\u00e6ppe. Det b\u00e6redygtige t\u00e6ppe, h\u00e5ndlavet af stofrester der f\u00e5r et nyt liv i et kunstnerisk unika t\u00e6ppe.","og_url":"https:\/\/tibladin.dk\/en\/product-4\/moroccan-boucherouite-carpet-confetti-143x210-cm\/","og_site_name":"Tibladin","article_modified_time":"2025-05-12T06:26:12+00:00","og_image":[{"width":800,"height":800,"url":"https:\/\/tibladin.dk\/wp-content\/uploads\/2023\/11\/Confetti-Boucherouite-taeppe.jpg","type":"image\/jpeg"}],"twitter_card":"summary_large_image","twitter_misc":{"Estimated reading time":"2 minutes"},"schema":{"@context":"https:\/\/schema.org","@graph":[{"@type":"WebPage","@id":"https:\/\/tibladin.dk\/produkt\/marokkansk-boucherouite-taeppe-confetti-143x210-cm\/","url":"https:\/\/tibladin.dk\/produkt\/marokkansk-boucherouite-taeppe-confetti-143x210-cm\/","name":"Moroccan Boucherouite carpet 143x210","isPartOf":{"@id":"https:\/\/tibladin.dk\/#website"},"primaryImageOfPage":{"@id":"https:\/\/tibladin.dk\/produkt\/marokkansk-boucherouite-taeppe-confetti-143x210-cm\/#primaryimage"},"image":{"@id":"https:\/\/tibladin.dk\/produkt\/marokkansk-boucherouite-taeppe-confetti-143x210-cm\/#primaryimage"},"thumbnailUrl":"https:\/\/tibladin.dk\/wp-content\/uploads\/2023\/11\/Confetti-Boucherouite-taeppe.jpg","datePublished":"2023-11-08T09:40:19+00:00","dateModified":"2025-05-12T06:26:12+00:00","description":"Handwoven Moroccan Boucherouite rug. The sustainable carpet, handmade from fabric scraps that gets a new life in an artistically unique carpet.","breadcrumb":{"@id":"https:\/\/tibladin.dk\/produkt\/marokkansk-boucherouite-taeppe-confetti-143x210-cm\/#breadcrumb"},"inLanguage":"en-GB","potentialAction":[{"@type":"ReadAction","target":["https:\/\/tibladin.dk\/produkt\/marokkansk-boucherouite-taeppe-confetti-143x210-cm\/"]}]},{"@type":"ImageObject","inLanguage":"en-GB","@id":"https:\/\/tibladin.dk\/produkt\/marokkansk-boucherouite-taeppe-confetti-143x210-cm\/#primaryimage","url":"https:\/\/tibladin.dk\/wp-content\/uploads\/2023\/11\/Confetti-Boucherouite-taeppe.jpg","contentUrl":"https:\/\/tibladin.dk\/wp-content\/uploads\/2023\/11\/Confetti-Boucherouite-taeppe.jpg","width":800,"height":800,"caption":"Boucherouite t\u00e6ppe i smukke farverige nuancer- M\u00e5ler 143x210 cm"},{"@type":"BreadcrumbList","@id":"https:\/\/tibladin.dk\/produkt\/marokkansk-boucherouite-taeppe-confetti-143x210-cm\/#breadcrumb","itemListElement":[{"@type":"ListItem","position":1,"name":"Hjem","item":"https:\/\/tibladin.dk\/"},{"@type":"ListItem","position":2,"name":"Shop","item":"https:\/\/tibladin.dk\/shop\/"},{"@type":"ListItem","position":3,"name":"Marokkansk Boucherouite t\u00e6ppe &#8211; Confetti 143&#215;210 cm."}]},{"@type":"WebSite","@id":"https:\/\/tibladin.dk\/#website","url":"https:\/\/tibladin.dk\/","name":"Tibladin","description":"Tibladin","publisher":{"@id":"https:\/\/tibladin.dk\/#organization"},"potentialAction":[{"@type":"SearchAction","target":{"@type":"EntryPoint","urlTemplate":"https:\/\/tibladin.dk\/?s={search_term_string}"},"query-input":{"@type":"PropertyValueSpecification","valueRequired":true,"valueName":"search_term_string"}}],"inLanguage":"en-GB"},{"@type":"Organization","@id":"https:\/\/tibladin.dk\/#organization","name":"Tibladin","url":"https:\/\/tibladin.dk\/","logo":{"@type":"ImageObject","inLanguage":"en-GB","@id":"https:\/\/tibladin.dk\/#\/schema\/logo\/image\/","url":"https:\/\/tibladin.dk\/wp-content\/uploads\/2022\/09\/tibladin_logo.svg","contentUrl":"https:\/\/tibladin.dk\/wp-content\/uploads\/2022\/09\/tibladin_logo.svg","caption":"Tibladin"},"image":{"@id":"https:\/\/tibladin.dk\/#\/schema\/logo\/image\/"}}]}},"_links":{"self":[{"href":"https:\/\/tibladin.dk\/en\/wp-json\/wp\/v2\/product\/9173","targetHints":{"allow":["GET"]}}],"collection":[{"href":"https:\/\/tibladin.dk\/en\/wp-json\/wp\/v2\/product"}],"about":[{"href":"https:\/\/tibladin.dk\/en\/wp-json\/wp\/v2\/types\/product"}],"wp:featuredmedia":[{"embeddable":true,"href":"https:\/\/tibladin.dk\/en\/wp-json\/wp\/v2\/media\/9170"}],"wp:attachment":[{"href":"https:\/\/tibladin.dk\/en\/wp-json\/wp\/v2\/media?parent=9173"}],"wp:term":[{"taxonomy":"product_brand","embeddable":true,"href":"https:\/\/tibladin.dk\/en\/wp-json\/wp\/v2\/product_brand?post=9173"},{"taxonomy":"product_cat","embeddable":true,"href":"https:\/\/tibladin.dk\/en\/wp-json\/wp\/v2\/product_cat?post=9173"},{"taxonomy":"product_tag","embeddable":true,"href":"https:\/\/tibladin.dk\/en\/wp-json\/wp\/v2\/product_tag?post=9173"}],"curies":[{"name":"wp","href":"https:\/\/api.w.org\/{rel}","templated":true}]}}