{"id":11438,"date":"2024-03-06T16:16:50","date_gmt":"2024-03-06T15:16:50","guid":{"rendered":"https:\/\/tibladin.dk\/?page_id=11438"},"modified":"2025-10-10T11:57:36","modified_gmt":"2025-10-10T09:57:36","slug":"droit-de-retractation","status":"publish","type":"page","link":"https:\/\/tibladin.dk\/fr\/fortrydelsesret\/","title":{"rendered":"Droit de r\u00e9tractation"},"content":{"rendered":"<div class=\"wpb-content-wrapper\"><div class=\"vc_row wpb_row vc_row-fluid\"><div class=\"wpb_column vc_column_container vc_col-sm-12\"><div class=\"vc_column-inner\"><div class=\"wpb_wrapper\">\n\t<div class=\"wpb_text_column wpb_content_element\" >\n\t\t<div class=\"wpb_wrapper\">\n\t\t\t<h3>Si vous regrettez votre achat (droit de r\u00e9tractation)<\/h3>\n<p>Vous disposez de 14 jours de plein droit de r\u00e9tractation lorsque vous effectuez un achat chez Tibladin.<br \/>\nLe d\u00e9lai de r\u00e9tractation expire 14 jours apr\u00e8s le jour o\u00f9 vous :<\/p>\n<ul>\n<li>j&#039;ai re\u00e7u votre article<\/li>\n<li>prend physiquement possession du dernier article dans le cas d&#039;un accord portant sur plusieurs articles diff\u00e9rents command\u00e9s en une seule commande et livr\u00e9s individuellement<\/li>\n<li>prend physiquement possession du dernier lot ou de la derni\u00e8re partie dans le cas d&#039;un accord pour la livraison d&#039;un produit compos\u00e9 de plusieurs lots ou parties<\/li>\n<\/ul>\n<p>Vous devez informer Tibladin dans les 14 jours suivant la r\u00e9ception que vous souhaitez annuler votre achat.<\/p>\n<p>L&#039;avis peut \u00eatre adress\u00e9 par courrier \u00e9lectronique \u00e0\u00a0<a href=\"mailto:info@tibladin.dk\">info@tibladin.dk, <\/a>vous pouvez \u00e9galement utiliser le formulaire standard d&#039;annulation, que vous trouverez en bas des conditions commerciales.<\/p>\n<p>Dans votre message, vous devez indiquer clairement pourquoi vous souhaitez retourner votre marchandise.<\/p>\n<p>Vous ne pouvez pas annuler en refusant simplement de recevoir l&#039;article sans en informer clairement Tibladin.<\/p>\n<p><b>Annulation d&#039;une partie de l&#039;achat<br \/>\n<\/b>Si vous avez achet\u00e9 plusieurs articles chez nous, vous avez la possibilit\u00e9 de retourner un ou plusieurs articles, m\u00eame s&#039;ils ont \u00e9t\u00e9 achet\u00e9s en une seule commande.<br \/>\nVeuillez noter que vous ne r\u00e9cup\u00e9rerez pas les frais de port si vous regrettez une partie de votre achat.<\/p>\n<p>&nbsp;<\/p>\n<h3>Retour<\/h3>\n<p>Vous devez nous renvoyer votre commande sans retard injustifi\u00e9 et au plus tard 14 jours apr\u00e8s avoir inform\u00e9 Tibladin de votre souhait d&#039;annuler votre achat. Vous devez supporter les frais directs li\u00e9s au retour de l&#039;article.<br \/>\nLors du retour, vous \u00eates responsable de vous assurer que l\u2019article est correctement emball\u00e9.<br \/>\nVous supportez le risque des marchandises \u00e0 partir du moment de la livraison des marchandises.<\/p>\n<p><strong>Marchandises exclues du droit de r\u00e9tractation<br \/>\n<\/strong>Livraison de biens fabriqu\u00e9s selon les sp\u00e9cifications du consommateur ou ayant re\u00e7u une touche personnelle distincte.<\/p>\n<p><strong>L&#039;\u00e9tat de l&#039;article au moment du renvoi<br \/>\n<\/strong>Vous \u00eates responsable de toute d\u00e9t\u00e9rioration de la valeur du bien due \u00e0 des manipulations autres que celles n\u00e9cessaires pour d\u00e9terminer la nature, les caract\u00e9ristiques et le fonctionnement du bien. En d\u2019autres termes, vous pouvez essayer le produit de la m\u00eame mani\u00e8re que si vous l\u2019essayiez dans un magasin physique.<br \/>\nSi l&#039;article a \u00e9t\u00e9 essay\u00e9 d&#039;une mani\u00e8re autre que celle d\u00e9crite ci-dessus, nous le consid\u00e9rons comme utilis\u00e9, ce qui signifie que si vous annulez l&#039;achat, vous ne r\u00e9cup\u00e9rerez qu&#039;une partie ou rien du montant de l&#039;achat, en fonction de la commercialisation de l&#039;article. valeur.<br \/>\nAfin de r\u00e9cup\u00e9rer le montant total de votre achat, vous devez donc faire la m\u00eame chose que dans un magasin physique. Vous pouvez tester le produit, mais pas r\u00e9ellement l&#039;utiliser.<\/p>\n<p>Nous vous recommandons de renvoyer l&#039;article dans son emballage d&#039;origine.<br \/>\nSi l&#039;emballage d&#039;origine manque, cela peut entra\u00eener une diminution de la valeur de l&#039;article.<\/p>\n<p><strong>Remboursement du montant de l&#039;achat<br \/>\n<\/strong>Si vous regrettez votre achat, vous serez bien entendu rembours\u00e9 du montant que vous avez rembours\u00e9. En cas de diminution de valeur dont vous \u00eates responsable, celle-ci sera d\u00e9duite du montant de l&#039;achat.<br \/>\nSi vous exercez votre droit de r\u00e9tractation, Tibladin remboursera tous les paiements re\u00e7us de votre part, y compris les frais de livraison (mais pas les frais suppl\u00e9mentaires r\u00e9sultant de votre choix d&#039;un mode de livraison diff\u00e9rent du mode de livraison standard le moins cher).<\/p>\n<p>Le paiement sera rembours\u00e9 sans retard injustifi\u00e9 et en tout \u00e9tat de cause au plus tard 14 jours \u00e0 compter de la date \u00e0 laquelle Tibladin a re\u00e7u notification de votre d\u00e9cision de vous retirer du pr\u00e9sent accord. Un tel remboursement s&#039;effectue avec le m\u00eame moyen de paiement que celui que vous avez utilis\u00e9 pour la transaction initiale, sauf si vous avez express\u00e9ment accept\u00e9 autre chose.<br \/>\nLe remboursement peut \u00eatre retenu jusqu&#039;\u00e0 ce que Tibladin ait re\u00e7u l&#039;article, \u00e0 moins que vous n&#039;ayez fourni des documents attestant que vous l&#039;avez retourn\u00e9 avant cette date.<\/p>\n<p><strong>Si vous regrettez l&#039;achat, l&#039;article doit \u00eatre envoy\u00e9 \u00e0 :<br \/>\n<\/strong>Tibladin<br \/>\nSkt. Knuds Torv 23<br \/>\n8000 Aarhus C<\/p>\n<p>Doit \u00eatre envoy\u00e9 \u00e0 une adresse professionnelle et non \u00e0 un point relais.<\/p>\n<p><strong>Que dois-je renvoyer ?<br \/>\n<\/strong>Veuillez joindre une copie de la confirmation de commande. Note! Tibladin ne re\u00e7oit pas les colis envoy\u00e9s par paiement \u00e0 la livraison.<\/p>\n<div id=\"primary\" class=\"content-area\">\n<div id=\"post-3629\" class=\"post-3629 page type-page status-publish hentry\">\n<div class=\"entry-content\">\n<p><strong><span class=\"s26\">Formulaire d&#039;annulation standard<\/span><\/strong><\/p>\n<p><span class=\"s27\">(Ce formulaire est compl\u00e9t\u00e9 et renvoy\u00e9 uniquement si le droit de r\u00e9tractation est exerc\u00e9)<\/span><\/p>\n<p><span class=\"s27\">\u00c0:<\/span><\/p>\n<p><span class=\"s27\">Tibladin<\/span><\/p>\n<p><span class=\"s27\">Skt. Knuds Torv 23<\/span><\/p>\n<p><span class=\"s27\">8000 Aarhus C<\/span><\/p>\n<p><span class=\"s27\">e-mail : info@tibladin.dk<\/span><\/p>\n<p>&nbsp;<\/p>\n<p><span class=\"s27\">J&#039;annonce par la pr\u00e9sente que je souhaite exercer le droit de r\u00e9tractation dans le cadre de mon contrat d&#039;achat pour les biens\/services suivants\u00a0:<\/span><\/p>\n<p><span class=\"s27\">__________________________________________________________________________________<\/span><\/p>\n<p>Sur le num\u00e9ro de commande<\/p>\n<p><span class=\"s27\">_______________________________<\/span><\/p>\n<p>&nbsp;<\/p>\n<p><span class=\"s27\">Je l&#039;ai command\u00e9\u00a0: _______________________________ Je l&#039;ai re\u00e7u\u00a0: _______________________________<\/span><\/p>\n<p>&nbsp;<\/p>\n<p><span class=\"s27\">Nom du consommateur\u00a0: ________________________________________________________________________________________<\/span><\/p>\n<p>&nbsp;<\/p>\n<p><span class=\"s27\">Adresse du consommateur\u00a0: ___________________________________________________________________<\/span><\/p>\n<p>&nbsp;<\/p>\n<p><span class=\"s27\">Signature du consommateur : _______________________________________________________ Date : _________________<\/span><\/p>\n<p><span class=\"s28\">(uniquement si le contenu du formulaire est communiqu\u00e9 sur papier)<\/span><\/p>\n<p>&nbsp;<\/p>\n<p class=\"s29\"><span class=\"s20\">Les termes et conditions ont \u00e9t\u00e9 mis \u00e0 jour le plus r\u00e9cemment <\/span><span class=\"s20\">le 24.10.2022<\/span><\/p>\n<p>&nbsp;<\/p>\n<\/div>\n<\/div>\n<p>&nbsp;<\/p>\n<\/div>\n\n\t\t<\/div>\n\t<\/div>\n<\/div><\/div><\/div><\/div>\n<\/div>","protected":false},"excerpt":{"rendered":"Hvis du fortryder dit k\u00f8b (fortrydelsesret) Du har 14 dages fuld fortrydelsesret, n\u00e5r du handler hos Tibladin. Fortrydelsesfristen udl\u00f8ber 14 dage efter den dag, du: har modtaget din vare f\u00e5r den sidste vare i fysisk besiddelse, n\u00e5r det drejer sig om en aftale om flere forskellige varer, som er bestilt i \u00e9n ordre, og som [...]","protected":false},"author":2,"featured_media":0,"parent":0,"menu_order":0,"comment_status":"closed","ping_status":"closed","template":"","meta":{"inline_featured_image":false,"footnotes":""},"class_list":["post-11438","page","type-page","status-publish","hentry"],"yoast_head":"<!-- This site is optimized with the Yoast SEO plugin v27.4 - https:\/\/yoast.com\/product\/yoast-seo-wordpress\/ -->\n<title>Fortrydelsesret | Hos Tibladin har de 14 dages fortrydelsesret<\/title>\n<meta name=\"description\" content=\"Fortryder du dit k\u00f8b? Ingen problem, du har 14 dages fortrydelsesret p\u00e5 dit k\u00f8b | L\u00e6s hvordan du skal forholde dig hvis du fortryder dit k\u00f8b.\" \/>\n<meta name=\"robots\" content=\"index, follow, max-snippet:-1, max-image-preview:large, max-video-preview:-1\" \/>\n<link rel=\"canonical\" href=\"https:\/\/tibladin.dk\/fr\/droit-de-retractation\/\" \/>\n<meta property=\"og:locale\" content=\"fr_FR\" \/>\n<meta property=\"og:type\" content=\"article\" \/>\n<meta property=\"og:title\" content=\"Fortrydelsesret | Hos Tibladin har de 14 dages fortrydelsesret\" \/>\n<meta property=\"og:description\" content=\"Fortryder du dit k\u00f8b? Ingen problem, du har 14 dages fortrydelsesret p\u00e5 dit k\u00f8b | L\u00e6s hvordan du skal forholde dig hvis du fortryder dit k\u00f8b.\" \/>\n<meta property=\"og:url\" content=\"https:\/\/tibladin.dk\/fr\/droit-de-retractation\/\" \/>\n<meta property=\"og:site_name\" content=\"Tibladin\" \/>\n<meta property=\"article:modified_time\" content=\"2025-10-10T09:57:36+00:00\" \/>\n<meta name=\"twitter:card\" content=\"summary_large_image\" \/>\n<meta name=\"twitter:label1\" content=\"Dur\u00e9e de lecture estim\u00e9e\" \/>\n\t<meta name=\"twitter:data1\" content=\"4 minutes\" \/>\n<script type=\"application\/ld+json\" class=\"yoast-schema-graph\">{\"@context\":\"https:\\\/\\\/schema.org\",\"@graph\":[{\"@type\":\"WebPage\",\"@id\":\"https:\\\/\\\/tibladin.dk\\\/fortrydelsesret\\\/\",\"url\":\"https:\\\/\\\/tibladin.dk\\\/fortrydelsesret\\\/\",\"name\":\"Fortrydelsesret | Hos Tibladin har de 14 dages fortrydelsesret\",\"isPartOf\":{\"@id\":\"https:\\\/\\\/tibladin.dk\\\/#website\"},\"datePublished\":\"2024-03-06T15:16:50+00:00\",\"dateModified\":\"2025-10-10T09:57:36+00:00\",\"description\":\"Fortryder du dit k\u00f8b? Ingen problem, du har 14 dages fortrydelsesret p\u00e5 dit k\u00f8b | L\u00e6s hvordan du skal forholde dig hvis du fortryder dit k\u00f8b.\",\"breadcrumb\":{\"@id\":\"https:\\\/\\\/tibladin.dk\\\/fortrydelsesret\\\/#breadcrumb\"},\"inLanguage\":\"fr-FR\",\"potentialAction\":[{\"@type\":\"ReadAction\",\"target\":[\"https:\\\/\\\/tibladin.dk\\\/fortrydelsesret\\\/\"]}]},{\"@type\":\"BreadcrumbList\",\"@id\":\"https:\\\/\\\/tibladin.dk\\\/fortrydelsesret\\\/#breadcrumb\",\"itemListElement\":[{\"@type\":\"ListItem\",\"position\":1,\"name\":\"Hjem\",\"item\":\"https:\\\/\\\/tibladin.dk\\\/\"},{\"@type\":\"ListItem\",\"position\":2,\"name\":\"Fortrydelsesret\"}]},{\"@type\":\"WebSite\",\"@id\":\"https:\\\/\\\/tibladin.dk\\\/#website\",\"url\":\"https:\\\/\\\/tibladin.dk\\\/\",\"name\":\"Tibladin\",\"description\":\"Tibladin\",\"publisher\":{\"@id\":\"https:\\\/\\\/tibladin.dk\\\/#organization\"},\"potentialAction\":[{\"@type\":\"SearchAction\",\"target\":{\"@type\":\"EntryPoint\",\"urlTemplate\":\"https:\\\/\\\/tibladin.dk\\\/?s={search_term_string}\"},\"query-input\":{\"@type\":\"PropertyValueSpecification\",\"valueRequired\":true,\"valueName\":\"search_term_string\"}}],\"inLanguage\":\"fr-FR\"},{\"@type\":\"Organization\",\"@id\":\"https:\\\/\\\/tibladin.dk\\\/#organization\",\"name\":\"Tibladin\",\"url\":\"https:\\\/\\\/tibladin.dk\\\/\",\"logo\":{\"@type\":\"ImageObject\",\"inLanguage\":\"fr-FR\",\"@id\":\"https:\\\/\\\/tibladin.dk\\\/#\\\/schema\\\/logo\\\/image\\\/\",\"url\":\"https:\\\/\\\/tibladin.dk\\\/wp-content\\\/uploads\\\/2022\\\/09\\\/tibladin_logo.svg\",\"contentUrl\":\"https:\\\/\\\/tibladin.dk\\\/wp-content\\\/uploads\\\/2022\\\/09\\\/tibladin_logo.svg\",\"caption\":\"Tibladin\"},\"image\":{\"@id\":\"https:\\\/\\\/tibladin.dk\\\/#\\\/schema\\\/logo\\\/image\\\/\"}}]}<\/script>\n<!-- \/ Yoast SEO plugin. -->","yoast_head_json":{"title":"Droit de r\u00e9tractation | A Tibladin, ils disposent d&#039;un droit de r\u00e9tractation de 14 jours","description":"Regrettez-vous votre achat ? Pas de probl\u00e8me, vous disposez d&#039;un droit de 14 jours pour annuler votre achat Lisez quoi faire si vous regrettez votre achat.","robots":{"index":"index","follow":"follow","max-snippet":"max-snippet:-1","max-image-preview":"max-image-preview:large","max-video-preview":"max-video-preview:-1"},"canonical":"https:\/\/tibladin.dk\/fr\/droit-de-retractation\/","og_locale":"fr_FR","og_type":"article","og_title":"Fortrydelsesret | Hos Tibladin har de 14 dages fortrydelsesret","og_description":"Fortryder du dit k\u00f8b? Ingen problem, du har 14 dages fortrydelsesret p\u00e5 dit k\u00f8b | L\u00e6s hvordan du skal forholde dig hvis du fortryder dit k\u00f8b.","og_url":"https:\/\/tibladin.dk\/fr\/droit-de-retractation\/","og_site_name":"Tibladin","article_modified_time":"2025-10-10T09:57:36+00:00","twitter_card":"summary_large_image","twitter_misc":{"Dur\u00e9e de lecture estim\u00e9e":"4 minutes"},"schema":{"@context":"https:\/\/schema.org","@graph":[{"@type":"WebPage","@id":"https:\/\/tibladin.dk\/fortrydelsesret\/","url":"https:\/\/tibladin.dk\/fortrydelsesret\/","name":"Droit de r\u00e9tractation | A Tibladin, ils disposent d&#039;un droit de r\u00e9tractation de 14 jours","isPartOf":{"@id":"https:\/\/tibladin.dk\/#website"},"datePublished":"2024-03-06T15:16:50+00:00","dateModified":"2025-10-10T09:57:36+00:00","description":"Regrettez-vous votre achat ? Pas de probl\u00e8me, vous disposez d&#039;un droit de 14 jours pour annuler votre achat Lisez quoi faire si vous regrettez votre achat.","breadcrumb":{"@id":"https:\/\/tibladin.dk\/fortrydelsesret\/#breadcrumb"},"inLanguage":"fr-FR","potentialAction":[{"@type":"ReadAction","target":["https:\/\/tibladin.dk\/fortrydelsesret\/"]}]},{"@type":"BreadcrumbList","@id":"https:\/\/tibladin.dk\/fortrydelsesret\/#breadcrumb","itemListElement":[{"@type":"ListItem","position":1,"name":"Hjem","item":"https:\/\/tibladin.dk\/"},{"@type":"ListItem","position":2,"name":"Fortrydelsesret"}]},{"@type":"WebSite","@id":"https:\/\/tibladin.dk\/#website","url":"https:\/\/tibladin.dk\/","name":"Tibladin","description":"Tibladin","publisher":{"@id":"https:\/\/tibladin.dk\/#organization"},"potentialAction":[{"@type":"SearchAction","target":{"@type":"EntryPoint","urlTemplate":"https:\/\/tibladin.dk\/?s={search_term_string}"},"query-input":{"@type":"PropertyValueSpecification","valueRequired":true,"valueName":"search_term_string"}}],"inLanguage":"fr-FR"},{"@type":"Organization","@id":"https:\/\/tibladin.dk\/#organization","name":"Tibladin","url":"https:\/\/tibladin.dk\/","logo":{"@type":"ImageObject","inLanguage":"fr-FR","@id":"https:\/\/tibladin.dk\/#\/schema\/logo\/image\/","url":"https:\/\/tibladin.dk\/wp-content\/uploads\/2022\/09\/tibladin_logo.svg","contentUrl":"https:\/\/tibladin.dk\/wp-content\/uploads\/2022\/09\/tibladin_logo.svg","caption":"Tibladin"},"image":{"@id":"https:\/\/tibladin.dk\/#\/schema\/logo\/image\/"}}]}},"_links":{"self":[{"href":"https:\/\/tibladin.dk\/fr\/wp-json\/wp\/v2\/pages\/11438","targetHints":{"allow":["GET"]}}],"collection":[{"href":"https:\/\/tibladin.dk\/fr\/wp-json\/wp\/v2\/pages"}],"about":[{"href":"https:\/\/tibladin.dk\/fr\/wp-json\/wp\/v2\/types\/page"}],"author":[{"embeddable":true,"href":"https:\/\/tibladin.dk\/fr\/wp-json\/wp\/v2\/users\/2"}],"replies":[{"embeddable":true,"href":"https:\/\/tibladin.dk\/fr\/wp-json\/wp\/v2\/comments?post=11438"}],"version-history":[{"count":3,"href":"https:\/\/tibladin.dk\/fr\/wp-json\/wp\/v2\/pages\/11438\/revisions"}],"predecessor-version":[{"id":40509,"href":"https:\/\/tibladin.dk\/fr\/wp-json\/wp\/v2\/pages\/11438\/revisions\/40509"}],"wp:attachment":[{"href":"https:\/\/tibladin.dk\/fr\/wp-json\/wp\/v2\/media?parent=11438"}],"curies":[{"name":"wp","href":"https:\/\/api.w.org\/{rel}","templated":true}]}}