{"id":34316,"date":"2025-01-27T12:46:39","date_gmt":"2025-01-27T11:46:39","guid":{"rendered":"https:\/\/tibladin.dk\/?page_id=34316"},"modified":"2025-06-20T14:48:57","modified_gmt":"2025-06-20T12:48:57","slug":"production-durable","status":"publish","type":"page","link":"https:\/\/tibladin.dk\/fr\/baeredygtig-produktion\/","title":{"rendered":"Production durable"},"content":{"rendered":"<div class=\"wpb-content-wrapper\"><section data-vc-full-width=\"true\" data-vc-full-width-temp=\"true\" data-vc-full-width-init=\"false\" class=\"vc_section vc_custom_1666001388259 vc_section-has-fill vc_row-o-full-height vc_section-o-content-middle vc_section-flex\"><div class=\"vc_row wpb_row vc_row-fluid\"><div class=\"wpb_column vc_column_container vc_col-sm-12\"><div class=\"vc_column-inner\"><div class=\"wpb_wrapper\"><h1 style=\"font-size: 4rem;color: #ffffff;text-align: center\" class=\"vc_custom_heading vc_do_custom_heading vc_custom_1737542298165\" >Production durable<\/h1><\/div><\/div><\/div><\/div><\/section><div class=\"vc_row-full-width vc_clearfix\"><\/div><div class=\"vc_row wpb_row vc_row-fluid max-width-col vc_custom_1698923591576\"><div class=\"wpb_column vc_column_container vc_col-sm-12\"><div class=\"vc_column-inner\"><div class=\"wpb_wrapper\"><h2 style=\"text-align: center\" class=\"vc_custom_heading vc_do_custom_heading\" >Chez Tibladin, nous sommes fiers de mettre l\u2019accent sur un savoir-faire unique. Explorez et apprenez-en davantage sur la fa\u00e7on dont nos produits sont fabriqu\u00e9s et sur la fa\u00e7on dont nous assumons notre responsabilit\u00e9 sociale.<\/h2><\/div><\/div><\/div><\/div><div class=\"vc_row wpb_row vc_row-fluid\"><div class=\"wpb_column vc_column_container vc_col-sm-6\"><div class=\"vc_column-inner\"><div class=\"wpb_wrapper\">\n\t<div  class=\"wpb_single_image wpb_content_element vc_align_center wpb_content_element\">\n\t\t\n\t\t<figure class=\"wpb_wrapper vc_figure\">\n\t\t\t<a href=\"http:\/\/tibladin.dk\/fr\/la-production-de-notre-verre-beldi\/\" target=\"_self\" class=\"vc_single_image-wrapper   vc_box_border_grey\"><img decoding=\"async\" class=\"vc_single_image-img\" src=\"https:\/\/tibladin.dk\/wp-content\/uploads\/2025\/01\/Beldi-glas_produktion_3.jpg\" width=\"800\" height=\"800\" alt=\"Femme de production de verre Beldi\" title=\"Production de verre Beldi 3\" loading=\"lazy\" \/><\/a>\n\t\t<\/figure>\n\t<\/div>\n<h2 style=\"text-align: left\" class=\"vc_custom_heading vc_do_custom_heading\" ><a href=\"https:\/\/tibladin.dk\/fr\/la-production-de-notre-verre-beldi\/\" title=\"La fabrication de notre verre beldi\">Verre Beldi<\/a><\/h2>\n\t<div class=\"wpb_text_column wpb_content_element\" >\n\t\t<div class=\"wpb_wrapper\">\n\t\t\t<div class=\"flex-shrink-0 flex flex-col relative items-end\">\n<div>\n<div class=\"pt-0\">\n<div class=\"gizmo-bot-avatar flex h-8 w-8 items-center justify-center overflow-hidden rounded-full\">\n<div class=\"relative p-1 rounded-sm flex items-center justify-center bg-token-main-surface-primary text-token-text-primary h-8 w-8\">Le verre Beldi est fabriqu\u00e9 \u00e0 la main au Maroc \u00e0 partir de verre recycl\u00e9 100%, collect\u00e9 \u00e0 Marrakech, refondu et souffl\u00e9 \u00e0 la bouche dans des verres uniques. Les petites irr\u00e9gularit\u00e9s, les bulles d\u2019air et les variations d\u2019\u00e9paisseur et de couleur rendent chaque verre unique et plein de personnalit\u00e9. En savoir plus sur la production du verre Beldi<\/div>\n<\/div>\n<\/div>\n<\/div>\n<\/div>\n\n\t\t<\/div>\n\t<\/div>\n<\/div><\/div><\/div><div class=\"wpb_column vc_column_container vc_col-sm-6\"><div class=\"vc_column-inner\"><div class=\"wpb_wrapper\">\n\t<div  class=\"wpb_single_image wpb_content_element vc_align_center wpb_content_element\">\n\t\t\n\t\t<figure class=\"wpb_wrapper vc_figure\">\n\t\t\t<a href=\"https:\/\/tibladin.dk\/fr\/cooperative-de-femmes\/\" target=\"_self\" class=\"vc_single_image-wrapper   vc_box_border_grey\"><img decoding=\"async\" class=\"vc_single_image-img\" src=\"https:\/\/tibladin.dk\/wp-content\/uploads\/2025\/01\/Vaevning_kvindekooperativ_8-800x800.jpg\" width=\"800\" height=\"800\" alt=\"Coop\u00e9rative de femmes tisserandes au travail\" title=\"Coop\u00e9rative de femmes tisserandes 8\" loading=\"lazy\" \/><\/a>\n\t\t<\/figure>\n\t<\/div>\n<h2 style=\"text-align: left\" class=\"vc_custom_heading vc_do_custom_heading\" ><a href=\"https:\/\/tibladin.dk\/fr\/cooperative-de-femmes\/\" title=\"Coop\u00e9rative de femmes\">Coop\u00e9rative de femmes<\/a><\/h2>\n\t<div class=\"wpb_text_column wpb_content_element\" >\n\t\t<div class=\"wpb_wrapper\">\n\t\t\t<p>Tibladin travaille avec des coop\u00e9ratives de femmes au Maroc pour autonomiser les femmes gr\u00e2ce \u00e0 l&#039;ind\u00e9pendance \u00e9conomique et \u00e0 des opportunit\u00e9s durables. En savoir plus sur notre travail avec les coop\u00e9ratives de femmes<\/p>\n\n\t\t<\/div>\n\t<\/div>\n<\/div><\/div><\/div><\/div><div class=\"vc_row wpb_row vc_row-fluid\"><div class=\"wpb_column vc_column_container vc_col-sm-6\"><div class=\"vc_column-inner\"><div class=\"wpb_wrapper\">\n\t<div  class=\"wpb_single_image wpb_content_element vc_align_left wpb_content_element\">\n\t\t\n\t\t<figure class=\"wpb_wrapper vc_figure\">\n\t\t\t<a href=\"https:\/\/tibladin.dk\/fr\/production-de-nos-ceramiques\/\" target=\"_self\" class=\"vc_single_image-wrapper   vc_box_border_grey\"><img decoding=\"async\" class=\"vc_single_image-img\" src=\"https:\/\/tibladin.dk\/wp-content\/uploads\/2025\/01\/keramik_10.jpg\" width=\"800\" height=\"800\" alt=\"La c\u00e9ramique marocaine au soleil\" title=\"c\u00e9ramique_10\" loading=\"lazy\" \/><\/a>\n\t\t<\/figure>\n\t<\/div>\n<h2 style=\"text-align: left\" class=\"vc_custom_heading vc_do_custom_heading\" ><a href=\"https:\/\/tibladin.dk\/fr\/production-de-nos-ceramiques\/\" title=\"Production de nos c\u00e9ramiques\">C\u00e9ramique<\/a><\/h2>\n\t<div class=\"wpb_text_column wpb_content_element\" >\n\t\t<div class=\"wpb_wrapper\">\n\t\t\t<p>Tibladin collabore avec des c\u00e9ramistes qualifi\u00e9s pour cr\u00e9er des collections uniques de gr\u00e8s et de c\u00e9ramique. Nous combinons nos propres designs avec des c\u00e9ramiques marocaines tri\u00e9es sur le volet, notamment des motifs color\u00e9s et le caract\u00e9ristique Tamegroute, pour offrir un style vari\u00e9 et authentique. Apprenez-en davantage sur la production de nos c\u00e9ramiques.<\/p>\n\n\t\t<\/div>\n\t<\/div>\n<\/div><\/div><\/div><div class=\"wpb_column vc_column_container vc_col-sm-6\"><div class=\"vc_column-inner\"><div class=\"wpb_wrapper\">\n\t<div  class=\"wpb_single_image wpb_content_element vc_align_left wpb_content_element\">\n\t\t\n\t\t<figure class=\"wpb_wrapper vc_figure\">\n\t\t\t<a href=\"https:\/\/tibladin.dk\/fr\/la-production-de-nos-tapis-et-coussins\/\" target=\"_self\" class=\"vc_single_image-wrapper   vc_box_border_grey\"><img decoding=\"async\" class=\"vc_single_image-img\" src=\"https:\/\/tibladin.dk\/wp-content\/uploads\/2025\/01\/Taepper-og-puder_30.jpg\" width=\"800\" height=\"800\" alt=\"Tapis en production. Tissage\" title=\"Couvertures et oreillers_30\" loading=\"lazy\" \/><\/a>\n\t\t<\/figure>\n\t<\/div>\n<h2 style=\"text-align: left\" class=\"vc_custom_heading vc_do_custom_heading\" ><a href=\"https:\/\/tibladin.dk\/fr\/la-production-de-nos-tapis-et-coussins\/\" title=\"La fabrication de nos couvertures et oreillers\">Couvertures et oreillers<\/a><\/h2>\n\t<div class=\"wpb_text_column wpb_content_element\" >\n\t\t<div class=\"wpb_wrapper\">\n\t\t\t<p>Chez Tibladin, nous s\u00e9lectionnons avec soin tous nos tapis, allant des Beni Ouarain et Boucherouite aux tapis berb\u00e8res vintage et aux tapis kilim. De beaux tapis vintage pr\u00e9sentant des d\u00e9fauts retrouvent une nouvelle vie sous forme d&#039;oreillers uniques cousus \u00e0 la main. Apprenez-en davantage sur nos couvertures et poudres uniques.<\/p>\n\n\t\t<\/div>\n\t<\/div>\n<\/div><\/div><\/div><\/div>\n<\/div>","protected":false},"excerpt":{"rendered":"B\u00e6redygtig produktionHos Tibladin er vi stolte af vores fokus p\u00e5 det unikke h\u00e5ndv\u00e6rk. G\u00e5 p\u00e5 opdagelse, og bliv klogere p\u00e5, hvordan vores produkter produceres og hvordan vi tager socialt ansvar Beldi glas Beldi glas er h\u00e5ndlavet i Marokko af 100% genbrugsglas, som indsamles i Marrakech, omsmeltes og mundbl\u00e6ses til unikke glas. De sm\u00e5 uj\u00e6vnheder, luftbobler [...]","protected":false},"author":2,"featured_media":0,"parent":0,"menu_order":0,"comment_status":"closed","ping_status":"closed","template":"template-fullwidth-no-heading.php","meta":{"inline_featured_image":false,"footnotes":""},"class_list":["post-34316","page","type-page","status-publish","hentry"],"yoast_head":"<!-- This site is optimized with the Yoast SEO plugin v27.4 - https:\/\/yoast.com\/product\/yoast-seo-wordpress\/ -->\n<title>B\u00e6redygtig produktion | Produktion og Socialt Ansvar. Vores Fokus<\/title>\n<meta name=\"description\" content=\"Tibladin t\u00e6nker b\u00e6redygtighed ind i hele forsyningsk\u00e6den. Materialerne skal altid v\u00e6re naturlige og \u00f8kologiske. L\u00e6s mere her.\" \/>\n<meta name=\"robots\" content=\"index, follow, max-snippet:-1, max-image-preview:large, max-video-preview:-1\" \/>\n<link rel=\"canonical\" href=\"https:\/\/tibladin.dk\/fr\/production-durable\/\" \/>\n<meta property=\"og:locale\" content=\"fr_FR\" \/>\n<meta property=\"og:type\" content=\"article\" \/>\n<meta property=\"og:title\" content=\"B\u00e6redygtig produktion | Produktion og Socialt Ansvar. Vores Fokus\" \/>\n<meta property=\"og:description\" content=\"Tibladin t\u00e6nker b\u00e6redygtighed ind i hele forsyningsk\u00e6den. Materialerne skal altid v\u00e6re naturlige og \u00f8kologiske. L\u00e6s mere her.\" \/>\n<meta property=\"og:url\" content=\"https:\/\/tibladin.dk\/fr\/production-durable\/\" \/>\n<meta property=\"og:site_name\" content=\"Tibladin\" \/>\n<meta property=\"article:modified_time\" content=\"2025-06-20T12:48:57+00:00\" \/>\n<meta name=\"twitter:card\" content=\"summary_large_image\" \/>\n<meta name=\"twitter:label1\" content=\"Dur\u00e9e de lecture estim\u00e9e\" \/>\n\t<meta name=\"twitter:data1\" content=\"2 minutes\" \/>\n<script type=\"application\/ld+json\" class=\"yoast-schema-graph\">{\"@context\":\"https:\\\/\\\/schema.org\",\"@graph\":[{\"@type\":\"WebPage\",\"@id\":\"https:\\\/\\\/tibladin.dk\\\/baeredygtig-produktion\\\/\",\"url\":\"https:\\\/\\\/tibladin.dk\\\/baeredygtig-produktion\\\/\",\"name\":\"B\u00e6redygtig produktion | Produktion og Socialt Ansvar. Vores Fokus\",\"isPartOf\":{\"@id\":\"https:\\\/\\\/tibladin.dk\\\/#website\"},\"datePublished\":\"2025-01-27T11:46:39+00:00\",\"dateModified\":\"2025-06-20T12:48:57+00:00\",\"description\":\"Tibladin t\u00e6nker b\u00e6redygtighed ind i hele forsyningsk\u00e6den. Materialerne skal altid v\u00e6re naturlige og \u00f8kologiske. L\u00e6s mere her.\",\"breadcrumb\":{\"@id\":\"https:\\\/\\\/tibladin.dk\\\/baeredygtig-produktion\\\/#breadcrumb\"},\"inLanguage\":\"fr-FR\",\"potentialAction\":[{\"@type\":\"ReadAction\",\"target\":[\"https:\\\/\\\/tibladin.dk\\\/baeredygtig-produktion\\\/\"]}]},{\"@type\":\"BreadcrumbList\",\"@id\":\"https:\\\/\\\/tibladin.dk\\\/baeredygtig-produktion\\\/#breadcrumb\",\"itemListElement\":[{\"@type\":\"ListItem\",\"position\":1,\"name\":\"Hjem\",\"item\":\"https:\\\/\\\/tibladin.dk\\\/\"},{\"@type\":\"ListItem\",\"position\":2,\"name\":\"B\u00e6redygtig produktion\"}]},{\"@type\":\"WebSite\",\"@id\":\"https:\\\/\\\/tibladin.dk\\\/#website\",\"url\":\"https:\\\/\\\/tibladin.dk\\\/\",\"name\":\"Tibladin\",\"description\":\"Tibladin\",\"publisher\":{\"@id\":\"https:\\\/\\\/tibladin.dk\\\/#organization\"},\"potentialAction\":[{\"@type\":\"SearchAction\",\"target\":{\"@type\":\"EntryPoint\",\"urlTemplate\":\"https:\\\/\\\/tibladin.dk\\\/?s={search_term_string}\"},\"query-input\":{\"@type\":\"PropertyValueSpecification\",\"valueRequired\":true,\"valueName\":\"search_term_string\"}}],\"inLanguage\":\"fr-FR\"},{\"@type\":\"Organization\",\"@id\":\"https:\\\/\\\/tibladin.dk\\\/#organization\",\"name\":\"Tibladin\",\"url\":\"https:\\\/\\\/tibladin.dk\\\/\",\"logo\":{\"@type\":\"ImageObject\",\"inLanguage\":\"fr-FR\",\"@id\":\"https:\\\/\\\/tibladin.dk\\\/#\\\/schema\\\/logo\\\/image\\\/\",\"url\":\"https:\\\/\\\/tibladin.dk\\\/wp-content\\\/uploads\\\/2022\\\/09\\\/tibladin_logo.svg\",\"contentUrl\":\"https:\\\/\\\/tibladin.dk\\\/wp-content\\\/uploads\\\/2022\\\/09\\\/tibladin_logo.svg\",\"caption\":\"Tibladin\"},\"image\":{\"@id\":\"https:\\\/\\\/tibladin.dk\\\/#\\\/schema\\\/logo\\\/image\\\/\"}}]}<\/script>\n<!-- \/ Yoast SEO plugin. -->","yoast_head_json":{"title":"Production durable | Production et responsabilit\u00e9 sociale. Notre objectif","description":"Tibladin consid\u00e8re la durabilit\u00e9 tout au long de la cha\u00eene d&#039;approvisionnement. Les mat\u00e9riaux doivent toujours \u00eatre naturels et biologiques. En savoir plus ici.","robots":{"index":"index","follow":"follow","max-snippet":"max-snippet:-1","max-image-preview":"max-image-preview:large","max-video-preview":"max-video-preview:-1"},"canonical":"https:\/\/tibladin.dk\/fr\/production-durable\/","og_locale":"fr_FR","og_type":"article","og_title":"B\u00e6redygtig produktion | Produktion og Socialt Ansvar. Vores Fokus","og_description":"Tibladin t\u00e6nker b\u00e6redygtighed ind i hele forsyningsk\u00e6den. Materialerne skal altid v\u00e6re naturlige og \u00f8kologiske. L\u00e6s mere her.","og_url":"https:\/\/tibladin.dk\/fr\/production-durable\/","og_site_name":"Tibladin","article_modified_time":"2025-06-20T12:48:57+00:00","twitter_card":"summary_large_image","twitter_misc":{"Dur\u00e9e de lecture estim\u00e9e":"2 minutes"},"schema":{"@context":"https:\/\/schema.org","@graph":[{"@type":"WebPage","@id":"https:\/\/tibladin.dk\/baeredygtig-produktion\/","url":"https:\/\/tibladin.dk\/baeredygtig-produktion\/","name":"Production durable | Production et responsabilit\u00e9 sociale. Notre objectif","isPartOf":{"@id":"https:\/\/tibladin.dk\/#website"},"datePublished":"2025-01-27T11:46:39+00:00","dateModified":"2025-06-20T12:48:57+00:00","description":"Tibladin consid\u00e8re la durabilit\u00e9 tout au long de la cha\u00eene d&#039;approvisionnement. Les mat\u00e9riaux doivent toujours \u00eatre naturels et biologiques. En savoir plus ici.","breadcrumb":{"@id":"https:\/\/tibladin.dk\/baeredygtig-produktion\/#breadcrumb"},"inLanguage":"fr-FR","potentialAction":[{"@type":"ReadAction","target":["https:\/\/tibladin.dk\/baeredygtig-produktion\/"]}]},{"@type":"BreadcrumbList","@id":"https:\/\/tibladin.dk\/baeredygtig-produktion\/#breadcrumb","itemListElement":[{"@type":"ListItem","position":1,"name":"Hjem","item":"https:\/\/tibladin.dk\/"},{"@type":"ListItem","position":2,"name":"B\u00e6redygtig produktion"}]},{"@type":"WebSite","@id":"https:\/\/tibladin.dk\/#website","url":"https:\/\/tibladin.dk\/","name":"Tibladin","description":"Tibladin","publisher":{"@id":"https:\/\/tibladin.dk\/#organization"},"potentialAction":[{"@type":"SearchAction","target":{"@type":"EntryPoint","urlTemplate":"https:\/\/tibladin.dk\/?s={search_term_string}"},"query-input":{"@type":"PropertyValueSpecification","valueRequired":true,"valueName":"search_term_string"}}],"inLanguage":"fr-FR"},{"@type":"Organization","@id":"https:\/\/tibladin.dk\/#organization","name":"Tibladin","url":"https:\/\/tibladin.dk\/","logo":{"@type":"ImageObject","inLanguage":"fr-FR","@id":"https:\/\/tibladin.dk\/#\/schema\/logo\/image\/","url":"https:\/\/tibladin.dk\/wp-content\/uploads\/2022\/09\/tibladin_logo.svg","contentUrl":"https:\/\/tibladin.dk\/wp-content\/uploads\/2022\/09\/tibladin_logo.svg","caption":"Tibladin"},"image":{"@id":"https:\/\/tibladin.dk\/#\/schema\/logo\/image\/"}}]}},"_links":{"self":[{"href":"https:\/\/tibladin.dk\/fr\/wp-json\/wp\/v2\/pages\/34316","targetHints":{"allow":["GET"]}}],"collection":[{"href":"https:\/\/tibladin.dk\/fr\/wp-json\/wp\/v2\/pages"}],"about":[{"href":"https:\/\/tibladin.dk\/fr\/wp-json\/wp\/v2\/types\/page"}],"author":[{"embeddable":true,"href":"https:\/\/tibladin.dk\/fr\/wp-json\/wp\/v2\/users\/2"}],"replies":[{"embeddable":true,"href":"https:\/\/tibladin.dk\/fr\/wp-json\/wp\/v2\/comments?post=34316"}],"version-history":[{"count":24,"href":"https:\/\/tibladin.dk\/fr\/wp-json\/wp\/v2\/pages\/34316\/revisions"}],"predecessor-version":[{"id":34574,"href":"https:\/\/tibladin.dk\/fr\/wp-json\/wp\/v2\/pages\/34316\/revisions\/34574"}],"wp:attachment":[{"href":"https:\/\/tibladin.dk\/fr\/wp-json\/wp\/v2\/media?parent=34316"}],"curies":[{"name":"wp","href":"https:\/\/api.w.org\/{rel}","templated":true}]}}