{"id":34339,"date":"2025-01-27T12:53:23","date_gmt":"2025-01-27T11:53:23","guid":{"rendered":"https:\/\/tibladin.dk\/?page_id=34339"},"modified":"2025-03-27T12:06:18","modified_gmt":"2025-03-27T11:06:18","slug":"la-production-de-notre-verre-beldi","status":"publish","type":"page","link":"https:\/\/tibladin.dk\/fr\/produktionen-af-vores-beldi-glas\/","title":{"rendered":"La fabrication de notre verre beldi"},"content":{"rendered":"<div class=\"wpb-content-wrapper\"><div class=\"vc_row wpb_row vc_row-fluid max-width-col vc_custom_1698923591576\"><div class=\"wpb_column vc_column_container vc_col-sm-12\"><div class=\"vc_column-inner\"><div class=\"wpb_wrapper\"><div class=\"vc_separator wpb_content_element vc_separator_align_center vc_sep_width_100 vc_sep_pos_align_center vc_separator_no_text vc_sep_color_grey wpb_content_element  wpb_content_element\" ><span class=\"vc_sep_holder vc_sep_holder_l\"><span class=\"vc_sep_line\"><\/span><\/span><span class=\"vc_sep_holder vc_sep_holder_r\"><span class=\"vc_sep_line\"><\/span><\/span>\n<\/div><h1 style=\"text-align: center\" class=\"vc_custom_heading vc_do_custom_heading\" >La fabrication de notre verre beldi<\/h1>\n\t<div class=\"wpb_text_column wpb_content_element\" >\n\t\t<div class=\"wpb_wrapper\">\n\t\t\t<p style=\"text-align: center;\">\u00ab Je n\u2019ai jamais dout\u00e9 que le verre Beldi ferait partie de ma collection. Depuis ma premi\u00e8re visite au Maroc il y a plus de 20 ans, je suis tomb\u00e9e amoureuse de l&#039;artisanat traditionnel et du magnifique verre Beldi. \u00ab Je suis fascin\u00e9 par la fa\u00e7on dont les petits d\u00e9tails du verre cr\u00e9ent un charme tout \u00e0 fait unique et sp\u00e9cial. \u00bb \u2013 Mette Frank Bijaad, propri\u00e9taire de Tibladin.<\/p>\n\n\t\t<\/div>\n\t<\/div>\n\n\t<div  class=\"wpb_single_image wpb_content_element vc_align_center wpb_content_element\">\n\t\t\n\t\t<figure class=\"wpb_wrapper vc_figure\">\n\t\t\t<div class=\"vc_single_image-wrapper   vc_box_border_grey\"><img decoding=\"async\" class=\"vc_single_image-img\" src=\"https:\/\/tibladin.dk\/wp-content\/uploads\/2025\/01\/Beldi-glas_produktion_4-600x500.jpg\" width=\"600\" height=\"500\" alt=\"Production de verre Beldi_Homme qui respire\" title=\"Production de verre Beldi 4\" loading=\"lazy\" \/><\/div>\n\t\t<\/figure>\n\t<\/div>\n<h2 style=\"text-align: center\" class=\"vc_custom_heading vc_do_custom_heading\" >La production traditionnelle<\/h2>\n\t<div class=\"wpb_text_column wpb_content_element\" >\n\t\t<div class=\"wpb_wrapper\">\n\t\t\t<p style=\"text-align: center;\">Le verre Beldi est fabriqu\u00e9 \u00e0 la main au Maroc \u00e0 partir de verre recycl\u00e9 100% de Marrakech. Le verre est collect\u00e9, refondu et souffl\u00e9 \u00e0 la bouche pour cr\u00e9er des cr\u00e9ations uniques. Petites irr\u00e9gularit\u00e9s, bulles d\u2019air et variations de couleur et d\u2019\u00e9paisseur conf\u00e8rent \u00e0 chaque verre son charme et sa personnalit\u00e9. Le savoir-faire du verre Beldi se transmet de g\u00e9n\u00e9ration en g\u00e9n\u00e9ration. Chaque verre est soigneusement fabriqu\u00e9 \u00e0 la main et souffl\u00e9 \u00e0 la bouche, garantissant une qualit\u00e9 exceptionnelle.<\/p>\n<p style=\"text-align: center;\">La couleur du verre Beldi provient du verre marocain recycl\u00e9, qui est utilis\u00e9 pour cr\u00e9er des verres et des vases. L&#039;influence de la nature donne au verre la teinte verte caract\u00e9ristique que l&#039;on retrouve dans les magnifiques verres \u00e0 eau verts. De plus, les verres, vases et bols Beldi sont \u00e9galement disponibles dans une \u00e9l\u00e9gante couleur transparente, qui peut appara\u00eetre l\u00e9g\u00e8rement turquoise \u00e0 la lumi\u00e8re, cr\u00e9ant une expression l\u00e9g\u00e8re et \u00e9l\u00e9gante.<\/p>\n\n\t\t<\/div>\n\t<\/div>\n\n\t<div  class=\"wpb_single_image wpb_content_element vc_align_center wpb_content_element\">\n\t\t\n\t\t<figure class=\"wpb_wrapper vc_figure\">\n\t\t\t<div class=\"vc_single_image-wrapper   vc_box_border_grey\"><img decoding=\"async\" class=\"vc_single_image-img\" src=\"https:\/\/tibladin.dk\/wp-content\/uploads\/2025\/01\/Beldi-glas_produktion_6-1-600x500.jpg\" width=\"600\" height=\"500\" alt=\"Production de verre Beldi_Homme soufflant du verre\" title=\"Production de verre Beldi 6\" loading=\"lazy\" \/><\/div>\n\t\t<\/figure>\n\t<\/div>\n<h2 style=\"text-align: center\" class=\"vc_custom_heading vc_do_custom_heading\" >Boissons chaudes et froides<\/h2>\n\t<div class=\"wpb_text_column wpb_content_element\" >\n\t\t<div class=\"wpb_wrapper\">\n\t\t\t<p style=\"text-align: center;\">Le bord rond des verres Beldi les rend confortables \u00e0 tenir, m\u00eame lorsque vous d\u00e9gustez des boissons chaudes comme du th\u00e9 ou du caf\u00e9. Si le verre doit \u00eatre utilis\u00e9 pour des boissons froides, le verre est \u00e9galement id\u00e9al pour un th\u00e9 glac\u00e9 marocain traditionnel rafra\u00eechissant \u00e0 la menthe. Les verres faits \u00e0 la main sont polyvalents et parfaits pour servir des boissons chaudes et froides.<\/p>\n\n\t\t<\/div>\n\t<\/div>\n\n\t<div  class=\"wpb_single_image wpb_content_element vc_align_center wpb_content_element\">\n\t\t\n\t\t<figure class=\"wpb_wrapper vc_figure\">\n\t\t\t<div class=\"vc_single_image-wrapper   vc_box_border_grey\"><img decoding=\"async\" class=\"vc_single_image-img\" src=\"https:\/\/tibladin.dk\/wp-content\/uploads\/2025\/01\/Beldi-glas_produktion_5-1-600x500.jpg\" width=\"600\" height=\"500\" alt=\"Production de verre Beldi_homme travaillant avec du verre Beldi\" title=\"Production de verre Beldi 5\" loading=\"lazy\" \/><\/div>\n\t\t<\/figure>\n\t<\/div>\n<h2 style=\"text-align: center\" class=\"vc_custom_heading vc_do_custom_heading\" >Design intemporel<\/h2>\n\t<div class=\"wpb_text_column wpb_content_element\" >\n\t\t<div class=\"wpb_wrapper\">\n\t\t\t<p style=\"text-align: center;\">Bien que le verre Beldi et les autres int\u00e9rieurs Beldi soient connus pour leur finesse et leur expression esth\u00e9tique, ils sont incroyablement durables et adapt\u00e9s \u00e0 de nombreuses situations quotidiennes diff\u00e9rentes. Leur design unique associ\u00e9 \u00e0 leur fonctionnalit\u00e9 en fait un choix intemporel.<\/p>\n\n\t\t<\/div>\n\t<\/div>\n\n\t<div  class=\"wpb_single_image wpb_content_element vc_align_center wpb_content_element\">\n\t\t\n\t\t<figure class=\"wpb_wrapper vc_figure\">\n\t\t\t<div class=\"vc_single_image-wrapper   vc_box_border_grey\"><img decoding=\"async\" class=\"vc_single_image-img\" src=\"https:\/\/tibladin.dk\/wp-content\/uploads\/2025\/01\/Beldi-glas_produktion_1-1-600x500.jpg\" width=\"600\" height=\"500\" alt=\"Production de verre Beldi_le verre est cuit dans le four.\" title=\"Production de verre Beldi 1\" loading=\"lazy\" \/><\/div>\n\t\t<\/figure>\n\t<\/div>\n<h2 style=\"text-align: center\" class=\"vc_custom_heading vc_do_custom_heading\" >Artisanat traditionnel \u00e0 l&#039;esth\u00e9tique unique<\/h2>\n\t<div class=\"wpb_text_column wpb_content_element\" >\n\t\t<div class=\"wpb_wrapper\">\n\t\t\t<p style=\"text-align: center;\">Les verres Beldi ne sont pas seulement le r\u00e9sultat d&#039;un savoir-faire traditionnel, mais aussi une expression intemporelle de beaut\u00e9 et de fonctionnalit\u00e9. Chaque objet individuel porte une histoire et un savoir-faire qui en font quelque chose de vraiment sp\u00e9cial. <a href=\"https:\/\/tibladin.dk\/fr\/categorie-de-produit\/interieur\/reglage-de-la-table-2\/beldiglas\/\">D\u00e9couvrez notre collection de verres Beldi<\/a> et vivez la rencontre unique entre l&#039;esth\u00e9tique et l&#039;usage pratique.<\/p>\n\n\t\t<\/div>\n\t<\/div>\n<\/div><\/div><\/div><\/div><div class=\"vc_row wpb_row vc_row-fluid\"><div class=\"wpb_column vc_column_container vc_col-sm-4\"><div class=\"vc_column-inner\"><div class=\"wpb_wrapper\"><\/div><\/div><\/div><div class=\"wpb_column vc_column_container vc_col-sm-4\"><div class=\"vc_column-inner\"><div class=\"wpb_wrapper\">\n\t<div class=\"wpb_video_widget wpb_content_element vc_clearfix   vc_video-aspect-ratio-34 vc_video-el-width-100 vc_video-align-left\" >\n\t\t<div class=\"wpb_wrapper\">\n\t\t\t\n\t\t\t<div class=\"wpb_video_wrapper\"><div class=\"video-container\"><iframe loading=\"lazy\" title=\"Notre production durable de verre Beldi\" width=\"500\" height=\"281\" src=\"https:\/\/www.youtube.com\/embed\/dEgFkiqc02I?feature=oembed\" frameborder=\"0\" allow=\"accelerometer; autoplay; clipboard-write; encrypted-media; gyroscope; picture-in-picture; web-share\" referrerpolicy=\"strict-origin-when-cross-origin\" allowfullscreen><\/iframe><\/div><\/div>\n\t\t<\/div>\n\t<\/div>\n<\/div><\/div><\/div><div class=\"wpb_column vc_column_container vc_col-sm-4\"><div class=\"vc_column-inner\"><div class=\"wpb_wrapper\"><\/div><\/div><\/div><\/div>\n<\/div>","protected":false},"excerpt":{"rendered":"Produktionen af vores beldi glas \"Der var aldrig tvivl om, at Beldi-glas skulle v\u00e6re en del af min kollektion. Siden mit f\u00f8rste bes\u00f8g i Marokko for over 20 \u00e5r siden har jeg v\u00e6ret forelsket i det traditionelle h\u00e5ndv\u00e6rk og de smukke Beldi-glas. Det fascinerer mig, hvordan de sm\u00e5 detaljer i glasset skaber en helt unik [...]","protected":false},"author":2,"featured_media":0,"parent":0,"menu_order":0,"comment_status":"closed","ping_status":"closed","template":"template-fullwidth-no-heading.php","meta":{"inline_featured_image":false,"footnotes":""},"class_list":["post-34339","page","type-page","status-publish","hentry"],"yoast_head":"<!-- This site is optimized with the Yoast SEO plugin v27.5 - https:\/\/yoast.com\/product\/yoast-seo-wordpress\/ -->\n<title>Produktionen af vores beldi glas | Traditionelt og unikt h\u00e5ndv\u00e6rk<\/title>\n<meta name=\"description\" content=\"Marokkanske Beldi glas best\u00e5r af 100% genbrugsglas. som indsamles i Marrakech, omsmeltes og mundbl\u00e6ses til unikke glas. Unika h\u00e5ndv\u00e6rk.\" \/>\n<meta name=\"robots\" content=\"index, follow, max-snippet:-1, max-image-preview:large, max-video-preview:-1\" \/>\n<link rel=\"canonical\" href=\"https:\/\/tibladin.dk\/fr\/la-production-de-notre-verre-beldi\/\" \/>\n<meta property=\"og:locale\" content=\"fr_FR\" \/>\n<meta property=\"og:type\" content=\"article\" \/>\n<meta property=\"og:title\" content=\"Produktionen af vores beldi glas | Traditionelt og unikt h\u00e5ndv\u00e6rk\" \/>\n<meta property=\"og:description\" content=\"Marokkanske Beldi glas best\u00e5r af 100% genbrugsglas. som indsamles i Marrakech, omsmeltes og mundbl\u00e6ses til unikke glas. Unika h\u00e5ndv\u00e6rk.\" \/>\n<meta property=\"og:url\" content=\"https:\/\/tibladin.dk\/fr\/la-production-de-notre-verre-beldi\/\" \/>\n<meta property=\"og:site_name\" content=\"Tibladin\" \/>\n<meta property=\"article:modified_time\" content=\"2025-03-27T11:06:18+00:00\" \/>\n<meta name=\"twitter:card\" content=\"summary_large_image\" \/>\n<meta name=\"twitter:label1\" content=\"Dur\u00e9e de lecture estim\u00e9e\" \/>\n\t<meta name=\"twitter:data1\" content=\"3 minutes\" \/>\n<script type=\"application\/ld+json\" class=\"yoast-schema-graph\">{\"@context\":\"https:\\\/\\\/schema.org\",\"@graph\":[{\"@type\":\"WebPage\",\"@id\":\"https:\\\/\\\/tibladin.dk\\\/produktionen-af-vores-beldi-glas\\\/\",\"url\":\"https:\\\/\\\/tibladin.dk\\\/produktionen-af-vores-beldi-glas\\\/\",\"name\":\"Produktionen af vores beldi glas | Traditionelt og unikt h\u00e5ndv\u00e6rk\",\"isPartOf\":{\"@id\":\"https:\\\/\\\/tibladin.dk\\\/#website\"},\"datePublished\":\"2025-01-27T11:53:23+00:00\",\"dateModified\":\"2025-03-27T11:06:18+00:00\",\"description\":\"Marokkanske Beldi glas best\u00e5r af 100% genbrugsglas. som indsamles i Marrakech, omsmeltes og mundbl\u00e6ses til unikke glas. Unika h\u00e5ndv\u00e6rk.\",\"breadcrumb\":{\"@id\":\"https:\\\/\\\/tibladin.dk\\\/produktionen-af-vores-beldi-glas\\\/#breadcrumb\"},\"inLanguage\":\"fr-FR\",\"potentialAction\":[{\"@type\":\"ReadAction\",\"target\":[\"https:\\\/\\\/tibladin.dk\\\/produktionen-af-vores-beldi-glas\\\/\"]}]},{\"@type\":\"BreadcrumbList\",\"@id\":\"https:\\\/\\\/tibladin.dk\\\/produktionen-af-vores-beldi-glas\\\/#breadcrumb\",\"itemListElement\":[{\"@type\":\"ListItem\",\"position\":1,\"name\":\"Hjem\",\"item\":\"https:\\\/\\\/tibladin.dk\\\/\"},{\"@type\":\"ListItem\",\"position\":2,\"name\":\"Produktionen af vores beldi glas\"}]},{\"@type\":\"WebSite\",\"@id\":\"https:\\\/\\\/tibladin.dk\\\/#website\",\"url\":\"https:\\\/\\\/tibladin.dk\\\/\",\"name\":\"Tibladin\",\"description\":\"Tibladin\",\"publisher\":{\"@id\":\"https:\\\/\\\/tibladin.dk\\\/#organization\"},\"potentialAction\":[{\"@type\":\"SearchAction\",\"target\":{\"@type\":\"EntryPoint\",\"urlTemplate\":\"https:\\\/\\\/tibladin.dk\\\/?s={search_term_string}\"},\"query-input\":{\"@type\":\"PropertyValueSpecification\",\"valueRequired\":true,\"valueName\":\"search_term_string\"}}],\"inLanguage\":\"fr-FR\"},{\"@type\":\"Organization\",\"@id\":\"https:\\\/\\\/tibladin.dk\\\/#organization\",\"name\":\"Tibladin\",\"url\":\"https:\\\/\\\/tibladin.dk\\\/\",\"logo\":{\"@type\":\"ImageObject\",\"inLanguage\":\"fr-FR\",\"@id\":\"https:\\\/\\\/tibladin.dk\\\/#\\\/schema\\\/logo\\\/image\\\/\",\"url\":\"https:\\\/\\\/tibladin.dk\\\/wp-content\\\/uploads\\\/2022\\\/09\\\/tibladin_logo.svg\",\"contentUrl\":\"https:\\\/\\\/tibladin.dk\\\/wp-content\\\/uploads\\\/2022\\\/09\\\/tibladin_logo.svg\",\"caption\":\"Tibladin\"},\"image\":{\"@id\":\"https:\\\/\\\/tibladin.dk\\\/#\\\/schema\\\/logo\\\/image\\\/\"}}]}<\/script>\n<!-- \/ Yoast SEO plugin. -->","yoast_head_json":{"title":"La fabrication de notre verre beldi | Artisanat traditionnel et unique","description":"Le verre Beldi marocain est compos\u00e9 de 100% de verre recycl\u00e9. qui est collect\u00e9 \u00e0 Marrakech, refondu et souffl\u00e9 \u00e0 la bouche en verre unique. Un savoir-faire unique.","robots":{"index":"index","follow":"follow","max-snippet":"max-snippet:-1","max-image-preview":"max-image-preview:large","max-video-preview":"max-video-preview:-1"},"canonical":"https:\/\/tibladin.dk\/fr\/la-production-de-notre-verre-beldi\/","og_locale":"fr_FR","og_type":"article","og_title":"Produktionen af vores beldi glas | Traditionelt og unikt h\u00e5ndv\u00e6rk","og_description":"Marokkanske Beldi glas best\u00e5r af 100% genbrugsglas. som indsamles i Marrakech, omsmeltes og mundbl\u00e6ses til unikke glas. Unika h\u00e5ndv\u00e6rk.","og_url":"https:\/\/tibladin.dk\/fr\/la-production-de-notre-verre-beldi\/","og_site_name":"Tibladin","article_modified_time":"2025-03-27T11:06:18+00:00","twitter_card":"summary_large_image","twitter_misc":{"Dur\u00e9e de lecture estim\u00e9e":"3 minutes"},"schema":{"@context":"https:\/\/schema.org","@graph":[{"@type":"WebPage","@id":"https:\/\/tibladin.dk\/produktionen-af-vores-beldi-glas\/","url":"https:\/\/tibladin.dk\/produktionen-af-vores-beldi-glas\/","name":"La fabrication de notre verre beldi | Artisanat traditionnel et unique","isPartOf":{"@id":"https:\/\/tibladin.dk\/#website"},"datePublished":"2025-01-27T11:53:23+00:00","dateModified":"2025-03-27T11:06:18+00:00","description":"Le verre Beldi marocain est compos\u00e9 de 100% de verre recycl\u00e9. qui est collect\u00e9 \u00e0 Marrakech, refondu et souffl\u00e9 \u00e0 la bouche en verre unique. Un savoir-faire unique.","breadcrumb":{"@id":"https:\/\/tibladin.dk\/produktionen-af-vores-beldi-glas\/#breadcrumb"},"inLanguage":"fr-FR","potentialAction":[{"@type":"ReadAction","target":["https:\/\/tibladin.dk\/produktionen-af-vores-beldi-glas\/"]}]},{"@type":"BreadcrumbList","@id":"https:\/\/tibladin.dk\/produktionen-af-vores-beldi-glas\/#breadcrumb","itemListElement":[{"@type":"ListItem","position":1,"name":"Hjem","item":"https:\/\/tibladin.dk\/"},{"@type":"ListItem","position":2,"name":"Produktionen af vores beldi glas"}]},{"@type":"WebSite","@id":"https:\/\/tibladin.dk\/#website","url":"https:\/\/tibladin.dk\/","name":"Tibladin","description":"Tibladin","publisher":{"@id":"https:\/\/tibladin.dk\/#organization"},"potentialAction":[{"@type":"SearchAction","target":{"@type":"EntryPoint","urlTemplate":"https:\/\/tibladin.dk\/?s={search_term_string}"},"query-input":{"@type":"PropertyValueSpecification","valueRequired":true,"valueName":"search_term_string"}}],"inLanguage":"fr-FR"},{"@type":"Organization","@id":"https:\/\/tibladin.dk\/#organization","name":"Tibladin","url":"https:\/\/tibladin.dk\/","logo":{"@type":"ImageObject","inLanguage":"fr-FR","@id":"https:\/\/tibladin.dk\/#\/schema\/logo\/image\/","url":"https:\/\/tibladin.dk\/wp-content\/uploads\/2022\/09\/tibladin_logo.svg","contentUrl":"https:\/\/tibladin.dk\/wp-content\/uploads\/2022\/09\/tibladin_logo.svg","caption":"Tibladin"},"image":{"@id":"https:\/\/tibladin.dk\/#\/schema\/logo\/image\/"}}]}},"_links":{"self":[{"href":"https:\/\/tibladin.dk\/fr\/wp-json\/wp\/v2\/pages\/34339","targetHints":{"allow":["GET"]}}],"collection":[{"href":"https:\/\/tibladin.dk\/fr\/wp-json\/wp\/v2\/pages"}],"about":[{"href":"https:\/\/tibladin.dk\/fr\/wp-json\/wp\/v2\/types\/page"}],"author":[{"embeddable":true,"href":"https:\/\/tibladin.dk\/fr\/wp-json\/wp\/v2\/users\/2"}],"replies":[{"embeddable":true,"href":"https:\/\/tibladin.dk\/fr\/wp-json\/wp\/v2\/comments?post=34339"}],"version-history":[{"count":38,"href":"https:\/\/tibladin.dk\/fr\/wp-json\/wp\/v2\/pages\/34339\/revisions"}],"predecessor-version":[{"id":35754,"href":"https:\/\/tibladin.dk\/fr\/wp-json\/wp\/v2\/pages\/34339\/revisions\/35754"}],"wp:attachment":[{"href":"https:\/\/tibladin.dk\/fr\/wp-json\/wp\/v2\/media?parent=34339"}],"curies":[{"name":"wp","href":"https:\/\/api.w.org\/{rel}","templated":true}]}}