{"id":34355,"date":"2025-01-27T13:13:17","date_gmt":"2025-01-27T12:13:17","guid":{"rendered":"https:\/\/tibladin.dk\/?page_id=34355"},"modified":"2025-01-28T15:06:17","modified_gmt":"2025-01-28T14:06:17","slug":"cooperative-de-femmes","status":"publish","type":"page","link":"https:\/\/tibladin.dk\/fr\/kvindekooperativ\/","title":{"rendered":"Coop\u00e9rative de femmes"},"content":{"rendered":"<div class=\"wpb-content-wrapper\"><div class=\"vc_row wpb_row vc_row-fluid\"><div class=\"wpb_column vc_column_container vc_col-sm-12\"><div class=\"vc_column-inner\"><div class=\"wpb_wrapper\"><div class=\"vc_separator wpb_content_element vc_separator_align_center vc_sep_width_100 vc_sep_pos_align_center vc_separator_no_text vc_sep_color_grey wpb_content_element  wpb_content_element\" ><span class=\"vc_sep_holder vc_sep_holder_l\"><span class=\"vc_sep_line\"><\/span><\/span><span class=\"vc_sep_holder vc_sep_holder_r\"><span class=\"vc_sep_line\"><\/span><\/span>\n<\/div><h1 style=\"text-align: center\" class=\"vc_custom_heading vc_do_custom_heading\" >Coop\u00e9rative de femmes<\/h1>\n\t<div class=\"wpb_text_column wpb_content_element\" >\n\t\t<div class=\"wpb_wrapper\">\n\t\t\t<p style=\"text-align: center;\">\u00ab La collaboration de Tibladin avec les coop\u00e9ratives de femmes au Maroc est plus qu\u2019une simple affaire. C\u2019est l\u2019expression de mon profond respect pour l\u2019artisanat marocain et d\u2019une volont\u00e9 d\u2019accompagner les femmes dans la construction d\u2019une vie meilleure pour elles-m\u00eames et leurs familles. La collaboration avec les coop\u00e9ratives de femmes est donc un projet personnel inspir\u00e9 de l\u2019engagement de mon beau-p\u00e8re \u00e0 aider les autres. \u00ab Je suis fi\u00e8re de pouvoir contribuer \u00e0 l\u2019autonomisation \u00e9conomique des femmes et de leur donner l\u2019opportunit\u00e9 de lib\u00e9rer leur potentiel cr\u00e9atif. \u00bb \u2013 Mette Frank Bijaad, propri\u00e9taire de Tibladin.<\/p>\n\n\t\t<\/div>\n\t<\/div>\n<\/div><\/div><\/div><\/div><div class=\"vc_row wpb_row vc_row-fluid\"><div class=\"wpb_column vc_column_container vc_col-sm-6\"><div class=\"vc_column-inner\"><div class=\"wpb_wrapper\">\n\t<div  class=\"wpb_single_image wpb_content_element vc_align_center wpb_content_element\">\n\t\t\n\t\t<figure class=\"wpb_wrapper vc_figure\">\n\t\t\t<div class=\"vc_single_image-wrapper   vc_box_border_grey\"><img decoding=\"async\" class=\"vc_single_image-img\" src=\"https:\/\/tibladin.dk\/wp-content\/uploads\/2025\/01\/Vaeveteknikker_kvindekoopertaiv_4-600x700.jpg\" width=\"600\" height=\"700\" alt=\"Techniques de tissage_coop\u00e9rative de femmes_deux femmes tissent\" title=\"Techniques de tissage_coop\u00e9rative de femmes_4\" loading=\"lazy\" \/><\/div>\n\t\t<\/figure>\n\t<\/div>\n<\/div><\/div><\/div><div class=\"wpb_column vc_column_container vc_col-sm-6\"><div class=\"vc_column-inner\"><div class=\"wpb_wrapper\">\n\t<div  class=\"wpb_single_image wpb_content_element vc_align_center wpb_content_element\">\n\t\t\n\t\t<figure class=\"wpb_wrapper vc_figure\">\n\t\t\t<div class=\"vc_single_image-wrapper   vc_box_border_grey\"><img decoding=\"async\" class=\"vc_single_image-img\" src=\"https:\/\/tibladin.dk\/wp-content\/uploads\/2025\/01\/Broderier_kvindekoopertaiv_1-600x700.jpg\" width=\"600\" height=\"700\" alt=\"Femme travaillant dans une coop\u00e9rative de femmes\" title=\"Broderies_coop\u00e9rative de femmes_1\" loading=\"lazy\" \/><\/div>\n\t\t<\/figure>\n\t<\/div>\n<\/div><\/div><\/div><\/div><div class=\"vc_row wpb_row vc_row-fluid\"><div class=\"wpb_column vc_column_container vc_col-sm-12\"><div class=\"vc_column-inner\"><div class=\"wpb_wrapper\"><h2 style=\"text-align: center\" class=\"vc_custom_heading vc_do_custom_heading\" >Promouvoir les conditions de la femme marocaine<\/h2>\n\t<div class=\"wpb_text_column wpb_content_element\" >\n\t\t<div class=\"wpb_wrapper\">\n\t\t\t<p style=\"text-align: center;\">Tibladin travaille socialement et \u00e9conomiquement avec plusieurs coop\u00e9ratives de femmes pour promouvoir les conditions des femmes et am\u00e9liorer le niveau de vie de nombreuses familles. Dans ces coop\u00e9ratives, des \u00e9coles et des jardins d\u2019enfants ont \u00e9t\u00e9 cr\u00e9\u00e9s pour que les enfants puissent apprendre pendant que leurs m\u00e8res travaillent. Les femmes poss\u00e8dent des comp\u00e9tences artisanales impressionnantes et cr\u00e9ent de magnifiques tricots, tissages, broderies et travaux de couture avec beaucoup de soin et de pr\u00e9cision. Les coop\u00e9ratives s\u2019efforcent de pr\u00e9server les anciennes traditions artisanales tout en d\u00e9veloppant de nouvelles cr\u00e9ations modernes. Cela d\u00e9veloppe les comp\u00e9tences des femmes et cr\u00e9e un bon \u00e9quilibre entre tradition et innovation.<\/p>\n\n\t\t<\/div>\n\t<\/div>\n<h2 style=\"text-align: center\" class=\"vc_custom_heading vc_do_custom_heading\" >Soutien aux collectivit\u00e9s locales<\/h2>\n\t<div class=\"wpb_text_column wpb_content_element\" >\n\t\t<div class=\"wpb_wrapper\">\n\t\t\t<p style=\"text-align: center;\">Aider les Marocains est l\u2019un des piliers les plus importants sur lesquels Tibladin est construit. En l\u2019honneur de mon beau-p\u00e8re, qui, gr\u00e2ce \u00e0 son travail au sein du gouvernement marocain, s\u2019est concentr\u00e9 sur le d\u00e9veloppement des infrastructures dans les petits villages, des projets ont \u00e9t\u00e9 lanc\u00e9s qui permettent aux villageois de cr\u00e9er des entreprises qui peuvent garantir leurs moyens de subsistance \u00e0 long terme. Cet engagement \u00e0 soutenir les communaut\u00e9s locales est un fondement qui va de pair avec les valeurs et la mission de Tibladin.<\/p>\n\n\t\t<\/div>\n\t<\/div>\n<\/div><\/div><\/div><\/div><div class=\"vc_row wpb_row vc_row-fluid\"><div class=\"wpb_column vc_column_container vc_col-sm-6\"><div class=\"vc_column-inner\"><div class=\"wpb_wrapper\">\n\t<div  class=\"wpb_single_image wpb_content_element vc_align_center wpb_content_element\">\n\t\t\n\t\t<figure class=\"wpb_wrapper vc_figure\">\n\t\t\t<div class=\"vc_single_image-wrapper   vc_box_border_grey\"><img decoding=\"async\" class=\"vc_single_image-img\" src=\"https:\/\/tibladin.dk\/wp-content\/uploads\/2025\/01\/Vaeveteknikker_kvindekoopertaiv_1-600x700.jpg\" width=\"600\" height=\"700\" alt=\"Deux femmes travaillant dans une coop\u00e9rative de femmes\" title=\"Techniques de tissage_coop\u00e9rative de femmes_1\" loading=\"lazy\" \/><\/div>\n\t\t<\/figure>\n\t<\/div>\n<\/div><\/div><\/div><div class=\"wpb_column vc_column_container vc_col-sm-6\"><div class=\"vc_column-inner\"><div class=\"wpb_wrapper\">\n\t<div  class=\"wpb_single_image wpb_content_element vc_align_center wpb_content_element\">\n\t\t\n\t\t<figure class=\"wpb_wrapper vc_figure\">\n\t\t\t<div class=\"vc_single_image-wrapper   vc_box_border_grey\"><img decoding=\"async\" class=\"vc_single_image-img\" src=\"https:\/\/tibladin.dk\/wp-content\/uploads\/2025\/01\/Vaevning_kvindekooperativ_9-1-600x700.jpg\" width=\"600\" height=\"700\" alt=\"Tissage dans une coop\u00e9rative de femmes\" title=\"Coop\u00e9rative de tisserandes_9\" loading=\"lazy\" \/><\/div>\n\t\t<\/figure>\n\t<\/div>\n<\/div><\/div><\/div><\/div><div class=\"vc_row wpb_row vc_row-fluid\"><div class=\"wpb_column vc_column_container vc_col-sm-12\"><div class=\"vc_column-inner\"><div class=\"wpb_wrapper\"><h2 style=\"text-align: center\" class=\"vc_custom_heading vc_do_custom_heading\" >Soutenir les coop\u00e9ratives f\u00e9minines au Maroc<\/h2>\n\t<div class=\"wpb_text_column wpb_content_element\" >\n\t\t<div class=\"wpb_wrapper\">\n\t\t\t<p style=\"text-align: center;\">D\u00e9couvrez notre s\u00e9lection de produits cr\u00e9\u00e9s en collaboration avec des coop\u00e9ratives de femmes au Maroc. Chaque produit est le r\u00e9sultat du savoir-faire artisanal et des techniques traditionnelles des femmes, combin\u00e9s \u00e0 un d\u00e9sir de soutenir et de promouvoir de meilleures conditions pour elles et leurs familles. D\u00e9couvrez, entre autres, nos <a href=\"https:\/\/tibladin.dk\/fr\/categorie-de-produit\/tapis-marocains\/\">couvertures<\/a> ou notre <a href=\"https:\/\/tibladin.dk\/fr\/categorie-de-produit\/interieur\/accessoires-pour-la-maison\/textile\/taie-doreiller\/oreillers-en-soie-de-cactus\/\">poudre<\/a>, cr\u00e9\u00e9 en collaboration avec des coop\u00e9ratives de femmes au Maroc.<\/p>\n\n\t\t<\/div>\n\t<\/div>\n<\/div><\/div><\/div><\/div><div class=\"vc_row wpb_row vc_row-fluid vc_row-o-content-middle vc_row-flex\"><div class=\"wpb_column vc_column_container vc_col-sm-6\"><div class=\"vc_column-inner\"><div class=\"wpb_wrapper\">\n\t<div class=\"wpb_video_widget wpb_content_element vc_clearfix   vc_video-aspect-ratio-169 vc_video-el-width-100 vc_video-align-center\" >\n\t\t<div class=\"wpb_wrapper\">\n\t\t\t\n\t\t\t<div class=\"wpb_video_wrapper\"><div class=\"video-container\"><iframe loading=\"lazy\" title=\"Visite d&#039;un fournisseur de Tibladin - Coop\u00e9rative F\u00e9minine Maroc\" width=\"500\" height=\"281\" src=\"https:\/\/www.youtube.com\/embed\/Y8cLkVwVAQQ?feature=oembed\" frameborder=\"0\" allow=\"accelerometer; autoplay; clipboard-write; encrypted-media; gyroscope; picture-in-picture; web-share\" referrerpolicy=\"strict-origin-when-cross-origin\" allowfullscreen><\/iframe><\/div><\/div>\n\t\t<\/div>\n\t<\/div>\n<\/div><\/div><\/div><div class=\"wpb_column vc_column_container vc_col-sm-6\"><div class=\"vc_column-inner\"><div class=\"wpb_wrapper\">\n\t<div class=\"wpb_text_column wpb_content_element\" >\n\t\t<div class=\"wpb_wrapper\">\n\t\t\t<h3>Venez nous rendre visite!<\/h3>\n<p>Rejoignez-nous pour une visite inspirante dans l&#039;une des coop\u00e9ratives de femmes avec lesquelles Tibladin collabore. Ici, nous travaillons en \u00e9troite collaboration pour d\u00e9velopper des produits d\u00e9licieux et uniques qui apportent \u00e0 la fois beaut\u00e9 et histoire dans votre maison. Gr\u00e2ce \u00e0 notre collaboration, nous cr\u00e9ons non seulement des produits, mais aussi des opportunit\u00e9s et de l\u2019espoir pour des centaines de femmes et leurs familles au Maroc.<\/p>\n<p>Chaque fois que nous visitons ces coop\u00e9ratives, nous sommes remplis de joie et d\u2019inspiration. C\u2019est quelque chose de tr\u00e8s sp\u00e9cial de voir comment les femmes transforment leur savoir-faire artisanal en de magnifiques produits \u2013 tout en s\u2019asseyant ensemble, en \u00e9changeant des histoires et en se soutenant mutuellement dans une communaut\u00e9 chaleureuse. Leur travail n\u2019est pas seulement une source de revenus, mais aussi de fiert\u00e9 et d\u2019\u00e9mancipation.<\/p>\n<p>Les visites nous conduisent \u00e9galement \u00e0 la petite \u00e9cole et au jardin d&#039;enfants, qui constituent un \u00e9l\u00e9ment important de la vie dans le quartier imm\u00e9diat de la coop\u00e9rative. Ici, les enfants passent leur journ\u00e9e \u00e0 apprendre et \u00e0 se d\u00e9velopper dans un environnement s\u00e9curitaire. Les petits visages s&#039;illuminent toujours lorsque nous apportons de nouveaux cahiers, crayons et couleurs pour les aider dans leurs devoirs. C\u2019est un rappel de l\u2019ampleur de la diff\u00e9rence que m\u00eame de petites contributions peuvent faire.<\/p>\n<p>Lorsque vous magasinez chez Tibladin, vous faites bien plus qu\u2019acheter un produit. Vous contribuez \u00e0 soutenir les femmes derri\u00e8re chaque pi\u00e8ce faite \u00e0 la main \u2013 et vous contribuez \u00e0 cr\u00e9er un avenir meilleur pour elles et leurs familles. Votre achat fait la diff\u00e9rence.<\/p>\n<p>De la part de nous tous et des femmes des coop\u00e9ratives : Un sinc\u00e8re MERCI pour votre soutien !<\/p>\n\n\t\t<\/div>\n\t<\/div>\n<\/div><\/div><\/div><\/div>\n<\/div>","protected":false},"excerpt":{"rendered":"Kvindekooperativ \"Tibladins samarbejde med kvindekooperativer i Marokko er mere end bare en forretning. Det er et udtryk for min dybe respekt for det marokkanske h\u00e5ndv\u00e6rk og et \u00f8nske om at st\u00f8tte kvinderne i at opbygge et bedre liv for sig selv og deres familier. Samarbejdet med kvindekooperativer er derfor et personligt projekt, der er inspireret [...]","protected":false},"author":2,"featured_media":0,"parent":0,"menu_order":0,"comment_status":"closed","ping_status":"closed","template":"template-fullwidth-no-heading.php","meta":{"inline_featured_image":false,"footnotes":""},"class_list":["post-34355","page","type-page","status-publish","hentry"],"yoast_head":"<!-- This site is optimized with the Yoast SEO plugin v27.5 - https:\/\/yoast.com\/product\/yoast-seo-wordpress\/ -->\n<title>Kvindekooperativ | Tibladin samarbejder med kvindekooperativ<\/title>\n<meta name=\"description\" content=\"Tibladin samarbejder med kvindekooperativer i Marokko med fokus p\u00e5 traditionelt h\u00e5ndv\u00e6rk og \u00f8nsket om give kvinder \u00f8konomisk uafh\u00e6ngighed.\" \/>\n<meta name=\"robots\" content=\"index, follow, max-snippet:-1, max-image-preview:large, max-video-preview:-1\" \/>\n<link rel=\"canonical\" href=\"https:\/\/tibladin.dk\/fr\/cooperative-de-femmes\/\" \/>\n<meta property=\"og:locale\" content=\"fr_FR\" \/>\n<meta property=\"og:type\" content=\"article\" \/>\n<meta property=\"og:title\" content=\"Kvindekooperativ | Tibladin samarbejder med kvindekooperativ\" \/>\n<meta property=\"og:description\" content=\"Tibladin samarbejder med kvindekooperativer i Marokko med fokus p\u00e5 traditionelt h\u00e5ndv\u00e6rk og \u00f8nsket om give kvinder \u00f8konomisk uafh\u00e6ngighed.\" \/>\n<meta property=\"og:url\" content=\"https:\/\/tibladin.dk\/fr\/cooperative-de-femmes\/\" \/>\n<meta property=\"og:site_name\" content=\"Tibladin\" \/>\n<meta property=\"article:modified_time\" content=\"2025-01-28T14:06:17+00:00\" \/>\n<meta name=\"twitter:card\" content=\"summary_large_image\" \/>\n<meta name=\"twitter:label1\" content=\"Dur\u00e9e de lecture estim\u00e9e\" \/>\n\t<meta name=\"twitter:data1\" content=\"5 minutes\" \/>\n<script type=\"application\/ld+json\" class=\"yoast-schema-graph\">{\"@context\":\"https:\\\/\\\/schema.org\",\"@graph\":[{\"@type\":\"WebPage\",\"@id\":\"https:\\\/\\\/tibladin.dk\\\/kvindekooperativ\\\/\",\"url\":\"https:\\\/\\\/tibladin.dk\\\/kvindekooperativ\\\/\",\"name\":\"Kvindekooperativ | Tibladin samarbejder med kvindekooperativ\",\"isPartOf\":{\"@id\":\"https:\\\/\\\/tibladin.dk\\\/#website\"},\"datePublished\":\"2025-01-27T12:13:17+00:00\",\"dateModified\":\"2025-01-28T14:06:17+00:00\",\"description\":\"Tibladin samarbejder med kvindekooperativer i Marokko med fokus p\u00e5 traditionelt h\u00e5ndv\u00e6rk og \u00f8nsket om give kvinder \u00f8konomisk uafh\u00e6ngighed.\",\"breadcrumb\":{\"@id\":\"https:\\\/\\\/tibladin.dk\\\/kvindekooperativ\\\/#breadcrumb\"},\"inLanguage\":\"fr-FR\",\"potentialAction\":[{\"@type\":\"ReadAction\",\"target\":[\"https:\\\/\\\/tibladin.dk\\\/kvindekooperativ\\\/\"]}]},{\"@type\":\"BreadcrumbList\",\"@id\":\"https:\\\/\\\/tibladin.dk\\\/kvindekooperativ\\\/#breadcrumb\",\"itemListElement\":[{\"@type\":\"ListItem\",\"position\":1,\"name\":\"Hjem\",\"item\":\"https:\\\/\\\/tibladin.dk\\\/\"},{\"@type\":\"ListItem\",\"position\":2,\"name\":\"Kvindekooperativ\"}]},{\"@type\":\"WebSite\",\"@id\":\"https:\\\/\\\/tibladin.dk\\\/#website\",\"url\":\"https:\\\/\\\/tibladin.dk\\\/\",\"name\":\"Tibladin\",\"description\":\"Tibladin\",\"publisher\":{\"@id\":\"https:\\\/\\\/tibladin.dk\\\/#organization\"},\"potentialAction\":[{\"@type\":\"SearchAction\",\"target\":{\"@type\":\"EntryPoint\",\"urlTemplate\":\"https:\\\/\\\/tibladin.dk\\\/?s={search_term_string}\"},\"query-input\":{\"@type\":\"PropertyValueSpecification\",\"valueRequired\":true,\"valueName\":\"search_term_string\"}}],\"inLanguage\":\"fr-FR\"},{\"@type\":\"Organization\",\"@id\":\"https:\\\/\\\/tibladin.dk\\\/#organization\",\"name\":\"Tibladin\",\"url\":\"https:\\\/\\\/tibladin.dk\\\/\",\"logo\":{\"@type\":\"ImageObject\",\"inLanguage\":\"fr-FR\",\"@id\":\"https:\\\/\\\/tibladin.dk\\\/#\\\/schema\\\/logo\\\/image\\\/\",\"url\":\"https:\\\/\\\/tibladin.dk\\\/wp-content\\\/uploads\\\/2022\\\/09\\\/tibladin_logo.svg\",\"contentUrl\":\"https:\\\/\\\/tibladin.dk\\\/wp-content\\\/uploads\\\/2022\\\/09\\\/tibladin_logo.svg\",\"caption\":\"Tibladin\"},\"image\":{\"@id\":\"https:\\\/\\\/tibladin.dk\\\/#\\\/schema\\\/logo\\\/image\\\/\"}}]}<\/script>\n<!-- \/ Yoast SEO plugin. -->","yoast_head_json":{"title":"Coop\u00e9rative de femmes | Tibladin collabore avec une coop\u00e9rative de femmes","description":"Tibladin collabore avec des coop\u00e9ratives de femmes au Maroc en mettant l&#039;accent sur l&#039;artisanat traditionnel et la volont\u00e9 de donner aux femmes une ind\u00e9pendance \u00e9conomique.","robots":{"index":"index","follow":"follow","max-snippet":"max-snippet:-1","max-image-preview":"max-image-preview:large","max-video-preview":"max-video-preview:-1"},"canonical":"https:\/\/tibladin.dk\/fr\/cooperative-de-femmes\/","og_locale":"fr_FR","og_type":"article","og_title":"Kvindekooperativ | Tibladin samarbejder med kvindekooperativ","og_description":"Tibladin samarbejder med kvindekooperativer i Marokko med fokus p\u00e5 traditionelt h\u00e5ndv\u00e6rk og \u00f8nsket om give kvinder \u00f8konomisk uafh\u00e6ngighed.","og_url":"https:\/\/tibladin.dk\/fr\/cooperative-de-femmes\/","og_site_name":"Tibladin","article_modified_time":"2025-01-28T14:06:17+00:00","twitter_card":"summary_large_image","twitter_misc":{"Dur\u00e9e de lecture estim\u00e9e":"5 minutes"},"schema":{"@context":"https:\/\/schema.org","@graph":[{"@type":"WebPage","@id":"https:\/\/tibladin.dk\/kvindekooperativ\/","url":"https:\/\/tibladin.dk\/kvindekooperativ\/","name":"Coop\u00e9rative de femmes | Tibladin collabore avec une coop\u00e9rative de femmes","isPartOf":{"@id":"https:\/\/tibladin.dk\/#website"},"datePublished":"2025-01-27T12:13:17+00:00","dateModified":"2025-01-28T14:06:17+00:00","description":"Tibladin collabore avec des coop\u00e9ratives de femmes au Maroc en mettant l&#039;accent sur l&#039;artisanat traditionnel et la volont\u00e9 de donner aux femmes une ind\u00e9pendance \u00e9conomique.","breadcrumb":{"@id":"https:\/\/tibladin.dk\/kvindekooperativ\/#breadcrumb"},"inLanguage":"fr-FR","potentialAction":[{"@type":"ReadAction","target":["https:\/\/tibladin.dk\/kvindekooperativ\/"]}]},{"@type":"BreadcrumbList","@id":"https:\/\/tibladin.dk\/kvindekooperativ\/#breadcrumb","itemListElement":[{"@type":"ListItem","position":1,"name":"Hjem","item":"https:\/\/tibladin.dk\/"},{"@type":"ListItem","position":2,"name":"Kvindekooperativ"}]},{"@type":"WebSite","@id":"https:\/\/tibladin.dk\/#website","url":"https:\/\/tibladin.dk\/","name":"Tibladin","description":"Tibladin","publisher":{"@id":"https:\/\/tibladin.dk\/#organization"},"potentialAction":[{"@type":"SearchAction","target":{"@type":"EntryPoint","urlTemplate":"https:\/\/tibladin.dk\/?s={search_term_string}"},"query-input":{"@type":"PropertyValueSpecification","valueRequired":true,"valueName":"search_term_string"}}],"inLanguage":"fr-FR"},{"@type":"Organization","@id":"https:\/\/tibladin.dk\/#organization","name":"Tibladin","url":"https:\/\/tibladin.dk\/","logo":{"@type":"ImageObject","inLanguage":"fr-FR","@id":"https:\/\/tibladin.dk\/#\/schema\/logo\/image\/","url":"https:\/\/tibladin.dk\/wp-content\/uploads\/2022\/09\/tibladin_logo.svg","contentUrl":"https:\/\/tibladin.dk\/wp-content\/uploads\/2022\/09\/tibladin_logo.svg","caption":"Tibladin"},"image":{"@id":"https:\/\/tibladin.dk\/#\/schema\/logo\/image\/"}}]}},"_links":{"self":[{"href":"https:\/\/tibladin.dk\/fr\/wp-json\/wp\/v2\/pages\/34355","targetHints":{"allow":["GET"]}}],"collection":[{"href":"https:\/\/tibladin.dk\/fr\/wp-json\/wp\/v2\/pages"}],"about":[{"href":"https:\/\/tibladin.dk\/fr\/wp-json\/wp\/v2\/types\/page"}],"author":[{"embeddable":true,"href":"https:\/\/tibladin.dk\/fr\/wp-json\/wp\/v2\/users\/2"}],"replies":[{"embeddable":true,"href":"https:\/\/tibladin.dk\/fr\/wp-json\/wp\/v2\/comments?post=34355"}],"version-history":[{"count":21,"href":"https:\/\/tibladin.dk\/fr\/wp-json\/wp\/v2\/pages\/34355\/revisions"}],"predecessor-version":[{"id":34715,"href":"https:\/\/tibladin.dk\/fr\/wp-json\/wp\/v2\/pages\/34355\/revisions\/34715"}],"wp:attachment":[{"href":"https:\/\/tibladin.dk\/fr\/wp-json\/wp\/v2\/media?parent=34355"}],"curies":[{"name":"wp","href":"https:\/\/api.w.org\/{rel}","templated":true}]}}