{"id":34358,"date":"2025-01-27T13:32:52","date_gmt":"2025-01-27T12:32:52","guid":{"rendered":"https:\/\/tibladin.dk\/?page_id=34358"},"modified":"2025-01-27T14:06:50","modified_gmt":"2025-01-27T13:06:50","slug":"production-de-nos-ceramiques","status":"publish","type":"page","link":"https:\/\/tibladin.dk\/fr\/produktion-af-vores-keramik\/","title":{"rendered":"Production de nos c\u00e9ramiques"},"content":{"rendered":"<div class=\"wpb-content-wrapper\"><div class=\"vc_row wpb_row vc_row-fluid\"><div class=\"wpb_column vc_column_container vc_col-sm-12\"><div class=\"vc_column-inner\"><div class=\"wpb_wrapper\"><div class=\"vc_separator wpb_content_element vc_separator_align_center vc_sep_width_100 vc_sep_pos_align_center vc_separator_no_text vc_sep_color_grey wpb_content_element  wpb_content_element\" ><span class=\"vc_sep_holder vc_sep_holder_l\"><span class=\"vc_sep_line\"><\/span><\/span><span class=\"vc_sep_holder vc_sep_holder_r\"><span class=\"vc_sep_line\"><\/span><\/span>\n<\/div><h1 style=\"text-align: center\" class=\"vc_custom_heading vc_do_custom_heading\" >Production de nos c\u00e9ramiques<\/h1>\n\t<div class=\"wpb_text_column wpb_content_element\" >\n\t\t<div class=\"wpb_wrapper\">\n\t\t\t<p style=\"text-align: center;\">\u00ab La c\u00e9ramique marocaine poss\u00e8de une tradition et une histoire profondes qui me fascinent profond\u00e9ment. Chez Tibladin, je s\u00e9lectionne soigneusement des c\u00e9ramiques color\u00e9es et collabore avec des coop\u00e9ratives locales pour soutenir les artistes talentueux. Parall\u00e8lement, nous d\u00e9veloppons nos propres produits, o\u00f9 nous combinons le design marocain authentique avec l&#039;\u00e9l\u00e9gance simple du design scandinave. \u2013 Mette Frank Bijaad, propri\u00e9taire de Tibladin.<\/p>\n\n\t\t<\/div>\n\t<\/div>\n<\/div><\/div><\/div><\/div><div class=\"vc_row wpb_row vc_row-fluid\"><div class=\"wpb_column vc_column_container vc_col-sm-6\"><div class=\"vc_column-inner\"><div class=\"wpb_wrapper\">\n\t<div  class=\"wpb_single_image wpb_content_element vc_align_center wpb_content_element\">\n\t\t\n\t\t<figure class=\"wpb_wrapper vc_figure\">\n\t\t\t<div class=\"vc_single_image-wrapper   vc_box_border_grey\"><img decoding=\"async\" class=\"vc_single_image-img\" src=\"https:\/\/tibladin.dk\/wp-content\/uploads\/2025\/01\/Keramik_1-600x700.jpg\" width=\"600\" height=\"700\" alt=\"C\u00e9ramique_1_ homme qui produit de la c\u00e9ramique\" title=\"C\u00e9ramique_1\" loading=\"lazy\" \/><\/div>\n\t\t<\/figure>\n\t<\/div>\n<\/div><\/div><\/div><div class=\"wpb_column vc_column_container vc_col-sm-6\"><div class=\"vc_column-inner\"><div class=\"wpb_wrapper\">\n\t<div  class=\"wpb_single_image wpb_content_element vc_align_center wpb_content_element\">\n\t\t\n\t\t<figure class=\"wpb_wrapper vc_figure\">\n\t\t\t<div class=\"vc_single_image-wrapper   vc_box_border_grey\"><img decoding=\"async\" class=\"vc_single_image-img\" src=\"https:\/\/tibladin.dk\/wp-content\/uploads\/2025\/01\/keramik_19-600x700.jpg\" width=\"600\" height=\"700\" alt=\"c\u00e9ramique_19_homme qui produit de la c\u00e9ramique\" title=\"c\u00e9ramique_19\" loading=\"lazy\" \/><\/div>\n\t\t<\/figure>\n\t<\/div>\n<\/div><\/div><\/div><\/div><div class=\"vc_row wpb_row vc_row-fluid\"><div class=\"wpb_column vc_column_container vc_col-sm-12\"><div class=\"vc_column-inner\"><div class=\"wpb_wrapper\"><h2 style=\"text-align: center\" class=\"vc_custom_heading vc_do_custom_heading\" >Le charme marocain<\/h2>\n\t<div class=\"wpb_text_column wpb_content_element\" >\n\t\t<div class=\"wpb_wrapper\">\n\t\t\t<p style=\"text-align: center;\">Les c\u00e9ramiques marocaines sont fabriqu\u00e9es \u00e0 la main par des artisans talentueux, conf\u00e9rant \u00e0 chaque pi\u00e8ce un charme unique et rustique. Qu&#039;il s&#039;agisse d&#039;un bol en c\u00e9ramique sur la table de la cuisine ou d&#039;un plat d\u00e9coratif en c\u00e9ramique, la c\u00e9ramique marocaine apporte de la couleur, de la personnalit\u00e9 et de la profondeur culturelle \u00e0 la maison.<\/p>\n<p style=\"text-align: center;\">Les c\u00e9ramiques marocaines color\u00e9es sont s\u00e9lectionn\u00e9es \u00e0 la main aupr\u00e8s d&#039;une coop\u00e9rative qui collabore avec des designers de tout le Maroc. Les c\u00e9ramiques s&#039;inspirent principalement de Safi, o\u00f9 de nombreux c\u00e9ramistes talentueux ont \u00e9galement leurs racines. Parall\u00e8lement, de nouveaux mod\u00e8les sont continuellement d\u00e9velopp\u00e9s en collaboration avec des c\u00e9ramistes d\u2019autres domaines.<\/p>\n\n\t\t<\/div>\n\t<\/div>\n<\/div><\/div><\/div><\/div><div class=\"vc_row wpb_row vc_row-fluid\"><div class=\"wpb_column vc_column_container vc_col-sm-6\"><div class=\"vc_column-inner\"><div class=\"wpb_wrapper\">\n\t<div  class=\"wpb_single_image wpb_content_element vc_align_center wpb_content_element\">\n\t\t\n\t\t<figure class=\"wpb_wrapper vc_figure\">\n\t\t\t<div class=\"vc_single_image-wrapper   vc_box_border_grey\"><img decoding=\"async\" class=\"vc_single_image-img\" src=\"https:\/\/tibladin.dk\/wp-content\/uploads\/2025\/01\/keramik_13-600x700.jpg\" width=\"600\" height=\"700\" alt=\"c\u00e9ramique_13_mati\u00e8re premi\u00e8re pour la production de c\u00e9ramique\" title=\"c\u00e9ramique_13\" loading=\"lazy\" \/><\/div>\n\t\t<\/figure>\n\t<\/div>\n<\/div><\/div><\/div><div class=\"wpb_column vc_column_container vc_col-sm-6\"><div class=\"vc_column-inner\"><div class=\"wpb_wrapper\">\n\t<div  class=\"wpb_single_image wpb_content_element vc_align_center wpb_content_element\">\n\t\t\n\t\t<figure class=\"wpb_wrapper vc_figure\">\n\t\t\t<div class=\"vc_single_image-wrapper   vc_box_border_grey\"><img decoding=\"async\" class=\"vc_single_image-img\" src=\"https:\/\/tibladin.dk\/wp-content\/uploads\/2025\/01\/keramik_21-600x700.jpg\" width=\"600\" height=\"700\" alt=\"c\u00e9ramique_21_mati\u00e8re_premi\u00e8re_pour_la_production\" title=\"c\u00e9ramique_21\" loading=\"lazy\" \/><\/div>\n\t\t<\/figure>\n\t<\/div>\n<\/div><\/div><\/div><\/div><div class=\"vc_row wpb_row vc_row-fluid\"><div class=\"wpb_column vc_column_container vc_col-sm-12\"><div class=\"vc_column-inner\"><div class=\"wpb_wrapper\"><h2 style=\"text-align: center\" class=\"vc_custom_heading vc_do_custom_heading\" >Histoire de la c\u00e9ramique marocaine<\/h2>\n\t<div class=\"wpb_text_column wpb_content_element\" >\n\t\t<div class=\"wpb_wrapper\">\n\t\t\t<p style=\"text-align: center;\">Le Maroc, connu pour sa riche culture, attire de nombreux touristes, et l&#039;un des tr\u00e9sors les plus populaires est la c\u00e9ramique marocaine. Cette forme d&#039;art, qui combine l&#039;h\u00e9ritage berb\u00e8re avec des motifs arabes, fait du Maroc l&#039;un des principaux producteurs de c\u00e9ramique et de fa\u00efence, notamment de bols, plats et autres fa\u00efences en c\u00e9ramique.<\/p>\n<p style=\"text-align: center;\">La c\u00e9ramique marocaine a une histoire qui remonte \u00e0 plus de 6 000 ans, lorsque les Berb\u00e8res ont commenc\u00e9 \u00e0 cr\u00e9er des \u0153uvres d&#039;art en c\u00e9ramique embl\u00e9matiques. Les Berb\u00e8res sont consid\u00e9r\u00e9s comme les initiateurs de cette tradition, qui a toujours constitu\u00e9 une part importante de l\u2019artisanat marocain.<\/p>\n<p style=\"text-align: center;\">Au Maroc, vous trouverez une richesse de bols, plats et autres fa\u00efences en c\u00e9ramique marocaine. Les c\u00e9ramiques marocaines de Tibladin sont fabriqu\u00e9es \u00e0 Marrakech en collaboration avec des artistes de la ville de Safi, ce qui signifie que les c\u00e9ramiques sont fortement inspir\u00e9es du c\u00e9l\u00e8bre style Safi. Safi, ville portuaire et ville provinciale de l&#039;ouest du Maroc, est c\u00e9l\u00e8bre pour ses c\u00e9ramiques artisanales.<\/p>\n\n\t\t<\/div>\n\t<\/div>\n<\/div><\/div><\/div><\/div><div class=\"vc_row wpb_row vc_row-fluid\"><div class=\"wpb_column vc_column_container vc_col-sm-12\"><div class=\"vc_column-inner\"><div class=\"wpb_wrapper\"><h2 style=\"text-align: center\" class=\"vc_custom_heading vc_do_custom_heading\" >Une fusion de tradition et de design scandinave<\/h2>\n\t<div class=\"wpb_text_column wpb_content_element\" >\n\t\t<div class=\"wpb_wrapper\">\n\t\t\t<p style=\"text-align: center;\">La poterie de Tamegroute, avec son expression rustique et unique, est originaire d&#039;un petit village du sud du Maroc. Ici, dans le seul endroit au monde o\u00f9 cette poterie sp\u00e9ciale est produite, on utilise une recette secr\u00e8te qui a \u00e9t\u00e9 transmise de g\u00e9n\u00e9ration en g\u00e9n\u00e9ration. C&#039;est cette combinaison de tradition et d&#039;authenticit\u00e9 qui a fait de la c\u00e9ramique de Tamegroute quelque chose de vraiment sp\u00e9cial.<\/p>\n<p style=\"text-align: center;\">Mette Frank Bijaad, propri\u00e9taire de Tibladin, a un profond amour pour le design rustique et appr\u00e9cie les traditions artisanales derri\u00e8re chaque pi\u00e8ce de poterie. Dans le m\u00eame temps, Mette partage une vision avec le fabricant marocain, qui non seulement s&#039;en tient aux techniques traditionnelles, mais est \u00e9galement avant-gardiste et pr\u00eat \u00e0 exp\u00e9rimenter de nouveaux designs. Cette ouverture a cr\u00e9\u00e9 une opportunit\u00e9 unique d\u2019unir l\u2019artisanat intemporel de Tamegroute avec le design scandinave minimaliste qui fait la renomm\u00e9e de Tibladin.<\/p>\n<p style=\"text-align: center;\">Le r\u00e9sultat est une fusion harmonieuse qui unit le brut et l\u2019organique au simple et au styl\u00e9 \u2013 un hommage \u00e0 la fois \u00e0 la tradition et \u00e0 la modernit\u00e9. Tibladin propose donc une s\u00e9lection exclusive de c\u00e9ramiques de Tamegroute, qui pla\u00eet \u00e0 ceux qui souhaitent quelque chose d&#039;unique et de significatif pour leur maison.<\/p>\n\n\t\t<\/div>\n\t<\/div>\n<\/div><\/div><\/div><\/div><div class=\"vc_row wpb_row vc_row-fluid\"><div class=\"wpb_column vc_column_container vc_col-sm-6\"><div class=\"vc_column-inner\"><div class=\"wpb_wrapper\">\n\t<div  class=\"wpb_single_image wpb_content_element vc_align_center wpb_content_element\">\n\t\t\n\t\t<figure class=\"wpb_wrapper vc_figure\">\n\t\t\t<div class=\"vc_single_image-wrapper   vc_box_border_grey\"><img decoding=\"async\" class=\"vc_single_image-img\" src=\"https:\/\/tibladin.dk\/wp-content\/uploads\/2025\/01\/keramik_8-600x700.jpg\" width=\"600\" height=\"700\" alt=\"Four \u00e0 c\u00e9ramique au Maroc\" title=\"c\u00e9ramique_8\" loading=\"lazy\" \/><\/div>\n\t\t<\/figure>\n\t<\/div>\n<\/div><\/div><\/div><div class=\"wpb_column vc_column_container vc_col-sm-6\"><div class=\"vc_column-inner\"><div class=\"wpb_wrapper\">\n\t<div  class=\"wpb_single_image wpb_content_element vc_align_center wpb_content_element\">\n\t\t\n\t\t<figure class=\"wpb_wrapper vc_figure\">\n\t\t\t<div class=\"vc_single_image-wrapper   vc_box_border_grey\"><img decoding=\"async\" class=\"vc_single_image-img\" src=\"https:\/\/tibladin.dk\/wp-content\/uploads\/2025\/01\/keramik_12-1-600x700.jpg\" width=\"600\" height=\"700\" alt=\"c\u00e9ramique_12_homme travaillant dans son atelier\" title=\"c\u00e9ramique_12\" loading=\"lazy\" \/><\/div>\n\t\t<\/figure>\n\t<\/div>\n<\/div><\/div><\/div><\/div><div class=\"vc_row wpb_row vc_row-fluid\"><div class=\"wpb_column vc_column_container vc_col-sm-12\"><div class=\"vc_column-inner\"><div class=\"wpb_wrapper\"><h2 style=\"text-align: center\" class=\"vc_custom_heading vc_do_custom_heading\" >Conception unique<\/h2>\n\t<div class=\"wpb_text_column wpb_content_element\" >\n\t\t<div class=\"wpb_wrapper\">\n\t\t\t<p style=\"text-align: center;\">Chez Tibladin, la c\u00e9ramique est un hommage \u00e0 la fois \u00e0 la fonctionnalit\u00e9 et \u00e0 l\u2019esth\u00e9tique. Mette Frank Bijaad joue un r\u00f4le important dans plusieurs phases du processus de conception, o\u00f9 son sens du d\u00e9tail et son sens du tactile font une diff\u00e9rence significative. Lors du d\u00e9veloppement de nouveaux produits, ce sont surtout les formes des assiettes et des bols ainsi que les anses des cruches que Mette laisse son empreinte. Elle estime que la c\u00e9ramique ne doit pas seulement \u00eatre belle \u00e0 regarder, mais aussi agr\u00e9able \u00e0 tenir.<\/p>\n<p style=\"text-align: center;\">Un amour particulier pour les contrastes caract\u00e9rise \u00e9galement les cr\u00e9ations de Tibladin. Mette aime jouer avec les \u00e9maux, o\u00f9 le jeu des couleurs cr\u00e9e quelque chose d&#039;unique. Par exemple, la moiti\u00e9 d\u2019un bol peut \u00eatre \u00e9maill\u00e9e dans un ton blanc neutre, tandis que l\u2019autre moiti\u00e9 pr\u00e9sente une touche de couleur vive. Ces contrastes de couleurs conf\u00e8rent aux produits un aspect moderne et accrocheur, tout en respectant le c\u00f4t\u00e9 rustique et authentique.<\/p>\n<p style=\"text-align: center;\">Lors du d\u00e9veloppement de la forme et du design, on tient \u00e9galement compte de la mani\u00e8re dont les produits peuvent \u00eatre utilis\u00e9s dans la pratique. Les bols et les assiettes sont cr\u00e9\u00e9s avec une polyvalence qui les rend parfaits pour tout, du service de poke bowls au darl. C&#039;est cette combinaison de fonctionnalit\u00e9 et de beaut\u00e9 qui fait de la c\u00e9ramique de Tibladin quelque chose de tr\u00e8s sp\u00e9cial - et qui cr\u00e9e des produits \u00e0 la fois uniques et utiles dans la vie de tous les jours.<\/p>\n\n\t\t<\/div>\n\t<\/div>\n<\/div><\/div><\/div><\/div><div class=\"vc_row wpb_row vc_row-fluid\"><div class=\"wpb_column vc_column_container vc_col-sm-12\"><div class=\"vc_column-inner\"><div class=\"wpb_wrapper\"><h2 style=\"text-align: center\" class=\"vc_custom_heading vc_do_custom_heading\" >La production<\/h2>\n\t<div class=\"wpb_text_column wpb_content_element\" >\n\t\t<div class=\"wpb_wrapper\">\n\t\t\t<p style=\"text-align: center;\">La c\u00e9ramique marocaine est fabriqu\u00e9e \u00e0 partir de trois types d&#039;argile : l&#039;argile rouge, l&#039;argile jaune et l&#039;argile blanche. Avant de pouvoir utiliser l&#039;argile pour des plats et des bols en c\u00e9ramique, elle est tamis\u00e9e et finement nettoy\u00e9e pour \u00e9liminer les pierres et le calcaire. Pour y parvenir, l\u2019argile est plac\u00e9e dans des r\u00e9servoirs d\u2019eau pendant une p\u00e9riode prolong\u00e9e. L&#039;argile doit ensuite s\u00e9cher au soleil pendant plusieurs heures avant de pouvoir \u00eatre utilis\u00e9e pour cr\u00e9er des poteries marocaines.<\/p>\n<p style=\"text-align: center;\">Une fois l&#039;argile pr\u00e9par\u00e9e, on la p\u00e9trit, et au Maroc cela se fait traditionnellement avec les pieds. L&#039;artisan pi\u00e9tine l&#039;argile humide pour la masser et la p\u00e9trir soigneusement, \u00e9liminant ainsi toutes les bulles d&#039;air. Il s\u2019agit d\u2019un processus important pour \u00e9viter les fissures dans la c\u00e9ramique apr\u00e8s la cuisson.<\/p>\n<p style=\"text-align: center;\">Une fois le p\u00e9trissage termin\u00e9, l&#039;argile est fa\u00e7onn\u00e9e en bols et plats en c\u00e9ramique, que vous pouvez retrouver ici sur cette page. L&#039;argile est ensuite s\u00e9ch\u00e9e au soleil avant d&#039;\u00eatre cuite dans un four \u00e0 haute temp\u00e9rature, entre 900 et 1200 degr\u00e9s.<\/p>\n<p style=\"text-align: center;\">L\u2019\u00e9tape finale de la production de la c\u00e9ramique marocaine est la d\u00e9coration, \u00e9galement appel\u00e9e \u00ab zwak \u00bb en arabe. Les bols et plats en c\u00e9ramique marocaine portent des formes et des symboles inspir\u00e9s de la culture amazighe et des versets du Coran.<\/p>\n<p style=\"text-align: center;\">Pour donner \u00e0 la c\u00e9ramique un aspect lisse et brillant, la poterie marocaine est recouverte d&#039;une fine couche de couleurs. Les couleurs sont cr\u00e9\u00e9es par des oxydes (oxyde de fer pour le marron, de cuivre pour le vert et de cobalt pour le bleu), et le processus est appel\u00e9 \u00ab gla\u00e7age \u00bb. Cela donne \u00e0 la c\u00e9ramique une belle brillance. Enfin, les plats et bols en c\u00e9ramique marocaine subissent un dernier passage au four.<\/p>\n<p style=\"text-align: center;\"><a href=\"https:\/\/tibladin.dk\/fr\/categorie-de-produit\/interieur\/reglage-de-la-table-2\/ceramiques-marocaines\/\">D\u00e9couvrez notre univers de c\u00e9ramique<\/a><b>, <\/b>et laissez-vous inspirer par la riche histoire et la culture tiss\u00e9es dans chaque produit.<\/p>\n\n\t\t<\/div>\n\t<\/div>\n<\/div><\/div><\/div><\/div>\n<\/div>","protected":false},"excerpt":{"rendered":"Produktion af vores keramik \"Marokkansk keramik rummer en dyb tradition og historie, som jeg er dybt fascineret af. Hos Tibladin h\u00e5ndplukker jeg med omhu farverig keramik og samarbejder med lokale kooperativer for at st\u00f8tte de dygtige kunstnere. Samtidig udvikler vi vores egne produkter, hvor vi forener det autentiske marokkanske design med den enkle elegance fra [...]","protected":false},"author":2,"featured_media":0,"parent":0,"menu_order":0,"comment_status":"closed","ping_status":"closed","template":"template-fullwidth-no-heading.php","meta":{"inline_featured_image":false,"footnotes":""},"class_list":["post-34358","page","type-page","status-publish","hentry"],"yoast_head":"<!-- This site is optimized with the Yoast SEO plugin v27.5 - https:\/\/yoast.com\/product\/yoast-seo-wordpress\/ -->\n<title>Produktion af vores keramik | Tibladin &amp; Marokkansk Keramik<\/title>\n<meta name=\"description\" content=\"Tibladin samarbejder med dygtige keramikere om at skabe unikke stent\u00f8jskollektioner. Vi kombinerer egne designs med marokkansk keramik.\" \/>\n<meta name=\"robots\" content=\"index, follow, max-snippet:-1, max-image-preview:large, max-video-preview:-1\" \/>\n<link rel=\"canonical\" href=\"https:\/\/tibladin.dk\/fr\/production-de-nos-ceramiques\/\" \/>\n<meta property=\"og:locale\" content=\"fr_FR\" \/>\n<meta property=\"og:type\" content=\"article\" \/>\n<meta property=\"og:title\" content=\"Produktion af vores keramik | Tibladin &amp; Marokkansk Keramik\" \/>\n<meta property=\"og:description\" content=\"Tibladin samarbejder med dygtige keramikere om at skabe unikke stent\u00f8jskollektioner. Vi kombinerer egne designs med marokkansk keramik.\" \/>\n<meta property=\"og:url\" content=\"https:\/\/tibladin.dk\/fr\/production-de-nos-ceramiques\/\" \/>\n<meta property=\"og:site_name\" content=\"Tibladin\" \/>\n<meta property=\"article:modified_time\" content=\"2025-01-27T13:06:50+00:00\" \/>\n<meta name=\"twitter:card\" content=\"summary_large_image\" \/>\n<meta name=\"twitter:label1\" content=\"Dur\u00e9e de lecture estim\u00e9e\" \/>\n\t<meta name=\"twitter:data1\" content=\"7 minutes\" \/>\n<script type=\"application\/ld+json\" class=\"yoast-schema-graph\">{\"@context\":\"https:\\\/\\\/schema.org\",\"@graph\":[{\"@type\":\"WebPage\",\"@id\":\"https:\\\/\\\/tibladin.dk\\\/produktion-af-vores-keramik\\\/\",\"url\":\"https:\\\/\\\/tibladin.dk\\\/produktion-af-vores-keramik\\\/\",\"name\":\"Produktion af vores keramik | Tibladin & Marokkansk Keramik\",\"isPartOf\":{\"@id\":\"https:\\\/\\\/tibladin.dk\\\/#website\"},\"datePublished\":\"2025-01-27T12:32:52+00:00\",\"dateModified\":\"2025-01-27T13:06:50+00:00\",\"description\":\"Tibladin samarbejder med dygtige keramikere om at skabe unikke stent\u00f8jskollektioner. Vi kombinerer egne designs med marokkansk keramik.\",\"breadcrumb\":{\"@id\":\"https:\\\/\\\/tibladin.dk\\\/produktion-af-vores-keramik\\\/#breadcrumb\"},\"inLanguage\":\"fr-FR\",\"potentialAction\":[{\"@type\":\"ReadAction\",\"target\":[\"https:\\\/\\\/tibladin.dk\\\/produktion-af-vores-keramik\\\/\"]}]},{\"@type\":\"BreadcrumbList\",\"@id\":\"https:\\\/\\\/tibladin.dk\\\/produktion-af-vores-keramik\\\/#breadcrumb\",\"itemListElement\":[{\"@type\":\"ListItem\",\"position\":1,\"name\":\"Hjem\",\"item\":\"https:\\\/\\\/tibladin.dk\\\/\"},{\"@type\":\"ListItem\",\"position\":2,\"name\":\"Produktion af vores keramik\"}]},{\"@type\":\"WebSite\",\"@id\":\"https:\\\/\\\/tibladin.dk\\\/#website\",\"url\":\"https:\\\/\\\/tibladin.dk\\\/\",\"name\":\"Tibladin\",\"description\":\"Tibladin\",\"publisher\":{\"@id\":\"https:\\\/\\\/tibladin.dk\\\/#organization\"},\"potentialAction\":[{\"@type\":\"SearchAction\",\"target\":{\"@type\":\"EntryPoint\",\"urlTemplate\":\"https:\\\/\\\/tibladin.dk\\\/?s={search_term_string}\"},\"query-input\":{\"@type\":\"PropertyValueSpecification\",\"valueRequired\":true,\"valueName\":\"search_term_string\"}}],\"inLanguage\":\"fr-FR\"},{\"@type\":\"Organization\",\"@id\":\"https:\\\/\\\/tibladin.dk\\\/#organization\",\"name\":\"Tibladin\",\"url\":\"https:\\\/\\\/tibladin.dk\\\/\",\"logo\":{\"@type\":\"ImageObject\",\"inLanguage\":\"fr-FR\",\"@id\":\"https:\\\/\\\/tibladin.dk\\\/#\\\/schema\\\/logo\\\/image\\\/\",\"url\":\"https:\\\/\\\/tibladin.dk\\\/wp-content\\\/uploads\\\/2022\\\/09\\\/tibladin_logo.svg\",\"contentUrl\":\"https:\\\/\\\/tibladin.dk\\\/wp-content\\\/uploads\\\/2022\\\/09\\\/tibladin_logo.svg\",\"caption\":\"Tibladin\"},\"image\":{\"@id\":\"https:\\\/\\\/tibladin.dk\\\/#\\\/schema\\\/logo\\\/image\\\/\"}}]}<\/script>\n<!-- \/ Yoast SEO plugin. -->","yoast_head_json":{"title":"Production de nos c\u00e9ramiques | Tibladin et c\u00e9ramique marocaine","description":"Tibladin collabore avec des c\u00e9ramistes qualifi\u00e9s pour cr\u00e9er des collections uniques en gr\u00e8s. Nous combinons nos propres designs avec la c\u00e9ramique marocaine.","robots":{"index":"index","follow":"follow","max-snippet":"max-snippet:-1","max-image-preview":"max-image-preview:large","max-video-preview":"max-video-preview:-1"},"canonical":"https:\/\/tibladin.dk\/fr\/production-de-nos-ceramiques\/","og_locale":"fr_FR","og_type":"article","og_title":"Produktion af vores keramik | Tibladin & Marokkansk Keramik","og_description":"Tibladin samarbejder med dygtige keramikere om at skabe unikke stent\u00f8jskollektioner. Vi kombinerer egne designs med marokkansk keramik.","og_url":"https:\/\/tibladin.dk\/fr\/production-de-nos-ceramiques\/","og_site_name":"Tibladin","article_modified_time":"2025-01-27T13:06:50+00:00","twitter_card":"summary_large_image","twitter_misc":{"Dur\u00e9e de lecture estim\u00e9e":"7 minutes"},"schema":{"@context":"https:\/\/schema.org","@graph":[{"@type":"WebPage","@id":"https:\/\/tibladin.dk\/produktion-af-vores-keramik\/","url":"https:\/\/tibladin.dk\/produktion-af-vores-keramik\/","name":"Production de nos c\u00e9ramiques | Tibladin et c\u00e9ramique marocaine","isPartOf":{"@id":"https:\/\/tibladin.dk\/#website"},"datePublished":"2025-01-27T12:32:52+00:00","dateModified":"2025-01-27T13:06:50+00:00","description":"Tibladin collabore avec des c\u00e9ramistes qualifi\u00e9s pour cr\u00e9er des collections uniques en gr\u00e8s. Nous combinons nos propres designs avec la c\u00e9ramique marocaine.","breadcrumb":{"@id":"https:\/\/tibladin.dk\/produktion-af-vores-keramik\/#breadcrumb"},"inLanguage":"fr-FR","potentialAction":[{"@type":"ReadAction","target":["https:\/\/tibladin.dk\/produktion-af-vores-keramik\/"]}]},{"@type":"BreadcrumbList","@id":"https:\/\/tibladin.dk\/produktion-af-vores-keramik\/#breadcrumb","itemListElement":[{"@type":"ListItem","position":1,"name":"Hjem","item":"https:\/\/tibladin.dk\/"},{"@type":"ListItem","position":2,"name":"Produktion af vores keramik"}]},{"@type":"WebSite","@id":"https:\/\/tibladin.dk\/#website","url":"https:\/\/tibladin.dk\/","name":"Tibladin","description":"Tibladin","publisher":{"@id":"https:\/\/tibladin.dk\/#organization"},"potentialAction":[{"@type":"SearchAction","target":{"@type":"EntryPoint","urlTemplate":"https:\/\/tibladin.dk\/?s={search_term_string}"},"query-input":{"@type":"PropertyValueSpecification","valueRequired":true,"valueName":"search_term_string"}}],"inLanguage":"fr-FR"},{"@type":"Organization","@id":"https:\/\/tibladin.dk\/#organization","name":"Tibladin","url":"https:\/\/tibladin.dk\/","logo":{"@type":"ImageObject","inLanguage":"fr-FR","@id":"https:\/\/tibladin.dk\/#\/schema\/logo\/image\/","url":"https:\/\/tibladin.dk\/wp-content\/uploads\/2022\/09\/tibladin_logo.svg","contentUrl":"https:\/\/tibladin.dk\/wp-content\/uploads\/2022\/09\/tibladin_logo.svg","caption":"Tibladin"},"image":{"@id":"https:\/\/tibladin.dk\/#\/schema\/logo\/image\/"}}]}},"_links":{"self":[{"href":"https:\/\/tibladin.dk\/fr\/wp-json\/wp\/v2\/pages\/34358","targetHints":{"allow":["GET"]}}],"collection":[{"href":"https:\/\/tibladin.dk\/fr\/wp-json\/wp\/v2\/pages"}],"about":[{"href":"https:\/\/tibladin.dk\/fr\/wp-json\/wp\/v2\/types\/page"}],"author":[{"embeddable":true,"href":"https:\/\/tibladin.dk\/fr\/wp-json\/wp\/v2\/users\/2"}],"replies":[{"embeddable":true,"href":"https:\/\/tibladin.dk\/fr\/wp-json\/wp\/v2\/comments?post=34358"}],"version-history":[{"count":37,"href":"https:\/\/tibladin.dk\/fr\/wp-json\/wp\/v2\/pages\/34358\/revisions"}],"predecessor-version":[{"id":34575,"href":"https:\/\/tibladin.dk\/fr\/wp-json\/wp\/v2\/pages\/34358\/revisions\/34575"}],"wp:attachment":[{"href":"https:\/\/tibladin.dk\/fr\/wp-json\/wp\/v2\/media?parent=34358"}],"curies":[{"name":"wp","href":"https:\/\/api.w.org\/{rel}","templated":true}]}}