{"id":34361,"date":"2025-01-27T13:53:46","date_gmt":"2025-01-27T12:53:46","guid":{"rendered":"https:\/\/tibladin.dk\/?page_id=34361"},"modified":"2025-01-27T14:10:06","modified_gmt":"2025-01-27T13:10:06","slug":"la-production-de-nos-tapis-et-coussins","status":"publish","type":"page","link":"https:\/\/tibladin.dk\/fr\/produktionen-af-vores-taepper-og-puder\/","title":{"rendered":"La fabrication de nos couvertures et oreillers"},"content":{"rendered":"<div class=\"wpb-content-wrapper\"><div class=\"vc_row wpb_row vc_row-fluid\"><div class=\"wpb_column vc_column_container vc_col-sm-12\"><div class=\"vc_column-inner\"><div class=\"wpb_wrapper\"><div class=\"vc_separator wpb_content_element vc_separator_align_center vc_sep_width_100 vc_sep_pos_align_center vc_separator_no_text vc_sep_color_grey wpb_content_element  wpb_content_element\" ><span class=\"vc_sep_holder vc_sep_holder_l\"><span class=\"vc_sep_line\"><\/span><\/span><span class=\"vc_sep_holder vc_sep_holder_r\"><span class=\"vc_sep_line\"><\/span><\/span>\n<\/div><h1 style=\"text-align: center\" class=\"vc_custom_heading vc_do_custom_heading\" >La fabrication de nos couvertures et oreillers<\/h1>\n\t<div class=\"wpb_text_column wpb_content_element\" >\n\t\t<div class=\"wpb_wrapper\">\n\t\t\t<p style=\"text-align: center;\">\u00ab Chaque tapis de Tibladin est soigneusement s\u00e9lectionn\u00e9 par moi personnellement. Je marche sur chaque tapis pour ressentir la qualit\u00e9 et l\u2019histoire qu\u2019il porte. Je suis \u00e9galement toujours \u00e0 la recherche de beaux tapis vintage qui ne conviennent plus comme tapis de sol, mais qui peuvent \u00eatre transform\u00e9s en coussins uniques. En recyclant les vieux tapis, nous leur donnons une nouvelle vie et cr\u00e9ons de beaux produits artisanaux. \u2013 Mette Frank Bijaad, propri\u00e9taire de Tibladin.<\/p>\n\n\t\t<\/div>\n\t<\/div>\n<\/div><\/div><\/div><\/div><div class=\"vc_row wpb_row vc_row-fluid\"><div class=\"wpb_column vc_column_container vc_col-sm-6\"><div class=\"vc_column-inner\"><div class=\"wpb_wrapper\">\n\t<div  class=\"wpb_single_image wpb_content_element vc_align_center wpb_content_element\">\n\t\t\n\t\t<figure class=\"wpb_wrapper vc_figure\">\n\t\t\t<div class=\"vc_single_image-wrapper   vc_box_border_grey\"><img decoding=\"async\" class=\"vc_single_image-img\" src=\"https:\/\/tibladin.dk\/wp-content\/uploads\/2025\/01\/Taepper-og-puder_27-600x700.jpg\" width=\"600\" height=\"700\" alt=\"Mat\u00e9riel pour couvertures et oreillers\" title=\"Couvertures et oreillers_27\" loading=\"lazy\" \/><\/div>\n\t\t<\/figure>\n\t<\/div>\n<\/div><\/div><\/div><div class=\"wpb_column vc_column_container vc_col-sm-6\"><div class=\"vc_column-inner\"><div class=\"wpb_wrapper\">\n\t<div  class=\"wpb_single_image wpb_content_element vc_align_center wpb_content_element\">\n\t\t\n\t\t<figure class=\"wpb_wrapper vc_figure\">\n\t\t\t<div class=\"vc_single_image-wrapper   vc_box_border_grey\"><img decoding=\"async\" class=\"vc_single_image-img\" src=\"https:\/\/tibladin.dk\/wp-content\/uploads\/2025\/01\/Taepper-og-puder_28-600x700.jpg\" width=\"600\" height=\"700\" alt=\"Mat\u00e9riaux utilis\u00e9s pour les couvertures et les oreillers\" title=\"Couvertures et oreillers_28\" loading=\"lazy\" \/><\/div>\n\t\t<\/figure>\n\t<\/div>\n<\/div><\/div><\/div><\/div><div class=\"vc_row wpb_row vc_row-fluid\"><div class=\"wpb_column vc_column_container vc_col-sm-12\"><div class=\"vc_column-inner\"><div class=\"wpb_wrapper\"><h2 style=\"text-align: center\" class=\"vc_custom_heading vc_do_custom_heading\" >La meilleure qualit\u00e9<\/h2>\n\t<div class=\"wpb_text_column wpb_content_element\" >\n\t\t<div class=\"wpb_wrapper\">\n\t\t\t<p style=\"text-align: center;\">Choisir un tapis en laine, c&#039;est comme choisir une \u0153uvre d&#039;art. Tous nos tapis \u00e0 motifs sont uniques et chacun porte sa propre histoire, qui doit s&#039;harmoniser avec la d\u00e9coration de votre maison. Chez Tibladin, nous s\u00e9lectionnons soigneusement les tapis marocains en collaboration avec nos fournisseurs \u00e0 Marrakech et sommes fiers du fait que les tapis en coton et en laine sont fabriqu\u00e9s \u00e0 partir de coton et de laine de la meilleure qualit\u00e9.<\/p>\n\n\t\t<\/div>\n\t<\/div>\n<h2 style=\"text-align: center\" class=\"vc_custom_heading vc_do_custom_heading\" >Tradition, artisanat et histoires uniques<\/h2>\n\t<div class=\"wpb_text_column wpb_content_element\" >\n\t\t<div class=\"wpb_wrapper\">\n\t\t\t<p style=\"text-align: center;\">Le Maroc a une fi\u00e8re et longue tradition de production de certains des plus beaux tapis en laine faits main. Cet artisanat ancien est toujours bien vivant, les tapis Beni Ouarain et Boucherouite \u00e9tant tiss\u00e9s \u00e0 la main par des femmes des tribus berb\u00e8res des montagnes de l&#039;Atlas.<\/p>\n<p style=\"text-align: center;\">Les Berb\u00e8res n&#039;avaient traditionnellement pas de langue \u00e9crite, et leurs histoires \u00e9taient donc exprim\u00e9es \u00e0 travers l&#039;artisanat des tapis color\u00e9s. Les tapis marocains \u00e9taient \u00e0 l\u2019origine personnels et influenc\u00e9s par les histoires des femmes elles-m\u00eames. Aujourd\u2019hui, les femmes cr\u00e9ent de nombreux tapis aux motifs et aux histoires diff\u00e9rents, qui sont achet\u00e9s par des marchands de tapis et distribu\u00e9s dans le monde entier.<\/p>\n<p style=\"text-align: center;\">La tribu des Beni Ouarain se compose de plusieurs tribus plus petites, dont certaines se sont d\u00e9plac\u00e9es plus loin dans les vall\u00e9es des montagnes de l&#039;Atlas, tandis que d&#039;autres vivent encore dans les hauteurs. La vie en montagne rend l&#039;\u00e9levage ovin naturel, donnant acc\u00e8s \u00e0 une laine de haute qualit\u00e9. Ce que ces tribus ont en commun, c&#039;est que les femmes tissent des couvertures incroyablement douces et luxueuses, g\u00e9n\u00e9ralement faites de laine claire avec des motifs sombres simples.<\/p>\n<p style=\"text-align: center;\">Les tapis Boucherouite sont cr\u00e9\u00e9s \u00e0 partir de chutes de laine et parfois de coton, ce qui les rend beaucoup plus color\u00e9s que les simples tapis Beni Ouarain. Ces tapis agissent comme des \u00e9l\u00e9ments int\u00e9rieurs uniques qui peuvent ajouter une touche plus vivante et color\u00e9e \u00e0 n&#039;importe quel d\u00e9cor int\u00e9rieur.<\/p>\n\n\t\t<\/div>\n\t<\/div>\n<\/div><\/div><\/div><\/div><div class=\"vc_row wpb_row vc_row-fluid\"><div class=\"wpb_column vc_column_container vc_col-sm-6\"><div class=\"vc_column-inner\"><div class=\"wpb_wrapper\">\n\t<div  class=\"wpb_single_image wpb_content_element vc_align_center wpb_content_element\">\n\t\t\n\t\t<figure class=\"wpb_wrapper vc_figure\">\n\t\t\t<div class=\"vc_single_image-wrapper   vc_box_border_grey\"><img decoding=\"async\" class=\"vc_single_image-img\" src=\"https:\/\/tibladin.dk\/wp-content\/uploads\/2025\/01\/Taepper-og-puder_23-600x700.jpg\" width=\"600\" height=\"700\" alt=\"Homme travaillant avec des couvertures et des oreillers\" title=\"Couvertures et oreillers_23\" loading=\"lazy\" \/><\/div>\n\t\t<\/figure>\n\t<\/div>\n<\/div><\/div><\/div><div class=\"wpb_column vc_column_container vc_col-sm-6\"><div class=\"vc_column-inner\"><div class=\"wpb_wrapper\">\n\t<div  class=\"wpb_single_image wpb_content_element vc_align_center wpb_content_element\">\n\t\t\n\t\t<figure class=\"wpb_wrapper vc_figure\">\n\t\t\t<div class=\"vc_single_image-wrapper   vc_box_border_grey\"><img decoding=\"async\" class=\"vc_single_image-img\" src=\"https:\/\/tibladin.dk\/wp-content\/uploads\/2025\/01\/Puder_taepper_1-600x700.jpg\" width=\"600\" height=\"700\" alt=\"Des couvertures pos\u00e9es \u00e0 l&#039;ext\u00e9rieur\" title=\"Oreillers_couvertures_1\" loading=\"lazy\" \/><\/div>\n\t\t<\/figure>\n\t<\/div>\n<\/div><\/div><\/div><\/div><div class=\"vc_row wpb_row vc_row-fluid\"><div class=\"wpb_column vc_column_container vc_col-sm-12\"><div class=\"vc_column-inner\"><div class=\"wpb_wrapper\"><h2 style=\"text-align: center\" class=\"vc_custom_heading vc_do_custom_heading\" >Colorants naturels<\/h2>\n\t<div class=\"wpb_text_column wpb_content_element\" >\n\t\t<div class=\"wpb_wrapper\">\n\t\t\t<p style=\"text-align: center;\">Les teintures naturelles utilis\u00e9es dans les tapis marocains sont un v\u00e9ritable cadeau de la nature. Des plantes telles que l&#039;indigo, la grenade, le safran et le kerm\u00e8s cr\u00e9ent une palette de couleurs magnifiques et vibrantes utilis\u00e9e dans les tapis marocains et les tapis de passage. Ces colorants naturels transforment le coton et la laine en \u0153uvres d\u2019art authentiques, o\u00f9 les couleurs et les motifs non seulement ornent les sols, mais ajoutent \u00e9galement une beaut\u00e9 naturelle et intemporelle au salon et \u00e0 la d\u00e9coration int\u00e9rieure.<\/p>\n\n\t\t<\/div>\n\t<\/div>\n<h2 style=\"text-align: center\" class=\"vc_custom_heading vc_do_custom_heading\" >Coussins de tapis vintage<\/h2>\n\t<div class=\"wpb_text_column wpb_content_element\" >\n\t\t<div class=\"wpb_wrapper\">\n\t\t\t<p style=\"text-align: center;\">Nos taies d&#039;oreiller uniques sont fabriqu\u00e9es \u00e0 partir de couvertures vintage soigneusement s\u00e9lectionn\u00e9es. Les couvertures sont cousues dans de belles taies d&#039;oreiller aux dimensions vari\u00e9es, et parfois l\u00e9g\u00e8rement non conventionnelles, pour utiliser chaque centim\u00e8tre du mat\u00e9riau. Nous concevons soigneusement la fa\u00e7on dont le tapis sera coup\u00e9 afin que les motifs apparaissent diff\u00e9remment au sein d&#039;une m\u00eame s\u00e9rie de housses de coussin. Le r\u00e9sultat est un oreiller totalement unique, disponible en un seul exemplaire, qui peut \u00eatre combin\u00e9 pour une expression personnelle. Le dos des coussins est en coton Kiria r\u00e9sistant.<\/p>\n\n\t\t<\/div>\n\t<\/div>\n<\/div><\/div><\/div><\/div><div class=\"vc_row wpb_row vc_row-fluid\"><div class=\"wpb_column vc_column_container vc_col-sm-6\"><div class=\"vc_column-inner\"><div class=\"wpb_wrapper\">\n\t<div  class=\"wpb_single_image wpb_content_element vc_align_center wpb_content_element\">\n\t\t\n\t\t<figure class=\"wpb_wrapper vc_figure\">\n\t\t\t<div class=\"vc_single_image-wrapper   vc_box_border_grey\"><img decoding=\"async\" class=\"vc_single_image-img\" src=\"https:\/\/tibladin.dk\/wp-content\/uploads\/2024\/12\/Marokkansk-pude-af-vintage-taeppe_TEDDY_motiv-7_LS-600x700.jpg\" width=\"600\" height=\"700\" alt=\"Oreiller marocain en tapis vintage_TEDDY_motif 7\" title=\"Oreiller-marocain-de-tapis-vintage_TEDDY_motif-7_LS\" loading=\"lazy\" \/><\/div>\n\t\t<\/figure>\n\t<\/div>\n<\/div><\/div><\/div><div class=\"wpb_column vc_column_container vc_col-sm-6\"><div class=\"vc_column-inner\"><div class=\"wpb_wrapper\">\n\t<div  class=\"wpb_single_image wpb_content_element vc_align_center wpb_content_element\">\n\t\t\n\t\t<figure class=\"wpb_wrapper vc_figure\">\n\t\t\t<div class=\"vc_single_image-wrapper   vc_box_border_grey\"><img decoding=\"async\" class=\"vc_single_image-img\" src=\"https:\/\/tibladin.dk\/wp-content\/uploads\/2025\/01\/Puder_taepper_6-600x700.jpg\" width=\"600\" height=\"700\" alt=\"La couverture se transforme en oreiller\" title=\"Oreillers_couvertures_6\" loading=\"lazy\" \/><\/div>\n\t\t<\/figure>\n\t<\/div>\n<\/div><\/div><\/div><\/div><div class=\"vc_row wpb_row vc_row-fluid\"><div class=\"wpb_column vc_column_container vc_col-sm-12\"><div class=\"vc_column-inner\"><div class=\"wpb_wrapper\"><h2 style=\"text-align: center\" class=\"vc_custom_heading vc_do_custom_heading\" >D\u00e9couvrez des couvertures et des taies d&#039;oreiller uniques pour votre maison<\/h2>\n\t<div class=\"wpb_text_column wpb_content_element\" >\n\t\t<div class=\"wpb_wrapper\">\n\t\t\t<p style=\"text-align: center;\"><a href=\"https:\/\/tibladin.dk\/fr\/categorie-de-produit\/tapis-marocains\/\">D\u00e9couvrez notre s\u00e9lection de tapis<\/a>, qui peut ajouter de la chaleur et du caract\u00e8re \u00e0 votre maison, ou <a href=\"https:\/\/tibladin.dk\/fr\/categorie-de-produit\/interieur\/accessoires-pour-la-maison\/textile\/taie-doreiller\/coussins-de-tapis-vintage\/\">d\u00e9couvrez nos taies d&#039;oreiller uniques<\/a>, qui cr\u00e9e une touche personnelle et distinctive dans votre int\u00e9rieur. Laissez-vous inspirer par nos collections et trouvez les \u00e9l\u00e9ments qui correspondent \u00e0 votre style.<\/p>\n\n\t\t<\/div>\n\t<\/div>\n<\/div><\/div><\/div><\/div>\n<\/div>","protected":false},"excerpt":{"rendered":"Produktionen af vores t\u00e6pper og puder \"Hvert t\u00e6ppe hos Tibladin er n\u00f8je udvalgt af mig personligt. Jeg g\u00e5r p\u00e5 hvert t\u00e6ppe for at m\u00e6rke kvaliteten og historien, det b\u00e6rer med sig. Jeg s\u00f8ger ogs\u00e5 altid smukke vintage t\u00e6pper, som ikke l\u00e6ngere egner sig som gulvt\u00e6pper, men som kan forvandles til unikke puder. Ved at genanvende [...]","protected":false},"author":2,"featured_media":0,"parent":0,"menu_order":0,"comment_status":"closed","ping_status":"closed","template":"template-fullwidth-no-heading.php","meta":{"inline_featured_image":false,"footnotes":""},"class_list":["post-34361","page","type-page","status-publish","hentry"],"yoast_head":"<!-- This site is optimized with the Yoast SEO plugin v27.5 - https:\/\/yoast.com\/product\/yoast-seo-wordpress\/ -->\n<title>Produktionen af vores t\u00e6pper og puder | Tradition og h\u00e5ndv\u00e6rk<\/title>\n<meta name=\"description\" content=\"Vores h\u00e5ndlavede t\u00e6pper og pudder er udvalgt med fokus p\u00e5 traditionelt h\u00e5ndv\u00e6rk, naturlige farvestoffer og h\u00f8j kvalitet.\" \/>\n<meta name=\"robots\" content=\"index, follow, max-snippet:-1, max-image-preview:large, max-video-preview:-1\" \/>\n<link rel=\"canonical\" href=\"https:\/\/tibladin.dk\/fr\/la-production-de-nos-tapis-et-coussins\/\" \/>\n<meta property=\"og:locale\" content=\"fr_FR\" \/>\n<meta property=\"og:type\" content=\"article\" \/>\n<meta property=\"og:title\" content=\"Produktionen af vores t\u00e6pper og puder | Tradition og h\u00e5ndv\u00e6rk\" \/>\n<meta property=\"og:description\" content=\"Vores h\u00e5ndlavede t\u00e6pper og pudder er udvalgt med fokus p\u00e5 traditionelt h\u00e5ndv\u00e6rk, naturlige farvestoffer og h\u00f8j kvalitet.\" \/>\n<meta property=\"og:url\" content=\"https:\/\/tibladin.dk\/fr\/la-production-de-nos-tapis-et-coussins\/\" \/>\n<meta property=\"og:site_name\" content=\"Tibladin\" \/>\n<meta property=\"article:modified_time\" content=\"2025-01-27T13:10:06+00:00\" \/>\n<meta name=\"twitter:card\" content=\"summary_large_image\" \/>\n<meta name=\"twitter:label1\" content=\"Dur\u00e9e de lecture estim\u00e9e\" \/>\n\t<meta name=\"twitter:data1\" content=\"5 minutes\" \/>\n<script type=\"application\/ld+json\" class=\"yoast-schema-graph\">{\"@context\":\"https:\\\/\\\/schema.org\",\"@graph\":[{\"@type\":\"WebPage\",\"@id\":\"https:\\\/\\\/tibladin.dk\\\/produktionen-af-vores-taepper-og-puder\\\/\",\"url\":\"https:\\\/\\\/tibladin.dk\\\/produktionen-af-vores-taepper-og-puder\\\/\",\"name\":\"Produktionen af vores t\u00e6pper og puder | Tradition og h\u00e5ndv\u00e6rk\",\"isPartOf\":{\"@id\":\"https:\\\/\\\/tibladin.dk\\\/#website\"},\"datePublished\":\"2025-01-27T12:53:46+00:00\",\"dateModified\":\"2025-01-27T13:10:06+00:00\",\"description\":\"Vores h\u00e5ndlavede t\u00e6pper og pudder er udvalgt med fokus p\u00e5 traditionelt h\u00e5ndv\u00e6rk, naturlige farvestoffer og h\u00f8j kvalitet.\",\"breadcrumb\":{\"@id\":\"https:\\\/\\\/tibladin.dk\\\/produktionen-af-vores-taepper-og-puder\\\/#breadcrumb\"},\"inLanguage\":\"fr-FR\",\"potentialAction\":[{\"@type\":\"ReadAction\",\"target\":[\"https:\\\/\\\/tibladin.dk\\\/produktionen-af-vores-taepper-og-puder\\\/\"]}]},{\"@type\":\"BreadcrumbList\",\"@id\":\"https:\\\/\\\/tibladin.dk\\\/produktionen-af-vores-taepper-og-puder\\\/#breadcrumb\",\"itemListElement\":[{\"@type\":\"ListItem\",\"position\":1,\"name\":\"Hjem\",\"item\":\"https:\\\/\\\/tibladin.dk\\\/\"},{\"@type\":\"ListItem\",\"position\":2,\"name\":\"Produktionen af vores t\u00e6pper og puder\"}]},{\"@type\":\"WebSite\",\"@id\":\"https:\\\/\\\/tibladin.dk\\\/#website\",\"url\":\"https:\\\/\\\/tibladin.dk\\\/\",\"name\":\"Tibladin\",\"description\":\"Tibladin\",\"publisher\":{\"@id\":\"https:\\\/\\\/tibladin.dk\\\/#organization\"},\"potentialAction\":[{\"@type\":\"SearchAction\",\"target\":{\"@type\":\"EntryPoint\",\"urlTemplate\":\"https:\\\/\\\/tibladin.dk\\\/?s={search_term_string}\"},\"query-input\":{\"@type\":\"PropertyValueSpecification\",\"valueRequired\":true,\"valueName\":\"search_term_string\"}}],\"inLanguage\":\"fr-FR\"},{\"@type\":\"Organization\",\"@id\":\"https:\\\/\\\/tibladin.dk\\\/#organization\",\"name\":\"Tibladin\",\"url\":\"https:\\\/\\\/tibladin.dk\\\/\",\"logo\":{\"@type\":\"ImageObject\",\"inLanguage\":\"fr-FR\",\"@id\":\"https:\\\/\\\/tibladin.dk\\\/#\\\/schema\\\/logo\\\/image\\\/\",\"url\":\"https:\\\/\\\/tibladin.dk\\\/wp-content\\\/uploads\\\/2022\\\/09\\\/tibladin_logo.svg\",\"contentUrl\":\"https:\\\/\\\/tibladin.dk\\\/wp-content\\\/uploads\\\/2022\\\/09\\\/tibladin_logo.svg\",\"caption\":\"Tibladin\"},\"image\":{\"@id\":\"https:\\\/\\\/tibladin.dk\\\/#\\\/schema\\\/logo\\\/image\\\/\"}}]}<\/script>\n<!-- \/ Yoast SEO plugin. -->","yoast_head_json":{"title":"La fabrication de nos couvertures et oreillers | Tradition et artisanat","description":"Nos tapis et poudres faits main sont s\u00e9lectionn\u00e9s en mettant l&#039;accent sur l&#039;artisanat traditionnel, les teintures naturelles et la haute qualit\u00e9.","robots":{"index":"index","follow":"follow","max-snippet":"max-snippet:-1","max-image-preview":"max-image-preview:large","max-video-preview":"max-video-preview:-1"},"canonical":"https:\/\/tibladin.dk\/fr\/la-production-de-nos-tapis-et-coussins\/","og_locale":"fr_FR","og_type":"article","og_title":"Produktionen af vores t\u00e6pper og puder | Tradition og h\u00e5ndv\u00e6rk","og_description":"Vores h\u00e5ndlavede t\u00e6pper og pudder er udvalgt med fokus p\u00e5 traditionelt h\u00e5ndv\u00e6rk, naturlige farvestoffer og h\u00f8j kvalitet.","og_url":"https:\/\/tibladin.dk\/fr\/la-production-de-nos-tapis-et-coussins\/","og_site_name":"Tibladin","article_modified_time":"2025-01-27T13:10:06+00:00","twitter_card":"summary_large_image","twitter_misc":{"Dur\u00e9e de lecture estim\u00e9e":"5 minutes"},"schema":{"@context":"https:\/\/schema.org","@graph":[{"@type":"WebPage","@id":"https:\/\/tibladin.dk\/produktionen-af-vores-taepper-og-puder\/","url":"https:\/\/tibladin.dk\/produktionen-af-vores-taepper-og-puder\/","name":"La fabrication de nos couvertures et oreillers | Tradition et artisanat","isPartOf":{"@id":"https:\/\/tibladin.dk\/#website"},"datePublished":"2025-01-27T12:53:46+00:00","dateModified":"2025-01-27T13:10:06+00:00","description":"Nos tapis et poudres faits main sont s\u00e9lectionn\u00e9s en mettant l&#039;accent sur l&#039;artisanat traditionnel, les teintures naturelles et la haute qualit\u00e9.","breadcrumb":{"@id":"https:\/\/tibladin.dk\/produktionen-af-vores-taepper-og-puder\/#breadcrumb"},"inLanguage":"fr-FR","potentialAction":[{"@type":"ReadAction","target":["https:\/\/tibladin.dk\/produktionen-af-vores-taepper-og-puder\/"]}]},{"@type":"BreadcrumbList","@id":"https:\/\/tibladin.dk\/produktionen-af-vores-taepper-og-puder\/#breadcrumb","itemListElement":[{"@type":"ListItem","position":1,"name":"Hjem","item":"https:\/\/tibladin.dk\/"},{"@type":"ListItem","position":2,"name":"Produktionen af vores t\u00e6pper og puder"}]},{"@type":"WebSite","@id":"https:\/\/tibladin.dk\/#website","url":"https:\/\/tibladin.dk\/","name":"Tibladin","description":"Tibladin","publisher":{"@id":"https:\/\/tibladin.dk\/#organization"},"potentialAction":[{"@type":"SearchAction","target":{"@type":"EntryPoint","urlTemplate":"https:\/\/tibladin.dk\/?s={search_term_string}"},"query-input":{"@type":"PropertyValueSpecification","valueRequired":true,"valueName":"search_term_string"}}],"inLanguage":"fr-FR"},{"@type":"Organization","@id":"https:\/\/tibladin.dk\/#organization","name":"Tibladin","url":"https:\/\/tibladin.dk\/","logo":{"@type":"ImageObject","inLanguage":"fr-FR","@id":"https:\/\/tibladin.dk\/#\/schema\/logo\/image\/","url":"https:\/\/tibladin.dk\/wp-content\/uploads\/2022\/09\/tibladin_logo.svg","contentUrl":"https:\/\/tibladin.dk\/wp-content\/uploads\/2022\/09\/tibladin_logo.svg","caption":"Tibladin"},"image":{"@id":"https:\/\/tibladin.dk\/#\/schema\/logo\/image\/"}}]}},"_links":{"self":[{"href":"https:\/\/tibladin.dk\/fr\/wp-json\/wp\/v2\/pages\/34361","targetHints":{"allow":["GET"]}}],"collection":[{"href":"https:\/\/tibladin.dk\/fr\/wp-json\/wp\/v2\/pages"}],"about":[{"href":"https:\/\/tibladin.dk\/fr\/wp-json\/wp\/v2\/types\/page"}],"author":[{"embeddable":true,"href":"https:\/\/tibladin.dk\/fr\/wp-json\/wp\/v2\/users\/2"}],"replies":[{"embeddable":true,"href":"https:\/\/tibladin.dk\/fr\/wp-json\/wp\/v2\/comments?post=34361"}],"version-history":[{"count":18,"href":"https:\/\/tibladin.dk\/fr\/wp-json\/wp\/v2\/pages\/34361\/revisions"}],"predecessor-version":[{"id":34578,"href":"https:\/\/tibladin.dk\/fr\/wp-json\/wp\/v2\/pages\/34361\/revisions\/34578"}],"wp:attachment":[{"href":"https:\/\/tibladin.dk\/fr\/wp-json\/wp\/v2\/media?parent=34361"}],"curies":[{"name":"wp","href":"https:\/\/api.w.org\/{rel}","templated":true}]}}