{"id":4128,"date":"2022-10-14T09:33:49","date_gmt":"2022-10-14T07:33:49","guid":{"rendered":"https:\/\/tibladin.dk\/?page_id=4128"},"modified":"2025-01-27T14:43:55","modified_gmt":"2025-01-27T13:43:55","slug":"a-propos-de-la-tibladine","status":"publish","type":"page","link":"https:\/\/tibladin.dk\/fr\/om-tibladin\/","title":{"rendered":"\u00c0 propos de Tibladin"},"content":{"rendered":"<div class=\"wpb-content-wrapper\"><section data-vc-full-width=\"true\" data-vc-full-width-temp=\"true\" data-vc-full-width-init=\"false\" class=\"vc_section vc_custom_1666001388259 vc_section-has-fill vc_row-o-full-height vc_section-o-content-middle vc_section-flex\"><div class=\"vc_row wpb_row vc_row-fluid\"><div class=\"wpb_column vc_column_container vc_col-sm-12\"><div class=\"vc_column-inner\"><div class=\"wpb_wrapper\"><h1 style=\"font-size: 4rem;color: #ffffff;text-align: center\" class=\"vc_custom_heading vc_do_custom_heading vc_custom_1666000350200\" >\u00c0 propos de Tibladin<\/h1><div style=\"font-size: 1.3rem;color: #ffffff;text-align: center\" class=\"vc_custom_heading vc_do_custom_heading\" >Une passion pour l&#039;artisanat marocain<\/div><\/div><\/div><\/div><\/div><\/section><div class=\"vc_row-full-width vc_clearfix\"><\/div><div class=\"vc_row wpb_row vc_row-fluid max-width-col vc_custom_1698923700774\"><div class=\"wpb_column vc_column_container vc_col-sm-12\"><div class=\"vc_column-inner\"><div class=\"wpb_wrapper\"><h2 style=\"text-align: center\" class=\"vc_custom_heading vc_do_custom_heading\" >&#039;Petites pierres plates&#039;<\/h2><div style=\"font-size: 1.3rem;text-align: center\" class=\"vc_custom_heading vc_do_custom_heading\" >\u00ab Tibladin \u00bb est un mot berb\u00e8re qui signifie \u00ab petites pierres plates \u00bb. Tibladin est le nom donn\u00e9 par ma belle-famille \u00e0 leur premi\u00e8re maison (la maison d'enfance de mon mari). Pour moi, ce nom symbolise les premi\u00e8res pierres angulaires de mon entreprise.<\/div><div class=\"vc_empty_space\"   style=\"height: 32px\"><span class=\"vc_empty_space_inner\"><\/span><\/div>\n\t<div class=\"wpb_text_column wpb_content_element\" >\n\t\t<div class=\"wpb_wrapper\">\n\t\t\t<p style=\"text-align: center;\"><strong>Mette Frank Bijaad<br \/>\n<\/strong>Propri\u00e9taire et fondatrice de Tibladin<\/p>\n\n\t\t<\/div>\n\t<\/div>\n<\/div><\/div><\/div><\/div><div class=\"vc_row wpb_row vc_row-fluid vc_row-o-content-middle vc_row-flex\"><div class=\"wpb_column vc_column_container vc_col-sm-6\"><div class=\"vc_column-inner\"><div class=\"wpb_wrapper\">\n\t<div  class=\"wpb_single_image wpb_content_element vc_align_left wpb_content_element\">\n\t\t\n\t\t<figure class=\"wpb_wrapper vc_figure\">\n\t\t\t<div class=\"vc_single_image-wrapper   vc_box_border_grey\"><img loading=\"lazy\" decoding=\"async\" width=\"800\" height=\"800\" src=\"https:\/\/tibladin.dk\/wp-content\/uploads\/2022\/09\/Tibladin_marokkansk-pendel-rafia-kurvelampe_stjerneformet_LS3-1.jpg\" class=\"vc_single_image-img attachment-large\" alt=\"Lampe marocaine en raphia artisanale en osier en forme d&#039;\u00e9toile, avec mod\u00e8le debout sur une table dress\u00e9e\" title=\"Tibladin Suspension Marocaine Raphia Lampe Courb\u00e9e Forme \u00c9toile LS3 1.jpg\" srcset=\"https:\/\/tibladin.dk\/wp-content\/uploads\/2022\/09\/Tibladin_marokkansk-pendel-rafia-kurvelampe_stjerneformet_LS3-1.jpg 800w, https:\/\/tibladin.dk\/wp-content\/uploads\/2022\/09\/Tibladin_marokkansk-pendel-rafia-kurvelampe_stjerneformet_LS3-1-400x400.jpg 400w, https:\/\/tibladin.dk\/wp-content\/uploads\/2022\/09\/Tibladin_marokkansk-pendel-rafia-kurvelampe_stjerneformet_LS3-1-150x150.jpg 150w, https:\/\/tibladin.dk\/wp-content\/uploads\/2022\/09\/Tibladin_marokkansk-pendel-rafia-kurvelampe_stjerneformet_LS3-1-64x64.jpg 64w, https:\/\/tibladin.dk\/wp-content\/uploads\/2022\/09\/Tibladin_marokkansk-pendel-rafia-kurvelampe_stjerneformet_LS3-1-300x300.jpg 300w, https:\/\/tibladin.dk\/wp-content\/uploads\/2022\/09\/Tibladin_marokkansk-pendel-rafia-kurvelampe_stjerneformet_LS3-1-768x768.jpg 768w, https:\/\/tibladin.dk\/wp-content\/uploads\/2022\/09\/Tibladin_marokkansk-pendel-rafia-kurvelampe_stjerneformet_LS3-1-441x441.jpg 441w, https:\/\/tibladin.dk\/wp-content\/uploads\/2022\/09\/Tibladin_marokkansk-pendel-rafia-kurvelampe_stjerneformet_LS3-1-100x100.jpg 100w\" sizes=\"auto, (max-width: 800px) 100vw, 800px\" \/><\/div>\n\t\t<\/figure>\n\t<\/div>\n<\/div><\/div><\/div><div class=\"wpb_column vc_column_container vc_col-sm-6\"><div class=\"vc_column-inner vc_custom_1666002432636\"><div class=\"wpb_wrapper\"><h2 style=\"text-align: left\" class=\"vc_custom_heading vc_do_custom_heading\" >Int\u00e9rieur marocain unique<\/h2>\n\t<div class=\"wpb_text_column wpb_content_element\" >\n\t\t<div class=\"wpb_wrapper\">\n\t\t\t<p>J'ai cr\u00e9\u00e9 Tibladin \u00e0 partir de ma passion pour l'artisanat marocain. Cela fait plus de 20 ans que je voyage r\u00e9guli\u00e8rement au Maroc et j'ai tout de suite \u00e9t\u00e9 fascin\u00e9e par la culture et l'artisanat marocains. J'ai toujours eu le sens de la d\u00e9coration et design d'int\u00e9rieur et j'aime m'entourer d'objets uniques qui apportent une touche personalis\u00e9e \u00e0 la d\u00e9coration. Je souhaite vous apporter un morceau du Maroc bas\u00e9 sur mon interpr\u00e9tation, et je trouve et d\u00e9veloppe des produits \u00e0 la fine expression marocaine, mais qui se marient bien avec la d\u00e9coration scandinave.<\/p>\n<p>Je suis mari\u00e9e \u00e0 un franco-marocain et nous disposons d&#039;un large r\u00e9seau au Maroc, ce qui m&#039;offre des conditions de travail optimales. Je s\u00e9lectionne soigneusement mes fournisseurs et partenaires commerciaux. La bonne qualit\u00e9 et la durabilit\u00e9 \u2013 tant au niveau des mat\u00e9riaux que de la production et de l\u2019\u00e9conomie sociale \u2013 sont des param\u00e8tres tr\u00e8s importants pour moi.<\/p>\n<p>J&#039;esp\u00e8re que vous serez inspir\u00e9 par mon univers.<\/p>\n\n\t\t<\/div>\n\t<\/div>\n<div class=\"vc_btn3-container vc_btn3-left vc_do_btn\" ><a onmouseleave=\"this.style.borderColor='#343434'; this.style.backgroundColor='transparent'; this.style.color='#343434'\" onmouseenter=\"this.style.borderColor='#053b43'; this.style.backgroundColor='#053b43'; this.style.color='#ffffff';\" style=\"border-color:#343434; color:#343434;\" class=\"vc_general vc_btn3 vc_btn3-size-md vc_btn3-shape-square vc_btn3-style-outline-custom\" href=\"\/fr\/boutique-2\/\" title=\"ALLER \u00c0 LA BOUTIQUE\">ACHETEZ MAINTENANT<\/a><\/div><\/div><\/div><\/div><\/div><div class=\"vc_row wpb_row vc_row-fluid vc_row-o-content-middle vc_row-flex\"><div class=\"wpb_column vc_column_container vc_col-sm-6\"><div class=\"vc_column-inner\"><div class=\"wpb_wrapper\"><h2 style=\"text-align: left\" class=\"vc_custom_heading vc_do_custom_heading\" >Un peu de Maroc au milieu d&#039;Aarhus<\/h2>\n\t<div class=\"wpb_text_column wpb_content_element\" >\n\t\t<div class=\"wpb_wrapper\">\n\t\t\t<p><span style=\"font-weight: 400;\">Notre magasin est situ\u00e9 au centre de Skt. Knuds Torv, et nous vous invitons ici dans un univers unique d&#039;int\u00e9rieurs faits \u00e0 la main. Chez Tibladin, design scandinave et artisanat marocain se rencontrent dans une belle symbiose qui cr\u00e9e une atmosph\u00e8re tr\u00e8s particuli\u00e8re.\u00a0<\/span><\/p>\n<p><span style=\"font-weight: 400;\">Nous proposons une gamme soigneusement s\u00e9lectionn\u00e9e, entre autres, de poufs, lampes, textiles, tapis, verrerie et gr\u00e8s marocains, tous fabriqu\u00e9s \u00e0 la main par des artisans qualifi\u00e9s au Maroc. Beaucoup de nos produits sont fabriqu\u00e9s \u00e0 partir de mat\u00e9riaux naturels ou recycl\u00e9s, ce qui signifie que chaque pi\u00e8ce est unique et durable. <\/span><a href=\"https:\/\/tibladin.dk\/fr\/capacite-de-transport\/\">Lorsque vous magasinez chez nous, vous soutenez \u00e9galement les petits artisans et les travailleuses du Maroc.<\/a>, et nous en sommes fiers.<\/p>\n<p><span style=\"font-weight: 400;\">Venez nous rendre visite et d\u00e9couvrez notre monde de couleurs, de formes et d&#039;histoires. Nous avons h\u00e2te de vous accueillir !<\/span><\/p>\n<p><span style=\"font-weight: 400;\">Nous sommes fiers que plusieurs m\u00e9dias aient choisi d&#039;\u00e9crire sur Tibladin et de partager notre histoire. Entre autres choses, vous pouvez en savoir plus sur nous sur <\/span><a href=\"https:\/\/migogaarhus.dk\/tibladin-er-aabnet-i-aarhus\/\"><span style=\"font-weight: 400;\">Migo et Aarhus<\/span><\/a><span style=\"font-weight: 400;\"> et <\/span><a href=\"https:\/\/stiften.dk\/byliv\/marokkansk-inspiration-midt-i-aarhus-de-fleste-varer-er-der-kun-en-slags-af\"><span style=\"font-weight: 400;\">Gazette dioc\u00e9saine d&#039;Aarhus<\/span><\/a><span style=\"font-weight: 400;\">. Nous esp\u00e9rons que vous aurez envie de lire.\u00a0<\/span><\/p>\n\n\t\t<\/div>\n\t<\/div>\n<div class=\"vc_btn3-container vc_btn3-left vc_do_btn\" ><a onmouseleave=\"this.style.borderColor='#343434'; this.style.backgroundColor='transparent'; this.style.color='#343434'\" onmouseenter=\"this.style.borderColor='#053b43'; this.style.backgroundColor='#053b43'; this.style.color='#ffffff';\" style=\"border-color:#343434; color:#343434;\" class=\"vc_general vc_btn3 vc_btn3-size-md vc_btn3-shape-square vc_btn3-style-outline-custom\" href=\"https:\/\/maps.app.goo.gl\/LHgfuLJQdp3fEZny7\" title=\"Trouvez votre chemin vers Tibladine\" target=\"_blank\">TROUVEZ LE CHEMIN<\/a><\/div><\/div><\/div><\/div><div class=\"wpb_column vc_column_container vc_col-sm-6\"><div class=\"vc_column-inner\"><div class=\"wpb_wrapper\">\n\t<div  class=\"wpb_single_image wpb_content_element vc_align_left wpb_content_element\">\n\t\t\n\t\t<figure class=\"wpb_wrapper vc_figure\">\n\t\t\t<div class=\"vc_single_image-wrapper   vc_box_border_grey\"><img loading=\"lazy\" decoding=\"async\" width=\"800\" height=\"800\" src=\"https:\/\/tibladin.dk\/wp-content\/uploads\/2025\/01\/Tibladin-butilk_1.jpg\" class=\"vc_single_image-img attachment-large\" alt=\"Entr\u00e9e \u00e0 la boutique de Tibladin sur Skt. Knuds Torv 23, 8000 Aarhus C\" title=\"Entr\u00e9e du butilk de Tibladin\" srcset=\"https:\/\/tibladin.dk\/wp-content\/uploads\/2025\/01\/Tibladin-butilk_1.jpg 800w, https:\/\/tibladin.dk\/wp-content\/uploads\/2025\/01\/Tibladin-butilk_1-400x400.jpg 400w, https:\/\/tibladin.dk\/wp-content\/uploads\/2025\/01\/Tibladin-butilk_1-150x150.jpg 150w, https:\/\/tibladin.dk\/wp-content\/uploads\/2025\/01\/Tibladin-butilk_1-64x64.jpg 64w, https:\/\/tibladin.dk\/wp-content\/uploads\/2025\/01\/Tibladin-butilk_1-300x300.jpg 300w, https:\/\/tibladin.dk\/wp-content\/uploads\/2025\/01\/Tibladin-butilk_1-768x768.jpg 768w, https:\/\/tibladin.dk\/wp-content\/uploads\/2025\/01\/Tibladin-butilk_1-12x12.jpg 12w, https:\/\/tibladin.dk\/wp-content\/uploads\/2025\/01\/Tibladin-butilk_1-441x441.jpg 441w, https:\/\/tibladin.dk\/wp-content\/uploads\/2025\/01\/Tibladin-butilk_1-100x100.jpg 100w\" sizes=\"auto, (max-width: 800px) 100vw, 800px\" \/><\/div>\n\t\t<\/figure>\n\t<\/div>\n<\/div><\/div><\/div><\/div><div class=\"vc_row wpb_row vc_row-fluid vc_row-o-content-middle vc_row-flex\"><div class=\"wpb_column vc_column_container vc_col-sm-6\"><div class=\"vc_column-inner\"><div class=\"wpb_wrapper\">\n\t<div  class=\"wpb_single_image wpb_content_element vc_align_left wpb_content_element\">\n\t\t\n\t\t<figure class=\"wpb_wrapper vc_figure\">\n\t\t\t<div class=\"vc_single_image-wrapper   vc_box_border_grey\"><img decoding=\"async\" class=\"vc_single_image-img\" src=\"https:\/\/tibladin.dk\/wp-content\/uploads\/2025\/01\/Vaeveteknikker_kvindekoopertaiv_1-800x800.jpg\" width=\"800\" height=\"800\" alt=\"Deux femmes travaillant dans une coop\u00e9rative de femmes\" title=\"Techniques de tissage_coop\u00e9rative de femmes_1\" loading=\"lazy\" \/><\/div>\n\t\t<\/figure>\n\t<\/div>\n<\/div><\/div><\/div><div class=\"wpb_column vc_column_container vc_col-sm-6\"><div class=\"vc_column-inner\"><div class=\"wpb_wrapper\"><h2 style=\"text-align: left\" class=\"vc_custom_heading vc_do_custom_heading\" >Comment Tibladin travaille avec la durabilit\u00e9<\/h2>\n\t<div class=\"wpb_text_column wpb_content_element\" >\n\t\t<div class=\"wpb_wrapper\">\n\t\t\t<p>Il est tout \u00e0 fait naturel pour moi de penser \u00e0 la durabilit\u00e9 dans mon entreprise, car dans ma vie priv\u00e9e, je r\u00e9fl\u00e9chis \u00e9galement beaucoup \u00e0 la mani\u00e8re dont nous pouvons nuire le moins possible \u00e0 l&#039;environnement. Je trie soigneusement mes d\u00e9chets, je conduis une voiture \u00e9lectrique et je fais mes achats bio et durables.<\/p>\n<p>Lorsque je choisis mes fournisseurs, il est important pour moi qu&#039;ils aient une production durable, que les mat\u00e9riaux soient naturels et autant que possible biologiques et que toutes les ressources soient pleinement utilis\u00e9es. Je v\u00e9rifie si les couleurs sont naturelles, si l&#039;\u00e9mail est non toxique, etc. La durabilit\u00e9 est de nombreux facteurs, et un autre param\u00e8tre sur lequel je s\u00e9lectionne les fournisseurs est de savoir s&#039;ils sont \u00e9galement socialement durables. Cela signifie que je soutiens les artisans locaux et les coop\u00e9ratives de femmes, qui font beaucoup pour faire travailler les femmes, afin que le niveau de vie dans les villages marocains s&#039;am\u00e9liore.<\/p>\n<p>Pour \u00e9viter la surconsommation, je commande des articles \u00e0 stocker \u00e0 la maison en plus petites portions et selon la demande. Je livre les poufs sans rembourrage, car il est plus durable de remplir votre pouf avec des mat\u00e9riaux adapt\u00e9s que vous poss\u00e9dez d\u00e9j\u00e0, comme des v\u00eatements que vous n&#039;utilisez plus, des couettes d&#039;hiver, des oreillers ou du papier journal froiss\u00e9.<\/p>\n<p><a href=\"https:\/\/tibladin.dk\/fr\/production-durable\/\">En savoir plus sur le travail de Tibladin en mati\u00e8re de production durable.<\/a><\/p>\n\n\t\t<\/div>\n\t<\/div>\n<\/div><\/div><\/div><\/div>\n<\/div>","protected":false},"excerpt":{"rendered":"Om TibladinEn passion for marokkansk h\u00e5ndv\u00e6rk'Sm\u00e5 flade sten'\u2018Tibladin\u2019 er et berbisk ord og betyder sm\u00e5 flade sten. Tibladin kaldte min svigerfamilie min mands barndomshjem. For mig symboliserer det de f\u00f8rste byggesten i min forretning. Mette Frank Bijaad Ejer af Tibladin Marokkansk unika interi\u00f8r Tibladin.dk har jeg skabt ud fra min passion for marokkansk h\u00e5ndv\u00e6rk. Jeg [...]","protected":false},"author":2,"featured_media":4090,"parent":0,"menu_order":0,"comment_status":"closed","ping_status":"closed","template":"template-fullwidth-no-heading.php","meta":{"inline_featured_image":false,"footnotes":""},"class_list":["post-4128","page","type-page","status-publish","has-post-thumbnail","hentry"],"yoast_head":"<!-- This site is optimized with the Yoast SEO plugin v27.4 - https:\/\/yoast.com\/product\/yoast-seo-wordpress\/ -->\n<title>Om Tibladin | Passion for marokkansk h\u00e5ndv\u00e6rk<\/title>\n<meta name=\"description\" content=\"Hos Tibladin tilbyder vi produkter med et fint marokkansk udtryk, som passer med den skandinaviske indretning. B\u00e6redygtighed i forretningen\" \/>\n<meta name=\"robots\" content=\"index, follow, max-snippet:-1, max-image-preview:large, max-video-preview:-1\" \/>\n<link rel=\"canonical\" href=\"https:\/\/tibladin.dk\/fr\/a-propos-de-la-tibladine\/\" \/>\n<meta property=\"og:locale\" content=\"fr_FR\" \/>\n<meta property=\"og:type\" content=\"article\" \/>\n<meta property=\"og:title\" content=\"Om Tibladin | Passion for marokkansk h\u00e5ndv\u00e6rk\" \/>\n<meta property=\"og:description\" content=\"Hos Tibladin tilbyder vi produkter med et fint marokkansk udtryk, som passer med den skandinaviske indretning. B\u00e6redygtighed i forretningen\" \/>\n<meta property=\"og:url\" content=\"https:\/\/tibladin.dk\/fr\/a-propos-de-la-tibladine\/\" \/>\n<meta property=\"og:site_name\" content=\"Tibladin\" \/>\n<meta property=\"article:modified_time\" content=\"2025-01-27T13:43:55+00:00\" \/>\n<meta property=\"og:image\" content=\"https:\/\/tibladin.dk\/wp-content\/uploads\/2022\/10\/Tibladin_fjerdekoration.webp\" \/>\n\t<meta property=\"og:image:width\" content=\"800\" \/>\n\t<meta property=\"og:image:height\" content=\"800\" \/>\n\t<meta property=\"og:image:type\" content=\"image\/webp\" \/>\n<meta name=\"twitter:card\" content=\"summary_large_image\" \/>\n<meta name=\"twitter:label1\" content=\"Dur\u00e9e de lecture estim\u00e9e\" \/>\n\t<meta name=\"twitter:data1\" content=\"5 minutes\" \/>\n<script type=\"application\/ld+json\" class=\"yoast-schema-graph\">{\"@context\":\"https:\\\/\\\/schema.org\",\"@graph\":[{\"@type\":\"WebPage\",\"@id\":\"https:\\\/\\\/tibladin.dk\\\/om-tibladin\\\/\",\"url\":\"https:\\\/\\\/tibladin.dk\\\/om-tibladin\\\/\",\"name\":\"Om Tibladin | Passion for marokkansk h\u00e5ndv\u00e6rk\",\"isPartOf\":{\"@id\":\"https:\\\/\\\/tibladin.dk\\\/#website\"},\"primaryImageOfPage\":{\"@id\":\"https:\\\/\\\/tibladin.dk\\\/om-tibladin\\\/#primaryimage\"},\"image\":{\"@id\":\"https:\\\/\\\/tibladin.dk\\\/om-tibladin\\\/#primaryimage\"},\"thumbnailUrl\":\"https:\\\/\\\/tibladin.dk\\\/wp-content\\\/uploads\\\/2022\\\/10\\\/Tibladin_fjerdekoration.webp\",\"datePublished\":\"2022-10-14T07:33:49+00:00\",\"dateModified\":\"2025-01-27T13:43:55+00:00\",\"description\":\"Hos Tibladin tilbyder vi produkter med et fint marokkansk udtryk, som passer med den skandinaviske indretning. B\u00e6redygtighed i forretningen\",\"breadcrumb\":{\"@id\":\"https:\\\/\\\/tibladin.dk\\\/om-tibladin\\\/#breadcrumb\"},\"inLanguage\":\"fr-FR\",\"potentialAction\":[{\"@type\":\"ReadAction\",\"target\":[\"https:\\\/\\\/tibladin.dk\\\/om-tibladin\\\/\"]}]},{\"@type\":\"ImageObject\",\"inLanguage\":\"fr-FR\",\"@id\":\"https:\\\/\\\/tibladin.dk\\\/om-tibladin\\\/#primaryimage\",\"url\":\"https:\\\/\\\/tibladin.dk\\\/wp-content\\\/uploads\\\/2022\\\/10\\\/Tibladin_fjerdekoration.webp\",\"contentUrl\":\"https:\\\/\\\/tibladin.dk\\\/wp-content\\\/uploads\\\/2022\\\/10\\\/Tibladin_fjerdekoration.webp\",\"width\":800,\"height\":800,\"caption\":\"Model ved marokkansk indretning\"},{\"@type\":\"BreadcrumbList\",\"@id\":\"https:\\\/\\\/tibladin.dk\\\/om-tibladin\\\/#breadcrumb\",\"itemListElement\":[{\"@type\":\"ListItem\",\"position\":1,\"name\":\"Hjem\",\"item\":\"https:\\\/\\\/tibladin.dk\\\/\"},{\"@type\":\"ListItem\",\"position\":2,\"name\":\"Om Tibladin\"}]},{\"@type\":\"WebSite\",\"@id\":\"https:\\\/\\\/tibladin.dk\\\/#website\",\"url\":\"https:\\\/\\\/tibladin.dk\\\/\",\"name\":\"Tibladin\",\"description\":\"Tibladin\",\"publisher\":{\"@id\":\"https:\\\/\\\/tibladin.dk\\\/#organization\"},\"potentialAction\":[{\"@type\":\"SearchAction\",\"target\":{\"@type\":\"EntryPoint\",\"urlTemplate\":\"https:\\\/\\\/tibladin.dk\\\/?s={search_term_string}\"},\"query-input\":{\"@type\":\"PropertyValueSpecification\",\"valueRequired\":true,\"valueName\":\"search_term_string\"}}],\"inLanguage\":\"fr-FR\"},{\"@type\":\"Organization\",\"@id\":\"https:\\\/\\\/tibladin.dk\\\/#organization\",\"name\":\"Tibladin\",\"url\":\"https:\\\/\\\/tibladin.dk\\\/\",\"logo\":{\"@type\":\"ImageObject\",\"inLanguage\":\"fr-FR\",\"@id\":\"https:\\\/\\\/tibladin.dk\\\/#\\\/schema\\\/logo\\\/image\\\/\",\"url\":\"https:\\\/\\\/tibladin.dk\\\/wp-content\\\/uploads\\\/2022\\\/09\\\/tibladin_logo.svg\",\"contentUrl\":\"https:\\\/\\\/tibladin.dk\\\/wp-content\\\/uploads\\\/2022\\\/09\\\/tibladin_logo.svg\",\"caption\":\"Tibladin\"},\"image\":{\"@id\":\"https:\\\/\\\/tibladin.dk\\\/#\\\/schema\\\/logo\\\/image\\\/\"}}]}<\/script>\n<!-- \/ Yoast SEO plugin. -->","yoast_head_json":{"title":"\u00c0 propos de Tibladine | Passion pour l&#039;artisanat marocain","description":"Chez Tibladin, nous proposons des produits au look marocain raffin\u00e9 qui se marient bien avec la d\u00e9coration scandinave. La durabilit\u00e9 en entreprise","robots":{"index":"index","follow":"follow","max-snippet":"max-snippet:-1","max-image-preview":"max-image-preview:large","max-video-preview":"max-video-preview:-1"},"canonical":"https:\/\/tibladin.dk\/fr\/a-propos-de-la-tibladine\/","og_locale":"fr_FR","og_type":"article","og_title":"Om Tibladin | Passion for marokkansk h\u00e5ndv\u00e6rk","og_description":"Hos Tibladin tilbyder vi produkter med et fint marokkansk udtryk, som passer med den skandinaviske indretning. B\u00e6redygtighed i forretningen","og_url":"https:\/\/tibladin.dk\/fr\/a-propos-de-la-tibladine\/","og_site_name":"Tibladin","article_modified_time":"2025-01-27T13:43:55+00:00","og_image":[{"width":800,"height":800,"url":"https:\/\/tibladin.dk\/wp-content\/uploads\/2022\/10\/Tibladin_fjerdekoration.webp","type":"image\/webp"}],"twitter_card":"summary_large_image","twitter_misc":{"Dur\u00e9e de lecture estim\u00e9e":"5 minutes"},"schema":{"@context":"https:\/\/schema.org","@graph":[{"@type":"WebPage","@id":"https:\/\/tibladin.dk\/om-tibladin\/","url":"https:\/\/tibladin.dk\/om-tibladin\/","name":"\u00c0 propos de Tibladine | Passion pour l&#039;artisanat marocain","isPartOf":{"@id":"https:\/\/tibladin.dk\/#website"},"primaryImageOfPage":{"@id":"https:\/\/tibladin.dk\/om-tibladin\/#primaryimage"},"image":{"@id":"https:\/\/tibladin.dk\/om-tibladin\/#primaryimage"},"thumbnailUrl":"https:\/\/tibladin.dk\/wp-content\/uploads\/2022\/10\/Tibladin_fjerdekoration.webp","datePublished":"2022-10-14T07:33:49+00:00","dateModified":"2025-01-27T13:43:55+00:00","description":"Chez Tibladin, nous proposons des produits au look marocain raffin\u00e9 qui se marient bien avec la d\u00e9coration scandinave. La durabilit\u00e9 en entreprise","breadcrumb":{"@id":"https:\/\/tibladin.dk\/om-tibladin\/#breadcrumb"},"inLanguage":"fr-FR","potentialAction":[{"@type":"ReadAction","target":["https:\/\/tibladin.dk\/om-tibladin\/"]}]},{"@type":"ImageObject","inLanguage":"fr-FR","@id":"https:\/\/tibladin.dk\/om-tibladin\/#primaryimage","url":"https:\/\/tibladin.dk\/wp-content\/uploads\/2022\/10\/Tibladin_fjerdekoration.webp","contentUrl":"https:\/\/tibladin.dk\/wp-content\/uploads\/2022\/10\/Tibladin_fjerdekoration.webp","width":800,"height":800,"caption":"Model ved marokkansk indretning"},{"@type":"BreadcrumbList","@id":"https:\/\/tibladin.dk\/om-tibladin\/#breadcrumb","itemListElement":[{"@type":"ListItem","position":1,"name":"Hjem","item":"https:\/\/tibladin.dk\/"},{"@type":"ListItem","position":2,"name":"Om Tibladin"}]},{"@type":"WebSite","@id":"https:\/\/tibladin.dk\/#website","url":"https:\/\/tibladin.dk\/","name":"Tibladin","description":"Tibladin","publisher":{"@id":"https:\/\/tibladin.dk\/#organization"},"potentialAction":[{"@type":"SearchAction","target":{"@type":"EntryPoint","urlTemplate":"https:\/\/tibladin.dk\/?s={search_term_string}"},"query-input":{"@type":"PropertyValueSpecification","valueRequired":true,"valueName":"search_term_string"}}],"inLanguage":"fr-FR"},{"@type":"Organization","@id":"https:\/\/tibladin.dk\/#organization","name":"Tibladin","url":"https:\/\/tibladin.dk\/","logo":{"@type":"ImageObject","inLanguage":"fr-FR","@id":"https:\/\/tibladin.dk\/#\/schema\/logo\/image\/","url":"https:\/\/tibladin.dk\/wp-content\/uploads\/2022\/09\/tibladin_logo.svg","contentUrl":"https:\/\/tibladin.dk\/wp-content\/uploads\/2022\/09\/tibladin_logo.svg","caption":"Tibladin"},"image":{"@id":"https:\/\/tibladin.dk\/#\/schema\/logo\/image\/"}}]}},"_links":{"self":[{"href":"https:\/\/tibladin.dk\/fr\/wp-json\/wp\/v2\/pages\/4128","targetHints":{"allow":["GET"]}}],"collection":[{"href":"https:\/\/tibladin.dk\/fr\/wp-json\/wp\/v2\/pages"}],"about":[{"href":"https:\/\/tibladin.dk\/fr\/wp-json\/wp\/v2\/types\/page"}],"author":[{"embeddable":true,"href":"https:\/\/tibladin.dk\/fr\/wp-json\/wp\/v2\/users\/2"}],"replies":[{"embeddable":true,"href":"https:\/\/tibladin.dk\/fr\/wp-json\/wp\/v2\/comments?post=4128"}],"version-history":[{"count":73,"href":"https:\/\/tibladin.dk\/fr\/wp-json\/wp\/v2\/pages\/4128\/revisions"}],"predecessor-version":[{"id":34588,"href":"https:\/\/tibladin.dk\/fr\/wp-json\/wp\/v2\/pages\/4128\/revisions\/34588"}],"wp:featuredmedia":[{"embeddable":true,"href":"https:\/\/tibladin.dk\/fr\/wp-json\/wp\/v2\/media\/4090"}],"wp:attachment":[{"href":"https:\/\/tibladin.dk\/fr\/wp-json\/wp\/v2\/media?parent=4128"}],"curies":[{"name":"wp","href":"https:\/\/api.w.org\/{rel}","templated":true}]}}