{"id":6,"date":"2022-09-09T11:25:48","date_gmt":"2022-09-09T09:25:48","guid":{"rendered":"https:\/\/tibladin2.sky663.dk\/shop\/"},"modified":"2025-04-11T17:33:28","modified_gmt":"2025-04-11T15:33:28","slug":"boutique-2","status":"publish","type":"page","link":"https:\/\/tibladin.dk\/fr\/shop\/","title":{"rendered":"Boutique"},"content":{"rendered":"<h2>Grand choix d&#039;int\u00e9rieurs marocains<\/h2>\n<p>Chez Tibladin, vous trouverez une boutique avec un grand choix de produits d&#039;int\u00e9rieur tous d&#039;origine marocaine. Nous avons une large gamme, vous pouvez donc faire vos achats \u00e0 la fois <a href=\"https:\/\/tibladin.dk\/fr\/categorie-de-produit\/interieur\/meubles\/\">meubles<\/a>, <a href=\"https:\/\/tibladin.dk\/fr\/categorie-de-produit\/interieur\/reglage-de-la-table-2\/\">service de dressage de table<\/a>, <a href=\"https:\/\/tibladin.dk\/fr\/categorie-de-produit\/tapis-marocains\/\">Tapis marocains<\/a>, <a href=\"https:\/\/tibladin.dk\/fr\/categorie-de-produit\/interieur\/accessoires-pour-la-maison\/textile\/hammam-haandklaeder\/\">serviettes de hammam<\/a>, <a href=\"https:\/\/tibladin.dk\/fr\/categorie-de-produit\/interieur\/reglage-de-la-table-2\/verre\/\">verre beldi<\/a>, <a href=\"https:\/\/tibladin.dk\/fr\/categorie-de-produit\/chaussons\/\">chaussons<\/a>, <a href=\"https:\/\/tibladin.dk\/fr\/categorie-de-produit\/interieur\/les-lampes\/\">Lampes marocaines<\/a>, <a href=\"https:\/\/tibladin.dk\/fr\/categorie-de-produit\/interieur\/decoration-de-route\/\">d\u00e9corations murales<\/a>, <a href=\"https:\/\/tibladin.dk\/fr\/categorie-de-produit\/divers\/soins-personnels\/\">savons et autres soins personnels<\/a>, et beaucoup plus. Peu importe ce que vous recherchez, nous avons forc\u00e9ment quelque chose \u00e0 votre go\u00fbt. Tous les produits sont fabriqu\u00e9s \u00e0 la main au Maroc, donc il n&#039;y a pas deux articles identiques et vous obtenez toujours quelque chose d&#039;unique et d&#039;unique.<\/p>\n<p>Jetez un \u0153il \u00e0 notre d\u00e9licieuse s\u00e9lection de produits uniques faits \u00e0 la main dans le style et le design marocains !<\/p>","protected":false},"excerpt":{"rendered":"<p>Stort udvalg i marokkansk interi\u00f8r Hos Tibladin kan du finde en shop med et stort udvalg af interi\u00f8r produkter, der alt sammen har marokkansk afstamning. Vi har et stort sortiment, s\u00e5 du kan b\u00e5de shop m\u00f8bler, service til bordd\u00e6kning, marokkanske t\u00e6pper, hammam h\u00e5ndkl\u00e6der, beldi glas, slippers, marokkanske lamper, v\u00e6gdekorationer, s\u00e6ber og andet personlig pleje, og [&hellip;]<\/p>\n","protected":false},"author":1,"featured_media":0,"parent":0,"menu_order":0,"comment_status":"closed","ping_status":"closed","template":"","meta":{"inline_featured_image":false,"footnotes":""},"class_list":["post-6","page","type-page","status-publish","hentry"],"yoast_head":"<!-- This site is optimized with the Yoast SEO plugin v27.4 - https:\/\/yoast.com\/product\/yoast-seo-wordpress\/ -->\n<title>Shop med stort udvalg af marokkansk interi\u00f8r<\/title>\n<meta name=\"description\" content=\"Hos Tibladins shop kan du finde produkter, der alt sammen er i Marokkansk design. Stort udvalg i interi\u00f8r, marokkanske t\u00e6pper og meget andet.\" \/>\n<meta name=\"robots\" content=\"index, follow, max-snippet:-1, max-image-preview:large, max-video-preview:-1\" \/>\n<link rel=\"canonical\" href=\"https:\/\/tibladin.dk\/fr\/boutique-2\/\" \/>\n<meta property=\"og:locale\" content=\"fr_FR\" \/>\n<meta property=\"og:type\" content=\"article\" \/>\n<meta property=\"og:title\" content=\"Shop med stort udvalg af marokkansk interi\u00f8r\" \/>\n<meta property=\"og:description\" content=\"Hos Tibladins shop kan du finde produkter, der alt sammen er i Marokkansk design. Stort udvalg i interi\u00f8r, marokkanske t\u00e6pper og meget andet.\" \/>\n<meta property=\"og:url\" content=\"https:\/\/tibladin.dk\/fr\/boutique-2\/\" \/>\n<meta property=\"og:site_name\" content=\"Tibladin\" \/>\n<meta property=\"article:modified_time\" content=\"2025-04-11T15:33:28+00:00\" \/>\n<meta name=\"twitter:card\" content=\"summary_large_image\" \/>\n<meta name=\"twitter:label1\" content=\"Dur\u00e9e de lecture estim\u00e9e\" \/>\n\t<meta name=\"twitter:data1\" content=\"1 minute\" \/>\n<script type=\"application\/ld+json\" class=\"yoast-schema-graph\">{\"@context\":\"https:\\\/\\\/schema.org\",\"@graph\":[{\"@type\":\"WebPage\",\"@id\":\"https:\\\/\\\/tibladin.dk\\\/shop\\\/\",\"url\":\"https:\\\/\\\/tibladin.dk\\\/shop\\\/\",\"name\":\"Shop med stort udvalg af marokkansk interi\u00f8r\",\"isPartOf\":{\"@id\":\"https:\\\/\\\/tibladin.dk\\\/#website\"},\"datePublished\":\"2022-09-09T09:25:48+00:00\",\"dateModified\":\"2025-04-11T15:33:28+00:00\",\"description\":\"Hos Tibladins shop kan du finde produkter, der alt sammen er i Marokkansk design. Stort udvalg i interi\u00f8r, marokkanske t\u00e6pper og meget andet.\",\"breadcrumb\":{\"@id\":\"https:\\\/\\\/tibladin.dk\\\/shop\\\/#breadcrumb\"},\"inLanguage\":\"fr-FR\",\"potentialAction\":[{\"@type\":\"ReadAction\",\"target\":[\"https:\\\/\\\/tibladin.dk\\\/shop\\\/\"]}]},{\"@type\":\"BreadcrumbList\",\"@id\":\"https:\\\/\\\/tibladin.dk\\\/shop\\\/#breadcrumb\",\"itemListElement\":[{\"@type\":\"ListItem\",\"position\":1,\"name\":\"Hjem\",\"item\":\"https:\\\/\\\/tibladin.dk\\\/\"},{\"@type\":\"ListItem\",\"position\":2,\"name\":\"Shop\"}]},{\"@type\":\"WebSite\",\"@id\":\"https:\\\/\\\/tibladin.dk\\\/#website\",\"url\":\"https:\\\/\\\/tibladin.dk\\\/\",\"name\":\"Tibladin\",\"description\":\"Tibladin\",\"publisher\":{\"@id\":\"https:\\\/\\\/tibladin.dk\\\/#organization\"},\"potentialAction\":[{\"@type\":\"SearchAction\",\"target\":{\"@type\":\"EntryPoint\",\"urlTemplate\":\"https:\\\/\\\/tibladin.dk\\\/?s={search_term_string}\"},\"query-input\":{\"@type\":\"PropertyValueSpecification\",\"valueRequired\":true,\"valueName\":\"search_term_string\"}}],\"inLanguage\":\"fr-FR\"},{\"@type\":\"Organization\",\"@id\":\"https:\\\/\\\/tibladin.dk\\\/#organization\",\"name\":\"Tibladin\",\"url\":\"https:\\\/\\\/tibladin.dk\\\/\",\"logo\":{\"@type\":\"ImageObject\",\"inLanguage\":\"fr-FR\",\"@id\":\"https:\\\/\\\/tibladin.dk\\\/#\\\/schema\\\/logo\\\/image\\\/\",\"url\":\"https:\\\/\\\/tibladin.dk\\\/wp-content\\\/uploads\\\/2022\\\/09\\\/tibladin_logo.svg\",\"contentUrl\":\"https:\\\/\\\/tibladin.dk\\\/wp-content\\\/uploads\\\/2022\\\/09\\\/tibladin_logo.svg\",\"caption\":\"Tibladin\"},\"image\":{\"@id\":\"https:\\\/\\\/tibladin.dk\\\/#\\\/schema\\\/logo\\\/image\\\/\"}}]}<\/script>\n<!-- \/ Yoast SEO plugin. -->","yoast_head_json":{"title":"Achetez avec un grand choix d&#039;int\u00e9rieurs marocains","description":"Dans la boutique Tibladin, vous trouverez des produits tous au design marocain. Grand choix d&#039;int\u00e9rieurs, de tapis marocains et bien plus encore.","robots":{"index":"index","follow":"follow","max-snippet":"max-snippet:-1","max-image-preview":"max-image-preview:large","max-video-preview":"max-video-preview:-1"},"canonical":"https:\/\/tibladin.dk\/fr\/boutique-2\/","og_locale":"fr_FR","og_type":"article","og_title":"Shop med stort udvalg af marokkansk interi\u00f8r","og_description":"Hos Tibladins shop kan du finde produkter, der alt sammen er i Marokkansk design. Stort udvalg i interi\u00f8r, marokkanske t\u00e6pper og meget andet.","og_url":"https:\/\/tibladin.dk\/fr\/boutique-2\/","og_site_name":"Tibladin","article_modified_time":"2025-04-11T15:33:28+00:00","twitter_card":"summary_large_image","twitter_misc":{"Dur\u00e9e de lecture estim\u00e9e":"1 minute"},"schema":{"@context":"https:\/\/schema.org","@graph":[{"@type":"WebPage","@id":"https:\/\/tibladin.dk\/shop\/","url":"https:\/\/tibladin.dk\/shop\/","name":"Achetez avec un grand choix d&#039;int\u00e9rieurs marocains","isPartOf":{"@id":"https:\/\/tibladin.dk\/#website"},"datePublished":"2022-09-09T09:25:48+00:00","dateModified":"2025-04-11T15:33:28+00:00","description":"Dans la boutique Tibladin, vous trouverez des produits tous au design marocain. Grand choix d&#039;int\u00e9rieurs, de tapis marocains et bien plus encore.","breadcrumb":{"@id":"https:\/\/tibladin.dk\/shop\/#breadcrumb"},"inLanguage":"fr-FR","potentialAction":[{"@type":"ReadAction","target":["https:\/\/tibladin.dk\/shop\/"]}]},{"@type":"BreadcrumbList","@id":"https:\/\/tibladin.dk\/shop\/#breadcrumb","itemListElement":[{"@type":"ListItem","position":1,"name":"Hjem","item":"https:\/\/tibladin.dk\/"},{"@type":"ListItem","position":2,"name":"Shop"}]},{"@type":"WebSite","@id":"https:\/\/tibladin.dk\/#website","url":"https:\/\/tibladin.dk\/","name":"Tibladin","description":"Tibladin","publisher":{"@id":"https:\/\/tibladin.dk\/#organization"},"potentialAction":[{"@type":"SearchAction","target":{"@type":"EntryPoint","urlTemplate":"https:\/\/tibladin.dk\/?s={search_term_string}"},"query-input":{"@type":"PropertyValueSpecification","valueRequired":true,"valueName":"search_term_string"}}],"inLanguage":"fr-FR"},{"@type":"Organization","@id":"https:\/\/tibladin.dk\/#organization","name":"Tibladin","url":"https:\/\/tibladin.dk\/","logo":{"@type":"ImageObject","inLanguage":"fr-FR","@id":"https:\/\/tibladin.dk\/#\/schema\/logo\/image\/","url":"https:\/\/tibladin.dk\/wp-content\/uploads\/2022\/09\/tibladin_logo.svg","contentUrl":"https:\/\/tibladin.dk\/wp-content\/uploads\/2022\/09\/tibladin_logo.svg","caption":"Tibladin"},"image":{"@id":"https:\/\/tibladin.dk\/#\/schema\/logo\/image\/"}}]}},"_links":{"self":[{"href":"https:\/\/tibladin.dk\/fr\/wp-json\/wp\/v2\/pages\/6","targetHints":{"allow":["GET"]}}],"collection":[{"href":"https:\/\/tibladin.dk\/fr\/wp-json\/wp\/v2\/pages"}],"about":[{"href":"https:\/\/tibladin.dk\/fr\/wp-json\/wp\/v2\/types\/page"}],"author":[{"embeddable":true,"href":"https:\/\/tibladin.dk\/fr\/wp-json\/wp\/v2\/users\/1"}],"replies":[{"embeddable":true,"href":"https:\/\/tibladin.dk\/fr\/wp-json\/wp\/v2\/comments?post=6"}],"version-history":[{"count":7,"href":"https:\/\/tibladin.dk\/fr\/wp-json\/wp\/v2\/pages\/6\/revisions"}],"predecessor-version":[{"id":4671,"href":"https:\/\/tibladin.dk\/fr\/wp-json\/wp\/v2\/pages\/6\/revisions\/4671"}],"wp:attachment":[{"href":"https:\/\/tibladin.dk\/fr\/wp-json\/wp\/v2\/media?parent=6"}],"curies":[{"name":"wp","href":"https:\/\/api.w.org\/{rel}","templated":true}]}}