{"id":1012,"date":"2022-09-20T11:06:16","date_gmt":"2022-09-20T09:06:16","guid":{"rendered":"https:\/\/tibladin.dk\/vare\/beldi-glaskande-transparent\/"},"modified":"2026-04-10T10:54:32","modified_gmt":"2026-04-10T08:54:32","slug":"pichet-en-verre-beldi-transparent","status":"publish","type":"product","link":"https:\/\/tibladin.dk\/fr\/produkt\/beldi-glaskande-transparent\/","title":{"rendered":"Carafe en verre Beldi \u2013 transparent"},"content":{"rendered":"<div class=\"wpb-content-wrapper\"><div class=\"vc_row wpb_row vc_row-fluid\"><div class=\"wpb_column vc_column_container vc_col-sm-4\"><div class=\"vc_column-inner\"><div class=\"wpb_wrapper\">\n\t<div class=\"wpb_video_widget wpb_content_element vc_clearfix   vc_video-aspect-ratio-43 vc_video-el-width-100 vc_video-align-left\" >\n\t\t<div class=\"wpb_wrapper\">\n\t\t\t\n\t\t\t<div class=\"wpb_video_wrapper\"><div class=\"video-container\"><iframe loading=\"lazy\" title=\"Beldi_glas&amp;Kande_transparent\" src=\"https:\/\/player.vimeo.com\/video\/456161325?dnt=1&amp;app_id=122963\" width=\"174\" height=\"310\" frameborder=\"0\" allow=\"autoplay; fullscreen; picture-in-picture\"><\/iframe><\/div><\/div>\n\t\t<\/div>\n\t<\/div>\n<\/div><\/div><\/div><div class=\"wpb_column vc_column_container vc_col-sm-4\"><div class=\"vc_column-inner\"><div class=\"wpb_wrapper\"><h2 style=\"text-align: left\" class=\"vc_custom_heading vc_do_custom_heading\" >Entretien<\/h2>\n\t<div class=\"wpb_text_column wpb_content_element\" >\n\t\t<div class=\"wpb_wrapper\">\n\t\t\t<p>Laver \u00e0 l\u2019eau savonneuse douce \u2013 peut \u00e9galement aller au lave-vaisselle.<\/p>\n\n\t\t<\/div>\n\t<\/div>\n<\/div><\/div><\/div><div class=\"wpb_column vc_column_container vc_col-sm-4\"><div class=\"vc_column-inner\"><div class=\"wpb_wrapper\"><h2 style=\"text-align: left\" class=\"vc_custom_heading vc_do_custom_heading\" >L&#039;histoire derri\u00e8re<\/h2>\n\t<div class=\"wpb_text_column wpb_content_element\" >\n\t\t<div class=\"wpb_wrapper\">\n\t\t\t<p>Verre Beldi de Marrakech. Le tout fabriqu\u00e9 \u00e0 partir de verre recycl\u00e9 chauff\u00e9, souffl\u00e9 \u00e0 la bouche, fa\u00e7onn\u00e9 et enfin progressivement trait\u00e9 dans un four de refroidissement. Le verre passe par un processus artisanal complexe et est fa\u00e7onn\u00e9 en designs \u00e9l\u00e9gants.<\/p>\n<p>Malgr\u00e9 la finesse des verres, ils sont extr\u00eamement r\u00e9sistants et peuvent \u00eatre utilis\u00e9s dans toutes les situations du quotidien. Ils passent au lave-vaisselle et peuvent m\u00eame supporter des temp\u00e9ratures mod\u00e9r\u00e9es au four. Les reflets proviennent du verre recycl\u00e9. Chaque pichet est diff\u00e9rent et il y aura \u00e9galement de petites bulles d&#039;air et des irr\u00e9gularit\u00e9s qui donnent beaucoup de charme \u00e0 cette s\u00e9rie.<\/p>\n\n\t\t<\/div>\n\t<\/div>\n<\/div><\/div><\/div><\/div>\n<\/div>","protected":false},"excerpt":{"rendered":"<p>Une carafe en verre Beldi incroyablement fine en transparent. Il est souffl\u00e9 bouche en verre recycl\u00e9 transparent, ce qui laisse encore un l\u00e9ger changement dans le verre lorsque la lumi\u00e8re le frappe. Avec les verres Beldi transparents, vous obtenez un bel ensemble, mais vous pouvez aussi les m\u00e9langer facilement avec les verres Beldi verts et cr\u00e9er un jeu color\u00e9 sur la table \u00e0 manger.<\/p>","protected":false},"featured_media":1008,"template":"","meta":{"inline_featured_image":false},"product_brand":[],"product_cat":[34,33,122,45],"product_tag":[],"class_list":{"0":"post-1012","1":"product","2":"type-product","3":"status-publish","4":"has-post-thumbnail","6":"product_cat-beldiglas","7":"product_cat-borddaekning","8":"product_cat-glaskande","9":"product_cat-vaert-vaertindegaver","11":"first","12":"instock","13":"taxable","14":"shipping-taxable","15":"purchasable","16":"product-type-simple"},"exclude_global_add_ons":false,"addons":[{"name":"Vous souhaitez un emballage cadeau ?","type":"checkbox","position":0,"required":false,"title_format":"label","default":"","description_enable":false,"description":"","placeholder_enable":false,"placeholder":"","display":"images","restrictions_type":"any_text","adjust_price":false,"price":"","price_type":"flat_fee","restrictions":false,"min":"0","max":"0","options":[{"label":"Ja tak","price":"10","price_type":"flat_fee","image":11015,"visibility":true}],"id":1669646111}],"yoast_head":"<!-- This site is optimized with the Yoast SEO plugin v27.4 - https:\/\/yoast.com\/product\/yoast-seo-wordpress\/ -->\n<title>Beldi glaskande transparent | Mundbl\u00e6st genbrugsglas | Tibladin<\/title>\n<meta name=\"description\" content=\"Marokkansk mundbl\u00e6st beldi glaskande i transparent genbrugsglas, som stadig changerer lidt i farven. Passer perfekt sammen med Beldi glas.\" \/>\n<meta name=\"robots\" content=\"index, follow, max-snippet:-1, max-image-preview:large, max-video-preview:-1\" \/>\n<link rel=\"canonical\" href=\"https:\/\/tibladin.dk\/fr\/produit-4\/pichet-en-verre-beldi-transparent\/\" \/>\n<meta property=\"og:locale\" content=\"fr_FR\" \/>\n<meta property=\"og:type\" content=\"article\" \/>\n<meta property=\"og:title\" content=\"Beldi glaskande transparent | Mundbl\u00e6st genbrugsglas | Tibladin\" \/>\n<meta property=\"og:description\" content=\"Marokkansk mundbl\u00e6st beldi glaskande i transparent genbrugsglas, som stadig changerer lidt i farven. Passer perfekt sammen med Beldi glas.\" \/>\n<meta property=\"og:url\" content=\"https:\/\/tibladin.dk\/fr\/produit-4\/pichet-en-verre-beldi-transparent\/\" \/>\n<meta property=\"og:site_name\" content=\"Tibladin\" \/>\n<meta property=\"article:modified_time\" content=\"2026-04-10T08:54:32+00:00\" \/>\n<meta property=\"og:image\" content=\"https:\/\/tibladin.dk\/wp-content\/uploads\/2022\/09\/Tibladin_marokkansk-Beldikande-1.jpg\" \/>\n\t<meta property=\"og:image:width\" content=\"800\" \/>\n\t<meta property=\"og:image:height\" content=\"800\" \/>\n\t<meta property=\"og:image:type\" content=\"image\/jpeg\" \/>\n<meta name=\"twitter:card\" content=\"summary_large_image\" \/>\n<meta name=\"twitter:label1\" content=\"Dur\u00e9e de lecture estim\u00e9e\" \/>\n\t<meta name=\"twitter:data1\" content=\"1 minute\" \/>\n<script type=\"application\/ld+json\" class=\"yoast-schema-graph\">{\"@context\":\"https:\\\/\\\/schema.org\",\"@graph\":[{\"@type\":\"WebPage\",\"@id\":\"https:\\\/\\\/tibladin.dk\\\/produkt\\\/beldi-glaskande-transparent\\\/\",\"url\":\"https:\\\/\\\/tibladin.dk\\\/produkt\\\/beldi-glaskande-transparent\\\/\",\"name\":\"Beldi glaskande transparent | Mundbl\u00e6st genbrugsglas | Tibladin\",\"isPartOf\":{\"@id\":\"https:\\\/\\\/tibladin.dk\\\/#website\"},\"primaryImageOfPage\":{\"@id\":\"https:\\\/\\\/tibladin.dk\\\/produkt\\\/beldi-glaskande-transparent\\\/#primaryimage\"},\"image\":{\"@id\":\"https:\\\/\\\/tibladin.dk\\\/produkt\\\/beldi-glaskande-transparent\\\/#primaryimage\"},\"thumbnailUrl\":\"https:\\\/\\\/tibladin.dk\\\/wp-content\\\/uploads\\\/2022\\\/09\\\/Tibladin_marokkansk-Beldikande-1.jpg\",\"datePublished\":\"2022-09-20T09:06:16+00:00\",\"dateModified\":\"2026-04-10T08:54:32+00:00\",\"description\":\"Marokkansk mundbl\u00e6st beldi glaskande i transparent genbrugsglas, som stadig changerer lidt i farven. Passer perfekt sammen med Beldi glas.\",\"breadcrumb\":{\"@id\":\"https:\\\/\\\/tibladin.dk\\\/produkt\\\/beldi-glaskande-transparent\\\/#breadcrumb\"},\"inLanguage\":\"fr-FR\",\"potentialAction\":[{\"@type\":\"ReadAction\",\"target\":[\"https:\\\/\\\/tibladin.dk\\\/produkt\\\/beldi-glaskande-transparent\\\/\"]}]},{\"@type\":\"ImageObject\",\"inLanguage\":\"fr-FR\",\"@id\":\"https:\\\/\\\/tibladin.dk\\\/produkt\\\/beldi-glaskande-transparent\\\/#primaryimage\",\"url\":\"https:\\\/\\\/tibladin.dk\\\/wp-content\\\/uploads\\\/2022\\\/09\\\/Tibladin_marokkansk-Beldikande-1.jpg\",\"contentUrl\":\"https:\\\/\\\/tibladin.dk\\\/wp-content\\\/uploads\\\/2022\\\/09\\\/Tibladin_marokkansk-Beldikande-1.jpg\",\"width\":800,\"height\":800,\"caption\":\"Marokkansk mundbl\u00e6st beldi glaskande\"},{\"@type\":\"BreadcrumbList\",\"@id\":\"https:\\\/\\\/tibladin.dk\\\/produkt\\\/beldi-glaskande-transparent\\\/#breadcrumb\",\"itemListElement\":[{\"@type\":\"ListItem\",\"position\":1,\"name\":\"Hjem\",\"item\":\"https:\\\/\\\/tibladin.dk\\\/\"},{\"@type\":\"ListItem\",\"position\":2,\"name\":\"Shop\",\"item\":\"https:\\\/\\\/tibladin.dk\\\/shop\\\/\"},{\"@type\":\"ListItem\",\"position\":3,\"name\":\"Beldi glaskande &#8211; transparent\"}]},{\"@type\":\"WebSite\",\"@id\":\"https:\\\/\\\/tibladin.dk\\\/#website\",\"url\":\"https:\\\/\\\/tibladin.dk\\\/\",\"name\":\"Tibladin\",\"description\":\"Tibladin\",\"publisher\":{\"@id\":\"https:\\\/\\\/tibladin.dk\\\/#organization\"},\"potentialAction\":[{\"@type\":\"SearchAction\",\"target\":{\"@type\":\"EntryPoint\",\"urlTemplate\":\"https:\\\/\\\/tibladin.dk\\\/?s={search_term_string}\"},\"query-input\":{\"@type\":\"PropertyValueSpecification\",\"valueRequired\":true,\"valueName\":\"search_term_string\"}}],\"inLanguage\":\"fr-FR\"},{\"@type\":\"Organization\",\"@id\":\"https:\\\/\\\/tibladin.dk\\\/#organization\",\"name\":\"Tibladin\",\"url\":\"https:\\\/\\\/tibladin.dk\\\/\",\"logo\":{\"@type\":\"ImageObject\",\"inLanguage\":\"fr-FR\",\"@id\":\"https:\\\/\\\/tibladin.dk\\\/#\\\/schema\\\/logo\\\/image\\\/\",\"url\":\"https:\\\/\\\/tibladin.dk\\\/wp-content\\\/uploads\\\/2022\\\/09\\\/tibladin_logo.svg\",\"contentUrl\":\"https:\\\/\\\/tibladin.dk\\\/wp-content\\\/uploads\\\/2022\\\/09\\\/tibladin_logo.svg\",\"caption\":\"Tibladin\"},\"image\":{\"@id\":\"https:\\\/\\\/tibladin.dk\\\/#\\\/schema\\\/logo\\\/image\\\/\"}}]}<\/script>\n<!-- \/ Yoast SEO plugin. -->","yoast_head_json":{"title":"Pichet en verre Beldi transparent | Verre recycl\u00e9 souffl\u00e9 \u00e0 la bouche | Tibladine","description":"Pichet marocain en verre beldi souffl\u00e9 \u00e0 la bouche en verre recycl\u00e9 transparent, qui change encore l\u00e9g\u00e8rement de couleur. S&#039;adapte parfaitement au verre Beldi.","robots":{"index":"index","follow":"follow","max-snippet":"max-snippet:-1","max-image-preview":"max-image-preview:large","max-video-preview":"max-video-preview:-1"},"canonical":"https:\/\/tibladin.dk\/fr\/produit-4\/pichet-en-verre-beldi-transparent\/","og_locale":"fr_FR","og_type":"article","og_title":"Beldi glaskande transparent | Mundbl\u00e6st genbrugsglas | Tibladin","og_description":"Marokkansk mundbl\u00e6st beldi glaskande i transparent genbrugsglas, som stadig changerer lidt i farven. Passer perfekt sammen med Beldi glas.","og_url":"https:\/\/tibladin.dk\/fr\/produit-4\/pichet-en-verre-beldi-transparent\/","og_site_name":"Tibladin","article_modified_time":"2026-04-10T08:54:32+00:00","og_image":[{"width":800,"height":800,"url":"https:\/\/tibladin.dk\/wp-content\/uploads\/2022\/09\/Tibladin_marokkansk-Beldikande-1.jpg","type":"image\/jpeg"}],"twitter_card":"summary_large_image","twitter_misc":{"Dur\u00e9e de lecture estim\u00e9e":"1 minute"},"schema":{"@context":"https:\/\/schema.org","@graph":[{"@type":"WebPage","@id":"https:\/\/tibladin.dk\/produkt\/beldi-glaskande-transparent\/","url":"https:\/\/tibladin.dk\/produkt\/beldi-glaskande-transparent\/","name":"Pichet en verre Beldi transparent | Verre recycl\u00e9 souffl\u00e9 \u00e0 la bouche | Tibladine","isPartOf":{"@id":"https:\/\/tibladin.dk\/#website"},"primaryImageOfPage":{"@id":"https:\/\/tibladin.dk\/produkt\/beldi-glaskande-transparent\/#primaryimage"},"image":{"@id":"https:\/\/tibladin.dk\/produkt\/beldi-glaskande-transparent\/#primaryimage"},"thumbnailUrl":"https:\/\/tibladin.dk\/wp-content\/uploads\/2022\/09\/Tibladin_marokkansk-Beldikande-1.jpg","datePublished":"2022-09-20T09:06:16+00:00","dateModified":"2026-04-10T08:54:32+00:00","description":"Pichet marocain en verre beldi souffl\u00e9 \u00e0 la bouche en verre recycl\u00e9 transparent, qui change encore l\u00e9g\u00e8rement de couleur. S&#039;adapte parfaitement au verre Beldi.","breadcrumb":{"@id":"https:\/\/tibladin.dk\/produkt\/beldi-glaskande-transparent\/#breadcrumb"},"inLanguage":"fr-FR","potentialAction":[{"@type":"ReadAction","target":["https:\/\/tibladin.dk\/produkt\/beldi-glaskande-transparent\/"]}]},{"@type":"ImageObject","inLanguage":"fr-FR","@id":"https:\/\/tibladin.dk\/produkt\/beldi-glaskande-transparent\/#primaryimage","url":"https:\/\/tibladin.dk\/wp-content\/uploads\/2022\/09\/Tibladin_marokkansk-Beldikande-1.jpg","contentUrl":"https:\/\/tibladin.dk\/wp-content\/uploads\/2022\/09\/Tibladin_marokkansk-Beldikande-1.jpg","width":800,"height":800,"caption":"Marokkansk mundbl\u00e6st beldi glaskande"},{"@type":"BreadcrumbList","@id":"https:\/\/tibladin.dk\/produkt\/beldi-glaskande-transparent\/#breadcrumb","itemListElement":[{"@type":"ListItem","position":1,"name":"Hjem","item":"https:\/\/tibladin.dk\/"},{"@type":"ListItem","position":2,"name":"Shop","item":"https:\/\/tibladin.dk\/shop\/"},{"@type":"ListItem","position":3,"name":"Beldi glaskande &#8211; transparent"}]},{"@type":"WebSite","@id":"https:\/\/tibladin.dk\/#website","url":"https:\/\/tibladin.dk\/","name":"Tibladin","description":"Tibladin","publisher":{"@id":"https:\/\/tibladin.dk\/#organization"},"potentialAction":[{"@type":"SearchAction","target":{"@type":"EntryPoint","urlTemplate":"https:\/\/tibladin.dk\/?s={search_term_string}"},"query-input":{"@type":"PropertyValueSpecification","valueRequired":true,"valueName":"search_term_string"}}],"inLanguage":"fr-FR"},{"@type":"Organization","@id":"https:\/\/tibladin.dk\/#organization","name":"Tibladin","url":"https:\/\/tibladin.dk\/","logo":{"@type":"ImageObject","inLanguage":"fr-FR","@id":"https:\/\/tibladin.dk\/#\/schema\/logo\/image\/","url":"https:\/\/tibladin.dk\/wp-content\/uploads\/2022\/09\/tibladin_logo.svg","contentUrl":"https:\/\/tibladin.dk\/wp-content\/uploads\/2022\/09\/tibladin_logo.svg","caption":"Tibladin"},"image":{"@id":"https:\/\/tibladin.dk\/#\/schema\/logo\/image\/"}}]}},"_links":{"self":[{"href":"https:\/\/tibladin.dk\/fr\/wp-json\/wp\/v2\/product\/1012","targetHints":{"allow":["GET"]}}],"collection":[{"href":"https:\/\/tibladin.dk\/fr\/wp-json\/wp\/v2\/product"}],"about":[{"href":"https:\/\/tibladin.dk\/fr\/wp-json\/wp\/v2\/types\/product"}],"wp:featuredmedia":[{"embeddable":true,"href":"https:\/\/tibladin.dk\/fr\/wp-json\/wp\/v2\/media\/1008"}],"wp:attachment":[{"href":"https:\/\/tibladin.dk\/fr\/wp-json\/wp\/v2\/media?parent=1012"}],"wp:term":[{"taxonomy":"product_brand","embeddable":true,"href":"https:\/\/tibladin.dk\/fr\/wp-json\/wp\/v2\/product_brand?post=1012"},{"taxonomy":"product_cat","embeddable":true,"href":"https:\/\/tibladin.dk\/fr\/wp-json\/wp\/v2\/product_cat?post=1012"},{"taxonomy":"product_tag","embeddable":true,"href":"https:\/\/tibladin.dk\/fr\/wp-json\/wp\/v2\/product_tag?post=1012"}],"curies":[{"name":"wp","href":"https:\/\/api.w.org\/{rel}","templated":true}]}}