{"id":10531,"date":"2023-11-23T18:53:44","date_gmt":"2023-11-23T17:53:44","guid":{"rendered":"https:\/\/tibladin.dk\/?post_type=product&#038;p=10531"},"modified":"2026-04-28T09:19:57","modified_gmt":"2026-04-28T07:19:57","slug":"pouf-en-noisette-marron-clair","status":"publish","type":"product","link":"https:\/\/tibladin.dk\/fr\/produkt\/puf-i-brun-lys-hazelnut\/","title":{"rendered":"Pouf en noisette marron clair"},"content":{"rendered":"<div class=\"wpb-content-wrapper\"><div class=\"vc_row wpb_row vc_row-fluid\"><div class=\"wpb_column vc_column_container vc_col-sm-4\"><div class=\"vc_column-inner\"><div class=\"wpb_wrapper\"><h3 style=\"text-align: left\" class=\"vc_custom_heading vc_do_custom_heading\" >Autres poufs marocains en cuir<\/h3>\n\t<div class=\"wpb_text_column wpb_content_element\" >\n\t\t<div class=\"wpb_wrapper\">\n\t\t\t<p>Vous ne savez pas si vous devriez avoir ce pouf dans une d\u00e9licieuse couleur marron noisette ?<\/p>\n<p>Alors jetez un \u0153il au n\u00f4tre <a href=\"https:\/\/tibladin.dk\/fr\/categorie-de-produit\/interieur\/meubles\/poufs\/pouf-en-cuir\/\">page avec tous nos poufs en cuir<\/a>. Vous trouverez ici de magnifiques poufs en cuir de plusieurs couleurs et formes diff\u00e9rentes. Nous avons aussi quelques <a href=\"https:\/\/tibladin.dk\/fr\/categorie-de-produit\/interieur\/meubles\/poufs\/bouffee-de-laine\/\">magnifiques poufs marocains en laine<\/a>, qui s&#039;accorde parfaitement avec une d\u00e9co scandinave.<\/p>\n\n\t\t<\/div>\n\t<\/div>\n<\/div><\/div><\/div><div class=\"wpb_column vc_column_container vc_col-sm-4\"><div class=\"vc_column-inner\"><div class=\"wpb_wrapper\"><h3 style=\"text-align: left\" class=\"vc_custom_heading vc_do_custom_heading\" >Entretien<\/h3>\n\t<div class=\"wpb_text_column wpb_content_element\" >\n\t\t<div class=\"wpb_wrapper\">\n\t\t\t<p>Le cuir de ce pouf marocain est en peau de ch\u00e8vre et acquerra une belle patine avec le temps. Si vous souhaitez que votre pouf soit plus fonc\u00e9 et brillant, vous pouvez lui donner un peu d'huile pour cuir. Au d\u00e9but, lorsque vous l\u2019utilisez, il peut sentir un peu le cuir. Cette odeur se dissipe rapidement. Si vous souhaitez acc\u00e9l\u00e9rer ce processus, exposez le pouf un peu au soleil et l'odeur de cuir dispara\u00eetra.<\/p>\n\n\t\t<\/div>\n\t<\/div>\n<\/div><\/div><\/div><div class=\"wpb_column vc_column_container vc_col-sm-4\"><div class=\"vc_column-inner\"><div class=\"wpb_wrapper\"><h3 style=\"text-align: left\" class=\"vc_custom_heading vc_do_custom_heading\" >L&#039;histoire derri\u00e8re<\/h3>\n\t<div class=\"wpb_text_column wpb_content_element\" >\n\t\t<div class=\"wpb_wrapper\">\n\t\t\t<p>Les petits poufs sont faciles \u00e0 ajouter \u00e0 votre d\u00e9coration et obtiennent rapidement un look exotique et une touche plus personnelle. Mon fournisseur de poufs en cuir a de nombreuses ann\u00e9es d\u2019exp\u00e9rience dans la fabrication de poufs de bonne qualit\u00e9 et tr\u00e8s durables et il exporte dans plusieurs endroits \u00e0 travers le monde. Tous mes poufs sont en cuir de ch\u00e8vre, car c'est ce qui donne le pouf le plus souple.<\/p>\n\n\t\t<\/div>\n\t<\/div>\n<\/div><\/div><\/div><\/div>\n<\/div>","protected":false},"excerpt":{"rendered":"<p>Comme quelque chose de compl\u00e8tement nouveau, nous avons la belle noisette changeante dans une version l\u00e9g\u00e8rement plus l\u00e9g\u00e8re. <span class=\"s1\">La houppette est brod\u00e9e d&#039;un motif magnifique et d\u00e9taill\u00e9 sur le dessus.<\/span><\/p>\n<p>Simple et naturel qui va bien avec le look \u00e9l\u00e9gant.<\/p>\n<p>Vous pouvez remplir vous-m\u00eame votre pouf avec des couettes suppl\u00e9mentaires, de vieux v\u00eatements, des oreillers et des couvertures, ou choisir un rembourrage en laine de bois durable de Tibladin.<\/p>\n<p>Mesures 50x50x30<\/p>","protected":false},"featured_media":10536,"template":"","meta":{"inline_featured_image":false},"product_brand":[],"product_cat":[47,41,40],"product_tag":[],"class_list":{"0":"post-10531","1":"product","2":"type-product","3":"status-publish","4":"has-post-thumbnail","6":"product_cat-gaven-til-ham","7":"product_cat-laederpufs","8":"product_cat-pufs","10":"first","11":"instock","12":"taxable","13":"shipping-taxable","14":"purchasable","15":"product-type-simple"},"exclude_global_add_ons":false,"addons":[{"name":"Souhaitez-vous que votre pouf soit livr\u00e9 avec un rembourrage en laine de bois ?","type":"checkbox","position":0,"required":false,"title_format":"label","default":"","description_enable":false,"description":"","placeholder_enable":false,"placeholder":"","display":"select","restrictions_type":"any_text","adjust_price":false,"price":"","price_type":"flat_fee","restrictions":false,"min":"0","max":"0","options":[{"label":"Ja tak!","price":"200.00","price_type":"quantity_based","image":0,"visibility":true}],"id":1708085042}],"yoast_head":"<!-- This site is optimized with the Yoast SEO plugin v27.5 - https:\/\/yoast.com\/product\/yoast-seo-wordpress\/ -->\n<title>Marokkansk puf | I lyst hazelnut l\u00e6der med broderet m\u00f8nster<\/title>\n<meta name=\"description\" content=\"Marokkansk puf i en varm brun hazelnut farve. 50 cm i diameter. Med ekstra syninger for en god holdbarhed. Fyldt p\u00e5 forh\u00e5nd \u21d2 K\u00f8b her!\" \/>\n<meta name=\"robots\" content=\"index, follow, max-snippet:-1, max-image-preview:large, max-video-preview:-1\" \/>\n<link rel=\"canonical\" href=\"https:\/\/tibladin.dk\/fr\/produit-4\/pouf-en-noisette-marron-clair\/\" \/>\n<meta property=\"og:locale\" content=\"fr_FR\" \/>\n<meta property=\"og:type\" content=\"article\" \/>\n<meta property=\"og:title\" content=\"Marokkansk puf | I lyst hazelnut l\u00e6der med broderet m\u00f8nster\" \/>\n<meta property=\"og:description\" content=\"Marokkansk puf i en varm brun hazelnut farve. 50 cm i diameter. Med ekstra syninger for en god holdbarhed. Fyldt p\u00e5 forh\u00e5nd \u21d2 K\u00f8b her!\" \/>\n<meta property=\"og:url\" content=\"https:\/\/tibladin.dk\/fr\/produit-4\/pouf-en-noisette-marron-clair\/\" \/>\n<meta property=\"og:site_name\" content=\"Tibladin\" \/>\n<meta property=\"article:modified_time\" content=\"2026-04-28T07:19:57+00:00\" \/>\n<meta property=\"og:image\" content=\"https:\/\/tibladin.dk\/wp-content\/uploads\/2023\/11\/marokkansk-puf-i-lys-hazelnut_5.jpg\" \/>\n\t<meta property=\"og:image:width\" content=\"800\" \/>\n\t<meta property=\"og:image:height\" content=\"800\" \/>\n\t<meta property=\"og:image:type\" content=\"image\/jpeg\" \/>\n<meta name=\"twitter:card\" content=\"summary_large_image\" \/>\n<meta name=\"twitter:label1\" content=\"Dur\u00e9e de lecture estim\u00e9e\" \/>\n\t<meta name=\"twitter:data1\" content=\"2 minutes\" \/>\n<script type=\"application\/ld+json\" class=\"yoast-schema-graph\">{\"@context\":\"https:\\\/\\\/schema.org\",\"@graph\":[{\"@type\":\"WebPage\",\"@id\":\"https:\\\/\\\/tibladin.dk\\\/produkt\\\/puf-i-brun-lys-hazelnut\\\/\",\"url\":\"https:\\\/\\\/tibladin.dk\\\/produkt\\\/puf-i-brun-lys-hazelnut\\\/\",\"name\":\"Marokkansk puf | I lyst hazelnut l\u00e6der med broderet m\u00f8nster\",\"isPartOf\":{\"@id\":\"https:\\\/\\\/tibladin.dk\\\/#website\"},\"primaryImageOfPage\":{\"@id\":\"https:\\\/\\\/tibladin.dk\\\/produkt\\\/puf-i-brun-lys-hazelnut\\\/#primaryimage\"},\"image\":{\"@id\":\"https:\\\/\\\/tibladin.dk\\\/produkt\\\/puf-i-brun-lys-hazelnut\\\/#primaryimage\"},\"thumbnailUrl\":\"https:\\\/\\\/tibladin.dk\\\/wp-content\\\/uploads\\\/2023\\\/11\\\/marokkansk-puf-i-lys-hazelnut_5.jpg\",\"datePublished\":\"2023-11-23T17:53:44+00:00\",\"dateModified\":\"2026-04-28T07:19:57+00:00\",\"description\":\"Marokkansk puf i en varm brun hazelnut farve. 50 cm i diameter. Med ekstra syninger for en god holdbarhed. Fyldt p\u00e5 forh\u00e5nd \u21d2 K\u00f8b her!\",\"breadcrumb\":{\"@id\":\"https:\\\/\\\/tibladin.dk\\\/produkt\\\/puf-i-brun-lys-hazelnut\\\/#breadcrumb\"},\"inLanguage\":\"fr-FR\",\"potentialAction\":[{\"@type\":\"ReadAction\",\"target\":[\"https:\\\/\\\/tibladin.dk\\\/produkt\\\/puf-i-brun-lys-hazelnut\\\/\"]}]},{\"@type\":\"ImageObject\",\"inLanguage\":\"fr-FR\",\"@id\":\"https:\\\/\\\/tibladin.dk\\\/produkt\\\/puf-i-brun-lys-hazelnut\\\/#primaryimage\",\"url\":\"https:\\\/\\\/tibladin.dk\\\/wp-content\\\/uploads\\\/2023\\\/11\\\/marokkansk-puf-i-lys-hazelnut_5.jpg\",\"contentUrl\":\"https:\\\/\\\/tibladin.dk\\\/wp-content\\\/uploads\\\/2023\\\/11\\\/marokkansk-puf-i-lys-hazelnut_5.jpg\",\"width\":800,\"height\":800,\"caption\":\"marokkansk puf i lys hazelnut\"},{\"@type\":\"BreadcrumbList\",\"@id\":\"https:\\\/\\\/tibladin.dk\\\/produkt\\\/puf-i-brun-lys-hazelnut\\\/#breadcrumb\",\"itemListElement\":[{\"@type\":\"ListItem\",\"position\":1,\"name\":\"Hjem\",\"item\":\"https:\\\/\\\/tibladin.dk\\\/\"},{\"@type\":\"ListItem\",\"position\":2,\"name\":\"Shop\",\"item\":\"https:\\\/\\\/tibladin.dk\\\/shop\\\/\"},{\"@type\":\"ListItem\",\"position\":3,\"name\":\"Puf i brun lys hazelnut\"}]},{\"@type\":\"WebSite\",\"@id\":\"https:\\\/\\\/tibladin.dk\\\/#website\",\"url\":\"https:\\\/\\\/tibladin.dk\\\/\",\"name\":\"Tibladin\",\"description\":\"Tibladin\",\"publisher\":{\"@id\":\"https:\\\/\\\/tibladin.dk\\\/#organization\"},\"potentialAction\":[{\"@type\":\"SearchAction\",\"target\":{\"@type\":\"EntryPoint\",\"urlTemplate\":\"https:\\\/\\\/tibladin.dk\\\/?s={search_term_string}\"},\"query-input\":{\"@type\":\"PropertyValueSpecification\",\"valueRequired\":true,\"valueName\":\"search_term_string\"}}],\"inLanguage\":\"fr-FR\"},{\"@type\":\"Organization\",\"@id\":\"https:\\\/\\\/tibladin.dk\\\/#organization\",\"name\":\"Tibladin\",\"url\":\"https:\\\/\\\/tibladin.dk\\\/\",\"logo\":{\"@type\":\"ImageObject\",\"inLanguage\":\"fr-FR\",\"@id\":\"https:\\\/\\\/tibladin.dk\\\/#\\\/schema\\\/logo\\\/image\\\/\",\"url\":\"https:\\\/\\\/tibladin.dk\\\/wp-content\\\/uploads\\\/2022\\\/09\\\/tibladin_logo.svg\",\"contentUrl\":\"https:\\\/\\\/tibladin.dk\\\/wp-content\\\/uploads\\\/2022\\\/09\\\/tibladin_logo.svg\",\"caption\":\"Tibladin\"},\"image\":{\"@id\":\"https:\\\/\\\/tibladin.dk\\\/#\\\/schema\\\/logo\\\/image\\\/\"}}]}<\/script>\n<!-- \/ Yoast SEO plugin. -->","yoast_head_json":{"title":"Pouf marocain | En cuir noisette clair avec motif brod\u00e9","description":"Pouf marocain d&#039;une chaude couleur marron noisette. 50 cm de diam\u00e8tre. Avec coutures suppl\u00e9mentaires pour une bonne durabilit\u00e9. Rempli \u00e0 l&#039;avance \u21d2 Achetez ici !","robots":{"index":"index","follow":"follow","max-snippet":"max-snippet:-1","max-image-preview":"max-image-preview:large","max-video-preview":"max-video-preview:-1"},"canonical":"https:\/\/tibladin.dk\/fr\/produit-4\/pouf-en-noisette-marron-clair\/","og_locale":"fr_FR","og_type":"article","og_title":"Marokkansk puf | I lyst hazelnut l\u00e6der med broderet m\u00f8nster","og_description":"Marokkansk puf i en varm brun hazelnut farve. 50 cm i diameter. Med ekstra syninger for en god holdbarhed. Fyldt p\u00e5 forh\u00e5nd \u21d2 K\u00f8b her!","og_url":"https:\/\/tibladin.dk\/fr\/produit-4\/pouf-en-noisette-marron-clair\/","og_site_name":"Tibladin","article_modified_time":"2026-04-28T07:19:57+00:00","og_image":[{"width":800,"height":800,"url":"https:\/\/tibladin.dk\/wp-content\/uploads\/2023\/11\/marokkansk-puf-i-lys-hazelnut_5.jpg","type":"image\/jpeg"}],"twitter_card":"summary_large_image","twitter_misc":{"Dur\u00e9e de lecture estim\u00e9e":"2 minutes"},"schema":{"@context":"https:\/\/schema.org","@graph":[{"@type":"WebPage","@id":"https:\/\/tibladin.dk\/produkt\/puf-i-brun-lys-hazelnut\/","url":"https:\/\/tibladin.dk\/produkt\/puf-i-brun-lys-hazelnut\/","name":"Pouf marocain | En cuir noisette clair avec motif brod\u00e9","isPartOf":{"@id":"https:\/\/tibladin.dk\/#website"},"primaryImageOfPage":{"@id":"https:\/\/tibladin.dk\/produkt\/puf-i-brun-lys-hazelnut\/#primaryimage"},"image":{"@id":"https:\/\/tibladin.dk\/produkt\/puf-i-brun-lys-hazelnut\/#primaryimage"},"thumbnailUrl":"https:\/\/tibladin.dk\/wp-content\/uploads\/2023\/11\/marokkansk-puf-i-lys-hazelnut_5.jpg","datePublished":"2023-11-23T17:53:44+00:00","dateModified":"2026-04-28T07:19:57+00:00","description":"Pouf marocain d&#039;une chaude couleur marron noisette. 50 cm de diam\u00e8tre. Avec coutures suppl\u00e9mentaires pour une bonne durabilit\u00e9. Rempli \u00e0 l&#039;avance \u21d2 Achetez ici !","breadcrumb":{"@id":"https:\/\/tibladin.dk\/produkt\/puf-i-brun-lys-hazelnut\/#breadcrumb"},"inLanguage":"fr-FR","potentialAction":[{"@type":"ReadAction","target":["https:\/\/tibladin.dk\/produkt\/puf-i-brun-lys-hazelnut\/"]}]},{"@type":"ImageObject","inLanguage":"fr-FR","@id":"https:\/\/tibladin.dk\/produkt\/puf-i-brun-lys-hazelnut\/#primaryimage","url":"https:\/\/tibladin.dk\/wp-content\/uploads\/2023\/11\/marokkansk-puf-i-lys-hazelnut_5.jpg","contentUrl":"https:\/\/tibladin.dk\/wp-content\/uploads\/2023\/11\/marokkansk-puf-i-lys-hazelnut_5.jpg","width":800,"height":800,"caption":"marokkansk puf i lys hazelnut"},{"@type":"BreadcrumbList","@id":"https:\/\/tibladin.dk\/produkt\/puf-i-brun-lys-hazelnut\/#breadcrumb","itemListElement":[{"@type":"ListItem","position":1,"name":"Hjem","item":"https:\/\/tibladin.dk\/"},{"@type":"ListItem","position":2,"name":"Shop","item":"https:\/\/tibladin.dk\/shop\/"},{"@type":"ListItem","position":3,"name":"Puf i brun lys hazelnut"}]},{"@type":"WebSite","@id":"https:\/\/tibladin.dk\/#website","url":"https:\/\/tibladin.dk\/","name":"Tibladin","description":"Tibladin","publisher":{"@id":"https:\/\/tibladin.dk\/#organization"},"potentialAction":[{"@type":"SearchAction","target":{"@type":"EntryPoint","urlTemplate":"https:\/\/tibladin.dk\/?s={search_term_string}"},"query-input":{"@type":"PropertyValueSpecification","valueRequired":true,"valueName":"search_term_string"}}],"inLanguage":"fr-FR"},{"@type":"Organization","@id":"https:\/\/tibladin.dk\/#organization","name":"Tibladin","url":"https:\/\/tibladin.dk\/","logo":{"@type":"ImageObject","inLanguage":"fr-FR","@id":"https:\/\/tibladin.dk\/#\/schema\/logo\/image\/","url":"https:\/\/tibladin.dk\/wp-content\/uploads\/2022\/09\/tibladin_logo.svg","contentUrl":"https:\/\/tibladin.dk\/wp-content\/uploads\/2022\/09\/tibladin_logo.svg","caption":"Tibladin"},"image":{"@id":"https:\/\/tibladin.dk\/#\/schema\/logo\/image\/"}}]}},"_links":{"self":[{"href":"https:\/\/tibladin.dk\/fr\/wp-json\/wp\/v2\/product\/10531","targetHints":{"allow":["GET"]}}],"collection":[{"href":"https:\/\/tibladin.dk\/fr\/wp-json\/wp\/v2\/product"}],"about":[{"href":"https:\/\/tibladin.dk\/fr\/wp-json\/wp\/v2\/types\/product"}],"wp:featuredmedia":[{"embeddable":true,"href":"https:\/\/tibladin.dk\/fr\/wp-json\/wp\/v2\/media\/10536"}],"wp:attachment":[{"href":"https:\/\/tibladin.dk\/fr\/wp-json\/wp\/v2\/media?parent=10531"}],"wp:term":[{"taxonomy":"product_brand","embeddable":true,"href":"https:\/\/tibladin.dk\/fr\/wp-json\/wp\/v2\/product_brand?post=10531"},{"taxonomy":"product_cat","embeddable":true,"href":"https:\/\/tibladin.dk\/fr\/wp-json\/wp\/v2\/product_cat?post=10531"},{"taxonomy":"product_tag","embeddable":true,"href":"https:\/\/tibladin.dk\/fr\/wp-json\/wp\/v2\/product_tag?post=10531"}],"curies":[{"name":"wp","href":"https:\/\/api.w.org\/{rel}","templated":true}]}}