{"id":10627,"date":"2023-11-29T13:24:11","date_gmt":"2023-11-29T12:24:11","guid":{"rendered":"https:\/\/tibladin.dk\/?post_type=product&#038;p=10627"},"modified":"2025-09-06T21:13:25","modified_gmt":"2025-09-06T19:13:25","slug":"ronds-de-serviette-en-argent-avec-motif-rond-decoupe-a-la-main","status":"publish","type":"product","link":"https:\/\/tibladin.dk\/fr\/produkt\/servietringe-i-soelv-med-haandskaaret-moenster-rund\/","title":{"rendered":"Ronds de serviette en argent avec motif d\u00e9coup\u00e9 \u00e0 la main - rond"},"content":{"rendered":"<div class=\"wpb-content-wrapper\"><div class=\"vc_row wpb_row vc_row-fluid\"><div class=\"wpb_column vc_column_container vc_col-sm-4\"><div class=\"vc_column-inner\"><div class=\"wpb_wrapper\"><\/div><\/div><\/div><div class=\"wpb_column vc_column_container vc_col-sm-4\"><div class=\"vc_column-inner\"><div class=\"wpb_wrapper\"><h3 style=\"text-align: left\" class=\"vc_custom_heading vc_do_custom_heading\" >Entretien<\/h3>\n\t<div class=\"wpb_text_column wpb_content_element\" >\n\t\t<div class=\"wpb_wrapper\">\n\t\t\t<p>Les ronds de serviette sont en argent et peuvent \u00eatre polis avec du vernis \u00e0 argent ou un peu de jus de citron.<\/p>\n\n\t\t<\/div>\n\t<\/div>\n<\/div><\/div><\/div><div class=\"wpb_column vc_column_container vc_col-sm-4\"><div class=\"vc_column-inner\"><div class=\"wpb_wrapper\"><h3 style=\"text-align: left\" class=\"vc_custom_heading vc_do_custom_heading\" >L&#039;histoire derri\u00e8re<\/h3>\n\t<div class=\"wpb_text_column wpb_content_element\" >\n\t\t<div class=\"wpb_wrapper\">\n\t\t\t<p>Lorsque vous voyez une table bien dress\u00e9e o\u00f9 l&#039;h\u00f4te a pris la peine de placer des serviettes en tissu au lieu de serviettes en papier, vous, en tant qu&#039;invit\u00e9, vous vous sentez valoris\u00e9 et bienvenu. Une serviette en tissu peut \u00eatre r\u00e9utilis\u00e9e pendant de nombreuses ann\u00e9es et est bien meilleure pour l\u2019environnement. Il est magnifique d&#039;ajouter un rond de serviette qui peut contenir la serviette et compl\u00e9ter le look \u00e9l\u00e9gant.<\/p>\n\n\t\t<\/div>\n\t<\/div>\n<\/div><\/div><\/div><\/div>\n<\/div>","protected":false},"excerpt":{"rendered":"<p>Apr\u00e8s avoir pris la peine de dresser une belle table pour vos invit\u00e9s, faites un pas suppl\u00e9mentaire et dressez-la avec de belles <a href=\"https:\/\/tibladin.dk\/fr\/produit-4\/serviette-en-tissu-avec-motif-brode-a-la-main-noir\/\">serviettes en tissu brod\u00e9es \u00e0 la main<\/a> et ce magnifique rond de serviette qui donne une expression compl\u00e8te et \u00e9l\u00e9gante.<\/p>\n<p class=\"p1\"><span class=\"s1\">Il n&#039;y a que 6 pi\u00e8ces dans ce mod\u00e8le. Combinez-les avec ceux<a href=\"https:\/\/tibladin.dk\/fr\/produit-4\/ronds-de-serviette-en-argent-avec-un-noeud-a-motif-fait-main\/\"> ronds de serviette courb\u00e9s<\/a> si vous devez couvrir des pi\u00e8ces.<\/span><\/p>\n<p>Mesurer 4 cm de hauteur et 4,5 cm de diam\u00e8tre<\/p>","protected":false},"featured_media":10630,"template":"","meta":{"inline_featured_image":false},"product_brand":[],"product_cat":[33,100,158,98],"product_tag":[],"class_list":{"0":"post-10627","1":"product","2":"type-product","3":"status-publish","4":"has-post-thumbnail","6":"product_cat-borddaekning","7":"product_cat-daekkeservietter","8":"product_cat-servietringe","9":"product_cat-stofservietter","11":"first","12":"outofstock","13":"taxable","14":"shipping-taxable","15":"purchasable","16":"product-type-simple"},"exclude_global_add_ons":[],"addons":[],"yoast_head":"<!-- This site is optimized with the Yoast SEO plugin v27.4 - https:\/\/yoast.com\/product\/yoast-seo-wordpress\/ -->\n<title>Servietringe i s\u00f8lv | H\u00e5ndsk\u00e5ret marokkansk m\u00f8nster | Tibladin<\/title>\n<meta name=\"description\" content=\"Smukke servietringe i s\u00f8lv | h\u00e5ndsk\u00e5ret marokkanske m\u00f8nstrer giver et elegant udtryk til din bordd\u00e6kning | Brug stofservietter - bedre for milj\u00f8et\" \/>\n<meta name=\"robots\" content=\"index, follow, max-snippet:-1, max-image-preview:large, max-video-preview:-1\" \/>\n<link rel=\"canonical\" href=\"https:\/\/tibladin.dk\/fr\/produit-4\/ronds-de-serviette-en-argent-avec-motif-rond-decoupe-a-la-main\/\" \/>\n<meta property=\"og:locale\" content=\"fr_FR\" \/>\n<meta property=\"og:type\" content=\"article\" \/>\n<meta property=\"og:title\" content=\"Servietringe i s\u00f8lv | H\u00e5ndsk\u00e5ret marokkansk m\u00f8nster | Tibladin\" \/>\n<meta property=\"og:description\" content=\"Smukke servietringe i s\u00f8lv | h\u00e5ndsk\u00e5ret marokkanske m\u00f8nstrer giver et elegant udtryk til din bordd\u00e6kning | Brug stofservietter - bedre for milj\u00f8et\" \/>\n<meta property=\"og:url\" content=\"https:\/\/tibladin.dk\/fr\/produit-4\/ronds-de-serviette-en-argent-avec-motif-rond-decoupe-a-la-main\/\" \/>\n<meta property=\"og:site_name\" content=\"Tibladin\" \/>\n<meta property=\"article:modified_time\" content=\"2025-09-06T19:13:25+00:00\" \/>\n<meta property=\"og:image\" content=\"https:\/\/tibladin.dk\/wp-content\/uploads\/2023\/11\/marokkanske-soelv-servietringe_rund_2.jpg\" \/>\n\t<meta property=\"og:image:width\" content=\"800\" \/>\n\t<meta property=\"og:image:height\" content=\"800\" \/>\n\t<meta property=\"og:image:type\" content=\"image\/jpeg\" \/>\n<meta name=\"twitter:card\" content=\"summary_large_image\" \/>\n<meta name=\"twitter:label1\" content=\"Dur\u00e9e de lecture estim\u00e9e\" \/>\n\t<meta name=\"twitter:data1\" content=\"1 minute\" \/>\n<script type=\"application\/ld+json\" class=\"yoast-schema-graph\">{\"@context\":\"https:\\\/\\\/schema.org\",\"@graph\":[{\"@type\":\"WebPage\",\"@id\":\"https:\\\/\\\/tibladin.dk\\\/produkt\\\/servietringe-i-soelv-med-haandskaaret-moenster-rund\\\/\",\"url\":\"https:\\\/\\\/tibladin.dk\\\/produkt\\\/servietringe-i-soelv-med-haandskaaret-moenster-rund\\\/\",\"name\":\"Servietringe i s\u00f8lv | H\u00e5ndsk\u00e5ret marokkansk m\u00f8nster | Tibladin\",\"isPartOf\":{\"@id\":\"https:\\\/\\\/tibladin.dk\\\/#website\"},\"primaryImageOfPage\":{\"@id\":\"https:\\\/\\\/tibladin.dk\\\/produkt\\\/servietringe-i-soelv-med-haandskaaret-moenster-rund\\\/#primaryimage\"},\"image\":{\"@id\":\"https:\\\/\\\/tibladin.dk\\\/produkt\\\/servietringe-i-soelv-med-haandskaaret-moenster-rund\\\/#primaryimage\"},\"thumbnailUrl\":\"https:\\\/\\\/tibladin.dk\\\/wp-content\\\/uploads\\\/2023\\\/11\\\/marokkanske-soelv-servietringe_rund_2.jpg\",\"datePublished\":\"2023-11-29T12:24:11+00:00\",\"dateModified\":\"2025-09-06T19:13:25+00:00\",\"description\":\"Smukke servietringe i s\u00f8lv | h\u00e5ndsk\u00e5ret marokkanske m\u00f8nstrer giver et elegant udtryk til din bordd\u00e6kning | Brug stofservietter - bedre for milj\u00f8et\",\"breadcrumb\":{\"@id\":\"https:\\\/\\\/tibladin.dk\\\/produkt\\\/servietringe-i-soelv-med-haandskaaret-moenster-rund\\\/#breadcrumb\"},\"inLanguage\":\"fr-FR\",\"potentialAction\":[{\"@type\":\"ReadAction\",\"target\":[\"https:\\\/\\\/tibladin.dk\\\/produkt\\\/servietringe-i-soelv-med-haandskaaret-moenster-rund\\\/\"]}]},{\"@type\":\"ImageObject\",\"inLanguage\":\"fr-FR\",\"@id\":\"https:\\\/\\\/tibladin.dk\\\/produkt\\\/servietringe-i-soelv-med-haandskaaret-moenster-rund\\\/#primaryimage\",\"url\":\"https:\\\/\\\/tibladin.dk\\\/wp-content\\\/uploads\\\/2023\\\/11\\\/marokkanske-soelv-servietringe_rund_2.jpg\",\"contentUrl\":\"https:\\\/\\\/tibladin.dk\\\/wp-content\\\/uploads\\\/2023\\\/11\\\/marokkanske-soelv-servietringe_rund_2.jpg\",\"width\":800,\"height\":800,\"caption\":\"marokkanske s\u00f8lv servietringe_rund\"},{\"@type\":\"BreadcrumbList\",\"@id\":\"https:\\\/\\\/tibladin.dk\\\/produkt\\\/servietringe-i-soelv-med-haandskaaret-moenster-rund\\\/#breadcrumb\",\"itemListElement\":[{\"@type\":\"ListItem\",\"position\":1,\"name\":\"Hjem\",\"item\":\"https:\\\/\\\/tibladin.dk\\\/\"},{\"@type\":\"ListItem\",\"position\":2,\"name\":\"Shop\",\"item\":\"https:\\\/\\\/tibladin.dk\\\/shop\\\/\"},{\"@type\":\"ListItem\",\"position\":3,\"name\":\"Servietringe i s\u00f8lv med h\u00e5ndsk\u00e5ret m\u00f8nster &#8211; rund\"}]},{\"@type\":\"WebSite\",\"@id\":\"https:\\\/\\\/tibladin.dk\\\/#website\",\"url\":\"https:\\\/\\\/tibladin.dk\\\/\",\"name\":\"Tibladin\",\"description\":\"Tibladin\",\"publisher\":{\"@id\":\"https:\\\/\\\/tibladin.dk\\\/#organization\"},\"potentialAction\":[{\"@type\":\"SearchAction\",\"target\":{\"@type\":\"EntryPoint\",\"urlTemplate\":\"https:\\\/\\\/tibladin.dk\\\/?s={search_term_string}\"},\"query-input\":{\"@type\":\"PropertyValueSpecification\",\"valueRequired\":true,\"valueName\":\"search_term_string\"}}],\"inLanguage\":\"fr-FR\"},{\"@type\":\"Organization\",\"@id\":\"https:\\\/\\\/tibladin.dk\\\/#organization\",\"name\":\"Tibladin\",\"url\":\"https:\\\/\\\/tibladin.dk\\\/\",\"logo\":{\"@type\":\"ImageObject\",\"inLanguage\":\"fr-FR\",\"@id\":\"https:\\\/\\\/tibladin.dk\\\/#\\\/schema\\\/logo\\\/image\\\/\",\"url\":\"https:\\\/\\\/tibladin.dk\\\/wp-content\\\/uploads\\\/2022\\\/09\\\/tibladin_logo.svg\",\"contentUrl\":\"https:\\\/\\\/tibladin.dk\\\/wp-content\\\/uploads\\\/2022\\\/09\\\/tibladin_logo.svg\",\"caption\":\"Tibladin\"},\"image\":{\"@id\":\"https:\\\/\\\/tibladin.dk\\\/#\\\/schema\\\/logo\\\/image\\\/\"}}]}<\/script>\n<!-- \/ Yoast SEO plugin. -->","yoast_head_json":{"title":"Ronds de serviette en argent | Mod\u00e8le marocain sculpt\u00e9 \u00e0 la main | Tibladine","description":"Magnifiques ronds de serviette en argent | les motifs marocains coup\u00e9s \u00e0 la main donnent un look \u00e9l\u00e9gant \u00e0 votre table | Utilisez des serviettes en tissu - meilleures pour l&#039;environnement","robots":{"index":"index","follow":"follow","max-snippet":"max-snippet:-1","max-image-preview":"max-image-preview:large","max-video-preview":"max-video-preview:-1"},"canonical":"https:\/\/tibladin.dk\/fr\/produit-4\/ronds-de-serviette-en-argent-avec-motif-rond-decoupe-a-la-main\/","og_locale":"fr_FR","og_type":"article","og_title":"Servietringe i s\u00f8lv | H\u00e5ndsk\u00e5ret marokkansk m\u00f8nster | Tibladin","og_description":"Smukke servietringe i s\u00f8lv | h\u00e5ndsk\u00e5ret marokkanske m\u00f8nstrer giver et elegant udtryk til din bordd\u00e6kning | Brug stofservietter - bedre for milj\u00f8et","og_url":"https:\/\/tibladin.dk\/fr\/produit-4\/ronds-de-serviette-en-argent-avec-motif-rond-decoupe-a-la-main\/","og_site_name":"Tibladin","article_modified_time":"2025-09-06T19:13:25+00:00","og_image":[{"width":800,"height":800,"url":"https:\/\/tibladin.dk\/wp-content\/uploads\/2023\/11\/marokkanske-soelv-servietringe_rund_2.jpg","type":"image\/jpeg"}],"twitter_card":"summary_large_image","twitter_misc":{"Dur\u00e9e de lecture estim\u00e9e":"1 minute"},"schema":{"@context":"https:\/\/schema.org","@graph":[{"@type":"WebPage","@id":"https:\/\/tibladin.dk\/produkt\/servietringe-i-soelv-med-haandskaaret-moenster-rund\/","url":"https:\/\/tibladin.dk\/produkt\/servietringe-i-soelv-med-haandskaaret-moenster-rund\/","name":"Ronds de serviette en argent | Mod\u00e8le marocain sculpt\u00e9 \u00e0 la main | Tibladine","isPartOf":{"@id":"https:\/\/tibladin.dk\/#website"},"primaryImageOfPage":{"@id":"https:\/\/tibladin.dk\/produkt\/servietringe-i-soelv-med-haandskaaret-moenster-rund\/#primaryimage"},"image":{"@id":"https:\/\/tibladin.dk\/produkt\/servietringe-i-soelv-med-haandskaaret-moenster-rund\/#primaryimage"},"thumbnailUrl":"https:\/\/tibladin.dk\/wp-content\/uploads\/2023\/11\/marokkanske-soelv-servietringe_rund_2.jpg","datePublished":"2023-11-29T12:24:11+00:00","dateModified":"2025-09-06T19:13:25+00:00","description":"Magnifiques ronds de serviette en argent | les motifs marocains coup\u00e9s \u00e0 la main donnent un look \u00e9l\u00e9gant \u00e0 votre table | Utilisez des serviettes en tissu - meilleures pour l&#039;environnement","breadcrumb":{"@id":"https:\/\/tibladin.dk\/produkt\/servietringe-i-soelv-med-haandskaaret-moenster-rund\/#breadcrumb"},"inLanguage":"fr-FR","potentialAction":[{"@type":"ReadAction","target":["https:\/\/tibladin.dk\/produkt\/servietringe-i-soelv-med-haandskaaret-moenster-rund\/"]}]},{"@type":"ImageObject","inLanguage":"fr-FR","@id":"https:\/\/tibladin.dk\/produkt\/servietringe-i-soelv-med-haandskaaret-moenster-rund\/#primaryimage","url":"https:\/\/tibladin.dk\/wp-content\/uploads\/2023\/11\/marokkanske-soelv-servietringe_rund_2.jpg","contentUrl":"https:\/\/tibladin.dk\/wp-content\/uploads\/2023\/11\/marokkanske-soelv-servietringe_rund_2.jpg","width":800,"height":800,"caption":"marokkanske s\u00f8lv servietringe_rund"},{"@type":"BreadcrumbList","@id":"https:\/\/tibladin.dk\/produkt\/servietringe-i-soelv-med-haandskaaret-moenster-rund\/#breadcrumb","itemListElement":[{"@type":"ListItem","position":1,"name":"Hjem","item":"https:\/\/tibladin.dk\/"},{"@type":"ListItem","position":2,"name":"Shop","item":"https:\/\/tibladin.dk\/shop\/"},{"@type":"ListItem","position":3,"name":"Servietringe i s\u00f8lv med h\u00e5ndsk\u00e5ret m\u00f8nster &#8211; rund"}]},{"@type":"WebSite","@id":"https:\/\/tibladin.dk\/#website","url":"https:\/\/tibladin.dk\/","name":"Tibladin","description":"Tibladin","publisher":{"@id":"https:\/\/tibladin.dk\/#organization"},"potentialAction":[{"@type":"SearchAction","target":{"@type":"EntryPoint","urlTemplate":"https:\/\/tibladin.dk\/?s={search_term_string}"},"query-input":{"@type":"PropertyValueSpecification","valueRequired":true,"valueName":"search_term_string"}}],"inLanguage":"fr-FR"},{"@type":"Organization","@id":"https:\/\/tibladin.dk\/#organization","name":"Tibladin","url":"https:\/\/tibladin.dk\/","logo":{"@type":"ImageObject","inLanguage":"fr-FR","@id":"https:\/\/tibladin.dk\/#\/schema\/logo\/image\/","url":"https:\/\/tibladin.dk\/wp-content\/uploads\/2022\/09\/tibladin_logo.svg","contentUrl":"https:\/\/tibladin.dk\/wp-content\/uploads\/2022\/09\/tibladin_logo.svg","caption":"Tibladin"},"image":{"@id":"https:\/\/tibladin.dk\/#\/schema\/logo\/image\/"}}]}},"_links":{"self":[{"href":"https:\/\/tibladin.dk\/fr\/wp-json\/wp\/v2\/product\/10627","targetHints":{"allow":["GET"]}}],"collection":[{"href":"https:\/\/tibladin.dk\/fr\/wp-json\/wp\/v2\/product"}],"about":[{"href":"https:\/\/tibladin.dk\/fr\/wp-json\/wp\/v2\/types\/product"}],"wp:featuredmedia":[{"embeddable":true,"href":"https:\/\/tibladin.dk\/fr\/wp-json\/wp\/v2\/media\/10630"}],"wp:attachment":[{"href":"https:\/\/tibladin.dk\/fr\/wp-json\/wp\/v2\/media?parent=10627"}],"wp:term":[{"taxonomy":"product_brand","embeddable":true,"href":"https:\/\/tibladin.dk\/fr\/wp-json\/wp\/v2\/product_brand?post=10627"},{"taxonomy":"product_cat","embeddable":true,"href":"https:\/\/tibladin.dk\/fr\/wp-json\/wp\/v2\/product_cat?post=10627"},{"taxonomy":"product_tag","embeddable":true,"href":"https:\/\/tibladin.dk\/fr\/wp-json\/wp\/v2\/product_tag?post=10627"}],"curies":[{"name":"wp","href":"https:\/\/api.w.org\/{rel}","templated":true}]}}