{"id":10686,"date":"2025-11-20T12:16:29","date_gmt":"2025-11-20T11:16:29","guid":{"rendered":"https:\/\/tibladin.dk\/?post_type=product&#038;p=10686"},"modified":"2026-04-14T14:20:44","modified_gmt":"2026-04-14T12:20:44","slug":"tajine-en-faience-non-emaillee-pour-la-cuisson","status":"publish","type":"product","link":"https:\/\/tibladin.dk\/fr\/produkt\/tagine-i-uglaseret-lertoej-til-tilberedning\/","title":{"rendered":"Tajine \u2013 en fa\u00efence non \u00e9maill\u00e9e pour la cuisson"},"content":{"rendered":"<div class=\"wpb-content-wrapper\"><div class=\"vc_row wpb_row vc_row-fluid\"><div class=\"wpb_column vc_column_container vc_col-sm-4\"><div class=\"vc_column-inner\"><div class=\"wpb_wrapper\">\n\t<div class=\"wpb_video_widget wpb_content_element vc_clearfix   vc_video-aspect-ratio-169 vc_video-el-width-100 vc_video-align-left\" >\n\t\t<div class=\"wpb_wrapper\">\n\t\t\t\n\t\t\t<div class=\"wpb_video_wrapper\"><div class=\"video-container\"><iframe loading=\"lazy\" title=\"Recette Tajine_boulettes de viande \u00e0 la sauce tomate\" src=\"https:\/\/player.vimeo.com\/video\/465367511?dnt=1&amp;app_id=122963\" width=\"248\" height=\"310\" frameborder=\"0\" allow=\"autoplay; fullscreen; picture-in-picture\"><\/iframe><\/div><\/div>\n\t\t<\/div>\n\t<\/div>\n<\/div><\/div><\/div><div class=\"wpb_column vc_column_container vc_col-sm-4\"><div class=\"vc_column-inner\"><div class=\"wpb_wrapper\"><h3 style=\"text-align: left\" class=\"vc_custom_heading vc_do_custom_heading\" >Entretien<\/h3>\n\t<div class=\"wpb_text_column wpb_content_element\" >\n\t\t<div class=\"wpb_wrapper\">\n\t\t\t<p>Avant la premi\u00e8re utilisation\u00a0: faire tremper dans l\u2019eau toute une nuit. Une fois compl\u00e8tement sec, frotter l\u2019int\u00e9rieur du plat avec de l\u2019huile de cuisson (pas d\u2019huile d\u2019olive).<\/p>\n<p>Peut \u00eatre lav\u00e9 avec de l&#039;eau savonneuse douce.<\/p>\n<p>Les plats \u00e0 tajine sont fabriqu\u00e9s \u00e0 la main et il peut y avoir des variations de couleur et de forme.<\/p>\n\n\t\t<\/div>\n\t<\/div>\n<\/div><\/div><\/div><div class=\"wpb_column vc_column_container vc_col-sm-4\"><div class=\"vc_column-inner\"><div class=\"wpb_wrapper\"><h3 style=\"text-align: left\" class=\"vc_custom_heading vc_do_custom_heading\" >L&#039;histoire derri\u00e8re<\/h3>\n\t<div class=\"wpb_text_column wpb_content_element\" >\n\t\t<div class=\"wpb_wrapper\">\n\t\t\t<p>Le tajine marocain\/Tajine est un plat en gr\u00e8s avec un couvercle en forme de c\u00f4ne caract\u00e9ristique dans lequel vous pourrez pr\u00e9parer les plats les plus d\u00e9licieux.Un tajine peut \u00eatre utilis\u00e9 pour de nombreux jolis plats marocains et de nombreux plats mijot\u00e9s. Vous pouvez voir diff\u00e9rentes recettes de tajine sur mon blog.<\/p>\n\n\t\t<\/div>\n\t<\/div>\n<\/div><\/div><\/div><\/div>\n<\/div>","protected":false},"excerpt":{"rendered":"<p>Tajine ou Tajine, peut s&#039;\u00e9crire dans les deux sens, signifie plat en terre cuite en berb\u00e8re et fonctionne un peu de la m\u00eame mani\u00e8re qu&#039;une po\u00eale \u00e0 frire, incroyablement efficace pour mijoter des plats et en m\u00eame temps tr\u00e8s d\u00e9coratif.<\/p>\n<p>Plat en fa\u00efence non \u00e9maill\u00e9e avec couvercle en forme de c\u00f4ne, garantit que votre plat pourra mijoter de nombreuses heures et conserver tout son bon go\u00fbt.<\/p>\n<p>Remarque\u00a0! Avant la premi\u00e8re utilisation\u00a0: faire tremper dans l\u2019eau toute une nuit. Une fois compl\u00e8tement sec, frotter l\u2019int\u00e9rieur du plat avec de l\u2019huile de cuisson (et non de l\u2019huile d\u2019olive).<\/p>\n<p>Tajine tr\u00e8s rustique avec un motif dessin\u00e9 \u00e0 la main autour du plat et en haut du couvercle en forme de c\u00f4ne.<\/p>\n<div>Le tajine mesure 31 cm de diam\u00e8tre et convient parfaitement \u00e0 une famille de 4 personnes.<\/div>\n<p>Peut r\u00e9sister aux fours traditionnels, aux cuisini\u00e8res \u00e0 gaz et aux plaques vitroc\u00e9ramiques (pour les plaques vitroc\u00e9ramiques, vous aurez besoin d&#039;une plaque m\u00e9tallique de conversion pour qu&#039;elle puisse transporter la chaleur ou vous pouvez la placer sur une grande casserole).<\/p>\n<p>Avec un tajine sur la table, vous pourrez certainement \u00e9pater vos convives.<\/p>","protected":false},"featured_media":10694,"template":"","meta":{"inline_featured_image":false},"product_brand":[],"product_cat":[33,47,157],"product_tag":[],"class_list":{"0":"post-10686","1":"product","2":"type-product","3":"status-publish","4":"has-post-thumbnail","6":"product_cat-borddaekning","7":"product_cat-gaven-til-ham","8":"product_cat-tagines","10":"first","11":"outofstock","12":"taxable","13":"shipping-taxable","14":"purchasable","15":"product-type-simple"},"exclude_global_add_ons":[],"addons":[],"yoast_head":"<!-- This site is optimized with the Yoast SEO plugin v27.4 - https:\/\/yoast.com\/product\/yoast-seo-wordpress\/ -->\n<title>Marokkansk tagine fad i hvid | Til 4-6 personer | T\u00e5ler ovn<\/title>\n<meta name=\"description\" content=\"Lav l\u00e6kre simreretter i denne flotte rustikke tagine. Du kan tilberede direkte i den i ovnen, p\u00e5 gasblus eller p\u00e5 keramisk komfur. Bevarer al den gode smag.\" \/>\n<meta name=\"robots\" content=\"index, follow, max-snippet:-1, max-image-preview:large, max-video-preview:-1\" \/>\n<link rel=\"canonical\" href=\"https:\/\/tibladin.dk\/fr\/produit-4\/tajine-en-faience-non-emaillee-pour-la-cuisson\/\" \/>\n<meta property=\"og:locale\" content=\"fr_FR\" \/>\n<meta property=\"og:type\" content=\"article\" \/>\n<meta property=\"og:title\" content=\"Marokkansk tagine fad i hvid | Til 4-6 personer | T\u00e5ler ovn\" \/>\n<meta property=\"og:description\" content=\"Lav l\u00e6kre simreretter i denne flotte rustikke tagine. Du kan tilberede direkte i den i ovnen, p\u00e5 gasblus eller p\u00e5 keramisk komfur. Bevarer al den gode smag.\" \/>\n<meta property=\"og:url\" content=\"https:\/\/tibladin.dk\/fr\/produit-4\/tajine-en-faience-non-emaillee-pour-la-cuisson\/\" \/>\n<meta property=\"og:site_name\" content=\"Tibladin\" \/>\n<meta property=\"article:modified_time\" content=\"2026-04-14T12:20:44+00:00\" \/>\n<meta property=\"og:image\" content=\"https:\/\/tibladin.dk\/wp-content\/uploads\/2023\/12\/Marokkansk-tagine-i-lertoej-uglaseret_LS2.jpg\" \/>\n\t<meta property=\"og:image:width\" content=\"800\" \/>\n\t<meta property=\"og:image:height\" content=\"800\" \/>\n\t<meta property=\"og:image:type\" content=\"image\/jpeg\" \/>\n<meta name=\"twitter:card\" content=\"summary_large_image\" \/>\n<meta name=\"twitter:label1\" content=\"Dur\u00e9e de lecture estim\u00e9e\" \/>\n\t<meta name=\"twitter:data1\" content=\"2 minutes\" \/>\n<script type=\"application\/ld+json\" class=\"yoast-schema-graph\">{\"@context\":\"https:\\\/\\\/schema.org\",\"@graph\":[{\"@type\":\"WebPage\",\"@id\":\"https:\\\/\\\/tibladin.dk\\\/produkt\\\/tagine-i-uglaseret-lertoej-til-tilberedning\\\/\",\"url\":\"https:\\\/\\\/tibladin.dk\\\/produkt\\\/tagine-i-uglaseret-lertoej-til-tilberedning\\\/\",\"name\":\"Marokkansk tagine fad i hvid | Til 4-6 personer | T\u00e5ler ovn\",\"isPartOf\":{\"@id\":\"https:\\\/\\\/tibladin.dk\\\/#website\"},\"primaryImageOfPage\":{\"@id\":\"https:\\\/\\\/tibladin.dk\\\/produkt\\\/tagine-i-uglaseret-lertoej-til-tilberedning\\\/#primaryimage\"},\"image\":{\"@id\":\"https:\\\/\\\/tibladin.dk\\\/produkt\\\/tagine-i-uglaseret-lertoej-til-tilberedning\\\/#primaryimage\"},\"thumbnailUrl\":\"https:\\\/\\\/tibladin.dk\\\/wp-content\\\/uploads\\\/2023\\\/12\\\/Marokkansk-tagine-i-lertoej-uglaseret_LS2.jpg\",\"datePublished\":\"2025-11-20T11:16:29+00:00\",\"dateModified\":\"2026-04-14T12:20:44+00:00\",\"description\":\"Lav l\u00e6kre simreretter i denne flotte rustikke tagine. Du kan tilberede direkte i den i ovnen, p\u00e5 gasblus eller p\u00e5 keramisk komfur. Bevarer al den gode smag.\",\"breadcrumb\":{\"@id\":\"https:\\\/\\\/tibladin.dk\\\/produkt\\\/tagine-i-uglaseret-lertoej-til-tilberedning\\\/#breadcrumb\"},\"inLanguage\":\"fr-FR\",\"potentialAction\":[{\"@type\":\"ReadAction\",\"target\":[\"https:\\\/\\\/tibladin.dk\\\/produkt\\\/tagine-i-uglaseret-lertoej-til-tilberedning\\\/\"]}]},{\"@type\":\"ImageObject\",\"inLanguage\":\"fr-FR\",\"@id\":\"https:\\\/\\\/tibladin.dk\\\/produkt\\\/tagine-i-uglaseret-lertoej-til-tilberedning\\\/#primaryimage\",\"url\":\"https:\\\/\\\/tibladin.dk\\\/wp-content\\\/uploads\\\/2023\\\/12\\\/Marokkansk-tagine-i-lertoej-uglaseret_LS2.jpg\",\"contentUrl\":\"https:\\\/\\\/tibladin.dk\\\/wp-content\\\/uploads\\\/2023\\\/12\\\/Marokkansk-tagine-i-lertoej-uglaseret_LS2.jpg\",\"width\":800,\"height\":800,\"caption\":\"Marokkansk tagine i lert\u00f8j-uglaseret\"},{\"@type\":\"BreadcrumbList\",\"@id\":\"https:\\\/\\\/tibladin.dk\\\/produkt\\\/tagine-i-uglaseret-lertoej-til-tilberedning\\\/#breadcrumb\",\"itemListElement\":[{\"@type\":\"ListItem\",\"position\":1,\"name\":\"Hjem\",\"item\":\"https:\\\/\\\/tibladin.dk\\\/\"},{\"@type\":\"ListItem\",\"position\":2,\"name\":\"Shop\",\"item\":\"https:\\\/\\\/tibladin.dk\\\/shop\\\/\"},{\"@type\":\"ListItem\",\"position\":3,\"name\":\"Tagine &#8211; i uglaseret lert\u00f8j til tilberedning\"}]},{\"@type\":\"WebSite\",\"@id\":\"https:\\\/\\\/tibladin.dk\\\/#website\",\"url\":\"https:\\\/\\\/tibladin.dk\\\/\",\"name\":\"Tibladin\",\"description\":\"Tibladin\",\"publisher\":{\"@id\":\"https:\\\/\\\/tibladin.dk\\\/#organization\"},\"potentialAction\":[{\"@type\":\"SearchAction\",\"target\":{\"@type\":\"EntryPoint\",\"urlTemplate\":\"https:\\\/\\\/tibladin.dk\\\/?s={search_term_string}\"},\"query-input\":{\"@type\":\"PropertyValueSpecification\",\"valueRequired\":true,\"valueName\":\"search_term_string\"}}],\"inLanguage\":\"fr-FR\"},{\"@type\":\"Organization\",\"@id\":\"https:\\\/\\\/tibladin.dk\\\/#organization\",\"name\":\"Tibladin\",\"url\":\"https:\\\/\\\/tibladin.dk\\\/\",\"logo\":{\"@type\":\"ImageObject\",\"inLanguage\":\"fr-FR\",\"@id\":\"https:\\\/\\\/tibladin.dk\\\/#\\\/schema\\\/logo\\\/image\\\/\",\"url\":\"https:\\\/\\\/tibladin.dk\\\/wp-content\\\/uploads\\\/2022\\\/09\\\/tibladin_logo.svg\",\"contentUrl\":\"https:\\\/\\\/tibladin.dk\\\/wp-content\\\/uploads\\\/2022\\\/09\\\/tibladin_logo.svg\",\"caption\":\"Tibladin\"},\"image\":{\"@id\":\"https:\\\/\\\/tibladin.dk\\\/#\\\/schema\\\/logo\\\/image\\\/\"}}]}<\/script>\n<!-- \/ Yoast SEO plugin. -->","yoast_head_json":{"title":"Plat \u00e0 tajine marocain en blanc | Pour 4-6 personnes | Passe au four","description":"Pr\u00e9parez de d\u00e9licieux plats mijot\u00e9s dans ce magnifique tajine rustique. Vous pouvez y cuisiner directement au four, sur une plaque \u00e0 gaz ou sur une cuisini\u00e8re vitroc\u00e9ramique. Conserve tout le bon go\u00fbt.","robots":{"index":"index","follow":"follow","max-snippet":"max-snippet:-1","max-image-preview":"max-image-preview:large","max-video-preview":"max-video-preview:-1"},"canonical":"https:\/\/tibladin.dk\/fr\/produit-4\/tajine-en-faience-non-emaillee-pour-la-cuisson\/","og_locale":"fr_FR","og_type":"article","og_title":"Marokkansk tagine fad i hvid | Til 4-6 personer | T\u00e5ler ovn","og_description":"Lav l\u00e6kre simreretter i denne flotte rustikke tagine. Du kan tilberede direkte i den i ovnen, p\u00e5 gasblus eller p\u00e5 keramisk komfur. Bevarer al den gode smag.","og_url":"https:\/\/tibladin.dk\/fr\/produit-4\/tajine-en-faience-non-emaillee-pour-la-cuisson\/","og_site_name":"Tibladin","article_modified_time":"2026-04-14T12:20:44+00:00","og_image":[{"width":800,"height":800,"url":"https:\/\/tibladin.dk\/wp-content\/uploads\/2023\/12\/Marokkansk-tagine-i-lertoej-uglaseret_LS2.jpg","type":"image\/jpeg"}],"twitter_card":"summary_large_image","twitter_misc":{"Dur\u00e9e de lecture estim\u00e9e":"2 minutes"},"schema":{"@context":"https:\/\/schema.org","@graph":[{"@type":"WebPage","@id":"https:\/\/tibladin.dk\/produkt\/tagine-i-uglaseret-lertoej-til-tilberedning\/","url":"https:\/\/tibladin.dk\/produkt\/tagine-i-uglaseret-lertoej-til-tilberedning\/","name":"Plat \u00e0 tajine marocain en blanc | Pour 4-6 personnes | Passe au four","isPartOf":{"@id":"https:\/\/tibladin.dk\/#website"},"primaryImageOfPage":{"@id":"https:\/\/tibladin.dk\/produkt\/tagine-i-uglaseret-lertoej-til-tilberedning\/#primaryimage"},"image":{"@id":"https:\/\/tibladin.dk\/produkt\/tagine-i-uglaseret-lertoej-til-tilberedning\/#primaryimage"},"thumbnailUrl":"https:\/\/tibladin.dk\/wp-content\/uploads\/2023\/12\/Marokkansk-tagine-i-lertoej-uglaseret_LS2.jpg","datePublished":"2025-11-20T11:16:29+00:00","dateModified":"2026-04-14T12:20:44+00:00","description":"Pr\u00e9parez de d\u00e9licieux plats mijot\u00e9s dans ce magnifique tajine rustique. Vous pouvez y cuisiner directement au four, sur une plaque \u00e0 gaz ou sur une cuisini\u00e8re vitroc\u00e9ramique. Conserve tout le bon go\u00fbt.","breadcrumb":{"@id":"https:\/\/tibladin.dk\/produkt\/tagine-i-uglaseret-lertoej-til-tilberedning\/#breadcrumb"},"inLanguage":"fr-FR","potentialAction":[{"@type":"ReadAction","target":["https:\/\/tibladin.dk\/produkt\/tagine-i-uglaseret-lertoej-til-tilberedning\/"]}]},{"@type":"ImageObject","inLanguage":"fr-FR","@id":"https:\/\/tibladin.dk\/produkt\/tagine-i-uglaseret-lertoej-til-tilberedning\/#primaryimage","url":"https:\/\/tibladin.dk\/wp-content\/uploads\/2023\/12\/Marokkansk-tagine-i-lertoej-uglaseret_LS2.jpg","contentUrl":"https:\/\/tibladin.dk\/wp-content\/uploads\/2023\/12\/Marokkansk-tagine-i-lertoej-uglaseret_LS2.jpg","width":800,"height":800,"caption":"Marokkansk tagine i lert\u00f8j-uglaseret"},{"@type":"BreadcrumbList","@id":"https:\/\/tibladin.dk\/produkt\/tagine-i-uglaseret-lertoej-til-tilberedning\/#breadcrumb","itemListElement":[{"@type":"ListItem","position":1,"name":"Hjem","item":"https:\/\/tibladin.dk\/"},{"@type":"ListItem","position":2,"name":"Shop","item":"https:\/\/tibladin.dk\/shop\/"},{"@type":"ListItem","position":3,"name":"Tagine &#8211; i uglaseret lert\u00f8j til tilberedning"}]},{"@type":"WebSite","@id":"https:\/\/tibladin.dk\/#website","url":"https:\/\/tibladin.dk\/","name":"Tibladin","description":"Tibladin","publisher":{"@id":"https:\/\/tibladin.dk\/#organization"},"potentialAction":[{"@type":"SearchAction","target":{"@type":"EntryPoint","urlTemplate":"https:\/\/tibladin.dk\/?s={search_term_string}"},"query-input":{"@type":"PropertyValueSpecification","valueRequired":true,"valueName":"search_term_string"}}],"inLanguage":"fr-FR"},{"@type":"Organization","@id":"https:\/\/tibladin.dk\/#organization","name":"Tibladin","url":"https:\/\/tibladin.dk\/","logo":{"@type":"ImageObject","inLanguage":"fr-FR","@id":"https:\/\/tibladin.dk\/#\/schema\/logo\/image\/","url":"https:\/\/tibladin.dk\/wp-content\/uploads\/2022\/09\/tibladin_logo.svg","contentUrl":"https:\/\/tibladin.dk\/wp-content\/uploads\/2022\/09\/tibladin_logo.svg","caption":"Tibladin"},"image":{"@id":"https:\/\/tibladin.dk\/#\/schema\/logo\/image\/"}}]}},"_links":{"self":[{"href":"https:\/\/tibladin.dk\/fr\/wp-json\/wp\/v2\/product\/10686","targetHints":{"allow":["GET"]}}],"collection":[{"href":"https:\/\/tibladin.dk\/fr\/wp-json\/wp\/v2\/product"}],"about":[{"href":"https:\/\/tibladin.dk\/fr\/wp-json\/wp\/v2\/types\/product"}],"wp:featuredmedia":[{"embeddable":true,"href":"https:\/\/tibladin.dk\/fr\/wp-json\/wp\/v2\/media\/10694"}],"wp:attachment":[{"href":"https:\/\/tibladin.dk\/fr\/wp-json\/wp\/v2\/media?parent=10686"}],"wp:term":[{"taxonomy":"product_brand","embeddable":true,"href":"https:\/\/tibladin.dk\/fr\/wp-json\/wp\/v2\/product_brand?post=10686"},{"taxonomy":"product_cat","embeddable":true,"href":"https:\/\/tibladin.dk\/fr\/wp-json\/wp\/v2\/product_cat?post=10686"},{"taxonomy":"product_tag","embeddable":true,"href":"https:\/\/tibladin.dk\/fr\/wp-json\/wp\/v2\/product_tag?post=10686"}],"curies":[{"name":"wp","href":"https:\/\/api.w.org\/{rel}","templated":true}]}}