{"id":11405,"date":"2024-02-29T15:44:42","date_gmt":"2024-02-29T14:44:42","guid":{"rendered":"https:\/\/tibladin.dk\/?post_type=product&#038;p=11405"},"modified":"2025-05-12T08:24:54","modified_gmt":"2025-05-12T06:24:54","slug":"tapis-marocain-chaoui-kilim-160x210","status":"publish","type":"product","link":"https:\/\/tibladin.dk\/fr\/produkt\/marokkansk-taeppe-chaoui-kelim-160x210\/","title":{"rendered":"Tapis marocain \u2013 CHAOUI kilim 160\u00d7210"},"content":{"rendered":"<div class=\"wpb-content-wrapper\"><div class=\"vc_row wpb_row vc_row-fluid\"><div class=\"wpb_column vc_column_container vc_col-sm-4\"><div class=\"vc_column-inner\"><div class=\"wpb_wrapper\"><\/div><\/div><\/div><div class=\"wpb_column vc_column_container vc_col-sm-4\"><div class=\"vc_column-inner\"><div class=\"wpb_wrapper\"><h3 style=\"text-align: left\" class=\"vc_custom_heading vc_do_custom_heading\" >Entretien<\/h3>\n\t<div class=\"wpb_text_column wpb_content_element\" >\n\t\t<div class=\"wpb_wrapper\">\n\t\t\t<p>Passez r\u00e9guli\u00e8rement l&#039;aspirateur sur le tapis, sortez-le et secouez-le de temps en temps. Les taches sont \u00e9limin\u00e9es en absorbant la tache le plus rapidement possible avec un chiffon puis en tamponnant la tache avec un chiffon humide. Le tapis est en pure laine 100% % et est naturellement recouvert de lanoline sur chaque fibre, ce qui signifie que les taches ne p\u00e9n\u00e8trent pas dans le tapis. Il peut \u00e9galement \u00eatre nettoy\u00e9 \u00e0 sec dans un pressing. Si nous avons la chance d&#039;avoir de la neige un hiver au Danemark, \u00e9tendons enfin notre couverture dans la neige blanche. Cela nettoiera le tapis en profondeur \u2013 de mani\u00e8re totalement naturelle.<\/p>\n\n\t\t<\/div>\n\t<\/div>\n<\/div><\/div><\/div><div class=\"wpb_column vc_column_container vc_col-sm-4\"><div class=\"vc_column-inner\"><div class=\"wpb_wrapper\"><h3 style=\"text-align: left\" class=\"vc_custom_heading vc_do_custom_heading\" >L&#039;histoire derri\u00e8re<\/h3>\n\t<div class=\"wpb_text_column wpb_content_element\" >\n\t\t<div class=\"wpb_wrapper\">\n\t\t\t<p>Les tapis d\u00e9corent, apportent confort et chaleur et absorbent \u00e9galement le bruit.<\/p>\n<p>Ces tapis sont tiss\u00e9s \u00e0 la main par des femmes berb\u00e8res de Zemmour dans les montagnes de l&#039;Atlas et ont un look tr\u00e8s nordique avec leurs couleurs noir et blanc.<\/p>\n<p>Les tapis sont fabriqu\u00e9s \u00e0 partir de laine durable provenant de moutons des montagnes de l&#039;Atlas et sont totalement exempts de produits chimiques.<\/p>\n\n\t\t<\/div>\n\t<\/div>\n<\/div><\/div><\/div><\/div>\n<\/div>","protected":false},"excerpt":{"rendered":"<p>Tapis kilim en laine CHAOUI ultra rare aux motifs color\u00e9s brod\u00e9s \u00e0 la main. Il n&#039;y a que ce tapis et les tapis de CHAOUI sont des tapis tr\u00e8s rares et fins. Le travail manuel raffin\u00e9 est une v\u00e9ritable \u0153uvre d&#039;art, qui donne vraiment du caract\u00e8re et conf\u00e8re une grande qualit\u00e9 \u00e0 l&#039;int\u00e9rieur.<\/p>\n<p>Une base de laine l\u00e9g\u00e8re tiss\u00e9e \u00e0 plat de haute qualit\u00e9. Motifs brod\u00e9s \u00e0 la main en orange, rouge fonc\u00e9, noir et blanc.<\/p>\n<p>Mesures : largeur 160 cm Longueur 210 cm.<\/p>\n<p>Beau tapis qui s&#039;adapte \u00e0 la plupart des salons et des pi\u00e8ces. Une bonne taille r\u00e9guli\u00e8re. Pour ceux d&#039;entre vous qui recherchent un tapis en laine tiss\u00e9 \u00e0 plat de qualit\u00e9 qui donne beaucoup d&#039;ambiance et de confort, mais qui ne soit pas trop dominant en m\u00eame temps et qui s&#039;int\u00e8gre tr\u00e8s bien dans la d\u00e9coration scandinave.<\/p>\n<p>Doit \u00eatre nettoy\u00e9 \u00e0 sec \u00e0 la laverie automatique ou nettoy\u00e9 dans la neige. La laine \u00e9vite les taches afin qu&#039;elles ne p\u00e9n\u00e8trent pas dans le tapis.<\/p>","protected":false},"featured_media":11406,"template":"","meta":{"inline_featured_image":false},"product_brand":[],"product_cat":[59,61],"product_tag":[],"class_list":{"0":"post-11405","1":"product","2":"type-product","3":"status-publish","4":"has-post-thumbnail","6":"product_cat-marokkanske-taepper","7":"product_cat-uldtaepper-kelim","9":"first","10":"instock","11":"taxable","12":"shipping-taxable","13":"purchasable","14":"product-type-simple"},"exclude_global_add_ons":[],"addons":[],"yoast_head":"<!-- This site is optimized with the Yoast SEO plugin v27.5 - https:\/\/yoast.com\/product\/yoast-seo-wordpress\/ -->\n<title>Marokkansk t\u00e6ppe - CHAOUI kelim 160x210- Tibladin<\/title>\n<meta name=\"description\" content=\"Ultra sj\u00e6ldent Marrokansk uld kelim t\u00e6ppe Chaoui. H\u00e5ndv\u00e6vet af berberkvinder med smukke h\u00e5ndbroderede m\u00f8nstrer. et utroligt om imponerende h\u00e5ndarbejde.\" \/>\n<meta name=\"robots\" content=\"index, follow, max-snippet:-1, max-image-preview:large, max-video-preview:-1\" \/>\n<link rel=\"canonical\" href=\"https:\/\/tibladin.dk\/fr\/produit-4\/tapis-marocain-chaoui-kilim-160x210\/\" \/>\n<meta property=\"og:locale\" content=\"fr_FR\" \/>\n<meta property=\"og:type\" content=\"article\" \/>\n<meta property=\"og:title\" content=\"Marokkansk t\u00e6ppe - CHAOUI kelim 160x210- Tibladin\" \/>\n<meta property=\"og:description\" content=\"Ultra sj\u00e6ldent Marrokansk uld kelim t\u00e6ppe Chaoui. H\u00e5ndv\u00e6vet af berberkvinder med smukke h\u00e5ndbroderede m\u00f8nstrer. et utroligt om imponerende h\u00e5ndarbejde.\" \/>\n<meta property=\"og:url\" content=\"https:\/\/tibladin.dk\/fr\/produit-4\/tapis-marocain-chaoui-kilim-160x210\/\" \/>\n<meta property=\"og:site_name\" content=\"Tibladin\" \/>\n<meta property=\"article:modified_time\" content=\"2025-05-12T06:24:54+00:00\" \/>\n<meta property=\"og:image\" content=\"https:\/\/tibladin.dk\/wp-content\/uploads\/2024\/02\/Tibladin-marokkansk-kelim-taeppe-Chaoui_160x210_2.jpg\" \/>\n\t<meta property=\"og:image:width\" content=\"800\" \/>\n\t<meta property=\"og:image:height\" content=\"800\" \/>\n\t<meta property=\"og:image:type\" content=\"image\/jpeg\" \/>\n<meta name=\"twitter:card\" content=\"summary_large_image\" \/>\n<meta name=\"twitter:label1\" content=\"Dur\u00e9e de lecture estim\u00e9e\" \/>\n\t<meta name=\"twitter:data1\" content=\"2 minutes\" \/>\n<script type=\"application\/ld+json\" class=\"yoast-schema-graph\">{\"@context\":\"https:\\\/\\\/schema.org\",\"@graph\":[{\"@type\":\"WebPage\",\"@id\":\"https:\\\/\\\/tibladin.dk\\\/produkt\\\/marokkansk-taeppe-chaoui-kelim-160x210\\\/\",\"url\":\"https:\\\/\\\/tibladin.dk\\\/produkt\\\/marokkansk-taeppe-chaoui-kelim-160x210\\\/\",\"name\":\"Marokkansk t\u00e6ppe - CHAOUI kelim 160x210- Tibladin\",\"isPartOf\":{\"@id\":\"https:\\\/\\\/tibladin.dk\\\/#website\"},\"primaryImageOfPage\":{\"@id\":\"https:\\\/\\\/tibladin.dk\\\/produkt\\\/marokkansk-taeppe-chaoui-kelim-160x210\\\/#primaryimage\"},\"image\":{\"@id\":\"https:\\\/\\\/tibladin.dk\\\/produkt\\\/marokkansk-taeppe-chaoui-kelim-160x210\\\/#primaryimage\"},\"thumbnailUrl\":\"https:\\\/\\\/tibladin.dk\\\/wp-content\\\/uploads\\\/2024\\\/02\\\/Tibladin-marokkansk-kelim-taeppe-Chaoui_160x210_2.jpg\",\"datePublished\":\"2024-02-29T14:44:42+00:00\",\"dateModified\":\"2025-05-12T06:24:54+00:00\",\"description\":\"Ultra sj\u00e6ldent Marrokansk uld kelim t\u00e6ppe Chaoui. H\u00e5ndv\u00e6vet af berberkvinder med smukke h\u00e5ndbroderede m\u00f8nstrer. et utroligt om imponerende h\u00e5ndarbejde.\",\"breadcrumb\":{\"@id\":\"https:\\\/\\\/tibladin.dk\\\/produkt\\\/marokkansk-taeppe-chaoui-kelim-160x210\\\/#breadcrumb\"},\"inLanguage\":\"fr-FR\",\"potentialAction\":[{\"@type\":\"ReadAction\",\"target\":[\"https:\\\/\\\/tibladin.dk\\\/produkt\\\/marokkansk-taeppe-chaoui-kelim-160x210\\\/\"]}]},{\"@type\":\"ImageObject\",\"inLanguage\":\"fr-FR\",\"@id\":\"https:\\\/\\\/tibladin.dk\\\/produkt\\\/marokkansk-taeppe-chaoui-kelim-160x210\\\/#primaryimage\",\"url\":\"https:\\\/\\\/tibladin.dk\\\/wp-content\\\/uploads\\\/2024\\\/02\\\/Tibladin-marokkansk-kelim-taeppe-Chaoui_160x210_2.jpg\",\"contentUrl\":\"https:\\\/\\\/tibladin.dk\\\/wp-content\\\/uploads\\\/2024\\\/02\\\/Tibladin-marokkansk-kelim-taeppe-Chaoui_160x210_2.jpg\",\"width\":800,\"height\":800,\"caption\":\"Tibladin marokkansk kelim t\u00e6ppe Chaoui_160x210\"},{\"@type\":\"BreadcrumbList\",\"@id\":\"https:\\\/\\\/tibladin.dk\\\/produkt\\\/marokkansk-taeppe-chaoui-kelim-160x210\\\/#breadcrumb\",\"itemListElement\":[{\"@type\":\"ListItem\",\"position\":1,\"name\":\"Hjem\",\"item\":\"https:\\\/\\\/tibladin.dk\\\/\"},{\"@type\":\"ListItem\",\"position\":2,\"name\":\"Shop\",\"item\":\"https:\\\/\\\/tibladin.dk\\\/shop\\\/\"},{\"@type\":\"ListItem\",\"position\":3,\"name\":\"Marokkansk t\u00e6ppe &#8211; CHAOUI kelim 160&#215;210\"}]},{\"@type\":\"WebSite\",\"@id\":\"https:\\\/\\\/tibladin.dk\\\/#website\",\"url\":\"https:\\\/\\\/tibladin.dk\\\/\",\"name\":\"Tibladin\",\"description\":\"Tibladin\",\"publisher\":{\"@id\":\"https:\\\/\\\/tibladin.dk\\\/#organization\"},\"potentialAction\":[{\"@type\":\"SearchAction\",\"target\":{\"@type\":\"EntryPoint\",\"urlTemplate\":\"https:\\\/\\\/tibladin.dk\\\/?s={search_term_string}\"},\"query-input\":{\"@type\":\"PropertyValueSpecification\",\"valueRequired\":true,\"valueName\":\"search_term_string\"}}],\"inLanguage\":\"fr-FR\"},{\"@type\":\"Organization\",\"@id\":\"https:\\\/\\\/tibladin.dk\\\/#organization\",\"name\":\"Tibladin\",\"url\":\"https:\\\/\\\/tibladin.dk\\\/\",\"logo\":{\"@type\":\"ImageObject\",\"inLanguage\":\"fr-FR\",\"@id\":\"https:\\\/\\\/tibladin.dk\\\/#\\\/schema\\\/logo\\\/image\\\/\",\"url\":\"https:\\\/\\\/tibladin.dk\\\/wp-content\\\/uploads\\\/2022\\\/09\\\/tibladin_logo.svg\",\"contentUrl\":\"https:\\\/\\\/tibladin.dk\\\/wp-content\\\/uploads\\\/2022\\\/09\\\/tibladin_logo.svg\",\"caption\":\"Tibladin\"},\"image\":{\"@id\":\"https:\\\/\\\/tibladin.dk\\\/#\\\/schema\\\/logo\\\/image\\\/\"}}]}<\/script>\n<!-- \/ Yoast SEO plugin. -->","yoast_head_json":{"title":"Tapis marocain - CHAOUI kilim 160x210- Tibladin","description":"Tapis kilim marocain en laine ultra rare Chaoui. Tiss\u00e9 \u00e0 la main par des femmes berb\u00e8res avec de magnifiques motifs brod\u00e9s \u00e0 la main. un travail incroyable mais impressionnant.","robots":{"index":"index","follow":"follow","max-snippet":"max-snippet:-1","max-image-preview":"max-image-preview:large","max-video-preview":"max-video-preview:-1"},"canonical":"https:\/\/tibladin.dk\/fr\/produit-4\/tapis-marocain-chaoui-kilim-160x210\/","og_locale":"fr_FR","og_type":"article","og_title":"Marokkansk t\u00e6ppe - CHAOUI kelim 160x210- Tibladin","og_description":"Ultra sj\u00e6ldent Marrokansk uld kelim t\u00e6ppe Chaoui. H\u00e5ndv\u00e6vet af berberkvinder med smukke h\u00e5ndbroderede m\u00f8nstrer. et utroligt om imponerende h\u00e5ndarbejde.","og_url":"https:\/\/tibladin.dk\/fr\/produit-4\/tapis-marocain-chaoui-kilim-160x210\/","og_site_name":"Tibladin","article_modified_time":"2025-05-12T06:24:54+00:00","og_image":[{"width":800,"height":800,"url":"https:\/\/tibladin.dk\/wp-content\/uploads\/2024\/02\/Tibladin-marokkansk-kelim-taeppe-Chaoui_160x210_2.jpg","type":"image\/jpeg"}],"twitter_card":"summary_large_image","twitter_misc":{"Dur\u00e9e de lecture estim\u00e9e":"2 minutes"},"schema":{"@context":"https:\/\/schema.org","@graph":[{"@type":"WebPage","@id":"https:\/\/tibladin.dk\/produkt\/marokkansk-taeppe-chaoui-kelim-160x210\/","url":"https:\/\/tibladin.dk\/produkt\/marokkansk-taeppe-chaoui-kelim-160x210\/","name":"Tapis marocain - CHAOUI kilim 160x210- Tibladin","isPartOf":{"@id":"https:\/\/tibladin.dk\/#website"},"primaryImageOfPage":{"@id":"https:\/\/tibladin.dk\/produkt\/marokkansk-taeppe-chaoui-kelim-160x210\/#primaryimage"},"image":{"@id":"https:\/\/tibladin.dk\/produkt\/marokkansk-taeppe-chaoui-kelim-160x210\/#primaryimage"},"thumbnailUrl":"https:\/\/tibladin.dk\/wp-content\/uploads\/2024\/02\/Tibladin-marokkansk-kelim-taeppe-Chaoui_160x210_2.jpg","datePublished":"2024-02-29T14:44:42+00:00","dateModified":"2025-05-12T06:24:54+00:00","description":"Tapis kilim marocain en laine ultra rare Chaoui. Tiss\u00e9 \u00e0 la main par des femmes berb\u00e8res avec de magnifiques motifs brod\u00e9s \u00e0 la main. un travail incroyable mais impressionnant.","breadcrumb":{"@id":"https:\/\/tibladin.dk\/produkt\/marokkansk-taeppe-chaoui-kelim-160x210\/#breadcrumb"},"inLanguage":"fr-FR","potentialAction":[{"@type":"ReadAction","target":["https:\/\/tibladin.dk\/produkt\/marokkansk-taeppe-chaoui-kelim-160x210\/"]}]},{"@type":"ImageObject","inLanguage":"fr-FR","@id":"https:\/\/tibladin.dk\/produkt\/marokkansk-taeppe-chaoui-kelim-160x210\/#primaryimage","url":"https:\/\/tibladin.dk\/wp-content\/uploads\/2024\/02\/Tibladin-marokkansk-kelim-taeppe-Chaoui_160x210_2.jpg","contentUrl":"https:\/\/tibladin.dk\/wp-content\/uploads\/2024\/02\/Tibladin-marokkansk-kelim-taeppe-Chaoui_160x210_2.jpg","width":800,"height":800,"caption":"Tibladin marokkansk kelim t\u00e6ppe Chaoui_160x210"},{"@type":"BreadcrumbList","@id":"https:\/\/tibladin.dk\/produkt\/marokkansk-taeppe-chaoui-kelim-160x210\/#breadcrumb","itemListElement":[{"@type":"ListItem","position":1,"name":"Hjem","item":"https:\/\/tibladin.dk\/"},{"@type":"ListItem","position":2,"name":"Shop","item":"https:\/\/tibladin.dk\/shop\/"},{"@type":"ListItem","position":3,"name":"Marokkansk t\u00e6ppe &#8211; CHAOUI kelim 160&#215;210"}]},{"@type":"WebSite","@id":"https:\/\/tibladin.dk\/#website","url":"https:\/\/tibladin.dk\/","name":"Tibladin","description":"Tibladin","publisher":{"@id":"https:\/\/tibladin.dk\/#organization"},"potentialAction":[{"@type":"SearchAction","target":{"@type":"EntryPoint","urlTemplate":"https:\/\/tibladin.dk\/?s={search_term_string}"},"query-input":{"@type":"PropertyValueSpecification","valueRequired":true,"valueName":"search_term_string"}}],"inLanguage":"fr-FR"},{"@type":"Organization","@id":"https:\/\/tibladin.dk\/#organization","name":"Tibladin","url":"https:\/\/tibladin.dk\/","logo":{"@type":"ImageObject","inLanguage":"fr-FR","@id":"https:\/\/tibladin.dk\/#\/schema\/logo\/image\/","url":"https:\/\/tibladin.dk\/wp-content\/uploads\/2022\/09\/tibladin_logo.svg","contentUrl":"https:\/\/tibladin.dk\/wp-content\/uploads\/2022\/09\/tibladin_logo.svg","caption":"Tibladin"},"image":{"@id":"https:\/\/tibladin.dk\/#\/schema\/logo\/image\/"}}]}},"_links":{"self":[{"href":"https:\/\/tibladin.dk\/fr\/wp-json\/wp\/v2\/product\/11405","targetHints":{"allow":["GET"]}}],"collection":[{"href":"https:\/\/tibladin.dk\/fr\/wp-json\/wp\/v2\/product"}],"about":[{"href":"https:\/\/tibladin.dk\/fr\/wp-json\/wp\/v2\/types\/product"}],"wp:featuredmedia":[{"embeddable":true,"href":"https:\/\/tibladin.dk\/fr\/wp-json\/wp\/v2\/media\/11406"}],"wp:attachment":[{"href":"https:\/\/tibladin.dk\/fr\/wp-json\/wp\/v2\/media?parent=11405"}],"wp:term":[{"taxonomy":"product_brand","embeddable":true,"href":"https:\/\/tibladin.dk\/fr\/wp-json\/wp\/v2\/product_brand?post=11405"},{"taxonomy":"product_cat","embeddable":true,"href":"https:\/\/tibladin.dk\/fr\/wp-json\/wp\/v2\/product_cat?post=11405"},{"taxonomy":"product_tag","embeddable":true,"href":"https:\/\/tibladin.dk\/fr\/wp-json\/wp\/v2\/product_tag?post=11405"}],"curies":[{"name":"wp","href":"https:\/\/api.w.org\/{rel}","templated":true}]}}