{"id":1149,"date":"2022-09-20T11:07:10","date_gmt":"2022-09-20T09:07:10","guid":{"rendered":"https:\/\/tibladin.dk\/vare\/fjer-vaegdekoration-juju-hat-hvid-med-brun-midte\/"},"modified":"2024-12-09T14:46:58","modified_gmt":"2024-12-09T13:46:58","slug":"decoration-murale-plume-juju-hat-blanc-avec-centre-marron","status":"publish","type":"product","link":"https:\/\/tibladin.dk\/fr\/produkt\/fjer-vaegdekoration-juju-hat-hvid-med-brun-midte\/","title":{"rendered":"D\u00e9coration murale en plumes juju hat - blanc avec centre marron"},"content":{"rendered":"<div class=\"wpb-content-wrapper\"><div class=\"vc_row wpb_row vc_row-fluid\"><div class=\"wpb_column vc_column_container vc_col-sm-4\"><div class=\"vc_column-inner\"><div class=\"wpb_wrapper\">\n\t<div class=\"wpb_video_widget wpb_content_element vc_clearfix   vc_video-aspect-ratio-43 vc_video-el-width-100 vc_video-align-left\" >\n\t\t<div class=\"wpb_wrapper\">\n\t\t\t\n\t\t\t<div class=\"wpb_video_wrapper\"><div class=\"video-container\"><iframe loading=\"lazy\" title=\"Chapeaux Tibladin_Juju\" src=\"https:\/\/player.vimeo.com\/video\/416817931?dnt=1&amp;app_id=122963\" width=\"310\" height=\"310\" frameborder=\"0\" allow=\"autoplay; fullscreen; picture-in-picture\"><\/iframe><\/div><\/div>\n\t\t<\/div>\n\t<\/div>\n<\/div><\/div><\/div><div class=\"wpb_column vc_column_container vc_col-sm-4\"><div class=\"vc_column-inner\"><div class=\"wpb_wrapper\"><h3 style=\"text-align: left\" class=\"vc_custom_heading vc_do_custom_heading\" >Entretien<\/h3>\n\t<div class=\"wpb_text_column wpb_content_element\" >\n\t\t<div class=\"wpb_wrapper\">\n\t\t\t<p class=\"p1\">Vous recevez votre Juju hat dans un joli sac en tissu Tibladin r\u00e9utilisable. Apr\u00e8s avoir d\u00e9pli\u00e9 le chapeau, vous pouvez brosser doucement les plumes avec une brosse douce. \u00c9tant donn\u00e9 que les chapeaux Juju sont fabriqu\u00e9s \u00e0 partir de mat\u00e9riaux naturels - plumes et liber - ils peuvent attirer les mites. Le chapeau est donc livr\u00e9 avec un petit sac en tissu Tibladin rempli de lavande s\u00e9ch\u00e9e parfum\u00e9e et une boule en bois de c\u00e8dre pur, que vous pourrez accrocher au dos de votre d\u00e9coration. Le sac en tissu et son contenu sont fabriqu\u00e9s \u00e0 partir de mat\u00e9riaux biologiques et durables. Si la boule de c\u00e8dre perd son parfum avec le temps, poncez-la simplement avec un peu de papier de verre et le parfum reviendra. Tibladin vous recommande \u00e9galement de vaporiser votre Juju hat avec un spray anti-insectes tous les deux mois.<\/p>\n\n\t\t<\/div>\n\t<\/div>\n<\/div><\/div><\/div><div class=\"wpb_column vc_column_container vc_col-sm-4\"><div class=\"vc_column-inner\"><div class=\"wpb_wrapper\"><h3 style=\"text-align: left\" class=\"vc_custom_heading vc_do_custom_heading\" >L&#039;histoire derri\u00e8re<\/h3>\n\t<div class=\"wpb_text_column wpb_content_element\" >\n\t\t<div class=\"wpb_wrapper\">\n\t\t\t<p class=\"p1\">Une d\u00e9coration int\u00e9rieure personnelle, c&#039;est aussi surprendre. Avec ce chapeau Juju d\u00e9coratif, vous pouvez donner une nouvelle vie \u00e0 vos murs. Chaque \u0153uvre d&#039;art est unique et fabriqu\u00e9e \u00e0 la main \u00e0 partir de rotin\/liber tiss\u00e9 avec de vraies plumes de poulet et d&#039;autres plumes d&#039;oiseaux attach\u00e9es individuellement.<\/p>\n<p class=\"p1\">Les chapeaux Juju sont fabriqu\u00e9s au Cameroun en Afrique et sont devenus tr\u00e8s tendance dans le monde de la d\u00e9coration int\u00e9rieure, o\u00f9 les belles d\u00e9corations ornent les murs des h\u00f4tels, restaurants et maisons priv\u00e9es. \u00c0 l\u2019origine, ceux-ci \u00e9taient utilis\u00e9s par la famille royale du Cameroun comme ornements de cheveux lors des c\u00e9r\u00e9monies. Ils repr\u00e9sentent la capacit\u00e9 d&#039;un adepte \u00e0 atteindre le paradis.<\/p>\n<p class=\"p1\">D\u00e9corez vos murs avec un m\u00e9lange de tableaux, de chapeaux Juju et de miroirs et obtenez une expression vivante et personnelle.<\/p>\n<p class=\"p1\">Il est livr\u00e9 pli\u00e9. Lorsque vous le recevez, vous attachez la ficelle et d\u00e9pliez le Juju hat. Placez-le sur un clou au mur.<\/p>\n\n\t\t<\/div>\n\t<\/div>\n<\/div><\/div><\/div><\/div>\n<\/div>","protected":false},"excerpt":{"rendered":"<p class=\"p1\"><span class=\"s1\">Chapeau JuJu - blanc avec un centre avec des plumes parfaitement fines dans un m\u00e9lange de belles nuances brunes. <\/span>40-50 cm.<\/p>\n<p class=\"p2\">Le Juju Hat est une d\u00e9coration murale personnelle et accrocheuse pour votre maison. La d\u00e9coration en plumes est livr\u00e9e pli\u00e9e dans un sac en tissu biologique accompagn\u00e9 d&#039;un petit sac parfum\u00e9 qui peut facilement \u00eatre accroch\u00e9 \u00e0 l&#039;arri\u00e8re du chapeau.<\/p>\n<p class=\"p1\">","protected":false},"featured_media":1147,"template":"","meta":{"inline_featured_image":false},"product_brand":[],"product_cat":[57,56],"product_tag":[],"class_list":{"0":"post-1149","1":"product","2":"type-product","3":"status-publish","4":"has-post-thumbnail","6":"product_cat-fjerdekoration","7":"product_cat-vaegdekoration","9":"first","10":"instock","11":"taxable","12":"shipping-taxable","13":"purchasable","14":"product-type-simple"},"exclude_global_add_ons":false,"addons":[{"name":"Vous souhaitez un emballage cadeau ?","type":"checkbox","position":0,"required":false,"title_format":"label","default":"","description_enable":false,"description":"","placeholder_enable":false,"placeholder":"","display":"images","restrictions_type":"any_text","adjust_price":false,"price":"","price_type":"flat_fee","restrictions":false,"min":"0","max":"0","options":[{"label":"Ja tak","price":"10","price_type":"flat_fee","image":11015,"visibility":true}],"id":1669646111}],"yoast_head":"<!-- This site is optimized with the Yoast SEO plugin v27.4 - https:\/\/yoast.com\/product\/yoast-seo-wordpress\/ -->\n<title>Fjer v\u00e6gdekoration juju hat - hvid med brun midte | Tibladin<\/title>\n<meta name=\"description\" content=\"V\u00e6gdekoration i fjer-juju hat - hvid med beige. H\u00e5ndlavet af lokale h\u00e5ndv\u00e6rkere i Cameroon i Afrika. Giver dine v\u00e6gge liv og personlighed.\" \/>\n<meta name=\"robots\" content=\"index, follow, max-snippet:-1, max-image-preview:large, max-video-preview:-1\" \/>\n<link rel=\"canonical\" href=\"https:\/\/tibladin.dk\/fr\/produit-4\/decoration-murale-plume-juju-hat-blanc-avec-centre-marron\/\" \/>\n<meta property=\"og:locale\" content=\"fr_FR\" \/>\n<meta property=\"og:type\" content=\"article\" \/>\n<meta property=\"og:title\" content=\"Fjer v\u00e6gdekoration juju hat - hvid med brun midte | Tibladin\" \/>\n<meta property=\"og:description\" content=\"V\u00e6gdekoration i fjer-juju hat - hvid med beige. H\u00e5ndlavet af lokale h\u00e5ndv\u00e6rkere i Cameroon i Afrika. Giver dine v\u00e6gge liv og personlighed.\" \/>\n<meta property=\"og:url\" content=\"https:\/\/tibladin.dk\/fr\/produit-4\/decoration-murale-plume-juju-hat-blanc-avec-centre-marron\/\" \/>\n<meta property=\"og:site_name\" content=\"Tibladin\" \/>\n<meta property=\"article:modified_time\" content=\"2024-12-09T13:46:58+00:00\" \/>\n<meta property=\"og:image\" content=\"https:\/\/tibladin.dk\/wp-content\/uploads\/2022\/09\/805000010M_hvidmedbruntmix1-1.jpg\" \/>\n\t<meta property=\"og:image:width\" content=\"800\" \/>\n\t<meta property=\"og:image:height\" content=\"800\" \/>\n\t<meta property=\"og:image:type\" content=\"image\/jpeg\" \/>\n<meta name=\"twitter:card\" content=\"summary_large_image\" \/>\n<meta name=\"twitter:label1\" content=\"Dur\u00e9e de lecture estim\u00e9e\" \/>\n\t<meta name=\"twitter:data1\" content=\"2 minutes\" \/>\n<script type=\"application\/ld+json\" class=\"yoast-schema-graph\">{\"@context\":\"https:\\\/\\\/schema.org\",\"@graph\":[{\"@type\":\"WebPage\",\"@id\":\"https:\\\/\\\/tibladin.dk\\\/produkt\\\/fjer-vaegdekoration-juju-hat-hvid-med-brun-midte\\\/\",\"url\":\"https:\\\/\\\/tibladin.dk\\\/produkt\\\/fjer-vaegdekoration-juju-hat-hvid-med-brun-midte\\\/\",\"name\":\"Fjer v\u00e6gdekoration juju hat - hvid med brun midte | Tibladin\",\"isPartOf\":{\"@id\":\"https:\\\/\\\/tibladin.dk\\\/#website\"},\"primaryImageOfPage\":{\"@id\":\"https:\\\/\\\/tibladin.dk\\\/produkt\\\/fjer-vaegdekoration-juju-hat-hvid-med-brun-midte\\\/#primaryimage\"},\"image\":{\"@id\":\"https:\\\/\\\/tibladin.dk\\\/produkt\\\/fjer-vaegdekoration-juju-hat-hvid-med-brun-midte\\\/#primaryimage\"},\"thumbnailUrl\":\"https:\\\/\\\/tibladin.dk\\\/wp-content\\\/uploads\\\/2022\\\/09\\\/805000010M_hvidmedbruntmix1-1.jpg\",\"datePublished\":\"2022-09-20T09:07:10+00:00\",\"dateModified\":\"2024-12-09T13:46:58+00:00\",\"description\":\"V\u00e6gdekoration i fjer-juju hat - hvid med beige. H\u00e5ndlavet af lokale h\u00e5ndv\u00e6rkere i Cameroon i Afrika. Giver dine v\u00e6gge liv og personlighed.\",\"breadcrumb\":{\"@id\":\"https:\\\/\\\/tibladin.dk\\\/produkt\\\/fjer-vaegdekoration-juju-hat-hvid-med-brun-midte\\\/#breadcrumb\"},\"inLanguage\":\"fr-FR\",\"potentialAction\":[{\"@type\":\"ReadAction\",\"target\":[\"https:\\\/\\\/tibladin.dk\\\/produkt\\\/fjer-vaegdekoration-juju-hat-hvid-med-brun-midte\\\/\"]}]},{\"@type\":\"ImageObject\",\"inLanguage\":\"fr-FR\",\"@id\":\"https:\\\/\\\/tibladin.dk\\\/produkt\\\/fjer-vaegdekoration-juju-hat-hvid-med-brun-midte\\\/#primaryimage\",\"url\":\"https:\\\/\\\/tibladin.dk\\\/wp-content\\\/uploads\\\/2022\\\/09\\\/805000010M_hvidmedbruntmix1-1.jpg\",\"contentUrl\":\"https:\\\/\\\/tibladin.dk\\\/wp-content\\\/uploads\\\/2022\\\/09\\\/805000010M_hvidmedbruntmix1-1.jpg\",\"width\":800,\"height\":800,\"caption\":\"Marokkansk h\u00e5ndlavet jujuhat fjerdekoration i hvid med brune nuancer\"},{\"@type\":\"BreadcrumbList\",\"@id\":\"https:\\\/\\\/tibladin.dk\\\/produkt\\\/fjer-vaegdekoration-juju-hat-hvid-med-brun-midte\\\/#breadcrumb\",\"itemListElement\":[{\"@type\":\"ListItem\",\"position\":1,\"name\":\"Hjem\",\"item\":\"https:\\\/\\\/tibladin.dk\\\/\"},{\"@type\":\"ListItem\",\"position\":2,\"name\":\"Shop\",\"item\":\"https:\\\/\\\/tibladin.dk\\\/shop\\\/\"},{\"@type\":\"ListItem\",\"position\":3,\"name\":\"Fjer v\u00e6gdekoration juju hat &#8211; hvid med brun midte\"}]},{\"@type\":\"WebSite\",\"@id\":\"https:\\\/\\\/tibladin.dk\\\/#website\",\"url\":\"https:\\\/\\\/tibladin.dk\\\/\",\"name\":\"Tibladin\",\"description\":\"Tibladin\",\"publisher\":{\"@id\":\"https:\\\/\\\/tibladin.dk\\\/#organization\"},\"potentialAction\":[{\"@type\":\"SearchAction\",\"target\":{\"@type\":\"EntryPoint\",\"urlTemplate\":\"https:\\\/\\\/tibladin.dk\\\/?s={search_term_string}\"},\"query-input\":{\"@type\":\"PropertyValueSpecification\",\"valueRequired\":true,\"valueName\":\"search_term_string\"}}],\"inLanguage\":\"fr-FR\"},{\"@type\":\"Organization\",\"@id\":\"https:\\\/\\\/tibladin.dk\\\/#organization\",\"name\":\"Tibladin\",\"url\":\"https:\\\/\\\/tibladin.dk\\\/\",\"logo\":{\"@type\":\"ImageObject\",\"inLanguage\":\"fr-FR\",\"@id\":\"https:\\\/\\\/tibladin.dk\\\/#\\\/schema\\\/logo\\\/image\\\/\",\"url\":\"https:\\\/\\\/tibladin.dk\\\/wp-content\\\/uploads\\\/2022\\\/09\\\/tibladin_logo.svg\",\"contentUrl\":\"https:\\\/\\\/tibladin.dk\\\/wp-content\\\/uploads\\\/2022\\\/09\\\/tibladin_logo.svg\",\"caption\":\"Tibladin\"},\"image\":{\"@id\":\"https:\\\/\\\/tibladin.dk\\\/#\\\/schema\\\/logo\\\/image\\\/\"}}]}<\/script>\n<!-- \/ Yoast SEO plugin. -->","yoast_head_json":{"title":"D\u00e9coration murale en plumes Juju Hat - blanc avec centre marron | Tibladine","description":"D\u00e9coration murale en plume juju hat - blanc avec beige. Fabriqu\u00e9 \u00e0 la main par des artisans locaux au Cameroun, en Afrique. Donne vie et personnalit\u00e9 \u00e0 vos murs.","robots":{"index":"index","follow":"follow","max-snippet":"max-snippet:-1","max-image-preview":"max-image-preview:large","max-video-preview":"max-video-preview:-1"},"canonical":"https:\/\/tibladin.dk\/fr\/produit-4\/decoration-murale-plume-juju-hat-blanc-avec-centre-marron\/","og_locale":"fr_FR","og_type":"article","og_title":"Fjer v\u00e6gdekoration juju hat - hvid med brun midte | Tibladin","og_description":"V\u00e6gdekoration i fjer-juju hat - hvid med beige. H\u00e5ndlavet af lokale h\u00e5ndv\u00e6rkere i Cameroon i Afrika. Giver dine v\u00e6gge liv og personlighed.","og_url":"https:\/\/tibladin.dk\/fr\/produit-4\/decoration-murale-plume-juju-hat-blanc-avec-centre-marron\/","og_site_name":"Tibladin","article_modified_time":"2024-12-09T13:46:58+00:00","og_image":[{"width":800,"height":800,"url":"https:\/\/tibladin.dk\/wp-content\/uploads\/2022\/09\/805000010M_hvidmedbruntmix1-1.jpg","type":"image\/jpeg"}],"twitter_card":"summary_large_image","twitter_misc":{"Dur\u00e9e de lecture estim\u00e9e":"2 minutes"},"schema":{"@context":"https:\/\/schema.org","@graph":[{"@type":"WebPage","@id":"https:\/\/tibladin.dk\/produkt\/fjer-vaegdekoration-juju-hat-hvid-med-brun-midte\/","url":"https:\/\/tibladin.dk\/produkt\/fjer-vaegdekoration-juju-hat-hvid-med-brun-midte\/","name":"D\u00e9coration murale en plumes Juju Hat - blanc avec centre marron | Tibladine","isPartOf":{"@id":"https:\/\/tibladin.dk\/#website"},"primaryImageOfPage":{"@id":"https:\/\/tibladin.dk\/produkt\/fjer-vaegdekoration-juju-hat-hvid-med-brun-midte\/#primaryimage"},"image":{"@id":"https:\/\/tibladin.dk\/produkt\/fjer-vaegdekoration-juju-hat-hvid-med-brun-midte\/#primaryimage"},"thumbnailUrl":"https:\/\/tibladin.dk\/wp-content\/uploads\/2022\/09\/805000010M_hvidmedbruntmix1-1.jpg","datePublished":"2022-09-20T09:07:10+00:00","dateModified":"2024-12-09T13:46:58+00:00","description":"D\u00e9coration murale en plume juju hat - blanc avec beige. Fabriqu\u00e9 \u00e0 la main par des artisans locaux au Cameroun, en Afrique. Donne vie et personnalit\u00e9 \u00e0 vos murs.","breadcrumb":{"@id":"https:\/\/tibladin.dk\/produkt\/fjer-vaegdekoration-juju-hat-hvid-med-brun-midte\/#breadcrumb"},"inLanguage":"fr-FR","potentialAction":[{"@type":"ReadAction","target":["https:\/\/tibladin.dk\/produkt\/fjer-vaegdekoration-juju-hat-hvid-med-brun-midte\/"]}]},{"@type":"ImageObject","inLanguage":"fr-FR","@id":"https:\/\/tibladin.dk\/produkt\/fjer-vaegdekoration-juju-hat-hvid-med-brun-midte\/#primaryimage","url":"https:\/\/tibladin.dk\/wp-content\/uploads\/2022\/09\/805000010M_hvidmedbruntmix1-1.jpg","contentUrl":"https:\/\/tibladin.dk\/wp-content\/uploads\/2022\/09\/805000010M_hvidmedbruntmix1-1.jpg","width":800,"height":800,"caption":"Marokkansk h\u00e5ndlavet jujuhat fjerdekoration i hvid med brune nuancer"},{"@type":"BreadcrumbList","@id":"https:\/\/tibladin.dk\/produkt\/fjer-vaegdekoration-juju-hat-hvid-med-brun-midte\/#breadcrumb","itemListElement":[{"@type":"ListItem","position":1,"name":"Hjem","item":"https:\/\/tibladin.dk\/"},{"@type":"ListItem","position":2,"name":"Shop","item":"https:\/\/tibladin.dk\/shop\/"},{"@type":"ListItem","position":3,"name":"Fjer v\u00e6gdekoration juju hat &#8211; hvid med brun midte"}]},{"@type":"WebSite","@id":"https:\/\/tibladin.dk\/#website","url":"https:\/\/tibladin.dk\/","name":"Tibladin","description":"Tibladin","publisher":{"@id":"https:\/\/tibladin.dk\/#organization"},"potentialAction":[{"@type":"SearchAction","target":{"@type":"EntryPoint","urlTemplate":"https:\/\/tibladin.dk\/?s={search_term_string}"},"query-input":{"@type":"PropertyValueSpecification","valueRequired":true,"valueName":"search_term_string"}}],"inLanguage":"fr-FR"},{"@type":"Organization","@id":"https:\/\/tibladin.dk\/#organization","name":"Tibladin","url":"https:\/\/tibladin.dk\/","logo":{"@type":"ImageObject","inLanguage":"fr-FR","@id":"https:\/\/tibladin.dk\/#\/schema\/logo\/image\/","url":"https:\/\/tibladin.dk\/wp-content\/uploads\/2022\/09\/tibladin_logo.svg","contentUrl":"https:\/\/tibladin.dk\/wp-content\/uploads\/2022\/09\/tibladin_logo.svg","caption":"Tibladin"},"image":{"@id":"https:\/\/tibladin.dk\/#\/schema\/logo\/image\/"}}]}},"_links":{"self":[{"href":"https:\/\/tibladin.dk\/fr\/wp-json\/wp\/v2\/product\/1149","targetHints":{"allow":["GET"]}}],"collection":[{"href":"https:\/\/tibladin.dk\/fr\/wp-json\/wp\/v2\/product"}],"about":[{"href":"https:\/\/tibladin.dk\/fr\/wp-json\/wp\/v2\/types\/product"}],"wp:featuredmedia":[{"embeddable":true,"href":"https:\/\/tibladin.dk\/fr\/wp-json\/wp\/v2\/media\/1147"}],"wp:attachment":[{"href":"https:\/\/tibladin.dk\/fr\/wp-json\/wp\/v2\/media?parent=1149"}],"wp:term":[{"taxonomy":"product_brand","embeddable":true,"href":"https:\/\/tibladin.dk\/fr\/wp-json\/wp\/v2\/product_brand?post=1149"},{"taxonomy":"product_cat","embeddable":true,"href":"https:\/\/tibladin.dk\/fr\/wp-json\/wp\/v2\/product_cat?post=1149"},{"taxonomy":"product_tag","embeddable":true,"href":"https:\/\/tibladin.dk\/fr\/wp-json\/wp\/v2\/product_tag?post=1149"}],"curies":[{"name":"wp","href":"https:\/\/api.w.org\/{rel}","templated":true}]}}