{"id":11641,"date":"2025-08-18T14:47:17","date_gmt":"2025-08-18T12:47:17","guid":{"rendered":"https:\/\/tibladin.dk\/?post_type=product&#038;p=11641"},"modified":"2025-08-21T11:56:57","modified_gmt":"2025-08-21T09:56:57","slug":"beni-ouarain-196x300-cm-azel","status":"publish","type":"product","link":"https:\/\/tibladin.dk\/fr\/produkt\/beni-ouarain-196x300-cm-azel\/","title":{"rendered":"Beni Ouarain 196\u00d7300 cm. \u2013 AZ\u00c8LE"},"content":{"rendered":"<div class=\"wpb-content-wrapper\"><div class=\"vc_row wpb_row vc_row-fluid\"><div class=\"wpb_column vc_column_container vc_col-sm-4\"><div class=\"vc_column-inner\"><div class=\"wpb_wrapper\"><\/div><\/div><\/div><div class=\"wpb_column vc_column_container vc_col-sm-4\"><div class=\"vc_column-inner\"><div class=\"wpb_wrapper\"><h3 style=\"text-align: left\" class=\"vc_custom_heading vc_do_custom_heading\" >Entretien<\/h3>\n\t<div class=\"wpb_text_column wpb_content_element\" >\n\t\t<div class=\"wpb_wrapper\">\n\t\t\t<p>Passez r\u00e9guli\u00e8rement l&#039;aspirateur sur le tapis, sortez-le et secouez-le de temps en temps. Les taches sont \u00e9limin\u00e9es en absorbant la tache le plus rapidement possible avec un chiffon puis en tamponnant la tache avec un chiffon humide. Le tapis est en pure laine 100% % et est naturellement recouvert de lanoline sur chaque fibre, ce qui signifie que les taches ne p\u00e9n\u00e8trent pas dans le tapis. Si nous avons la chance d&#039;avoir de la neige un hiver au Danemark, \u00e9tendons enfin notre couverture dans la neige blanche. Cela nettoiera le tapis en profondeur \u2013 de mani\u00e8re totalement naturelle.<\/p>\n\n\t\t<\/div>\n\t<\/div>\n<\/div><\/div><\/div><div class=\"wpb_column vc_column_container vc_col-sm-4\"><div class=\"vc_column-inner\"><div class=\"wpb_wrapper\"><h3 style=\"text-align: left\" class=\"vc_custom_heading vc_do_custom_heading\" >L&#039;histoire derri\u00e8re<\/h3>\n\t<div class=\"wpb_text_column wpb_content_element\" >\n\t\t<div class=\"wpb_wrapper\">\n\t\t\t<p>Les tapis d\u00e9corent, apportent confort et chaleur et absorbent \u00e9galement le bruit.<\/p>\n<p>Les tapis Beni Ouarain sont tr\u00e8s populaires partout dans le monde et s&#039;adaptent \u00e9galement tr\u00e8s bien \u00e0 la d\u00e9coration scandinave. De nombreuses marques d&#039;int\u00e9rieur ont copi\u00e9 le style Beni Ouarain et les ont fait fabriquer industriellement. Ici \u00e0 Tibladin, nous n&#039;avons que des tapis Beni Ouarain originaux fabriqu\u00e9s \u00e0 la main par des femmes de la tribu berb\u00e8re Beni Ouarain, originaire du sud des montagnes du Rif au Maroc. Les couvertures sont utilis\u00e9es par la tribu berb\u00e8re pour se couvrir et s&#039;allonger lorsqu&#039;ils ont besoin de dormir. Chaque tapis est une \u0153uvre d&#039;art et contrairement aux tapis orientaux, ils ne sont pas fabriqu\u00e9s selon des mod\u00e8les, mais uniquement selon les souhaits des femmes et symbolisent souvent les sentiments que les femmes ont ressentis lorsqu&#039;elles tissent. La forme en diamant que l&#039;on retrouve sur de nombreux tapis prot\u00e8ge du mal. Les tons de couleurs sont naturels dans leurs coloris blanc, beige, marron et noir.<\/p>\n<p>Jetez vos chaussures et sentez la douce laine sous vos pieds !<\/p>\n\n\t\t<\/div>\n\t<\/div>\n<\/div><\/div><\/div><\/div>\n<\/div>","protected":false},"excerpt":{"rendered":"<p>&nbsp;<\/p>\n<ul>\n<li>Tapis Beni Ouarain en laine 100%, tr\u00e8s douce et chaude.<\/li>\n<li>Le tapis est d&#039;une couleur marron chaude avec un motif moyen en forme de losange dans une jolie couleur bleue.<\/li>\n<\/ul>\n<p>Joli grand tapis qui trouvera sa place sous une table \u00e0 manger ou au coin d&#039;un grand canap\u00e9. Le tapis est fabriqu\u00e9 par des femmes berb\u00e8res des tribus Beni Ouarain des montagnes de l&#039;Atlas marocain.<\/p>\n<p class=\"p1\"><b>Le tapis mesure 196\u00d7300 cm.<\/b><\/p>","protected":false},"featured_media":39119,"template":"","meta":{"inline_featured_image":false},"product_brand":[],"product_cat":[62,59],"product_tag":[],"class_list":{"0":"post-11641","1":"product","2":"type-product","3":"status-publish","4":"has-post-thumbnail","6":"product_cat-beni-ouarain","7":"product_cat-marokkanske-taepper","9":"first","10":"instock","11":"taxable","12":"shipping-taxable","13":"purchasable","14":"product-type-simple"},"exclude_global_add_ons":[],"addons":[],"yoast_head":"<!-- This site is optimized with the Yoast SEO plugin v27.4 - https:\/\/yoast.com\/product\/yoast-seo-wordpress\/ -->\n<title>Beni Ouarain t\u00e6ppe | Bl\u00f8d struktur | Kig hos Tibladin<\/title>\n<meta name=\"description\" content=\"Beni Ouarain t\u00e6ppe er et unikt marokkansk t\u00e6ppe i 100% uld. Dejlig varm brun farve med svagt bl\u00e5t m\u00f8nster | Helt unikt og sj\u00e6ldent t\u00e6ppe\" \/>\n<meta name=\"robots\" content=\"index, follow, max-snippet:-1, max-image-preview:large, max-video-preview:-1\" \/>\n<link rel=\"canonical\" href=\"https:\/\/tibladin.dk\/fr\/produit-4\/beni-ouarain-196x300-cm-azel\/\" \/>\n<meta property=\"og:locale\" content=\"fr_FR\" \/>\n<meta property=\"og:type\" content=\"article\" \/>\n<meta property=\"og:title\" content=\"Beni Ouarain t\u00e6ppe | Bl\u00f8d struktur | Kig hos Tibladin\" \/>\n<meta property=\"og:description\" content=\"Beni Ouarain t\u00e6ppe er et unikt marokkansk t\u00e6ppe i 100% uld. Dejlig varm brun farve med svagt bl\u00e5t m\u00f8nster | Helt unikt og sj\u00e6ldent t\u00e6ppe\" \/>\n<meta property=\"og:url\" content=\"https:\/\/tibladin.dk\/fr\/produit-4\/beni-ouarain-196x300-cm-azel\/\" \/>\n<meta property=\"og:site_name\" content=\"Tibladin\" \/>\n<meta property=\"article:modified_time\" content=\"2025-08-21T09:56:57+00:00\" \/>\n<meta property=\"og:image\" content=\"https:\/\/tibladin.dk\/wp-content\/uploads\/2024\/03\/marokkansk-beni-Ouarain_Brun-m.-blaa-moenster_AZEL_3.jpg\" \/>\n\t<meta property=\"og:image:width\" content=\"800\" \/>\n\t<meta property=\"og:image:height\" content=\"800\" \/>\n\t<meta property=\"og:image:type\" content=\"image\/jpeg\" \/>\n<meta name=\"twitter:card\" content=\"summary_large_image\" \/>\n<meta name=\"twitter:label1\" content=\"Dur\u00e9e de lecture estim\u00e9e\" \/>\n\t<meta name=\"twitter:data1\" content=\"2 minutes\" \/>\n<script type=\"application\/ld+json\" class=\"yoast-schema-graph\">{\"@context\":\"https:\\\/\\\/schema.org\",\"@graph\":[{\"@type\":\"WebPage\",\"@id\":\"https:\\\/\\\/tibladin.dk\\\/produkt\\\/beni-ouarain-196x300-cm-azel\\\/\",\"url\":\"https:\\\/\\\/tibladin.dk\\\/produkt\\\/beni-ouarain-196x300-cm-azel\\\/\",\"name\":\"Beni Ouarain t\u00e6ppe | Bl\u00f8d struktur | Kig hos Tibladin\",\"isPartOf\":{\"@id\":\"https:\\\/\\\/tibladin.dk\\\/#website\"},\"primaryImageOfPage\":{\"@id\":\"https:\\\/\\\/tibladin.dk\\\/produkt\\\/beni-ouarain-196x300-cm-azel\\\/#primaryimage\"},\"image\":{\"@id\":\"https:\\\/\\\/tibladin.dk\\\/produkt\\\/beni-ouarain-196x300-cm-azel\\\/#primaryimage\"},\"thumbnailUrl\":\"https:\\\/\\\/tibladin.dk\\\/wp-content\\\/uploads\\\/2024\\\/03\\\/marokkansk-beni-Ouarain_Brun-m.-blaa-moenster_AZEL_3.jpg\",\"datePublished\":\"2025-08-18T12:47:17+00:00\",\"dateModified\":\"2025-08-21T09:56:57+00:00\",\"description\":\"Beni Ouarain t\u00e6ppe er et unikt marokkansk t\u00e6ppe i 100% uld. Dejlig varm brun farve med svagt bl\u00e5t m\u00f8nster | Helt unikt og sj\u00e6ldent t\u00e6ppe\",\"breadcrumb\":{\"@id\":\"https:\\\/\\\/tibladin.dk\\\/produkt\\\/beni-ouarain-196x300-cm-azel\\\/#breadcrumb\"},\"inLanguage\":\"fr-FR\",\"potentialAction\":[{\"@type\":\"ReadAction\",\"target\":[\"https:\\\/\\\/tibladin.dk\\\/produkt\\\/beni-ouarain-196x300-cm-azel\\\/\"]}]},{\"@type\":\"ImageObject\",\"inLanguage\":\"fr-FR\",\"@id\":\"https:\\\/\\\/tibladin.dk\\\/produkt\\\/beni-ouarain-196x300-cm-azel\\\/#primaryimage\",\"url\":\"https:\\\/\\\/tibladin.dk\\\/wp-content\\\/uploads\\\/2024\\\/03\\\/marokkansk-beni-Ouarain_Brun-m.-blaa-moenster_AZEL_3.jpg\",\"contentUrl\":\"https:\\\/\\\/tibladin.dk\\\/wp-content\\\/uploads\\\/2024\\\/03\\\/marokkansk-beni-Ouarain_Brun-m.-blaa-moenster_AZEL_3.jpg\",\"width\":800,\"height\":800,\"caption\":\"marokkansk beni Ouarain_Brun m. bl\u00e5 m\u00f8nster_AZEL\"},{\"@type\":\"BreadcrumbList\",\"@id\":\"https:\\\/\\\/tibladin.dk\\\/produkt\\\/beni-ouarain-196x300-cm-azel\\\/#breadcrumb\",\"itemListElement\":[{\"@type\":\"ListItem\",\"position\":1,\"name\":\"Hjem\",\"item\":\"https:\\\/\\\/tibladin.dk\\\/\"},{\"@type\":\"ListItem\",\"position\":2,\"name\":\"Shop\",\"item\":\"https:\\\/\\\/tibladin.dk\\\/shop\\\/\"},{\"@type\":\"ListItem\",\"position\":3,\"name\":\"Beni Ouarain 196&#215;300 cm. &#8211; AZEL\"}]},{\"@type\":\"WebSite\",\"@id\":\"https:\\\/\\\/tibladin.dk\\\/#website\",\"url\":\"https:\\\/\\\/tibladin.dk\\\/\",\"name\":\"Tibladin\",\"description\":\"Tibladin\",\"publisher\":{\"@id\":\"https:\\\/\\\/tibladin.dk\\\/#organization\"},\"potentialAction\":[{\"@type\":\"SearchAction\",\"target\":{\"@type\":\"EntryPoint\",\"urlTemplate\":\"https:\\\/\\\/tibladin.dk\\\/?s={search_term_string}\"},\"query-input\":{\"@type\":\"PropertyValueSpecification\",\"valueRequired\":true,\"valueName\":\"search_term_string\"}}],\"inLanguage\":\"fr-FR\"},{\"@type\":\"Organization\",\"@id\":\"https:\\\/\\\/tibladin.dk\\\/#organization\",\"name\":\"Tibladin\",\"url\":\"https:\\\/\\\/tibladin.dk\\\/\",\"logo\":{\"@type\":\"ImageObject\",\"inLanguage\":\"fr-FR\",\"@id\":\"https:\\\/\\\/tibladin.dk\\\/#\\\/schema\\\/logo\\\/image\\\/\",\"url\":\"https:\\\/\\\/tibladin.dk\\\/wp-content\\\/uploads\\\/2022\\\/09\\\/tibladin_logo.svg\",\"contentUrl\":\"https:\\\/\\\/tibladin.dk\\\/wp-content\\\/uploads\\\/2022\\\/09\\\/tibladin_logo.svg\",\"caption\":\"Tibladin\"},\"image\":{\"@id\":\"https:\\\/\\\/tibladin.dk\\\/#\\\/schema\\\/logo\\\/image\\\/\"}}]}<\/script>\n<!-- \/ Yoast SEO plugin. -->","yoast_head_json":{"title":"Tapis Beni Ouarain | Structure souple | Regardez Tibladine","description":"Le tapis Beni Ouarain est un tapis marocain unique en laine 100%. Belle couleur marron chaud avec un motif bleu p\u00e2le | Tapis compl\u00e8tement unique et rare","robots":{"index":"index","follow":"follow","max-snippet":"max-snippet:-1","max-image-preview":"max-image-preview:large","max-video-preview":"max-video-preview:-1"},"canonical":"https:\/\/tibladin.dk\/fr\/produit-4\/beni-ouarain-196x300-cm-azel\/","og_locale":"fr_FR","og_type":"article","og_title":"Beni Ouarain t\u00e6ppe | Bl\u00f8d struktur | Kig hos Tibladin","og_description":"Beni Ouarain t\u00e6ppe er et unikt marokkansk t\u00e6ppe i 100% uld. Dejlig varm brun farve med svagt bl\u00e5t m\u00f8nster | Helt unikt og sj\u00e6ldent t\u00e6ppe","og_url":"https:\/\/tibladin.dk\/fr\/produit-4\/beni-ouarain-196x300-cm-azel\/","og_site_name":"Tibladin","article_modified_time":"2025-08-21T09:56:57+00:00","og_image":[{"width":800,"height":800,"url":"https:\/\/tibladin.dk\/wp-content\/uploads\/2024\/03\/marokkansk-beni-Ouarain_Brun-m.-blaa-moenster_AZEL_3.jpg","type":"image\/jpeg"}],"twitter_card":"summary_large_image","twitter_misc":{"Dur\u00e9e de lecture estim\u00e9e":"2 minutes"},"schema":{"@context":"https:\/\/schema.org","@graph":[{"@type":"WebPage","@id":"https:\/\/tibladin.dk\/produkt\/beni-ouarain-196x300-cm-azel\/","url":"https:\/\/tibladin.dk\/produkt\/beni-ouarain-196x300-cm-azel\/","name":"Tapis Beni Ouarain | Structure souple | Regardez Tibladine","isPartOf":{"@id":"https:\/\/tibladin.dk\/#website"},"primaryImageOfPage":{"@id":"https:\/\/tibladin.dk\/produkt\/beni-ouarain-196x300-cm-azel\/#primaryimage"},"image":{"@id":"https:\/\/tibladin.dk\/produkt\/beni-ouarain-196x300-cm-azel\/#primaryimage"},"thumbnailUrl":"https:\/\/tibladin.dk\/wp-content\/uploads\/2024\/03\/marokkansk-beni-Ouarain_Brun-m.-blaa-moenster_AZEL_3.jpg","datePublished":"2025-08-18T12:47:17+00:00","dateModified":"2025-08-21T09:56:57+00:00","description":"Le tapis Beni Ouarain est un tapis marocain unique en laine 100%. Belle couleur marron chaud avec un motif bleu p\u00e2le | Tapis compl\u00e8tement unique et rare","breadcrumb":{"@id":"https:\/\/tibladin.dk\/produkt\/beni-ouarain-196x300-cm-azel\/#breadcrumb"},"inLanguage":"fr-FR","potentialAction":[{"@type":"ReadAction","target":["https:\/\/tibladin.dk\/produkt\/beni-ouarain-196x300-cm-azel\/"]}]},{"@type":"ImageObject","inLanguage":"fr-FR","@id":"https:\/\/tibladin.dk\/produkt\/beni-ouarain-196x300-cm-azel\/#primaryimage","url":"https:\/\/tibladin.dk\/wp-content\/uploads\/2024\/03\/marokkansk-beni-Ouarain_Brun-m.-blaa-moenster_AZEL_3.jpg","contentUrl":"https:\/\/tibladin.dk\/wp-content\/uploads\/2024\/03\/marokkansk-beni-Ouarain_Brun-m.-blaa-moenster_AZEL_3.jpg","width":800,"height":800,"caption":"marokkansk beni Ouarain_Brun m. bl\u00e5 m\u00f8nster_AZEL"},{"@type":"BreadcrumbList","@id":"https:\/\/tibladin.dk\/produkt\/beni-ouarain-196x300-cm-azel\/#breadcrumb","itemListElement":[{"@type":"ListItem","position":1,"name":"Hjem","item":"https:\/\/tibladin.dk\/"},{"@type":"ListItem","position":2,"name":"Shop","item":"https:\/\/tibladin.dk\/shop\/"},{"@type":"ListItem","position":3,"name":"Beni Ouarain 196&#215;300 cm. &#8211; AZEL"}]},{"@type":"WebSite","@id":"https:\/\/tibladin.dk\/#website","url":"https:\/\/tibladin.dk\/","name":"Tibladin","description":"Tibladin","publisher":{"@id":"https:\/\/tibladin.dk\/#organization"},"potentialAction":[{"@type":"SearchAction","target":{"@type":"EntryPoint","urlTemplate":"https:\/\/tibladin.dk\/?s={search_term_string}"},"query-input":{"@type":"PropertyValueSpecification","valueRequired":true,"valueName":"search_term_string"}}],"inLanguage":"fr-FR"},{"@type":"Organization","@id":"https:\/\/tibladin.dk\/#organization","name":"Tibladin","url":"https:\/\/tibladin.dk\/","logo":{"@type":"ImageObject","inLanguage":"fr-FR","@id":"https:\/\/tibladin.dk\/#\/schema\/logo\/image\/","url":"https:\/\/tibladin.dk\/wp-content\/uploads\/2022\/09\/tibladin_logo.svg","contentUrl":"https:\/\/tibladin.dk\/wp-content\/uploads\/2022\/09\/tibladin_logo.svg","caption":"Tibladin"},"image":{"@id":"https:\/\/tibladin.dk\/#\/schema\/logo\/image\/"}}]}},"_links":{"self":[{"href":"https:\/\/tibladin.dk\/fr\/wp-json\/wp\/v2\/product\/11641","targetHints":{"allow":["GET"]}}],"collection":[{"href":"https:\/\/tibladin.dk\/fr\/wp-json\/wp\/v2\/product"}],"about":[{"href":"https:\/\/tibladin.dk\/fr\/wp-json\/wp\/v2\/types\/product"}],"wp:featuredmedia":[{"embeddable":true,"href":"https:\/\/tibladin.dk\/fr\/wp-json\/wp\/v2\/media\/39119"}],"wp:attachment":[{"href":"https:\/\/tibladin.dk\/fr\/wp-json\/wp\/v2\/media?parent=11641"}],"wp:term":[{"taxonomy":"product_brand","embeddable":true,"href":"https:\/\/tibladin.dk\/fr\/wp-json\/wp\/v2\/product_brand?post=11641"},{"taxonomy":"product_cat","embeddable":true,"href":"https:\/\/tibladin.dk\/fr\/wp-json\/wp\/v2\/product_cat?post=11641"},{"taxonomy":"product_tag","embeddable":true,"href":"https:\/\/tibladin.dk\/fr\/wp-json\/wp\/v2\/product_tag?post=11641"}],"curies":[{"name":"wp","href":"https:\/\/api.w.org\/{rel}","templated":true}]}}