{"id":1206,"date":"2022-09-20T11:07:38","date_gmt":"2022-09-20T09:07:38","guid":{"rendered":"https:\/\/tibladin.dk\/?post_type=product&#038;p=1206"},"modified":"2026-01-13T16:10:09","modified_gmt":"2026-01-13T15:10:09","slug":"miroir-croissant-riviere-dargent","status":"publish","type":"product","link":"https:\/\/tibladin.dk\/fr\/produkt\/spejl-halvmaane-soelv\/","title":{"rendered":"Miroir croissant - argent"},"content":{"rendered":"<div class=\"wpb-content-wrapper\"><div class=\"vc_row wpb_row vc_row-fluid\"><div class=\"wpb_column vc_column_container vc_col-sm-4\"><div class=\"vc_column-inner\"><div class=\"wpb_wrapper\">\n\t<div class=\"wpb_video_widget wpb_content_element vc_clearfix   vc_video-aspect-ratio-169 vc_video-el-width-100 vc_video-align-left\" >\n\t\t<div class=\"wpb_wrapper\">\n\t\t\t\n\t\t\t<div class=\"wpb_video_wrapper\"><div class=\"video-container\"><iframe loading=\"lazy\" title=\"int\u00e9rieur avec miroirs\" src=\"https:\/\/player.vimeo.com\/video\/456921412?dnt=1&amp;app_id=122963\" width=\"174\" height=\"310\" frameborder=\"0\" allow=\"autoplay; fullscreen; picture-in-picture\"><\/iframe><\/div><\/div>\n\t\t<\/div>\n\t<\/div>\n<\/div><\/div><\/div><div class=\"wpb_column vc_column_container vc_col-sm-4\"><div class=\"vc_column-inner\"><div class=\"wpb_wrapper\"><h3 style=\"text-align: left\" class=\"vc_custom_heading vc_do_custom_heading\" >Entretien<\/h3>\n\t<div class=\"wpb_text_column wpb_content_element\" >\n\t\t<div class=\"wpb_wrapper\">\n\t\t\t<p>Utilisez du vernis pour le bord. Le miroir se patinera avec le temps et pourra \u00eatre facilement poli \u00e0 nouveau.<\/p>\n<p>Utilisez un nettoyant pour vitres ordinaire pour le miroir.<\/p>\n\n\t\t<\/div>\n\t<\/div>\n<\/div><\/div><\/div><div class=\"wpb_column vc_column_container vc_col-sm-4\"><div class=\"vc_column-inner\"><div class=\"wpb_wrapper\"><h3 style=\"text-align: left\" class=\"vc_custom_heading vc_do_custom_heading\" >L&#039;histoire derri\u00e8re<\/h3>\n\t<div class=\"wpb_text_column wpb_content_element\" >\n\t\t<div class=\"wpb_wrapper\">\n\t\t\t<p>Les miroirs donnent vie au mur. Il est tr\u00e8s tendance d\u2019utiliser des miroirs \u00e0 l\u2019int\u00e9rieur, et de pr\u00e9f\u00e9rence plusieurs ensemble de formes diff\u00e9rentes. Pensez aux miroirs dans la conception de vos pi\u00e8ces et exp\u00e9rimentez diff\u00e9rentes configurations. Utilisez-les comme touche finale \u00e0 votre mur d&#039;images.<\/p>\n<p>Les miroirs sont en m\u00e9tal dor\u00e9 ou argent\u00e9.<\/p>\n\n\t\t<\/div>\n\t<\/div>\n<\/div><\/div><\/div><\/div>\n<\/div>","protected":false},"excerpt":{"rendered":"<p>Miroir marocain fait main en forme de croissant de lune avec bord argent\u00e9.<\/p>\n<p>Disponible en 3 tailles : M, S et XS. Le miroir a des supports cach\u00e9s \u00e0 l&#039;arri\u00e8re - juste pour l&#039;accrocher au mur.<\/p>\n<p>Dimensions : L : 40\u00d712 M : 30 x 11| S\u00a0: 23 x 10,5 | XS : 20 x 10<\/p>","protected":false},"featured_media":1253,"template":"","meta":{"inline_featured_image":false},"product_brand":[],"product_cat":[29,58,56],"product_tag":[],"class_list":{"0":"post-1206","1":"product","2":"type-product","3":"status-publish","4":"has-post-thumbnail","6":"product_cat-gaven-til-den-unge-pige","7":"product_cat-spejle","8":"product_cat-vaegdekoration","10":"first","11":"instock","12":"taxable","13":"shipping-taxable","14":"purchasable","15":"product-type-variable"},"exclude_global_add_ons":[],"addons":[],"yoast_head":"<!-- This site is optimized with the Yoast SEO plugin v27.4 - https:\/\/yoast.com\/product\/yoast-seo-wordpress\/ -->\n<title>Smukt spejl formet som en halvm\u00e5ne med s\u00f8lv kant | Tibladin<\/title>\n<meta name=\"description\" content=\"Marokkansk spejl, halvm\u00e5ne i s\u00f8lv. H\u00e5ndlavet p\u00e5 metalv\u00e6rksted i Marokko i s\u00f8lvfarvet metal. F\u00e5es i 3 forskellige st\u00f8rrelser: L, M, S og XS.\" \/>\n<meta name=\"robots\" content=\"index, follow, max-snippet:-1, max-image-preview:large, max-video-preview:-1\" \/>\n<link rel=\"canonical\" href=\"https:\/\/tibladin.dk\/fr\/produit-4\/miroir-croissant-riviere-dargent\/\" \/>\n<meta property=\"og:locale\" content=\"fr_FR\" \/>\n<meta property=\"og:type\" content=\"article\" \/>\n<meta property=\"og:title\" content=\"Smukt spejl formet som en halvm\u00e5ne med s\u00f8lv kant | Tibladin\" \/>\n<meta property=\"og:description\" content=\"Marokkansk spejl, halvm\u00e5ne i s\u00f8lv. H\u00e5ndlavet p\u00e5 metalv\u00e6rksted i Marokko i s\u00f8lvfarvet metal. F\u00e5es i 3 forskellige st\u00f8rrelser: L, M, S og XS.\" \/>\n<meta property=\"og:url\" content=\"https:\/\/tibladin.dk\/fr\/produit-4\/miroir-croissant-riviere-dargent\/\" \/>\n<meta property=\"og:site_name\" content=\"Tibladin\" \/>\n<meta property=\"article:modified_time\" content=\"2026-01-13T15:10:09+00:00\" \/>\n<meta property=\"og:image\" content=\"https:\/\/tibladin.dk\/wp-content\/uploads\/2022\/09\/Tibladin_marokkansk-spejl-soelv-maane-1.jpg\" \/>\n\t<meta property=\"og:image:width\" content=\"800\" \/>\n\t<meta property=\"og:image:height\" content=\"800\" \/>\n\t<meta property=\"og:image:type\" content=\"image\/jpeg\" \/>\n<meta name=\"twitter:card\" content=\"summary_large_image\" \/>\n<meta name=\"twitter:label1\" content=\"Dur\u00e9e de lecture estim\u00e9e\" \/>\n\t<meta name=\"twitter:data1\" content=\"1 minute\" \/>\n<script type=\"application\/ld+json\" class=\"yoast-schema-graph\">{\"@context\":\"https:\\\/\\\/schema.org\",\"@graph\":[{\"@type\":\"WebPage\",\"@id\":\"https:\\\/\\\/tibladin.dk\\\/produkt\\\/spejl-halvmaane-soelv\\\/\",\"url\":\"https:\\\/\\\/tibladin.dk\\\/produkt\\\/spejl-halvmaane-soelv\\\/\",\"name\":\"Smukt spejl formet som en halvm\u00e5ne med s\u00f8lv kant | Tibladin\",\"isPartOf\":{\"@id\":\"https:\\\/\\\/tibladin.dk\\\/#website\"},\"primaryImageOfPage\":{\"@id\":\"https:\\\/\\\/tibladin.dk\\\/produkt\\\/spejl-halvmaane-soelv\\\/#primaryimage\"},\"image\":{\"@id\":\"https:\\\/\\\/tibladin.dk\\\/produkt\\\/spejl-halvmaane-soelv\\\/#primaryimage\"},\"thumbnailUrl\":\"https:\\\/\\\/tibladin.dk\\\/wp-content\\\/uploads\\\/2022\\\/09\\\/Tibladin_marokkansk-spejl-soelv-maane-1.jpg\",\"datePublished\":\"2022-09-20T09:07:38+00:00\",\"dateModified\":\"2026-01-13T15:10:09+00:00\",\"description\":\"Marokkansk spejl, halvm\u00e5ne i s\u00f8lv. H\u00e5ndlavet p\u00e5 metalv\u00e6rksted i Marokko i s\u00f8lvfarvet metal. F\u00e5es i 3 forskellige st\u00f8rrelser: L, M, S og XS.\",\"breadcrumb\":{\"@id\":\"https:\\\/\\\/tibladin.dk\\\/produkt\\\/spejl-halvmaane-soelv\\\/#breadcrumb\"},\"inLanguage\":\"fr-FR\",\"potentialAction\":[{\"@type\":\"ReadAction\",\"target\":[\"https:\\\/\\\/tibladin.dk\\\/produkt\\\/spejl-halvmaane-soelv\\\/\"]}]},{\"@type\":\"ImageObject\",\"inLanguage\":\"fr-FR\",\"@id\":\"https:\\\/\\\/tibladin.dk\\\/produkt\\\/spejl-halvmaane-soelv\\\/#primaryimage\",\"url\":\"https:\\\/\\\/tibladin.dk\\\/wp-content\\\/uploads\\\/2022\\\/09\\\/Tibladin_marokkansk-spejl-soelv-maane-1.jpg\",\"contentUrl\":\"https:\\\/\\\/tibladin.dk\\\/wp-content\\\/uploads\\\/2022\\\/09\\\/Tibladin_marokkansk-spejl-soelv-maane-1.jpg\",\"width\":800,\"height\":800,\"caption\":\"fire marokkanske h\u00e5ndlavede spejle formet som halvm\u00e5ner med s\u00f8lvmetal kanter\"},{\"@type\":\"BreadcrumbList\",\"@id\":\"https:\\\/\\\/tibladin.dk\\\/produkt\\\/spejl-halvmaane-soelv\\\/#breadcrumb\",\"itemListElement\":[{\"@type\":\"ListItem\",\"position\":1,\"name\":\"Hjem\",\"item\":\"https:\\\/\\\/tibladin.dk\\\/\"},{\"@type\":\"ListItem\",\"position\":2,\"name\":\"Shop\",\"item\":\"https:\\\/\\\/tibladin.dk\\\/shop\\\/\"},{\"@type\":\"ListItem\",\"position\":3,\"name\":\"Spejl halvm\u00e5ne &#8211; s\u00f8lv\"}]},{\"@type\":\"WebSite\",\"@id\":\"https:\\\/\\\/tibladin.dk\\\/#website\",\"url\":\"https:\\\/\\\/tibladin.dk\\\/\",\"name\":\"Tibladin\",\"description\":\"Tibladin\",\"publisher\":{\"@id\":\"https:\\\/\\\/tibladin.dk\\\/#organization\"},\"potentialAction\":[{\"@type\":\"SearchAction\",\"target\":{\"@type\":\"EntryPoint\",\"urlTemplate\":\"https:\\\/\\\/tibladin.dk\\\/?s={search_term_string}\"},\"query-input\":{\"@type\":\"PropertyValueSpecification\",\"valueRequired\":true,\"valueName\":\"search_term_string\"}}],\"inLanguage\":\"fr-FR\"},{\"@type\":\"Organization\",\"@id\":\"https:\\\/\\\/tibladin.dk\\\/#organization\",\"name\":\"Tibladin\",\"url\":\"https:\\\/\\\/tibladin.dk\\\/\",\"logo\":{\"@type\":\"ImageObject\",\"inLanguage\":\"fr-FR\",\"@id\":\"https:\\\/\\\/tibladin.dk\\\/#\\\/schema\\\/logo\\\/image\\\/\",\"url\":\"https:\\\/\\\/tibladin.dk\\\/wp-content\\\/uploads\\\/2022\\\/09\\\/tibladin_logo.svg\",\"contentUrl\":\"https:\\\/\\\/tibladin.dk\\\/wp-content\\\/uploads\\\/2022\\\/09\\\/tibladin_logo.svg\",\"caption\":\"Tibladin\"},\"image\":{\"@id\":\"https:\\\/\\\/tibladin.dk\\\/#\\\/schema\\\/logo\\\/image\\\/\"}}]}<\/script>\n<!-- \/ Yoast SEO plugin. -->","yoast_head_json":{"title":"Magnifique miroir en forme de croissant de lune avec bord argent\u00e9 | Tibladine","description":"Miroir marocain, demi-lune en argent. Fabriqu\u00e9 \u00e0 la main dans un atelier de m\u00e9tallurgie au Maroc en m\u00e9tal argent\u00e9. Disponible en 3 tailles diff\u00e9rentes : L, M, S et XS.","robots":{"index":"index","follow":"follow","max-snippet":"max-snippet:-1","max-image-preview":"max-image-preview:large","max-video-preview":"max-video-preview:-1"},"canonical":"https:\/\/tibladin.dk\/fr\/produit-4\/miroir-croissant-riviere-dargent\/","og_locale":"fr_FR","og_type":"article","og_title":"Smukt spejl formet som en halvm\u00e5ne med s\u00f8lv kant | Tibladin","og_description":"Marokkansk spejl, halvm\u00e5ne i s\u00f8lv. H\u00e5ndlavet p\u00e5 metalv\u00e6rksted i Marokko i s\u00f8lvfarvet metal. F\u00e5es i 3 forskellige st\u00f8rrelser: L, M, S og XS.","og_url":"https:\/\/tibladin.dk\/fr\/produit-4\/miroir-croissant-riviere-dargent\/","og_site_name":"Tibladin","article_modified_time":"2026-01-13T15:10:09+00:00","og_image":[{"width":800,"height":800,"url":"https:\/\/tibladin.dk\/wp-content\/uploads\/2022\/09\/Tibladin_marokkansk-spejl-soelv-maane-1.jpg","type":"image\/jpeg"}],"twitter_card":"summary_large_image","twitter_misc":{"Dur\u00e9e de lecture estim\u00e9e":"1 minute"},"schema":{"@context":"https:\/\/schema.org","@graph":[{"@type":"WebPage","@id":"https:\/\/tibladin.dk\/produkt\/spejl-halvmaane-soelv\/","url":"https:\/\/tibladin.dk\/produkt\/spejl-halvmaane-soelv\/","name":"Magnifique miroir en forme de croissant de lune avec bord argent\u00e9 | Tibladine","isPartOf":{"@id":"https:\/\/tibladin.dk\/#website"},"primaryImageOfPage":{"@id":"https:\/\/tibladin.dk\/produkt\/spejl-halvmaane-soelv\/#primaryimage"},"image":{"@id":"https:\/\/tibladin.dk\/produkt\/spejl-halvmaane-soelv\/#primaryimage"},"thumbnailUrl":"https:\/\/tibladin.dk\/wp-content\/uploads\/2022\/09\/Tibladin_marokkansk-spejl-soelv-maane-1.jpg","datePublished":"2022-09-20T09:07:38+00:00","dateModified":"2026-01-13T15:10:09+00:00","description":"Miroir marocain, demi-lune en argent. Fabriqu\u00e9 \u00e0 la main dans un atelier de m\u00e9tallurgie au Maroc en m\u00e9tal argent\u00e9. Disponible en 3 tailles diff\u00e9rentes : L, M, S et XS.","breadcrumb":{"@id":"https:\/\/tibladin.dk\/produkt\/spejl-halvmaane-soelv\/#breadcrumb"},"inLanguage":"fr-FR","potentialAction":[{"@type":"ReadAction","target":["https:\/\/tibladin.dk\/produkt\/spejl-halvmaane-soelv\/"]}]},{"@type":"ImageObject","inLanguage":"fr-FR","@id":"https:\/\/tibladin.dk\/produkt\/spejl-halvmaane-soelv\/#primaryimage","url":"https:\/\/tibladin.dk\/wp-content\/uploads\/2022\/09\/Tibladin_marokkansk-spejl-soelv-maane-1.jpg","contentUrl":"https:\/\/tibladin.dk\/wp-content\/uploads\/2022\/09\/Tibladin_marokkansk-spejl-soelv-maane-1.jpg","width":800,"height":800,"caption":"fire marokkanske h\u00e5ndlavede spejle formet som halvm\u00e5ner med s\u00f8lvmetal kanter"},{"@type":"BreadcrumbList","@id":"https:\/\/tibladin.dk\/produkt\/spejl-halvmaane-soelv\/#breadcrumb","itemListElement":[{"@type":"ListItem","position":1,"name":"Hjem","item":"https:\/\/tibladin.dk\/"},{"@type":"ListItem","position":2,"name":"Shop","item":"https:\/\/tibladin.dk\/shop\/"},{"@type":"ListItem","position":3,"name":"Spejl halvm\u00e5ne &#8211; s\u00f8lv"}]},{"@type":"WebSite","@id":"https:\/\/tibladin.dk\/#website","url":"https:\/\/tibladin.dk\/","name":"Tibladin","description":"Tibladin","publisher":{"@id":"https:\/\/tibladin.dk\/#organization"},"potentialAction":[{"@type":"SearchAction","target":{"@type":"EntryPoint","urlTemplate":"https:\/\/tibladin.dk\/?s={search_term_string}"},"query-input":{"@type":"PropertyValueSpecification","valueRequired":true,"valueName":"search_term_string"}}],"inLanguage":"fr-FR"},{"@type":"Organization","@id":"https:\/\/tibladin.dk\/#organization","name":"Tibladin","url":"https:\/\/tibladin.dk\/","logo":{"@type":"ImageObject","inLanguage":"fr-FR","@id":"https:\/\/tibladin.dk\/#\/schema\/logo\/image\/","url":"https:\/\/tibladin.dk\/wp-content\/uploads\/2022\/09\/tibladin_logo.svg","contentUrl":"https:\/\/tibladin.dk\/wp-content\/uploads\/2022\/09\/tibladin_logo.svg","caption":"Tibladin"},"image":{"@id":"https:\/\/tibladin.dk\/#\/schema\/logo\/image\/"}}]}},"_links":{"self":[{"href":"https:\/\/tibladin.dk\/fr\/wp-json\/wp\/v2\/product\/1206","targetHints":{"allow":["GET"]}}],"collection":[{"href":"https:\/\/tibladin.dk\/fr\/wp-json\/wp\/v2\/product"}],"about":[{"href":"https:\/\/tibladin.dk\/fr\/wp-json\/wp\/v2\/types\/product"}],"wp:featuredmedia":[{"embeddable":true,"href":"https:\/\/tibladin.dk\/fr\/wp-json\/wp\/v2\/media\/1253"}],"wp:attachment":[{"href":"https:\/\/tibladin.dk\/fr\/wp-json\/wp\/v2\/media?parent=1206"}],"wp:term":[{"taxonomy":"product_brand","embeddable":true,"href":"https:\/\/tibladin.dk\/fr\/wp-json\/wp\/v2\/product_brand?post=1206"},{"taxonomy":"product_cat","embeddable":true,"href":"https:\/\/tibladin.dk\/fr\/wp-json\/wp\/v2\/product_cat?post=1206"},{"taxonomy":"product_tag","embeddable":true,"href":"https:\/\/tibladin.dk\/fr\/wp-json\/wp\/v2\/product_tag?post=1206"}],"curies":[{"name":"wp","href":"https:\/\/api.w.org\/{rel}","templated":true}]}}