{"id":1220,"date":"2022-09-20T11:07:43","date_gmt":"2022-09-20T09:07:43","guid":{"rendered":"https:\/\/tibladin.dk\/vare\/pudebetraek-med-uld-og-laedermoenster-moerkebrun\/"},"modified":"2024-12-09T14:44:44","modified_gmt":"2024-12-09T13:44:44","slug":"housse-de-coussin-avec-motif-laine-et-cuir-marron-fonce","status":"publish","type":"product","link":"https:\/\/tibladin.dk\/fr\/produkt\/pudebetraek-med-uld-og-laedermoenster-moerkebrun\/","title":{"rendered":"Housse de coussin \u00e0 motif laine et cuir (marron fonc\u00e9)"},"content":{"rendered":"<div class=\"wpb-content-wrapper\"><div class=\"vc_row wpb_row vc_row-fluid\"><div class=\"wpb_column vc_column_container vc_col-sm-4\"><div class=\"vc_column-inner\"><div class=\"wpb_wrapper\"><\/div><\/div><\/div><div class=\"wpb_column vc_column_container vc_col-sm-4\"><div class=\"vc_column-inner\"><div class=\"wpb_wrapper\"><h3 style=\"text-align: left\" class=\"vc_custom_heading vc_do_custom_heading\" >Entretien<\/h3>\n\t<div class=\"wpb_text_column wpb_content_element\" >\n\t\t<div class=\"wpb_wrapper\">\n\t\t\t<p>La housse de coussin peut \u00eatre nettoy\u00e9e ou lav\u00e9e d\u00e9licatement \u00e0 la main ou sur un programme laine en machine.<\/p>\n\n\t\t<\/div>\n\t<\/div>\n<\/div><\/div><\/div><div class=\"wpb_column vc_column_container vc_col-sm-4\"><div class=\"vc_column-inner\"><div class=\"wpb_wrapper\"><h3 style=\"text-align: left\" class=\"vc_custom_heading vc_do_custom_heading\" >L&#039;histoire derri\u00e8re<\/h3>\n\t<div class=\"wpb_text_column wpb_content_element\" >\n\t\t<div class=\"wpb_wrapper\">\n\t\t\t<p>Les housses de coussin sont r\u00e9alis\u00e9es en collaboration avec une designer \u00e0 Marrakech et sont totalement uniques. Ils sont tiss\u00e9s \u00e0 la main dans un m\u00e9lange de coton et de laine. Le motif unique du coussin est tiss\u00e9 avec de la laine et du cuir et forme un magnifique motif crois\u00e9. Les housses ont une fermeture \u00e9clair solide, vous pouvez donc facilement retirer les housses et les laver.<\/p>\n<p>Ces coussins fins donnent un look chaleureux et oriental \u00e0 votre canap\u00e9 ou votre fauteuil.<\/p>\n<p>Les couvercles s&#039;adaptent aux supports de montage 50 \u00d7 40, selon le degr\u00e9 de remplissage souhait\u00e9.<\/p>\n\n\t\t<\/div>\n\t<\/div>\n<\/div><\/div><\/div><\/div>\n<\/div>","protected":false},"excerpt":{"rendered":"<p>Housses de coussin marocaines uniques tiss\u00e9es \u00e0 la main.<\/p>\n<p>La belle housse de coussin tiss\u00e9e est de couleur marron fonc\u00e9 avec un motif au milieu, compos\u00e9 d&#039;un m\u00e9lange de laine et de cuir. La housse de coussin s&#039;int\u00e8gre discr\u00e8tement dans la maison scandinave et peut, par exemple, \u00eatre facilement combin\u00e9e avec la housse de coussin correspondante de Tibladin en version noir\/blanc pour cr\u00e9er un petit jeu.<\/p>\n<p>Les taies d&#039;oreiller sont livr\u00e9es sans oreillers. Convient pour 50 x 40 cm. montage des coussins, en fonction du degr\u00e9 de remplissage souhait\u00e9 du coussin.<\/p>\n<p>&nbsp;<\/p>\n<p>&nbsp;<\/p>","protected":false},"featured_media":1217,"template":"","meta":{"inline_featured_image":false},"product_brand":[],"product_cat":[47,66,37],"product_tag":[],"class_list":{"0":"post-1220","1":"product","2":"type-product","3":"status-publish","4":"has-post-thumbnail","6":"product_cat-gaven-til-ham","7":"product_cat-pudebetraek","8":"product_cat-tekstiler","10":"first","11":"instock","12":"taxable","13":"shipping-taxable","14":"purchasable","15":"product-type-simple"},"exclude_global_add_ons":false,"addons":[{"name":"Vous souhaitez un emballage cadeau ?","type":"checkbox","position":0,"required":false,"title_format":"label","default":"","description_enable":false,"description":"","placeholder_enable":false,"placeholder":"","display":"images","restrictions_type":"any_text","adjust_price":false,"price":"","price_type":"flat_fee","restrictions":false,"min":"0","max":"0","options":[{"label":"Ja tak","price":"10","price_type":"flat_fee","image":11015,"visibility":true}],"id":1669646111}],"yoast_head":"<!-- This site is optimized with the Yoast SEO plugin v27.4 - https:\/\/yoast.com\/product\/yoast-seo-wordpress\/ -->\n<title>Fine pudebetr\u00e6k lavet i berbisk t\u00e6ppe Kiria | Tibladin<\/title>\n<meta name=\"description\" content=\"Berbisk t\u00e6ppe pudebetr\u00e6k til din sofa i dejlige nuancer. Passer til 40X40 puder, alt efter hvor fyldig du \u00f8nsker din pude.\" \/>\n<meta name=\"robots\" content=\"index, follow, max-snippet:-1, max-image-preview:large, max-video-preview:-1\" \/>\n<link rel=\"canonical\" href=\"https:\/\/tibladin.dk\/fr\/produit-4\/housse-de-coussin-avec-motif-laine-et-cuir-marron-fonce\/\" \/>\n<meta property=\"og:locale\" content=\"fr_FR\" \/>\n<meta property=\"og:type\" content=\"article\" \/>\n<meta property=\"og:title\" content=\"Fine pudebetr\u00e6k lavet i berbisk t\u00e6ppe Kiria | Tibladin\" \/>\n<meta property=\"og:description\" content=\"Berbisk t\u00e6ppe pudebetr\u00e6k til din sofa i dejlige nuancer. Passer til 40X40 puder, alt efter hvor fyldig du \u00f8nsker din pude.\" \/>\n<meta property=\"og:url\" content=\"https:\/\/tibladin.dk\/fr\/produit-4\/housse-de-coussin-avec-motif-laine-et-cuir-marron-fonce\/\" \/>\n<meta property=\"og:site_name\" content=\"Tibladin\" \/>\n<meta property=\"article:modified_time\" content=\"2024-12-09T13:44:44+00:00\" \/>\n<meta property=\"og:image\" content=\"https:\/\/tibladin.dk\/wp-content\/uploads\/2022\/09\/1011-0540026-1.jpg\" \/>\n\t<meta property=\"og:image:width\" content=\"850\" \/>\n\t<meta property=\"og:image:height\" content=\"800\" \/>\n\t<meta property=\"og:image:type\" content=\"image\/jpeg\" \/>\n<meta name=\"twitter:card\" content=\"summary_large_image\" \/>\n<meta name=\"twitter:label1\" content=\"Dur\u00e9e de lecture estim\u00e9e\" \/>\n\t<meta name=\"twitter:data1\" content=\"1 minute\" \/>\n<script type=\"application\/ld+json\" class=\"yoast-schema-graph\">{\"@context\":\"https:\\\/\\\/schema.org\",\"@graph\":[{\"@type\":\"WebPage\",\"@id\":\"https:\\\/\\\/tibladin.dk\\\/produkt\\\/pudebetraek-med-uld-og-laedermoenster-moerkebrun\\\/\",\"url\":\"https:\\\/\\\/tibladin.dk\\\/produkt\\\/pudebetraek-med-uld-og-laedermoenster-moerkebrun\\\/\",\"name\":\"Fine pudebetr\u00e6k lavet i berbisk t\u00e6ppe Kiria | Tibladin\",\"isPartOf\":{\"@id\":\"https:\\\/\\\/tibladin.dk\\\/#website\"},\"primaryImageOfPage\":{\"@id\":\"https:\\\/\\\/tibladin.dk\\\/produkt\\\/pudebetraek-med-uld-og-laedermoenster-moerkebrun\\\/#primaryimage\"},\"image\":{\"@id\":\"https:\\\/\\\/tibladin.dk\\\/produkt\\\/pudebetraek-med-uld-og-laedermoenster-moerkebrun\\\/#primaryimage\"},\"thumbnailUrl\":\"https:\\\/\\\/tibladin.dk\\\/wp-content\\\/uploads\\\/2022\\\/09\\\/1011-0540026-1.jpg\",\"datePublished\":\"2022-09-20T09:07:43+00:00\",\"dateModified\":\"2024-12-09T13:44:44+00:00\",\"description\":\"Berbisk t\u00e6ppe pudebetr\u00e6k til din sofa i dejlige nuancer. Passer til 40X40 puder, alt efter hvor fyldig du \u00f8nsker din pude.\",\"breadcrumb\":{\"@id\":\"https:\\\/\\\/tibladin.dk\\\/produkt\\\/pudebetraek-med-uld-og-laedermoenster-moerkebrun\\\/#breadcrumb\"},\"inLanguage\":\"fr-FR\",\"potentialAction\":[{\"@type\":\"ReadAction\",\"target\":[\"https:\\\/\\\/tibladin.dk\\\/produkt\\\/pudebetraek-med-uld-og-laedermoenster-moerkebrun\\\/\"]}]},{\"@type\":\"ImageObject\",\"inLanguage\":\"fr-FR\",\"@id\":\"https:\\\/\\\/tibladin.dk\\\/produkt\\\/pudebetraek-med-uld-og-laedermoenster-moerkebrun\\\/#primaryimage\",\"url\":\"https:\\\/\\\/tibladin.dk\\\/wp-content\\\/uploads\\\/2022\\\/09\\\/1011-0540026-1.jpg\",\"contentUrl\":\"https:\\\/\\\/tibladin.dk\\\/wp-content\\\/uploads\\\/2022\\\/09\\\/1011-0540026-1.jpg\",\"width\":850,\"height\":800,\"caption\":\"Sort marokkansk h\u00e5ndlavet pudebetr\u00e6k med hvide striber og ulddekorationer\"},{\"@type\":\"BreadcrumbList\",\"@id\":\"https:\\\/\\\/tibladin.dk\\\/produkt\\\/pudebetraek-med-uld-og-laedermoenster-moerkebrun\\\/#breadcrumb\",\"itemListElement\":[{\"@type\":\"ListItem\",\"position\":1,\"name\":\"Hjem\",\"item\":\"https:\\\/\\\/tibladin.dk\\\/\"},{\"@type\":\"ListItem\",\"position\":2,\"name\":\"Shop\",\"item\":\"https:\\\/\\\/tibladin.dk\\\/shop\\\/\"},{\"@type\":\"ListItem\",\"position\":3,\"name\":\"Pudebetr\u00e6k med uld og l\u00e6derm\u00f8nster (m\u00f8rkebrun)\"}]},{\"@type\":\"WebSite\",\"@id\":\"https:\\\/\\\/tibladin.dk\\\/#website\",\"url\":\"https:\\\/\\\/tibladin.dk\\\/\",\"name\":\"Tibladin\",\"description\":\"Tibladin\",\"publisher\":{\"@id\":\"https:\\\/\\\/tibladin.dk\\\/#organization\"},\"potentialAction\":[{\"@type\":\"SearchAction\",\"target\":{\"@type\":\"EntryPoint\",\"urlTemplate\":\"https:\\\/\\\/tibladin.dk\\\/?s={search_term_string}\"},\"query-input\":{\"@type\":\"PropertyValueSpecification\",\"valueRequired\":true,\"valueName\":\"search_term_string\"}}],\"inLanguage\":\"fr-FR\"},{\"@type\":\"Organization\",\"@id\":\"https:\\\/\\\/tibladin.dk\\\/#organization\",\"name\":\"Tibladin\",\"url\":\"https:\\\/\\\/tibladin.dk\\\/\",\"logo\":{\"@type\":\"ImageObject\",\"inLanguage\":\"fr-FR\",\"@id\":\"https:\\\/\\\/tibladin.dk\\\/#\\\/schema\\\/logo\\\/image\\\/\",\"url\":\"https:\\\/\\\/tibladin.dk\\\/wp-content\\\/uploads\\\/2022\\\/09\\\/tibladin_logo.svg\",\"contentUrl\":\"https:\\\/\\\/tibladin.dk\\\/wp-content\\\/uploads\\\/2022\\\/09\\\/tibladin_logo.svg\",\"caption\":\"Tibladin\"},\"image\":{\"@id\":\"https:\\\/\\\/tibladin.dk\\\/#\\\/schema\\\/logo\\\/image\\\/\"}}]}<\/script>\n<!-- \/ Yoast SEO plugin. -->","yoast_head_json":{"title":"Housses de coussin fines confectionn\u00e9es en tapis berb\u00e8re Kiria | Tibladine","description":"Housse de coussin en tapis berb\u00e8re pour votre canap\u00e9 dans de jolies nuances. Convient aux oreillers 40X40, selon le degr\u00e9 de remplissage souhait\u00e9 de votre oreiller.","robots":{"index":"index","follow":"follow","max-snippet":"max-snippet:-1","max-image-preview":"max-image-preview:large","max-video-preview":"max-video-preview:-1"},"canonical":"https:\/\/tibladin.dk\/fr\/produit-4\/housse-de-coussin-avec-motif-laine-et-cuir-marron-fonce\/","og_locale":"fr_FR","og_type":"article","og_title":"Fine pudebetr\u00e6k lavet i berbisk t\u00e6ppe Kiria | Tibladin","og_description":"Berbisk t\u00e6ppe pudebetr\u00e6k til din sofa i dejlige nuancer. Passer til 40X40 puder, alt efter hvor fyldig du \u00f8nsker din pude.","og_url":"https:\/\/tibladin.dk\/fr\/produit-4\/housse-de-coussin-avec-motif-laine-et-cuir-marron-fonce\/","og_site_name":"Tibladin","article_modified_time":"2024-12-09T13:44:44+00:00","og_image":[{"width":850,"height":800,"url":"https:\/\/tibladin.dk\/wp-content\/uploads\/2022\/09\/1011-0540026-1.jpg","type":"image\/jpeg"}],"twitter_card":"summary_large_image","twitter_misc":{"Dur\u00e9e de lecture estim\u00e9e":"1 minute"},"schema":{"@context":"https:\/\/schema.org","@graph":[{"@type":"WebPage","@id":"https:\/\/tibladin.dk\/produkt\/pudebetraek-med-uld-og-laedermoenster-moerkebrun\/","url":"https:\/\/tibladin.dk\/produkt\/pudebetraek-med-uld-og-laedermoenster-moerkebrun\/","name":"Housses de coussin fines confectionn\u00e9es en tapis berb\u00e8re Kiria | Tibladine","isPartOf":{"@id":"https:\/\/tibladin.dk\/#website"},"primaryImageOfPage":{"@id":"https:\/\/tibladin.dk\/produkt\/pudebetraek-med-uld-og-laedermoenster-moerkebrun\/#primaryimage"},"image":{"@id":"https:\/\/tibladin.dk\/produkt\/pudebetraek-med-uld-og-laedermoenster-moerkebrun\/#primaryimage"},"thumbnailUrl":"https:\/\/tibladin.dk\/wp-content\/uploads\/2022\/09\/1011-0540026-1.jpg","datePublished":"2022-09-20T09:07:43+00:00","dateModified":"2024-12-09T13:44:44+00:00","description":"Housse de coussin en tapis berb\u00e8re pour votre canap\u00e9 dans de jolies nuances. Convient aux oreillers 40X40, selon le degr\u00e9 de remplissage souhait\u00e9 de votre oreiller.","breadcrumb":{"@id":"https:\/\/tibladin.dk\/produkt\/pudebetraek-med-uld-og-laedermoenster-moerkebrun\/#breadcrumb"},"inLanguage":"fr-FR","potentialAction":[{"@type":"ReadAction","target":["https:\/\/tibladin.dk\/produkt\/pudebetraek-med-uld-og-laedermoenster-moerkebrun\/"]}]},{"@type":"ImageObject","inLanguage":"fr-FR","@id":"https:\/\/tibladin.dk\/produkt\/pudebetraek-med-uld-og-laedermoenster-moerkebrun\/#primaryimage","url":"https:\/\/tibladin.dk\/wp-content\/uploads\/2022\/09\/1011-0540026-1.jpg","contentUrl":"https:\/\/tibladin.dk\/wp-content\/uploads\/2022\/09\/1011-0540026-1.jpg","width":850,"height":800,"caption":"Sort marokkansk h\u00e5ndlavet pudebetr\u00e6k med hvide striber og ulddekorationer"},{"@type":"BreadcrumbList","@id":"https:\/\/tibladin.dk\/produkt\/pudebetraek-med-uld-og-laedermoenster-moerkebrun\/#breadcrumb","itemListElement":[{"@type":"ListItem","position":1,"name":"Hjem","item":"https:\/\/tibladin.dk\/"},{"@type":"ListItem","position":2,"name":"Shop","item":"https:\/\/tibladin.dk\/shop\/"},{"@type":"ListItem","position":3,"name":"Pudebetr\u00e6k med uld og l\u00e6derm\u00f8nster (m\u00f8rkebrun)"}]},{"@type":"WebSite","@id":"https:\/\/tibladin.dk\/#website","url":"https:\/\/tibladin.dk\/","name":"Tibladin","description":"Tibladin","publisher":{"@id":"https:\/\/tibladin.dk\/#organization"},"potentialAction":[{"@type":"SearchAction","target":{"@type":"EntryPoint","urlTemplate":"https:\/\/tibladin.dk\/?s={search_term_string}"},"query-input":{"@type":"PropertyValueSpecification","valueRequired":true,"valueName":"search_term_string"}}],"inLanguage":"fr-FR"},{"@type":"Organization","@id":"https:\/\/tibladin.dk\/#organization","name":"Tibladin","url":"https:\/\/tibladin.dk\/","logo":{"@type":"ImageObject","inLanguage":"fr-FR","@id":"https:\/\/tibladin.dk\/#\/schema\/logo\/image\/","url":"https:\/\/tibladin.dk\/wp-content\/uploads\/2022\/09\/tibladin_logo.svg","contentUrl":"https:\/\/tibladin.dk\/wp-content\/uploads\/2022\/09\/tibladin_logo.svg","caption":"Tibladin"},"image":{"@id":"https:\/\/tibladin.dk\/#\/schema\/logo\/image\/"}}]}},"_links":{"self":[{"href":"https:\/\/tibladin.dk\/fr\/wp-json\/wp\/v2\/product\/1220","targetHints":{"allow":["GET"]}}],"collection":[{"href":"https:\/\/tibladin.dk\/fr\/wp-json\/wp\/v2\/product"}],"about":[{"href":"https:\/\/tibladin.dk\/fr\/wp-json\/wp\/v2\/types\/product"}],"wp:featuredmedia":[{"embeddable":true,"href":"https:\/\/tibladin.dk\/fr\/wp-json\/wp\/v2\/media\/1217"}],"wp:attachment":[{"href":"https:\/\/tibladin.dk\/fr\/wp-json\/wp\/v2\/media?parent=1220"}],"wp:term":[{"taxonomy":"product_brand","embeddable":true,"href":"https:\/\/tibladin.dk\/fr\/wp-json\/wp\/v2\/product_brand?post=1220"},{"taxonomy":"product_cat","embeddable":true,"href":"https:\/\/tibladin.dk\/fr\/wp-json\/wp\/v2\/product_cat?post=1220"},{"taxonomy":"product_tag","embeddable":true,"href":"https:\/\/tibladin.dk\/fr\/wp-json\/wp\/v2\/product_tag?post=1220"}],"curies":[{"name":"wp","href":"https:\/\/api.w.org\/{rel}","templated":true}]}}