{"id":12204,"date":"2024-04-09T09:13:31","date_gmt":"2024-04-09T07:13:31","guid":{"rendered":"https:\/\/tibladin.dk\/?post_type=product&#038;p=12204"},"modified":"2026-03-14T15:19:23","modified_gmt":"2026-03-14T14:19:23","slug":"bougie-parfumee-en-ceramique-tamegroute-2","status":"publish","type":"product","link":"https:\/\/tibladin.dk\/fr\/produkt\/duftlys-i-tamegroute-keramik-potte\/","title":{"rendered":"Bougie parfum\u00e9e en pot c\u00e9ramique Tamegroute"},"content":{"rendered":"<div class=\"wpb-content-wrapper\"><div class=\"vc_row wpb_row vc_row-fluid\"><div class=\"wpb_column vc_column_container vc_col-sm-4\"><div class=\"vc_column-inner\"><div class=\"wpb_wrapper\"><\/div><\/div><\/div><div class=\"wpb_column vc_column_container vc_col-sm-4\"><div class=\"vc_column-inner\"><div class=\"wpb_wrapper\"><h3 style=\"text-align: left\" class=\"vc_custom_heading vc_do_custom_heading\" >Entretien<\/h3>\n\t<div class=\"wpb_text_column wpb_content_element\" >\n\t\t<div class=\"wpb_wrapper\">\n\t\t\t<p>D\u00e9poussi\u00e9rez avec un chiffon \u00e0 poussi\u00e8re. Peut \u00eatre utilis\u00e9 comme cache-pot de fleur lorsque la lumi\u00e8re est \u00e9puis\u00e9e.<\/p>\n\n\t\t<\/div>\n\t<\/div>\n<\/div><\/div><\/div><div class=\"wpb_column vc_column_container vc_col-sm-4\"><div class=\"vc_column-inner\"><div class=\"wpb_wrapper\"><h3 style=\"text-align: left\" class=\"vc_custom_heading vc_do_custom_heading\" >L&#039;histoire derri\u00e8re<\/h3>\n\t<div class=\"wpb_text_column wpb_content_element\" >\n\t\t<div class=\"wpb_wrapper\">\n\t\t\t<p>La poterie Tamegroute est une mani\u00e8re traditionnelle de fabriquer de la poterie originaire des Marocains de la r\u00e9gion de Zagora. La mani\u00e8re dont elle est fabriqu\u00e9e et sa couleur verte unique sont ce qui caract\u00e9rise le mieux la c\u00e9ramique. De par sa fabrication, la c\u00e9ramique pr\u00e9sente une surface tr\u00e8s tactile. En m\u00eame temps qu'il est fabriqu\u00e9 \u00e0 la main, il peut \u00e9galement y avoir diverses petites variations dans les tailles, les couleurs et de la surface, ainsi que des imperfections dans la c\u00e9ramique. Cela fait partie du charme qu\u2019elle soit unique et donne plus de caract\u00e8re \u00e0 la c\u00e9ramique.<\/p>\n\n\t\t<\/div>\n\t<\/div>\n<\/div><\/div><\/div><\/div>\n<\/div>","protected":false},"excerpt":{"rendered":"<p>Apportez le parfum et le myst\u00e8re du Maroc dans votre maison avec ces belles bougies parfum\u00e9es dans un magnifique pot en c\u00e9ramique rustique Tamegroute.<\/p>\n<p>La bougie est disponible en trois parfums : Fleur d&#039;Oranger, Figue et Th\u00e9.<\/p>\n<p>Fleur d&#039;Oranger : Le parfum vous emm\u00e8ne dans les rues de Marrakech par une journ\u00e9e de printemps ensoleill\u00e9e et vous offre un baiser chaleureux et ensoleill\u00e9. La fleur d&#039;oranger est un parfum doux, frais et sensuel qui procure beaucoup de bien-\u00eatre.<\/p>\n<p>La figue : Une sieste de midi \u00e0 l&#039;ombre d&#039;un figuier au Maroc. Un m\u00e9lange de parfum de feuilles fra\u00eeches et de fruits sucr\u00e9s. Un parfum chaleureux et estival.<\/p>\n<p>Th\u00e9 : Un moment de calme, une tasse de th\u00e9 chaud \u00e0 la main. Propre, apaisant et frais, avec un parfum de calme et de bien-\u00eatre.<\/p>\n<p>Utilisez le beau pot Tamegroute comme pot de fleurs lorsque vous avez br\u00fbl\u00e9 toutes les bougies.<\/p>","protected":false},"featured_media":41358,"template":"","meta":{"inline_featured_image":false},"product_brand":[],"product_cat":[27,35,138],"product_tag":[],"class_list":{"0":"post-12204","1":"product","2":"type-product","3":"status-publish","4":"has-post-thumbnail","6":"product_cat-diverse","7":"product_cat-gaven-til-hende","8":"product_cat-tamegroute-keramik","10":"first","11":"instock","12":"taxable","13":"shipping-taxable","14":"purchasable","15":"product-type-variable"},"exclude_global_add_ons":false,"addons":[{"name":"Vous souhaitez un emballage cadeau ?","type":"checkbox","position":0,"required":false,"title_format":"label","default":"","description_enable":false,"description":"","placeholder_enable":false,"placeholder":"","display":"images","restrictions_type":"any_text","adjust_price":false,"price":"","price_type":"flat_fee","restrictions":false,"min":"0","max":"0","options":[{"label":"Ja tak","price":"10","price_type":"flat_fee","image":11015,"visibility":true}],"id":1669646111}],"yoast_head":"<!-- This site is optimized with the Yoast SEO plugin v27.4 - https:\/\/yoast.com\/product\/yoast-seo-wordpress\/ -->\n<title>Duftlys i Tamegroute keramik potte<\/title>\n<meta name=\"description\" content=\"Bring den sk\u00f8nneste duft ind i dit hjem med dette l\u00e6kre duft lys med orangeblomst, figen eller the duft - en sand duft af Marokko.\" \/>\n<meta name=\"robots\" content=\"index, follow, max-snippet:-1, max-image-preview:large, max-video-preview:-1\" \/>\n<link rel=\"canonical\" href=\"https:\/\/tibladin.dk\/fr\/produit-4\/bougie-parfumee-en-ceramique-tamegroute-2\/\" \/>\n<meta property=\"og:locale\" content=\"fr_FR\" \/>\n<meta property=\"og:type\" content=\"article\" \/>\n<meta property=\"og:title\" content=\"Duftlys i Tamegroute keramik potte\" \/>\n<meta property=\"og:description\" content=\"Bring den sk\u00f8nneste duft ind i dit hjem med dette l\u00e6kre duft lys med orangeblomst, figen eller the duft - en sand duft af Marokko.\" \/>\n<meta property=\"og:url\" content=\"https:\/\/tibladin.dk\/fr\/produit-4\/bougie-parfumee-en-ceramique-tamegroute-2\/\" \/>\n<meta property=\"og:site_name\" content=\"Tibladin\" \/>\n<meta property=\"article:modified_time\" content=\"2026-03-14T14:19:23+00:00\" \/>\n<meta property=\"og:image\" content=\"https:\/\/tibladin.dk\/wp-content\/uploads\/2025\/10\/duftlys_1.jpg\" \/>\n\t<meta property=\"og:image:width\" content=\"800\" \/>\n\t<meta property=\"og:image:height\" content=\"800\" \/>\n\t<meta property=\"og:image:type\" content=\"image\/jpeg\" \/>\n<meta name=\"twitter:card\" content=\"summary_large_image\" \/>\n<meta name=\"twitter:label1\" content=\"Dur\u00e9e de lecture estim\u00e9e\" \/>\n\t<meta name=\"twitter:data1\" content=\"2 minutes\" \/>\n<script type=\"application\/ld+json\" class=\"yoast-schema-graph\">{\"@context\":\"https:\\\/\\\/schema.org\",\"@graph\":[{\"@type\":\"WebPage\",\"@id\":\"https:\\\/\\\/tibladin.dk\\\/produkt\\\/duftlys-i-tamegroute-keramik-potte\\\/\",\"url\":\"https:\\\/\\\/tibladin.dk\\\/produkt\\\/duftlys-i-tamegroute-keramik-potte\\\/\",\"name\":\"Duftlys i Tamegroute keramik potte\",\"isPartOf\":{\"@id\":\"https:\\\/\\\/tibladin.dk\\\/#website\"},\"primaryImageOfPage\":{\"@id\":\"https:\\\/\\\/tibladin.dk\\\/produkt\\\/duftlys-i-tamegroute-keramik-potte\\\/#primaryimage\"},\"image\":{\"@id\":\"https:\\\/\\\/tibladin.dk\\\/produkt\\\/duftlys-i-tamegroute-keramik-potte\\\/#primaryimage\"},\"thumbnailUrl\":\"https:\\\/\\\/tibladin.dk\\\/wp-content\\\/uploads\\\/2025\\\/10\\\/duftlys_1.jpg\",\"datePublished\":\"2024-04-09T07:13:31+00:00\",\"dateModified\":\"2026-03-14T14:19:23+00:00\",\"description\":\"Bring den sk\u00f8nneste duft ind i dit hjem med dette l\u00e6kre duft lys med orangeblomst, figen eller the duft - en sand duft af Marokko.\",\"breadcrumb\":{\"@id\":\"https:\\\/\\\/tibladin.dk\\\/produkt\\\/duftlys-i-tamegroute-keramik-potte\\\/#breadcrumb\"},\"inLanguage\":\"fr-FR\",\"potentialAction\":[{\"@type\":\"ReadAction\",\"target\":[\"https:\\\/\\\/tibladin.dk\\\/produkt\\\/duftlys-i-tamegroute-keramik-potte\\\/\"]}]},{\"@type\":\"ImageObject\",\"inLanguage\":\"fr-FR\",\"@id\":\"https:\\\/\\\/tibladin.dk\\\/produkt\\\/duftlys-i-tamegroute-keramik-potte\\\/#primaryimage\",\"url\":\"https:\\\/\\\/tibladin.dk\\\/wp-content\\\/uploads\\\/2025\\\/10\\\/duftlys_1.jpg\",\"contentUrl\":\"https:\\\/\\\/tibladin.dk\\\/wp-content\\\/uploads\\\/2025\\\/10\\\/duftlys_1.jpg\",\"width\":800,\"height\":800,\"caption\":\"duftlys_1\"},{\"@type\":\"BreadcrumbList\",\"@id\":\"https:\\\/\\\/tibladin.dk\\\/produkt\\\/duftlys-i-tamegroute-keramik-potte\\\/#breadcrumb\",\"itemListElement\":[{\"@type\":\"ListItem\",\"position\":1,\"name\":\"Hjem\",\"item\":\"https:\\\/\\\/tibladin.dk\\\/\"},{\"@type\":\"ListItem\",\"position\":2,\"name\":\"Shop\",\"item\":\"https:\\\/\\\/tibladin.dk\\\/shop\\\/\"},{\"@type\":\"ListItem\",\"position\":3,\"name\":\"Duftlys i Tamegroute keramik potte\"}]},{\"@type\":\"WebSite\",\"@id\":\"https:\\\/\\\/tibladin.dk\\\/#website\",\"url\":\"https:\\\/\\\/tibladin.dk\\\/\",\"name\":\"Tibladin\",\"description\":\"Tibladin\",\"publisher\":{\"@id\":\"https:\\\/\\\/tibladin.dk\\\/#organization\"},\"potentialAction\":[{\"@type\":\"SearchAction\",\"target\":{\"@type\":\"EntryPoint\",\"urlTemplate\":\"https:\\\/\\\/tibladin.dk\\\/?s={search_term_string}\"},\"query-input\":{\"@type\":\"PropertyValueSpecification\",\"valueRequired\":true,\"valueName\":\"search_term_string\"}}],\"inLanguage\":\"fr-FR\"},{\"@type\":\"Organization\",\"@id\":\"https:\\\/\\\/tibladin.dk\\\/#organization\",\"name\":\"Tibladin\",\"url\":\"https:\\\/\\\/tibladin.dk\\\/\",\"logo\":{\"@type\":\"ImageObject\",\"inLanguage\":\"fr-FR\",\"@id\":\"https:\\\/\\\/tibladin.dk\\\/#\\\/schema\\\/logo\\\/image\\\/\",\"url\":\"https:\\\/\\\/tibladin.dk\\\/wp-content\\\/uploads\\\/2022\\\/09\\\/tibladin_logo.svg\",\"contentUrl\":\"https:\\\/\\\/tibladin.dk\\\/wp-content\\\/uploads\\\/2022\\\/09\\\/tibladin_logo.svg\",\"caption\":\"Tibladin\"},\"image\":{\"@id\":\"https:\\\/\\\/tibladin.dk\\\/#\\\/schema\\\/logo\\\/image\\\/\"}}]}<\/script>\n<!-- \/ Yoast SEO plugin. -->","yoast_head_json":{"title":"Bougie parfum\u00e9e en pot c\u00e9ramique Tamegroute","description":"Apportez le plus beau parfum dans votre maison avec cette d\u00e9licieuse bougie parfum\u00e9e au parfum de fleur d&#039;oranger, de figue ou de th\u00e9 - un v\u00e9ritable parfum du Maroc.","robots":{"index":"index","follow":"follow","max-snippet":"max-snippet:-1","max-image-preview":"max-image-preview:large","max-video-preview":"max-video-preview:-1"},"canonical":"https:\/\/tibladin.dk\/fr\/produit-4\/bougie-parfumee-en-ceramique-tamegroute-2\/","og_locale":"fr_FR","og_type":"article","og_title":"Duftlys i Tamegroute keramik potte","og_description":"Bring den sk\u00f8nneste duft ind i dit hjem med dette l\u00e6kre duft lys med orangeblomst, figen eller the duft - en sand duft af Marokko.","og_url":"https:\/\/tibladin.dk\/fr\/produit-4\/bougie-parfumee-en-ceramique-tamegroute-2\/","og_site_name":"Tibladin","article_modified_time":"2026-03-14T14:19:23+00:00","og_image":[{"width":800,"height":800,"url":"https:\/\/tibladin.dk\/wp-content\/uploads\/2025\/10\/duftlys_1.jpg","type":"image\/jpeg"}],"twitter_card":"summary_large_image","twitter_misc":{"Dur\u00e9e de lecture estim\u00e9e":"2 minutes"},"schema":{"@context":"https:\/\/schema.org","@graph":[{"@type":"WebPage","@id":"https:\/\/tibladin.dk\/produkt\/duftlys-i-tamegroute-keramik-potte\/","url":"https:\/\/tibladin.dk\/produkt\/duftlys-i-tamegroute-keramik-potte\/","name":"Bougie parfum\u00e9e en pot c\u00e9ramique Tamegroute","isPartOf":{"@id":"https:\/\/tibladin.dk\/#website"},"primaryImageOfPage":{"@id":"https:\/\/tibladin.dk\/produkt\/duftlys-i-tamegroute-keramik-potte\/#primaryimage"},"image":{"@id":"https:\/\/tibladin.dk\/produkt\/duftlys-i-tamegroute-keramik-potte\/#primaryimage"},"thumbnailUrl":"https:\/\/tibladin.dk\/wp-content\/uploads\/2025\/10\/duftlys_1.jpg","datePublished":"2024-04-09T07:13:31+00:00","dateModified":"2026-03-14T14:19:23+00:00","description":"Apportez le plus beau parfum dans votre maison avec cette d\u00e9licieuse bougie parfum\u00e9e au parfum de fleur d&#039;oranger, de figue ou de th\u00e9 - un v\u00e9ritable parfum du Maroc.","breadcrumb":{"@id":"https:\/\/tibladin.dk\/produkt\/duftlys-i-tamegroute-keramik-potte\/#breadcrumb"},"inLanguage":"fr-FR","potentialAction":[{"@type":"ReadAction","target":["https:\/\/tibladin.dk\/produkt\/duftlys-i-tamegroute-keramik-potte\/"]}]},{"@type":"ImageObject","inLanguage":"fr-FR","@id":"https:\/\/tibladin.dk\/produkt\/duftlys-i-tamegroute-keramik-potte\/#primaryimage","url":"https:\/\/tibladin.dk\/wp-content\/uploads\/2025\/10\/duftlys_1.jpg","contentUrl":"https:\/\/tibladin.dk\/wp-content\/uploads\/2025\/10\/duftlys_1.jpg","width":800,"height":800,"caption":"duftlys_1"},{"@type":"BreadcrumbList","@id":"https:\/\/tibladin.dk\/produkt\/duftlys-i-tamegroute-keramik-potte\/#breadcrumb","itemListElement":[{"@type":"ListItem","position":1,"name":"Hjem","item":"https:\/\/tibladin.dk\/"},{"@type":"ListItem","position":2,"name":"Shop","item":"https:\/\/tibladin.dk\/shop\/"},{"@type":"ListItem","position":3,"name":"Duftlys i Tamegroute keramik potte"}]},{"@type":"WebSite","@id":"https:\/\/tibladin.dk\/#website","url":"https:\/\/tibladin.dk\/","name":"Tibladin","description":"Tibladin","publisher":{"@id":"https:\/\/tibladin.dk\/#organization"},"potentialAction":[{"@type":"SearchAction","target":{"@type":"EntryPoint","urlTemplate":"https:\/\/tibladin.dk\/?s={search_term_string}"},"query-input":{"@type":"PropertyValueSpecification","valueRequired":true,"valueName":"search_term_string"}}],"inLanguage":"fr-FR"},{"@type":"Organization","@id":"https:\/\/tibladin.dk\/#organization","name":"Tibladin","url":"https:\/\/tibladin.dk\/","logo":{"@type":"ImageObject","inLanguage":"fr-FR","@id":"https:\/\/tibladin.dk\/#\/schema\/logo\/image\/","url":"https:\/\/tibladin.dk\/wp-content\/uploads\/2022\/09\/tibladin_logo.svg","contentUrl":"https:\/\/tibladin.dk\/wp-content\/uploads\/2022\/09\/tibladin_logo.svg","caption":"Tibladin"},"image":{"@id":"https:\/\/tibladin.dk\/#\/schema\/logo\/image\/"}}]}},"_links":{"self":[{"href":"https:\/\/tibladin.dk\/fr\/wp-json\/wp\/v2\/product\/12204","targetHints":{"allow":["GET"]}}],"collection":[{"href":"https:\/\/tibladin.dk\/fr\/wp-json\/wp\/v2\/product"}],"about":[{"href":"https:\/\/tibladin.dk\/fr\/wp-json\/wp\/v2\/types\/product"}],"wp:featuredmedia":[{"embeddable":true,"href":"https:\/\/tibladin.dk\/fr\/wp-json\/wp\/v2\/media\/41358"}],"wp:attachment":[{"href":"https:\/\/tibladin.dk\/fr\/wp-json\/wp\/v2\/media?parent=12204"}],"wp:term":[{"taxonomy":"product_brand","embeddable":true,"href":"https:\/\/tibladin.dk\/fr\/wp-json\/wp\/v2\/product_brand?post=12204"},{"taxonomy":"product_cat","embeddable":true,"href":"https:\/\/tibladin.dk\/fr\/wp-json\/wp\/v2\/product_cat?post=12204"},{"taxonomy":"product_tag","embeddable":true,"href":"https:\/\/tibladin.dk\/fr\/wp-json\/wp\/v2\/product_tag?post=12204"}],"curies":[{"name":"wp","href":"https:\/\/api.w.org\/{rel}","templated":true}]}}