{"id":12413,"date":"2024-04-29T19:36:50","date_gmt":"2024-04-29T17:36:50","guid":{"rendered":"https:\/\/tibladin.dk\/?post_type=product&#038;p=12413"},"modified":"2025-07-23T10:05:10","modified_gmt":"2025-07-23T08:05:10","slug":"grand-sac-de-plage-shopper-%c2%b7-jmel","status":"publish","type":"product","link":"https:\/\/tibladin.dk\/fr\/produkt\/stort-strandtaske-shopper-%c2%b7-jmel\/","title":{"rendered":"Grand sac de plage \/ Shopper \u00b7 JMEL"},"content":{"rendered":"<div class=\"wpb-content-wrapper\"><div class=\"vc_row wpb_row vc_row-fluid\"><div class=\"wpb_column vc_column_container vc_col-sm-4\"><div class=\"vc_column-inner\"><div class=\"wpb_wrapper\">\n\t<div class=\"wpb_video_widget wpb_content_element vc_clearfix   vc_video-aspect-ratio-169 vc_video-el-width-100 vc_video-align-left\" >\n\t\t<div class=\"wpb_wrapper\">\n\t\t\t\n\t\t\t<div class=\"wpb_video_wrapper\"><div class=\"video-container\"><iframe loading=\"lazy\" title=\"JMEL fait ses courses\" src=\"https:\/\/player.vimeo.com\/video\/940918133?dnt=1&amp;app_id=122963\" width=\"310\" height=\"310\" frameborder=\"0\" allow=\"autoplay; fullscreen; picture-in-picture; clipboard-write\"><\/iframe><\/div><\/div>\n\t\t<\/div>\n\t<\/div>\n<\/div><\/div><\/div><div class=\"wpb_column vc_column_container vc_col-sm-4\"><div class=\"vc_column-inner\"><div class=\"wpb_wrapper\"><h3 style=\"text-align: left\" class=\"vc_custom_heading vc_do_custom_heading\" >Entretien<\/h3>\n\t<div class=\"wpb_text_column wpb_content_element\" >\n\t\t<div class=\"wpb_wrapper\">\n\t\t\t<p>Peut \u00eatre essuy\u00e9 avec un chiffon bien essor\u00e9<\/p>\n\n\t\t<\/div>\n\t<\/div>\n<\/div><\/div><\/div><div class=\"wpb_column vc_column_container vc_col-sm-4\"><div class=\"vc_column-inner\"><div class=\"wpb_wrapper\"><h3 style=\"text-align: left\" class=\"vc_custom_heading vc_do_custom_heading\" >L&#039;histoire derri\u00e8re<\/h3>\n\t<div class=\"wpb_text_column wpb_content_element\" >\n\t\t<div class=\"wpb_wrapper\">\n\t\t\t<p>Magnifique grand sac\/shopper de plage tress\u00e9 \u00e0 la main \u00e0 partir de feuilles de palmier \u00e0 Marrakech et orn\u00e9 d&#039;un beau fil couleur bronche\/marron.<\/p>\n\n\t\t<\/div>\n\t<\/div>\n<\/div><\/div><\/div><\/div>\n<\/div>","protected":false},"excerpt":{"rendered":"<p>Grand et spacieux sac de plage\/shopper tiss\u00e9 \u00e0 la main \u00e0 partir de feuilles de palmier et motif brod\u00e9 en fil couleur cuivre.<\/p>\n<p>Le sac est fabriqu\u00e9 dans notre atelier \u00e0 Marrakech, o\u00f9 le savoir-faire se transmet de g\u00e9n\u00e9ration en g\u00e9n\u00e9ration. Bonne qualit\u00e9 et savoir-faire solide.<\/p>\n<p>Le sac mesure 55 cm de long, 35 cm de haut et 30 cm de large dans l&#039;ouverture sans expansion (il peut \u00eatre beaucoup agrandi)<\/p>\n<p>\u00c0 l&#039;int\u00e9rieur du sac se trouve un sac qui peut \u00eatre compl\u00e8tement ferm\u00e9 avec des lacets afin que vos affaires ne tombent pas.<\/p>","protected":false},"featured_media":12421,"template":"","meta":{"inline_featured_image":false},"product_brand":[],"product_cat":[27,29,31],"product_tag":[],"class_list":{"0":"post-12413","1":"product","2":"type-product","3":"status-publish","4":"has-post-thumbnail","6":"product_cat-diverse","7":"product_cat-gaven-til-den-unge-pige","8":"product_cat-tasker","10":"first","11":"instock","12":"taxable","13":"shipping-taxable","14":"purchasable","15":"product-type-simple"},"exclude_global_add_ons":false,"addons":[{"name":"Vous souhaitez un emballage cadeau ?","type":"checkbox","position":0,"required":false,"title_format":"label","default":"","description_enable":false,"description":"","placeholder_enable":false,"placeholder":"","display":"images","restrictions_type":"any_text","adjust_price":false,"price":"","price_type":"flat_fee","restrictions":false,"min":"0","max":"0","options":[{"label":"Ja tak","price":"10","price_type":"flat_fee","image":11015,"visibility":true}],"id":1669646111}],"yoast_head":"<!-- This site is optimized with the Yoast SEO plugin v27.4 - https:\/\/yoast.com\/product\/yoast-seo-wordpress\/ -->\n<title>Marokkansk h\u00e5ndflettet strandtaske\/shopper | Lige nu hos Tibladin<\/title>\n<meta name=\"description\" content=\"Rummelig taske flettet af palmeblade og broderet m\u00f8nster i kopperfarvet tr\u00e5d | Fyld tasken og tag ud i det bl\u00e5. Med praktisk pose indvendig..\" \/>\n<meta name=\"robots\" content=\"index, follow, max-snippet:-1, max-image-preview:large, max-video-preview:-1\" \/>\n<link rel=\"canonical\" href=\"https:\/\/tibladin.dk\/fr\/produit-4\/grand-sac-de-plage-shopper-\u00b7-jmel\/\" \/>\n<meta property=\"og:locale\" content=\"fr_FR\" \/>\n<meta property=\"og:type\" content=\"article\" \/>\n<meta property=\"og:title\" content=\"Marokkansk h\u00e5ndflettet strandtaske\/shopper | Lige nu hos Tibladin\" \/>\n<meta property=\"og:description\" content=\"Rummelig taske flettet af palmeblade og broderet m\u00f8nster i kopperfarvet tr\u00e5d | Fyld tasken og tag ud i det bl\u00e5. Med praktisk pose indvendig..\" \/>\n<meta property=\"og:url\" content=\"https:\/\/tibladin.dk\/fr\/produit-4\/grand-sac-de-plage-shopper-\u00b7-jmel\/\" \/>\n<meta property=\"og:site_name\" content=\"Tibladin\" \/>\n<meta property=\"article:modified_time\" content=\"2025-07-23T08:05:10+00:00\" \/>\n<meta property=\"og:image\" content=\"https:\/\/tibladin.dk\/wp-content\/uploads\/2024\/04\/Jmel-strandtaske_LS7.jpg\" \/>\n\t<meta property=\"og:image:width\" content=\"800\" \/>\n\t<meta property=\"og:image:height\" content=\"800\" \/>\n\t<meta property=\"og:image:type\" content=\"image\/jpeg\" \/>\n<meta name=\"twitter:card\" content=\"summary_large_image\" \/>\n<meta name=\"twitter:label1\" content=\"Dur\u00e9e de lecture estim\u00e9e\" \/>\n\t<meta name=\"twitter:data1\" content=\"1 minute\" \/>\n<script type=\"application\/ld+json\" class=\"yoast-schema-graph\">{\"@context\":\"https:\\\/\\\/schema.org\",\"@graph\":[{\"@type\":\"WebPage\",\"@id\":\"https:\\\/\\\/tibladin.dk\\\/produkt\\\/stort-strandtaske-shopper-%c2%b7-jmel\\\/\",\"url\":\"https:\\\/\\\/tibladin.dk\\\/produkt\\\/stort-strandtaske-shopper-%c2%b7-jmel\\\/\",\"name\":\"Marokkansk h\u00e5ndflettet strandtaske\\\/shopper | Lige nu hos Tibladin\",\"isPartOf\":{\"@id\":\"https:\\\/\\\/tibladin.dk\\\/#website\"},\"primaryImageOfPage\":{\"@id\":\"https:\\\/\\\/tibladin.dk\\\/produkt\\\/stort-strandtaske-shopper-%c2%b7-jmel\\\/#primaryimage\"},\"image\":{\"@id\":\"https:\\\/\\\/tibladin.dk\\\/produkt\\\/stort-strandtaske-shopper-%c2%b7-jmel\\\/#primaryimage\"},\"thumbnailUrl\":\"https:\\\/\\\/tibladin.dk\\\/wp-content\\\/uploads\\\/2024\\\/04\\\/Jmel-strandtaske_LS7.jpg\",\"datePublished\":\"2024-04-29T17:36:50+00:00\",\"dateModified\":\"2025-07-23T08:05:10+00:00\",\"description\":\"Rummelig taske flettet af palmeblade og broderet m\u00f8nster i kopperfarvet tr\u00e5d | Fyld tasken og tag ud i det bl\u00e5. Med praktisk pose indvendig..\",\"breadcrumb\":{\"@id\":\"https:\\\/\\\/tibladin.dk\\\/produkt\\\/stort-strandtaske-shopper-%c2%b7-jmel\\\/#breadcrumb\"},\"inLanguage\":\"fr-FR\",\"potentialAction\":[{\"@type\":\"ReadAction\",\"target\":[\"https:\\\/\\\/tibladin.dk\\\/produkt\\\/stort-strandtaske-shopper-%c2%b7-jmel\\\/\"]}]},{\"@type\":\"ImageObject\",\"inLanguage\":\"fr-FR\",\"@id\":\"https:\\\/\\\/tibladin.dk\\\/produkt\\\/stort-strandtaske-shopper-%c2%b7-jmel\\\/#primaryimage\",\"url\":\"https:\\\/\\\/tibladin.dk\\\/wp-content\\\/uploads\\\/2024\\\/04\\\/Jmel-strandtaske_LS7.jpg\",\"contentUrl\":\"https:\\\/\\\/tibladin.dk\\\/wp-content\\\/uploads\\\/2024\\\/04\\\/Jmel-strandtaske_LS7.jpg\",\"width\":800,\"height\":800,\"caption\":\"Marokkansk strandtaske_JMEL\"},{\"@type\":\"BreadcrumbList\",\"@id\":\"https:\\\/\\\/tibladin.dk\\\/produkt\\\/stort-strandtaske-shopper-%c2%b7-jmel\\\/#breadcrumb\",\"itemListElement\":[{\"@type\":\"ListItem\",\"position\":1,\"name\":\"Hjem\",\"item\":\"https:\\\/\\\/tibladin.dk\\\/\"},{\"@type\":\"ListItem\",\"position\":2,\"name\":\"Shop\",\"item\":\"https:\\\/\\\/tibladin.dk\\\/shop\\\/\"},{\"@type\":\"ListItem\",\"position\":3,\"name\":\"Stort strandtaske \\\/ Shopper \u00b7 JMEL\"}]},{\"@type\":\"WebSite\",\"@id\":\"https:\\\/\\\/tibladin.dk\\\/#website\",\"url\":\"https:\\\/\\\/tibladin.dk\\\/\",\"name\":\"Tibladin\",\"description\":\"Tibladin\",\"publisher\":{\"@id\":\"https:\\\/\\\/tibladin.dk\\\/#organization\"},\"potentialAction\":[{\"@type\":\"SearchAction\",\"target\":{\"@type\":\"EntryPoint\",\"urlTemplate\":\"https:\\\/\\\/tibladin.dk\\\/?s={search_term_string}\"},\"query-input\":{\"@type\":\"PropertyValueSpecification\",\"valueRequired\":true,\"valueName\":\"search_term_string\"}}],\"inLanguage\":\"fr-FR\"},{\"@type\":\"Organization\",\"@id\":\"https:\\\/\\\/tibladin.dk\\\/#organization\",\"name\":\"Tibladin\",\"url\":\"https:\\\/\\\/tibladin.dk\\\/\",\"logo\":{\"@type\":\"ImageObject\",\"inLanguage\":\"fr-FR\",\"@id\":\"https:\\\/\\\/tibladin.dk\\\/#\\\/schema\\\/logo\\\/image\\\/\",\"url\":\"https:\\\/\\\/tibladin.dk\\\/wp-content\\\/uploads\\\/2022\\\/09\\\/tibladin_logo.svg\",\"contentUrl\":\"https:\\\/\\\/tibladin.dk\\\/wp-content\\\/uploads\\\/2022\\\/09\\\/tibladin_logo.svg\",\"caption\":\"Tibladin\"},\"image\":{\"@id\":\"https:\\\/\\\/tibladin.dk\\\/#\\\/schema\\\/logo\\\/image\\\/\"}}]}<\/script>\n<!-- \/ Yoast SEO plugin. -->","yoast_head_json":{"title":"Sac de plage\/shopper tress\u00e9 \u00e0 la main marocaine | En ce moment \u00e0 Tibladin","description":"Sac spacieux tiss\u00e9 \u00e0 partir de feuilles de palmier et motif brod\u00e9 en fil couleur cuivre | Remplissez le sac et partez dans le bleu. Avec sac pratique \u00e0 l&#039;int\u00e9rieur.","robots":{"index":"index","follow":"follow","max-snippet":"max-snippet:-1","max-image-preview":"max-image-preview:large","max-video-preview":"max-video-preview:-1"},"canonical":"https:\/\/tibladin.dk\/fr\/produit-4\/grand-sac-de-plage-shopper-\u00b7-jmel\/","og_locale":"fr_FR","og_type":"article","og_title":"Marokkansk h\u00e5ndflettet strandtaske\/shopper | Lige nu hos Tibladin","og_description":"Rummelig taske flettet af palmeblade og broderet m\u00f8nster i kopperfarvet tr\u00e5d | Fyld tasken og tag ud i det bl\u00e5. Med praktisk pose indvendig..","og_url":"https:\/\/tibladin.dk\/fr\/produit-4\/grand-sac-de-plage-shopper-\u00b7-jmel\/","og_site_name":"Tibladin","article_modified_time":"2025-07-23T08:05:10+00:00","og_image":[{"width":800,"height":800,"url":"https:\/\/tibladin.dk\/wp-content\/uploads\/2024\/04\/Jmel-strandtaske_LS7.jpg","type":"image\/jpeg"}],"twitter_card":"summary_large_image","twitter_misc":{"Dur\u00e9e de lecture estim\u00e9e":"1 minute"},"schema":{"@context":"https:\/\/schema.org","@graph":[{"@type":"WebPage","@id":"https:\/\/tibladin.dk\/produkt\/stort-strandtaske-shopper-%c2%b7-jmel\/","url":"https:\/\/tibladin.dk\/produkt\/stort-strandtaske-shopper-%c2%b7-jmel\/","name":"Sac de plage\/shopper tress\u00e9 \u00e0 la main marocaine | En ce moment \u00e0 Tibladin","isPartOf":{"@id":"https:\/\/tibladin.dk\/#website"},"primaryImageOfPage":{"@id":"https:\/\/tibladin.dk\/produkt\/stort-strandtaske-shopper-%c2%b7-jmel\/#primaryimage"},"image":{"@id":"https:\/\/tibladin.dk\/produkt\/stort-strandtaske-shopper-%c2%b7-jmel\/#primaryimage"},"thumbnailUrl":"https:\/\/tibladin.dk\/wp-content\/uploads\/2024\/04\/Jmel-strandtaske_LS7.jpg","datePublished":"2024-04-29T17:36:50+00:00","dateModified":"2025-07-23T08:05:10+00:00","description":"Sac spacieux tiss\u00e9 \u00e0 partir de feuilles de palmier et motif brod\u00e9 en fil couleur cuivre | Remplissez le sac et partez dans le bleu. Avec sac pratique \u00e0 l&#039;int\u00e9rieur.","breadcrumb":{"@id":"https:\/\/tibladin.dk\/produkt\/stort-strandtaske-shopper-%c2%b7-jmel\/#breadcrumb"},"inLanguage":"fr-FR","potentialAction":[{"@type":"ReadAction","target":["https:\/\/tibladin.dk\/produkt\/stort-strandtaske-shopper-%c2%b7-jmel\/"]}]},{"@type":"ImageObject","inLanguage":"fr-FR","@id":"https:\/\/tibladin.dk\/produkt\/stort-strandtaske-shopper-%c2%b7-jmel\/#primaryimage","url":"https:\/\/tibladin.dk\/wp-content\/uploads\/2024\/04\/Jmel-strandtaske_LS7.jpg","contentUrl":"https:\/\/tibladin.dk\/wp-content\/uploads\/2024\/04\/Jmel-strandtaske_LS7.jpg","width":800,"height":800,"caption":"Marokkansk strandtaske_JMEL"},{"@type":"BreadcrumbList","@id":"https:\/\/tibladin.dk\/produkt\/stort-strandtaske-shopper-%c2%b7-jmel\/#breadcrumb","itemListElement":[{"@type":"ListItem","position":1,"name":"Hjem","item":"https:\/\/tibladin.dk\/"},{"@type":"ListItem","position":2,"name":"Shop","item":"https:\/\/tibladin.dk\/shop\/"},{"@type":"ListItem","position":3,"name":"Stort strandtaske \/ Shopper \u00b7 JMEL"}]},{"@type":"WebSite","@id":"https:\/\/tibladin.dk\/#website","url":"https:\/\/tibladin.dk\/","name":"Tibladin","description":"Tibladin","publisher":{"@id":"https:\/\/tibladin.dk\/#organization"},"potentialAction":[{"@type":"SearchAction","target":{"@type":"EntryPoint","urlTemplate":"https:\/\/tibladin.dk\/?s={search_term_string}"},"query-input":{"@type":"PropertyValueSpecification","valueRequired":true,"valueName":"search_term_string"}}],"inLanguage":"fr-FR"},{"@type":"Organization","@id":"https:\/\/tibladin.dk\/#organization","name":"Tibladin","url":"https:\/\/tibladin.dk\/","logo":{"@type":"ImageObject","inLanguage":"fr-FR","@id":"https:\/\/tibladin.dk\/#\/schema\/logo\/image\/","url":"https:\/\/tibladin.dk\/wp-content\/uploads\/2022\/09\/tibladin_logo.svg","contentUrl":"https:\/\/tibladin.dk\/wp-content\/uploads\/2022\/09\/tibladin_logo.svg","caption":"Tibladin"},"image":{"@id":"https:\/\/tibladin.dk\/#\/schema\/logo\/image\/"}}]}},"_links":{"self":[{"href":"https:\/\/tibladin.dk\/fr\/wp-json\/wp\/v2\/product\/12413","targetHints":{"allow":["GET"]}}],"collection":[{"href":"https:\/\/tibladin.dk\/fr\/wp-json\/wp\/v2\/product"}],"about":[{"href":"https:\/\/tibladin.dk\/fr\/wp-json\/wp\/v2\/types\/product"}],"wp:featuredmedia":[{"embeddable":true,"href":"https:\/\/tibladin.dk\/fr\/wp-json\/wp\/v2\/media\/12421"}],"wp:attachment":[{"href":"https:\/\/tibladin.dk\/fr\/wp-json\/wp\/v2\/media?parent=12413"}],"wp:term":[{"taxonomy":"product_brand","embeddable":true,"href":"https:\/\/tibladin.dk\/fr\/wp-json\/wp\/v2\/product_brand?post=12413"},{"taxonomy":"product_cat","embeddable":true,"href":"https:\/\/tibladin.dk\/fr\/wp-json\/wp\/v2\/product_cat?post=12413"},{"taxonomy":"product_tag","embeddable":true,"href":"https:\/\/tibladin.dk\/fr\/wp-json\/wp\/v2\/product_tag?post=12413"}],"curies":[{"name":"wp","href":"https:\/\/api.w.org\/{rel}","templated":true}]}}