{"id":12428,"date":"2024-04-30T10:20:50","date_gmt":"2024-04-30T08:20:50","guid":{"rendered":"https:\/\/tibladin.dk\/?post_type=product&#038;p=12428"},"modified":"2025-03-25T16:44:05","modified_gmt":"2025-03-25T15:44:05","slug":"sac-de-plage-en-osier-%c2%b7-chems","status":"publish","type":"product","link":"https:\/\/tibladin.dk\/fr\/produkt\/strandtaske-i-flet-%c2%b7-chems\/","title":{"rendered":"Sac de plage en osier \u00b7 CHEMS"},"content":{"rendered":"<div class=\"wpb-content-wrapper\"><div class=\"vc_row wpb_row vc_row-fluid\"><div class=\"wpb_column vc_column_container vc_col-sm-4\"><div class=\"vc_column-inner\"><div class=\"wpb_wrapper\"><\/div><\/div><\/div><div class=\"wpb_column vc_column_container vc_col-sm-4\"><div class=\"vc_column-inner\"><div class=\"wpb_wrapper\"><h3 style=\"text-align: left\" class=\"vc_custom_heading vc_do_custom_heading\" >Entretien<\/h3>\n\t<div class=\"wpb_text_column wpb_content_element\" >\n\t\t<div class=\"wpb_wrapper\">\n\t\t\t<p>Peut \u00eatre s\u00e9ch\u00e9 avec un chiffon dur et essor\u00e9<\/p>\n\n\t\t<\/div>\n\t<\/div>\n<\/div><\/div><\/div><div class=\"wpb_column vc_column_container vc_col-sm-4\"><div class=\"vc_column-inner\"><div class=\"wpb_wrapper\"><h3 style=\"text-align: left\" class=\"vc_custom_heading vc_do_custom_heading\" >L&#039;histoire derri\u00e8re<\/h3>\n\t<div class=\"wpb_text_column wpb_content_element\" >\n\t\t<div class=\"wpb_wrapper\">\n\t\t\t<p>Tiss\u00e9 \u00e0 la main par des artisans qualifi\u00e9s dans notre atelier \u00e0 Marrakech. La technique de tressage et le savoir-faire artisanal ont \u00e9t\u00e9 transmis de g\u00e9n\u00e9ration en g\u00e9n\u00e9ration. Beaux d\u00e9tails et savoir-faire solide.<\/p>\n\n\t\t<\/div>\n\t<\/div>\n<\/div><\/div><\/div><\/div>\n<\/div>","protected":false},"excerpt":{"rendered":"<p>Sac de plage\/shopper tress\u00e9 \u00e0 la main \u00e0 partir de feuilles de palmier. Le bord sup\u00e9rieur est tress\u00e9 selon un joli motif, ce qui donne au sac un look tr\u00e8s \u00e9l\u00e9gant. Le sac est dot\u00e9 de bandouli\u00e8res en cuir pratiques pour pouvoir \u00eatre port\u00e9 sur l&#039;\u00e9paule. \u00c0 l&#039;int\u00e9rieur se trouve un sac avec fermeture \u00e0 cordon, afin que vous puissiez suivre le contenu du sac.<\/p>\n<p>Un favori de l&#039;\u00e9t\u00e9 cet \u00e9t\u00e9, que vous partiez pour un voyage \u00e0 la plage ou en ville. \u00c9galement pratique \u00e0 emporter en vacances.<\/p>\n<p>Le tsaken mesure 47 cm de long et 30 cm de haut. L&#039;ouverture est de 20 cm, mais peut \u00eatre consid\u00e9rablement agrandie.<\/p>\n<p>Chems signifie soleil en arabe.<\/p>","protected":false},"featured_media":12430,"template":"","meta":{"inline_featured_image":false},"product_brand":[],"product_cat":[27,29,35,31],"product_tag":[],"class_list":{"0":"post-12428","1":"product","2":"type-product","3":"status-publish","4":"has-post-thumbnail","6":"product_cat-diverse","7":"product_cat-gaven-til-den-unge-pige","8":"product_cat-gaven-til-hende","9":"product_cat-tasker","11":"first","12":"instock","13":"taxable","14":"shipping-taxable","15":"purchasable","16":"product-type-simple"},"exclude_global_add_ons":false,"addons":[{"name":"Vous souhaitez un emballage cadeau ?","type":"checkbox","position":0,"required":false,"title_format":"label","default":"","description_enable":false,"description":"","placeholder_enable":false,"placeholder":"","display":"images","restrictions_type":"any_text","adjust_price":false,"price":"","price_type":"flat_fee","restrictions":false,"min":"0","max":"0","options":[{"label":"Ja tak","price":"10","price_type":"flat_fee","image":11015,"visibility":true}],"id":1669646111}],"yoast_head":"<!-- This site is optimized with the Yoast SEO plugin v27.4 - https:\/\/yoast.com\/product\/yoast-seo-wordpress\/ -->\n<title>H\u00e5ndflettet Strandtaske\/Tote bag med gult m\u00f8nster og l\u00e6dererm<\/title>\n<meta name=\"description\" content=\"L\u00e6kker kvalitets flettaske til en tur p\u00e5 stranden eller i byen i en flot solgul farve. Pose indvendig med snorluk | Bliv klar til denne sommer | Tibladin\" \/>\n<meta name=\"robots\" content=\"index, follow, max-snippet:-1, max-image-preview:large, max-video-preview:-1\" \/>\n<link rel=\"canonical\" href=\"https:\/\/tibladin.dk\/fr\/produit-4\/sac-de-plage-en-osier-\u00b7-chems\/\" \/>\n<meta property=\"og:locale\" content=\"fr_FR\" \/>\n<meta property=\"og:type\" content=\"article\" \/>\n<meta property=\"og:title\" content=\"H\u00e5ndflettet Strandtaske\/Tote bag med gult m\u00f8nster og l\u00e6dererm\" \/>\n<meta property=\"og:description\" content=\"L\u00e6kker kvalitets flettaske til en tur p\u00e5 stranden eller i byen i en flot solgul farve. Pose indvendig med snorluk | Bliv klar til denne sommer | Tibladin\" \/>\n<meta property=\"og:url\" content=\"https:\/\/tibladin.dk\/fr\/produit-4\/sac-de-plage-en-osier-\u00b7-chems\/\" \/>\n<meta property=\"og:site_name\" content=\"Tibladin\" \/>\n<meta property=\"article:modified_time\" content=\"2025-03-25T15:44:05+00:00\" \/>\n<meta property=\"og:image\" content=\"https:\/\/tibladin.dk\/wp-content\/uploads\/2024\/04\/Marokkansk-kurvetaske_Chems_LS2.jpg\" \/>\n\t<meta property=\"og:image:width\" content=\"800\" \/>\n\t<meta property=\"og:image:height\" content=\"800\" \/>\n\t<meta property=\"og:image:type\" content=\"image\/jpeg\" \/>\n<meta name=\"twitter:card\" content=\"summary_large_image\" \/>\n<meta name=\"twitter:label1\" content=\"Dur\u00e9e de lecture estim\u00e9e\" \/>\n\t<meta name=\"twitter:data1\" content=\"1 minute\" \/>\n<script type=\"application\/ld+json\" class=\"yoast-schema-graph\">{\"@context\":\"https:\\\/\\\/schema.org\",\"@graph\":[{\"@type\":\"WebPage\",\"@id\":\"https:\\\/\\\/tibladin.dk\\\/produkt\\\/strandtaske-i-flet-%c2%b7-chems\\\/\",\"url\":\"https:\\\/\\\/tibladin.dk\\\/produkt\\\/strandtaske-i-flet-%c2%b7-chems\\\/\",\"name\":\"H\u00e5ndflettet Strandtaske\\\/Tote bag med gult m\u00f8nster og l\u00e6dererm\",\"isPartOf\":{\"@id\":\"https:\\\/\\\/tibladin.dk\\\/#website\"},\"primaryImageOfPage\":{\"@id\":\"https:\\\/\\\/tibladin.dk\\\/produkt\\\/strandtaske-i-flet-%c2%b7-chems\\\/#primaryimage\"},\"image\":{\"@id\":\"https:\\\/\\\/tibladin.dk\\\/produkt\\\/strandtaske-i-flet-%c2%b7-chems\\\/#primaryimage\"},\"thumbnailUrl\":\"https:\\\/\\\/tibladin.dk\\\/wp-content\\\/uploads\\\/2024\\\/04\\\/Marokkansk-kurvetaske_Chems_LS2.jpg\",\"datePublished\":\"2024-04-30T08:20:50+00:00\",\"dateModified\":\"2025-03-25T15:44:05+00:00\",\"description\":\"L\u00e6kker kvalitets flettaske til en tur p\u00e5 stranden eller i byen i en flot solgul farve. Pose indvendig med snorluk | Bliv klar til denne sommer | Tibladin\",\"breadcrumb\":{\"@id\":\"https:\\\/\\\/tibladin.dk\\\/produkt\\\/strandtaske-i-flet-%c2%b7-chems\\\/#breadcrumb\"},\"inLanguage\":\"fr-FR\",\"potentialAction\":[{\"@type\":\"ReadAction\",\"target\":[\"https:\\\/\\\/tibladin.dk\\\/produkt\\\/strandtaske-i-flet-%c2%b7-chems\\\/\"]}]},{\"@type\":\"ImageObject\",\"inLanguage\":\"fr-FR\",\"@id\":\"https:\\\/\\\/tibladin.dk\\\/produkt\\\/strandtaske-i-flet-%c2%b7-chems\\\/#primaryimage\",\"url\":\"https:\\\/\\\/tibladin.dk\\\/wp-content\\\/uploads\\\/2024\\\/04\\\/Marokkansk-kurvetaske_Chems_LS2.jpg\",\"contentUrl\":\"https:\\\/\\\/tibladin.dk\\\/wp-content\\\/uploads\\\/2024\\\/04\\\/Marokkansk-kurvetaske_Chems_LS2.jpg\",\"width\":800,\"height\":800,\"caption\":\"Marokkansk kurvetaske_Chems i flet med gult m\u00f8nster\"},{\"@type\":\"BreadcrumbList\",\"@id\":\"https:\\\/\\\/tibladin.dk\\\/produkt\\\/strandtaske-i-flet-%c2%b7-chems\\\/#breadcrumb\",\"itemListElement\":[{\"@type\":\"ListItem\",\"position\":1,\"name\":\"Hjem\",\"item\":\"https:\\\/\\\/tibladin.dk\\\/\"},{\"@type\":\"ListItem\",\"position\":2,\"name\":\"Shop\",\"item\":\"https:\\\/\\\/tibladin.dk\\\/shop\\\/\"},{\"@type\":\"ListItem\",\"position\":3,\"name\":\"Strandtaske i flet \u00b7 CHEMS\"}]},{\"@type\":\"WebSite\",\"@id\":\"https:\\\/\\\/tibladin.dk\\\/#website\",\"url\":\"https:\\\/\\\/tibladin.dk\\\/\",\"name\":\"Tibladin\",\"description\":\"Tibladin\",\"publisher\":{\"@id\":\"https:\\\/\\\/tibladin.dk\\\/#organization\"},\"potentialAction\":[{\"@type\":\"SearchAction\",\"target\":{\"@type\":\"EntryPoint\",\"urlTemplate\":\"https:\\\/\\\/tibladin.dk\\\/?s={search_term_string}\"},\"query-input\":{\"@type\":\"PropertyValueSpecification\",\"valueRequired\":true,\"valueName\":\"search_term_string\"}}],\"inLanguage\":\"fr-FR\"},{\"@type\":\"Organization\",\"@id\":\"https:\\\/\\\/tibladin.dk\\\/#organization\",\"name\":\"Tibladin\",\"url\":\"https:\\\/\\\/tibladin.dk\\\/\",\"logo\":{\"@type\":\"ImageObject\",\"inLanguage\":\"fr-FR\",\"@id\":\"https:\\\/\\\/tibladin.dk\\\/#\\\/schema\\\/logo\\\/image\\\/\",\"url\":\"https:\\\/\\\/tibladin.dk\\\/wp-content\\\/uploads\\\/2022\\\/09\\\/tibladin_logo.svg\",\"contentUrl\":\"https:\\\/\\\/tibladin.dk\\\/wp-content\\\/uploads\\\/2022\\\/09\\\/tibladin_logo.svg\",\"caption\":\"Tibladin\"},\"image\":{\"@id\":\"https:\\\/\\\/tibladin.dk\\\/#\\\/schema\\\/logo\\\/image\\\/\"}}]}<\/script>\n<!-- \/ Yoast SEO plugin. -->","yoast_head_json":{"title":"Sac de plage\/tote bag tress\u00e9 \u00e0 la main avec motif jaune et pochette en cuir","description":"Joli sac en osier de qualit\u00e9 pour une sortie \u00e0 la plage ou en ville dans une jolie couleur jaune soleil. Sac int\u00e9rieur avec cordon | Pr\u00e9parez-vous pour cet \u00e9t\u00e9 | Tibladine","robots":{"index":"index","follow":"follow","max-snippet":"max-snippet:-1","max-image-preview":"max-image-preview:large","max-video-preview":"max-video-preview:-1"},"canonical":"https:\/\/tibladin.dk\/fr\/produit-4\/sac-de-plage-en-osier-\u00b7-chems\/","og_locale":"fr_FR","og_type":"article","og_title":"H\u00e5ndflettet Strandtaske\/Tote bag med gult m\u00f8nster og l\u00e6dererm","og_description":"L\u00e6kker kvalitets flettaske til en tur p\u00e5 stranden eller i byen i en flot solgul farve. Pose indvendig med snorluk | Bliv klar til denne sommer | Tibladin","og_url":"https:\/\/tibladin.dk\/fr\/produit-4\/sac-de-plage-en-osier-\u00b7-chems\/","og_site_name":"Tibladin","article_modified_time":"2025-03-25T15:44:05+00:00","og_image":[{"width":800,"height":800,"url":"https:\/\/tibladin.dk\/wp-content\/uploads\/2024\/04\/Marokkansk-kurvetaske_Chems_LS2.jpg","type":"image\/jpeg"}],"twitter_card":"summary_large_image","twitter_misc":{"Dur\u00e9e de lecture estim\u00e9e":"1 minute"},"schema":{"@context":"https:\/\/schema.org","@graph":[{"@type":"WebPage","@id":"https:\/\/tibladin.dk\/produkt\/strandtaske-i-flet-%c2%b7-chems\/","url":"https:\/\/tibladin.dk\/produkt\/strandtaske-i-flet-%c2%b7-chems\/","name":"Sac de plage\/tote bag tress\u00e9 \u00e0 la main avec motif jaune et pochette en cuir","isPartOf":{"@id":"https:\/\/tibladin.dk\/#website"},"primaryImageOfPage":{"@id":"https:\/\/tibladin.dk\/produkt\/strandtaske-i-flet-%c2%b7-chems\/#primaryimage"},"image":{"@id":"https:\/\/tibladin.dk\/produkt\/strandtaske-i-flet-%c2%b7-chems\/#primaryimage"},"thumbnailUrl":"https:\/\/tibladin.dk\/wp-content\/uploads\/2024\/04\/Marokkansk-kurvetaske_Chems_LS2.jpg","datePublished":"2024-04-30T08:20:50+00:00","dateModified":"2025-03-25T15:44:05+00:00","description":"Joli sac en osier de qualit\u00e9 pour une sortie \u00e0 la plage ou en ville dans une jolie couleur jaune soleil. Sac int\u00e9rieur avec cordon | Pr\u00e9parez-vous pour cet \u00e9t\u00e9 | Tibladine","breadcrumb":{"@id":"https:\/\/tibladin.dk\/produkt\/strandtaske-i-flet-%c2%b7-chems\/#breadcrumb"},"inLanguage":"fr-FR","potentialAction":[{"@type":"ReadAction","target":["https:\/\/tibladin.dk\/produkt\/strandtaske-i-flet-%c2%b7-chems\/"]}]},{"@type":"ImageObject","inLanguage":"fr-FR","@id":"https:\/\/tibladin.dk\/produkt\/strandtaske-i-flet-%c2%b7-chems\/#primaryimage","url":"https:\/\/tibladin.dk\/wp-content\/uploads\/2024\/04\/Marokkansk-kurvetaske_Chems_LS2.jpg","contentUrl":"https:\/\/tibladin.dk\/wp-content\/uploads\/2024\/04\/Marokkansk-kurvetaske_Chems_LS2.jpg","width":800,"height":800,"caption":"Marokkansk kurvetaske_Chems i flet med gult m\u00f8nster"},{"@type":"BreadcrumbList","@id":"https:\/\/tibladin.dk\/produkt\/strandtaske-i-flet-%c2%b7-chems\/#breadcrumb","itemListElement":[{"@type":"ListItem","position":1,"name":"Hjem","item":"https:\/\/tibladin.dk\/"},{"@type":"ListItem","position":2,"name":"Shop","item":"https:\/\/tibladin.dk\/shop\/"},{"@type":"ListItem","position":3,"name":"Strandtaske i flet \u00b7 CHEMS"}]},{"@type":"WebSite","@id":"https:\/\/tibladin.dk\/#website","url":"https:\/\/tibladin.dk\/","name":"Tibladin","description":"Tibladin","publisher":{"@id":"https:\/\/tibladin.dk\/#organization"},"potentialAction":[{"@type":"SearchAction","target":{"@type":"EntryPoint","urlTemplate":"https:\/\/tibladin.dk\/?s={search_term_string}"},"query-input":{"@type":"PropertyValueSpecification","valueRequired":true,"valueName":"search_term_string"}}],"inLanguage":"fr-FR"},{"@type":"Organization","@id":"https:\/\/tibladin.dk\/#organization","name":"Tibladin","url":"https:\/\/tibladin.dk\/","logo":{"@type":"ImageObject","inLanguage":"fr-FR","@id":"https:\/\/tibladin.dk\/#\/schema\/logo\/image\/","url":"https:\/\/tibladin.dk\/wp-content\/uploads\/2022\/09\/tibladin_logo.svg","contentUrl":"https:\/\/tibladin.dk\/wp-content\/uploads\/2022\/09\/tibladin_logo.svg","caption":"Tibladin"},"image":{"@id":"https:\/\/tibladin.dk\/#\/schema\/logo\/image\/"}}]}},"_links":{"self":[{"href":"https:\/\/tibladin.dk\/fr\/wp-json\/wp\/v2\/product\/12428","targetHints":{"allow":["GET"]}}],"collection":[{"href":"https:\/\/tibladin.dk\/fr\/wp-json\/wp\/v2\/product"}],"about":[{"href":"https:\/\/tibladin.dk\/fr\/wp-json\/wp\/v2\/types\/product"}],"wp:featuredmedia":[{"embeddable":true,"href":"https:\/\/tibladin.dk\/fr\/wp-json\/wp\/v2\/media\/12430"}],"wp:attachment":[{"href":"https:\/\/tibladin.dk\/fr\/wp-json\/wp\/v2\/media?parent=12428"}],"wp:term":[{"taxonomy":"product_brand","embeddable":true,"href":"https:\/\/tibladin.dk\/fr\/wp-json\/wp\/v2\/product_brand?post=12428"},{"taxonomy":"product_cat","embeddable":true,"href":"https:\/\/tibladin.dk\/fr\/wp-json\/wp\/v2\/product_cat?post=12428"},{"taxonomy":"product_tag","embeddable":true,"href":"https:\/\/tibladin.dk\/fr\/wp-json\/wp\/v2\/product_tag?post=12428"}],"curies":[{"name":"wp","href":"https:\/\/api.w.org\/{rel}","templated":true}]}}