{"id":1456,"date":"2022-09-20T11:09:20","date_gmt":"2022-09-20T09:09:20","guid":{"rendered":"https:\/\/tibladin.dk\/vare\/marokkansk-luksus-haandklaede-50x90-cm\/"},"modified":"2026-03-14T11:08:44","modified_gmt":"2026-03-14T10:08:44","slug":"serviette-de-hammam-de-luxe-marocaine-50x90-cm","status":"publish","type":"product","link":"https:\/\/tibladin.dk\/fr\/produkt\/marokkansk-luksus-hammamhaandklaede-50x90-cm\/","title":{"rendered":"Serviette de hammam de luxe marocaine 50\u00d790 cm"},"content":{"rendered":"<div class=\"wpb-content-wrapper\"><div class=\"vc_row wpb_row vc_row-fluid\"><div class=\"wpb_column vc_column_container vc_col-sm-4\"><div class=\"vc_column-inner\"><div class=\"wpb_wrapper\">\n\t<div class=\"wpb_video_widget wpb_content_element vc_clearfix   vc_video-aspect-ratio-43 vc_video-el-width-100 vc_video-align-left\" >\n\t\t<div class=\"wpb_wrapper\">\n\t\t\t\n\t\t\t<div class=\"wpb_video_wrapper\"><div class=\"video-container\"><iframe loading=\"lazy\" title=\"Coop\u00e9rative des femmes Marrakech\" src=\"https:\/\/player.vimeo.com\/video\/416218536?dnt=1&amp;app_id=122963\" width=\"500\" height=\"281\" frameborder=\"0\" allow=\"autoplay; fullscreen; picture-in-picture\"><\/iframe><\/div><\/div>\n\t\t<\/div>\n\t<\/div>\n<\/div><\/div><\/div><div class=\"wpb_column vc_column_container vc_col-sm-4\"><div class=\"vc_column-inner\"><div class=\"wpb_wrapper\"><h3 style=\"text-align: left\" class=\"vc_custom_heading vc_do_custom_heading\" >Lavez votre serviette de hammam<\/h3>\n\t<div class=\"wpb_text_column wpb_content_element\" >\n\t\t<div class=\"wpb_wrapper\">\n\t\t\t<p>La serviette est en coton 100 % et peut \u00eatre lav\u00e9e \u00e0 60 degr\u00e9s. Il est cependant recommand\u00e9 de le laver avec du bois <strong>30 degr\u00e9s<\/strong>, car la serviette est tiss\u00e9e \u00e0 la main et peut changer de structure \u00e0 des temp\u00e9ratures plus \u00e9lev\u00e9es.<\/p>\n\n\t\t<\/div>\n\t<\/div>\n<\/div><\/div><\/div><div class=\"wpb_column vc_column_container vc_col-sm-4\"><div class=\"vc_column-inner\"><div class=\"wpb_wrapper\"><h3 style=\"text-align: left\" class=\"vc_custom_heading vc_do_custom_heading\" >L&#039;histoire de la serviette de hammam<\/h3>\n\t<div class=\"wpb_text_column wpb_content_element\" >\n\t\t<div class=\"wpb_wrapper\">\n\t\t\t<p>Serviette \u00e0 main - 50\u00d790 cm. S&#039;accorde parfaitement avec les serviettes de hammam de la m\u00eame s\u00e9rie.<\/p>\n<p>Les serviettes sont tiss\u00e9es \u00e0 la main par des femmes dans une coop\u00e9rative de femmes au sud de Marrakech.<\/p>\n<p>La coop\u00e9rative de femmes emploie 160 femmes dans le petit village et contribue ainsi \u00e0 \u00e9lever le niveau de vie de nombreuses familles. Une \u00e9cole et un jardin d&#039;enfants ont \u00e9t\u00e9 cr\u00e9\u00e9s pour les enfants des femmes, afin que ceux-ci puissent recevoir une \u00e9ducation et trouver un emploi pendant que les m\u00e8res travaillent.<\/p>\n\n\t\t<\/div>\n\t<\/div>\n<\/div><\/div><\/div><\/div>\n<\/div>","protected":false},"excerpt":{"rendered":"<p class=\"p1\"><span class=\"s1\">Serviette de hammam de luxe tiss\u00e9e \u00e0 la main en coton biologique 100% % d&#039;une belle couleur bleu lavande. Tissage gaufr\u00e9 et rayures \u00e0 chaque extr\u00e9mit\u00e9 fini par dentelle torsad\u00e9e main.<\/span><\/p>\n<p>S&#039;accorde parfaitement avec la serviette de hammam de la m\u00eame s\u00e9rie. Serviette de hammam totalement unique, tiss\u00e9e \u00e0 la main par des femmes dans une coop\u00e9rative de femmes au sud de Marrakech. C&#039;est un travail tellement beau et bien fait.<\/p>\n<p>dimensions : 50\u00d790 cm.<\/p>","protected":false},"featured_media":1451,"template":"","meta":{"inline_featured_image":false},"product_brand":[],"product_cat":[47,35,63,37],"product_tag":[],"class_list":{"0":"post-1456","1":"product","2":"type-product","3":"status-publish","4":"has-post-thumbnail","6":"product_cat-gaven-til-ham","7":"product_cat-gaven-til-hende","8":"product_cat-hammamhaandklaeder","9":"product_cat-tekstiler","11":"first","12":"instock","13":"taxable","14":"shipping-taxable","15":"purchasable","16":"product-type-simple"},"exclude_global_add_ons":false,"addons":[{"name":"Vous souhaitez un emballage cadeau ?","type":"checkbox","position":0,"required":false,"title_format":"label","default":"","description_enable":false,"description":"","placeholder_enable":false,"placeholder":"","display":"images","restrictions_type":"any_text","adjust_price":false,"price":"","price_type":"flat_fee","restrictions":false,"min":"0","max":"0","options":[{"label":"Ja tak","price":"10","price_type":"flat_fee","image":11015,"visibility":true}],"id":1669646111}],"yoast_head":"<!-- This site is optimized with the Yoast SEO plugin v27.4 - https:\/\/yoast.com\/product\/yoast-seo-wordpress\/ -->\n<title>H\u00e5ndv\u00e6vet hammamh\u00e5ndkl\u00e6de i \u00f8kologisk bomuld | Tibladin<\/title>\n<meta name=\"description\" content=\"Smukt lavendelbl\u00e5 hammamh\u00e5ndkl\u00e6de til h\u00e6nderne 50x90 cm. H\u00e5ndv\u00e6vet af \u00f8kologisk bomuld. Vaflet v\u00e6vning og striber i enderne. Har ogs\u00e5 plaider\" \/>\n<meta name=\"robots\" content=\"index, follow, max-snippet:-1, max-image-preview:large, max-video-preview:-1\" \/>\n<link rel=\"canonical\" href=\"https:\/\/tibladin.dk\/fr\/produit-4\/serviette-de-hammam-de-luxe-marocaine-50x90-cm\/\" \/>\n<meta property=\"og:locale\" content=\"fr_FR\" \/>\n<meta property=\"og:type\" content=\"article\" \/>\n<meta property=\"og:title\" content=\"H\u00e5ndv\u00e6vet hammamh\u00e5ndkl\u00e6de i \u00f8kologisk bomuld | Tibladin\" \/>\n<meta property=\"og:description\" content=\"Smukt lavendelbl\u00e5 hammamh\u00e5ndkl\u00e6de til h\u00e6nderne 50x90 cm. H\u00e5ndv\u00e6vet af \u00f8kologisk bomuld. Vaflet v\u00e6vning og striber i enderne. Har ogs\u00e5 plaider\" \/>\n<meta property=\"og:url\" content=\"https:\/\/tibladin.dk\/fr\/produit-4\/serviette-de-hammam-de-luxe-marocaine-50x90-cm\/\" \/>\n<meta property=\"og:site_name\" content=\"Tibladin\" \/>\n<meta property=\"article:modified_time\" content=\"2026-03-14T10:08:44+00:00\" \/>\n<meta property=\"og:image\" content=\"https:\/\/tibladin.dk\/wp-content\/uploads\/2022\/09\/Tibladin_marokkansk_haandklaede-1.jpg\" \/>\n\t<meta property=\"og:image:width\" content=\"800\" \/>\n\t<meta property=\"og:image:height\" content=\"800\" \/>\n\t<meta property=\"og:image:type\" content=\"image\/jpeg\" \/>\n<meta name=\"twitter:card\" content=\"summary_large_image\" \/>\n<meta name=\"twitter:label1\" content=\"Dur\u00e9e de lecture estim\u00e9e\" \/>\n\t<meta name=\"twitter:data1\" content=\"1 minute\" \/>\n<script type=\"application\/ld+json\" class=\"yoast-schema-graph\">{\"@context\":\"https:\\\/\\\/schema.org\",\"@graph\":[{\"@type\":\"WebPage\",\"@id\":\"https:\\\/\\\/tibladin.dk\\\/produkt\\\/marokkansk-luksus-hammamhaandklaede-50x90-cm\\\/\",\"url\":\"https:\\\/\\\/tibladin.dk\\\/produkt\\\/marokkansk-luksus-hammamhaandklaede-50x90-cm\\\/\",\"name\":\"H\u00e5ndv\u00e6vet hammamh\u00e5ndkl\u00e6de i \u00f8kologisk bomuld | Tibladin\",\"isPartOf\":{\"@id\":\"https:\\\/\\\/tibladin.dk\\\/#website\"},\"primaryImageOfPage\":{\"@id\":\"https:\\\/\\\/tibladin.dk\\\/produkt\\\/marokkansk-luksus-hammamhaandklaede-50x90-cm\\\/#primaryimage\"},\"image\":{\"@id\":\"https:\\\/\\\/tibladin.dk\\\/produkt\\\/marokkansk-luksus-hammamhaandklaede-50x90-cm\\\/#primaryimage\"},\"thumbnailUrl\":\"https:\\\/\\\/tibladin.dk\\\/wp-content\\\/uploads\\\/2022\\\/09\\\/Tibladin_marokkansk_haandklaede-1.jpg\",\"datePublished\":\"2022-09-20T09:09:20+00:00\",\"dateModified\":\"2026-03-14T10:08:44+00:00\",\"description\":\"Smukt lavendelbl\u00e5 hammamh\u00e5ndkl\u00e6de til h\u00e6nderne 50x90 cm. H\u00e5ndv\u00e6vet af \u00f8kologisk bomuld. Vaflet v\u00e6vning og striber i enderne. Har ogs\u00e5 plaider\",\"breadcrumb\":{\"@id\":\"https:\\\/\\\/tibladin.dk\\\/produkt\\\/marokkansk-luksus-hammamhaandklaede-50x90-cm\\\/#breadcrumb\"},\"inLanguage\":\"fr-FR\",\"potentialAction\":[{\"@type\":\"ReadAction\",\"target\":[\"https:\\\/\\\/tibladin.dk\\\/produkt\\\/marokkansk-luksus-hammamhaandklaede-50x90-cm\\\/\"]}]},{\"@type\":\"ImageObject\",\"inLanguage\":\"fr-FR\",\"@id\":\"https:\\\/\\\/tibladin.dk\\\/produkt\\\/marokkansk-luksus-hammamhaandklaede-50x90-cm\\\/#primaryimage\",\"url\":\"https:\\\/\\\/tibladin.dk\\\/wp-content\\\/uploads\\\/2022\\\/09\\\/Tibladin_marokkansk_haandklaede-1.jpg\",\"contentUrl\":\"https:\\\/\\\/tibladin.dk\\\/wp-content\\\/uploads\\\/2022\\\/09\\\/Tibladin_marokkansk_haandklaede-1.jpg\",\"width\":800,\"height\":800,\"caption\":\"Marokkansk h\u00e5ndv\u00e6vet hammam h\u00e5ndkl\u00e6de i bl\u00e5\"},{\"@type\":\"BreadcrumbList\",\"@id\":\"https:\\\/\\\/tibladin.dk\\\/produkt\\\/marokkansk-luksus-hammamhaandklaede-50x90-cm\\\/#breadcrumb\",\"itemListElement\":[{\"@type\":\"ListItem\",\"position\":1,\"name\":\"Hjem\",\"item\":\"https:\\\/\\\/tibladin.dk\\\/\"},{\"@type\":\"ListItem\",\"position\":2,\"name\":\"Shop\",\"item\":\"https:\\\/\\\/tibladin.dk\\\/shop\\\/\"},{\"@type\":\"ListItem\",\"position\":3,\"name\":\"Marokkansk luksus hammamh\u00e5ndkl\u00e6de 50&#215;90 cm\"}]},{\"@type\":\"WebSite\",\"@id\":\"https:\\\/\\\/tibladin.dk\\\/#website\",\"url\":\"https:\\\/\\\/tibladin.dk\\\/\",\"name\":\"Tibladin\",\"description\":\"Tibladin\",\"publisher\":{\"@id\":\"https:\\\/\\\/tibladin.dk\\\/#organization\"},\"potentialAction\":[{\"@type\":\"SearchAction\",\"target\":{\"@type\":\"EntryPoint\",\"urlTemplate\":\"https:\\\/\\\/tibladin.dk\\\/?s={search_term_string}\"},\"query-input\":{\"@type\":\"PropertyValueSpecification\",\"valueRequired\":true,\"valueName\":\"search_term_string\"}}],\"inLanguage\":\"fr-FR\"},{\"@type\":\"Organization\",\"@id\":\"https:\\\/\\\/tibladin.dk\\\/#organization\",\"name\":\"Tibladin\",\"url\":\"https:\\\/\\\/tibladin.dk\\\/\",\"logo\":{\"@type\":\"ImageObject\",\"inLanguage\":\"fr-FR\",\"@id\":\"https:\\\/\\\/tibladin.dk\\\/#\\\/schema\\\/logo\\\/image\\\/\",\"url\":\"https:\\\/\\\/tibladin.dk\\\/wp-content\\\/uploads\\\/2022\\\/09\\\/tibladin_logo.svg\",\"contentUrl\":\"https:\\\/\\\/tibladin.dk\\\/wp-content\\\/uploads\\\/2022\\\/09\\\/tibladin_logo.svg\",\"caption\":\"Tibladin\"},\"image\":{\"@id\":\"https:\\\/\\\/tibladin.dk\\\/#\\\/schema\\\/logo\\\/image\\\/\"}}]}<\/script>\n<!-- \/ Yoast SEO plugin. -->","yoast_head_json":{"title":"Serviette de hammam tiss\u00e9e \u00e0 la main en coton biologique | Tibladine","description":"Magnifique serviette de hammam bleu lavande 50x90 cm. Tiss\u00e9 \u00e0 la main \u00e0 partir de coton biologique. Tissage gaufr\u00e9 et rayures aux extr\u00e9mit\u00e9s. A aussi des plaids","robots":{"index":"index","follow":"follow","max-snippet":"max-snippet:-1","max-image-preview":"max-image-preview:large","max-video-preview":"max-video-preview:-1"},"canonical":"https:\/\/tibladin.dk\/fr\/produit-4\/serviette-de-hammam-de-luxe-marocaine-50x90-cm\/","og_locale":"fr_FR","og_type":"article","og_title":"H\u00e5ndv\u00e6vet hammamh\u00e5ndkl\u00e6de i \u00f8kologisk bomuld | Tibladin","og_description":"Smukt lavendelbl\u00e5 hammamh\u00e5ndkl\u00e6de til h\u00e6nderne 50x90 cm. H\u00e5ndv\u00e6vet af \u00f8kologisk bomuld. Vaflet v\u00e6vning og striber i enderne. Har ogs\u00e5 plaider","og_url":"https:\/\/tibladin.dk\/fr\/produit-4\/serviette-de-hammam-de-luxe-marocaine-50x90-cm\/","og_site_name":"Tibladin","article_modified_time":"2026-03-14T10:08:44+00:00","og_image":[{"width":800,"height":800,"url":"https:\/\/tibladin.dk\/wp-content\/uploads\/2022\/09\/Tibladin_marokkansk_haandklaede-1.jpg","type":"image\/jpeg"}],"twitter_card":"summary_large_image","twitter_misc":{"Dur\u00e9e de lecture estim\u00e9e":"1 minute"},"schema":{"@context":"https:\/\/schema.org","@graph":[{"@type":"WebPage","@id":"https:\/\/tibladin.dk\/produkt\/marokkansk-luksus-hammamhaandklaede-50x90-cm\/","url":"https:\/\/tibladin.dk\/produkt\/marokkansk-luksus-hammamhaandklaede-50x90-cm\/","name":"Serviette de hammam tiss\u00e9e \u00e0 la main en coton biologique | Tibladine","isPartOf":{"@id":"https:\/\/tibladin.dk\/#website"},"primaryImageOfPage":{"@id":"https:\/\/tibladin.dk\/produkt\/marokkansk-luksus-hammamhaandklaede-50x90-cm\/#primaryimage"},"image":{"@id":"https:\/\/tibladin.dk\/produkt\/marokkansk-luksus-hammamhaandklaede-50x90-cm\/#primaryimage"},"thumbnailUrl":"https:\/\/tibladin.dk\/wp-content\/uploads\/2022\/09\/Tibladin_marokkansk_haandklaede-1.jpg","datePublished":"2022-09-20T09:09:20+00:00","dateModified":"2026-03-14T10:08:44+00:00","description":"Magnifique serviette de hammam bleu lavande 50x90 cm. Tiss\u00e9 \u00e0 la main \u00e0 partir de coton biologique. Tissage gaufr\u00e9 et rayures aux extr\u00e9mit\u00e9s. A aussi des plaids","breadcrumb":{"@id":"https:\/\/tibladin.dk\/produkt\/marokkansk-luksus-hammamhaandklaede-50x90-cm\/#breadcrumb"},"inLanguage":"fr-FR","potentialAction":[{"@type":"ReadAction","target":["https:\/\/tibladin.dk\/produkt\/marokkansk-luksus-hammamhaandklaede-50x90-cm\/"]}]},{"@type":"ImageObject","inLanguage":"fr-FR","@id":"https:\/\/tibladin.dk\/produkt\/marokkansk-luksus-hammamhaandklaede-50x90-cm\/#primaryimage","url":"https:\/\/tibladin.dk\/wp-content\/uploads\/2022\/09\/Tibladin_marokkansk_haandklaede-1.jpg","contentUrl":"https:\/\/tibladin.dk\/wp-content\/uploads\/2022\/09\/Tibladin_marokkansk_haandklaede-1.jpg","width":800,"height":800,"caption":"Marokkansk h\u00e5ndv\u00e6vet hammam h\u00e5ndkl\u00e6de i bl\u00e5"},{"@type":"BreadcrumbList","@id":"https:\/\/tibladin.dk\/produkt\/marokkansk-luksus-hammamhaandklaede-50x90-cm\/#breadcrumb","itemListElement":[{"@type":"ListItem","position":1,"name":"Hjem","item":"https:\/\/tibladin.dk\/"},{"@type":"ListItem","position":2,"name":"Shop","item":"https:\/\/tibladin.dk\/shop\/"},{"@type":"ListItem","position":3,"name":"Marokkansk luksus hammamh\u00e5ndkl\u00e6de 50&#215;90 cm"}]},{"@type":"WebSite","@id":"https:\/\/tibladin.dk\/#website","url":"https:\/\/tibladin.dk\/","name":"Tibladin","description":"Tibladin","publisher":{"@id":"https:\/\/tibladin.dk\/#organization"},"potentialAction":[{"@type":"SearchAction","target":{"@type":"EntryPoint","urlTemplate":"https:\/\/tibladin.dk\/?s={search_term_string}"},"query-input":{"@type":"PropertyValueSpecification","valueRequired":true,"valueName":"search_term_string"}}],"inLanguage":"fr-FR"},{"@type":"Organization","@id":"https:\/\/tibladin.dk\/#organization","name":"Tibladin","url":"https:\/\/tibladin.dk\/","logo":{"@type":"ImageObject","inLanguage":"fr-FR","@id":"https:\/\/tibladin.dk\/#\/schema\/logo\/image\/","url":"https:\/\/tibladin.dk\/wp-content\/uploads\/2022\/09\/tibladin_logo.svg","contentUrl":"https:\/\/tibladin.dk\/wp-content\/uploads\/2022\/09\/tibladin_logo.svg","caption":"Tibladin"},"image":{"@id":"https:\/\/tibladin.dk\/#\/schema\/logo\/image\/"}}]}},"_links":{"self":[{"href":"https:\/\/tibladin.dk\/fr\/wp-json\/wp\/v2\/product\/1456","targetHints":{"allow":["GET"]}}],"collection":[{"href":"https:\/\/tibladin.dk\/fr\/wp-json\/wp\/v2\/product"}],"about":[{"href":"https:\/\/tibladin.dk\/fr\/wp-json\/wp\/v2\/types\/product"}],"wp:featuredmedia":[{"embeddable":true,"href":"https:\/\/tibladin.dk\/fr\/wp-json\/wp\/v2\/media\/1451"}],"wp:attachment":[{"href":"https:\/\/tibladin.dk\/fr\/wp-json\/wp\/v2\/media?parent=1456"}],"wp:term":[{"taxonomy":"product_brand","embeddable":true,"href":"https:\/\/tibladin.dk\/fr\/wp-json\/wp\/v2\/product_brand?post=1456"},{"taxonomy":"product_cat","embeddable":true,"href":"https:\/\/tibladin.dk\/fr\/wp-json\/wp\/v2\/product_cat?post=1456"},{"taxonomy":"product_tag","embeddable":true,"href":"https:\/\/tibladin.dk\/fr\/wp-json\/wp\/v2\/product_tag?post=1456"}],"curies":[{"name":"wp","href":"https:\/\/api.w.org\/{rel}","templated":true}]}}