{"id":1464,"date":"2025-06-14T11:09:23","date_gmt":"2025-06-14T09:09:23","guid":{"rendered":"https:\/\/tibladin.dk\/vare\/bog-din-guide-til-marrakech\/"},"modified":"2026-04-24T14:14:55","modified_gmt":"2026-04-24T12:14:55","slug":"reservez-votre-guide-a-marrakech","status":"publish","type":"product","link":"https:\/\/tibladin.dk\/fr\/produkt\/bog-din-guide-til-marrakech\/","title":{"rendered":"Livre : Votre guide de Marrakech"},"content":{"rendered":"<div class=\"wpb-content-wrapper\"><div class=\"vc_row wpb_row vc_row-fluid\"><div class=\"wpb_column vc_column_container vc_col-sm-4\"><div class=\"vc_column-inner\"><div class=\"wpb_wrapper\"><\/div><\/div><\/div><div class=\"wpb_column vc_column_container vc_col-sm-4\"><div class=\"vc_column-inner\"><div class=\"wpb_wrapper\"><h3 style=\"text-align: left\" class=\"vc_custom_heading vc_do_custom_heading\" >A propos de l&#039;auteur<\/h3>\n\t<div class=\"wpb_text_column wpb_content_element\" >\n\t\t<div class=\"wpb_wrapper\">\n\t\t\t<p>Maria Wittendorff est exam.art. en arabe et \u00e9crivain et \u00e9diteur de longue date de magazines et de livres. Elle voyage en Afrique du Nord depuis 30 ans et est anim\u00e9e par la rencontre entre les cultures, la compr\u00e9hension des cercles de l&#039;histoire et la curiosit\u00e9 de remettre en question et d&#039;\u00e9largir son propre monde de concepts.<\/p>\n\n\t\t<\/div>\n\t<\/div>\n<\/div><\/div><\/div><div class=\"wpb_column vc_column_container vc_col-sm-4\"><div class=\"vc_column-inner\"><div class=\"wpb_wrapper\"><h3 style=\"text-align: left\" class=\"vc_custom_heading vc_do_custom_heading\" >L&#039;histoire derri\u00e8re<\/h3>\n\t<div class=\"wpb_text_column wpb_content_element\" >\n\t\t<div class=\"wpb_wrapper\">\n\t\t\t<p><span class=\"Apple-converted-space\">\u00a0<\/span>Marrakech est l&#039;une des destinations de voyage les plus populaires de tous les temps : chaque jour de l&#039;ann\u00e9e, des centaines de touristes du monde entier arrivent dans la \u00ab ville rouge \u00bb au pied des montagnes de l&#039;Atlas, et les Danois sont plus que bien repr\u00e9sent\u00e9s. . L\u2019int\u00e9r\u00eat pour Marrakech a connu un \u00e9norme essor au cours des 5 derni\u00e8res ann\u00e9es et cette tendance devrait se poursuivre.<span class=\"Apple-converted-space\">\u00a0<\/span><\/p>\n<p>Ce n&#039;est pas si surprenant, car cette ville a tout simplement tout : d&#039;innombrables sites historiques et culturels, une culture gastronomique riche et raffin\u00e9e, un savoir-faire magnifiquement ex\u00e9cut\u00e9, des d\u00e9tails d\u00e9coratifs sublimes et une atmosph\u00e8re tr\u00e8s particuli\u00e8re dans les petites rues et ruelles \u00e9troites de la ville - juste pour mentionner certains de ce qui peut \u00eatre v\u00e9cu ici.<span class=\"Apple-converted-space\">\u00a0<\/span><\/p>\n<p>En novembre 2017, le premier livre de l&#039;auteur sur Marrakech a \u00e9t\u00e9 publi\u00e9 avec un grand succ\u00e8s : Marrakech \u2013 go\u00fbt, lieux et ambiance. Apr\u00e8s avoir appris que malgr\u00e9 la taille du livre, de nombreux voyageurs l&#039;ont apport\u00e9 \u00e0 Marrakech et l&#039;ont utilis\u00e9 comme guide, elle r\u00e9pond \u00e0 ce besoin en r\u00e9digeant une nouvelle \u00e9dition dans un format plus pratique, qui facilite le voyage. Dans le m\u00eame temps, cela a donn\u00e9 l&#039;opportunit\u00e9 d&#039;\u00e9largir consid\u00e9rablement le contenu, de sorte que le livre se rapproche d\u00e9sormais le plus d&#039;un guide complet de Marrakech - v\u00e9cu personnellement et racont\u00e9 de mani\u00e8re vivante. Le premier du genre en danois \u2013 et dans d\u2019autres langues \u00e9galement.<span class=\"Apple-converted-space\">\u00a0<\/span><\/p>\n<p>Les th\u00e8mes du livre 225 pages avec beaucoup de faits et de bons conseils : Histoire et culture \u2022 Sites et mus\u00e9es \u2022 Caf\u00e9s et restaurants \u2022 Riads et architecture \u2022 Parcs \u2022 Centres culturels et galeries \u2022 Hammam \u2022 Artisanat et shopping \u2022 Souks et march\u00e9s \u2022 Informations pratiques<span class=\"Apple-converted-space\">\u00a0<\/span><\/p>\n\n\t\t<\/div>\n\t<\/div>\n<\/div><\/div><\/div><\/div>\n<\/div>","protected":false},"excerpt":{"rendered":"<p>La deuxi\u00e8me \u00e9dition du populaire \u00ab Votre guide de Marrakech \u00bb de Marie Wittendorff est enfin sortie avec des mises \u00e0 jour sur chaque page et des ajouts d&#039;une multitude de nouvelles informations et notamment un doublement des nouveaux endroits o\u00f9 manger.<\/p>\n<p data-start=\"101\" data-end=\"415\"><strong data-start=\"101\" data-end=\"141\">Votre guide de Marrakech \u2013 2e \u00e9dition<\/strong> est la cl\u00e9 de votre aventure dans l&#039;une des villes les plus sensuelles et color\u00e9es du monde. Ce guide regorge de conseils avis\u00e9s et de recommandations de restaurants, d&#039;h\u00f4tels, de march\u00e9s et d&#039;oasis cach\u00e9es, le tout \u00e9labor\u00e9 avec amour pour l&#039;esth\u00e9tique et l&#039;atmosph\u00e8re de la ville.<\/p>\n<p data-start=\"417\" data-end=\"633\">Avec de belles photos, des cartes et des recommandations personnelles, le livre vous aide \u00e0 d\u00e9couvrir Marrakech comme un local \u2013 que vous r\u00eaviez de silence dans un riad, d&#039;exp\u00e9riences culinaires dans le souk ou de design moderne dans le nouveau quartier.<\/p>\n<p data-start=\"635\" data-end=\"730\"><strong data-start=\"635\" data-end=\"730\">Parfait pour les voyageurs d\u00e9butants et les amoureux de Marrakech qui souhaitent explorer plus en profondeur les secrets de Marrakech.<\/strong><\/p>\n<p>Ce livre est pr\u00e9sent\u00e9 dans un format pratique, ce qui le rend plus facile \u00e0 emporter avec vous lors de votre voyage. C&#039;est ce qui se rapproche le plus d&#039;un guide complet de Marrakech\u00a0: une exp\u00e9rience personnelle et un r\u00e9cit empreint d&#039;empathie. Chez Tibladin, nous vous recommandons chaleureusement ce guide.<\/p>\n<p>&nbsp;<\/p>","protected":false},"featured_media":37022,"template":"","meta":{"inline_featured_image":false},"product_brand":[],"product_cat":[27,47,35,93],"product_tag":[],"class_list":{"0":"post-1464","1":"product","2":"type-product","3":"status-publish","4":"has-post-thumbnail","6":"product_cat-diverse","7":"product_cat-gaven-til-ham","8":"product_cat-gaven-til-hende","9":"product_cat-marrakech-guide-boeger","11":"first","12":"instock","13":"taxable","14":"shipping-taxable","15":"purchasable","16":"product-type-simple"},"exclude_global_add_ons":false,"addons":[{"name":"Vous souhaitez un emballage cadeau ?","type":"checkbox","position":0,"required":false,"title_format":"label","default":"","description_enable":false,"description":"","placeholder_enable":false,"placeholder":"","display":"images","restrictions_type":"any_text","adjust_price":false,"price":"","price_type":"flat_fee","restrictions":false,"min":"0","max":"0","options":[{"label":"Ja tak","price":"10","price_type":"flat_fee","image":11015,"visibility":true}],"id":1669646111}],"yoast_head":"<!-- This site is optimized with the Yoast SEO plugin v27.5 - https:\/\/yoast.com\/product\/yoast-seo-wordpress\/ -->\n<title>Din guide til Marrakech af Maria Witendorff<\/title>\n<meta name=\"description\" content=\"Bogen er det t\u00e6tteste, man kommer p\u00e5 en komplet guide til Marrakech \u2013 personligt oplevet og indlevende fortalt. Du finder du ikke en bedre guide.\" \/>\n<meta name=\"robots\" content=\"index, follow, max-snippet:-1, max-image-preview:large, max-video-preview:-1\" \/>\n<link rel=\"canonical\" href=\"https:\/\/tibladin.dk\/fr\/produit-4\/reservez-votre-guide-a-marrakech\/\" \/>\n<meta property=\"og:locale\" content=\"fr_FR\" \/>\n<meta property=\"og:type\" content=\"article\" \/>\n<meta property=\"og:title\" content=\"Din guide til Marrakech af Maria Witendorff\" \/>\n<meta property=\"og:description\" content=\"Bogen er det t\u00e6tteste, man kommer p\u00e5 en komplet guide til Marrakech \u2013 personligt oplevet og indlevende fortalt. Du finder du ikke en bedre guide.\" \/>\n<meta property=\"og:url\" content=\"https:\/\/tibladin.dk\/fr\/produit-4\/reservez-votre-guide-a-marrakech\/\" \/>\n<meta property=\"og:site_name\" content=\"Tibladin\" \/>\n<meta property=\"article:modified_time\" content=\"2026-04-24T12:14:55+00:00\" \/>\n<meta property=\"og:image\" content=\"https:\/\/tibladin.dk\/wp-content\/uploads\/2022\/09\/din-guide-til-marrakech_2.udgave_7.jpg\" \/>\n\t<meta property=\"og:image:width\" content=\"800\" \/>\n\t<meta property=\"og:image:height\" content=\"800\" \/>\n\t<meta property=\"og:image:type\" content=\"image\/jpeg\" \/>\n<meta name=\"twitter:card\" content=\"summary_large_image\" \/>\n<meta name=\"twitter:label1\" content=\"Dur\u00e9e de lecture estim\u00e9e\" \/>\n\t<meta name=\"twitter:data1\" content=\"3 minutes\" \/>\n<script type=\"application\/ld+json\" class=\"yoast-schema-graph\">{\"@context\":\"https:\\\/\\\/schema.org\",\"@graph\":[{\"@type\":\"WebPage\",\"@id\":\"https:\\\/\\\/tibladin.dk\\\/produkt\\\/bog-din-guide-til-marrakech\\\/\",\"url\":\"https:\\\/\\\/tibladin.dk\\\/produkt\\\/bog-din-guide-til-marrakech\\\/\",\"name\":\"Din guide til Marrakech af Maria Witendorff\",\"isPartOf\":{\"@id\":\"https:\\\/\\\/tibladin.dk\\\/#website\"},\"primaryImageOfPage\":{\"@id\":\"https:\\\/\\\/tibladin.dk\\\/produkt\\\/bog-din-guide-til-marrakech\\\/#primaryimage\"},\"image\":{\"@id\":\"https:\\\/\\\/tibladin.dk\\\/produkt\\\/bog-din-guide-til-marrakech\\\/#primaryimage\"},\"thumbnailUrl\":\"https:\\\/\\\/tibladin.dk\\\/wp-content\\\/uploads\\\/2022\\\/09\\\/din-guide-til-marrakech_2.udgave_7.jpg\",\"datePublished\":\"2025-06-14T09:09:23+00:00\",\"dateModified\":\"2026-04-24T12:14:55+00:00\",\"description\":\"Bogen er det t\u00e6tteste, man kommer p\u00e5 en komplet guide til Marrakech \u2013 personligt oplevet og indlevende fortalt. Du finder du ikke en bedre guide.\",\"breadcrumb\":{\"@id\":\"https:\\\/\\\/tibladin.dk\\\/produkt\\\/bog-din-guide-til-marrakech\\\/#breadcrumb\"},\"inLanguage\":\"fr-FR\",\"potentialAction\":[{\"@type\":\"ReadAction\",\"target\":[\"https:\\\/\\\/tibladin.dk\\\/produkt\\\/bog-din-guide-til-marrakech\\\/\"]}]},{\"@type\":\"ImageObject\",\"inLanguage\":\"fr-FR\",\"@id\":\"https:\\\/\\\/tibladin.dk\\\/produkt\\\/bog-din-guide-til-marrakech\\\/#primaryimage\",\"url\":\"https:\\\/\\\/tibladin.dk\\\/wp-content\\\/uploads\\\/2022\\\/09\\\/din-guide-til-marrakech_2.udgave_7.jpg\",\"contentUrl\":\"https:\\\/\\\/tibladin.dk\\\/wp-content\\\/uploads\\\/2022\\\/09\\\/din-guide-til-marrakech_2.udgave_7.jpg\",\"width\":800,\"height\":800,\"caption\":\"din guide til marrakech's 2. udgave\"},{\"@type\":\"BreadcrumbList\",\"@id\":\"https:\\\/\\\/tibladin.dk\\\/produkt\\\/bog-din-guide-til-marrakech\\\/#breadcrumb\",\"itemListElement\":[{\"@type\":\"ListItem\",\"position\":1,\"name\":\"Hjem\",\"item\":\"https:\\\/\\\/tibladin.dk\\\/\"},{\"@type\":\"ListItem\",\"position\":2,\"name\":\"Shop\",\"item\":\"https:\\\/\\\/tibladin.dk\\\/shop\\\/\"},{\"@type\":\"ListItem\",\"position\":3,\"name\":\"Bog: Din guide til Marrakech\"}]},{\"@type\":\"WebSite\",\"@id\":\"https:\\\/\\\/tibladin.dk\\\/#website\",\"url\":\"https:\\\/\\\/tibladin.dk\\\/\",\"name\":\"Tibladin\",\"description\":\"Tibladin\",\"publisher\":{\"@id\":\"https:\\\/\\\/tibladin.dk\\\/#organization\"},\"potentialAction\":[{\"@type\":\"SearchAction\",\"target\":{\"@type\":\"EntryPoint\",\"urlTemplate\":\"https:\\\/\\\/tibladin.dk\\\/?s={search_term_string}\"},\"query-input\":{\"@type\":\"PropertyValueSpecification\",\"valueRequired\":true,\"valueName\":\"search_term_string\"}}],\"inLanguage\":\"fr-FR\"},{\"@type\":\"Organization\",\"@id\":\"https:\\\/\\\/tibladin.dk\\\/#organization\",\"name\":\"Tibladin\",\"url\":\"https:\\\/\\\/tibladin.dk\\\/\",\"logo\":{\"@type\":\"ImageObject\",\"inLanguage\":\"fr-FR\",\"@id\":\"https:\\\/\\\/tibladin.dk\\\/#\\\/schema\\\/logo\\\/image\\\/\",\"url\":\"https:\\\/\\\/tibladin.dk\\\/wp-content\\\/uploads\\\/2022\\\/09\\\/tibladin_logo.svg\",\"contentUrl\":\"https:\\\/\\\/tibladin.dk\\\/wp-content\\\/uploads\\\/2022\\\/09\\\/tibladin_logo.svg\",\"caption\":\"Tibladin\"},\"image\":{\"@id\":\"https:\\\/\\\/tibladin.dk\\\/#\\\/schema\\\/logo\\\/image\\\/\"}}]}<\/script>\n<!-- \/ Yoast SEO plugin. -->","yoast_head_json":{"title":"Votre guide de Marrakech par Maria Witendorff","description":"Ce livre est ce qui se rapproche le plus d&#039;un guide complet de Marrakech\u00a0: une exp\u00e9rience personnelle racont\u00e9e avec empathie. Vous ne trouverez pas de meilleur guide.","robots":{"index":"index","follow":"follow","max-snippet":"max-snippet:-1","max-image-preview":"max-image-preview:large","max-video-preview":"max-video-preview:-1"},"canonical":"https:\/\/tibladin.dk\/fr\/produit-4\/reservez-votre-guide-a-marrakech\/","og_locale":"fr_FR","og_type":"article","og_title":"Din guide til Marrakech af Maria Witendorff","og_description":"Bogen er det t\u00e6tteste, man kommer p\u00e5 en komplet guide til Marrakech \u2013 personligt oplevet og indlevende fortalt. Du finder du ikke en bedre guide.","og_url":"https:\/\/tibladin.dk\/fr\/produit-4\/reservez-votre-guide-a-marrakech\/","og_site_name":"Tibladin","article_modified_time":"2026-04-24T12:14:55+00:00","og_image":[{"width":800,"height":800,"url":"https:\/\/tibladin.dk\/wp-content\/uploads\/2022\/09\/din-guide-til-marrakech_2.udgave_7.jpg","type":"image\/jpeg"}],"twitter_card":"summary_large_image","twitter_misc":{"Dur\u00e9e de lecture estim\u00e9e":"3 minutes"},"schema":{"@context":"https:\/\/schema.org","@graph":[{"@type":"WebPage","@id":"https:\/\/tibladin.dk\/produkt\/bog-din-guide-til-marrakech\/","url":"https:\/\/tibladin.dk\/produkt\/bog-din-guide-til-marrakech\/","name":"Votre guide de Marrakech par Maria Witendorff","isPartOf":{"@id":"https:\/\/tibladin.dk\/#website"},"primaryImageOfPage":{"@id":"https:\/\/tibladin.dk\/produkt\/bog-din-guide-til-marrakech\/#primaryimage"},"image":{"@id":"https:\/\/tibladin.dk\/produkt\/bog-din-guide-til-marrakech\/#primaryimage"},"thumbnailUrl":"https:\/\/tibladin.dk\/wp-content\/uploads\/2022\/09\/din-guide-til-marrakech_2.udgave_7.jpg","datePublished":"2025-06-14T09:09:23+00:00","dateModified":"2026-04-24T12:14:55+00:00","description":"Ce livre est ce qui se rapproche le plus d&#039;un guide complet de Marrakech\u00a0: une exp\u00e9rience personnelle racont\u00e9e avec empathie. Vous ne trouverez pas de meilleur guide.","breadcrumb":{"@id":"https:\/\/tibladin.dk\/produkt\/bog-din-guide-til-marrakech\/#breadcrumb"},"inLanguage":"fr-FR","potentialAction":[{"@type":"ReadAction","target":["https:\/\/tibladin.dk\/produkt\/bog-din-guide-til-marrakech\/"]}]},{"@type":"ImageObject","inLanguage":"fr-FR","@id":"https:\/\/tibladin.dk\/produkt\/bog-din-guide-til-marrakech\/#primaryimage","url":"https:\/\/tibladin.dk\/wp-content\/uploads\/2022\/09\/din-guide-til-marrakech_2.udgave_7.jpg","contentUrl":"https:\/\/tibladin.dk\/wp-content\/uploads\/2022\/09\/din-guide-til-marrakech_2.udgave_7.jpg","width":800,"height":800,"caption":"din guide til marrakech's 2. udgave"},{"@type":"BreadcrumbList","@id":"https:\/\/tibladin.dk\/produkt\/bog-din-guide-til-marrakech\/#breadcrumb","itemListElement":[{"@type":"ListItem","position":1,"name":"Hjem","item":"https:\/\/tibladin.dk\/"},{"@type":"ListItem","position":2,"name":"Shop","item":"https:\/\/tibladin.dk\/shop\/"},{"@type":"ListItem","position":3,"name":"Bog: Din guide til Marrakech"}]},{"@type":"WebSite","@id":"https:\/\/tibladin.dk\/#website","url":"https:\/\/tibladin.dk\/","name":"Tibladin","description":"Tibladin","publisher":{"@id":"https:\/\/tibladin.dk\/#organization"},"potentialAction":[{"@type":"SearchAction","target":{"@type":"EntryPoint","urlTemplate":"https:\/\/tibladin.dk\/?s={search_term_string}"},"query-input":{"@type":"PropertyValueSpecification","valueRequired":true,"valueName":"search_term_string"}}],"inLanguage":"fr-FR"},{"@type":"Organization","@id":"https:\/\/tibladin.dk\/#organization","name":"Tibladin","url":"https:\/\/tibladin.dk\/","logo":{"@type":"ImageObject","inLanguage":"fr-FR","@id":"https:\/\/tibladin.dk\/#\/schema\/logo\/image\/","url":"https:\/\/tibladin.dk\/wp-content\/uploads\/2022\/09\/tibladin_logo.svg","contentUrl":"https:\/\/tibladin.dk\/wp-content\/uploads\/2022\/09\/tibladin_logo.svg","caption":"Tibladin"},"image":{"@id":"https:\/\/tibladin.dk\/#\/schema\/logo\/image\/"}}]}},"_links":{"self":[{"href":"https:\/\/tibladin.dk\/fr\/wp-json\/wp\/v2\/product\/1464","targetHints":{"allow":["GET"]}}],"collection":[{"href":"https:\/\/tibladin.dk\/fr\/wp-json\/wp\/v2\/product"}],"about":[{"href":"https:\/\/tibladin.dk\/fr\/wp-json\/wp\/v2\/types\/product"}],"wp:featuredmedia":[{"embeddable":true,"href":"https:\/\/tibladin.dk\/fr\/wp-json\/wp\/v2\/media\/37022"}],"wp:attachment":[{"href":"https:\/\/tibladin.dk\/fr\/wp-json\/wp\/v2\/media?parent=1464"}],"wp:term":[{"taxonomy":"product_brand","embeddable":true,"href":"https:\/\/tibladin.dk\/fr\/wp-json\/wp\/v2\/product_brand?post=1464"},{"taxonomy":"product_cat","embeddable":true,"href":"https:\/\/tibladin.dk\/fr\/wp-json\/wp\/v2\/product_cat?post=1464"},{"taxonomy":"product_tag","embeddable":true,"href":"https:\/\/tibladin.dk\/fr\/wp-json\/wp\/v2\/product_tag?post=1464"}],"curies":[{"name":"wp","href":"https:\/\/api.w.org\/{rel}","templated":true}]}}