{"id":1466,"date":"2022-09-20T11:09:24","date_gmt":"2022-09-20T09:09:24","guid":{"rendered":"https:\/\/tibladin.dk\/vare\/bog-din-guide-til-marrakech-engelsk\/"},"modified":"2026-02-18T11:12:40","modified_gmt":"2026-02-18T10:12:40","slug":"reservez-votre-guide-de-marrakech","status":"publish","type":"product","link":"https:\/\/tibladin.dk\/fr\/produkt\/bog-din-guide-til-marrakech-engelsk\/","title":{"rendered":"Livre : Votre guide de Marrakech - Anglais"},"content":{"rendered":"<div class=\"wpb-content-wrapper\"><div class=\"vc_row wpb_row vc_row-fluid\"><div class=\"wpb_column vc_column_container vc_col-sm-4\"><div class=\"vc_column-inner\"><div class=\"wpb_wrapper\"><\/div><\/div><\/div><div class=\"wpb_column vc_column_container vc_col-sm-4\"><div class=\"vc_column-inner\"><div class=\"wpb_wrapper\"><h3 style=\"text-align: left\" class=\"vc_custom_heading vc_do_custom_heading\" >A propos de l&#039;auteur<\/h3>\n\t<div class=\"wpb_text_column wpb_content_element\" >\n\t\t<div class=\"wpb_wrapper\">\n\t\t\t<p>Maria Wittendorff est exam.art. en arabe et \u00e9crivain et \u00e9diteur de longue date de magazines et de livres. Elle voyage en Afrique du Nord depuis 30 ans et est anim\u00e9e par la rencontre entre les cultures, la compr\u00e9hension des cercles de l&#039;histoire et la curiosit\u00e9 de remettre en question et d&#039;\u00e9largir son propre monde de concepts.<\/p>\n\n\t\t<\/div>\n\t<\/div>\n<\/div><\/div><\/div><div class=\"wpb_column vc_column_container vc_col-sm-4\"><div class=\"vc_column-inner\"><div class=\"wpb_wrapper\"><h3 style=\"text-align: left\" class=\"vc_custom_heading vc_do_custom_heading\" >L&#039;histoire derri\u00e8re<\/h3>\n\t<div class=\"wpb_text_column wpb_content_element\" >\n\t\t<div class=\"wpb_wrapper\">\n\t\t\t<p>Marrakech magique! Pr\u00e8s de mille ans d&#039;histoire passionnante ont laiss\u00e9 leurs traces impressionnantes sur cette ville exceptionnelle, pleine de couleurs et de motifs, d&#039;odeurs et de go\u00fbts, de lumi\u00e8re et de son, et d&#039;une ambiance tr\u00e8s particuli\u00e8re qui \u00e9merge \u00e0 l&#039;intersection d&#039;un cadre magnifique, d&#039;un riche culture, hospitalit\u00e9 et climat extr\u00eamement g\u00e9n\u00e9reux.<\/p>\n<p>Avec ce livre en main, vous avez tout ce qu&#039;il faut savoir pour comprendre <i>exp\u00e9rience compl\u00e8te <\/i>de la ville rouge, tant en pr\u00e9parant son d\u00e9part qu&#039;en se promenant dans les rues et ruelles \u00e9troites, en lisant les histoires de fond et en b\u00e9n\u00e9ficiant des nombreux conseils et descriptions, vous permettant ainsi de choisir plus facilement ce qu&#039;il faut voir et o\u00f9 manger.<\/p>\n<p><i>Votre guide de Marrakech <\/i>vous donne des t\u00e9moignages vifs et personnels de\u00a0:<\/p>\n<ul>\n<li>60 caf\u00e9s et restaurants<\/li>\n<li>15 sites historiques<\/li>\n<li>10 jardins et parcs<\/li>\n<li>25 mus\u00e9es, centres culturels et galeries<\/li>\n<li>20 riads, h\u00f4tels &amp; hammams.<span class=\"Apple-converted-space\">\u00a0<\/span><\/li>\n<\/ul>\n<p>Mais aussi histoire, artisanat &amp; shopping, souks &amp; march\u00e9s, architecture &amp; culture gastronomique, musique &amp; festivals + toutes les infos pratiques dont vous aurez besoin lors de votre voyage.<\/p>\n<p><i>225 pages, couverture souple \u00e0 rabats, 148 x 210 mm (A5).<\/i><\/p>\n\n\t\t<\/div>\n\t<\/div>\n<\/div><\/div><\/div><\/div>\n<\/div>","protected":false},"excerpt":{"rendered":"<p>Marrakech magique! Pr\u00e8s de mille ans d&#039;histoire passionnante ont laiss\u00e9 leurs traces impressionnantes sur cette ville exceptionnelle, pleine de couleurs et de motifs, d&#039;odeurs et de go\u00fbts, de lumi\u00e8re et de son, et d&#039;une ambiance tr\u00e8s particuli\u00e8re qui \u00e9merge \u00e0 l&#039;intersection d&#039;un cadre magnifique, d&#039;un riche culture, hospitalit\u00e9 et climat extr\u00eamement g\u00e9n\u00e9reux.<\/p>\n<p>Avec ce livre en main, vous avez tout ce qu&#039;il faut savoir pour comprendre <i>exp\u00e9rience compl\u00e8te <\/i>de la ville rouge, tant en pr\u00e9parant son d\u00e9part qu&#039;en se promenant dans les rues et ruelles \u00e9troites, en lisant les histoires de fond et en b\u00e9n\u00e9ficiant des nombreux conseils et descriptions, vous permettant ainsi de choisir plus facilement ce qu&#039;il faut voir et o\u00f9 manger.<\/p>\n<p><i>Votre guide de Marrakech <\/i>vous donne des t\u00e9moignages vifs et personnels de\u00a0:<\/p>\n<ul>\n<li>60 caf\u00e9s et restaurants<\/li>\n<li>15 sites historiques<\/li>\n<li>10 jardins et parcs<\/li>\n<li>25 mus\u00e9es, centres culturels et galeries<\/li>\n<li>20 riads, h\u00f4tels &amp; hammams.<span class=\"Apple-converted-space\">\u00a0<\/span><\/li>\n<\/ul>\n<p>Mais aussi histoire, artisanat &amp; shopping, souks &amp; march\u00e9s, architecture &amp; culture gastronomique, musique &amp; festivals + toutes les infos pratiques dont vous aurez besoin lors de votre voyage.<\/p>\n<p><i>225 pages, couverture souple 148 x 210 mm (A5).<\/i><\/p>\n<p>&nbsp;<\/p>","protected":false},"featured_media":1465,"template":"","meta":{"inline_featured_image":false},"product_brand":[],"product_cat":[27,47,35,93],"product_tag":[],"class_list":{"0":"post-1466","1":"product","2":"type-product","3":"status-publish","4":"has-post-thumbnail","6":"product_cat-diverse","7":"product_cat-gaven-til-ham","8":"product_cat-gaven-til-hende","9":"product_cat-marrakech-guide-boeger","11":"first","12":"outofstock","13":"taxable","14":"shipping-taxable","15":"purchasable","16":"product-type-simple"},"exclude_global_add_ons":false,"addons":[{"name":"Vous souhaitez un emballage cadeau ?","type":"checkbox","position":0,"required":false,"title_format":"label","default":"","description_enable":false,"description":"","placeholder_enable":false,"placeholder":"","display":"images","restrictions_type":"any_text","adjust_price":false,"price":"","price_type":"flat_fee","restrictions":false,"min":"0","max":"0","options":[{"label":"Ja tak","price":"10","price_type":"flat_fee","image":11015,"visibility":true}],"id":1669646111}],"yoast_head":"<!-- This site is optimized with the Yoast SEO plugin v27.4 - https:\/\/yoast.com\/product\/yoast-seo-wordpress\/ -->\n<title>Din guide til Marrakech. Fantastisk guide bog p\u00e5 engelsk - Tibladin<\/title>\n<meta name=\"description\" content=\"Bogen er det t\u00e6tteste, man kommer p\u00e5 en komplet guide til Marrakech \u2013 personligt oplevet og indlevende fortalt. Bogen er p\u00e5 engelsk.\" \/>\n<meta name=\"robots\" content=\"index, follow, max-snippet:-1, max-image-preview:large, max-video-preview:-1\" \/>\n<link rel=\"canonical\" href=\"https:\/\/tibladin.dk\/fr\/produit-4\/reservez-votre-guide-de-marrakech\/\" \/>\n<meta property=\"og:locale\" content=\"fr_FR\" \/>\n<meta property=\"og:type\" content=\"article\" \/>\n<meta property=\"og:title\" content=\"Din guide til Marrakech. Fantastisk guide bog p\u00e5 engelsk - Tibladin\" \/>\n<meta property=\"og:description\" content=\"Bogen er det t\u00e6tteste, man kommer p\u00e5 en komplet guide til Marrakech \u2013 personligt oplevet og indlevende fortalt. Bogen er p\u00e5 engelsk.\" \/>\n<meta property=\"og:url\" content=\"https:\/\/tibladin.dk\/fr\/produit-4\/reservez-votre-guide-de-marrakech\/\" \/>\n<meta property=\"og:site_name\" content=\"Tibladin\" \/>\n<meta property=\"article:modified_time\" content=\"2026-02-18T10:12:40+00:00\" \/>\n<meta property=\"og:image\" content=\"https:\/\/tibladin.dk\/wp-content\/uploads\/2022\/09\/Tibladin_your-guide-to-Marrakech-1.jpg\" \/>\n\t<meta property=\"og:image:width\" content=\"800\" \/>\n\t<meta property=\"og:image:height\" content=\"800\" \/>\n\t<meta property=\"og:image:type\" content=\"image\/jpeg\" \/>\n<meta name=\"twitter:card\" content=\"summary_large_image\" \/>\n<meta name=\"twitter:label1\" content=\"Dur\u00e9e de lecture estim\u00e9e\" \/>\n\t<meta name=\"twitter:data1\" content=\"2 minutes\" \/>\n<script type=\"application\/ld+json\" class=\"yoast-schema-graph\">{\"@context\":\"https:\\\/\\\/schema.org\",\"@graph\":[{\"@type\":\"WebPage\",\"@id\":\"https:\\\/\\\/tibladin.dk\\\/produkt\\\/bog-din-guide-til-marrakech-engelsk\\\/\",\"url\":\"https:\\\/\\\/tibladin.dk\\\/produkt\\\/bog-din-guide-til-marrakech-engelsk\\\/\",\"name\":\"Din guide til Marrakech. Fantastisk guide bog p\u00e5 engelsk - Tibladin\",\"isPartOf\":{\"@id\":\"https:\\\/\\\/tibladin.dk\\\/#website\"},\"primaryImageOfPage\":{\"@id\":\"https:\\\/\\\/tibladin.dk\\\/produkt\\\/bog-din-guide-til-marrakech-engelsk\\\/#primaryimage\"},\"image\":{\"@id\":\"https:\\\/\\\/tibladin.dk\\\/produkt\\\/bog-din-guide-til-marrakech-engelsk\\\/#primaryimage\"},\"thumbnailUrl\":\"https:\\\/\\\/tibladin.dk\\\/wp-content\\\/uploads\\\/2022\\\/09\\\/Tibladin_your-guide-to-Marrakech-1.jpg\",\"datePublished\":\"2022-09-20T09:09:24+00:00\",\"dateModified\":\"2026-02-18T10:12:40+00:00\",\"description\":\"Bogen er det t\u00e6tteste, man kommer p\u00e5 en komplet guide til Marrakech \u2013 personligt oplevet og indlevende fortalt. Bogen er p\u00e5 engelsk.\",\"breadcrumb\":{\"@id\":\"https:\\\/\\\/tibladin.dk\\\/produkt\\\/bog-din-guide-til-marrakech-engelsk\\\/#breadcrumb\"},\"inLanguage\":\"fr-FR\",\"potentialAction\":[{\"@type\":\"ReadAction\",\"target\":[\"https:\\\/\\\/tibladin.dk\\\/produkt\\\/bog-din-guide-til-marrakech-engelsk\\\/\"]}]},{\"@type\":\"ImageObject\",\"inLanguage\":\"fr-FR\",\"@id\":\"https:\\\/\\\/tibladin.dk\\\/produkt\\\/bog-din-guide-til-marrakech-engelsk\\\/#primaryimage\",\"url\":\"https:\\\/\\\/tibladin.dk\\\/wp-content\\\/uploads\\\/2022\\\/09\\\/Tibladin_your-guide-to-Marrakech-1.jpg\",\"contentUrl\":\"https:\\\/\\\/tibladin.dk\\\/wp-content\\\/uploads\\\/2022\\\/09\\\/Tibladin_your-guide-to-Marrakech-1.jpg\",\"width\":800,\"height\":800,\"caption\":\"Din guide til Marrakesh bog oven p\u00e5 tr\u00e6bord\"},{\"@type\":\"BreadcrumbList\",\"@id\":\"https:\\\/\\\/tibladin.dk\\\/produkt\\\/bog-din-guide-til-marrakech-engelsk\\\/#breadcrumb\",\"itemListElement\":[{\"@type\":\"ListItem\",\"position\":1,\"name\":\"Hjem\",\"item\":\"https:\\\/\\\/tibladin.dk\\\/\"},{\"@type\":\"ListItem\",\"position\":2,\"name\":\"Shop\",\"item\":\"https:\\\/\\\/tibladin.dk\\\/shop\\\/\"},{\"@type\":\"ListItem\",\"position\":3,\"name\":\"Bog: Din guide til Marrakech &#8211; Engelsk\"}]},{\"@type\":\"WebSite\",\"@id\":\"https:\\\/\\\/tibladin.dk\\\/#website\",\"url\":\"https:\\\/\\\/tibladin.dk\\\/\",\"name\":\"Tibladin\",\"description\":\"Tibladin\",\"publisher\":{\"@id\":\"https:\\\/\\\/tibladin.dk\\\/#organization\"},\"potentialAction\":[{\"@type\":\"SearchAction\",\"target\":{\"@type\":\"EntryPoint\",\"urlTemplate\":\"https:\\\/\\\/tibladin.dk\\\/?s={search_term_string}\"},\"query-input\":{\"@type\":\"PropertyValueSpecification\",\"valueRequired\":true,\"valueName\":\"search_term_string\"}}],\"inLanguage\":\"fr-FR\"},{\"@type\":\"Organization\",\"@id\":\"https:\\\/\\\/tibladin.dk\\\/#organization\",\"name\":\"Tibladin\",\"url\":\"https:\\\/\\\/tibladin.dk\\\/\",\"logo\":{\"@type\":\"ImageObject\",\"inLanguage\":\"fr-FR\",\"@id\":\"https:\\\/\\\/tibladin.dk\\\/#\\\/schema\\\/logo\\\/image\\\/\",\"url\":\"https:\\\/\\\/tibladin.dk\\\/wp-content\\\/uploads\\\/2022\\\/09\\\/tibladin_logo.svg\",\"contentUrl\":\"https:\\\/\\\/tibladin.dk\\\/wp-content\\\/uploads\\\/2022\\\/09\\\/tibladin_logo.svg\",\"caption\":\"Tibladin\"},\"image\":{\"@id\":\"https:\\\/\\\/tibladin.dk\\\/#\\\/schema\\\/logo\\\/image\\\/\"}}]}<\/script>\n<!-- \/ Yoast SEO plugin. -->","yoast_head_json":{"title":"Votre guide de Marrakech. Guide fantastique en anglais - Tibladin","description":"Le livre est ce qui se rapproche le plus d&#039;un guide complet de Marrakech - v\u00e9cu personnellement et racont\u00e9 de mani\u00e8re vivante. Le livre est en anglais.","robots":{"index":"index","follow":"follow","max-snippet":"max-snippet:-1","max-image-preview":"max-image-preview:large","max-video-preview":"max-video-preview:-1"},"canonical":"https:\/\/tibladin.dk\/fr\/produit-4\/reservez-votre-guide-de-marrakech\/","og_locale":"fr_FR","og_type":"article","og_title":"Din guide til Marrakech. Fantastisk guide bog p\u00e5 engelsk - Tibladin","og_description":"Bogen er det t\u00e6tteste, man kommer p\u00e5 en komplet guide til Marrakech \u2013 personligt oplevet og indlevende fortalt. Bogen er p\u00e5 engelsk.","og_url":"https:\/\/tibladin.dk\/fr\/produit-4\/reservez-votre-guide-de-marrakech\/","og_site_name":"Tibladin","article_modified_time":"2026-02-18T10:12:40+00:00","og_image":[{"width":800,"height":800,"url":"https:\/\/tibladin.dk\/wp-content\/uploads\/2022\/09\/Tibladin_your-guide-to-Marrakech-1.jpg","type":"image\/jpeg"}],"twitter_card":"summary_large_image","twitter_misc":{"Dur\u00e9e de lecture estim\u00e9e":"2 minutes"},"schema":{"@context":"https:\/\/schema.org","@graph":[{"@type":"WebPage","@id":"https:\/\/tibladin.dk\/produkt\/bog-din-guide-til-marrakech-engelsk\/","url":"https:\/\/tibladin.dk\/produkt\/bog-din-guide-til-marrakech-engelsk\/","name":"Votre guide de Marrakech. Guide fantastique en anglais - Tibladin","isPartOf":{"@id":"https:\/\/tibladin.dk\/#website"},"primaryImageOfPage":{"@id":"https:\/\/tibladin.dk\/produkt\/bog-din-guide-til-marrakech-engelsk\/#primaryimage"},"image":{"@id":"https:\/\/tibladin.dk\/produkt\/bog-din-guide-til-marrakech-engelsk\/#primaryimage"},"thumbnailUrl":"https:\/\/tibladin.dk\/wp-content\/uploads\/2022\/09\/Tibladin_your-guide-to-Marrakech-1.jpg","datePublished":"2022-09-20T09:09:24+00:00","dateModified":"2026-02-18T10:12:40+00:00","description":"Le livre est ce qui se rapproche le plus d&#039;un guide complet de Marrakech - v\u00e9cu personnellement et racont\u00e9 de mani\u00e8re vivante. Le livre est en anglais.","breadcrumb":{"@id":"https:\/\/tibladin.dk\/produkt\/bog-din-guide-til-marrakech-engelsk\/#breadcrumb"},"inLanguage":"fr-FR","potentialAction":[{"@type":"ReadAction","target":["https:\/\/tibladin.dk\/produkt\/bog-din-guide-til-marrakech-engelsk\/"]}]},{"@type":"ImageObject","inLanguage":"fr-FR","@id":"https:\/\/tibladin.dk\/produkt\/bog-din-guide-til-marrakech-engelsk\/#primaryimage","url":"https:\/\/tibladin.dk\/wp-content\/uploads\/2022\/09\/Tibladin_your-guide-to-Marrakech-1.jpg","contentUrl":"https:\/\/tibladin.dk\/wp-content\/uploads\/2022\/09\/Tibladin_your-guide-to-Marrakech-1.jpg","width":800,"height":800,"caption":"Din guide til Marrakesh bog oven p\u00e5 tr\u00e6bord"},{"@type":"BreadcrumbList","@id":"https:\/\/tibladin.dk\/produkt\/bog-din-guide-til-marrakech-engelsk\/#breadcrumb","itemListElement":[{"@type":"ListItem","position":1,"name":"Hjem","item":"https:\/\/tibladin.dk\/"},{"@type":"ListItem","position":2,"name":"Shop","item":"https:\/\/tibladin.dk\/shop\/"},{"@type":"ListItem","position":3,"name":"Bog: Din guide til Marrakech &#8211; Engelsk"}]},{"@type":"WebSite","@id":"https:\/\/tibladin.dk\/#website","url":"https:\/\/tibladin.dk\/","name":"Tibladin","description":"Tibladin","publisher":{"@id":"https:\/\/tibladin.dk\/#organization"},"potentialAction":[{"@type":"SearchAction","target":{"@type":"EntryPoint","urlTemplate":"https:\/\/tibladin.dk\/?s={search_term_string}"},"query-input":{"@type":"PropertyValueSpecification","valueRequired":true,"valueName":"search_term_string"}}],"inLanguage":"fr-FR"},{"@type":"Organization","@id":"https:\/\/tibladin.dk\/#organization","name":"Tibladin","url":"https:\/\/tibladin.dk\/","logo":{"@type":"ImageObject","inLanguage":"fr-FR","@id":"https:\/\/tibladin.dk\/#\/schema\/logo\/image\/","url":"https:\/\/tibladin.dk\/wp-content\/uploads\/2022\/09\/tibladin_logo.svg","contentUrl":"https:\/\/tibladin.dk\/wp-content\/uploads\/2022\/09\/tibladin_logo.svg","caption":"Tibladin"},"image":{"@id":"https:\/\/tibladin.dk\/#\/schema\/logo\/image\/"}}]}},"_links":{"self":[{"href":"https:\/\/tibladin.dk\/fr\/wp-json\/wp\/v2\/product\/1466","targetHints":{"allow":["GET"]}}],"collection":[{"href":"https:\/\/tibladin.dk\/fr\/wp-json\/wp\/v2\/product"}],"about":[{"href":"https:\/\/tibladin.dk\/fr\/wp-json\/wp\/v2\/types\/product"}],"wp:featuredmedia":[{"embeddable":true,"href":"https:\/\/tibladin.dk\/fr\/wp-json\/wp\/v2\/media\/1465"}],"wp:attachment":[{"href":"https:\/\/tibladin.dk\/fr\/wp-json\/wp\/v2\/media?parent=1466"}],"wp:term":[{"taxonomy":"product_brand","embeddable":true,"href":"https:\/\/tibladin.dk\/fr\/wp-json\/wp\/v2\/product_brand?post=1466"},{"taxonomy":"product_cat","embeddable":true,"href":"https:\/\/tibladin.dk\/fr\/wp-json\/wp\/v2\/product_cat?post=1466"},{"taxonomy":"product_tag","embeddable":true,"href":"https:\/\/tibladin.dk\/fr\/wp-json\/wp\/v2\/product_tag?post=1466"}],"curies":[{"name":"wp","href":"https:\/\/api.w.org\/{rel}","templated":true}]}}