{"id":1561,"date":"2022-09-20T11:10:03","date_gmt":"2022-09-20T09:10:03","guid":{"rendered":"https:\/\/tibladin.dk\/vare\/haandvaevet-taeppe-i-bomuld-salima\/"},"modified":"2025-12-30T11:43:02","modified_gmt":"2025-12-30T10:43:02","slug":"tapis-en-coton-salima","status":"publish","type":"product","link":"https:\/\/tibladin.dk\/fr\/produkt\/bomuldstaeppe-salima\/","title":{"rendered":"Tapis en coton \u2013 Salima"},"content":{"rendered":"<div class=\"wpb-content-wrapper\"><div class=\"vc_row wpb_row vc_row-fluid\"><div class=\"wpb_column vc_column_container vc_col-sm-4\"><div class=\"vc_column-inner\"><div class=\"wpb_wrapper\"><\/div><\/div><\/div><div class=\"wpb_column vc_column_container vc_col-sm-4\"><div class=\"vc_column-inner\"><div class=\"wpb_wrapper\"><h3 style=\"text-align: left\" class=\"vc_custom_heading vc_do_custom_heading\" >Entretien<\/h3>\n\t<div class=\"wpb_text_column wpb_content_element\" >\n\t\t<div class=\"wpb_wrapper\">\n\t\t\t<p>Passez r\u00e9guli\u00e8rement l&#039;aspirateur sur le tapis, sortez-le et secouez-le de temps en temps. Les taches sont \u00e9limin\u00e9es en absorbant la tache le plus rapidement possible avec un chiffon puis en tamponnant la tache avec un chiffon humide. Le tapis est en coton et lin sur une structure en polyester.<\/p>\n<p>Le tapis peut \u00eatre nettoy\u00e9 \u00e0 sec.<\/p>\n\n\t\t<\/div>\n\t<\/div>\n<\/div><\/div><\/div><div class=\"wpb_column vc_column_container vc_col-sm-4\"><div class=\"vc_column-inner\"><div class=\"wpb_wrapper\"><h3 style=\"text-align: left\" class=\"vc_custom_heading vc_do_custom_heading\" >L&#039;histoire derri\u00e8re<\/h3>\n\t<div class=\"wpb_text_column wpb_content_element\" >\n\t\t<div class=\"wpb_wrapper\">\n\t\t\t<p>Les tapis d\u00e9corent, apportent confort et chaleur et absorbent \u00e9galement le bruit.<\/p>\n<p>Il est facile de cr\u00e9er une atmosph\u00e8re et un confort avec des tapis dans votre maison. Ces tapis tiss\u00e9s \u00e0 la main en coton et lin sur une structure en polyester ont \u00e9t\u00e9 d\u00e9velopp\u00e9s en collaboration avec un designer de Marrakech. Ensemble, nous cr\u00e9ons des tapis adapt\u00e9s \u00e0 une maison scandinave, avec une touche de chaleur et de myst\u00e8re qui donne de la personnalit\u00e9 \u00e0 votre int\u00e9rieur.<\/p>\n\n\t\t<\/div>\n\t<\/div>\n<\/div><\/div><\/div><\/div>\n<\/div>","protected":false},"excerpt":{"rendered":"<ul>\n<li>Tapis tiss\u00e9s \u00e0 la main en coton et lin avec une belle et \u00e9l\u00e9gante touche marocaine, qui donne une belle chaleur et personnalit\u00e9 \u00e0 votre int\u00e9rieur.<\/li>\n<\/ul>\n<p>Le tapis s&#039;int\u00e8gre bien dans la chambre \u00e0 coucher, la chambre d&#039;amis, la salle de bain, la cuisine ou le couloir.<\/p>\n<p><strong>Le tapis mesure 66\u00d7125 cm.<\/strong><\/p>","protected":false},"featured_media":1557,"template":"","meta":{"inline_featured_image":false},"product_brand":[],"product_cat":[96,59],"product_tag":[],"class_list":{"0":"post-1561","1":"product","2":"type-product","3":"status-publish","4":"has-post-thumbnail","6":"product_cat-bomuldstaepper","7":"product_cat-marokkanske-taepper","9":"first","10":"instock","11":"taxable","12":"shipping-taxable","13":"purchasable","14":"product-type-simple"},"exclude_global_add_ons":[],"addons":[],"yoast_head":"<!-- This site is optimized with the Yoast SEO plugin v27.5 - https:\/\/yoast.com\/product\/yoast-seo-wordpress\/ -->\n<title>Bomuldst\u00e6ppe | Tidl\u00f8st design | K\u00f8b online hos Tibladin<\/title>\n<meta name=\"description\" content=\"Bomuldst\u00e6ppe med en elegant marokkansk touch, der giver en rolig stemning i ethvert rum. Hvert t\u00e6ppe er h\u00e5ndlavet og giver derfor dit hjem en unik stemning.\" \/>\n<meta name=\"robots\" content=\"index, follow, max-snippet:-1, max-image-preview:large, max-video-preview:-1\" \/>\n<link rel=\"canonical\" href=\"https:\/\/tibladin.dk\/fr\/produit-4\/tapis-en-coton-salima\/\" \/>\n<meta property=\"og:locale\" content=\"fr_FR\" \/>\n<meta property=\"og:type\" content=\"article\" \/>\n<meta property=\"og:title\" content=\"Bomuldst\u00e6ppe | Tidl\u00f8st design | K\u00f8b online hos Tibladin\" \/>\n<meta property=\"og:description\" content=\"Bomuldst\u00e6ppe med en elegant marokkansk touch, der giver en rolig stemning i ethvert rum. Hvert t\u00e6ppe er h\u00e5ndlavet og giver derfor dit hjem en unik stemning.\" \/>\n<meta property=\"og:url\" content=\"https:\/\/tibladin.dk\/fr\/produit-4\/tapis-en-coton-salima\/\" \/>\n<meta property=\"og:site_name\" content=\"Tibladin\" \/>\n<meta property=\"article:modified_time\" content=\"2025-12-30T10:43:02+00:00\" \/>\n<meta property=\"og:image\" content=\"https:\/\/tibladin.dk\/wp-content\/uploads\/2022\/09\/Tibladin_marokkansk_bomuldstaeppe_salima_1-1.jpg\" \/>\n\t<meta property=\"og:image:width\" content=\"800\" \/>\n\t<meta property=\"og:image:height\" content=\"800\" \/>\n\t<meta property=\"og:image:type\" content=\"image\/jpeg\" \/>\n<meta name=\"twitter:card\" content=\"summary_large_image\" \/>\n<meta name=\"twitter:label1\" content=\"Dur\u00e9e de lecture estim\u00e9e\" \/>\n\t<meta name=\"twitter:data1\" content=\"1 minute\" \/>\n<script type=\"application\/ld+json\" class=\"yoast-schema-graph\">{\"@context\":\"https:\\\/\\\/schema.org\",\"@graph\":[{\"@type\":\"WebPage\",\"@id\":\"https:\\\/\\\/tibladin.dk\\\/produkt\\\/bomuldstaeppe-salima\\\/\",\"url\":\"https:\\\/\\\/tibladin.dk\\\/produkt\\\/bomuldstaeppe-salima\\\/\",\"name\":\"Bomuldst\u00e6ppe | Tidl\u00f8st design | K\u00f8b online hos Tibladin\",\"isPartOf\":{\"@id\":\"https:\\\/\\\/tibladin.dk\\\/#website\"},\"primaryImageOfPage\":{\"@id\":\"https:\\\/\\\/tibladin.dk\\\/produkt\\\/bomuldstaeppe-salima\\\/#primaryimage\"},\"image\":{\"@id\":\"https:\\\/\\\/tibladin.dk\\\/produkt\\\/bomuldstaeppe-salima\\\/#primaryimage\"},\"thumbnailUrl\":\"https:\\\/\\\/tibladin.dk\\\/wp-content\\\/uploads\\\/2022\\\/09\\\/Tibladin_marokkansk_bomuldstaeppe_salima_1-1.jpg\",\"datePublished\":\"2022-09-20T09:10:03+00:00\",\"dateModified\":\"2025-12-30T10:43:02+00:00\",\"description\":\"Bomuldst\u00e6ppe med en elegant marokkansk touch, der giver en rolig stemning i ethvert rum. Hvert t\u00e6ppe er h\u00e5ndlavet og giver derfor dit hjem en unik stemning.\",\"breadcrumb\":{\"@id\":\"https:\\\/\\\/tibladin.dk\\\/produkt\\\/bomuldstaeppe-salima\\\/#breadcrumb\"},\"inLanguage\":\"fr-FR\",\"potentialAction\":[{\"@type\":\"ReadAction\",\"target\":[\"https:\\\/\\\/tibladin.dk\\\/produkt\\\/bomuldstaeppe-salima\\\/\"]}]},{\"@type\":\"ImageObject\",\"inLanguage\":\"fr-FR\",\"@id\":\"https:\\\/\\\/tibladin.dk\\\/produkt\\\/bomuldstaeppe-salima\\\/#primaryimage\",\"url\":\"https:\\\/\\\/tibladin.dk\\\/wp-content\\\/uploads\\\/2022\\\/09\\\/Tibladin_marokkansk_bomuldstaeppe_salima_1-1.jpg\",\"contentUrl\":\"https:\\\/\\\/tibladin.dk\\\/wp-content\\\/uploads\\\/2022\\\/09\\\/Tibladin_marokkansk_bomuldstaeppe_salima_1-1.jpg\",\"width\":800,\"height\":800,\"caption\":\"H\u00e5ndv\u00e6vet bomuldst\u00e6ppe i hvid med marokkansk stribe og prikm\u00f8nster i lysebl\u00e5 med brune kvaster\"},{\"@type\":\"BreadcrumbList\",\"@id\":\"https:\\\/\\\/tibladin.dk\\\/produkt\\\/bomuldstaeppe-salima\\\/#breadcrumb\",\"itemListElement\":[{\"@type\":\"ListItem\",\"position\":1,\"name\":\"Hjem\",\"item\":\"https:\\\/\\\/tibladin.dk\\\/\"},{\"@type\":\"ListItem\",\"position\":2,\"name\":\"Shop\",\"item\":\"https:\\\/\\\/tibladin.dk\\\/shop\\\/\"},{\"@type\":\"ListItem\",\"position\":3,\"name\":\"Bomuldst\u00e6ppe &#8211; Salima\"}]},{\"@type\":\"WebSite\",\"@id\":\"https:\\\/\\\/tibladin.dk\\\/#website\",\"url\":\"https:\\\/\\\/tibladin.dk\\\/\",\"name\":\"Tibladin\",\"description\":\"Tibladin\",\"publisher\":{\"@id\":\"https:\\\/\\\/tibladin.dk\\\/#organization\"},\"potentialAction\":[{\"@type\":\"SearchAction\",\"target\":{\"@type\":\"EntryPoint\",\"urlTemplate\":\"https:\\\/\\\/tibladin.dk\\\/?s={search_term_string}\"},\"query-input\":{\"@type\":\"PropertyValueSpecification\",\"valueRequired\":true,\"valueName\":\"search_term_string\"}}],\"inLanguage\":\"fr-FR\"},{\"@type\":\"Organization\",\"@id\":\"https:\\\/\\\/tibladin.dk\\\/#organization\",\"name\":\"Tibladin\",\"url\":\"https:\\\/\\\/tibladin.dk\\\/\",\"logo\":{\"@type\":\"ImageObject\",\"inLanguage\":\"fr-FR\",\"@id\":\"https:\\\/\\\/tibladin.dk\\\/#\\\/schema\\\/logo\\\/image\\\/\",\"url\":\"https:\\\/\\\/tibladin.dk\\\/wp-content\\\/uploads\\\/2022\\\/09\\\/tibladin_logo.svg\",\"contentUrl\":\"https:\\\/\\\/tibladin.dk\\\/wp-content\\\/uploads\\\/2022\\\/09\\\/tibladin_logo.svg\",\"caption\":\"Tibladin\"},\"image\":{\"@id\":\"https:\\\/\\\/tibladin.dk\\\/#\\\/schema\\\/logo\\\/image\\\/\"}}]}<\/script>\n<!-- \/ Yoast SEO plugin. -->","yoast_head_json":{"title":"Couverture en coton | Design intemporel | Acheter en ligne chez Tibladin","description":"Tapis en coton avec une touche marocaine \u00e9l\u00e9gante qui donne une atmosph\u00e8re calme \u00e0 n&#039;importe quelle pi\u00e8ce. Chaque tapis est fabriqu\u00e9 \u00e0 la main et conf\u00e8re ainsi \u00e0 votre maison une atmosph\u00e8re unique.","robots":{"index":"index","follow":"follow","max-snippet":"max-snippet:-1","max-image-preview":"max-image-preview:large","max-video-preview":"max-video-preview:-1"},"canonical":"https:\/\/tibladin.dk\/fr\/produit-4\/tapis-en-coton-salima\/","og_locale":"fr_FR","og_type":"article","og_title":"Bomuldst\u00e6ppe | Tidl\u00f8st design | K\u00f8b online hos Tibladin","og_description":"Bomuldst\u00e6ppe med en elegant marokkansk touch, der giver en rolig stemning i ethvert rum. Hvert t\u00e6ppe er h\u00e5ndlavet og giver derfor dit hjem en unik stemning.","og_url":"https:\/\/tibladin.dk\/fr\/produit-4\/tapis-en-coton-salima\/","og_site_name":"Tibladin","article_modified_time":"2025-12-30T10:43:02+00:00","og_image":[{"width":800,"height":800,"url":"https:\/\/tibladin.dk\/wp-content\/uploads\/2022\/09\/Tibladin_marokkansk_bomuldstaeppe_salima_1-1.jpg","type":"image\/jpeg"}],"twitter_card":"summary_large_image","twitter_misc":{"Dur\u00e9e de lecture estim\u00e9e":"1 minute"},"schema":{"@context":"https:\/\/schema.org","@graph":[{"@type":"WebPage","@id":"https:\/\/tibladin.dk\/produkt\/bomuldstaeppe-salima\/","url":"https:\/\/tibladin.dk\/produkt\/bomuldstaeppe-salima\/","name":"Couverture en coton | Design intemporel | Acheter en ligne chez Tibladin","isPartOf":{"@id":"https:\/\/tibladin.dk\/#website"},"primaryImageOfPage":{"@id":"https:\/\/tibladin.dk\/produkt\/bomuldstaeppe-salima\/#primaryimage"},"image":{"@id":"https:\/\/tibladin.dk\/produkt\/bomuldstaeppe-salima\/#primaryimage"},"thumbnailUrl":"https:\/\/tibladin.dk\/wp-content\/uploads\/2022\/09\/Tibladin_marokkansk_bomuldstaeppe_salima_1-1.jpg","datePublished":"2022-09-20T09:10:03+00:00","dateModified":"2025-12-30T10:43:02+00:00","description":"Tapis en coton avec une touche marocaine \u00e9l\u00e9gante qui donne une atmosph\u00e8re calme \u00e0 n&#039;importe quelle pi\u00e8ce. Chaque tapis est fabriqu\u00e9 \u00e0 la main et conf\u00e8re ainsi \u00e0 votre maison une atmosph\u00e8re unique.","breadcrumb":{"@id":"https:\/\/tibladin.dk\/produkt\/bomuldstaeppe-salima\/#breadcrumb"},"inLanguage":"fr-FR","potentialAction":[{"@type":"ReadAction","target":["https:\/\/tibladin.dk\/produkt\/bomuldstaeppe-salima\/"]}]},{"@type":"ImageObject","inLanguage":"fr-FR","@id":"https:\/\/tibladin.dk\/produkt\/bomuldstaeppe-salima\/#primaryimage","url":"https:\/\/tibladin.dk\/wp-content\/uploads\/2022\/09\/Tibladin_marokkansk_bomuldstaeppe_salima_1-1.jpg","contentUrl":"https:\/\/tibladin.dk\/wp-content\/uploads\/2022\/09\/Tibladin_marokkansk_bomuldstaeppe_salima_1-1.jpg","width":800,"height":800,"caption":"H\u00e5ndv\u00e6vet bomuldst\u00e6ppe i hvid med marokkansk stribe og prikm\u00f8nster i lysebl\u00e5 med brune kvaster"},{"@type":"BreadcrumbList","@id":"https:\/\/tibladin.dk\/produkt\/bomuldstaeppe-salima\/#breadcrumb","itemListElement":[{"@type":"ListItem","position":1,"name":"Hjem","item":"https:\/\/tibladin.dk\/"},{"@type":"ListItem","position":2,"name":"Shop","item":"https:\/\/tibladin.dk\/shop\/"},{"@type":"ListItem","position":3,"name":"Bomuldst\u00e6ppe &#8211; Salima"}]},{"@type":"WebSite","@id":"https:\/\/tibladin.dk\/#website","url":"https:\/\/tibladin.dk\/","name":"Tibladin","description":"Tibladin","publisher":{"@id":"https:\/\/tibladin.dk\/#organization"},"potentialAction":[{"@type":"SearchAction","target":{"@type":"EntryPoint","urlTemplate":"https:\/\/tibladin.dk\/?s={search_term_string}"},"query-input":{"@type":"PropertyValueSpecification","valueRequired":true,"valueName":"search_term_string"}}],"inLanguage":"fr-FR"},{"@type":"Organization","@id":"https:\/\/tibladin.dk\/#organization","name":"Tibladin","url":"https:\/\/tibladin.dk\/","logo":{"@type":"ImageObject","inLanguage":"fr-FR","@id":"https:\/\/tibladin.dk\/#\/schema\/logo\/image\/","url":"https:\/\/tibladin.dk\/wp-content\/uploads\/2022\/09\/tibladin_logo.svg","contentUrl":"https:\/\/tibladin.dk\/wp-content\/uploads\/2022\/09\/tibladin_logo.svg","caption":"Tibladin"},"image":{"@id":"https:\/\/tibladin.dk\/#\/schema\/logo\/image\/"}}]}},"_links":{"self":[{"href":"https:\/\/tibladin.dk\/fr\/wp-json\/wp\/v2\/product\/1561","targetHints":{"allow":["GET"]}}],"collection":[{"href":"https:\/\/tibladin.dk\/fr\/wp-json\/wp\/v2\/product"}],"about":[{"href":"https:\/\/tibladin.dk\/fr\/wp-json\/wp\/v2\/types\/product"}],"wp:featuredmedia":[{"embeddable":true,"href":"https:\/\/tibladin.dk\/fr\/wp-json\/wp\/v2\/media\/1557"}],"wp:attachment":[{"href":"https:\/\/tibladin.dk\/fr\/wp-json\/wp\/v2\/media?parent=1561"}],"wp:term":[{"taxonomy":"product_brand","embeddable":true,"href":"https:\/\/tibladin.dk\/fr\/wp-json\/wp\/v2\/product_brand?post=1561"},{"taxonomy":"product_cat","embeddable":true,"href":"https:\/\/tibladin.dk\/fr\/wp-json\/wp\/v2\/product_cat?post=1561"},{"taxonomy":"product_tag","embeddable":true,"href":"https:\/\/tibladin.dk\/fr\/wp-json\/wp\/v2\/product_tag?post=1561"}],"curies":[{"name":"wp","href":"https:\/\/api.w.org\/{rel}","templated":true}]}}