{"id":1578,"date":"2022-09-20T11:10:14","date_gmt":"2022-09-20T09:10:14","guid":{"rendered":"https:\/\/tibladin.dk\/?post_type=product&#038;p=1578"},"modified":"2026-03-25T23:36:24","modified_gmt":"2026-03-25T22:36:24","slug":"plat-avec-moenster-marocain","status":"publish","type":"product","link":"https:\/\/tibladin.dk\/fr\/produkt\/fad-med-marokkansk-moenster\/","title":{"rendered":"Plat \u00e0 motif marocain"},"content":{"rendered":"<div class=\"wpb-content-wrapper\"><div class=\"vc_row wpb_row vc_row-fluid\"><div class=\"wpb_column vc_column_container vc_col-sm-4\"><div class=\"vc_column-inner\"><div class=\"wpb_wrapper\">\n\t<div class=\"wpb_video_widget wpb_content_element vc_clearfix   vc_video-aspect-ratio-43 vc_video-el-width-100 vc_video-align-left\" >\n\t\t<div class=\"wpb_wrapper\">\n\t\t\t\n\t\t\t<div class=\"wpb_video_wrapper\"><div class=\"video-container\"><iframe loading=\"lazy\" title=\"Tibladin_produktion gr\u00e8s\" src=\"https:\/\/player.vimeo.com\/video\/415400643?dnt=1&amp;app_id=122963\" width=\"310\" height=\"310\" frameborder=\"0\" allow=\"autoplay; fullscreen; picture-in-picture\"><\/iframe><\/div><\/div>\n\t\t<\/div>\n\t<\/div>\n<\/div><\/div><\/div><div class=\"wpb_column vc_column_container vc_col-sm-4\"><div class=\"vc_column-inner\"><div class=\"wpb_wrapper\"><h3 style=\"text-align: left\" class=\"vc_custom_heading vc_do_custom_heading\" >Entretien<\/h3>\n\t<div class=\"wpb_text_column wpb_content_element\" >\n\t\t<div class=\"wpb_wrapper\">\n\t\t\t<p>Peut \u00eatre lav\u00e9 \u00e0 l&#039;eau savonneuse - peut \u00e9galement aller au lave-vaisselle.<\/p>\n<p>Les plats sont fabriqu\u00e9s \u00e0 la main et il peut y avoir des variations de couleur et de forme.<\/p>\n\n\t\t<\/div>\n\t<\/div>\n<\/div><\/div><\/div><div class=\"wpb_column vc_column_container vc_col-sm-4\"><div class=\"vc_column-inner\"><div class=\"wpb_wrapper\"><h3 style=\"text-align: left\" class=\"vc_custom_heading vc_do_custom_heading\" >L&#039;histoire derri\u00e8re<\/h3>\n\t<div class=\"wpb_text_column wpb_content_element\" >\n\t\t<div class=\"wpb_wrapper\">\n\t\t\t<p>Une jolie table avec de belles choses uniques peut \u00eatre un bon sujet de conversation avec vos invit\u00e9s. Ma collaboration avec ce fabricant de gr\u00e8s est absolument extraordinaire. Ici, ils sont sp\u00e9cialis\u00e9s dans la fabrication de gr\u00e8s intemporels avec une petite touche marocaine, comme je l&#039;adore. On l&#039;appelle aussi porcelaine de Marrakech. Ils livrent dans le monde entier et dans tous les grands h\u00f4tels, restaurants et magasins. Le gr\u00e8s est cuit \u00e0 plus de 1\u00a0200 degr\u00e9s, ce qui le rend tr\u00e8s durable. Tout ce que vous voyez sous le gr\u00e8s sur cette page est approuv\u00e9 pour aller au four, au micro-ondes et au lave-vaisselle, et en tant que consommateur, vous \u00eates assur\u00e9 que tout est approuv\u00e9 selon les normes internationales et Prob65 California, qui indique qu&#039;il s&#039;agit de mat\u00e9riaux et de vernis non toxiques. \u2013 agr\u00e9\u00e9 pour pouvoir y manger et y boire.<\/p>\n\n\t\t<\/div>\n\t<\/div>\n<\/div><\/div><\/div><\/div>\n<\/div>","protected":false},"excerpt":{"rendered":"<p>Plat allong\u00e9 au motif marocain d\u00e9cor\u00e9 \u00e0 la main - disponible en noir et blanc, taille 15\u00d730 cm.<\/p>\n<p>Le plat blanc a un motif noir et le plat noir a un motif gris argent\u00e9.<\/p>\n<p>Id\u00e9al comme assiettes \u00e0 tapas ou plats de service.<\/p>\n<p>Peut r\u00e9sister au four, au micro-ondes et au lave-vaisselle.<\/p>","protected":false},"featured_media":1657,"template":"","meta":{"inline_featured_image":false},"product_brand":[],"product_cat":[33,46,43,32,45],"product_tag":[],"class_list":{"0":"post-1578","1":"product","2":"type-product","3":"status-publish","4":"has-post-thumbnail","6":"product_cat-borddaekning","7":"product_cat-fade","8":"product_cat-stentoej","9":"product_cat-tilbud","10":"product_cat-vaert-vaertindegaver","12":"first","13":"instock","14":"sale","15":"taxable","16":"shipping-taxable","17":"purchasable","18":"product-type-variable"},"exclude_global_add_ons":false,"addons":[{"name":"Vous souhaitez un emballage cadeau ?","type":"checkbox","position":0,"required":false,"title_format":"label","default":"","description_enable":false,"description":"","placeholder_enable":false,"placeholder":"","display":"images","restrictions_type":"any_text","adjust_price":false,"price":"","price_type":"flat_fee","restrictions":false,"min":"0","max":"0","options":[{"label":"Ja tak","price":"10","price_type":"flat_fee","image":11015,"visibility":true}],"id":1669646111}],"yoast_head":"<!-- This site is optimized with the Yoast SEO plugin v27.4 - https:\/\/yoast.com\/product\/yoast-seo-wordpress\/ -->\n<title>Fad med marokkansk m\u00f8nster | Hvid og sort | Tibladin<\/title>\n<meta name=\"description\" content=\"Marokkansk stent\u00f8j. Aflangt fad med smukt h\u00e5ndmalet marokkansk m\u00f8nster. F\u00e5es i sort og hvid. 15x30 cm. K\u00f8b matchende krus og f\u00e5 et komplet s\u00e6t\" \/>\n<meta name=\"robots\" content=\"index, follow, max-snippet:-1, max-image-preview:large, max-video-preview:-1\" \/>\n<link rel=\"canonical\" href=\"https:\/\/tibladin.dk\/fr\/produit-4\/plat-avec-moenster-marocain\/\" \/>\n<meta property=\"og:locale\" content=\"fr_FR\" \/>\n<meta property=\"og:type\" content=\"article\" \/>\n<meta property=\"og:title\" content=\"Fad med marokkansk m\u00f8nster | Hvid og sort | Tibladin\" \/>\n<meta property=\"og:description\" content=\"Marokkansk stent\u00f8j. Aflangt fad med smukt h\u00e5ndmalet marokkansk m\u00f8nster. F\u00e5es i sort og hvid. 15x30 cm. K\u00f8b matchende krus og f\u00e5 et komplet s\u00e6t\" \/>\n<meta property=\"og:url\" content=\"https:\/\/tibladin.dk\/fr\/produit-4\/plat-avec-moenster-marocain\/\" \/>\n<meta property=\"og:site_name\" content=\"Tibladin\" \/>\n<meta property=\"article:modified_time\" content=\"2026-03-25T22:36:24+00:00\" \/>\n<meta property=\"og:image\" content=\"https:\/\/tibladin.dk\/wp-content\/uploads\/2022\/09\/Tibladin_marokkanske-fade_sort-og-hvid-1.jpg\" \/>\n\t<meta property=\"og:image:width\" content=\"800\" \/>\n\t<meta property=\"og:image:height\" content=\"800\" \/>\n\t<meta property=\"og:image:type\" content=\"image\/jpeg\" \/>\n<meta name=\"twitter:card\" content=\"summary_large_image\" \/>\n<meta name=\"twitter:label1\" content=\"Dur\u00e9e de lecture estim\u00e9e\" \/>\n\t<meta name=\"twitter:data1\" content=\"2 minutes\" \/>\n<script type=\"application\/ld+json\" class=\"yoast-schema-graph\">{\"@context\":\"https:\\\/\\\/schema.org\",\"@graph\":[{\"@type\":\"WebPage\",\"@id\":\"https:\\\/\\\/tibladin.dk\\\/produkt\\\/fad-med-marokkansk-moenster\\\/\",\"url\":\"https:\\\/\\\/tibladin.dk\\\/produkt\\\/fad-med-marokkansk-moenster\\\/\",\"name\":\"Fad med marokkansk m\u00f8nster | Hvid og sort | Tibladin\",\"isPartOf\":{\"@id\":\"https:\\\/\\\/tibladin.dk\\\/#website\"},\"primaryImageOfPage\":{\"@id\":\"https:\\\/\\\/tibladin.dk\\\/produkt\\\/fad-med-marokkansk-moenster\\\/#primaryimage\"},\"image\":{\"@id\":\"https:\\\/\\\/tibladin.dk\\\/produkt\\\/fad-med-marokkansk-moenster\\\/#primaryimage\"},\"thumbnailUrl\":\"https:\\\/\\\/tibladin.dk\\\/wp-content\\\/uploads\\\/2022\\\/09\\\/Tibladin_marokkanske-fade_sort-og-hvid-1.jpg\",\"datePublished\":\"2022-09-20T09:10:14+00:00\",\"dateModified\":\"2026-03-25T22:36:24+00:00\",\"description\":\"Marokkansk stent\u00f8j. Aflangt fad med smukt h\u00e5ndmalet marokkansk m\u00f8nster. F\u00e5es i sort og hvid. 15x30 cm. K\u00f8b matchende krus og f\u00e5 et komplet s\u00e6t\",\"breadcrumb\":{\"@id\":\"https:\\\/\\\/tibladin.dk\\\/produkt\\\/fad-med-marokkansk-moenster\\\/#breadcrumb\"},\"inLanguage\":\"fr-FR\",\"potentialAction\":[{\"@type\":\"ReadAction\",\"target\":[\"https:\\\/\\\/tibladin.dk\\\/produkt\\\/fad-med-marokkansk-moenster\\\/\"]}]},{\"@type\":\"ImageObject\",\"inLanguage\":\"fr-FR\",\"@id\":\"https:\\\/\\\/tibladin.dk\\\/produkt\\\/fad-med-marokkansk-moenster\\\/#primaryimage\",\"url\":\"https:\\\/\\\/tibladin.dk\\\/wp-content\\\/uploads\\\/2022\\\/09\\\/Tibladin_marokkanske-fade_sort-og-hvid-1.jpg\",\"contentUrl\":\"https:\\\/\\\/tibladin.dk\\\/wp-content\\\/uploads\\\/2022\\\/09\\\/Tibladin_marokkanske-fade_sort-og-hvid-1.jpg\",\"width\":800,\"height\":800,\"caption\":\"Sort fad med hvidt m\u00f8nster og hvidt fad med sort m\u00f8nster ved siden af hinanden\"},{\"@type\":\"BreadcrumbList\",\"@id\":\"https:\\\/\\\/tibladin.dk\\\/produkt\\\/fad-med-marokkansk-moenster\\\/#breadcrumb\",\"itemListElement\":[{\"@type\":\"ListItem\",\"position\":1,\"name\":\"Hjem\",\"item\":\"https:\\\/\\\/tibladin.dk\\\/\"},{\"@type\":\"ListItem\",\"position\":2,\"name\":\"Shop\",\"item\":\"https:\\\/\\\/tibladin.dk\\\/shop\\\/\"},{\"@type\":\"ListItem\",\"position\":3,\"name\":\"Fad med marokkansk m\u00f8nster\"}]},{\"@type\":\"WebSite\",\"@id\":\"https:\\\/\\\/tibladin.dk\\\/#website\",\"url\":\"https:\\\/\\\/tibladin.dk\\\/\",\"name\":\"Tibladin\",\"description\":\"Tibladin\",\"publisher\":{\"@id\":\"https:\\\/\\\/tibladin.dk\\\/#organization\"},\"potentialAction\":[{\"@type\":\"SearchAction\",\"target\":{\"@type\":\"EntryPoint\",\"urlTemplate\":\"https:\\\/\\\/tibladin.dk\\\/?s={search_term_string}\"},\"query-input\":{\"@type\":\"PropertyValueSpecification\",\"valueRequired\":true,\"valueName\":\"search_term_string\"}}],\"inLanguage\":\"fr-FR\"},{\"@type\":\"Organization\",\"@id\":\"https:\\\/\\\/tibladin.dk\\\/#organization\",\"name\":\"Tibladin\",\"url\":\"https:\\\/\\\/tibladin.dk\\\/\",\"logo\":{\"@type\":\"ImageObject\",\"inLanguage\":\"fr-FR\",\"@id\":\"https:\\\/\\\/tibladin.dk\\\/#\\\/schema\\\/logo\\\/image\\\/\",\"url\":\"https:\\\/\\\/tibladin.dk\\\/wp-content\\\/uploads\\\/2022\\\/09\\\/tibladin_logo.svg\",\"contentUrl\":\"https:\\\/\\\/tibladin.dk\\\/wp-content\\\/uploads\\\/2022\\\/09\\\/tibladin_logo.svg\",\"caption\":\"Tibladin\"},\"image\":{\"@id\":\"https:\\\/\\\/tibladin.dk\\\/#\\\/schema\\\/logo\\\/image\\\/\"}}]}<\/script>\n<!-- \/ Yoast SEO plugin. -->","yoast_head_json":{"title":"Plat \u00e0 motif marocain | Blanc et noir | Tibladine","description":"Gr\u00e8s marocain. Plat allong\u00e9 avec un beau motif marocain peint \u00e0 la main. Disponible en noir et blanc. 15x30cm. Achetez des tasses assorties et obtenez un ensemble complet","robots":{"index":"index","follow":"follow","max-snippet":"max-snippet:-1","max-image-preview":"max-image-preview:large","max-video-preview":"max-video-preview:-1"},"canonical":"https:\/\/tibladin.dk\/fr\/produit-4\/plat-avec-moenster-marocain\/","og_locale":"fr_FR","og_type":"article","og_title":"Fad med marokkansk m\u00f8nster | Hvid og sort | Tibladin","og_description":"Marokkansk stent\u00f8j. Aflangt fad med smukt h\u00e5ndmalet marokkansk m\u00f8nster. F\u00e5es i sort og hvid. 15x30 cm. K\u00f8b matchende krus og f\u00e5 et komplet s\u00e6t","og_url":"https:\/\/tibladin.dk\/fr\/produit-4\/plat-avec-moenster-marocain\/","og_site_name":"Tibladin","article_modified_time":"2026-03-25T22:36:24+00:00","og_image":[{"width":800,"height":800,"url":"https:\/\/tibladin.dk\/wp-content\/uploads\/2022\/09\/Tibladin_marokkanske-fade_sort-og-hvid-1.jpg","type":"image\/jpeg"}],"twitter_card":"summary_large_image","twitter_misc":{"Dur\u00e9e de lecture estim\u00e9e":"2 minutes"},"schema":{"@context":"https:\/\/schema.org","@graph":[{"@type":"WebPage","@id":"https:\/\/tibladin.dk\/produkt\/fad-med-marokkansk-moenster\/","url":"https:\/\/tibladin.dk\/produkt\/fad-med-marokkansk-moenster\/","name":"Plat \u00e0 motif marocain | Blanc et noir | Tibladine","isPartOf":{"@id":"https:\/\/tibladin.dk\/#website"},"primaryImageOfPage":{"@id":"https:\/\/tibladin.dk\/produkt\/fad-med-marokkansk-moenster\/#primaryimage"},"image":{"@id":"https:\/\/tibladin.dk\/produkt\/fad-med-marokkansk-moenster\/#primaryimage"},"thumbnailUrl":"https:\/\/tibladin.dk\/wp-content\/uploads\/2022\/09\/Tibladin_marokkanske-fade_sort-og-hvid-1.jpg","datePublished":"2022-09-20T09:10:14+00:00","dateModified":"2026-03-25T22:36:24+00:00","description":"Gr\u00e8s marocain. Plat allong\u00e9 avec un beau motif marocain peint \u00e0 la main. Disponible en noir et blanc. 15x30cm. Achetez des tasses assorties et obtenez un ensemble complet","breadcrumb":{"@id":"https:\/\/tibladin.dk\/produkt\/fad-med-marokkansk-moenster\/#breadcrumb"},"inLanguage":"fr-FR","potentialAction":[{"@type":"ReadAction","target":["https:\/\/tibladin.dk\/produkt\/fad-med-marokkansk-moenster\/"]}]},{"@type":"ImageObject","inLanguage":"fr-FR","@id":"https:\/\/tibladin.dk\/produkt\/fad-med-marokkansk-moenster\/#primaryimage","url":"https:\/\/tibladin.dk\/wp-content\/uploads\/2022\/09\/Tibladin_marokkanske-fade_sort-og-hvid-1.jpg","contentUrl":"https:\/\/tibladin.dk\/wp-content\/uploads\/2022\/09\/Tibladin_marokkanske-fade_sort-og-hvid-1.jpg","width":800,"height":800,"caption":"Sort fad med hvidt m\u00f8nster og hvidt fad med sort m\u00f8nster ved siden af hinanden"},{"@type":"BreadcrumbList","@id":"https:\/\/tibladin.dk\/produkt\/fad-med-marokkansk-moenster\/#breadcrumb","itemListElement":[{"@type":"ListItem","position":1,"name":"Hjem","item":"https:\/\/tibladin.dk\/"},{"@type":"ListItem","position":2,"name":"Shop","item":"https:\/\/tibladin.dk\/shop\/"},{"@type":"ListItem","position":3,"name":"Fad med marokkansk m\u00f8nster"}]},{"@type":"WebSite","@id":"https:\/\/tibladin.dk\/#website","url":"https:\/\/tibladin.dk\/","name":"Tibladin","description":"Tibladin","publisher":{"@id":"https:\/\/tibladin.dk\/#organization"},"potentialAction":[{"@type":"SearchAction","target":{"@type":"EntryPoint","urlTemplate":"https:\/\/tibladin.dk\/?s={search_term_string}"},"query-input":{"@type":"PropertyValueSpecification","valueRequired":true,"valueName":"search_term_string"}}],"inLanguage":"fr-FR"},{"@type":"Organization","@id":"https:\/\/tibladin.dk\/#organization","name":"Tibladin","url":"https:\/\/tibladin.dk\/","logo":{"@type":"ImageObject","inLanguage":"fr-FR","@id":"https:\/\/tibladin.dk\/#\/schema\/logo\/image\/","url":"https:\/\/tibladin.dk\/wp-content\/uploads\/2022\/09\/tibladin_logo.svg","contentUrl":"https:\/\/tibladin.dk\/wp-content\/uploads\/2022\/09\/tibladin_logo.svg","caption":"Tibladin"},"image":{"@id":"https:\/\/tibladin.dk\/#\/schema\/logo\/image\/"}}]}},"_links":{"self":[{"href":"https:\/\/tibladin.dk\/fr\/wp-json\/wp\/v2\/product\/1578","targetHints":{"allow":["GET"]}}],"collection":[{"href":"https:\/\/tibladin.dk\/fr\/wp-json\/wp\/v2\/product"}],"about":[{"href":"https:\/\/tibladin.dk\/fr\/wp-json\/wp\/v2\/types\/product"}],"wp:featuredmedia":[{"embeddable":true,"href":"https:\/\/tibladin.dk\/fr\/wp-json\/wp\/v2\/media\/1657"}],"wp:attachment":[{"href":"https:\/\/tibladin.dk\/fr\/wp-json\/wp\/v2\/media?parent=1578"}],"wp:term":[{"taxonomy":"product_brand","embeddable":true,"href":"https:\/\/tibladin.dk\/fr\/wp-json\/wp\/v2\/product_brand?post=1578"},{"taxonomy":"product_cat","embeddable":true,"href":"https:\/\/tibladin.dk\/fr\/wp-json\/wp\/v2\/product_cat?post=1578"},{"taxonomy":"product_tag","embeddable":true,"href":"https:\/\/tibladin.dk\/fr\/wp-json\/wp\/v2\/product_tag?post=1578"}],"curies":[{"name":"wp","href":"https:\/\/api.w.org\/{rel}","templated":true}]}}