{"id":1579,"date":"2022-09-20T11:10:14","date_gmt":"2022-09-20T09:10:14","guid":{"rendered":"https:\/\/tibladin.dk\/?post_type=product&#038;p=1579"},"modified":"2025-11-15T12:30:30","modified_gmt":"2025-11-15T11:30:30","slug":"mini-bol-a-tajine-sel-et-poivre-avec-couche","status":"publish","type":"product","link":"https:\/\/tibladin.dk\/fr\/produkt\/saltpeber-mini-tagine-skaal-med-laag\/","title":{"rendered":"Mini tajine Sel&amp;Poivre"},"content":{"rendered":"<div class=\"wpb-content-wrapper\"><div class=\"vc_row wpb_row vc_row-fluid\"><div class=\"wpb_column vc_column_container vc_col-sm-4\"><div class=\"vc_column-inner\"><div class=\"wpb_wrapper\">\n\t<div class=\"wpb_video_widget wpb_content_element vc_clearfix   vc_video-aspect-ratio-43 vc_video-el-width-100 vc_video-align-left\" >\n\t\t<div class=\"wpb_wrapper\">\n\t\t\t\n\t\t\t<div class=\"wpb_video_wrapper\"><div class=\"video-container\"><iframe loading=\"lazy\" title=\"Tibladin_produktion gr\u00e8s\" src=\"https:\/\/player.vimeo.com\/video\/415400643?dnt=1&amp;app_id=122963\" width=\"310\" height=\"310\" frameborder=\"0\" allow=\"autoplay; fullscreen; picture-in-picture\"><\/iframe><\/div><\/div>\n\t\t<\/div>\n\t<\/div>\n<\/div><\/div><\/div><div class=\"wpb_column vc_column_container vc_col-sm-4\"><div class=\"vc_column-inner\"><div class=\"wpb_wrapper\"><h3 style=\"text-align: left\" class=\"vc_custom_heading vc_do_custom_heading\" >Entretien<\/h3>\n\t<div class=\"wpb_text_column wpb_content_element\" >\n\t\t<div class=\"wpb_wrapper\">\n\t\t\t<p>Peut \u00eatre lav\u00e9 avec de l&#039;eau savonneuse douce \u2013 peut \u00e9galement aller au lave-vaisselle.<\/p>\n<p>Les plats sont fabriqu\u00e9s \u00e0 la main et il peut y avoir des variations de couleur et de forme.<\/p>\n\n\t\t<\/div>\n\t<\/div>\n<\/div><\/div><\/div><div class=\"wpb_column vc_column_container vc_col-sm-4\"><div class=\"vc_column-inner\"><div class=\"wpb_wrapper\"><h3 style=\"text-align: left\" class=\"vc_custom_heading vc_do_custom_heading\" >L&#039;histoire derri\u00e8re<\/h3>\n\t<div class=\"wpb_text_column wpb_content_element\" >\n\t\t<div class=\"wpb_wrapper\">\n\t\t\t<p>Une jolie table avec de belles choses uniques peut \u00eatre un bon sujet de conversation avec vos invit\u00e9s. Ma collaboration avec ce fabricant de gr\u00e8s est absolument extraordinaire. Ici, ils sont sp\u00e9cialis\u00e9s dans la fabrication de gr\u00e8s intemporels avec une petite touche marocaine, comme je l&#039;adore. On l&#039;appelle aussi porcelaine de Marrakech. Ils livrent dans le monde entier et dans tous les grands h\u00f4tels, restaurants et magasins. Le gr\u00e8s est cuit \u00e0 plus de 1\u00a0200 degr\u00e9s, ce qui le rend tr\u00e8s durable. Tout ce que vous voyez sous le gr\u00e8s sur cette page est approuv\u00e9 pour aller au four, au micro-ondes et au lave-vaisselle, et en tant que consommateur, vous \u00eates assur\u00e9 que tout est approuv\u00e9 selon les normes internationales et Prob65 California, qui indique qu&#039;il s&#039;agit de mat\u00e9riaux et de vernis non toxiques. \u2013 agr\u00e9\u00e9 pour pouvoir y manger et y boire.<\/p>\n\n\t\t<\/div>\n\t<\/div>\n<\/div><\/div><\/div><\/div>\n<\/div>","protected":false},"excerpt":{"rendered":"<p>Mini bols \u00e0 tajine avec couvercles, parfaits pour le sel et le poivre ou d'autres \u00e9pices, ou pour servir sur une assiette avec des noix, du chocolat ou d'autres friandises. Super sympa comme petits bols de soja lorsque vous servez des sushis ou pour le pesto pour votre plateau de tapas. Les possibilit\u00e9s sont nombreuses.<\/p>\n<p>7,5 cm de diam\u00e8tre et de hauteur. Disponible en trois motifs diff\u00e9rents Zig Zag, Dot et Ethnique Chic et s&#039;adapte ainsi aux plats, bols et mugs de la m\u00eame s\u00e9rie.<\/p>\n<p>Peut r\u00e9sister au four, au micro-ondes, au cong\u00e9lateur et au lave-vaisselle.<\/p>","protected":false},"featured_media":1671,"template":"","meta":{"inline_featured_image":false},"product_brand":[],"product_cat":[33,48,43,32],"product_tag":[],"class_list":{"0":"post-1579","1":"product","2":"type-product","3":"status-publish","4":"has-post-thumbnail","6":"product_cat-borddaekning","7":"product_cat-skaale","8":"product_cat-stentoej","9":"product_cat-tilbud","11":"first","12":"outofstock","13":"sale","14":"taxable","15":"shipping-taxable","16":"purchasable","17":"product-type-variable"},"exclude_global_add_ons":false,"addons":[{"name":"Vous souhaitez un emballage cadeau ?","type":"checkbox","position":0,"required":false,"title_format":"label","default":"","description_enable":false,"description":"","placeholder_enable":false,"placeholder":"","display":"images","restrictions_type":"any_text","adjust_price":false,"price":"","price_type":"flat_fee","restrictions":false,"min":"0","max":"0","options":[{"label":"Ja tak","price":"10","price_type":"flat_fee","image":11015,"visibility":true}],"id":1669646111}],"yoast_head":"<!-- This site is optimized with the Yoast SEO plugin v27.5 - https:\/\/yoast.com\/product\/yoast-seo-wordpress\/ -->\n<title>Mini tagine sk\u00e5l med l\u00e5g | Tibladin<\/title>\n<meta name=\"description\" content=\"Marokkansk stent\u00f8j. Mini Tagine sk\u00e5l med l\u00e5g 7,5 cm. fine til salt&amp;peber eller til at servere lidt godt til kaffen i. K\u00f8b fad og krus for et komplet s\u00e6t\" \/>\n<meta name=\"robots\" content=\"index, follow, max-snippet:-1, max-image-preview:large, max-video-preview:-1\" \/>\n<link rel=\"canonical\" href=\"https:\/\/tibladin.dk\/fr\/produit-4\/mini-bol-a-tajine-sel-et-poivre-avec-couche\/\" \/>\n<meta property=\"og:locale\" content=\"fr_FR\" \/>\n<meta property=\"og:type\" content=\"article\" \/>\n<meta property=\"og:title\" content=\"Mini tagine sk\u00e5l med l\u00e5g | Tibladin\" \/>\n<meta property=\"og:description\" content=\"Marokkansk stent\u00f8j. Mini Tagine sk\u00e5l med l\u00e5g 7,5 cm. fine til salt&amp;peber eller til at servere lidt godt til kaffen i. K\u00f8b fad og krus for et komplet s\u00e6t\" \/>\n<meta property=\"og:url\" content=\"https:\/\/tibladin.dk\/fr\/produit-4\/mini-bol-a-tajine-sel-et-poivre-avec-couche\/\" \/>\n<meta property=\"og:site_name\" content=\"Tibladin\" \/>\n<meta property=\"article:modified_time\" content=\"2025-11-15T11:30:30+00:00\" \/>\n<meta property=\"og:image\" content=\"https:\/\/tibladin.dk\/wp-content\/uploads\/2022\/09\/Tibladin_marokkansk-stentoej_salt-og-peber_LS2-1.jpg\" \/>\n\t<meta property=\"og:image:width\" content=\"800\" \/>\n\t<meta property=\"og:image:height\" content=\"800\" \/>\n\t<meta property=\"og:image:type\" content=\"image\/jpeg\" \/>\n<meta name=\"twitter:card\" content=\"summary_large_image\" \/>\n<meta name=\"twitter:label1\" content=\"Dur\u00e9e de lecture estim\u00e9e\" \/>\n\t<meta name=\"twitter:data1\" content=\"2 minutes\" \/>\n<script type=\"application\/ld+json\" class=\"yoast-schema-graph\">{\"@context\":\"https:\\\/\\\/schema.org\",\"@graph\":[{\"@type\":\"WebPage\",\"@id\":\"https:\\\/\\\/tibladin.dk\\\/produkt\\\/saltpeber-mini-tagine-skaal-med-laag\\\/\",\"url\":\"https:\\\/\\\/tibladin.dk\\\/produkt\\\/saltpeber-mini-tagine-skaal-med-laag\\\/\",\"name\":\"Mini tagine sk\u00e5l med l\u00e5g | Tibladin\",\"isPartOf\":{\"@id\":\"https:\\\/\\\/tibladin.dk\\\/#website\"},\"primaryImageOfPage\":{\"@id\":\"https:\\\/\\\/tibladin.dk\\\/produkt\\\/saltpeber-mini-tagine-skaal-med-laag\\\/#primaryimage\"},\"image\":{\"@id\":\"https:\\\/\\\/tibladin.dk\\\/produkt\\\/saltpeber-mini-tagine-skaal-med-laag\\\/#primaryimage\"},\"thumbnailUrl\":\"https:\\\/\\\/tibladin.dk\\\/wp-content\\\/uploads\\\/2022\\\/09\\\/Tibladin_marokkansk-stentoej_salt-og-peber_LS2-1.jpg\",\"datePublished\":\"2022-09-20T09:10:14+00:00\",\"dateModified\":\"2025-11-15T11:30:30+00:00\",\"description\":\"Marokkansk stent\u00f8j. Mini Tagine sk\u00e5l med l\u00e5g 7,5 cm. fine til salt&peber eller til at servere lidt godt til kaffen i. K\u00f8b fad og krus for et komplet s\u00e6t\",\"breadcrumb\":{\"@id\":\"https:\\\/\\\/tibladin.dk\\\/produkt\\\/saltpeber-mini-tagine-skaal-med-laag\\\/#breadcrumb\"},\"inLanguage\":\"fr-FR\",\"potentialAction\":[{\"@type\":\"ReadAction\",\"target\":[\"https:\\\/\\\/tibladin.dk\\\/produkt\\\/saltpeber-mini-tagine-skaal-med-laag\\\/\"]}]},{\"@type\":\"ImageObject\",\"inLanguage\":\"fr-FR\",\"@id\":\"https:\\\/\\\/tibladin.dk\\\/produkt\\\/saltpeber-mini-tagine-skaal-med-laag\\\/#primaryimage\",\"url\":\"https:\\\/\\\/tibladin.dk\\\/wp-content\\\/uploads\\\/2022\\\/09\\\/Tibladin_marokkansk-stentoej_salt-og-peber_LS2-1.jpg\",\"contentUrl\":\"https:\\\/\\\/tibladin.dk\\\/wp-content\\\/uploads\\\/2022\\\/09\\\/Tibladin_marokkansk-stentoej_salt-og-peber_LS2-1.jpg\",\"width\":800,\"height\":800,\"caption\":\"Lille tagine fad med prikm\u00f8nster med chokolade i, p\u00e5 fad med matchende m\u00f8nster og jordb\u00e6r p\u00e5\"},{\"@type\":\"BreadcrumbList\",\"@id\":\"https:\\\/\\\/tibladin.dk\\\/produkt\\\/saltpeber-mini-tagine-skaal-med-laag\\\/#breadcrumb\",\"itemListElement\":[{\"@type\":\"ListItem\",\"position\":1,\"name\":\"Hjem\",\"item\":\"https:\\\/\\\/tibladin.dk\\\/\"},{\"@type\":\"ListItem\",\"position\":2,\"name\":\"Shop\",\"item\":\"https:\\\/\\\/tibladin.dk\\\/shop\\\/\"},{\"@type\":\"ListItem\",\"position\":3,\"name\":\"Salt&#038;Peber mini tagine sk\u00e5l med l\u00e5g\"}]},{\"@type\":\"WebSite\",\"@id\":\"https:\\\/\\\/tibladin.dk\\\/#website\",\"url\":\"https:\\\/\\\/tibladin.dk\\\/\",\"name\":\"Tibladin\",\"description\":\"Tibladin\",\"publisher\":{\"@id\":\"https:\\\/\\\/tibladin.dk\\\/#organization\"},\"potentialAction\":[{\"@type\":\"SearchAction\",\"target\":{\"@type\":\"EntryPoint\",\"urlTemplate\":\"https:\\\/\\\/tibladin.dk\\\/?s={search_term_string}\"},\"query-input\":{\"@type\":\"PropertyValueSpecification\",\"valueRequired\":true,\"valueName\":\"search_term_string\"}}],\"inLanguage\":\"fr-FR\"},{\"@type\":\"Organization\",\"@id\":\"https:\\\/\\\/tibladin.dk\\\/#organization\",\"name\":\"Tibladin\",\"url\":\"https:\\\/\\\/tibladin.dk\\\/\",\"logo\":{\"@type\":\"ImageObject\",\"inLanguage\":\"fr-FR\",\"@id\":\"https:\\\/\\\/tibladin.dk\\\/#\\\/schema\\\/logo\\\/image\\\/\",\"url\":\"https:\\\/\\\/tibladin.dk\\\/wp-content\\\/uploads\\\/2022\\\/09\\\/tibladin_logo.svg\",\"contentUrl\":\"https:\\\/\\\/tibladin.dk\\\/wp-content\\\/uploads\\\/2022\\\/09\\\/tibladin_logo.svg\",\"caption\":\"Tibladin\"},\"image\":{\"@id\":\"https:\\\/\\\/tibladin.dk\\\/#\\\/schema\\\/logo\\\/image\\\/\"}}]}<\/script>\n<!-- \/ Yoast SEO plugin. -->","yoast_head_json":{"title":"Mini bol \u00e0 tajine avec couvercle | Tibladine","description":"Gr\u00e8s marocain. Mini bol \u00e0 tajine avec couvercle 7,5 cm. parfait pour saler et poivrer ou pour servir un petit quelque chose de bon avec le caf\u00e9. Achetez un plat et une tasse pour un ensemble complet","robots":{"index":"index","follow":"follow","max-snippet":"max-snippet:-1","max-image-preview":"max-image-preview:large","max-video-preview":"max-video-preview:-1"},"canonical":"https:\/\/tibladin.dk\/fr\/produit-4\/mini-bol-a-tajine-sel-et-poivre-avec-couche\/","og_locale":"fr_FR","og_type":"article","og_title":"Mini tagine sk\u00e5l med l\u00e5g | Tibladin","og_description":"Marokkansk stent\u00f8j. Mini Tagine sk\u00e5l med l\u00e5g 7,5 cm. fine til salt&peber eller til at servere lidt godt til kaffen i. K\u00f8b fad og krus for et komplet s\u00e6t","og_url":"https:\/\/tibladin.dk\/fr\/produit-4\/mini-bol-a-tajine-sel-et-poivre-avec-couche\/","og_site_name":"Tibladin","article_modified_time":"2025-11-15T11:30:30+00:00","og_image":[{"width":800,"height":800,"url":"https:\/\/tibladin.dk\/wp-content\/uploads\/2022\/09\/Tibladin_marokkansk-stentoej_salt-og-peber_LS2-1.jpg","type":"image\/jpeg"}],"twitter_card":"summary_large_image","twitter_misc":{"Dur\u00e9e de lecture estim\u00e9e":"2 minutes"},"schema":{"@context":"https:\/\/schema.org","@graph":[{"@type":"WebPage","@id":"https:\/\/tibladin.dk\/produkt\/saltpeber-mini-tagine-skaal-med-laag\/","url":"https:\/\/tibladin.dk\/produkt\/saltpeber-mini-tagine-skaal-med-laag\/","name":"Mini bol \u00e0 tajine avec couvercle | Tibladine","isPartOf":{"@id":"https:\/\/tibladin.dk\/#website"},"primaryImageOfPage":{"@id":"https:\/\/tibladin.dk\/produkt\/saltpeber-mini-tagine-skaal-med-laag\/#primaryimage"},"image":{"@id":"https:\/\/tibladin.dk\/produkt\/saltpeber-mini-tagine-skaal-med-laag\/#primaryimage"},"thumbnailUrl":"https:\/\/tibladin.dk\/wp-content\/uploads\/2022\/09\/Tibladin_marokkansk-stentoej_salt-og-peber_LS2-1.jpg","datePublished":"2022-09-20T09:10:14+00:00","dateModified":"2025-11-15T11:30:30+00:00","description":"Gr\u00e8s marocain. Mini bol \u00e0 tajine avec couvercle 7,5 cm. parfait pour saler et poivrer ou pour servir un petit quelque chose de bon avec le caf\u00e9. Achetez un plat et une tasse pour un ensemble complet","breadcrumb":{"@id":"https:\/\/tibladin.dk\/produkt\/saltpeber-mini-tagine-skaal-med-laag\/#breadcrumb"},"inLanguage":"fr-FR","potentialAction":[{"@type":"ReadAction","target":["https:\/\/tibladin.dk\/produkt\/saltpeber-mini-tagine-skaal-med-laag\/"]}]},{"@type":"ImageObject","inLanguage":"fr-FR","@id":"https:\/\/tibladin.dk\/produkt\/saltpeber-mini-tagine-skaal-med-laag\/#primaryimage","url":"https:\/\/tibladin.dk\/wp-content\/uploads\/2022\/09\/Tibladin_marokkansk-stentoej_salt-og-peber_LS2-1.jpg","contentUrl":"https:\/\/tibladin.dk\/wp-content\/uploads\/2022\/09\/Tibladin_marokkansk-stentoej_salt-og-peber_LS2-1.jpg","width":800,"height":800,"caption":"Lille tagine fad med prikm\u00f8nster med chokolade i, p\u00e5 fad med matchende m\u00f8nster og jordb\u00e6r p\u00e5"},{"@type":"BreadcrumbList","@id":"https:\/\/tibladin.dk\/produkt\/saltpeber-mini-tagine-skaal-med-laag\/#breadcrumb","itemListElement":[{"@type":"ListItem","position":1,"name":"Hjem","item":"https:\/\/tibladin.dk\/"},{"@type":"ListItem","position":2,"name":"Shop","item":"https:\/\/tibladin.dk\/shop\/"},{"@type":"ListItem","position":3,"name":"Salt&#038;Peber mini tagine sk\u00e5l med l\u00e5g"}]},{"@type":"WebSite","@id":"https:\/\/tibladin.dk\/#website","url":"https:\/\/tibladin.dk\/","name":"Tibladin","description":"Tibladin","publisher":{"@id":"https:\/\/tibladin.dk\/#organization"},"potentialAction":[{"@type":"SearchAction","target":{"@type":"EntryPoint","urlTemplate":"https:\/\/tibladin.dk\/?s={search_term_string}"},"query-input":{"@type":"PropertyValueSpecification","valueRequired":true,"valueName":"search_term_string"}}],"inLanguage":"fr-FR"},{"@type":"Organization","@id":"https:\/\/tibladin.dk\/#organization","name":"Tibladin","url":"https:\/\/tibladin.dk\/","logo":{"@type":"ImageObject","inLanguage":"fr-FR","@id":"https:\/\/tibladin.dk\/#\/schema\/logo\/image\/","url":"https:\/\/tibladin.dk\/wp-content\/uploads\/2022\/09\/tibladin_logo.svg","contentUrl":"https:\/\/tibladin.dk\/wp-content\/uploads\/2022\/09\/tibladin_logo.svg","caption":"Tibladin"},"image":{"@id":"https:\/\/tibladin.dk\/#\/schema\/logo\/image\/"}}]}},"_links":{"self":[{"href":"https:\/\/tibladin.dk\/fr\/wp-json\/wp\/v2\/product\/1579","targetHints":{"allow":["GET"]}}],"collection":[{"href":"https:\/\/tibladin.dk\/fr\/wp-json\/wp\/v2\/product"}],"about":[{"href":"https:\/\/tibladin.dk\/fr\/wp-json\/wp\/v2\/types\/product"}],"wp:featuredmedia":[{"embeddable":true,"href":"https:\/\/tibladin.dk\/fr\/wp-json\/wp\/v2\/media\/1671"}],"wp:attachment":[{"href":"https:\/\/tibladin.dk\/fr\/wp-json\/wp\/v2\/media?parent=1579"}],"wp:term":[{"taxonomy":"product_brand","embeddable":true,"href":"https:\/\/tibladin.dk\/fr\/wp-json\/wp\/v2\/product_brand?post=1579"},{"taxonomy":"product_cat","embeddable":true,"href":"https:\/\/tibladin.dk\/fr\/wp-json\/wp\/v2\/product_cat?post=1579"},{"taxonomy":"product_tag","embeddable":true,"href":"https:\/\/tibladin.dk\/fr\/wp-json\/wp\/v2\/product_tag?post=1579"}],"curies":[{"name":"wp","href":"https:\/\/api.w.org\/{rel}","templated":true}]}}