{"id":1613,"date":"2022-09-20T11:10:27","date_gmt":"2022-09-20T09:10:27","guid":{"rendered":"https:\/\/tibladin.dk\/vare\/urtepotteskjuler-kaktus-form-groen\/"},"modified":"2026-03-14T15:19:16","modified_gmt":"2026-03-14T14:19:16","slug":"pot-de-fleur-cache-le-cactus-du-vert","status":"publish","type":"product","link":"https:\/\/tibladin.dk\/fr\/produkt\/urtepotteskjuler-kaktus-form-groen\/","title":{"rendered":"Pot de fleurs cache forme de cactus \u2013 vert"},"content":{"rendered":"<div class=\"wpb-content-wrapper\"><div class=\"vc_row wpb_row vc_row-fluid\"><div class=\"wpb_column vc_column_container vc_col-sm-4\"><div class=\"vc_column-inner\"><div class=\"wpb_wrapper\"><\/div><\/div><\/div><div class=\"wpb_column vc_column_container vc_col-sm-4\"><div class=\"vc_column-inner\"><div class=\"wpb_wrapper\"><h3 style=\"text-align: left\" class=\"vc_custom_heading vc_do_custom_heading\" >Entretien<\/h3>\n\t<div class=\"wpb_text_column wpb_content_element\" >\n\t\t<div class=\"wpb_wrapper\">\n\t\t\t<p>Peut \u00eatre lav\u00e9 \u00e0 l&#039;eau et au savon<\/p>\n\n\t\t<\/div>\n\t<\/div>\n<\/div><\/div><\/div><div class=\"wpb_column vc_column_container vc_col-sm-4\"><div class=\"vc_column-inner\"><div class=\"wpb_wrapper\"><h3 style=\"text-align: left\" class=\"vc_custom_heading vc_do_custom_heading\" >L&#039;histoire derri\u00e8re<\/h3>\n\t<div class=\"wpb_text_column wpb_content_element\" >\n\t\t<div class=\"wpb_wrapper\">\n\t\t\t<p>Le pot est fait \u00e0 la main et il y a des irr\u00e9gularit\u00e9s, de petites \u00ab imperfections \u00bb, un aspect craquel\u00e9 et de petits endroits o\u00f9 il n&#039;y a pas de vernis complet. C&#039;est tout l&#039;int\u00e9r\u00eat et c&#039;est le charme de ces bocaux. La surface tactile donne envie de toucher le pot et vous continuez \u00e0 trouver de nouvelles nuances de couleurs et d&#039;inspiration dans cette petite \u0153uvre d&#039;art.<\/p>\n\n\t\t<\/div>\n\t<\/div>\n<\/div><\/div><\/div><\/div>\n<\/div>","protected":false},"excerpt":{"rendered":"<p>Magnifiques cache-pots de fleurs en c\u00e9ramique marocaine d&#039;une belle couleur vert cactus.<\/p>\n<p>Inspir\u00e9e des c\u00e9ramiques Tamegroute \u00e0 l&#039;aspect rustique et l\u00e9g\u00e8rement craquel\u00e9 et &quot;imparfait&quot;. Cependant, contrairement \u00e0 Tamegroute, la surface de cette jarre est plus lisse et uniforme.<\/p>\n<p>Cache-pot de fleurs incroyablement beau qui donne du caract\u00e8re \u00e0 vos plantes.<\/p>\n<div id=\"comp-k9oy2jpc\" class=\"_1Z_nJ\" data-testid=\"richTextElement\">\n<p class=\"font_7\">\n<\/div>","protected":false},"featured_media":1610,"template":"","meta":{"inline_featured_image":false},"product_brand":[],"product_cat":[51,92],"product_tag":[],"class_list":{"0":"post-1613","1":"product","2":"type-product","3":"status-publish","4":"has-post-thumbnail","6":"product_cat-opbevaring","7":"product_cat-urtepotteskjulere","9":"first","10":"instock","11":"taxable","12":"shipping-taxable","13":"purchasable","14":"product-type-simple"},"exclude_global_add_ons":false,"addons":[{"name":"Vous souhaitez un emballage cadeau ?","type":"checkbox","position":0,"required":false,"title_format":"label","default":"","description_enable":false,"description":"","placeholder_enable":false,"placeholder":"","display":"images","restrictions_type":"any_text","adjust_price":false,"price":"","price_type":"flat_fee","restrictions":false,"min":"0","max":"0","options":[{"label":"Ja tak","price":"10","price_type":"flat_fee","image":11015,"visibility":true}],"id":1669646111}],"yoast_head":"<!-- This site is optimized with the Yoast SEO plugin v27.4 - https:\/\/yoast.com\/product\/yoast-seo-wordpress\/ -->\n<title>Urtepotteskjuler marokkansk marokkansk keramik | Tibladin<\/title>\n<meta name=\"description\" content=\"Keramik krukke inspireret fra Tamegroute med en dyb gr\u00f8n farve, og en taktil uperfekt overflade, der giver et karakteristisk og unikt udseende.\" \/>\n<meta name=\"robots\" content=\"index, follow, max-snippet:-1, max-image-preview:large, max-video-preview:-1\" \/>\n<link rel=\"canonical\" href=\"https:\/\/tibladin.dk\/fr\/produit-4\/pot-de-fleur-cache-le-cactus-du-vert\/\" \/>\n<meta property=\"og:locale\" content=\"fr_FR\" \/>\n<meta property=\"og:type\" content=\"article\" \/>\n<meta property=\"og:title\" content=\"Urtepotteskjuler marokkansk marokkansk keramik | Tibladin\" \/>\n<meta property=\"og:description\" content=\"Keramik krukke inspireret fra Tamegroute med en dyb gr\u00f8n farve, og en taktil uperfekt overflade, der giver et karakteristisk og unikt udseende.\" \/>\n<meta property=\"og:url\" content=\"https:\/\/tibladin.dk\/fr\/produit-4\/pot-de-fleur-cache-le-cactus-du-vert\/\" \/>\n<meta property=\"og:site_name\" content=\"Tibladin\" \/>\n<meta property=\"article:modified_time\" content=\"2026-03-14T14:19:16+00:00\" \/>\n<meta property=\"og:image\" content=\"https:\/\/tibladin.dk\/wp-content\/uploads\/2022\/09\/6011-050022_urtepotteskjuler_LS-1.jpg\" \/>\n\t<meta property=\"og:image:width\" content=\"800\" \/>\n\t<meta property=\"og:image:height\" content=\"800\" \/>\n\t<meta property=\"og:image:type\" content=\"image\/jpeg\" \/>\n<meta name=\"twitter:card\" content=\"summary_large_image\" \/>\n<meta name=\"twitter:label1\" content=\"Dur\u00e9e de lecture estim\u00e9e\" \/>\n\t<meta name=\"twitter:data1\" content=\"1 minute\" \/>\n<script type=\"application\/ld+json\" class=\"yoast-schema-graph\">{\"@context\":\"https:\\\/\\\/schema.org\",\"@graph\":[{\"@type\":\"WebPage\",\"@id\":\"https:\\\/\\\/tibladin.dk\\\/produkt\\\/urtepotteskjuler-kaktus-form-groen\\\/\",\"url\":\"https:\\\/\\\/tibladin.dk\\\/produkt\\\/urtepotteskjuler-kaktus-form-groen\\\/\",\"name\":\"Urtepotteskjuler marokkansk marokkansk keramik | Tibladin\",\"isPartOf\":{\"@id\":\"https:\\\/\\\/tibladin.dk\\\/#website\"},\"primaryImageOfPage\":{\"@id\":\"https:\\\/\\\/tibladin.dk\\\/produkt\\\/urtepotteskjuler-kaktus-form-groen\\\/#primaryimage\"},\"image\":{\"@id\":\"https:\\\/\\\/tibladin.dk\\\/produkt\\\/urtepotteskjuler-kaktus-form-groen\\\/#primaryimage\"},\"thumbnailUrl\":\"https:\\\/\\\/tibladin.dk\\\/wp-content\\\/uploads\\\/2022\\\/09\\\/6011-050022_urtepotteskjuler_LS-1.jpg\",\"datePublished\":\"2022-09-20T09:10:27+00:00\",\"dateModified\":\"2026-03-14T14:19:16+00:00\",\"description\":\"Keramik krukke inspireret fra Tamegroute med en dyb gr\u00f8n farve, og en taktil uperfekt overflade, der giver et karakteristisk og unikt udseende.\",\"breadcrumb\":{\"@id\":\"https:\\\/\\\/tibladin.dk\\\/produkt\\\/urtepotteskjuler-kaktus-form-groen\\\/#breadcrumb\"},\"inLanguage\":\"fr-FR\",\"potentialAction\":[{\"@type\":\"ReadAction\",\"target\":[\"https:\\\/\\\/tibladin.dk\\\/produkt\\\/urtepotteskjuler-kaktus-form-groen\\\/\"]}]},{\"@type\":\"ImageObject\",\"inLanguage\":\"fr-FR\",\"@id\":\"https:\\\/\\\/tibladin.dk\\\/produkt\\\/urtepotteskjuler-kaktus-form-groen\\\/#primaryimage\",\"url\":\"https:\\\/\\\/tibladin.dk\\\/wp-content\\\/uploads\\\/2022\\\/09\\\/6011-050022_urtepotteskjuler_LS-1.jpg\",\"contentUrl\":\"https:\\\/\\\/tibladin.dk\\\/wp-content\\\/uploads\\\/2022\\\/09\\\/6011-050022_urtepotteskjuler_LS-1.jpg\",\"width\":800,\"height\":800,\"caption\":\"Marokkansk h\u00e5ndlavet keramisk urtepotteskjuler i gr\u00f8n med en plante i\"},{\"@type\":\"BreadcrumbList\",\"@id\":\"https:\\\/\\\/tibladin.dk\\\/produkt\\\/urtepotteskjuler-kaktus-form-groen\\\/#breadcrumb\",\"itemListElement\":[{\"@type\":\"ListItem\",\"position\":1,\"name\":\"Hjem\",\"item\":\"https:\\\/\\\/tibladin.dk\\\/\"},{\"@type\":\"ListItem\",\"position\":2,\"name\":\"Shop\",\"item\":\"https:\\\/\\\/tibladin.dk\\\/shop\\\/\"},{\"@type\":\"ListItem\",\"position\":3,\"name\":\"Urtepotteskjuler kaktus form &#8211; gr\u00f8n\"}]},{\"@type\":\"WebSite\",\"@id\":\"https:\\\/\\\/tibladin.dk\\\/#website\",\"url\":\"https:\\\/\\\/tibladin.dk\\\/\",\"name\":\"Tibladin\",\"description\":\"Tibladin\",\"publisher\":{\"@id\":\"https:\\\/\\\/tibladin.dk\\\/#organization\"},\"potentialAction\":[{\"@type\":\"SearchAction\",\"target\":{\"@type\":\"EntryPoint\",\"urlTemplate\":\"https:\\\/\\\/tibladin.dk\\\/?s={search_term_string}\"},\"query-input\":{\"@type\":\"PropertyValueSpecification\",\"valueRequired\":true,\"valueName\":\"search_term_string\"}}],\"inLanguage\":\"fr-FR\"},{\"@type\":\"Organization\",\"@id\":\"https:\\\/\\\/tibladin.dk\\\/#organization\",\"name\":\"Tibladin\",\"url\":\"https:\\\/\\\/tibladin.dk\\\/\",\"logo\":{\"@type\":\"ImageObject\",\"inLanguage\":\"fr-FR\",\"@id\":\"https:\\\/\\\/tibladin.dk\\\/#\\\/schema\\\/logo\\\/image\\\/\",\"url\":\"https:\\\/\\\/tibladin.dk\\\/wp-content\\\/uploads\\\/2022\\\/09\\\/tibladin_logo.svg\",\"contentUrl\":\"https:\\\/\\\/tibladin.dk\\\/wp-content\\\/uploads\\\/2022\\\/09\\\/tibladin_logo.svg\",\"caption\":\"Tibladin\"},\"image\":{\"@id\":\"https:\\\/\\\/tibladin.dk\\\/#\\\/schema\\\/logo\\\/image\\\/\"}}]}<\/script>\n<!-- \/ Yoast SEO plugin. -->","yoast_head_json":{"title":"Pot de fleurs cache la poterie marocaine marocaine | Tibladine","description":"Pot en c\u00e9ramique inspir\u00e9 de Tamegroute avec une couleur vert profond et une surface tactile imparfaite qui donne un aspect caract\u00e9ristique et unique.","robots":{"index":"index","follow":"follow","max-snippet":"max-snippet:-1","max-image-preview":"max-image-preview:large","max-video-preview":"max-video-preview:-1"},"canonical":"https:\/\/tibladin.dk\/fr\/produit-4\/pot-de-fleur-cache-le-cactus-du-vert\/","og_locale":"fr_FR","og_type":"article","og_title":"Urtepotteskjuler marokkansk marokkansk keramik | Tibladin","og_description":"Keramik krukke inspireret fra Tamegroute med en dyb gr\u00f8n farve, og en taktil uperfekt overflade, der giver et karakteristisk og unikt udseende.","og_url":"https:\/\/tibladin.dk\/fr\/produit-4\/pot-de-fleur-cache-le-cactus-du-vert\/","og_site_name":"Tibladin","article_modified_time":"2026-03-14T14:19:16+00:00","og_image":[{"width":800,"height":800,"url":"https:\/\/tibladin.dk\/wp-content\/uploads\/2022\/09\/6011-050022_urtepotteskjuler_LS-1.jpg","type":"image\/jpeg"}],"twitter_card":"summary_large_image","twitter_misc":{"Dur\u00e9e de lecture estim\u00e9e":"1 minute"},"schema":{"@context":"https:\/\/schema.org","@graph":[{"@type":"WebPage","@id":"https:\/\/tibladin.dk\/produkt\/urtepotteskjuler-kaktus-form-groen\/","url":"https:\/\/tibladin.dk\/produkt\/urtepotteskjuler-kaktus-form-groen\/","name":"Pot de fleurs cache la poterie marocaine marocaine | Tibladine","isPartOf":{"@id":"https:\/\/tibladin.dk\/#website"},"primaryImageOfPage":{"@id":"https:\/\/tibladin.dk\/produkt\/urtepotteskjuler-kaktus-form-groen\/#primaryimage"},"image":{"@id":"https:\/\/tibladin.dk\/produkt\/urtepotteskjuler-kaktus-form-groen\/#primaryimage"},"thumbnailUrl":"https:\/\/tibladin.dk\/wp-content\/uploads\/2022\/09\/6011-050022_urtepotteskjuler_LS-1.jpg","datePublished":"2022-09-20T09:10:27+00:00","dateModified":"2026-03-14T14:19:16+00:00","description":"Pot en c\u00e9ramique inspir\u00e9 de Tamegroute avec une couleur vert profond et une surface tactile imparfaite qui donne un aspect caract\u00e9ristique et unique.","breadcrumb":{"@id":"https:\/\/tibladin.dk\/produkt\/urtepotteskjuler-kaktus-form-groen\/#breadcrumb"},"inLanguage":"fr-FR","potentialAction":[{"@type":"ReadAction","target":["https:\/\/tibladin.dk\/produkt\/urtepotteskjuler-kaktus-form-groen\/"]}]},{"@type":"ImageObject","inLanguage":"fr-FR","@id":"https:\/\/tibladin.dk\/produkt\/urtepotteskjuler-kaktus-form-groen\/#primaryimage","url":"https:\/\/tibladin.dk\/wp-content\/uploads\/2022\/09\/6011-050022_urtepotteskjuler_LS-1.jpg","contentUrl":"https:\/\/tibladin.dk\/wp-content\/uploads\/2022\/09\/6011-050022_urtepotteskjuler_LS-1.jpg","width":800,"height":800,"caption":"Marokkansk h\u00e5ndlavet keramisk urtepotteskjuler i gr\u00f8n med en plante i"},{"@type":"BreadcrumbList","@id":"https:\/\/tibladin.dk\/produkt\/urtepotteskjuler-kaktus-form-groen\/#breadcrumb","itemListElement":[{"@type":"ListItem","position":1,"name":"Hjem","item":"https:\/\/tibladin.dk\/"},{"@type":"ListItem","position":2,"name":"Shop","item":"https:\/\/tibladin.dk\/shop\/"},{"@type":"ListItem","position":3,"name":"Urtepotteskjuler kaktus form &#8211; gr\u00f8n"}]},{"@type":"WebSite","@id":"https:\/\/tibladin.dk\/#website","url":"https:\/\/tibladin.dk\/","name":"Tibladin","description":"Tibladin","publisher":{"@id":"https:\/\/tibladin.dk\/#organization"},"potentialAction":[{"@type":"SearchAction","target":{"@type":"EntryPoint","urlTemplate":"https:\/\/tibladin.dk\/?s={search_term_string}"},"query-input":{"@type":"PropertyValueSpecification","valueRequired":true,"valueName":"search_term_string"}}],"inLanguage":"fr-FR"},{"@type":"Organization","@id":"https:\/\/tibladin.dk\/#organization","name":"Tibladin","url":"https:\/\/tibladin.dk\/","logo":{"@type":"ImageObject","inLanguage":"fr-FR","@id":"https:\/\/tibladin.dk\/#\/schema\/logo\/image\/","url":"https:\/\/tibladin.dk\/wp-content\/uploads\/2022\/09\/tibladin_logo.svg","contentUrl":"https:\/\/tibladin.dk\/wp-content\/uploads\/2022\/09\/tibladin_logo.svg","caption":"Tibladin"},"image":{"@id":"https:\/\/tibladin.dk\/#\/schema\/logo\/image\/"}}]}},"_links":{"self":[{"href":"https:\/\/tibladin.dk\/fr\/wp-json\/wp\/v2\/product\/1613","targetHints":{"allow":["GET"]}}],"collection":[{"href":"https:\/\/tibladin.dk\/fr\/wp-json\/wp\/v2\/product"}],"about":[{"href":"https:\/\/tibladin.dk\/fr\/wp-json\/wp\/v2\/types\/product"}],"wp:featuredmedia":[{"embeddable":true,"href":"https:\/\/tibladin.dk\/fr\/wp-json\/wp\/v2\/media\/1610"}],"wp:attachment":[{"href":"https:\/\/tibladin.dk\/fr\/wp-json\/wp\/v2\/media?parent=1613"}],"wp:term":[{"taxonomy":"product_brand","embeddable":true,"href":"https:\/\/tibladin.dk\/fr\/wp-json\/wp\/v2\/product_brand?post=1613"},{"taxonomy":"product_cat","embeddable":true,"href":"https:\/\/tibladin.dk\/fr\/wp-json\/wp\/v2\/product_cat?post=1613"},{"taxonomy":"product_tag","embeddable":true,"href":"https:\/\/tibladin.dk\/fr\/wp-json\/wp\/v2\/product_tag?post=1613"}],"curies":[{"name":"wp","href":"https:\/\/api.w.org\/{rel}","templated":true}]}}