{"id":1645,"date":"2022-09-20T11:10:40","date_gmt":"2022-09-20T09:10:40","guid":{"rendered":"https:\/\/tibladin.dk\/vare\/stofserviet-med-haandbroderet-moenster-brun\/"},"modified":"2024-12-09T14:38:51","modified_gmt":"2024-12-09T13:38:51","slug":"serviette-en-tissu-avec-motif-marron-brode-a-la-main","status":"publish","type":"product","link":"https:\/\/tibladin.dk\/fr\/produkt\/stofserviet-med-haandbroderet-moenster-brun\/","title":{"rendered":"Serviette en tissu avec motif brod\u00e9 main \u2013 marron"},"content":{"rendered":"<div class=\"wpb-content-wrapper\"><div class=\"vc_row wpb_row vc_row-fluid\"><div class=\"wpb_column vc_column_container vc_col-sm-4\"><div class=\"vc_column-inner\"><div class=\"wpb_wrapper\">\n\t<div class=\"wpb_video_widget wpb_content_element vc_clearfix   vc_video-aspect-ratio-43 vc_video-el-width-100 vc_video-align-left\" >\n\t\t<div class=\"wpb_wrapper\">\n\t\t\t\n\t\t\t<div class=\"wpb_video_wrapper\"><div class=\"video-container\"><iframe loading=\"lazy\" title=\"Serviette en tissu marron\" src=\"https:\/\/player.vimeo.com\/video\/518485829?dnt=1&amp;app_id=122963\" width=\"174\" height=\"310\" frameborder=\"0\" allow=\"autoplay; fullscreen; picture-in-picture\"><\/iframe><\/div><\/div>\n\t\t<\/div>\n\t<\/div>\n<\/div><\/div><\/div><div class=\"wpb_column vc_column_container vc_col-sm-4\"><div class=\"vc_column-inner\"><div class=\"wpb_wrapper\"><h3 style=\"text-align: left\" class=\"vc_custom_heading vc_do_custom_heading\" >Entretien<\/h3>\n\t<div class=\"wpb_text_column wpb_content_element\" >\n\t\t<div class=\"wpb_wrapper\">\n\t\t\t<p>La serviette en tissu est compos\u00e9e \u00e0 100 % de coton % et peut \u00eatre lav\u00e9e en machine jusqu&#039;\u00e0 60 degr\u00e9s. R\u00e9sistant au repassage.<\/p>\n\n\t\t<\/div>\n\t<\/div>\n<\/div><\/div><\/div><div class=\"wpb_column vc_column_container vc_col-sm-4\"><div class=\"vc_column-inner\"><div class=\"wpb_wrapper\"><h3 style=\"text-align: left\" class=\"vc_custom_heading vc_do_custom_heading\" >L&#039;histoire derri\u00e8re<\/h3>\n\t<div class=\"wpb_text_column wpb_content_element\" >\n\t\t<div class=\"wpb_wrapper\">\n\t\t\t<p>Lorsque vous voyez une table bien dress\u00e9e o\u00f9 l&#039;h\u00f4te a pris la peine de placer des serviettes en tissu au lieu de serviettes en papier, vous, en tant qu&#039;invit\u00e9, vous sentez valoris\u00e9 et bienvenu. Une serviette en tissu peut \u00eatre r\u00e9utilis\u00e9e pendant de nombreuses ann\u00e9es et est bien meilleure pour l\u2019environnement. La serviette en tissu est faite de coton de qualit\u00e9 avec un beau motif simple brod\u00e9 \u00e0 la main et un bord de la m\u00eame couleur. Ils sont faciles \u00e0 ajouter \u00e0 votre table et donnent une belle expression de qualit\u00e9. De nombreuses heures de travail manuel sont derri\u00e8re ces serviettes r\u00e9alis\u00e9es par les femmes d&#039;une coop\u00e9rative de femmes au sud de Marrakech.<\/p>\n<p>La coop\u00e9rative de femmes emploie 160 femmes dans le petit village et contribue ainsi \u00e0 \u00e9lever le niveau de vie de nombreuses familles. Une \u00e9cole et un jardin d&#039;enfants ont \u00e9t\u00e9 cr\u00e9\u00e9s pour les enfants des femmes, afin que ceux-ci puissent recevoir une \u00e9ducation et trouver un emploi pendant que les m\u00e8res travaillent.<\/p>\n\n\t\t<\/div>\n\t<\/div>\n<\/div><\/div><\/div><\/div>\n<\/div>","protected":false},"excerpt":{"rendered":"<p class=\"p1\"><span class=\"s1\">Serviette en tissu blanc brod\u00e9e \u00e0 la main avec un fin motif simple marron fonc\u00e9 et une bordure de la m\u00eame couleur.<\/span><\/p>\n<p>Faites en sorte que vos invit\u00e9s se sentent sp\u00e9ciaux et dressez une belle table avec des serviettes en gr\u00e8s uniques et en tissu brod\u00e9es \u00e0 la main.<\/p>\n<p>Disponible en trois couleurs diff\u00e9rentes : marron, noir et vert.<\/p>\n<p class=\"p1\"><span class=\"s1\">Les serviettes peuvent \u00eatre lav\u00e9es en machine jusqu&#039;\u00e0 60 degr\u00e9s et r\u00e9sistent au repassage. Mesure 50\u00d750 cm.<\/span><\/p>\n<p>&nbsp;<\/p>","protected":false},"featured_media":1640,"template":"","meta":{"inline_featured_image":false},"product_brand":[],"product_cat":[33,98,37],"product_tag":[],"class_list":{"0":"post-1645","1":"product","2":"type-product","3":"status-publish","4":"has-post-thumbnail","6":"product_cat-borddaekning","7":"product_cat-stofservietter","8":"product_cat-tekstiler","10":"first","11":"instock","12":"taxable","13":"shipping-taxable","14":"purchasable","15":"product-type-simple"},"exclude_global_add_ons":false,"addons":[{"name":"Vous souhaitez un emballage cadeau ?","type":"checkbox","position":0,"required":false,"title_format":"label","default":"","description_enable":false,"description":"","placeholder_enable":false,"placeholder":"","display":"images","restrictions_type":"any_text","adjust_price":false,"price":"","price_type":"flat_fee","restrictions":false,"min":"0","max":"0","options":[{"label":"Ja tak","price":"10","price_type":"flat_fee","image":11015,"visibility":true}],"id":1669646111}],"yoast_head":"<!-- This site is optimized with the Yoast SEO plugin v27.4 - https:\/\/yoast.com\/product\/yoast-seo-wordpress\/ -->\n<title>H\u00e5ndbroderede stofservietter i \u00f8kologisk bomuld | Tibladin<\/title>\n<meta name=\"description\" content=\"H\u00e5ndbroderede stofservietter med enkelt fint m\u00f8nster og kant i samme farve. findes i tre farver: brun, sort og gr\u00f8n. K\u00f8b d\u00e6kkeservietter for et komplet s\u00e6t\" \/>\n<meta name=\"robots\" content=\"index, follow, max-snippet:-1, max-image-preview:large, max-video-preview:-1\" \/>\n<link rel=\"canonical\" href=\"https:\/\/tibladin.dk\/fr\/produit-4\/serviette-en-tissu-avec-motif-marron-brode-a-la-main\/\" \/>\n<meta property=\"og:locale\" content=\"fr_FR\" \/>\n<meta property=\"og:type\" content=\"article\" \/>\n<meta property=\"og:title\" content=\"H\u00e5ndbroderede stofservietter i \u00f8kologisk bomuld | Tibladin\" \/>\n<meta property=\"og:description\" content=\"H\u00e5ndbroderede stofservietter med enkelt fint m\u00f8nster og kant i samme farve. findes i tre farver: brun, sort og gr\u00f8n. K\u00f8b d\u00e6kkeservietter for et komplet s\u00e6t\" \/>\n<meta property=\"og:url\" content=\"https:\/\/tibladin.dk\/fr\/produit-4\/serviette-en-tissu-avec-motif-marron-brode-a-la-main\/\" \/>\n<meta property=\"og:site_name\" content=\"Tibladin\" \/>\n<meta property=\"article:modified_time\" content=\"2024-12-09T13:38:51+00:00\" \/>\n<meta property=\"og:image\" content=\"https:\/\/tibladin.dk\/wp-content\/uploads\/2022\/09\/Tibladin_stofserviet_bruntbroderi_20100009_LS3-1.jpg\" \/>\n\t<meta property=\"og:image:width\" content=\"800\" \/>\n\t<meta property=\"og:image:height\" content=\"800\" \/>\n\t<meta property=\"og:image:type\" content=\"image\/jpeg\" \/>\n<meta name=\"twitter:card\" content=\"summary_large_image\" \/>\n<meta name=\"twitter:label1\" content=\"Dur\u00e9e de lecture estim\u00e9e\" \/>\n\t<meta name=\"twitter:data1\" content=\"2 minutes\" \/>\n<script type=\"application\/ld+json\" class=\"yoast-schema-graph\">{\"@context\":\"https:\\\/\\\/schema.org\",\"@graph\":[{\"@type\":\"WebPage\",\"@id\":\"https:\\\/\\\/tibladin.dk\\\/produkt\\\/stofserviet-med-haandbroderet-moenster-brun\\\/\",\"url\":\"https:\\\/\\\/tibladin.dk\\\/produkt\\\/stofserviet-med-haandbroderet-moenster-brun\\\/\",\"name\":\"H\u00e5ndbroderede stofservietter i \u00f8kologisk bomuld | Tibladin\",\"isPartOf\":{\"@id\":\"https:\\\/\\\/tibladin.dk\\\/#website\"},\"primaryImageOfPage\":{\"@id\":\"https:\\\/\\\/tibladin.dk\\\/produkt\\\/stofserviet-med-haandbroderet-moenster-brun\\\/#primaryimage\"},\"image\":{\"@id\":\"https:\\\/\\\/tibladin.dk\\\/produkt\\\/stofserviet-med-haandbroderet-moenster-brun\\\/#primaryimage\"},\"thumbnailUrl\":\"https:\\\/\\\/tibladin.dk\\\/wp-content\\\/uploads\\\/2022\\\/09\\\/Tibladin_stofserviet_bruntbroderi_20100009_LS3-1.jpg\",\"datePublished\":\"2022-09-20T09:10:40+00:00\",\"dateModified\":\"2024-12-09T13:38:51+00:00\",\"description\":\"H\u00e5ndbroderede stofservietter med enkelt fint m\u00f8nster og kant i samme farve. findes i tre farver: brun, sort og gr\u00f8n. K\u00f8b d\u00e6kkeservietter for et komplet s\u00e6t\",\"breadcrumb\":{\"@id\":\"https:\\\/\\\/tibladin.dk\\\/produkt\\\/stofserviet-med-haandbroderet-moenster-brun\\\/#breadcrumb\"},\"inLanguage\":\"fr-FR\",\"potentialAction\":[{\"@type\":\"ReadAction\",\"target\":[\"https:\\\/\\\/tibladin.dk\\\/produkt\\\/stofserviet-med-haandbroderet-moenster-brun\\\/\"]}]},{\"@type\":\"ImageObject\",\"inLanguage\":\"fr-FR\",\"@id\":\"https:\\\/\\\/tibladin.dk\\\/produkt\\\/stofserviet-med-haandbroderet-moenster-brun\\\/#primaryimage\",\"url\":\"https:\\\/\\\/tibladin.dk\\\/wp-content\\\/uploads\\\/2022\\\/09\\\/Tibladin_stofserviet_bruntbroderi_20100009_LS3-1.jpg\",\"contentUrl\":\"https:\\\/\\\/tibladin.dk\\\/wp-content\\\/uploads\\\/2022\\\/09\\\/Tibladin_stofserviet_bruntbroderi_20100009_LS3-1.jpg\",\"width\":800,\"height\":800,\"caption\":\"Marokkansk h\u00e5ndbroderet stofserviet med brun kant, foldet p\u00e6nt, t\u00e6t\"},{\"@type\":\"BreadcrumbList\",\"@id\":\"https:\\\/\\\/tibladin.dk\\\/produkt\\\/stofserviet-med-haandbroderet-moenster-brun\\\/#breadcrumb\",\"itemListElement\":[{\"@type\":\"ListItem\",\"position\":1,\"name\":\"Hjem\",\"item\":\"https:\\\/\\\/tibladin.dk\\\/\"},{\"@type\":\"ListItem\",\"position\":2,\"name\":\"Shop\",\"item\":\"https:\\\/\\\/tibladin.dk\\\/shop\\\/\"},{\"@type\":\"ListItem\",\"position\":3,\"name\":\"Stofserviet med h\u00e5ndbroderet m\u00f8nster &#8211; brun\"}]},{\"@type\":\"WebSite\",\"@id\":\"https:\\\/\\\/tibladin.dk\\\/#website\",\"url\":\"https:\\\/\\\/tibladin.dk\\\/\",\"name\":\"Tibladin\",\"description\":\"Tibladin\",\"publisher\":{\"@id\":\"https:\\\/\\\/tibladin.dk\\\/#organization\"},\"potentialAction\":[{\"@type\":\"SearchAction\",\"target\":{\"@type\":\"EntryPoint\",\"urlTemplate\":\"https:\\\/\\\/tibladin.dk\\\/?s={search_term_string}\"},\"query-input\":{\"@type\":\"PropertyValueSpecification\",\"valueRequired\":true,\"valueName\":\"search_term_string\"}}],\"inLanguage\":\"fr-FR\"},{\"@type\":\"Organization\",\"@id\":\"https:\\\/\\\/tibladin.dk\\\/#organization\",\"name\":\"Tibladin\",\"url\":\"https:\\\/\\\/tibladin.dk\\\/\",\"logo\":{\"@type\":\"ImageObject\",\"inLanguage\":\"fr-FR\",\"@id\":\"https:\\\/\\\/tibladin.dk\\\/#\\\/schema\\\/logo\\\/image\\\/\",\"url\":\"https:\\\/\\\/tibladin.dk\\\/wp-content\\\/uploads\\\/2022\\\/09\\\/tibladin_logo.svg\",\"contentUrl\":\"https:\\\/\\\/tibladin.dk\\\/wp-content\\\/uploads\\\/2022\\\/09\\\/tibladin_logo.svg\",\"caption\":\"Tibladin\"},\"image\":{\"@id\":\"https:\\\/\\\/tibladin.dk\\\/#\\\/schema\\\/logo\\\/image\\\/\"}}]}<\/script>\n<!-- \/ Yoast SEO plugin. -->","yoast_head_json":{"title":"Serviettes en tissu brod\u00e9es \u00e0 la main en coton biologique | Tibladine","description":"Serviettes en tissu brod\u00e9es \u00e0 la main avec un motif simple et fin et une bordure de la m\u00eame couleur. disponible en trois couleurs : marron, noir et vert. Achetez des sets de table pour un ensemble complet","robots":{"index":"index","follow":"follow","max-snippet":"max-snippet:-1","max-image-preview":"max-image-preview:large","max-video-preview":"max-video-preview:-1"},"canonical":"https:\/\/tibladin.dk\/fr\/produit-4\/serviette-en-tissu-avec-motif-marron-brode-a-la-main\/","og_locale":"fr_FR","og_type":"article","og_title":"H\u00e5ndbroderede stofservietter i \u00f8kologisk bomuld | Tibladin","og_description":"H\u00e5ndbroderede stofservietter med enkelt fint m\u00f8nster og kant i samme farve. findes i tre farver: brun, sort og gr\u00f8n. K\u00f8b d\u00e6kkeservietter for et komplet s\u00e6t","og_url":"https:\/\/tibladin.dk\/fr\/produit-4\/serviette-en-tissu-avec-motif-marron-brode-a-la-main\/","og_site_name":"Tibladin","article_modified_time":"2024-12-09T13:38:51+00:00","og_image":[{"width":800,"height":800,"url":"https:\/\/tibladin.dk\/wp-content\/uploads\/2022\/09\/Tibladin_stofserviet_bruntbroderi_20100009_LS3-1.jpg","type":"image\/jpeg"}],"twitter_card":"summary_large_image","twitter_misc":{"Dur\u00e9e de lecture estim\u00e9e":"2 minutes"},"schema":{"@context":"https:\/\/schema.org","@graph":[{"@type":"WebPage","@id":"https:\/\/tibladin.dk\/produkt\/stofserviet-med-haandbroderet-moenster-brun\/","url":"https:\/\/tibladin.dk\/produkt\/stofserviet-med-haandbroderet-moenster-brun\/","name":"Serviettes en tissu brod\u00e9es \u00e0 la main en coton biologique | Tibladine","isPartOf":{"@id":"https:\/\/tibladin.dk\/#website"},"primaryImageOfPage":{"@id":"https:\/\/tibladin.dk\/produkt\/stofserviet-med-haandbroderet-moenster-brun\/#primaryimage"},"image":{"@id":"https:\/\/tibladin.dk\/produkt\/stofserviet-med-haandbroderet-moenster-brun\/#primaryimage"},"thumbnailUrl":"https:\/\/tibladin.dk\/wp-content\/uploads\/2022\/09\/Tibladin_stofserviet_bruntbroderi_20100009_LS3-1.jpg","datePublished":"2022-09-20T09:10:40+00:00","dateModified":"2024-12-09T13:38:51+00:00","description":"Serviettes en tissu brod\u00e9es \u00e0 la main avec un motif simple et fin et une bordure de la m\u00eame couleur. disponible en trois couleurs : marron, noir et vert. Achetez des sets de table pour un ensemble complet","breadcrumb":{"@id":"https:\/\/tibladin.dk\/produkt\/stofserviet-med-haandbroderet-moenster-brun\/#breadcrumb"},"inLanguage":"fr-FR","potentialAction":[{"@type":"ReadAction","target":["https:\/\/tibladin.dk\/produkt\/stofserviet-med-haandbroderet-moenster-brun\/"]}]},{"@type":"ImageObject","inLanguage":"fr-FR","@id":"https:\/\/tibladin.dk\/produkt\/stofserviet-med-haandbroderet-moenster-brun\/#primaryimage","url":"https:\/\/tibladin.dk\/wp-content\/uploads\/2022\/09\/Tibladin_stofserviet_bruntbroderi_20100009_LS3-1.jpg","contentUrl":"https:\/\/tibladin.dk\/wp-content\/uploads\/2022\/09\/Tibladin_stofserviet_bruntbroderi_20100009_LS3-1.jpg","width":800,"height":800,"caption":"Marokkansk h\u00e5ndbroderet stofserviet med brun kant, foldet p\u00e6nt, t\u00e6t"},{"@type":"BreadcrumbList","@id":"https:\/\/tibladin.dk\/produkt\/stofserviet-med-haandbroderet-moenster-brun\/#breadcrumb","itemListElement":[{"@type":"ListItem","position":1,"name":"Hjem","item":"https:\/\/tibladin.dk\/"},{"@type":"ListItem","position":2,"name":"Shop","item":"https:\/\/tibladin.dk\/shop\/"},{"@type":"ListItem","position":3,"name":"Stofserviet med h\u00e5ndbroderet m\u00f8nster &#8211; brun"}]},{"@type":"WebSite","@id":"https:\/\/tibladin.dk\/#website","url":"https:\/\/tibladin.dk\/","name":"Tibladin","description":"Tibladin","publisher":{"@id":"https:\/\/tibladin.dk\/#organization"},"potentialAction":[{"@type":"SearchAction","target":{"@type":"EntryPoint","urlTemplate":"https:\/\/tibladin.dk\/?s={search_term_string}"},"query-input":{"@type":"PropertyValueSpecification","valueRequired":true,"valueName":"search_term_string"}}],"inLanguage":"fr-FR"},{"@type":"Organization","@id":"https:\/\/tibladin.dk\/#organization","name":"Tibladin","url":"https:\/\/tibladin.dk\/","logo":{"@type":"ImageObject","inLanguage":"fr-FR","@id":"https:\/\/tibladin.dk\/#\/schema\/logo\/image\/","url":"https:\/\/tibladin.dk\/wp-content\/uploads\/2022\/09\/tibladin_logo.svg","contentUrl":"https:\/\/tibladin.dk\/wp-content\/uploads\/2022\/09\/tibladin_logo.svg","caption":"Tibladin"},"image":{"@id":"https:\/\/tibladin.dk\/#\/schema\/logo\/image\/"}}]}},"_links":{"self":[{"href":"https:\/\/tibladin.dk\/fr\/wp-json\/wp\/v2\/product\/1645","targetHints":{"allow":["GET"]}}],"collection":[{"href":"https:\/\/tibladin.dk\/fr\/wp-json\/wp\/v2\/product"}],"about":[{"href":"https:\/\/tibladin.dk\/fr\/wp-json\/wp\/v2\/types\/product"}],"wp:featuredmedia":[{"embeddable":true,"href":"https:\/\/tibladin.dk\/fr\/wp-json\/wp\/v2\/media\/1640"}],"wp:attachment":[{"href":"https:\/\/tibladin.dk\/fr\/wp-json\/wp\/v2\/media?parent=1645"}],"wp:term":[{"taxonomy":"product_brand","embeddable":true,"href":"https:\/\/tibladin.dk\/fr\/wp-json\/wp\/v2\/product_brand?post=1645"},{"taxonomy":"product_cat","embeddable":true,"href":"https:\/\/tibladin.dk\/fr\/wp-json\/wp\/v2\/product_cat?post=1645"},{"taxonomy":"product_tag","embeddable":true,"href":"https:\/\/tibladin.dk\/fr\/wp-json\/wp\/v2\/product_tag?post=1645"}],"curies":[{"name":"wp","href":"https:\/\/api.w.org\/{rel}","templated":true}]}}