{"id":1713,"date":"2022-09-20T11:11:10","date_gmt":"2022-09-20T09:11:10","guid":{"rendered":"https:\/\/tibladin.dk\/vare\/gulvpude-puf-beni-ouarain-ruder-3\/"},"modified":"2025-10-02T15:42:06","modified_gmt":"2025-10-02T13:42:06","slug":"coussin-de-sol-pouf-beni-ouarain-vitres-3","status":"publish","type":"product","link":"https:\/\/tibladin.dk\/fr\/produkt\/gulvpude-puf-beni-ouarain-ruder-3\/","title":{"rendered":"Coussin de sol\/pouf Beni Ouarain \u2013 Fenetres 3"},"content":{"rendered":"<div class=\"wpb-content-wrapper\"><div class=\"vc_row wpb_row vc_row-fluid\"><div class=\"wpb_column vc_column_container vc_col-sm-4\"><div class=\"vc_column-inner\"><div class=\"wpb_wrapper\">\n\t<div class=\"wpb_video_widget wpb_content_element vc_clearfix   vc_video-aspect-ratio-43 vc_video-el-width-100 vc_video-align-left\" >\n\t\t<div class=\"wpb_wrapper\">\n\t\t\t\n\t\t\t<div class=\"wpb_video_wrapper\"><div class=\"video-container\"><iframe loading=\"lazy\" title=\"Remplissez votre pouf_Beni Ouarain\" src=\"https:\/\/player.vimeo.com\/video\/416206236?dnt=1&amp;app_id=122963\" width=\"310\" height=\"310\" frameborder=\"0\" allow=\"autoplay; fullscreen; picture-in-picture\"><\/iframe><\/div><\/div>\n\t\t<\/div>\n\t<\/div>\n<\/div><\/div><\/div><div class=\"wpb_column vc_column_container vc_col-sm-4\"><div class=\"vc_column-inner\"><div class=\"wpb_wrapper\"><h3 style=\"text-align: left\" class=\"vc_custom_heading vc_do_custom_heading\" >Entretien<\/h3>\n\t<div class=\"wpb_text_column wpb_content_element\" >\n\t\t<div class=\"wpb_wrapper\">\n\t\t\t<p>Si par malchance vous avez une tache sur votre pouf en laine, commencez par passer l&#039;aspirateur sur la tache. La laine est naturellement entour\u00e9e de lanoline, qui d\u00e9pose un film protecteur sur les fibres afin que les taches aient plus de mal \u00e0 p\u00e9n\u00e9trer. Si la tache ne s&#039;enl\u00e8ve pas ainsi, vous pouvez prendre un chiffon humide et tamponner la tache, ne pas frotter ! Peut \u00e9galement \u00eatre nettoy\u00e9 \u00e0 sec. Si nous avons la chance qu&#039;il neige un jour d&#039;hiver, placez votre pouf en laine ou votre couverture en laine dans la neige fra\u00eechement tomb\u00e9e. C\u2019est la m\u00e9thode la plus efficace pour le nettoyer en profondeur.<\/p>\n\n\t\t<\/div>\n\t<\/div>\n<\/div><\/div><\/div><div class=\"wpb_column vc_column_container vc_col-sm-4\"><div class=\"vc_column-inner\"><div class=\"wpb_wrapper\"><h3 style=\"text-align: left\" class=\"vc_custom_heading vc_do_custom_heading\" >Remplissez votre pouf<\/h3>\n\t<div class=\"wpb_text_column wpb_content_element\" >\n\t\t<div class=\"wpb_wrapper\">\n\t\t\t<p>Le mieux est de remplir votre pouf d\u2019un morceau de mousse ferme d\u00e9coup\u00e9 sur mesure. Vous pouvez facilement utiliser des objets que vous poss\u00e9dez d\u00e9j\u00e0, des couettes, des oreillers, des couvertures ou du papier journal bien froiss\u00e9. Vous pouvez \u00e9galement acheter des granul\u00e9s de mousse ou du rembourrage en coton pour votre pouf. Si vous utilisez ce genre de rembourrage, nous vous recommandons de coudre une housse int\u00e9rieure ou de prendre une vieille housse de couette et d&#039;y mettre le rembourrage avant de le mettre dans votre pouf.<\/p>\n<p>En cas d&#039;achat suppl\u00e9mentaire, nous pouvons \u00e9galement l&#039;envoyer avec un rembourrage en laine de bois - sachez cependant qu&#039;il peut \u00eatre poussi\u00e9reux lorsque vous devez le retirer si la housse doit \u00eatre nettoy\u00e9e.<\/p>\n\n\t\t<\/div>\n\t<\/div>\n<\/div><\/div><\/div><\/div>\n<\/div>","protected":false},"excerpt":{"rendered":"<p>Housse de coussin de sol\/pouf marocain Beni Ouarain. Fabriqu\u00e9s \u00e0 la main \u00e0 partir de v\u00e9ritables tapis kilim en laine Beni Ouarain \u00e0 poils longs.<\/p>\n<p>Les femmes berb\u00e8res des montagnes de l&#039;Atlas au Maroc utilisent cet artisanat pour raconter leurs histoires silencieuses \u00e0 travers ces tapis tiss\u00e9s \u00e0 la main en laine v\u00e9ritable.<\/p>\n<p>Mesure 60 x 60 x 23 cm.<\/p>\n<p>Avec un motif de carreaux \u2013 le pouf est unique dans son motif, car celui-ci est d\u00e9termin\u00e9 par la zone du tapis utilis\u00e9e.<\/p>\n<p>&nbsp;<\/p>\n<p>&nbsp;<\/p>\n<p>&nbsp;<\/p>","protected":false},"featured_media":1710,"template":"","meta":{"inline_featured_image":false},"product_brand":[],"product_cat":[101,39,40],"product_tag":[],"class_list":{"0":"post-1713","1":"product","2":"type-product","3":"status-publish","4":"has-post-thumbnail","6":"product_cat-gulvpuder-uldpufs","7":"product_cat-moebler","8":"product_cat-pufs","10":"first","11":"instock","12":"taxable","13":"shipping-taxable","14":"purchasable","15":"product-type-simple"},"exclude_global_add_ons":false,"addons":[{"name":"Voulez-vous un coussin de garnissage?","type":"checkbox","position":0,"required":false,"title_format":"label","default":"","description_enable":true,"description":"Garni d&#039;un grand coussin de 90 x 90 cm, il remplit parfaitement le pouf et le rend moelleux et confortable. Sa housse est facile \u00e0 retirer et \u00e0 nettoyer.","placeholder_enable":false,"placeholder":"","display":"images","restrictions_type":"any_text","adjust_price":false,"price":"","price_type":"flat_fee","restrictions":false,"min":"0","max":"0","options":[{"label":"Ja tak","price":"300","price_type":"quantity_based","image":11028,"visibility":true}],"id":1672424044}],"yoast_head":"<!-- This site is optimized with the Yoast SEO plugin v27.4 - https:\/\/yoast.com\/product\/yoast-seo-wordpress\/ -->\n<title>Marokkansk gulvpude\/puf Beni Ouarain | 60x60x23 | Tibladin<\/title>\n<meta name=\"description\" content=\"Marokkansk gulvpude\/puf i uld kelim i Beni Ouarain med ruder-m\u00f8nster. H\u00e5ndsyet af vintage-t\u00e6pper, genbrugt til disse pufs. \u21d2 Se den her.\" \/>\n<meta name=\"robots\" content=\"index, follow, max-snippet:-1, max-image-preview:large, max-video-preview:-1\" \/>\n<link rel=\"canonical\" href=\"https:\/\/tibladin.dk\/fr\/produit-4\/coussin-de-sol-pouf-beni-ouarain-vitres-3\/\" \/>\n<meta property=\"og:locale\" content=\"fr_FR\" \/>\n<meta property=\"og:type\" content=\"article\" \/>\n<meta property=\"og:title\" content=\"Marokkansk gulvpude\/puf Beni Ouarain | 60x60x23 | Tibladin\" \/>\n<meta property=\"og:description\" content=\"Marokkansk gulvpude\/puf i uld kelim i Beni Ouarain med ruder-m\u00f8nster. H\u00e5ndsyet af vintage-t\u00e6pper, genbrugt til disse pufs. \u21d2 Se den her.\" \/>\n<meta property=\"og:url\" content=\"https:\/\/tibladin.dk\/fr\/produit-4\/coussin-de-sol-pouf-beni-ouarain-vitres-3\/\" \/>\n<meta property=\"og:site_name\" content=\"Tibladin\" \/>\n<meta property=\"article:modified_time\" content=\"2025-10-02T13:42:06+00:00\" \/>\n<meta property=\"og:image\" content=\"https:\/\/tibladin.dk\/wp-content\/uploads\/2022\/09\/Ruder3-1.png\" \/>\n\t<meta property=\"og:image:width\" content=\"800\" \/>\n\t<meta property=\"og:image:height\" content=\"800\" \/>\n\t<meta property=\"og:image:type\" content=\"image\/png\" \/>\n<meta name=\"twitter:card\" content=\"summary_large_image\" \/>\n<meta name=\"twitter:label1\" content=\"Dur\u00e9e de lecture estim\u00e9e\" \/>\n\t<meta name=\"twitter:data1\" content=\"2 minutes\" \/>\n<script type=\"application\/ld+json\" class=\"yoast-schema-graph\">{\"@context\":\"https:\\\/\\\/schema.org\",\"@graph\":[{\"@type\":\"WebPage\",\"@id\":\"https:\\\/\\\/tibladin.dk\\\/produkt\\\/gulvpude-puf-beni-ouarain-ruder-3\\\/\",\"url\":\"https:\\\/\\\/tibladin.dk\\\/produkt\\\/gulvpude-puf-beni-ouarain-ruder-3\\\/\",\"name\":\"Marokkansk gulvpude\\\/puf Beni Ouarain | 60x60x23 | Tibladin\",\"isPartOf\":{\"@id\":\"https:\\\/\\\/tibladin.dk\\\/#website\"},\"primaryImageOfPage\":{\"@id\":\"https:\\\/\\\/tibladin.dk\\\/produkt\\\/gulvpude-puf-beni-ouarain-ruder-3\\\/#primaryimage\"},\"image\":{\"@id\":\"https:\\\/\\\/tibladin.dk\\\/produkt\\\/gulvpude-puf-beni-ouarain-ruder-3\\\/#primaryimage\"},\"thumbnailUrl\":\"https:\\\/\\\/tibladin.dk\\\/wp-content\\\/uploads\\\/2022\\\/09\\\/Ruder3-1.png\",\"datePublished\":\"2022-09-20T09:11:10+00:00\",\"dateModified\":\"2025-10-02T13:42:06+00:00\",\"description\":\"Marokkansk gulvpude\\\/puf i uld kelim i Beni Ouarain med ruder-m\u00f8nster. H\u00e5ndsyet af vintage-t\u00e6pper, genbrugt til disse pufs. \u21d2 Se den her.\",\"breadcrumb\":{\"@id\":\"https:\\\/\\\/tibladin.dk\\\/produkt\\\/gulvpude-puf-beni-ouarain-ruder-3\\\/#breadcrumb\"},\"inLanguage\":\"fr-FR\",\"potentialAction\":[{\"@type\":\"ReadAction\",\"target\":[\"https:\\\/\\\/tibladin.dk\\\/produkt\\\/gulvpude-puf-beni-ouarain-ruder-3\\\/\"]}]},{\"@type\":\"ImageObject\",\"inLanguage\":\"fr-FR\",\"@id\":\"https:\\\/\\\/tibladin.dk\\\/produkt\\\/gulvpude-puf-beni-ouarain-ruder-3\\\/#primaryimage\",\"url\":\"https:\\\/\\\/tibladin.dk\\\/wp-content\\\/uploads\\\/2022\\\/09\\\/Ruder3-1.png\",\"contentUrl\":\"https:\\\/\\\/tibladin.dk\\\/wp-content\\\/uploads\\\/2022\\\/09\\\/Ruder3-1.png\",\"width\":800,\"height\":800,\"caption\":\"Firkantet marokkansk h\u00e5ndsyet gulvpude i uld med sort kvadratm\u00f8nster\"},{\"@type\":\"BreadcrumbList\",\"@id\":\"https:\\\/\\\/tibladin.dk\\\/produkt\\\/gulvpude-puf-beni-ouarain-ruder-3\\\/#breadcrumb\",\"itemListElement\":[{\"@type\":\"ListItem\",\"position\":1,\"name\":\"Hjem\",\"item\":\"https:\\\/\\\/tibladin.dk\\\/\"},{\"@type\":\"ListItem\",\"position\":2,\"name\":\"Shop\",\"item\":\"https:\\\/\\\/tibladin.dk\\\/shop\\\/\"},{\"@type\":\"ListItem\",\"position\":3,\"name\":\"Gulvpude\\\/puf Beni Ouarain &#8211; Ruder 3\"}]},{\"@type\":\"WebSite\",\"@id\":\"https:\\\/\\\/tibladin.dk\\\/#website\",\"url\":\"https:\\\/\\\/tibladin.dk\\\/\",\"name\":\"Tibladin\",\"description\":\"Tibladin\",\"publisher\":{\"@id\":\"https:\\\/\\\/tibladin.dk\\\/#organization\"},\"potentialAction\":[{\"@type\":\"SearchAction\",\"target\":{\"@type\":\"EntryPoint\",\"urlTemplate\":\"https:\\\/\\\/tibladin.dk\\\/?s={search_term_string}\"},\"query-input\":{\"@type\":\"PropertyValueSpecification\",\"valueRequired\":true,\"valueName\":\"search_term_string\"}}],\"inLanguage\":\"fr-FR\"},{\"@type\":\"Organization\",\"@id\":\"https:\\\/\\\/tibladin.dk\\\/#organization\",\"name\":\"Tibladin\",\"url\":\"https:\\\/\\\/tibladin.dk\\\/\",\"logo\":{\"@type\":\"ImageObject\",\"inLanguage\":\"fr-FR\",\"@id\":\"https:\\\/\\\/tibladin.dk\\\/#\\\/schema\\\/logo\\\/image\\\/\",\"url\":\"https:\\\/\\\/tibladin.dk\\\/wp-content\\\/uploads\\\/2022\\\/09\\\/tibladin_logo.svg\",\"contentUrl\":\"https:\\\/\\\/tibladin.dk\\\/wp-content\\\/uploads\\\/2022\\\/09\\\/tibladin_logo.svg\",\"caption\":\"Tibladin\"},\"image\":{\"@id\":\"https:\\\/\\\/tibladin.dk\\\/#\\\/schema\\\/logo\\\/image\\\/\"}}]}<\/script>\n<!-- \/ Yoast SEO plugin. -->","yoast_head_json":{"title":"Coussin de sol\/pouf marocain Beni Ouarain | 60x60x23 | Tibladine","description":"Coussin de sol\/pouf marocain en kilim de laine \u00e0 Beni Ouarain \u00e0 motif \u00e0 carreaux. Cousu main \u00e0 partir de tapis vintage, recycl\u00e9s pour ces poufs. \u21d2 Voir-le ici.","robots":{"index":"index","follow":"follow","max-snippet":"max-snippet:-1","max-image-preview":"max-image-preview:large","max-video-preview":"max-video-preview:-1"},"canonical":"https:\/\/tibladin.dk\/fr\/produit-4\/coussin-de-sol-pouf-beni-ouarain-vitres-3\/","og_locale":"fr_FR","og_type":"article","og_title":"Marokkansk gulvpude\/puf Beni Ouarain | 60x60x23 | Tibladin","og_description":"Marokkansk gulvpude\/puf i uld kelim i Beni Ouarain med ruder-m\u00f8nster. H\u00e5ndsyet af vintage-t\u00e6pper, genbrugt til disse pufs. \u21d2 Se den her.","og_url":"https:\/\/tibladin.dk\/fr\/produit-4\/coussin-de-sol-pouf-beni-ouarain-vitres-3\/","og_site_name":"Tibladin","article_modified_time":"2025-10-02T13:42:06+00:00","og_image":[{"width":800,"height":800,"url":"https:\/\/tibladin.dk\/wp-content\/uploads\/2022\/09\/Ruder3-1.png","type":"image\/png"}],"twitter_card":"summary_large_image","twitter_misc":{"Dur\u00e9e de lecture estim\u00e9e":"2 minutes"},"schema":{"@context":"https:\/\/schema.org","@graph":[{"@type":"WebPage","@id":"https:\/\/tibladin.dk\/produkt\/gulvpude-puf-beni-ouarain-ruder-3\/","url":"https:\/\/tibladin.dk\/produkt\/gulvpude-puf-beni-ouarain-ruder-3\/","name":"Coussin de sol\/pouf marocain Beni Ouarain | 60x60x23 | Tibladine","isPartOf":{"@id":"https:\/\/tibladin.dk\/#website"},"primaryImageOfPage":{"@id":"https:\/\/tibladin.dk\/produkt\/gulvpude-puf-beni-ouarain-ruder-3\/#primaryimage"},"image":{"@id":"https:\/\/tibladin.dk\/produkt\/gulvpude-puf-beni-ouarain-ruder-3\/#primaryimage"},"thumbnailUrl":"https:\/\/tibladin.dk\/wp-content\/uploads\/2022\/09\/Ruder3-1.png","datePublished":"2022-09-20T09:11:10+00:00","dateModified":"2025-10-02T13:42:06+00:00","description":"Coussin de sol\/pouf marocain en kilim de laine \u00e0 Beni Ouarain \u00e0 motif \u00e0 carreaux. Cousu main \u00e0 partir de tapis vintage, recycl\u00e9s pour ces poufs. \u21d2 Voir-le ici.","breadcrumb":{"@id":"https:\/\/tibladin.dk\/produkt\/gulvpude-puf-beni-ouarain-ruder-3\/#breadcrumb"},"inLanguage":"fr-FR","potentialAction":[{"@type":"ReadAction","target":["https:\/\/tibladin.dk\/produkt\/gulvpude-puf-beni-ouarain-ruder-3\/"]}]},{"@type":"ImageObject","inLanguage":"fr-FR","@id":"https:\/\/tibladin.dk\/produkt\/gulvpude-puf-beni-ouarain-ruder-3\/#primaryimage","url":"https:\/\/tibladin.dk\/wp-content\/uploads\/2022\/09\/Ruder3-1.png","contentUrl":"https:\/\/tibladin.dk\/wp-content\/uploads\/2022\/09\/Ruder3-1.png","width":800,"height":800,"caption":"Firkantet marokkansk h\u00e5ndsyet gulvpude i uld med sort kvadratm\u00f8nster"},{"@type":"BreadcrumbList","@id":"https:\/\/tibladin.dk\/produkt\/gulvpude-puf-beni-ouarain-ruder-3\/#breadcrumb","itemListElement":[{"@type":"ListItem","position":1,"name":"Hjem","item":"https:\/\/tibladin.dk\/"},{"@type":"ListItem","position":2,"name":"Shop","item":"https:\/\/tibladin.dk\/shop\/"},{"@type":"ListItem","position":3,"name":"Gulvpude\/puf Beni Ouarain &#8211; Ruder 3"}]},{"@type":"WebSite","@id":"https:\/\/tibladin.dk\/#website","url":"https:\/\/tibladin.dk\/","name":"Tibladin","description":"Tibladin","publisher":{"@id":"https:\/\/tibladin.dk\/#organization"},"potentialAction":[{"@type":"SearchAction","target":{"@type":"EntryPoint","urlTemplate":"https:\/\/tibladin.dk\/?s={search_term_string}"},"query-input":{"@type":"PropertyValueSpecification","valueRequired":true,"valueName":"search_term_string"}}],"inLanguage":"fr-FR"},{"@type":"Organization","@id":"https:\/\/tibladin.dk\/#organization","name":"Tibladin","url":"https:\/\/tibladin.dk\/","logo":{"@type":"ImageObject","inLanguage":"fr-FR","@id":"https:\/\/tibladin.dk\/#\/schema\/logo\/image\/","url":"https:\/\/tibladin.dk\/wp-content\/uploads\/2022\/09\/tibladin_logo.svg","contentUrl":"https:\/\/tibladin.dk\/wp-content\/uploads\/2022\/09\/tibladin_logo.svg","caption":"Tibladin"},"image":{"@id":"https:\/\/tibladin.dk\/#\/schema\/logo\/image\/"}}]}},"_links":{"self":[{"href":"https:\/\/tibladin.dk\/fr\/wp-json\/wp\/v2\/product\/1713","targetHints":{"allow":["GET"]}}],"collection":[{"href":"https:\/\/tibladin.dk\/fr\/wp-json\/wp\/v2\/product"}],"about":[{"href":"https:\/\/tibladin.dk\/fr\/wp-json\/wp\/v2\/types\/product"}],"wp:featuredmedia":[{"embeddable":true,"href":"https:\/\/tibladin.dk\/fr\/wp-json\/wp\/v2\/media\/1710"}],"wp:attachment":[{"href":"https:\/\/tibladin.dk\/fr\/wp-json\/wp\/v2\/media?parent=1713"}],"wp:term":[{"taxonomy":"product_brand","embeddable":true,"href":"https:\/\/tibladin.dk\/fr\/wp-json\/wp\/v2\/product_brand?post=1713"},{"taxonomy":"product_cat","embeddable":true,"href":"https:\/\/tibladin.dk\/fr\/wp-json\/wp\/v2\/product_cat?post=1713"},{"taxonomy":"product_tag","embeddable":true,"href":"https:\/\/tibladin.dk\/fr\/wp-json\/wp\/v2\/product_tag?post=1713"}],"curies":[{"name":"wp","href":"https:\/\/api.w.org\/{rel}","templated":true}]}}