{"id":1750,"date":"2022-09-20T11:11:25","date_gmt":"2022-09-20T09:11:25","guid":{"rendered":"https:\/\/tibladin.dk\/vare\/soft-touch-pendellampe-i-rattan-og-velour\/"},"modified":"2026-01-09T15:00:22","modified_gmt":"2026-01-09T14:00:22","slug":"suspension-soft-touch-en-rotin-et-velours","status":"publish","type":"product","link":"https:\/\/tibladin.dk\/fr\/produkt\/soft-touch-pendellampe-i-rattan-og-velour\/","title":{"rendered":"Suspension soft touch en rotin et velours"},"content":{"rendered":"<div class=\"wpb-content-wrapper\"><div class=\"vc_row wpb_row vc_row-fluid\"><div class=\"wpb_column vc_column_container vc_col-sm-4\"><div class=\"vc_column-inner\"><div class=\"wpb_wrapper\"><h3 style=\"text-align: left\" class=\"vc_custom_heading vc_do_custom_heading\" >L&#039;histoire derri\u00e8re<\/h3>\n\t<div class=\"wpb_text_column wpb_content_element\" >\n\t\t<div class=\"wpb_wrapper\">\n\t\t\t<p>Les lampes\/lampes \u00e0 m\u00e8che en raphia et en rotin font leur grand retour dans la d\u00e9coration int\u00e9rieure. Ils donnent un joli look boh\u00e8me et une ambiance cosy et d\u00e9contract\u00e9e.<\/p>\n<p>Les lampes du Maroc ajoutent une touche unique \u00e0 votre d\u00e9coration et apportent une lumi\u00e8re d\u00e9corative.<\/p>\n<p>Les lampes sont fabriqu\u00e9es \u00e0 la main et il y aura de petites imperfections et diff\u00e9rences de motif et de forme.<\/p>\n\n\t\t<\/div>\n\t<\/div>\n<\/div><\/div><\/div><div class=\"wpb_column vc_column_container vc_col-sm-4\"><div class=\"vc_column-inner\"><div class=\"wpb_wrapper\"><h3 style=\"text-align: left\" class=\"vc_custom_heading vc_do_custom_heading\" >Qu&#039;est-ce que le rotin ?<\/h3>\n\t<div class=\"wpb_text_column wpb_content_element\" >\n\t\t<div class=\"wpb_wrapper\">\n\t\t\t<p>Le rotin est fabriqu\u00e9 \u00e0 partir d&#039;un palmier tropical originaire d&#039;Australie, d&#039;Asie et d&#039;Afrique. Le mat\u00e9riau est tr\u00e8s r\u00e9sistant et ressemble au bambou, c&#039;est pourquoi il est utilis\u00e9 pour tout, des plateaux et paniers aux t\u00eates de lit et tables \u00e0 boissons.<\/p>\n<p>Le raphia est similaire au rotin car ils proviennent tous deux de feuilles de palmier, mais le raphia est un peu plus doux.<\/p>\n\n\t\t<\/div>\n\t<\/div>\n<\/div><\/div><\/div><div class=\"wpb_column vc_column_container vc_col-sm-4\"><div class=\"vc_column-inner\"><div class=\"wpb_wrapper\"><h3 style=\"text-align: left\" class=\"vc_custom_heading vc_do_custom_heading\" >Entretien<\/h3>\n\t<div class=\"wpb_text_column wpb_content_element\" >\n\t\t<div class=\"wpb_wrapper\">\n\t\t\t<p>La partie en rotin elle-m\u00eame est essuy\u00e9e avec un chiffon \u00e0 poussi\u00e8re.<\/p>\n<p>Vous pouvez utiliser un rouleau anti-peluches sur la partie velours. Passez le rouleau anti-peluches doucement et soigneusement sur le tissu. Assurez-vous de changer le papier de soie avant et faites-le souvent pendant le roulage.<\/p>\n<p>Les lampes sont fabriqu\u00e9es \u00e0 la main et pr\u00e9sentent de petites imperfections et des variations dans la forme et le motif.<\/p>\n\n\t\t<\/div>\n\t<\/div>\n<\/div><\/div><\/div><\/div>\n<\/div>","protected":false},"excerpt":{"rendered":"<p>Lampe \u00e0 suspension marocaine en rotin faite \u00e0 la main avec un abat-jour en velours dans un vieux rose d\u00e9licat. Le velours rose joue joliment avec le rotin tress\u00e9, et cette lampe peut \u00eatre utilis\u00e9e pour ajouter un petit jeu de couleurs \u00e0 votre d\u00e9co.<\/p>\n<p>25 cm de hauteur et 30 cm de diam\u00e8tre.<\/p>\n<p>La lampe est pr\u00eate \u00e0 \u00eatre install\u00e9e et n&#039;a besoin que d&#039;une ampoule - livr\u00e9e avec un c\u00e2ble de 1 m.<\/p>\n<p>&nbsp;<\/p>\n<p>&nbsp;<\/p>\n<p>&nbsp;<\/p>\n<p>&nbsp;<\/p>","protected":false},"featured_media":1746,"template":"","meta":{"inline_featured_image":false},"product_brand":[],"product_cat":[67,69],"product_tag":[],"class_list":{"0":"post-1750","1":"product","2":"type-product","3":"status-publish","4":"has-post-thumbnail","6":"product_cat-lamper","7":"product_cat-rafia-lamper","9":"first","10":"instock","11":"taxable","12":"shipping-taxable","13":"purchasable","14":"product-type-simple"},"exclude_global_add_ons":false,"addons":[{"name":"Vous souhaitez un emballage cadeau ?","type":"checkbox","position":0,"required":false,"title_format":"label","default":"","description_enable":false,"description":"","placeholder_enable":false,"placeholder":"","display":"images","restrictions_type":"any_text","adjust_price":false,"price":"","price_type":"flat_fee","restrictions":false,"min":"0","max":"0","options":[{"label":"Ja tak","price":"10","price_type":"flat_fee","image":11015,"visibility":true}],"id":1669646111}],"yoast_head":"<!-- This site is optimized with the Yoast SEO plugin v27.5 - https:\/\/yoast.com\/product\/yoast-seo-wordpress\/ -->\n<title>Marokkansk pendellampe i rattan og velour | H\u00e5ndlavet | Tibladin<\/title>\n<meta name=\"description\" content=\"Giv din indretning et Marokkansk touch med denne marokkanske pendellampe i farven gammelrosa. H\u00e5ndlavet i Marrakech \u21d2 K\u00f8b den her.\" \/>\n<meta name=\"robots\" content=\"index, follow, max-snippet:-1, max-image-preview:large, max-video-preview:-1\" \/>\n<link rel=\"canonical\" href=\"https:\/\/tibladin.dk\/fr\/produit-4\/suspension-soft-touch-en-rotin-et-velours\/\" \/>\n<meta property=\"og:locale\" content=\"fr_FR\" \/>\n<meta property=\"og:type\" content=\"article\" \/>\n<meta property=\"og:title\" content=\"Marokkansk pendellampe i rattan og velour | H\u00e5ndlavet | Tibladin\" \/>\n<meta property=\"og:description\" content=\"Giv din indretning et Marokkansk touch med denne marokkanske pendellampe i farven gammelrosa. H\u00e5ndlavet i Marrakech \u21d2 K\u00f8b den her.\" \/>\n<meta property=\"og:url\" content=\"https:\/\/tibladin.dk\/fr\/produit-4\/suspension-soft-touch-en-rotin-et-velours\/\" \/>\n<meta property=\"og:site_name\" content=\"Tibladin\" \/>\n<meta property=\"article:modified_time\" content=\"2026-01-09T14:00:22+00:00\" \/>\n<meta property=\"og:image\" content=\"https:\/\/tibladin.dk\/wp-content\/uploads\/2022\/09\/Soft_touch_pendellampe-1.jpg\" \/>\n\t<meta property=\"og:image:width\" content=\"800\" \/>\n\t<meta property=\"og:image:height\" content=\"800\" \/>\n\t<meta property=\"og:image:type\" content=\"image\/jpeg\" \/>\n<meta name=\"twitter:card\" content=\"summary_large_image\" \/>\n<meta name=\"twitter:label1\" content=\"Dur\u00e9e de lecture estim\u00e9e\" \/>\n\t<meta name=\"twitter:data1\" content=\"2 minutes\" \/>\n<script type=\"application\/ld+json\" class=\"yoast-schema-graph\">{\"@context\":\"https:\\\/\\\/schema.org\",\"@graph\":[{\"@type\":\"WebPage\",\"@id\":\"https:\\\/\\\/tibladin.dk\\\/produkt\\\/soft-touch-pendellampe-i-rattan-og-velour\\\/\",\"url\":\"https:\\\/\\\/tibladin.dk\\\/produkt\\\/soft-touch-pendellampe-i-rattan-og-velour\\\/\",\"name\":\"Marokkansk pendellampe i rattan og velour | H\u00e5ndlavet | Tibladin\",\"isPartOf\":{\"@id\":\"https:\\\/\\\/tibladin.dk\\\/#website\"},\"primaryImageOfPage\":{\"@id\":\"https:\\\/\\\/tibladin.dk\\\/produkt\\\/soft-touch-pendellampe-i-rattan-og-velour\\\/#primaryimage\"},\"image\":{\"@id\":\"https:\\\/\\\/tibladin.dk\\\/produkt\\\/soft-touch-pendellampe-i-rattan-og-velour\\\/#primaryimage\"},\"thumbnailUrl\":\"https:\\\/\\\/tibladin.dk\\\/wp-content\\\/uploads\\\/2022\\\/09\\\/Soft_touch_pendellampe-1.jpg\",\"datePublished\":\"2022-09-20T09:11:25+00:00\",\"dateModified\":\"2026-01-09T14:00:22+00:00\",\"description\":\"Giv din indretning et Marokkansk touch med denne marokkanske pendellampe i farven gammelrosa. H\u00e5ndlavet i Marrakech \u21d2 K\u00f8b den her.\",\"breadcrumb\":{\"@id\":\"https:\\\/\\\/tibladin.dk\\\/produkt\\\/soft-touch-pendellampe-i-rattan-og-velour\\\/#breadcrumb\"},\"inLanguage\":\"fr-FR\",\"potentialAction\":[{\"@type\":\"ReadAction\",\"target\":[\"https:\\\/\\\/tibladin.dk\\\/produkt\\\/soft-touch-pendellampe-i-rattan-og-velour\\\/\"]}]},{\"@type\":\"ImageObject\",\"inLanguage\":\"fr-FR\",\"@id\":\"https:\\\/\\\/tibladin.dk\\\/produkt\\\/soft-touch-pendellampe-i-rattan-og-velour\\\/#primaryimage\",\"url\":\"https:\\\/\\\/tibladin.dk\\\/wp-content\\\/uploads\\\/2022\\\/09\\\/Soft_touch_pendellampe-1.jpg\",\"contentUrl\":\"https:\\\/\\\/tibladin.dk\\\/wp-content\\\/uploads\\\/2022\\\/09\\\/Soft_touch_pendellampe-1.jpg\",\"width\":800,\"height\":800,\"caption\":\"Marokkansk h\u00e5ndlavet pendellampe i pink velour\"},{\"@type\":\"BreadcrumbList\",\"@id\":\"https:\\\/\\\/tibladin.dk\\\/produkt\\\/soft-touch-pendellampe-i-rattan-og-velour\\\/#breadcrumb\",\"itemListElement\":[{\"@type\":\"ListItem\",\"position\":1,\"name\":\"Hjem\",\"item\":\"https:\\\/\\\/tibladin.dk\\\/\"},{\"@type\":\"ListItem\",\"position\":2,\"name\":\"Shop\",\"item\":\"https:\\\/\\\/tibladin.dk\\\/shop\\\/\"},{\"@type\":\"ListItem\",\"position\":3,\"name\":\"Soft touch pendellampe i rattan og velour\"}]},{\"@type\":\"WebSite\",\"@id\":\"https:\\\/\\\/tibladin.dk\\\/#website\",\"url\":\"https:\\\/\\\/tibladin.dk\\\/\",\"name\":\"Tibladin\",\"description\":\"Tibladin\",\"publisher\":{\"@id\":\"https:\\\/\\\/tibladin.dk\\\/#organization\"},\"potentialAction\":[{\"@type\":\"SearchAction\",\"target\":{\"@type\":\"EntryPoint\",\"urlTemplate\":\"https:\\\/\\\/tibladin.dk\\\/?s={search_term_string}\"},\"query-input\":{\"@type\":\"PropertyValueSpecification\",\"valueRequired\":true,\"valueName\":\"search_term_string\"}}],\"inLanguage\":\"fr-FR\"},{\"@type\":\"Organization\",\"@id\":\"https:\\\/\\\/tibladin.dk\\\/#organization\",\"name\":\"Tibladin\",\"url\":\"https:\\\/\\\/tibladin.dk\\\/\",\"logo\":{\"@type\":\"ImageObject\",\"inLanguage\":\"fr-FR\",\"@id\":\"https:\\\/\\\/tibladin.dk\\\/#\\\/schema\\\/logo\\\/image\\\/\",\"url\":\"https:\\\/\\\/tibladin.dk\\\/wp-content\\\/uploads\\\/2022\\\/09\\\/tibladin_logo.svg\",\"contentUrl\":\"https:\\\/\\\/tibladin.dk\\\/wp-content\\\/uploads\\\/2022\\\/09\\\/tibladin_logo.svg\",\"caption\":\"Tibladin\"},\"image\":{\"@id\":\"https:\\\/\\\/tibladin.dk\\\/#\\\/schema\\\/logo\\\/image\\\/\"}}]}<\/script>\n<!-- \/ Yoast SEO plugin. -->","yoast_head_json":{"title":"Suspension marocaine en rotin et velours | Fait \u00e0 la main | Tibladine","description":"Donnez \u00e0 votre int\u00e9rieur une touche marocaine avec cette suspension marocaine de couleur vieux rose. Fait main \u00e0 Marrakech \u21d2 Achetez-le ici.","robots":{"index":"index","follow":"follow","max-snippet":"max-snippet:-1","max-image-preview":"max-image-preview:large","max-video-preview":"max-video-preview:-1"},"canonical":"https:\/\/tibladin.dk\/fr\/produit-4\/suspension-soft-touch-en-rotin-et-velours\/","og_locale":"fr_FR","og_type":"article","og_title":"Marokkansk pendellampe i rattan og velour | H\u00e5ndlavet | Tibladin","og_description":"Giv din indretning et Marokkansk touch med denne marokkanske pendellampe i farven gammelrosa. H\u00e5ndlavet i Marrakech \u21d2 K\u00f8b den her.","og_url":"https:\/\/tibladin.dk\/fr\/produit-4\/suspension-soft-touch-en-rotin-et-velours\/","og_site_name":"Tibladin","article_modified_time":"2026-01-09T14:00:22+00:00","og_image":[{"width":800,"height":800,"url":"https:\/\/tibladin.dk\/wp-content\/uploads\/2022\/09\/Soft_touch_pendellampe-1.jpg","type":"image\/jpeg"}],"twitter_card":"summary_large_image","twitter_misc":{"Dur\u00e9e de lecture estim\u00e9e":"2 minutes"},"schema":{"@context":"https:\/\/schema.org","@graph":[{"@type":"WebPage","@id":"https:\/\/tibladin.dk\/produkt\/soft-touch-pendellampe-i-rattan-og-velour\/","url":"https:\/\/tibladin.dk\/produkt\/soft-touch-pendellampe-i-rattan-og-velour\/","name":"Suspension marocaine en rotin et velours | Fait \u00e0 la main | Tibladine","isPartOf":{"@id":"https:\/\/tibladin.dk\/#website"},"primaryImageOfPage":{"@id":"https:\/\/tibladin.dk\/produkt\/soft-touch-pendellampe-i-rattan-og-velour\/#primaryimage"},"image":{"@id":"https:\/\/tibladin.dk\/produkt\/soft-touch-pendellampe-i-rattan-og-velour\/#primaryimage"},"thumbnailUrl":"https:\/\/tibladin.dk\/wp-content\/uploads\/2022\/09\/Soft_touch_pendellampe-1.jpg","datePublished":"2022-09-20T09:11:25+00:00","dateModified":"2026-01-09T14:00:22+00:00","description":"Donnez \u00e0 votre int\u00e9rieur une touche marocaine avec cette suspension marocaine de couleur vieux rose. Fait main \u00e0 Marrakech \u21d2 Achetez-le ici.","breadcrumb":{"@id":"https:\/\/tibladin.dk\/produkt\/soft-touch-pendellampe-i-rattan-og-velour\/#breadcrumb"},"inLanguage":"fr-FR","potentialAction":[{"@type":"ReadAction","target":["https:\/\/tibladin.dk\/produkt\/soft-touch-pendellampe-i-rattan-og-velour\/"]}]},{"@type":"ImageObject","inLanguage":"fr-FR","@id":"https:\/\/tibladin.dk\/produkt\/soft-touch-pendellampe-i-rattan-og-velour\/#primaryimage","url":"https:\/\/tibladin.dk\/wp-content\/uploads\/2022\/09\/Soft_touch_pendellampe-1.jpg","contentUrl":"https:\/\/tibladin.dk\/wp-content\/uploads\/2022\/09\/Soft_touch_pendellampe-1.jpg","width":800,"height":800,"caption":"Marokkansk h\u00e5ndlavet pendellampe i pink velour"},{"@type":"BreadcrumbList","@id":"https:\/\/tibladin.dk\/produkt\/soft-touch-pendellampe-i-rattan-og-velour\/#breadcrumb","itemListElement":[{"@type":"ListItem","position":1,"name":"Hjem","item":"https:\/\/tibladin.dk\/"},{"@type":"ListItem","position":2,"name":"Shop","item":"https:\/\/tibladin.dk\/shop\/"},{"@type":"ListItem","position":3,"name":"Soft touch pendellampe i rattan og velour"}]},{"@type":"WebSite","@id":"https:\/\/tibladin.dk\/#website","url":"https:\/\/tibladin.dk\/","name":"Tibladin","description":"Tibladin","publisher":{"@id":"https:\/\/tibladin.dk\/#organization"},"potentialAction":[{"@type":"SearchAction","target":{"@type":"EntryPoint","urlTemplate":"https:\/\/tibladin.dk\/?s={search_term_string}"},"query-input":{"@type":"PropertyValueSpecification","valueRequired":true,"valueName":"search_term_string"}}],"inLanguage":"fr-FR"},{"@type":"Organization","@id":"https:\/\/tibladin.dk\/#organization","name":"Tibladin","url":"https:\/\/tibladin.dk\/","logo":{"@type":"ImageObject","inLanguage":"fr-FR","@id":"https:\/\/tibladin.dk\/#\/schema\/logo\/image\/","url":"https:\/\/tibladin.dk\/wp-content\/uploads\/2022\/09\/tibladin_logo.svg","contentUrl":"https:\/\/tibladin.dk\/wp-content\/uploads\/2022\/09\/tibladin_logo.svg","caption":"Tibladin"},"image":{"@id":"https:\/\/tibladin.dk\/#\/schema\/logo\/image\/"}}]}},"_links":{"self":[{"href":"https:\/\/tibladin.dk\/fr\/wp-json\/wp\/v2\/product\/1750","targetHints":{"allow":["GET"]}}],"collection":[{"href":"https:\/\/tibladin.dk\/fr\/wp-json\/wp\/v2\/product"}],"about":[{"href":"https:\/\/tibladin.dk\/fr\/wp-json\/wp\/v2\/types\/product"}],"wp:featuredmedia":[{"embeddable":true,"href":"https:\/\/tibladin.dk\/fr\/wp-json\/wp\/v2\/media\/1746"}],"wp:attachment":[{"href":"https:\/\/tibladin.dk\/fr\/wp-json\/wp\/v2\/media?parent=1750"}],"wp:term":[{"taxonomy":"product_brand","embeddable":true,"href":"https:\/\/tibladin.dk\/fr\/wp-json\/wp\/v2\/product_brand?post=1750"},{"taxonomy":"product_cat","embeddable":true,"href":"https:\/\/tibladin.dk\/fr\/wp-json\/wp\/v2\/product_cat?post=1750"},{"taxonomy":"product_tag","embeddable":true,"href":"https:\/\/tibladin.dk\/fr\/wp-json\/wp\/v2\/product_tag?post=1750"}],"curies":[{"name":"wp","href":"https:\/\/api.w.org\/{rel}","templated":true}]}}