{"id":1801,"date":"2022-09-20T11:11:48","date_gmt":"2022-09-20T09:11:48","guid":{"rendered":"https:\/\/tibladin.dk\/vare\/marokkansk-vaeglampe-metal-guld-princess\/"},"modified":"2026-03-14T11:15:53","modified_gmt":"2026-03-14T10:15:53","slug":"applique-marocaine-metal-dore-princesse","status":"publish","type":"product","link":"https:\/\/tibladin.dk\/fr\/produkt\/marokkansk-vaeglampe-metal-guld-princess\/","title":{"rendered":"Applique marocaine en m\u00e9tal \u2013 PRINCESSE dor\u00e9e"},"content":{"rendered":"<div class=\"wpb-content-wrapper\"><div class=\"vc_row wpb_row vc_row-fluid\"><div class=\"wpb_column vc_column_container vc_col-sm-6\"><div class=\"vc_column-inner\"><div class=\"wpb_wrapper\"><h3 style=\"text-align: left\" class=\"vc_custom_heading vc_do_custom_heading\" >Entretien<\/h3>\n\t<div class=\"wpb_text_column wpb_content_element\" >\n\t\t<div class=\"wpb_wrapper\">\n\t\t\t<p>Essuyez avec un chiffon humide. Les lampes peuvent s&#039;oxyder un peu avec le temps, ce qui ne fait qu&#039;ajouter un charme suppl\u00e9mentaire. Si vous souhaitez que votre lampe soit polie, vous pouvez utiliser un produit polissant ou un peu de jus de citron, comme le font les Marocains.<\/p>\n<p>Le m\u00e9tal dont sont faites les lampes est flexible et si votre lampe devait un jour \u00eatre l\u00e9g\u00e8rement bossel\u00e9e, elle peut \u00eatre redress\u00e9e tr\u00e8s facilement. Utilisez une cuill\u00e8re \u00e0 caf\u00e9 et frottez-la l\u00e0 o\u00f9 la bosse d\u00e9passe et lissez-la doucement en place.<\/p>\n\n\t\t<\/div>\n\t<\/div>\n<\/div><\/div><\/div><div class=\"wpb_column vc_column_container vc_col-sm-6\"><div class=\"vc_column-inner\"><div class=\"wpb_wrapper\"><h3 style=\"text-align: left\" class=\"vc_custom_heading vc_do_custom_heading\" >L&#039;histoire derri\u00e8re<\/h3>\n\t<div class=\"wpb_text_column wpb_content_element\" >\n\t\t<div class=\"wpb_wrapper\">\n\t\t\t<p>Ces appliques marocaines sont en m\u00e9tal dor\u00e9 avec des motifs de petits trous martel\u00e9s \u00e0 la main. Les trous dans la lampe signifient que la lumi\u00e8re est r\u00e9fl\u00e9chie et diffus\u00e9e selon un motif aventureux et chaleureux sur l&#039;environnement. Cela cr\u00e9e une atmosph\u00e8re tr\u00e8s particuli\u00e8re dans la pi\u00e8ce. Les lampes fabriqu\u00e9es \u00e0 la main au Maroc peuvent \u00eatre accroch\u00e9es au mur dans diff\u00e9rentes directions, selon l&#039;expression souhait\u00e9e. La lumi\u00e8re peut \u00eatre projet\u00e9e soit vers le plafond, soit vers le sol, et les appliques murales s&#039;int\u00e8grent donc dans la plupart des pi\u00e8ces. Vous pourrez alors cr\u00e9er votre propre ambiance riad avec une lampe artisanale et d\u00e9corative.<\/p>\n\n\t\t<\/div>\n\t<\/div>\n<\/div><\/div><\/div><\/div>\n<\/div>","protected":false},"excerpt":{"rendered":"<p>Applique marocaine faite main en m\u00e9tal dor\u00e9 avec un beau motif de trous. Le motif est battu \u00e0 la main, ce qui signifie que la lampe projette une lumi\u00e8re belle et atmosph\u00e9rique dans la pi\u00e8ce. Les appliques peuvent \u00eatre suspendues dans deux directions diff\u00e9rentes selon l&#039;expression souhait\u00e9e. Cr\u00e9ez votre propre atmosph\u00e8re de riad avec cette magnifique lampe faite \u00e0 la main.<\/p>\n<p>La lampe est disponible avec deux motifs diff\u00e9rents (PRINCE et <a href=\"https:\/\/tibladin.dk\/fr\/produit-4\/applique-marocaine-metal-dore-princesse\/\">PRINCESSE<\/a>)<\/p>\n<p>La lampe est vendue sans douille ni cordon.<\/p>\n<p>&nbsp;<\/p>","protected":false},"featured_media":1797,"template":"","meta":{"inline_featured_image":false},"product_brand":[],"product_cat":[67,68],"product_tag":[],"class_list":{"0":"post-1801","1":"product","2":"type-product","3":"status-publish","4":"has-post-thumbnail","6":"product_cat-lamper","7":"product_cat-metal-lamper","9":"first","10":"outofstock","11":"taxable","12":"shipping-taxable","13":"purchasable","14":"product-type-simple"},"exclude_global_add_ons":false,"addons":[{"name":"Vous souhaitez un emballage cadeau ?","type":"checkbox","position":0,"required":false,"title_format":"label","default":"","description_enable":false,"description":"","placeholder_enable":false,"placeholder":"","display":"images","restrictions_type":"any_text","adjust_price":false,"price":"","price_type":"flat_fee","restrictions":false,"min":"0","max":"0","options":[{"label":"Ja tak","price":"10","price_type":"flat_fee","image":11015,"visibility":true}],"id":1669646111}],"yoast_head":"<!-- This site is optimized with the Yoast SEO plugin v27.5 - https:\/\/yoast.com\/product\/yoast-seo-wordpress\/ -->\n<title>Marokkansk v\u00e6glampe i guldmetal | H\u00e5ndlavet i Marrakech<\/title>\n<meta name=\"description\" content=\"Mangler du stemningsfuld belysning? Denne marrokanske v\u00e6glampe i guldmetal med h\u00e5ndlavet hulm\u00f8nster giver et smukt og elegant lys.\" \/>\n<meta name=\"robots\" content=\"index, follow, max-snippet:-1, max-image-preview:large, max-video-preview:-1\" \/>\n<link rel=\"canonical\" href=\"https:\/\/tibladin.dk\/fr\/produit-4\/applique-marocaine-metal-dore-princesse\/\" \/>\n<meta property=\"og:locale\" content=\"fr_FR\" \/>\n<meta property=\"og:type\" content=\"article\" \/>\n<meta property=\"og:title\" content=\"Marokkansk v\u00e6glampe i guldmetal | H\u00e5ndlavet i Marrakech\" \/>\n<meta property=\"og:description\" content=\"Mangler du stemningsfuld belysning? Denne marrokanske v\u00e6glampe i guldmetal med h\u00e5ndlavet hulm\u00f8nster giver et smukt og elegant lys.\" \/>\n<meta property=\"og:url\" content=\"https:\/\/tibladin.dk\/fr\/produit-4\/applique-marocaine-metal-dore-princesse\/\" \/>\n<meta property=\"og:site_name\" content=\"Tibladin\" \/>\n<meta property=\"article:modified_time\" content=\"2026-03-14T10:15:53+00:00\" \/>\n<meta property=\"og:image\" content=\"https:\/\/tibladin.dk\/wp-content\/uploads\/2022\/09\/Vaeglampe-princess-2-1.png\" \/>\n\t<meta property=\"og:image:width\" content=\"800\" \/>\n\t<meta property=\"og:image:height\" content=\"800\" \/>\n\t<meta property=\"og:image:type\" content=\"image\/png\" \/>\n<meta name=\"twitter:card\" content=\"summary_large_image\" \/>\n<meta name=\"twitter:label1\" content=\"Dur\u00e9e de lecture estim\u00e9e\" \/>\n\t<meta name=\"twitter:data1\" content=\"2 minutes\" \/>\n<script type=\"application\/ld+json\" class=\"yoast-schema-graph\">{\"@context\":\"https:\\\/\\\/schema.org\",\"@graph\":[{\"@type\":\"WebPage\",\"@id\":\"https:\\\/\\\/tibladin.dk\\\/produkt\\\/marokkansk-vaeglampe-metal-guld-princess\\\/\",\"url\":\"https:\\\/\\\/tibladin.dk\\\/produkt\\\/marokkansk-vaeglampe-metal-guld-princess\\\/\",\"name\":\"Marokkansk v\u00e6glampe i guldmetal | H\u00e5ndlavet i Marrakech\",\"isPartOf\":{\"@id\":\"https:\\\/\\\/tibladin.dk\\\/#website\"},\"primaryImageOfPage\":{\"@id\":\"https:\\\/\\\/tibladin.dk\\\/produkt\\\/marokkansk-vaeglampe-metal-guld-princess\\\/#primaryimage\"},\"image\":{\"@id\":\"https:\\\/\\\/tibladin.dk\\\/produkt\\\/marokkansk-vaeglampe-metal-guld-princess\\\/#primaryimage\"},\"thumbnailUrl\":\"https:\\\/\\\/tibladin.dk\\\/wp-content\\\/uploads\\\/2022\\\/09\\\/Vaeglampe-princess-2-1.png\",\"datePublished\":\"2022-09-20T09:11:48+00:00\",\"dateModified\":\"2026-03-14T10:15:53+00:00\",\"description\":\"Mangler du stemningsfuld belysning? Denne marrokanske v\u00e6glampe i guldmetal med h\u00e5ndlavet hulm\u00f8nster giver et smukt og elegant lys.\",\"breadcrumb\":{\"@id\":\"https:\\\/\\\/tibladin.dk\\\/produkt\\\/marokkansk-vaeglampe-metal-guld-princess\\\/#breadcrumb\"},\"inLanguage\":\"fr-FR\",\"potentialAction\":[{\"@type\":\"ReadAction\",\"target\":[\"https:\\\/\\\/tibladin.dk\\\/produkt\\\/marokkansk-vaeglampe-metal-guld-princess\\\/\"]}]},{\"@type\":\"ImageObject\",\"inLanguage\":\"fr-FR\",\"@id\":\"https:\\\/\\\/tibladin.dk\\\/produkt\\\/marokkansk-vaeglampe-metal-guld-princess\\\/#primaryimage\",\"url\":\"https:\\\/\\\/tibladin.dk\\\/wp-content\\\/uploads\\\/2022\\\/09\\\/Vaeglampe-princess-2-1.png\",\"contentUrl\":\"https:\\\/\\\/tibladin.dk\\\/wp-content\\\/uploads\\\/2022\\\/09\\\/Vaeglampe-princess-2-1.png\",\"width\":800,\"height\":800,\"caption\":\"H\u00e5ndlavet v\u00e6glampe i guldmetal med marokkansk m\u00f8nster\"},{\"@type\":\"BreadcrumbList\",\"@id\":\"https:\\\/\\\/tibladin.dk\\\/produkt\\\/marokkansk-vaeglampe-metal-guld-princess\\\/#breadcrumb\",\"itemListElement\":[{\"@type\":\"ListItem\",\"position\":1,\"name\":\"Hjem\",\"item\":\"https:\\\/\\\/tibladin.dk\\\/\"},{\"@type\":\"ListItem\",\"position\":2,\"name\":\"Shop\",\"item\":\"https:\\\/\\\/tibladin.dk\\\/shop\\\/\"},{\"@type\":\"ListItem\",\"position\":3,\"name\":\"Marokkansk v\u00e6glampe metal &#8211; Guld PRINCESS\"}]},{\"@type\":\"WebSite\",\"@id\":\"https:\\\/\\\/tibladin.dk\\\/#website\",\"url\":\"https:\\\/\\\/tibladin.dk\\\/\",\"name\":\"Tibladin\",\"description\":\"Tibladin\",\"publisher\":{\"@id\":\"https:\\\/\\\/tibladin.dk\\\/#organization\"},\"potentialAction\":[{\"@type\":\"SearchAction\",\"target\":{\"@type\":\"EntryPoint\",\"urlTemplate\":\"https:\\\/\\\/tibladin.dk\\\/?s={search_term_string}\"},\"query-input\":{\"@type\":\"PropertyValueSpecification\",\"valueRequired\":true,\"valueName\":\"search_term_string\"}}],\"inLanguage\":\"fr-FR\"},{\"@type\":\"Organization\",\"@id\":\"https:\\\/\\\/tibladin.dk\\\/#organization\",\"name\":\"Tibladin\",\"url\":\"https:\\\/\\\/tibladin.dk\\\/\",\"logo\":{\"@type\":\"ImageObject\",\"inLanguage\":\"fr-FR\",\"@id\":\"https:\\\/\\\/tibladin.dk\\\/#\\\/schema\\\/logo\\\/image\\\/\",\"url\":\"https:\\\/\\\/tibladin.dk\\\/wp-content\\\/uploads\\\/2022\\\/09\\\/tibladin_logo.svg\",\"contentUrl\":\"https:\\\/\\\/tibladin.dk\\\/wp-content\\\/uploads\\\/2022\\\/09\\\/tibladin_logo.svg\",\"caption\":\"Tibladin\"},\"image\":{\"@id\":\"https:\\\/\\\/tibladin.dk\\\/#\\\/schema\\\/logo\\\/image\\\/\"}}]}<\/script>\n<!-- \/ Yoast SEO plugin. -->","yoast_head_json":{"title":"Applique marocaine en m\u00e9tal dor\u00e9 | Fait main \u00e0 Marrakech","description":"Vous manquez d&#039;\u00e9clairage d&#039;ambiance ? Cette applique marocaine en m\u00e9tal dor\u00e9 avec un motif de trous fait main offre une belle et \u00e9l\u00e9gante lumi\u00e8re.","robots":{"index":"index","follow":"follow","max-snippet":"max-snippet:-1","max-image-preview":"max-image-preview:large","max-video-preview":"max-video-preview:-1"},"canonical":"https:\/\/tibladin.dk\/fr\/produit-4\/applique-marocaine-metal-dore-princesse\/","og_locale":"fr_FR","og_type":"article","og_title":"Marokkansk v\u00e6glampe i guldmetal | H\u00e5ndlavet i Marrakech","og_description":"Mangler du stemningsfuld belysning? Denne marrokanske v\u00e6glampe i guldmetal med h\u00e5ndlavet hulm\u00f8nster giver et smukt og elegant lys.","og_url":"https:\/\/tibladin.dk\/fr\/produit-4\/applique-marocaine-metal-dore-princesse\/","og_site_name":"Tibladin","article_modified_time":"2026-03-14T10:15:53+00:00","og_image":[{"width":800,"height":800,"url":"https:\/\/tibladin.dk\/wp-content\/uploads\/2022\/09\/Vaeglampe-princess-2-1.png","type":"image\/png"}],"twitter_card":"summary_large_image","twitter_misc":{"Dur\u00e9e de lecture estim\u00e9e":"2 minutes"},"schema":{"@context":"https:\/\/schema.org","@graph":[{"@type":"WebPage","@id":"https:\/\/tibladin.dk\/produkt\/marokkansk-vaeglampe-metal-guld-princess\/","url":"https:\/\/tibladin.dk\/produkt\/marokkansk-vaeglampe-metal-guld-princess\/","name":"Applique marocaine en m\u00e9tal dor\u00e9 | Fait main \u00e0 Marrakech","isPartOf":{"@id":"https:\/\/tibladin.dk\/#website"},"primaryImageOfPage":{"@id":"https:\/\/tibladin.dk\/produkt\/marokkansk-vaeglampe-metal-guld-princess\/#primaryimage"},"image":{"@id":"https:\/\/tibladin.dk\/produkt\/marokkansk-vaeglampe-metal-guld-princess\/#primaryimage"},"thumbnailUrl":"https:\/\/tibladin.dk\/wp-content\/uploads\/2022\/09\/Vaeglampe-princess-2-1.png","datePublished":"2022-09-20T09:11:48+00:00","dateModified":"2026-03-14T10:15:53+00:00","description":"Vous manquez d&#039;\u00e9clairage d&#039;ambiance ? Cette applique marocaine en m\u00e9tal dor\u00e9 avec un motif de trous fait main offre une belle et \u00e9l\u00e9gante lumi\u00e8re.","breadcrumb":{"@id":"https:\/\/tibladin.dk\/produkt\/marokkansk-vaeglampe-metal-guld-princess\/#breadcrumb"},"inLanguage":"fr-FR","potentialAction":[{"@type":"ReadAction","target":["https:\/\/tibladin.dk\/produkt\/marokkansk-vaeglampe-metal-guld-princess\/"]}]},{"@type":"ImageObject","inLanguage":"fr-FR","@id":"https:\/\/tibladin.dk\/produkt\/marokkansk-vaeglampe-metal-guld-princess\/#primaryimage","url":"https:\/\/tibladin.dk\/wp-content\/uploads\/2022\/09\/Vaeglampe-princess-2-1.png","contentUrl":"https:\/\/tibladin.dk\/wp-content\/uploads\/2022\/09\/Vaeglampe-princess-2-1.png","width":800,"height":800,"caption":"H\u00e5ndlavet v\u00e6glampe i guldmetal med marokkansk m\u00f8nster"},{"@type":"BreadcrumbList","@id":"https:\/\/tibladin.dk\/produkt\/marokkansk-vaeglampe-metal-guld-princess\/#breadcrumb","itemListElement":[{"@type":"ListItem","position":1,"name":"Hjem","item":"https:\/\/tibladin.dk\/"},{"@type":"ListItem","position":2,"name":"Shop","item":"https:\/\/tibladin.dk\/shop\/"},{"@type":"ListItem","position":3,"name":"Marokkansk v\u00e6glampe metal &#8211; Guld PRINCESS"}]},{"@type":"WebSite","@id":"https:\/\/tibladin.dk\/#website","url":"https:\/\/tibladin.dk\/","name":"Tibladin","description":"Tibladin","publisher":{"@id":"https:\/\/tibladin.dk\/#organization"},"potentialAction":[{"@type":"SearchAction","target":{"@type":"EntryPoint","urlTemplate":"https:\/\/tibladin.dk\/?s={search_term_string}"},"query-input":{"@type":"PropertyValueSpecification","valueRequired":true,"valueName":"search_term_string"}}],"inLanguage":"fr-FR"},{"@type":"Organization","@id":"https:\/\/tibladin.dk\/#organization","name":"Tibladin","url":"https:\/\/tibladin.dk\/","logo":{"@type":"ImageObject","inLanguage":"fr-FR","@id":"https:\/\/tibladin.dk\/#\/schema\/logo\/image\/","url":"https:\/\/tibladin.dk\/wp-content\/uploads\/2022\/09\/tibladin_logo.svg","contentUrl":"https:\/\/tibladin.dk\/wp-content\/uploads\/2022\/09\/tibladin_logo.svg","caption":"Tibladin"},"image":{"@id":"https:\/\/tibladin.dk\/#\/schema\/logo\/image\/"}}]}},"_links":{"self":[{"href":"https:\/\/tibladin.dk\/fr\/wp-json\/wp\/v2\/product\/1801","targetHints":{"allow":["GET"]}}],"collection":[{"href":"https:\/\/tibladin.dk\/fr\/wp-json\/wp\/v2\/product"}],"about":[{"href":"https:\/\/tibladin.dk\/fr\/wp-json\/wp\/v2\/types\/product"}],"wp:featuredmedia":[{"embeddable":true,"href":"https:\/\/tibladin.dk\/fr\/wp-json\/wp\/v2\/media\/1797"}],"wp:attachment":[{"href":"https:\/\/tibladin.dk\/fr\/wp-json\/wp\/v2\/media?parent=1801"}],"wp:term":[{"taxonomy":"product_brand","embeddable":true,"href":"https:\/\/tibladin.dk\/fr\/wp-json\/wp\/v2\/product_brand?post=1801"},{"taxonomy":"product_cat","embeddable":true,"href":"https:\/\/tibladin.dk\/fr\/wp-json\/wp\/v2\/product_cat?post=1801"},{"taxonomy":"product_tag","embeddable":true,"href":"https:\/\/tibladin.dk\/fr\/wp-json\/wp\/v2\/product_tag?post=1801"}],"curies":[{"name":"wp","href":"https:\/\/api.w.org\/{rel}","templated":true}]}}