{"id":1849,"date":"2025-06-25T11:12:07","date_gmt":"2025-06-25T09:12:07","guid":{"rendered":"https:\/\/tibladin.dk\/?post_type=product&#038;p=1849"},"modified":"2026-03-28T17:03:33","modified_gmt":"2026-03-28T16:03:33","slug":"housse-de-coussin-cactus-en-soie-terre-cuite-50x50","status":"publish","type":"product","link":"https:\/\/tibladin.dk\/fr\/produkt\/kaktussilke-pudebetraek-terracotta-50x50\/","title":{"rendered":"Housse de coussin cactus en soie \u2013 terre cuite 50\u00d750"},"content":{"rendered":"<div class=\"wpb-content-wrapper\"><div class=\"vc_row wpb_row vc_row-fluid\"><div class=\"wpb_column vc_column_container vc_col-sm-4\"><div class=\"vc_column-inner\"><div class=\"wpb_wrapper\"><\/div><\/div><\/div><div class=\"wpb_column vc_column_container vc_col-sm-4\"><div class=\"vc_column-inner\"><div class=\"wpb_wrapper\"><h3 style=\"text-align: left\" class=\"vc_custom_heading vc_do_custom_heading\" >Entretien<\/h3>\n\t<div class=\"wpb_text_column wpb_content_element\" >\n\t\t<div class=\"wpb_wrapper\">\n\t\t\t<p>La housse de coussin ne r\u00e9siste pas \u00e0 l\u2019eau !<\/p>\n<p>Ils doivent \u00eatre nettoy\u00e9s \u00e0 sec dans un pressing.<\/p>\n<p>Les housses de coussin \u00e9tant 100% % fabriqu\u00e9es \u00e0 la main, il existe des imperfections ainsi que des diff\u00e9rences de taille et de motif qui font partie du charme de ces coussins.<\/p>\n\n\t\t<\/div>\n\t<\/div>\n<\/div><\/div><\/div><div class=\"wpb_column vc_column_container vc_col-sm-4\"><div class=\"vc_column-inner\"><div class=\"wpb_wrapper\"><h3 style=\"text-align: left\" class=\"vc_custom_heading vc_do_custom_heading\" >L&#039;histoire derri\u00e8re<\/h3>\n\t<div class=\"wpb_text_column wpb_content_element\" >\n\t\t<div class=\"wpb_wrapper\">\n\t\t\t<p>Les housses de coussin en soie de cactus \u2013 \u00e9galement appel\u00e9e soie d&#039;agave \u2013 sont fabriqu\u00e9es \u00e0 la main. Les housses ont une fermeture \u00e9clair solide, vous pouvez donc facilement retirer les housses et les emporter pour le nettoyage.<\/p>\n<p>Les housses s&#039;adaptent \u00e0 50 x 50 ou 60 x 60 cm. tampons de montage, en fonction du niveau de remplissage souhait\u00e9.<\/p>\n<p>La soie de cactus est tiss\u00e9e \u00e0 partir de fibres de cactus du Maroc.<\/p>\n\n\t\t<\/div>\n\t<\/div>\n<\/div><\/div><\/div><\/div>\n<\/div>","protected":false},"excerpt":{"rendered":"<p>Taies d&#039;oreiller marocaines uniques faites \u00e0 la main en soie de cactus dans une belle couleur terre cuite rouge\u00e2tre.<\/p>\n<p>Oreillers en soie cactus dans un style boh\u00e8me parfait et unique. Donne une touche unique et chaleureuse \u00e0 votre d\u00e9coration.<\/p>\n<p><strong>Fait main<\/strong>\u00a0<strong>avec amour<\/strong> Chez Tibladin, les oreillers en soie de cactus - \u00e9galement appel\u00e9s Sabra - sont fabriqu\u00e9s \u00e0 la main \u00e0 partir de v\u00e9ritable soie d&#039;Aloe Vera extraite de la plante de cactus qui pousse dans le d\u00e9sert du Sahara. La soie est teinte avec des couleurs provenant de plantes et de min\u00e9raux provenant de racines, de baies, d&#039;\u00e9pices et de feuilles. 100 % bio et fait main selon les anciennes traditions berb\u00e8res. Chaque taie d&#039;oreiller est unique et raconte sa propre histoire avec de petites imperfections et diff\u00e9rences, les taies d&#039;oreiller sont de petites \u0153uvres d&#039;art charmantes.<\/p>\n<p>Convient pour 50 x 50 ou 60 x 60 cm. montage des coussins, en fonction du degr\u00e9 de remplissage souhait\u00e9 du coussin.<\/p>\n<p>Les housses de coussin sont fournies sans coussins, mais un coussin de montage peut \u00eatre achet\u00e9 en plus.<\/p>\n<p>&nbsp;<\/p>\n<p>&nbsp;<\/p>","protected":false},"featured_media":43683,"template":"","meta":{"inline_featured_image":false},"product_brand":[],"product_cat":[179,160,66,37],"product_tag":[],"class_list":{"0":"post-1849","1":"product","2":"type-product","3":"status-publish","4":"has-post-thumbnail","6":"product_cat-50x50-kaktussilkepuder","7":"product_cat-kaktussilke-puder","8":"product_cat-pudebetraek","9":"product_cat-tekstiler","11":"first","12":"instock","13":"taxable","14":"shipping-taxable","15":"purchasable","16":"product-type-variable"},"exclude_global_add_ons":false,"addons":[{"name":"Vous souhaitez un emballage cadeau ?","type":"checkbox","position":0,"required":false,"title_format":"label","default":"","description_enable":false,"description":"","placeholder_enable":false,"placeholder":"","display":"images","restrictions_type":"any_text","adjust_price":false,"price":"","price_type":"flat_fee","restrictions":false,"min":"0","max":"0","options":[{"label":"Ja tak","price":"10","price_type":"flat_fee","image":11015,"visibility":true}],"id":1669646111},{"name":"Pr\u00e9f\u00e9rez -vous la housse de coussin avec sa garniture en plumes?","type":"checkbox","position":0,"required":false,"title_format":"label","default":"","description_enable":false,"description":"","placeholder_enable":false,"placeholder":"","display":"images","restrictions_type":"any_text","adjust_price":false,"price":"","price_type":"flat_fee","restrictions":false,"min":"0","max":"0","options":[{"label":"Ja tak","price":"125","price_type":"quantity_based","image":11025,"visibility":true}],"id":1760629331}],"yoast_head":"<!-- This site is optimized with the Yoast SEO plugin v27.4 - https:\/\/yoast.com\/product\/yoast-seo-wordpress\/ -->\n<title>Marokkansk kaktussilke pude | Terracotta | H\u00e5ndlavet i Marrakech<\/title>\n<meta name=\"description\" content=\"Kaktussilkepude i terracotta til din sofa. Passer til 50x50 eller 60x60 cm. puder, alt efter, hvor fyldig du \u00f8nsker din pude \u21d2 Find den her\" \/>\n<meta name=\"robots\" content=\"index, follow, max-snippet:-1, max-image-preview:large, max-video-preview:-1\" \/>\n<link rel=\"canonical\" href=\"https:\/\/tibladin.dk\/fr\/produit-4\/housse-de-coussin-cactus-en-soie-terre-cuite-50x50\/\" \/>\n<meta property=\"og:locale\" content=\"fr_FR\" \/>\n<meta property=\"og:type\" content=\"article\" \/>\n<meta property=\"og:title\" content=\"Marokkansk kaktussilke pude | Terracotta | H\u00e5ndlavet i Marrakech\" \/>\n<meta property=\"og:description\" content=\"Kaktussilkepude i terracotta til din sofa. Passer til 50x50 eller 60x60 cm. puder, alt efter, hvor fyldig du \u00f8nsker din pude \u21d2 Find den her\" \/>\n<meta property=\"og:url\" content=\"https:\/\/tibladin.dk\/fr\/produit-4\/housse-de-coussin-cactus-en-soie-terre-cuite-50x50\/\" \/>\n<meta property=\"og:site_name\" content=\"Tibladin\" \/>\n<meta property=\"article:modified_time\" content=\"2026-03-28T16:03:33+00:00\" \/>\n<meta property=\"og:image\" content=\"https:\/\/tibladin.dk\/wp-content\/uploads\/2025\/06\/Photoroom_20260312_123020.jpg\" \/>\n\t<meta property=\"og:image:width\" content=\"2000\" \/>\n\t<meta property=\"og:image:height\" content=\"2000\" \/>\n\t<meta property=\"og:image:type\" content=\"image\/jpeg\" \/>\n<meta name=\"twitter:card\" content=\"summary_large_image\" \/>\n<meta name=\"twitter:label1\" content=\"Dur\u00e9e de lecture estim\u00e9e\" \/>\n\t<meta name=\"twitter:data1\" content=\"2 minutes\" \/>\n<script type=\"application\/ld+json\" class=\"yoast-schema-graph\">{\"@context\":\"https:\\\/\\\/schema.org\",\"@graph\":[{\"@type\":\"WebPage\",\"@id\":\"https:\\\/\\\/tibladin.dk\\\/produkt\\\/kaktussilke-pudebetraek-terracotta-50x50\\\/\",\"url\":\"https:\\\/\\\/tibladin.dk\\\/produkt\\\/kaktussilke-pudebetraek-terracotta-50x50\\\/\",\"name\":\"Marokkansk kaktussilke pude | Terracotta | H\u00e5ndlavet i Marrakech\",\"isPartOf\":{\"@id\":\"https:\\\/\\\/tibladin.dk\\\/#website\"},\"primaryImageOfPage\":{\"@id\":\"https:\\\/\\\/tibladin.dk\\\/produkt\\\/kaktussilke-pudebetraek-terracotta-50x50\\\/#primaryimage\"},\"image\":{\"@id\":\"https:\\\/\\\/tibladin.dk\\\/produkt\\\/kaktussilke-pudebetraek-terracotta-50x50\\\/#primaryimage\"},\"thumbnailUrl\":\"https:\\\/\\\/tibladin.dk\\\/wp-content\\\/uploads\\\/2025\\\/06\\\/Photoroom_20260312_123020.jpg\",\"datePublished\":\"2025-06-25T09:12:07+00:00\",\"dateModified\":\"2026-03-28T16:03:33+00:00\",\"description\":\"Kaktussilkepude i terracotta til din sofa. Passer til 50x50 eller 60x60 cm. puder, alt efter, hvor fyldig du \u00f8nsker din pude \u21d2 Find den her\",\"breadcrumb\":{\"@id\":\"https:\\\/\\\/tibladin.dk\\\/produkt\\\/kaktussilke-pudebetraek-terracotta-50x50\\\/#breadcrumb\"},\"inLanguage\":\"fr-FR\",\"potentialAction\":[{\"@type\":\"ReadAction\",\"target\":[\"https:\\\/\\\/tibladin.dk\\\/produkt\\\/kaktussilke-pudebetraek-terracotta-50x50\\\/\"]}]},{\"@type\":\"ImageObject\",\"inLanguage\":\"fr-FR\",\"@id\":\"https:\\\/\\\/tibladin.dk\\\/produkt\\\/kaktussilke-pudebetraek-terracotta-50x50\\\/#primaryimage\",\"url\":\"https:\\\/\\\/tibladin.dk\\\/wp-content\\\/uploads\\\/2025\\\/06\\\/Photoroom_20260312_123020.jpg\",\"contentUrl\":\"https:\\\/\\\/tibladin.dk\\\/wp-content\\\/uploads\\\/2025\\\/06\\\/Photoroom_20260312_123020.jpg\",\"width\":2000,\"height\":2000,\"caption\":\"terracotta kaktus puder\"},{\"@type\":\"BreadcrumbList\",\"@id\":\"https:\\\/\\\/tibladin.dk\\\/produkt\\\/kaktussilke-pudebetraek-terracotta-50x50\\\/#breadcrumb\",\"itemListElement\":[{\"@type\":\"ListItem\",\"position\":1,\"name\":\"Hjem\",\"item\":\"https:\\\/\\\/tibladin.dk\\\/\"},{\"@type\":\"ListItem\",\"position\":2,\"name\":\"Shop\",\"item\":\"https:\\\/\\\/tibladin.dk\\\/shop\\\/\"},{\"@type\":\"ListItem\",\"position\":3,\"name\":\"Kaktussilke pudebetr\u00e6k &#8211; terracotta 50&#215;50\"}]},{\"@type\":\"WebSite\",\"@id\":\"https:\\\/\\\/tibladin.dk\\\/#website\",\"url\":\"https:\\\/\\\/tibladin.dk\\\/\",\"name\":\"Tibladin\",\"description\":\"Tibladin\",\"publisher\":{\"@id\":\"https:\\\/\\\/tibladin.dk\\\/#organization\"},\"potentialAction\":[{\"@type\":\"SearchAction\",\"target\":{\"@type\":\"EntryPoint\",\"urlTemplate\":\"https:\\\/\\\/tibladin.dk\\\/?s={search_term_string}\"},\"query-input\":{\"@type\":\"PropertyValueSpecification\",\"valueRequired\":true,\"valueName\":\"search_term_string\"}}],\"inLanguage\":\"fr-FR\"},{\"@type\":\"Organization\",\"@id\":\"https:\\\/\\\/tibladin.dk\\\/#organization\",\"name\":\"Tibladin\",\"url\":\"https:\\\/\\\/tibladin.dk\\\/\",\"logo\":{\"@type\":\"ImageObject\",\"inLanguage\":\"fr-FR\",\"@id\":\"https:\\\/\\\/tibladin.dk\\\/#\\\/schema\\\/logo\\\/image\\\/\",\"url\":\"https:\\\/\\\/tibladin.dk\\\/wp-content\\\/uploads\\\/2022\\\/09\\\/tibladin_logo.svg\",\"contentUrl\":\"https:\\\/\\\/tibladin.dk\\\/wp-content\\\/uploads\\\/2022\\\/09\\\/tibladin_logo.svg\",\"caption\":\"Tibladin\"},\"image\":{\"@id\":\"https:\\\/\\\/tibladin.dk\\\/#\\\/schema\\\/logo\\\/image\\\/\"}}]}<\/script>\n<!-- \/ Yoast SEO plugin. -->","yoast_head_json":{"title":"Oreiller en soie de cactus marocain | Terre cuite | Fait main \u00e0 Marrakech","description":"Coussin en soie cactus en terre cuite pour votre canap\u00e9. Convient pour 50x50 ou 60x60 cm. oreillers, selon le remplissage souhait\u00e9 de votre oreiller \u21d2 Trouvez-le ici","robots":{"index":"index","follow":"follow","max-snippet":"max-snippet:-1","max-image-preview":"max-image-preview:large","max-video-preview":"max-video-preview:-1"},"canonical":"https:\/\/tibladin.dk\/fr\/produit-4\/housse-de-coussin-cactus-en-soie-terre-cuite-50x50\/","og_locale":"fr_FR","og_type":"article","og_title":"Marokkansk kaktussilke pude | Terracotta | H\u00e5ndlavet i Marrakech","og_description":"Kaktussilkepude i terracotta til din sofa. Passer til 50x50 eller 60x60 cm. puder, alt efter, hvor fyldig du \u00f8nsker din pude \u21d2 Find den her","og_url":"https:\/\/tibladin.dk\/fr\/produit-4\/housse-de-coussin-cactus-en-soie-terre-cuite-50x50\/","og_site_name":"Tibladin","article_modified_time":"2026-03-28T16:03:33+00:00","og_image":[{"width":2000,"height":2000,"url":"https:\/\/tibladin.dk\/wp-content\/uploads\/2025\/06\/Photoroom_20260312_123020.jpg","type":"image\/jpeg"}],"twitter_card":"summary_large_image","twitter_misc":{"Dur\u00e9e de lecture estim\u00e9e":"2 minutes"},"schema":{"@context":"https:\/\/schema.org","@graph":[{"@type":"WebPage","@id":"https:\/\/tibladin.dk\/produkt\/kaktussilke-pudebetraek-terracotta-50x50\/","url":"https:\/\/tibladin.dk\/produkt\/kaktussilke-pudebetraek-terracotta-50x50\/","name":"Oreiller en soie de cactus marocain | Terre cuite | Fait main \u00e0 Marrakech","isPartOf":{"@id":"https:\/\/tibladin.dk\/#website"},"primaryImageOfPage":{"@id":"https:\/\/tibladin.dk\/produkt\/kaktussilke-pudebetraek-terracotta-50x50\/#primaryimage"},"image":{"@id":"https:\/\/tibladin.dk\/produkt\/kaktussilke-pudebetraek-terracotta-50x50\/#primaryimage"},"thumbnailUrl":"https:\/\/tibladin.dk\/wp-content\/uploads\/2025\/06\/Photoroom_20260312_123020.jpg","datePublished":"2025-06-25T09:12:07+00:00","dateModified":"2026-03-28T16:03:33+00:00","description":"Coussin en soie cactus en terre cuite pour votre canap\u00e9. Convient pour 50x50 ou 60x60 cm. oreillers, selon le remplissage souhait\u00e9 de votre oreiller \u21d2 Trouvez-le ici","breadcrumb":{"@id":"https:\/\/tibladin.dk\/produkt\/kaktussilke-pudebetraek-terracotta-50x50\/#breadcrumb"},"inLanguage":"fr-FR","potentialAction":[{"@type":"ReadAction","target":["https:\/\/tibladin.dk\/produkt\/kaktussilke-pudebetraek-terracotta-50x50\/"]}]},{"@type":"ImageObject","inLanguage":"fr-FR","@id":"https:\/\/tibladin.dk\/produkt\/kaktussilke-pudebetraek-terracotta-50x50\/#primaryimage","url":"https:\/\/tibladin.dk\/wp-content\/uploads\/2025\/06\/Photoroom_20260312_123020.jpg","contentUrl":"https:\/\/tibladin.dk\/wp-content\/uploads\/2025\/06\/Photoroom_20260312_123020.jpg","width":2000,"height":2000,"caption":"terracotta kaktus puder"},{"@type":"BreadcrumbList","@id":"https:\/\/tibladin.dk\/produkt\/kaktussilke-pudebetraek-terracotta-50x50\/#breadcrumb","itemListElement":[{"@type":"ListItem","position":1,"name":"Hjem","item":"https:\/\/tibladin.dk\/"},{"@type":"ListItem","position":2,"name":"Shop","item":"https:\/\/tibladin.dk\/shop\/"},{"@type":"ListItem","position":3,"name":"Kaktussilke pudebetr\u00e6k &#8211; terracotta 50&#215;50"}]},{"@type":"WebSite","@id":"https:\/\/tibladin.dk\/#website","url":"https:\/\/tibladin.dk\/","name":"Tibladin","description":"Tibladin","publisher":{"@id":"https:\/\/tibladin.dk\/#organization"},"potentialAction":[{"@type":"SearchAction","target":{"@type":"EntryPoint","urlTemplate":"https:\/\/tibladin.dk\/?s={search_term_string}"},"query-input":{"@type":"PropertyValueSpecification","valueRequired":true,"valueName":"search_term_string"}}],"inLanguage":"fr-FR"},{"@type":"Organization","@id":"https:\/\/tibladin.dk\/#organization","name":"Tibladin","url":"https:\/\/tibladin.dk\/","logo":{"@type":"ImageObject","inLanguage":"fr-FR","@id":"https:\/\/tibladin.dk\/#\/schema\/logo\/image\/","url":"https:\/\/tibladin.dk\/wp-content\/uploads\/2022\/09\/tibladin_logo.svg","contentUrl":"https:\/\/tibladin.dk\/wp-content\/uploads\/2022\/09\/tibladin_logo.svg","caption":"Tibladin"},"image":{"@id":"https:\/\/tibladin.dk\/#\/schema\/logo\/image\/"}}]}},"_links":{"self":[{"href":"https:\/\/tibladin.dk\/fr\/wp-json\/wp\/v2\/product\/1849","targetHints":{"allow":["GET"]}}],"collection":[{"href":"https:\/\/tibladin.dk\/fr\/wp-json\/wp\/v2\/product"}],"about":[{"href":"https:\/\/tibladin.dk\/fr\/wp-json\/wp\/v2\/types\/product"}],"wp:featuredmedia":[{"embeddable":true,"href":"https:\/\/tibladin.dk\/fr\/wp-json\/wp\/v2\/media\/43683"}],"wp:attachment":[{"href":"https:\/\/tibladin.dk\/fr\/wp-json\/wp\/v2\/media?parent=1849"}],"wp:term":[{"taxonomy":"product_brand","embeddable":true,"href":"https:\/\/tibladin.dk\/fr\/wp-json\/wp\/v2\/product_brand?post=1849"},{"taxonomy":"product_cat","embeddable":true,"href":"https:\/\/tibladin.dk\/fr\/wp-json\/wp\/v2\/product_cat?post=1849"},{"taxonomy":"product_tag","embeddable":true,"href":"https:\/\/tibladin.dk\/fr\/wp-json\/wp\/v2\/product_tag?post=1849"}],"curies":[{"name":"wp","href":"https:\/\/api.w.org\/{rel}","templated":true}]}}