{"id":1865,"date":"2022-09-20T11:12:13","date_gmt":"2022-09-20T09:12:13","guid":{"rendered":"https:\/\/tibladin.dk\/vare\/koksgraa-daekkeserviet-lysegraa-soelv-kant\/"},"modified":"2024-12-09T14:35:28","modified_gmt":"2024-12-09T13:35:28","slug":"set-de-table-gris-anthracite-gris-clair-bord-argente","status":"publish","type":"product","link":"https:\/\/tibladin.dk\/fr\/produkt\/koksgraa-daekkeserviet-lysegraa-soelv-kant\/","title":{"rendered":"Set de table gris charbon avec bord gris argent\u00e9"},"content":{"rendered":"<div class=\"wpb-content-wrapper\"><div class=\"vc_row wpb_row vc_row-fluid\"><div class=\"wpb_column vc_column_container vc_col-sm-4\"><div class=\"vc_column-inner\"><div class=\"wpb_wrapper\"><\/div><\/div><\/div><div class=\"wpb_column vc_column_container vc_col-sm-4\"><div class=\"vc_column-inner\"><div class=\"wpb_wrapper\"><h3 style=\"text-align: left\" class=\"vc_custom_heading vc_do_custom_heading\" >Entretien<\/h3>\n\t<div class=\"wpb_text_column wpb_content_element\" >\n\t\t<div class=\"wpb_wrapper\">\n\t\t\t<p>Les sets de table sont compos\u00e9s \u00e0 100 % de coton % et peuvent \u00eatre lav\u00e9s en machine jusqu&#039;\u00e0 60 degr\u00e9s. R\u00e9sistant au repassage.<\/p>\n\n\t\t<\/div>\n\t<\/div>\n<\/div><\/div><\/div><div class=\"wpb_column vc_column_container vc_col-sm-4\"><div class=\"vc_column-inner\"><div class=\"wpb_wrapper\"><h3 style=\"text-align: left\" class=\"vc_custom_heading vc_do_custom_heading\" >L&#039;histoire derri\u00e8re<\/h3>\n\t<div class=\"wpb_text_column wpb_content_element\" >\n\t\t<div class=\"wpb_wrapper\">\n\t\t\t<p>Lorsque vous voyez une table bien dress\u00e9e, o\u00f9 l&#039;h\u00f4te a pris la peine de dresser de jolis sets de table, vous, en tant qu&#039;invit\u00e9, vous vous sentez valoris\u00e9 et bienvenu. Un set de table en tissu peut \u00eatre r\u00e9utilis\u00e9 pendant de nombreuses ann\u00e9es et est bien meilleur pour l&#039;environnement. Le set de table est fait de coton de qualit\u00e9 avec de magnifiques bords brod\u00e9s \u00e0 la main. Ils sont faciles \u00e0 ajouter \u00e0 votre table et donnent une belle expression de qualit\u00e9. De nombreuses heures de travail manuel se cachent derri\u00e8re ces sets de table.<\/p>\n\n\t\t<\/div>\n\t<\/div>\n<\/div><\/div><\/div><\/div>\n<\/div>","protected":false},"excerpt":{"rendered":"<p style=\"text-align: left;\">Set de table en lin de coton gris anthracite avec une bordure brod\u00e9e de fil de coton gris clair.<\/p>\n<p>Faites en sorte que vos invit\u00e9s se sentent sp\u00e9ciaux et dressez une belle table avec ces sets de table et avec \u00a0<a href=\"https:\/\/tibladin.dk\/fr\/categorie-de-produit\/interieur\/reglage-de-la-table-2\/gres\/\">gr\u00e8s unique<\/a> et \u00e9ventuellement <a href=\"https:\/\/tibladin.dk\/fr\/categorie-de-produit\/interieur\/reglage-de-la-table-2\/serviettes-en-tissu\/\">serviettes en tissu brod\u00e9es \u00e0 la main<\/a>.<\/p>\n<p class=\"p1\"><span class=\"s1\">Les serviettes peuvent \u00eatre lav\u00e9es en machine jusqu&#039;\u00e0 60 degr\u00e9s et r\u00e9sistent au repassage. Mesure 50\u00d735 cm.<\/span><\/p>\n<p>&nbsp;<\/p>","protected":false},"featured_media":1861,"template":"","meta":{"inline_featured_image":false},"product_brand":[],"product_cat":[33,100,98,37],"product_tag":[],"class_list":{"0":"post-1865","1":"product","2":"type-product","3":"status-publish","4":"has-post-thumbnail","6":"product_cat-borddaekning","7":"product_cat-daekkeservietter","8":"product_cat-stofservietter","9":"product_cat-tekstiler","11":"first","12":"instock","13":"taxable","14":"shipping-taxable","15":"purchasable","16":"product-type-simple"},"exclude_global_add_ons":false,"addons":[{"name":"Vous souhaitez un emballage cadeau ?","type":"checkbox","position":0,"required":false,"title_format":"label","default":"","description_enable":false,"description":"","placeholder_enable":false,"placeholder":"","display":"images","restrictions_type":"any_text","adjust_price":false,"price":"","price_type":"flat_fee","restrictions":false,"min":"0","max":"0","options":[{"label":"Ja tak","price":"10","price_type":"flat_fee","image":11015,"visibility":true}],"id":1669646111}],"yoast_head":"<!-- This site is optimized with the Yoast SEO plugin v27.4 - https:\/\/yoast.com\/product\/yoast-seo-wordpress\/ -->\n<title>D\u00e6kkeservietter i bomuldslinned | Broderet, lysegr\u00e5 kant | Tibladin<\/title>\n<meta name=\"description\" content=\"Flotte marokkanske d\u00e6kkeservietter med h\u00e5ndbroderede kanter i lysegr\u00e5\/s\u00f8lv bomuldstr\u00e5d. Lavet af 100% koksgr\u00e5 bomuldslinned \u21d2 K\u00f8b her\" \/>\n<meta name=\"robots\" content=\"index, follow, max-snippet:-1, max-image-preview:large, max-video-preview:-1\" \/>\n<link rel=\"canonical\" href=\"https:\/\/tibladin.dk\/fr\/produit-4\/set-de-table-gris-anthracite-gris-clair-bord-argente\/\" \/>\n<meta property=\"og:locale\" content=\"fr_FR\" \/>\n<meta property=\"og:type\" content=\"article\" \/>\n<meta property=\"og:title\" content=\"D\u00e6kkeservietter i bomuldslinned | Broderet, lysegr\u00e5 kant | Tibladin\" \/>\n<meta property=\"og:description\" content=\"Flotte marokkanske d\u00e6kkeservietter med h\u00e5ndbroderede kanter i lysegr\u00e5\/s\u00f8lv bomuldstr\u00e5d. Lavet af 100% koksgr\u00e5 bomuldslinned \u21d2 K\u00f8b her\" \/>\n<meta property=\"og:url\" content=\"https:\/\/tibladin.dk\/fr\/produit-4\/set-de-table-gris-anthracite-gris-clair-bord-argente\/\" \/>\n<meta property=\"og:site_name\" content=\"Tibladin\" \/>\n<meta property=\"article:modified_time\" content=\"2024-12-09T13:35:28+00:00\" \/>\n<meta property=\"og:image\" content=\"https:\/\/tibladin.dk\/wp-content\/uploads\/2022\/09\/Tibladin_graa-daekkeservietter-1.jpg\" \/>\n\t<meta property=\"og:image:width\" content=\"800\" \/>\n\t<meta property=\"og:image:height\" content=\"800\" \/>\n\t<meta property=\"og:image:type\" content=\"image\/jpeg\" \/>\n<meta name=\"twitter:card\" content=\"summary_large_image\" \/>\n<meta name=\"twitter:label1\" content=\"Dur\u00e9e de lecture estim\u00e9e\" \/>\n\t<meta name=\"twitter:data1\" content=\"1 minute\" \/>\n<script type=\"application\/ld+json\" class=\"yoast-schema-graph\">{\"@context\":\"https:\\\/\\\/schema.org\",\"@graph\":[{\"@type\":\"WebPage\",\"@id\":\"https:\\\/\\\/tibladin.dk\\\/produkt\\\/koksgraa-daekkeserviet-lysegraa-soelv-kant\\\/\",\"url\":\"https:\\\/\\\/tibladin.dk\\\/produkt\\\/koksgraa-daekkeserviet-lysegraa-soelv-kant\\\/\",\"name\":\"D\u00e6kkeservietter i bomuldslinned | Broderet, lysegr\u00e5 kant | Tibladin\",\"isPartOf\":{\"@id\":\"https:\\\/\\\/tibladin.dk\\\/#website\"},\"primaryImageOfPage\":{\"@id\":\"https:\\\/\\\/tibladin.dk\\\/produkt\\\/koksgraa-daekkeserviet-lysegraa-soelv-kant\\\/#primaryimage\"},\"image\":{\"@id\":\"https:\\\/\\\/tibladin.dk\\\/produkt\\\/koksgraa-daekkeserviet-lysegraa-soelv-kant\\\/#primaryimage\"},\"thumbnailUrl\":\"https:\\\/\\\/tibladin.dk\\\/wp-content\\\/uploads\\\/2022\\\/09\\\/Tibladin_graa-daekkeservietter-1.jpg\",\"datePublished\":\"2022-09-20T09:12:13+00:00\",\"dateModified\":\"2024-12-09T13:35:28+00:00\",\"description\":\"Flotte marokkanske d\u00e6kkeservietter med h\u00e5ndbroderede kanter i lysegr\u00e5\\\/s\u00f8lv bomuldstr\u00e5d. Lavet af 100% koksgr\u00e5 bomuldslinned \u21d2 K\u00f8b her\",\"breadcrumb\":{\"@id\":\"https:\\\/\\\/tibladin.dk\\\/produkt\\\/koksgraa-daekkeserviet-lysegraa-soelv-kant\\\/#breadcrumb\"},\"inLanguage\":\"fr-FR\",\"potentialAction\":[{\"@type\":\"ReadAction\",\"target\":[\"https:\\\/\\\/tibladin.dk\\\/produkt\\\/koksgraa-daekkeserviet-lysegraa-soelv-kant\\\/\"]}]},{\"@type\":\"ImageObject\",\"inLanguage\":\"fr-FR\",\"@id\":\"https:\\\/\\\/tibladin.dk\\\/produkt\\\/koksgraa-daekkeserviet-lysegraa-soelv-kant\\\/#primaryimage\",\"url\":\"https:\\\/\\\/tibladin.dk\\\/wp-content\\\/uploads\\\/2022\\\/09\\\/Tibladin_graa-daekkeservietter-1.jpg\",\"contentUrl\":\"https:\\\/\\\/tibladin.dk\\\/wp-content\\\/uploads\\\/2022\\\/09\\\/Tibladin_graa-daekkeservietter-1.jpg\",\"width\":800,\"height\":800,\"caption\":\"Koksgr\u00e5 marokkanske h\u00e5ndbroderet d\u00e6kkeservietter med hvid kant og hvide pomponer, p\u00e5 et tr\u00e6bord\"},{\"@type\":\"BreadcrumbList\",\"@id\":\"https:\\\/\\\/tibladin.dk\\\/produkt\\\/koksgraa-daekkeserviet-lysegraa-soelv-kant\\\/#breadcrumb\",\"itemListElement\":[{\"@type\":\"ListItem\",\"position\":1,\"name\":\"Hjem\",\"item\":\"https:\\\/\\\/tibladin.dk\\\/\"},{\"@type\":\"ListItem\",\"position\":2,\"name\":\"Shop\",\"item\":\"https:\\\/\\\/tibladin.dk\\\/shop\\\/\"},{\"@type\":\"ListItem\",\"position\":3,\"name\":\"Koksgr\u00e5 d\u00e6kkeserviet &#8211; lysegr\u00e5\\\/s\u00f8lv kant\"}]},{\"@type\":\"WebSite\",\"@id\":\"https:\\\/\\\/tibladin.dk\\\/#website\",\"url\":\"https:\\\/\\\/tibladin.dk\\\/\",\"name\":\"Tibladin\",\"description\":\"Tibladin\",\"publisher\":{\"@id\":\"https:\\\/\\\/tibladin.dk\\\/#organization\"},\"potentialAction\":[{\"@type\":\"SearchAction\",\"target\":{\"@type\":\"EntryPoint\",\"urlTemplate\":\"https:\\\/\\\/tibladin.dk\\\/?s={search_term_string}\"},\"query-input\":{\"@type\":\"PropertyValueSpecification\",\"valueRequired\":true,\"valueName\":\"search_term_string\"}}],\"inLanguage\":\"fr-FR\"},{\"@type\":\"Organization\",\"@id\":\"https:\\\/\\\/tibladin.dk\\\/#organization\",\"name\":\"Tibladin\",\"url\":\"https:\\\/\\\/tibladin.dk\\\/\",\"logo\":{\"@type\":\"ImageObject\",\"inLanguage\":\"fr-FR\",\"@id\":\"https:\\\/\\\/tibladin.dk\\\/#\\\/schema\\\/logo\\\/image\\\/\",\"url\":\"https:\\\/\\\/tibladin.dk\\\/wp-content\\\/uploads\\\/2022\\\/09\\\/tibladin_logo.svg\",\"contentUrl\":\"https:\\\/\\\/tibladin.dk\\\/wp-content\\\/uploads\\\/2022\\\/09\\\/tibladin_logo.svg\",\"caption\":\"Tibladin\"},\"image\":{\"@id\":\"https:\\\/\\\/tibladin.dk\\\/#\\\/schema\\\/logo\\\/image\\\/\"}}]}<\/script>\n<!-- \/ Yoast SEO plugin. -->","yoast_head_json":{"title":"Sets de table en lin coton | Bordure brod\u00e9e gris clair | Tibladine","description":"Magnifiques sets de table marocains aux bords brod\u00e9s \u00e0 la main en fil de coton gris clair\/argent\u00e9. Confectionn\u00e9 en lin coton gris anthracite 100% \u21d2 Achetez ici","robots":{"index":"index","follow":"follow","max-snippet":"max-snippet:-1","max-image-preview":"max-image-preview:large","max-video-preview":"max-video-preview:-1"},"canonical":"https:\/\/tibladin.dk\/fr\/produit-4\/set-de-table-gris-anthracite-gris-clair-bord-argente\/","og_locale":"fr_FR","og_type":"article","og_title":"D\u00e6kkeservietter i bomuldslinned | Broderet, lysegr\u00e5 kant | Tibladin","og_description":"Flotte marokkanske d\u00e6kkeservietter med h\u00e5ndbroderede kanter i lysegr\u00e5\/s\u00f8lv bomuldstr\u00e5d. Lavet af 100% koksgr\u00e5 bomuldslinned \u21d2 K\u00f8b her","og_url":"https:\/\/tibladin.dk\/fr\/produit-4\/set-de-table-gris-anthracite-gris-clair-bord-argente\/","og_site_name":"Tibladin","article_modified_time":"2024-12-09T13:35:28+00:00","og_image":[{"width":800,"height":800,"url":"https:\/\/tibladin.dk\/wp-content\/uploads\/2022\/09\/Tibladin_graa-daekkeservietter-1.jpg","type":"image\/jpeg"}],"twitter_card":"summary_large_image","twitter_misc":{"Dur\u00e9e de lecture estim\u00e9e":"1 minute"},"schema":{"@context":"https:\/\/schema.org","@graph":[{"@type":"WebPage","@id":"https:\/\/tibladin.dk\/produkt\/koksgraa-daekkeserviet-lysegraa-soelv-kant\/","url":"https:\/\/tibladin.dk\/produkt\/koksgraa-daekkeserviet-lysegraa-soelv-kant\/","name":"Sets de table en lin coton | Bordure brod\u00e9e gris clair | Tibladine","isPartOf":{"@id":"https:\/\/tibladin.dk\/#website"},"primaryImageOfPage":{"@id":"https:\/\/tibladin.dk\/produkt\/koksgraa-daekkeserviet-lysegraa-soelv-kant\/#primaryimage"},"image":{"@id":"https:\/\/tibladin.dk\/produkt\/koksgraa-daekkeserviet-lysegraa-soelv-kant\/#primaryimage"},"thumbnailUrl":"https:\/\/tibladin.dk\/wp-content\/uploads\/2022\/09\/Tibladin_graa-daekkeservietter-1.jpg","datePublished":"2022-09-20T09:12:13+00:00","dateModified":"2024-12-09T13:35:28+00:00","description":"Magnifiques sets de table marocains aux bords brod\u00e9s \u00e0 la main en fil de coton gris clair\/argent\u00e9. Confectionn\u00e9 en lin coton gris anthracite 100% \u21d2 Achetez ici","breadcrumb":{"@id":"https:\/\/tibladin.dk\/produkt\/koksgraa-daekkeserviet-lysegraa-soelv-kant\/#breadcrumb"},"inLanguage":"fr-FR","potentialAction":[{"@type":"ReadAction","target":["https:\/\/tibladin.dk\/produkt\/koksgraa-daekkeserviet-lysegraa-soelv-kant\/"]}]},{"@type":"ImageObject","inLanguage":"fr-FR","@id":"https:\/\/tibladin.dk\/produkt\/koksgraa-daekkeserviet-lysegraa-soelv-kant\/#primaryimage","url":"https:\/\/tibladin.dk\/wp-content\/uploads\/2022\/09\/Tibladin_graa-daekkeservietter-1.jpg","contentUrl":"https:\/\/tibladin.dk\/wp-content\/uploads\/2022\/09\/Tibladin_graa-daekkeservietter-1.jpg","width":800,"height":800,"caption":"Koksgr\u00e5 marokkanske h\u00e5ndbroderet d\u00e6kkeservietter med hvid kant og hvide pomponer, p\u00e5 et tr\u00e6bord"},{"@type":"BreadcrumbList","@id":"https:\/\/tibladin.dk\/produkt\/koksgraa-daekkeserviet-lysegraa-soelv-kant\/#breadcrumb","itemListElement":[{"@type":"ListItem","position":1,"name":"Hjem","item":"https:\/\/tibladin.dk\/"},{"@type":"ListItem","position":2,"name":"Shop","item":"https:\/\/tibladin.dk\/shop\/"},{"@type":"ListItem","position":3,"name":"Koksgr\u00e5 d\u00e6kkeserviet &#8211; lysegr\u00e5\/s\u00f8lv kant"}]},{"@type":"WebSite","@id":"https:\/\/tibladin.dk\/#website","url":"https:\/\/tibladin.dk\/","name":"Tibladin","description":"Tibladin","publisher":{"@id":"https:\/\/tibladin.dk\/#organization"},"potentialAction":[{"@type":"SearchAction","target":{"@type":"EntryPoint","urlTemplate":"https:\/\/tibladin.dk\/?s={search_term_string}"},"query-input":{"@type":"PropertyValueSpecification","valueRequired":true,"valueName":"search_term_string"}}],"inLanguage":"fr-FR"},{"@type":"Organization","@id":"https:\/\/tibladin.dk\/#organization","name":"Tibladin","url":"https:\/\/tibladin.dk\/","logo":{"@type":"ImageObject","inLanguage":"fr-FR","@id":"https:\/\/tibladin.dk\/#\/schema\/logo\/image\/","url":"https:\/\/tibladin.dk\/wp-content\/uploads\/2022\/09\/tibladin_logo.svg","contentUrl":"https:\/\/tibladin.dk\/wp-content\/uploads\/2022\/09\/tibladin_logo.svg","caption":"Tibladin"},"image":{"@id":"https:\/\/tibladin.dk\/#\/schema\/logo\/image\/"}}]}},"_links":{"self":[{"href":"https:\/\/tibladin.dk\/fr\/wp-json\/wp\/v2\/product\/1865","targetHints":{"allow":["GET"]}}],"collection":[{"href":"https:\/\/tibladin.dk\/fr\/wp-json\/wp\/v2\/product"}],"about":[{"href":"https:\/\/tibladin.dk\/fr\/wp-json\/wp\/v2\/types\/product"}],"wp:featuredmedia":[{"embeddable":true,"href":"https:\/\/tibladin.dk\/fr\/wp-json\/wp\/v2\/media\/1861"}],"wp:attachment":[{"href":"https:\/\/tibladin.dk\/fr\/wp-json\/wp\/v2\/media?parent=1865"}],"wp:term":[{"taxonomy":"product_brand","embeddable":true,"href":"https:\/\/tibladin.dk\/fr\/wp-json\/wp\/v2\/product_brand?post=1865"},{"taxonomy":"product_cat","embeddable":true,"href":"https:\/\/tibladin.dk\/fr\/wp-json\/wp\/v2\/product_cat?post=1865"},{"taxonomy":"product_tag","embeddable":true,"href":"https:\/\/tibladin.dk\/fr\/wp-json\/wp\/v2\/product_tag?post=1865"}],"curies":[{"name":"wp","href":"https:\/\/api.w.org\/{rel}","templated":true}]}}