{"id":1875,"date":"2022-09-20T11:12:17","date_gmt":"2022-09-20T09:12:17","guid":{"rendered":"https:\/\/tibladin.dk\/vare\/sengetaeppe-aswad-240x260-inkl-2-puder\/"},"modified":"2025-02-19T03:13:30","modified_gmt":"2025-02-19T02:13:30","slug":"couvre-lit-aswad-240x260-avec-2-oreillers","status":"publish","type":"product","link":"https:\/\/tibladin.dk\/fr\/produkt\/sengetaeppe-aswad-240x260-inkl-2-puder\/","title":{"rendered":"Couvre-lit ASWAD 240\u00d7260 - incl. 2 oreillers"},"content":{"rendered":"<div class=\"wpb-content-wrapper\"><div class=\"vc_row wpb_row vc_row-fluid\"><div class=\"wpb_column vc_column_container vc_col-sm-4\"><div class=\"vc_column-inner\"><div class=\"wpb_wrapper\"><h3 style=\"text-align: left\" class=\"vc_custom_heading vc_do_custom_heading\" >Entretien<\/h3>\n\t<div class=\"wpb_text_column wpb_content_element\" >\n\t\t<div class=\"wpb_wrapper\">\n\t\t\t<p>Peut \u00eatre lav\u00e9 \u00e0 40 degr\u00e9s en machine. Le tapis \u00e9tant tiss\u00e9 \u00e0 la main, il est recommand\u00e9 de le laver d\u00e9licatement \u00e0 30 degr\u00e9s, car il pourrait changer de structure \u00e0 une temp\u00e9rature plus \u00e9lev\u00e9e.<\/p>\n\n\t\t<\/div>\n\t<\/div>\n<\/div><\/div><\/div><div class=\"wpb_column vc_column_container vc_col-sm-4\"><div class=\"vc_column-inner\"><div class=\"wpb_wrapper\"><h3 style=\"text-align: left\" class=\"vc_custom_heading vc_do_custom_heading\" >L&#039;histoire derri\u00e8re<\/h3>\n\t<div class=\"wpb_text_column wpb_content_element\" >\n\t\t<div class=\"wpb_wrapper\">\n\t\t\t<p>Un couvre-lit est une bonne d\u00e9coration dans une chambre. De plus, ils sont fantastiques pour couvrir un lit, qu&#039;il soit en d\u00e9sordre ou non, les couvre-lits donnent \u00e0 votre chambre un aspect agr\u00e9able et bien rang\u00e9.<\/p>\n<p>Ce couvre-lit marocain fait partie d&#039;une s\u00e9rie comprenant deux autres couvre-lits, <a href=\"https:\/\/tibladin.dk\/fr\/produit-4\/couvre-lit-jusqua-240x260-avec-2-oreillers\/\">ASFAR<\/a> et <a href=\"https:\/\/tibladin.dk\/fr\/produit-4\/couvre-lit-sharit-240x260-avec-2-oreillers\/\">SHARIT<\/a>. Ils sont fabriqu\u00e9s dans la plus haute qualit\u00e9, con\u00e7us en collaboration avec notre designer ayant son propre atelier \u00e0 Marrakech. Nous apportons le plus grand soin \u00e0 concevoir des couvre-lits marocains qui s&#039;int\u00e8grent dans un int\u00e9rieur moderne et scandinave.<\/p>\n\n\t\t<\/div>\n\t<\/div>\n<\/div><\/div><\/div><\/div>\n<\/div>","protected":false},"excerpt":{"rendered":"<p>Couvre-lit marocain d\u00e9coratif en coton. Blanc avec des rayures noires et des pompons noirs aux extr\u00e9mit\u00e9s. Tiss\u00e9 \u00e0 la main \u00e0 Marrakech<\/p>\n<p>Mesure 260 x 240 et p\u00e8se 4 kg.<\/p>\n<p>S&#039;adapte parfaitement \u00e0 un lit double.<\/p>\n<p>Avec le couvre-lit, vous obtenez 2 oreillers d\u00e9coratifs\/coussins de t\u00eate de lit assortis en 60\u00d740 cm, y compris le couvre-lit. Coussin d\u00e8ja avec sa garniture en plumes bio 100%. Un oreiller de taille qui s\u2019adapte bien comme support dorsal.<\/p>\n<p>Ensemble super sympa qui donne une ambiance cosy dans votre chambre.<\/p>","protected":false},"featured_media":1871,"template":"","meta":{"inline_featured_image":false},"product_brand":[],"product_cat":[38,37],"product_tag":[],"class_list":{"0":"post-1875","1":"product","2":"type-product","3":"status-publish","4":"has-post-thumbnail","6":"product_cat-sengetaepper","7":"product_cat-tekstiler","9":"first","10":"instock","11":"taxable","12":"shipping-taxable","13":"purchasable","14":"product-type-simple"},"exclude_global_add_ons":false,"addons":[{"name":"Vous souhaitez un emballage cadeau ?","type":"checkbox","position":0,"required":false,"title_format":"label","default":"","description_enable":false,"description":"","placeholder_enable":false,"placeholder":"","display":"images","restrictions_type":"any_text","adjust_price":false,"price":"","price_type":"flat_fee","restrictions":false,"min":"0","max":"0","options":[{"label":"Ja tak","price":"10","price_type":"flat_fee","image":11015,"visibility":true}],"id":1669646111}],"yoast_head":"<!-- This site is optimized with the Yoast SEO plugin v27.4 - https:\/\/yoast.com\/product\/yoast-seo-wordpress\/ -->\n<title>Marokkansk senget\u00e6ppe ASWAD | + 2 pudebetr\u00e6k | H\u00e5ndv\u00e6vet<\/title>\n<meta name=\"description\" content=\"Dekorativt marokkansk senget\u00e6ppe. H\u00e5ndv\u00e6vet i hvid bomuld med sorte striber og sorte pomponer. Inkl 2 matchende pudebetr\u00e6k \u21d2 Se mere her\" \/>\n<meta name=\"robots\" content=\"index, follow, max-snippet:-1, max-image-preview:large, max-video-preview:-1\" \/>\n<link rel=\"canonical\" href=\"https:\/\/tibladin.dk\/fr\/produit-4\/couvre-lit-aswad-240x260-avec-2-oreillers\/\" \/>\n<meta property=\"og:locale\" content=\"fr_FR\" \/>\n<meta property=\"og:type\" content=\"article\" \/>\n<meta property=\"og:title\" content=\"Marokkansk senget\u00e6ppe ASWAD | + 2 pudebetr\u00e6k | H\u00e5ndv\u00e6vet\" \/>\n<meta property=\"og:description\" content=\"Dekorativt marokkansk senget\u00e6ppe. H\u00e5ndv\u00e6vet i hvid bomuld med sorte striber og sorte pomponer. Inkl 2 matchende pudebetr\u00e6k \u21d2 Se mere her\" \/>\n<meta property=\"og:url\" content=\"https:\/\/tibladin.dk\/fr\/produit-4\/couvre-lit-aswad-240x260-avec-2-oreillers\/\" \/>\n<meta property=\"og:site_name\" content=\"Tibladin\" \/>\n<meta property=\"article:modified_time\" content=\"2025-02-19T02:13:30+00:00\" \/>\n<meta property=\"og:image\" content=\"https:\/\/tibladin.dk\/wp-content\/uploads\/2022\/09\/Sengetaeppe_ASWAD-1.jpg\" \/>\n\t<meta property=\"og:image:width\" content=\"800\" \/>\n\t<meta property=\"og:image:height\" content=\"800\" \/>\n\t<meta property=\"og:image:type\" content=\"image\/jpeg\" \/>\n<meta name=\"twitter:card\" content=\"summary_large_image\" \/>\n<meta name=\"twitter:label1\" content=\"Dur\u00e9e de lecture estim\u00e9e\" \/>\n\t<meta name=\"twitter:data1\" content=\"1 minute\" \/>\n<script type=\"application\/ld+json\" class=\"yoast-schema-graph\">{\"@context\":\"https:\\\/\\\/schema.org\",\"@graph\":[{\"@type\":\"WebPage\",\"@id\":\"https:\\\/\\\/tibladin.dk\\\/produkt\\\/sengetaeppe-aswad-240x260-inkl-2-puder\\\/\",\"url\":\"https:\\\/\\\/tibladin.dk\\\/produkt\\\/sengetaeppe-aswad-240x260-inkl-2-puder\\\/\",\"name\":\"Marokkansk senget\u00e6ppe ASWAD | + 2 pudebetr\u00e6k | H\u00e5ndv\u00e6vet\",\"isPartOf\":{\"@id\":\"https:\\\/\\\/tibladin.dk\\\/#website\"},\"primaryImageOfPage\":{\"@id\":\"https:\\\/\\\/tibladin.dk\\\/produkt\\\/sengetaeppe-aswad-240x260-inkl-2-puder\\\/#primaryimage\"},\"image\":{\"@id\":\"https:\\\/\\\/tibladin.dk\\\/produkt\\\/sengetaeppe-aswad-240x260-inkl-2-puder\\\/#primaryimage\"},\"thumbnailUrl\":\"https:\\\/\\\/tibladin.dk\\\/wp-content\\\/uploads\\\/2022\\\/09\\\/Sengetaeppe_ASWAD-1.jpg\",\"datePublished\":\"2022-09-20T09:12:17+00:00\",\"dateModified\":\"2025-02-19T02:13:30+00:00\",\"description\":\"Dekorativt marokkansk senget\u00e6ppe. H\u00e5ndv\u00e6vet i hvid bomuld med sorte striber og sorte pomponer. Inkl 2 matchende pudebetr\u00e6k \u21d2 Se mere her\",\"breadcrumb\":{\"@id\":\"https:\\\/\\\/tibladin.dk\\\/produkt\\\/sengetaeppe-aswad-240x260-inkl-2-puder\\\/#breadcrumb\"},\"inLanguage\":\"fr-FR\",\"potentialAction\":[{\"@type\":\"ReadAction\",\"target\":[\"https:\\\/\\\/tibladin.dk\\\/produkt\\\/sengetaeppe-aswad-240x260-inkl-2-puder\\\/\"]}]},{\"@type\":\"ImageObject\",\"inLanguage\":\"fr-FR\",\"@id\":\"https:\\\/\\\/tibladin.dk\\\/produkt\\\/sengetaeppe-aswad-240x260-inkl-2-puder\\\/#primaryimage\",\"url\":\"https:\\\/\\\/tibladin.dk\\\/wp-content\\\/uploads\\\/2022\\\/09\\\/Sengetaeppe_ASWAD-1.jpg\",\"contentUrl\":\"https:\\\/\\\/tibladin.dk\\\/wp-content\\\/uploads\\\/2022\\\/09\\\/Sengetaeppe_ASWAD-1.jpg\",\"width\":800,\"height\":800,\"caption\":\"Hvidt marokkansk h\u00e5ndv\u00e6vet senget\u00e6ppe med sorte striber og sorte pomponer p\u00e5 seng med matchende puder\"},{\"@type\":\"BreadcrumbList\",\"@id\":\"https:\\\/\\\/tibladin.dk\\\/produkt\\\/sengetaeppe-aswad-240x260-inkl-2-puder\\\/#breadcrumb\",\"itemListElement\":[{\"@type\":\"ListItem\",\"position\":1,\"name\":\"Hjem\",\"item\":\"https:\\\/\\\/tibladin.dk\\\/\"},{\"@type\":\"ListItem\",\"position\":2,\"name\":\"Shop\",\"item\":\"https:\\\/\\\/tibladin.dk\\\/shop\\\/\"},{\"@type\":\"ListItem\",\"position\":3,\"name\":\"Senget\u00e6ppe ASWAD 240&#215;260 &#8211; inkl. 2 puder\"}]},{\"@type\":\"WebSite\",\"@id\":\"https:\\\/\\\/tibladin.dk\\\/#website\",\"url\":\"https:\\\/\\\/tibladin.dk\\\/\",\"name\":\"Tibladin\",\"description\":\"Tibladin\",\"publisher\":{\"@id\":\"https:\\\/\\\/tibladin.dk\\\/#organization\"},\"potentialAction\":[{\"@type\":\"SearchAction\",\"target\":{\"@type\":\"EntryPoint\",\"urlTemplate\":\"https:\\\/\\\/tibladin.dk\\\/?s={search_term_string}\"},\"query-input\":{\"@type\":\"PropertyValueSpecification\",\"valueRequired\":true,\"valueName\":\"search_term_string\"}}],\"inLanguage\":\"fr-FR\"},{\"@type\":\"Organization\",\"@id\":\"https:\\\/\\\/tibladin.dk\\\/#organization\",\"name\":\"Tibladin\",\"url\":\"https:\\\/\\\/tibladin.dk\\\/\",\"logo\":{\"@type\":\"ImageObject\",\"inLanguage\":\"fr-FR\",\"@id\":\"https:\\\/\\\/tibladin.dk\\\/#\\\/schema\\\/logo\\\/image\\\/\",\"url\":\"https:\\\/\\\/tibladin.dk\\\/wp-content\\\/uploads\\\/2022\\\/09\\\/tibladin_logo.svg\",\"contentUrl\":\"https:\\\/\\\/tibladin.dk\\\/wp-content\\\/uploads\\\/2022\\\/09\\\/tibladin_logo.svg\",\"caption\":\"Tibladin\"},\"image\":{\"@id\":\"https:\\\/\\\/tibladin.dk\\\/#\\\/schema\\\/logo\\\/image\\\/\"}}]}<\/script>\n<!-- \/ Yoast SEO plugin. -->","yoast_head_json":{"title":"Couvre-lit marocain ASWAD | + 2 taies d&#039;oreiller | Tiss\u00e9s \u00e0 la main","description":"Couvre-lit marocain d\u00e9coratif. Tiss\u00e9 main en coton blanc avec rayures noires et pompons noirs. Incluant 2 taies d&#039;oreiller assorties \u21d2 En savoir plus ici","robots":{"index":"index","follow":"follow","max-snippet":"max-snippet:-1","max-image-preview":"max-image-preview:large","max-video-preview":"max-video-preview:-1"},"canonical":"https:\/\/tibladin.dk\/fr\/produit-4\/couvre-lit-aswad-240x260-avec-2-oreillers\/","og_locale":"fr_FR","og_type":"article","og_title":"Marokkansk senget\u00e6ppe ASWAD | + 2 pudebetr\u00e6k | H\u00e5ndv\u00e6vet","og_description":"Dekorativt marokkansk senget\u00e6ppe. H\u00e5ndv\u00e6vet i hvid bomuld med sorte striber og sorte pomponer. Inkl 2 matchende pudebetr\u00e6k \u21d2 Se mere her","og_url":"https:\/\/tibladin.dk\/fr\/produit-4\/couvre-lit-aswad-240x260-avec-2-oreillers\/","og_site_name":"Tibladin","article_modified_time":"2025-02-19T02:13:30+00:00","og_image":[{"width":800,"height":800,"url":"https:\/\/tibladin.dk\/wp-content\/uploads\/2022\/09\/Sengetaeppe_ASWAD-1.jpg","type":"image\/jpeg"}],"twitter_card":"summary_large_image","twitter_misc":{"Dur\u00e9e de lecture estim\u00e9e":"1 minute"},"schema":{"@context":"https:\/\/schema.org","@graph":[{"@type":"WebPage","@id":"https:\/\/tibladin.dk\/produkt\/sengetaeppe-aswad-240x260-inkl-2-puder\/","url":"https:\/\/tibladin.dk\/produkt\/sengetaeppe-aswad-240x260-inkl-2-puder\/","name":"Couvre-lit marocain ASWAD | + 2 taies d&#039;oreiller | Tiss\u00e9s \u00e0 la main","isPartOf":{"@id":"https:\/\/tibladin.dk\/#website"},"primaryImageOfPage":{"@id":"https:\/\/tibladin.dk\/produkt\/sengetaeppe-aswad-240x260-inkl-2-puder\/#primaryimage"},"image":{"@id":"https:\/\/tibladin.dk\/produkt\/sengetaeppe-aswad-240x260-inkl-2-puder\/#primaryimage"},"thumbnailUrl":"https:\/\/tibladin.dk\/wp-content\/uploads\/2022\/09\/Sengetaeppe_ASWAD-1.jpg","datePublished":"2022-09-20T09:12:17+00:00","dateModified":"2025-02-19T02:13:30+00:00","description":"Couvre-lit marocain d\u00e9coratif. Tiss\u00e9 main en coton blanc avec rayures noires et pompons noirs. Incluant 2 taies d&#039;oreiller assorties \u21d2 En savoir plus ici","breadcrumb":{"@id":"https:\/\/tibladin.dk\/produkt\/sengetaeppe-aswad-240x260-inkl-2-puder\/#breadcrumb"},"inLanguage":"fr-FR","potentialAction":[{"@type":"ReadAction","target":["https:\/\/tibladin.dk\/produkt\/sengetaeppe-aswad-240x260-inkl-2-puder\/"]}]},{"@type":"ImageObject","inLanguage":"fr-FR","@id":"https:\/\/tibladin.dk\/produkt\/sengetaeppe-aswad-240x260-inkl-2-puder\/#primaryimage","url":"https:\/\/tibladin.dk\/wp-content\/uploads\/2022\/09\/Sengetaeppe_ASWAD-1.jpg","contentUrl":"https:\/\/tibladin.dk\/wp-content\/uploads\/2022\/09\/Sengetaeppe_ASWAD-1.jpg","width":800,"height":800,"caption":"Hvidt marokkansk h\u00e5ndv\u00e6vet senget\u00e6ppe med sorte striber og sorte pomponer p\u00e5 seng med matchende puder"},{"@type":"BreadcrumbList","@id":"https:\/\/tibladin.dk\/produkt\/sengetaeppe-aswad-240x260-inkl-2-puder\/#breadcrumb","itemListElement":[{"@type":"ListItem","position":1,"name":"Hjem","item":"https:\/\/tibladin.dk\/"},{"@type":"ListItem","position":2,"name":"Shop","item":"https:\/\/tibladin.dk\/shop\/"},{"@type":"ListItem","position":3,"name":"Senget\u00e6ppe ASWAD 240&#215;260 &#8211; inkl. 2 puder"}]},{"@type":"WebSite","@id":"https:\/\/tibladin.dk\/#website","url":"https:\/\/tibladin.dk\/","name":"Tibladin","description":"Tibladin","publisher":{"@id":"https:\/\/tibladin.dk\/#organization"},"potentialAction":[{"@type":"SearchAction","target":{"@type":"EntryPoint","urlTemplate":"https:\/\/tibladin.dk\/?s={search_term_string}"},"query-input":{"@type":"PropertyValueSpecification","valueRequired":true,"valueName":"search_term_string"}}],"inLanguage":"fr-FR"},{"@type":"Organization","@id":"https:\/\/tibladin.dk\/#organization","name":"Tibladin","url":"https:\/\/tibladin.dk\/","logo":{"@type":"ImageObject","inLanguage":"fr-FR","@id":"https:\/\/tibladin.dk\/#\/schema\/logo\/image\/","url":"https:\/\/tibladin.dk\/wp-content\/uploads\/2022\/09\/tibladin_logo.svg","contentUrl":"https:\/\/tibladin.dk\/wp-content\/uploads\/2022\/09\/tibladin_logo.svg","caption":"Tibladin"},"image":{"@id":"https:\/\/tibladin.dk\/#\/schema\/logo\/image\/"}}]}},"_links":{"self":[{"href":"https:\/\/tibladin.dk\/fr\/wp-json\/wp\/v2\/product\/1875","targetHints":{"allow":["GET"]}}],"collection":[{"href":"https:\/\/tibladin.dk\/fr\/wp-json\/wp\/v2\/product"}],"about":[{"href":"https:\/\/tibladin.dk\/fr\/wp-json\/wp\/v2\/types\/product"}],"wp:featuredmedia":[{"embeddable":true,"href":"https:\/\/tibladin.dk\/fr\/wp-json\/wp\/v2\/media\/1871"}],"wp:attachment":[{"href":"https:\/\/tibladin.dk\/fr\/wp-json\/wp\/v2\/media?parent=1875"}],"wp:term":[{"taxonomy":"product_brand","embeddable":true,"href":"https:\/\/tibladin.dk\/fr\/wp-json\/wp\/v2\/product_brand?post=1875"},{"taxonomy":"product_cat","embeddable":true,"href":"https:\/\/tibladin.dk\/fr\/wp-json\/wp\/v2\/product_cat?post=1875"},{"taxonomy":"product_tag","embeddable":true,"href":"https:\/\/tibladin.dk\/fr\/wp-json\/wp\/v2\/product_tag?post=1875"}],"curies":[{"name":"wp","href":"https:\/\/api.w.org\/{rel}","templated":true}]}}