{"id":1941,"date":"2022-09-20T11:12:45","date_gmt":"2022-09-20T09:12:45","guid":{"rendered":"https:\/\/tibladin.dk\/?post_type=product&#038;p=1941"},"modified":"2026-04-14T12:54:33","modified_gmt":"2026-04-14T10:54:33","slug":"babouches-marocaines-marron-clair-ocre-homme","status":"publish","type":"product","link":"https:\/\/tibladin.dk\/fr\/produkt\/marokkanske-slippers-lysebrun-okker-herre\/","title":{"rendered":"Babouches homme \u2013 marron clair\/ocre"},"content":{"rendered":"<div class=\"wpb-content-wrapper\"><div class=\"vc_row wpb_row vc_row-fluid\"><div class=\"wpb_column vc_column_container vc_col-sm-4\"><div class=\"vc_column-inner\"><div class=\"wpb_wrapper\"><\/div><\/div><\/div><div class=\"wpb_column vc_column_container vc_col-sm-4\"><div class=\"vc_column-inner\"><div class=\"wpb_wrapper\"><h3 style=\"text-align: left\" class=\"vc_custom_heading vc_do_custom_heading\" >Entretien<\/h3>\n\t<div class=\"wpb_text_column wpb_content_element\" >\n\t\t<div class=\"wpb_wrapper\">\n\t\t\t<p>Nos chaussons Barbouche \u00e9tant enti\u00e8rement confectionn\u00e9s en cuir, ils ont une longue dur\u00e9e de conservation et acquerront une patine naturelle au fil du temps. Vous pouvez choisir de leur donner une couche de graisse pour cuir de temps en temps. Sachez que la couleur peut l\u00e9g\u00e8rement changer si elle est expos\u00e9e \u00e0 l&#039;eau, comme c&#039;est le cas pour tous les mat\u00e9riaux en cuir.<\/p>\n<p>Guide des tailles hommes env. But:<\/p>\n<p>43<span class=\"Apple-converted-space\">\u00a0 <\/span>L : 27,6 cm<\/p>\n<p>44<span class=\"Apple-converted-space\">\u00a0 <\/span>L : 28 cm.<\/p>\n<p>45<span class=\"Apple-converted-space\">\u00a0 <\/span>L : 28,9 cm<\/p>\n<p>46<span class=\"Apple-converted-space\">\u00a0 <\/span>L : 29,3 cm.<\/p>\n<p>47<span class=\"Apple-converted-space\">\u00a0 <\/span>L : 30,1 cm.<\/p>\n<p>48 L : 31,4 cm.<\/p>\n\n\t\t<\/div>\n\t<\/div>\n<\/div><\/div><\/div><div class=\"wpb_column vc_column_container vc_col-sm-4\"><div class=\"vc_column-inner\"><div class=\"wpb_wrapper\"><h3 style=\"text-align: left\" class=\"vc_custom_heading vc_do_custom_heading\" >L&#039;histoire derri\u00e8re<\/h3>\n\t<div class=\"wpb_text_column wpb_content_element\" >\n\t\t<div class=\"wpb_wrapper\">\n\t\t\t<p><i>Babouches\u00a0<\/i>sont des pantoufles marocaines classiques.<\/p>\n<p>Ils sont fabriqu\u00e9s \u00e0 la main de mani\u00e8re traditionnelle au Maroc. Le tout en cuir de ch\u00e8vre, pour une sensation soyeuse sur vos pieds. Avec leurs nombreuses couleurs et motifs diff\u00e9rents, ils s&#039;int\u00e8grent \u00e0 la plupart des tenues et ajoutent une d\u00e9licieuse touche boh\u00e8me \u00e0 un look scandinave. Au Maroc, on les utilise aussi bien \u00e0 l&#039;ext\u00e9rieur qu&#039;\u00e0 l&#039;int\u00e9rieur, et attendez, d\u00e8s que vous aurez mis ces jolis chaussons aux pieds, vous n&#039;aurez plus envie de porter autre chose.<\/p>\n\n\t\t<\/div>\n\t<\/div>\n<\/div><\/div><\/div><\/div>\n<\/div>","protected":false},"excerpt":{"rendered":"<ul>\n<li>Jolis chaussons de couleur marron clair\/ocre.<\/li>\n<li>Au Maroc, on appelle \u00e7a des chaussons<em>\u00a0babouche. <\/em>Ils sont fabriqu\u00e9s \u00e0 la main dans le cuir de ch\u00e8vre le plus doux et s&#039;adapteront \u00e0 votre pied.<\/li>\n<\/ul>\n<p>T<strong>\u00e9ventuellement une taille plus grande que celle que vous portez habituellement, car ils pourraient tr\u00e8s bien \u00eatre un peu petits.<\/strong><\/p>","protected":false},"featured_media":1978,"template":"","meta":{"inline_featured_image":false},"product_brand":[],"product_cat":[47,79,81],"product_tag":[],"class_list":{"0":"post-1941","1":"product","2":"type-product","3":"status-publish","4":"has-post-thumbnail","6":"product_cat-gaven-til-ham","7":"product_cat-slippers","8":"product_cat-herre","10":"first","11":"instock","12":"taxable","13":"shipping-taxable","14":"purchasable","15":"product-type-variable"},"exclude_global_add_ons":false,"addons":[{"name":"Vous souhaitez un emballage cadeau ?","type":"checkbox","position":0,"required":false,"title_format":"label","default":"","description_enable":false,"description":"","placeholder_enable":false,"placeholder":"","display":"images","restrictions_type":"any_text","adjust_price":false,"price":"","price_type":"flat_fee","restrictions":false,"min":"0","max":"0","options":[{"label":"Ja tak","price":"10","price_type":"flat_fee","image":11015,"visibility":true}],"id":1669646111}],"yoast_head":"<!-- This site is optimized with the Yoast SEO plugin v27.4 - https:\/\/yoast.com\/product\/yoast-seo-wordpress\/ -->\n<title>H\u00e5ndlavede marokkanske slippers l\u00e6der- petroleumsbl\u00e5\/herre<\/title>\n<meta name=\"description\" content=\"Klassiske marokkanske slippers\/barbouches\/hjemmesko lavet i silkebl\u00f8dt gedel\u00e6der. De f\u00e5s i seks forskellige farver til herrer- Tibladin\" \/>\n<meta name=\"robots\" content=\"index, follow, max-snippet:-1, max-image-preview:large, max-video-preview:-1\" \/>\n<link rel=\"canonical\" href=\"https:\/\/tibladin.dk\/fr\/produit-4\/babouches-marocaines-marron-clair-ocre-homme\/\" \/>\n<meta property=\"og:locale\" content=\"fr_FR\" \/>\n<meta property=\"og:type\" content=\"article\" \/>\n<meta property=\"og:title\" content=\"H\u00e5ndlavede marokkanske slippers l\u00e6der- petroleumsbl\u00e5\/herre\" \/>\n<meta property=\"og:description\" content=\"Klassiske marokkanske slippers\/barbouches\/hjemmesko lavet i silkebl\u00f8dt gedel\u00e6der. De f\u00e5s i seks forskellige farver til herrer- Tibladin\" \/>\n<meta property=\"og:url\" content=\"https:\/\/tibladin.dk\/fr\/produit-4\/babouches-marocaines-marron-clair-ocre-homme\/\" \/>\n<meta property=\"og:site_name\" content=\"Tibladin\" \/>\n<meta property=\"article:modified_time\" content=\"2026-04-14T10:54:33+00:00\" \/>\n<meta property=\"og:image\" content=\"https:\/\/tibladin.dk\/wp-content\/uploads\/2022\/09\/Tibladin_marokkanske-slippers-okker-lysebrun-1.jpg\" \/>\n\t<meta property=\"og:image:width\" content=\"800\" \/>\n\t<meta property=\"og:image:height\" content=\"800\" \/>\n\t<meta property=\"og:image:type\" content=\"image\/jpeg\" \/>\n<meta name=\"twitter:card\" content=\"summary_large_image\" \/>\n<meta name=\"twitter:label1\" content=\"Dur\u00e9e de lecture estim\u00e9e\" \/>\n\t<meta name=\"twitter:data1\" content=\"2 minutes\" \/>\n<script type=\"application\/ld+json\" class=\"yoast-schema-graph\">{\"@context\":\"https:\\\/\\\/schema.org\",\"@graph\":[{\"@type\":\"WebPage\",\"@id\":\"https:\\\/\\\/tibladin.dk\\\/produkt\\\/marokkanske-slippers-lysebrun-okker-herre\\\/\",\"url\":\"https:\\\/\\\/tibladin.dk\\\/produkt\\\/marokkanske-slippers-lysebrun-okker-herre\\\/\",\"name\":\"H\u00e5ndlavede marokkanske slippers l\u00e6der- petroleumsbl\u00e5\\\/herre\",\"isPartOf\":{\"@id\":\"https:\\\/\\\/tibladin.dk\\\/#website\"},\"primaryImageOfPage\":{\"@id\":\"https:\\\/\\\/tibladin.dk\\\/produkt\\\/marokkanske-slippers-lysebrun-okker-herre\\\/#primaryimage\"},\"image\":{\"@id\":\"https:\\\/\\\/tibladin.dk\\\/produkt\\\/marokkanske-slippers-lysebrun-okker-herre\\\/#primaryimage\"},\"thumbnailUrl\":\"https:\\\/\\\/tibladin.dk\\\/wp-content\\\/uploads\\\/2022\\\/09\\\/Tibladin_marokkanske-slippers-okker-lysebrun-1.jpg\",\"datePublished\":\"2022-09-20T09:12:45+00:00\",\"dateModified\":\"2026-04-14T10:54:33+00:00\",\"description\":\"Klassiske marokkanske slippers\\\/barbouches\\\/hjemmesko lavet i silkebl\u00f8dt gedel\u00e6der. De f\u00e5s i seks forskellige farver til herrer- Tibladin\",\"breadcrumb\":{\"@id\":\"https:\\\/\\\/tibladin.dk\\\/produkt\\\/marokkanske-slippers-lysebrun-okker-herre\\\/#breadcrumb\"},\"inLanguage\":\"fr-FR\",\"potentialAction\":[{\"@type\":\"ReadAction\",\"target\":[\"https:\\\/\\\/tibladin.dk\\\/produkt\\\/marokkanske-slippers-lysebrun-okker-herre\\\/\"]}]},{\"@type\":\"ImageObject\",\"inLanguage\":\"fr-FR\",\"@id\":\"https:\\\/\\\/tibladin.dk\\\/produkt\\\/marokkanske-slippers-lysebrun-okker-herre\\\/#primaryimage\",\"url\":\"https:\\\/\\\/tibladin.dk\\\/wp-content\\\/uploads\\\/2022\\\/09\\\/Tibladin_marokkanske-slippers-okker-lysebrun-1.jpg\",\"contentUrl\":\"https:\\\/\\\/tibladin.dk\\\/wp-content\\\/uploads\\\/2022\\\/09\\\/Tibladin_marokkanske-slippers-okker-lysebrun-1.jpg\",\"width\":800,\"height\":800,\"caption\":\"Marokkanske h\u00e5ndlavede hjemmesko i lysebrun, forfra\"},{\"@type\":\"BreadcrumbList\",\"@id\":\"https:\\\/\\\/tibladin.dk\\\/produkt\\\/marokkanske-slippers-lysebrun-okker-herre\\\/#breadcrumb\",\"itemListElement\":[{\"@type\":\"ListItem\",\"position\":1,\"name\":\"Hjem\",\"item\":\"https:\\\/\\\/tibladin.dk\\\/\"},{\"@type\":\"ListItem\",\"position\":2,\"name\":\"Shop\",\"item\":\"https:\\\/\\\/tibladin.dk\\\/shop\\\/\"},{\"@type\":\"ListItem\",\"position\":3,\"name\":\"Slippers herre &#8211; lysebrun\\\/okker\"}]},{\"@type\":\"WebSite\",\"@id\":\"https:\\\/\\\/tibladin.dk\\\/#website\",\"url\":\"https:\\\/\\\/tibladin.dk\\\/\",\"name\":\"Tibladin\",\"description\":\"Tibladin\",\"publisher\":{\"@id\":\"https:\\\/\\\/tibladin.dk\\\/#organization\"},\"potentialAction\":[{\"@type\":\"SearchAction\",\"target\":{\"@type\":\"EntryPoint\",\"urlTemplate\":\"https:\\\/\\\/tibladin.dk\\\/?s={search_term_string}\"},\"query-input\":{\"@type\":\"PropertyValueSpecification\",\"valueRequired\":true,\"valueName\":\"search_term_string\"}}],\"inLanguage\":\"fr-FR\"},{\"@type\":\"Organization\",\"@id\":\"https:\\\/\\\/tibladin.dk\\\/#organization\",\"name\":\"Tibladin\",\"url\":\"https:\\\/\\\/tibladin.dk\\\/\",\"logo\":{\"@type\":\"ImageObject\",\"inLanguage\":\"fr-FR\",\"@id\":\"https:\\\/\\\/tibladin.dk\\\/#\\\/schema\\\/logo\\\/image\\\/\",\"url\":\"https:\\\/\\\/tibladin.dk\\\/wp-content\\\/uploads\\\/2022\\\/09\\\/tibladin_logo.svg\",\"contentUrl\":\"https:\\\/\\\/tibladin.dk\\\/wp-content\\\/uploads\\\/2022\\\/09\\\/tibladin_logo.svg\",\"caption\":\"Tibladin\"},\"image\":{\"@id\":\"https:\\\/\\\/tibladin.dk\\\/#\\\/schema\\\/logo\\\/image\\\/\"}}]}<\/script>\n<!-- \/ Yoast SEO plugin. -->","yoast_head_json":{"title":"Pantoufles en cuir marocain faites \u00e0 la main - Bleu P\u00e9trole\/Homme","description":"Pantoufles\/barbouches\/pantoufles marocaines classiques en cuir de ch\u00e8vre doux et soyeux. Ils sont disponibles en six couleurs diff\u00e9rentes pour hommes - Tibladin","robots":{"index":"index","follow":"follow","max-snippet":"max-snippet:-1","max-image-preview":"max-image-preview:large","max-video-preview":"max-video-preview:-1"},"canonical":"https:\/\/tibladin.dk\/fr\/produit-4\/babouches-marocaines-marron-clair-ocre-homme\/","og_locale":"fr_FR","og_type":"article","og_title":"H\u00e5ndlavede marokkanske slippers l\u00e6der- petroleumsbl\u00e5\/herre","og_description":"Klassiske marokkanske slippers\/barbouches\/hjemmesko lavet i silkebl\u00f8dt gedel\u00e6der. De f\u00e5s i seks forskellige farver til herrer- Tibladin","og_url":"https:\/\/tibladin.dk\/fr\/produit-4\/babouches-marocaines-marron-clair-ocre-homme\/","og_site_name":"Tibladin","article_modified_time":"2026-04-14T10:54:33+00:00","og_image":[{"width":800,"height":800,"url":"https:\/\/tibladin.dk\/wp-content\/uploads\/2022\/09\/Tibladin_marokkanske-slippers-okker-lysebrun-1.jpg","type":"image\/jpeg"}],"twitter_card":"summary_large_image","twitter_misc":{"Dur\u00e9e de lecture estim\u00e9e":"2 minutes"},"schema":{"@context":"https:\/\/schema.org","@graph":[{"@type":"WebPage","@id":"https:\/\/tibladin.dk\/produkt\/marokkanske-slippers-lysebrun-okker-herre\/","url":"https:\/\/tibladin.dk\/produkt\/marokkanske-slippers-lysebrun-okker-herre\/","name":"Pantoufles en cuir marocain faites \u00e0 la main - Bleu P\u00e9trole\/Homme","isPartOf":{"@id":"https:\/\/tibladin.dk\/#website"},"primaryImageOfPage":{"@id":"https:\/\/tibladin.dk\/produkt\/marokkanske-slippers-lysebrun-okker-herre\/#primaryimage"},"image":{"@id":"https:\/\/tibladin.dk\/produkt\/marokkanske-slippers-lysebrun-okker-herre\/#primaryimage"},"thumbnailUrl":"https:\/\/tibladin.dk\/wp-content\/uploads\/2022\/09\/Tibladin_marokkanske-slippers-okker-lysebrun-1.jpg","datePublished":"2022-09-20T09:12:45+00:00","dateModified":"2026-04-14T10:54:33+00:00","description":"Pantoufles\/barbouches\/pantoufles marocaines classiques en cuir de ch\u00e8vre doux et soyeux. Ils sont disponibles en six couleurs diff\u00e9rentes pour hommes - Tibladin","breadcrumb":{"@id":"https:\/\/tibladin.dk\/produkt\/marokkanske-slippers-lysebrun-okker-herre\/#breadcrumb"},"inLanguage":"fr-FR","potentialAction":[{"@type":"ReadAction","target":["https:\/\/tibladin.dk\/produkt\/marokkanske-slippers-lysebrun-okker-herre\/"]}]},{"@type":"ImageObject","inLanguage":"fr-FR","@id":"https:\/\/tibladin.dk\/produkt\/marokkanske-slippers-lysebrun-okker-herre\/#primaryimage","url":"https:\/\/tibladin.dk\/wp-content\/uploads\/2022\/09\/Tibladin_marokkanske-slippers-okker-lysebrun-1.jpg","contentUrl":"https:\/\/tibladin.dk\/wp-content\/uploads\/2022\/09\/Tibladin_marokkanske-slippers-okker-lysebrun-1.jpg","width":800,"height":800,"caption":"Marokkanske h\u00e5ndlavede hjemmesko i lysebrun, forfra"},{"@type":"BreadcrumbList","@id":"https:\/\/tibladin.dk\/produkt\/marokkanske-slippers-lysebrun-okker-herre\/#breadcrumb","itemListElement":[{"@type":"ListItem","position":1,"name":"Hjem","item":"https:\/\/tibladin.dk\/"},{"@type":"ListItem","position":2,"name":"Shop","item":"https:\/\/tibladin.dk\/shop\/"},{"@type":"ListItem","position":3,"name":"Slippers herre &#8211; lysebrun\/okker"}]},{"@type":"WebSite","@id":"https:\/\/tibladin.dk\/#website","url":"https:\/\/tibladin.dk\/","name":"Tibladin","description":"Tibladin","publisher":{"@id":"https:\/\/tibladin.dk\/#organization"},"potentialAction":[{"@type":"SearchAction","target":{"@type":"EntryPoint","urlTemplate":"https:\/\/tibladin.dk\/?s={search_term_string}"},"query-input":{"@type":"PropertyValueSpecification","valueRequired":true,"valueName":"search_term_string"}}],"inLanguage":"fr-FR"},{"@type":"Organization","@id":"https:\/\/tibladin.dk\/#organization","name":"Tibladin","url":"https:\/\/tibladin.dk\/","logo":{"@type":"ImageObject","inLanguage":"fr-FR","@id":"https:\/\/tibladin.dk\/#\/schema\/logo\/image\/","url":"https:\/\/tibladin.dk\/wp-content\/uploads\/2022\/09\/tibladin_logo.svg","contentUrl":"https:\/\/tibladin.dk\/wp-content\/uploads\/2022\/09\/tibladin_logo.svg","caption":"Tibladin"},"image":{"@id":"https:\/\/tibladin.dk\/#\/schema\/logo\/image\/"}}]}},"_links":{"self":[{"href":"https:\/\/tibladin.dk\/fr\/wp-json\/wp\/v2\/product\/1941","targetHints":{"allow":["GET"]}}],"collection":[{"href":"https:\/\/tibladin.dk\/fr\/wp-json\/wp\/v2\/product"}],"about":[{"href":"https:\/\/tibladin.dk\/fr\/wp-json\/wp\/v2\/types\/product"}],"wp:featuredmedia":[{"embeddable":true,"href":"https:\/\/tibladin.dk\/fr\/wp-json\/wp\/v2\/media\/1978"}],"wp:attachment":[{"href":"https:\/\/tibladin.dk\/fr\/wp-json\/wp\/v2\/media?parent=1941"}],"wp:term":[{"taxonomy":"product_brand","embeddable":true,"href":"https:\/\/tibladin.dk\/fr\/wp-json\/wp\/v2\/product_brand?post=1941"},{"taxonomy":"product_cat","embeddable":true,"href":"https:\/\/tibladin.dk\/fr\/wp-json\/wp\/v2\/product_cat?post=1941"},{"taxonomy":"product_tag","embeddable":true,"href":"https:\/\/tibladin.dk\/fr\/wp-json\/wp\/v2\/product_tag?post=1941"}],"curies":[{"name":"wp","href":"https:\/\/api.w.org\/{rel}","templated":true}]}}