{"id":2027,"date":"2022-09-20T11:13:17","date_gmt":"2022-09-20T09:13:17","guid":{"rendered":"https:\/\/tibladin.dk\/vare\/oekologisk-shampoo-bar-til-normalt-toert-haar\/"},"modified":"2025-07-26T13:44:17","modified_gmt":"2025-07-26T11:44:17","slug":"shampoing-solide-bio-pour-cheveux-secs-normaux","status":"publish","type":"product","link":"https:\/\/tibladin.dk\/fr\/produkt\/oekologisk-shampoo-bar-til-normalt-toert-haar\/","title":{"rendered":"Shampoing solide bio pour cheveux normaux\/secs"},"content":{"rendered":"<div class=\"wpb-content-wrapper\"><div class=\"vc_row wpb_row vc_row-fluid\"><div class=\"wpb_column vc_column_container vc_col-sm-4\"><div class=\"vc_column-inner\"><div class=\"wpb_wrapper\"><\/div><\/div><\/div><div class=\"wpb_column vc_column_container vc_col-sm-4\"><div class=\"vc_column-inner\"><div class=\"wpb_wrapper\"><h3 style=\"text-align: left\" class=\"vc_custom_heading vc_do_custom_heading\" >Entretien<\/h3>\n\t<div class=\"wpb_text_column wpb_content_element\" >\n\t\t<div class=\"wpb_wrapper\">\n\t\t\t<p>75 grammes<span class=\"Apple-converted-space\">\u00a0<\/span><\/p>\n<p>Rincez vos cheveux et frottez-vous les mains avec la barre de shampoing, laissez-la mousser sur vos mains et appliquez-la sur vos cheveux. Massez les cheveux et rincez \u00e0 l&#039;eau claire.<\/p>\n\n\t\t<\/div>\n\t<\/div>\n<\/div><\/div><\/div><div class=\"wpb_column vc_column_container vc_col-sm-4\"><div class=\"vc_column-inner\"><div class=\"wpb_wrapper\"><h3 style=\"text-align: left\" class=\"vc_custom_heading vc_do_custom_heading\" >L&#039;histoire derri\u00e8re<\/h3>\n\t<div class=\"wpb_text_column wpb_content_element\" >\n\t\t<div class=\"wpb_wrapper\">\n\t\t\t<p>Les savons de L&#039;art du bain cr\u00e9\u00e9s \u00e0 Marrakech en 2004 et produits \u00e0 Nantes en France depuis 2016.<span class=\"Apple-converted-space\">\u00a0<\/span><\/p>\n<p>Savons brass\u00e9s \u00e0 froid \u00e0 base d&#039;ingr\u00e9dients naturels et d&#039;huiles de pomme du Maroc, fa\u00e7onn\u00e9s \u00e0 la main, un \u00e0 un.<span class=\"Apple-converted-space\">\u00a0Un pain de savon solide est un bon moyen de minimiser la consommation de plastique au quotidien.<\/span><\/p>\n<p>Une mani\u00e8re artisanale et soign\u00e9e de pr\u00e9parer des savons qui donne une tr\u00e8s belle qualit\u00e9. Les savons sont fabriqu\u00e9s exclusivement \u00e0 partir d&#039;ingr\u00e9dients naturels nobles dans le respect de l&#039;environnement. La technique de fabrication des savons m\u00e9lang\u00e9s \u00e0 froid signifie que les savons conservent la glyc\u00e9rine naturelle et les huiles naturelles, ce qui donne un savon plus hydratant.<\/p>\n\n\t\t<\/div>\n\t<\/div>\n<\/div><\/div><\/div><\/div>\n<\/div>","protected":false},"excerpt":{"rendered":"<p>BARRE DE SHAMPOOING<\/p>\n<p>Pour cheveux normaux\/secs.<\/p>\n<p>D\u00e9licieuse barre de shampoing au pamplemousse et \u00e0 l&#039;orange douce. Livr\u00e9 dans une jolie bo\u00eete ronde en m\u00e9tal.<\/p>\n<p>Un shampoing solide o\u00f9 il n&#039;y a aucun d\u00e9chet. Tout peut \u00eatre utilis\u00e9 et vous aidez l\u2019environnement en \u00e9conomisant les bouteilles en plastique de votre shampoing.<\/p>\n<p>Uniquement des ingr\u00e9dients naturels, \u00e0 base d&#039;argile et d&#039;huiles naturelles.<\/p>\n<p>Ingr\u00e9dients : argile jaune, huile de noix de coco biologique, SCI, amidon de ma\u00efs, eau, huile naturelle d&#039;orange pure et douce et huile naturelle de pamplemousse pure.<\/p>","protected":false},"featured_media":2025,"template":"","meta":{"inline_featured_image":false},"product_brand":[],"product_cat":[27,29,103,106],"product_tag":[],"class_list":{"0":"post-2027","1":"product","2":"type-product","3":"status-publish","4":"has-post-thumbnail","6":"product_cat-diverse","7":"product_cat-gaven-til-den-unge-pige","8":"product_cat-personlig-pleje","9":"product_cat-shampoo-bar","11":"first","12":"instock","13":"taxable","14":"shipping-taxable","15":"purchasable","16":"product-type-simple"},"exclude_global_add_ons":false,"addons":[{"name":"Vous souhaitez un emballage cadeau ?","type":"checkbox","position":0,"required":false,"title_format":"label","default":"","description_enable":false,"description":"","placeholder_enable":false,"placeholder":"","display":"images","restrictions_type":"any_text","adjust_price":false,"price":"","price_type":"flat_fee","restrictions":false,"min":"0","max":"0","options":[{"label":"Ja tak","price":"10","price_type":"flat_fee","image":11015,"visibility":true}],"id":1669646111}],"yoast_head":"<!-- This site is optimized with the Yoast SEO plugin v27.4 - https:\/\/yoast.com\/product\/yoast-seo-wordpress\/ -->\n<title>H\u00e5ndlavet marokkansk shampoo bar.<\/title>\n<meta name=\"description\" content=\"Marokkansk shampoo bar til normalt\/t\u00f8rt h\u00e5r. Skib plastikflaskerne og g\u00e5 over til et mere b\u00e6redygtigt alternativ. Ingen spild.\" \/>\n<meta name=\"robots\" content=\"index, follow, max-snippet:-1, max-image-preview:large, max-video-preview:-1\" \/>\n<link rel=\"canonical\" href=\"https:\/\/tibladin.dk\/fr\/produit-4\/shampoing-solide-bio-pour-cheveux-secs-normaux\/\" \/>\n<meta property=\"og:locale\" content=\"fr_FR\" \/>\n<meta property=\"og:type\" content=\"article\" \/>\n<meta property=\"og:title\" content=\"H\u00e5ndlavet marokkansk shampoo bar.\" \/>\n<meta property=\"og:description\" content=\"Marokkansk shampoo bar til normalt\/t\u00f8rt h\u00e5r. Skib plastikflaskerne og g\u00e5 over til et mere b\u00e6redygtigt alternativ. Ingen spild.\" \/>\n<meta property=\"og:url\" content=\"https:\/\/tibladin.dk\/fr\/produit-4\/shampoing-solide-bio-pour-cheveux-secs-normaux\/\" \/>\n<meta property=\"og:site_name\" content=\"Tibladin\" \/>\n<meta property=\"article:modified_time\" content=\"2025-07-26T11:44:17+00:00\" \/>\n<meta property=\"og:image\" content=\"https:\/\/tibladin.dk\/wp-content\/uploads\/2022\/09\/shampoo-jaune_800x800-1.jpg\" \/>\n\t<meta property=\"og:image:width\" content=\"800\" \/>\n\t<meta property=\"og:image:height\" content=\"800\" \/>\n\t<meta property=\"og:image:type\" content=\"image\/jpeg\" \/>\n<meta name=\"twitter:card\" content=\"summary_large_image\" \/>\n<meta name=\"twitter:label1\" content=\"Dur\u00e9e de lecture estim\u00e9e\" \/>\n\t<meta name=\"twitter:data1\" content=\"2 minutes\" \/>\n<script type=\"application\/ld+json\" class=\"yoast-schema-graph\">{\"@context\":\"https:\\\/\\\/schema.org\",\"@graph\":[{\"@type\":\"WebPage\",\"@id\":\"https:\\\/\\\/tibladin.dk\\\/produkt\\\/oekologisk-shampoo-bar-til-normalt-toert-haar\\\/\",\"url\":\"https:\\\/\\\/tibladin.dk\\\/produkt\\\/oekologisk-shampoo-bar-til-normalt-toert-haar\\\/\",\"name\":\"H\u00e5ndlavet marokkansk shampoo bar.\",\"isPartOf\":{\"@id\":\"https:\\\/\\\/tibladin.dk\\\/#website\"},\"primaryImageOfPage\":{\"@id\":\"https:\\\/\\\/tibladin.dk\\\/produkt\\\/oekologisk-shampoo-bar-til-normalt-toert-haar\\\/#primaryimage\"},\"image\":{\"@id\":\"https:\\\/\\\/tibladin.dk\\\/produkt\\\/oekologisk-shampoo-bar-til-normalt-toert-haar\\\/#primaryimage\"},\"thumbnailUrl\":\"https:\\\/\\\/tibladin.dk\\\/wp-content\\\/uploads\\\/2022\\\/09\\\/shampoo-jaune_800x800-1.jpg\",\"datePublished\":\"2022-09-20T09:13:17+00:00\",\"dateModified\":\"2025-07-26T11:44:17+00:00\",\"description\":\"Marokkansk shampoo bar til normalt\\\/t\u00f8rt h\u00e5r. Skib plastikflaskerne og g\u00e5 over til et mere b\u00e6redygtigt alternativ. Ingen spild.\",\"breadcrumb\":{\"@id\":\"https:\\\/\\\/tibladin.dk\\\/produkt\\\/oekologisk-shampoo-bar-til-normalt-toert-haar\\\/#breadcrumb\"},\"inLanguage\":\"fr-FR\",\"potentialAction\":[{\"@type\":\"ReadAction\",\"target\":[\"https:\\\/\\\/tibladin.dk\\\/produkt\\\/oekologisk-shampoo-bar-til-normalt-toert-haar\\\/\"]}]},{\"@type\":\"ImageObject\",\"inLanguage\":\"fr-FR\",\"@id\":\"https:\\\/\\\/tibladin.dk\\\/produkt\\\/oekologisk-shampoo-bar-til-normalt-toert-haar\\\/#primaryimage\",\"url\":\"https:\\\/\\\/tibladin.dk\\\/wp-content\\\/uploads\\\/2022\\\/09\\\/shampoo-jaune_800x800-1.jpg\",\"contentUrl\":\"https:\\\/\\\/tibladin.dk\\\/wp-content\\\/uploads\\\/2022\\\/09\\\/shampoo-jaune_800x800-1.jpg\",\"width\":800,\"height\":800,\"caption\":\"L' Art du bain shamoo bar\"},{\"@type\":\"BreadcrumbList\",\"@id\":\"https:\\\/\\\/tibladin.dk\\\/produkt\\\/oekologisk-shampoo-bar-til-normalt-toert-haar\\\/#breadcrumb\",\"itemListElement\":[{\"@type\":\"ListItem\",\"position\":1,\"name\":\"Hjem\",\"item\":\"https:\\\/\\\/tibladin.dk\\\/\"},{\"@type\":\"ListItem\",\"position\":2,\"name\":\"Shop\",\"item\":\"https:\\\/\\\/tibladin.dk\\\/shop\\\/\"},{\"@type\":\"ListItem\",\"position\":3,\"name\":\"\u00d8kologisk Shampoo bar til normalt\\\/t\u00f8rt h\u00e5r\"}]},{\"@type\":\"WebSite\",\"@id\":\"https:\\\/\\\/tibladin.dk\\\/#website\",\"url\":\"https:\\\/\\\/tibladin.dk\\\/\",\"name\":\"Tibladin\",\"description\":\"Tibladin\",\"publisher\":{\"@id\":\"https:\\\/\\\/tibladin.dk\\\/#organization\"},\"potentialAction\":[{\"@type\":\"SearchAction\",\"target\":{\"@type\":\"EntryPoint\",\"urlTemplate\":\"https:\\\/\\\/tibladin.dk\\\/?s={search_term_string}\"},\"query-input\":{\"@type\":\"PropertyValueSpecification\",\"valueRequired\":true,\"valueName\":\"search_term_string\"}}],\"inLanguage\":\"fr-FR\"},{\"@type\":\"Organization\",\"@id\":\"https:\\\/\\\/tibladin.dk\\\/#organization\",\"name\":\"Tibladin\",\"url\":\"https:\\\/\\\/tibladin.dk\\\/\",\"logo\":{\"@type\":\"ImageObject\",\"inLanguage\":\"fr-FR\",\"@id\":\"https:\\\/\\\/tibladin.dk\\\/#\\\/schema\\\/logo\\\/image\\\/\",\"url\":\"https:\\\/\\\/tibladin.dk\\\/wp-content\\\/uploads\\\/2022\\\/09\\\/tibladin_logo.svg\",\"contentUrl\":\"https:\\\/\\\/tibladin.dk\\\/wp-content\\\/uploads\\\/2022\\\/09\\\/tibladin_logo.svg\",\"caption\":\"Tibladin\"},\"image\":{\"@id\":\"https:\\\/\\\/tibladin.dk\\\/#\\\/schema\\\/logo\\\/image\\\/\"}}]}<\/script>\n<!-- \/ Yoast SEO plugin. -->","yoast_head_json":{"title":"Barre de shampoing marocaine faite \u00e0 la main.","description":"Shampoing solide marocain pour cheveux normaux\/secs. Jetez les bouteilles en plastique et optez pour une alternative plus durable. Pas de d\u00e9chets.","robots":{"index":"index","follow":"follow","max-snippet":"max-snippet:-1","max-image-preview":"max-image-preview:large","max-video-preview":"max-video-preview:-1"},"canonical":"https:\/\/tibladin.dk\/fr\/produit-4\/shampoing-solide-bio-pour-cheveux-secs-normaux\/","og_locale":"fr_FR","og_type":"article","og_title":"H\u00e5ndlavet marokkansk shampoo bar.","og_description":"Marokkansk shampoo bar til normalt\/t\u00f8rt h\u00e5r. Skib plastikflaskerne og g\u00e5 over til et mere b\u00e6redygtigt alternativ. Ingen spild.","og_url":"https:\/\/tibladin.dk\/fr\/produit-4\/shampoing-solide-bio-pour-cheveux-secs-normaux\/","og_site_name":"Tibladin","article_modified_time":"2025-07-26T11:44:17+00:00","og_image":[{"width":800,"height":800,"url":"https:\/\/tibladin.dk\/wp-content\/uploads\/2022\/09\/shampoo-jaune_800x800-1.jpg","type":"image\/jpeg"}],"twitter_card":"summary_large_image","twitter_misc":{"Dur\u00e9e de lecture estim\u00e9e":"2 minutes"},"schema":{"@context":"https:\/\/schema.org","@graph":[{"@type":"WebPage","@id":"https:\/\/tibladin.dk\/produkt\/oekologisk-shampoo-bar-til-normalt-toert-haar\/","url":"https:\/\/tibladin.dk\/produkt\/oekologisk-shampoo-bar-til-normalt-toert-haar\/","name":"Barre de shampoing marocaine faite \u00e0 la main.","isPartOf":{"@id":"https:\/\/tibladin.dk\/#website"},"primaryImageOfPage":{"@id":"https:\/\/tibladin.dk\/produkt\/oekologisk-shampoo-bar-til-normalt-toert-haar\/#primaryimage"},"image":{"@id":"https:\/\/tibladin.dk\/produkt\/oekologisk-shampoo-bar-til-normalt-toert-haar\/#primaryimage"},"thumbnailUrl":"https:\/\/tibladin.dk\/wp-content\/uploads\/2022\/09\/shampoo-jaune_800x800-1.jpg","datePublished":"2022-09-20T09:13:17+00:00","dateModified":"2025-07-26T11:44:17+00:00","description":"Shampoing solide marocain pour cheveux normaux\/secs. Jetez les bouteilles en plastique et optez pour une alternative plus durable. Pas de d\u00e9chets.","breadcrumb":{"@id":"https:\/\/tibladin.dk\/produkt\/oekologisk-shampoo-bar-til-normalt-toert-haar\/#breadcrumb"},"inLanguage":"fr-FR","potentialAction":[{"@type":"ReadAction","target":["https:\/\/tibladin.dk\/produkt\/oekologisk-shampoo-bar-til-normalt-toert-haar\/"]}]},{"@type":"ImageObject","inLanguage":"fr-FR","@id":"https:\/\/tibladin.dk\/produkt\/oekologisk-shampoo-bar-til-normalt-toert-haar\/#primaryimage","url":"https:\/\/tibladin.dk\/wp-content\/uploads\/2022\/09\/shampoo-jaune_800x800-1.jpg","contentUrl":"https:\/\/tibladin.dk\/wp-content\/uploads\/2022\/09\/shampoo-jaune_800x800-1.jpg","width":800,"height":800,"caption":"L' Art du bain shamoo bar"},{"@type":"BreadcrumbList","@id":"https:\/\/tibladin.dk\/produkt\/oekologisk-shampoo-bar-til-normalt-toert-haar\/#breadcrumb","itemListElement":[{"@type":"ListItem","position":1,"name":"Hjem","item":"https:\/\/tibladin.dk\/"},{"@type":"ListItem","position":2,"name":"Shop","item":"https:\/\/tibladin.dk\/shop\/"},{"@type":"ListItem","position":3,"name":"\u00d8kologisk Shampoo bar til normalt\/t\u00f8rt h\u00e5r"}]},{"@type":"WebSite","@id":"https:\/\/tibladin.dk\/#website","url":"https:\/\/tibladin.dk\/","name":"Tibladin","description":"Tibladin","publisher":{"@id":"https:\/\/tibladin.dk\/#organization"},"potentialAction":[{"@type":"SearchAction","target":{"@type":"EntryPoint","urlTemplate":"https:\/\/tibladin.dk\/?s={search_term_string}"},"query-input":{"@type":"PropertyValueSpecification","valueRequired":true,"valueName":"search_term_string"}}],"inLanguage":"fr-FR"},{"@type":"Organization","@id":"https:\/\/tibladin.dk\/#organization","name":"Tibladin","url":"https:\/\/tibladin.dk\/","logo":{"@type":"ImageObject","inLanguage":"fr-FR","@id":"https:\/\/tibladin.dk\/#\/schema\/logo\/image\/","url":"https:\/\/tibladin.dk\/wp-content\/uploads\/2022\/09\/tibladin_logo.svg","contentUrl":"https:\/\/tibladin.dk\/wp-content\/uploads\/2022\/09\/tibladin_logo.svg","caption":"Tibladin"},"image":{"@id":"https:\/\/tibladin.dk\/#\/schema\/logo\/image\/"}}]}},"_links":{"self":[{"href":"https:\/\/tibladin.dk\/fr\/wp-json\/wp\/v2\/product\/2027","targetHints":{"allow":["GET"]}}],"collection":[{"href":"https:\/\/tibladin.dk\/fr\/wp-json\/wp\/v2\/product"}],"about":[{"href":"https:\/\/tibladin.dk\/fr\/wp-json\/wp\/v2\/types\/product"}],"wp:featuredmedia":[{"embeddable":true,"href":"https:\/\/tibladin.dk\/fr\/wp-json\/wp\/v2\/media\/2025"}],"wp:attachment":[{"href":"https:\/\/tibladin.dk\/fr\/wp-json\/wp\/v2\/media?parent=2027"}],"wp:term":[{"taxonomy":"product_brand","embeddable":true,"href":"https:\/\/tibladin.dk\/fr\/wp-json\/wp\/v2\/product_brand?post=2027"},{"taxonomy":"product_cat","embeddable":true,"href":"https:\/\/tibladin.dk\/fr\/wp-json\/wp\/v2\/product_cat?post=2027"},{"taxonomy":"product_tag","embeddable":true,"href":"https:\/\/tibladin.dk\/fr\/wp-json\/wp\/v2\/product_tag?post=2027"}],"curies":[{"name":"wp","href":"https:\/\/api.w.org\/{rel}","templated":true}]}}