{"id":2039,"date":"2022-09-20T11:13:22","date_gmt":"2022-09-20T09:13:22","guid":{"rendered":"https:\/\/tibladin.dk\/vare\/aladin-kurv-natur-og-hvid\/"},"modified":"2024-12-10T11:35:46","modified_gmt":"2024-12-10T10:35:46","slug":"panier-aladin-naturel-et-blanc","status":"publish","type":"product","link":"https:\/\/tibladin.dk\/fr\/produkt\/aladin-kurv-natur-og-hvid\/","title":{"rendered":"Panier ALADIN naturel et blanc"},"content":{"rendered":"<div class=\"wpb-content-wrapper\"><div class=\"vc_row wpb_row vc_row-fluid\"><div class=\"wpb_column vc_column_container vc_col-sm-4\"><div class=\"vc_column-inner\"><div class=\"wpb_wrapper\"><h3 style=\"text-align: left\" class=\"vc_custom_heading vc_do_custom_heading\" >Entretien<\/h3>\n\t<div class=\"wpb_text_column wpb_content_element\" >\n\t\t<div class=\"wpb_wrapper\">\n\t\t\t<p>Pour le nettoyage, le plus simple est de passer l&#039;aspirateur d\u00e9licatement.<\/p>\n\n\t\t<\/div>\n\t<\/div>\n<\/div><\/div><\/div><div class=\"wpb_column vc_column_container vc_col-sm-4\"><div class=\"vc_column-inner\"><div class=\"wpb_wrapper\"><h3 style=\"text-align: left\" class=\"vc_custom_heading vc_do_custom_heading\" >L&#039;histoire derri\u00e8re<\/h3>\n\t<div class=\"wpb_text_column wpb_content_element\" >\n\t\t<div class=\"wpb_wrapper\">\n\t\t\t<p>J'adore les paniers ! Ils peuvent donner de la chaleur et du confort \u00e0 n'importe quelle pi\u00e8ce.<\/p>\n<p>Utilisez ce panier comme panier \u00e0 linge ou pour ranger des oreillers et des couvertures suppl\u00e9mentaires.<\/p>\n<p>Les paniers sont fabriqu\u00e9s \u00e0 la main \u00e0 Marrakech, sp\u00e9cialis\u00e9e dans l&#039;osier et le fait depuis des g\u00e9n\u00e9rations.<\/p>\n<p>Si vous utilisez ce panier comme panier \u00e0 linge, vous pouvez choisir de coudre un sac \u00e0 linge \u00e0 mettre \u00e0 l&#039;int\u00e9rieur du panier. Vous ne pouvez pas \u00e9viter que le panier \u00e9mette un peu d&#039;osier.<\/p>\n\n\t\t<\/div>\n\t<\/div>\n<\/div><\/div><\/div><div class=\"wpb_column vc_column_container vc_col-sm-4\"><div class=\"vc_column-inner\"><div class=\"wpb_wrapper\"><h3 style=\"text-align: left\" class=\"vc_custom_heading vc_do_custom_heading\" >Qu&#039;est-ce que le rotin ?<\/h3>\n\t<div class=\"wpb_text_column wpb_content_element\" >\n\t\t<div class=\"wpb_wrapper\">\n\t\t\t<p>Le rotin est fabriqu\u00e9 \u00e0 partir d&#039;un palmier tropical originaire d&#039;Australie, d&#039;Asie et d&#039;Afrique. Le mat\u00e9riau est tr\u00e8s r\u00e9sistant et ressemble au bambou, c&#039;est pourquoi il est utilis\u00e9 pour tout, des plateaux et paniers aux t\u00eates de lit et tables \u00e0 boissons.<\/p>\n<p>Le raphia est similaire au rotin car ils proviennent tous deux de feuilles de palmier, mais le raphia est un peu plus doux.<\/p>\n\n\t\t<\/div>\n\t<\/div>\n<\/div><\/div><\/div><\/div>\n<\/div>","protected":false},"excerpt":{"rendered":"<p>Panier marocain ALADIN, fait main en rotin naturel tress\u00e9 de fil blanc, anses blanches et pompon blanc sur le dessus.<\/p>\n<p>Donnez \u00e0 votre maison une touche marocaine avec ce magnifique panier. Les paniers offrent un int\u00e9rieur chaleureux et en m\u00eame temps ils sont tr\u00e8s pratiques pour le rangement.<\/p>\n<p>Id\u00e9al pour les tricots, les chaussons, les serviettes, pour les bonnets et gants des enfants, tous vos foulards, vos petits sacs pour sortir en ville.<\/p>\n<p>La courbe est d&#039;env. 40 cm de hauteur et 40 cm de diam\u00e8tre.<\/p>\n<p>Le panier est fabriqu\u00e9 \u00e0 la main et de petites variations et imperfections peuvent survenir.<\/p>","protected":false},"featured_media":2037,"template":"","meta":{"inline_featured_image":false},"product_brand":[],"product_cat":[55,51],"product_tag":[],"class_list":{"0":"post-2039","1":"product","2":"type-product","3":"status-publish","4":"has-post-thumbnail","6":"product_cat-kurve","7":"product_cat-opbevaring","9":"first","10":"instock","11":"taxable","12":"shipping-taxable","13":"purchasable","14":"product-type-simple"},"exclude_global_add_ons":[],"addons":[],"yoast_head":"<!-- This site is optimized with the Yoast SEO plugin v27.5 - https:\/\/yoast.com\/product\/yoast-seo-wordpress\/ -->\n<title>ALADIN kurv natur og hvid | H\u00e5ndlavet af rattan |Tibladin<\/title>\n<meta name=\"description\" content=\"H\u00e5ndlavet marrokansk rattan-kurv, flettet af naturmaterialer. Giver varme, hygge og et touch af Marokko i ethvert rum \u21d2 Se den her\" \/>\n<meta name=\"robots\" content=\"index, follow, max-snippet:-1, max-image-preview:large, max-video-preview:-1\" \/>\n<link rel=\"canonical\" href=\"https:\/\/tibladin.dk\/fr\/produit-4\/panier-aladin-naturel-et-blanc\/\" \/>\n<meta property=\"og:locale\" content=\"fr_FR\" \/>\n<meta property=\"og:type\" content=\"article\" \/>\n<meta property=\"og:title\" content=\"ALADIN kurv natur og hvid | H\u00e5ndlavet af rattan |Tibladin\" \/>\n<meta property=\"og:description\" content=\"H\u00e5ndlavet marrokansk rattan-kurv, flettet af naturmaterialer. Giver varme, hygge og et touch af Marokko i ethvert rum \u21d2 Se den her\" \/>\n<meta property=\"og:url\" content=\"https:\/\/tibladin.dk\/fr\/produit-4\/panier-aladin-naturel-et-blanc\/\" \/>\n<meta property=\"og:site_name\" content=\"Tibladin\" \/>\n<meta property=\"article:modified_time\" content=\"2024-12-10T10:35:46+00:00\" \/>\n<meta property=\"og:image\" content=\"https:\/\/tibladin.dk\/wp-content\/uploads\/2022\/09\/ALADIN-kurv-kopier-1.jpg\" \/>\n\t<meta property=\"og:image:width\" content=\"800\" \/>\n\t<meta property=\"og:image:height\" content=\"800\" \/>\n\t<meta property=\"og:image:type\" content=\"image\/jpeg\" \/>\n<meta name=\"twitter:card\" content=\"summary_large_image\" \/>\n<meta name=\"twitter:label1\" content=\"Dur\u00e9e de lecture estim\u00e9e\" \/>\n\t<meta name=\"twitter:data1\" content=\"2 minutes\" \/>\n<script type=\"application\/ld+json\" class=\"yoast-schema-graph\">{\"@context\":\"https:\\\/\\\/schema.org\",\"@graph\":[{\"@type\":\"WebPage\",\"@id\":\"https:\\\/\\\/tibladin.dk\\\/produkt\\\/aladin-kurv-natur-og-hvid\\\/\",\"url\":\"https:\\\/\\\/tibladin.dk\\\/produkt\\\/aladin-kurv-natur-og-hvid\\\/\",\"name\":\"ALADIN kurv natur og hvid | H\u00e5ndlavet af rattan |Tibladin\",\"isPartOf\":{\"@id\":\"https:\\\/\\\/tibladin.dk\\\/#website\"},\"primaryImageOfPage\":{\"@id\":\"https:\\\/\\\/tibladin.dk\\\/produkt\\\/aladin-kurv-natur-og-hvid\\\/#primaryimage\"},\"image\":{\"@id\":\"https:\\\/\\\/tibladin.dk\\\/produkt\\\/aladin-kurv-natur-og-hvid\\\/#primaryimage\"},\"thumbnailUrl\":\"https:\\\/\\\/tibladin.dk\\\/wp-content\\\/uploads\\\/2022\\\/09\\\/ALADIN-kurv-kopier-1.jpg\",\"datePublished\":\"2022-09-20T09:13:22+00:00\",\"dateModified\":\"2024-12-10T10:35:46+00:00\",\"description\":\"H\u00e5ndlavet marrokansk rattan-kurv, flettet af naturmaterialer. Giver varme, hygge og et touch af Marokko i ethvert rum \u21d2 Se den her\",\"breadcrumb\":{\"@id\":\"https:\\\/\\\/tibladin.dk\\\/produkt\\\/aladin-kurv-natur-og-hvid\\\/#breadcrumb\"},\"inLanguage\":\"fr-FR\",\"potentialAction\":[{\"@type\":\"ReadAction\",\"target\":[\"https:\\\/\\\/tibladin.dk\\\/produkt\\\/aladin-kurv-natur-og-hvid\\\/\"]}]},{\"@type\":\"ImageObject\",\"inLanguage\":\"fr-FR\",\"@id\":\"https:\\\/\\\/tibladin.dk\\\/produkt\\\/aladin-kurv-natur-og-hvid\\\/#primaryimage\",\"url\":\"https:\\\/\\\/tibladin.dk\\\/wp-content\\\/uploads\\\/2022\\\/09\\\/ALADIN-kurv-kopier-1.jpg\",\"contentUrl\":\"https:\\\/\\\/tibladin.dk\\\/wp-content\\\/uploads\\\/2022\\\/09\\\/ALADIN-kurv-kopier-1.jpg\",\"width\":800,\"height\":800,\"caption\":\"Stor marokkansk h\u00e5ndlavet kurv i natur rattan med hvide tr\u00e5de\"},{\"@type\":\"BreadcrumbList\",\"@id\":\"https:\\\/\\\/tibladin.dk\\\/produkt\\\/aladin-kurv-natur-og-hvid\\\/#breadcrumb\",\"itemListElement\":[{\"@type\":\"ListItem\",\"position\":1,\"name\":\"Hjem\",\"item\":\"https:\\\/\\\/tibladin.dk\\\/\"},{\"@type\":\"ListItem\",\"position\":2,\"name\":\"Shop\",\"item\":\"https:\\\/\\\/tibladin.dk\\\/shop\\\/\"},{\"@type\":\"ListItem\",\"position\":3,\"name\":\"ALADIN kurv natur og hvid\"}]},{\"@type\":\"WebSite\",\"@id\":\"https:\\\/\\\/tibladin.dk\\\/#website\",\"url\":\"https:\\\/\\\/tibladin.dk\\\/\",\"name\":\"Tibladin\",\"description\":\"Tibladin\",\"publisher\":{\"@id\":\"https:\\\/\\\/tibladin.dk\\\/#organization\"},\"potentialAction\":[{\"@type\":\"SearchAction\",\"target\":{\"@type\":\"EntryPoint\",\"urlTemplate\":\"https:\\\/\\\/tibladin.dk\\\/?s={search_term_string}\"},\"query-input\":{\"@type\":\"PropertyValueSpecification\",\"valueRequired\":true,\"valueName\":\"search_term_string\"}}],\"inLanguage\":\"fr-FR\"},{\"@type\":\"Organization\",\"@id\":\"https:\\\/\\\/tibladin.dk\\\/#organization\",\"name\":\"Tibladin\",\"url\":\"https:\\\/\\\/tibladin.dk\\\/\",\"logo\":{\"@type\":\"ImageObject\",\"inLanguage\":\"fr-FR\",\"@id\":\"https:\\\/\\\/tibladin.dk\\\/#\\\/schema\\\/logo\\\/image\\\/\",\"url\":\"https:\\\/\\\/tibladin.dk\\\/wp-content\\\/uploads\\\/2022\\\/09\\\/tibladin_logo.svg\",\"contentUrl\":\"https:\\\/\\\/tibladin.dk\\\/wp-content\\\/uploads\\\/2022\\\/09\\\/tibladin_logo.svg\",\"caption\":\"Tibladin\"},\"image\":{\"@id\":\"https:\\\/\\\/tibladin.dk\\\/#\\\/schema\\\/logo\\\/image\\\/\"}}]}<\/script>\n<!-- \/ Yoast SEO plugin. -->","yoast_head_json":{"title":"Panier ALADIN naturel et blanc | Fait \u00e0 la main \u00e0 partir de rotin | Tibladin","description":"Panier en rotin marocain fait main, tress\u00e9 \u00e0 partir de mat\u00e9riaux naturels. Apporte chaleur, confort et une touche de Maroc dans n&#039;importe quelle pi\u00e8ce \u21d2 Voyez-le ici","robots":{"index":"index","follow":"follow","max-snippet":"max-snippet:-1","max-image-preview":"max-image-preview:large","max-video-preview":"max-video-preview:-1"},"canonical":"https:\/\/tibladin.dk\/fr\/produit-4\/panier-aladin-naturel-et-blanc\/","og_locale":"fr_FR","og_type":"article","og_title":"ALADIN kurv natur og hvid | H\u00e5ndlavet af rattan |Tibladin","og_description":"H\u00e5ndlavet marrokansk rattan-kurv, flettet af naturmaterialer. Giver varme, hygge og et touch af Marokko i ethvert rum \u21d2 Se den her","og_url":"https:\/\/tibladin.dk\/fr\/produit-4\/panier-aladin-naturel-et-blanc\/","og_site_name":"Tibladin","article_modified_time":"2024-12-10T10:35:46+00:00","og_image":[{"width":800,"height":800,"url":"https:\/\/tibladin.dk\/wp-content\/uploads\/2022\/09\/ALADIN-kurv-kopier-1.jpg","type":"image\/jpeg"}],"twitter_card":"summary_large_image","twitter_misc":{"Dur\u00e9e de lecture estim\u00e9e":"2 minutes"},"schema":{"@context":"https:\/\/schema.org","@graph":[{"@type":"WebPage","@id":"https:\/\/tibladin.dk\/produkt\/aladin-kurv-natur-og-hvid\/","url":"https:\/\/tibladin.dk\/produkt\/aladin-kurv-natur-og-hvid\/","name":"Panier ALADIN naturel et blanc | Fait \u00e0 la main \u00e0 partir de rotin | Tibladin","isPartOf":{"@id":"https:\/\/tibladin.dk\/#website"},"primaryImageOfPage":{"@id":"https:\/\/tibladin.dk\/produkt\/aladin-kurv-natur-og-hvid\/#primaryimage"},"image":{"@id":"https:\/\/tibladin.dk\/produkt\/aladin-kurv-natur-og-hvid\/#primaryimage"},"thumbnailUrl":"https:\/\/tibladin.dk\/wp-content\/uploads\/2022\/09\/ALADIN-kurv-kopier-1.jpg","datePublished":"2022-09-20T09:13:22+00:00","dateModified":"2024-12-10T10:35:46+00:00","description":"Panier en rotin marocain fait main, tress\u00e9 \u00e0 partir de mat\u00e9riaux naturels. Apporte chaleur, confort et une touche de Maroc dans n&#039;importe quelle pi\u00e8ce \u21d2 Voyez-le ici","breadcrumb":{"@id":"https:\/\/tibladin.dk\/produkt\/aladin-kurv-natur-og-hvid\/#breadcrumb"},"inLanguage":"fr-FR","potentialAction":[{"@type":"ReadAction","target":["https:\/\/tibladin.dk\/produkt\/aladin-kurv-natur-og-hvid\/"]}]},{"@type":"ImageObject","inLanguage":"fr-FR","@id":"https:\/\/tibladin.dk\/produkt\/aladin-kurv-natur-og-hvid\/#primaryimage","url":"https:\/\/tibladin.dk\/wp-content\/uploads\/2022\/09\/ALADIN-kurv-kopier-1.jpg","contentUrl":"https:\/\/tibladin.dk\/wp-content\/uploads\/2022\/09\/ALADIN-kurv-kopier-1.jpg","width":800,"height":800,"caption":"Stor marokkansk h\u00e5ndlavet kurv i natur rattan med hvide tr\u00e5de"},{"@type":"BreadcrumbList","@id":"https:\/\/tibladin.dk\/produkt\/aladin-kurv-natur-og-hvid\/#breadcrumb","itemListElement":[{"@type":"ListItem","position":1,"name":"Hjem","item":"https:\/\/tibladin.dk\/"},{"@type":"ListItem","position":2,"name":"Shop","item":"https:\/\/tibladin.dk\/shop\/"},{"@type":"ListItem","position":3,"name":"ALADIN kurv natur og hvid"}]},{"@type":"WebSite","@id":"https:\/\/tibladin.dk\/#website","url":"https:\/\/tibladin.dk\/","name":"Tibladin","description":"Tibladin","publisher":{"@id":"https:\/\/tibladin.dk\/#organization"},"potentialAction":[{"@type":"SearchAction","target":{"@type":"EntryPoint","urlTemplate":"https:\/\/tibladin.dk\/?s={search_term_string}"},"query-input":{"@type":"PropertyValueSpecification","valueRequired":true,"valueName":"search_term_string"}}],"inLanguage":"fr-FR"},{"@type":"Organization","@id":"https:\/\/tibladin.dk\/#organization","name":"Tibladin","url":"https:\/\/tibladin.dk\/","logo":{"@type":"ImageObject","inLanguage":"fr-FR","@id":"https:\/\/tibladin.dk\/#\/schema\/logo\/image\/","url":"https:\/\/tibladin.dk\/wp-content\/uploads\/2022\/09\/tibladin_logo.svg","contentUrl":"https:\/\/tibladin.dk\/wp-content\/uploads\/2022\/09\/tibladin_logo.svg","caption":"Tibladin"},"image":{"@id":"https:\/\/tibladin.dk\/#\/schema\/logo\/image\/"}}]}},"_links":{"self":[{"href":"https:\/\/tibladin.dk\/fr\/wp-json\/wp\/v2\/product\/2039","targetHints":{"allow":["GET"]}}],"collection":[{"href":"https:\/\/tibladin.dk\/fr\/wp-json\/wp\/v2\/product"}],"about":[{"href":"https:\/\/tibladin.dk\/fr\/wp-json\/wp\/v2\/types\/product"}],"wp:featuredmedia":[{"embeddable":true,"href":"https:\/\/tibladin.dk\/fr\/wp-json\/wp\/v2\/media\/2037"}],"wp:attachment":[{"href":"https:\/\/tibladin.dk\/fr\/wp-json\/wp\/v2\/media?parent=2039"}],"wp:term":[{"taxonomy":"product_brand","embeddable":true,"href":"https:\/\/tibladin.dk\/fr\/wp-json\/wp\/v2\/product_brand?post=2039"},{"taxonomy":"product_cat","embeddable":true,"href":"https:\/\/tibladin.dk\/fr\/wp-json\/wp\/v2\/product_cat?post=2039"},{"taxonomy":"product_tag","embeddable":true,"href":"https:\/\/tibladin.dk\/fr\/wp-json\/wp\/v2\/product_tag?post=2039"}],"curies":[{"name":"wp","href":"https:\/\/api.w.org\/{rel}","templated":true}]}}