{"id":2056,"date":"2022-09-20T11:13:29","date_gmt":"2022-09-20T09:13:29","guid":{"rendered":"https:\/\/tibladin.dk\/?post_type=product&#038;p=2056"},"modified":"2026-01-11T14:48:24","modified_gmt":"2026-01-11T13:48:24","slug":"pantoufles-chaussures-hommes-petrole","status":"publish","type":"product","link":"https:\/\/tibladin.dk\/fr\/produkt\/slippers-sko-herre-petrol\/","title":{"rendered":"Babouches \u00e0 semelles homme \u2013 p\u00e9trole"},"content":{"rendered":"<div class=\"wpb-content-wrapper\"><div class=\"vc_row wpb_row vc_row-fluid\"><div class=\"wpb_column vc_column_container vc_col-sm-4\"><div class=\"vc_column-inner\"><div class=\"wpb_wrapper\"><\/div><\/div><\/div><div class=\"wpb_column vc_column_container vc_col-sm-4\"><div class=\"vc_column-inner\"><div class=\"wpb_wrapper\"><h3 style=\"text-align: left\" class=\"vc_custom_heading vc_do_custom_heading\" >Entretien<\/h3>\n\t<div class=\"wpb_text_column wpb_content_element\" >\n\t\t<div class=\"wpb_wrapper\">\n\t\t\t<p>Nos chaussons Barbouche \u00e9tant enti\u00e8rement confectionn\u00e9s en cuir, ils ont une longue dur\u00e9e de conservation et acquerront une patine naturelle au fil du temps. Vous pouvez choisir de leur donner une couche de graisse pour cuir de temps en temps. Sachez que la couleur peut l\u00e9g\u00e8rement changer si elle est expos\u00e9e \u00e0 l&#039;eau, comme c&#039;est le cas pour tous les mat\u00e9riaux en cuir.<\/p>\n<p>Guide des tailles hommes env. But:<\/p>\n<p>43<span class=\"Apple-converted-space\">\u00a0 <\/span>L: 27 cm<\/p>\n<p>44<span class=\"Apple-converted-space\">\u00a0 <\/span>L : 28,7 cm.<\/p>\n<p>45<span class=\"Apple-converted-space\">\u00a0 <\/span>L : 28,5 cm<\/p>\n<p>46<span class=\"Apple-converted-space\">\u00a0 <\/span>L : 29,2 cm.<\/p>\n<p>47<span class=\"Apple-converted-space\">\u00a0 <\/span>L : 30 cm.<\/p>\n<p>48 L : 30,7 cm.<\/p>\n\n\t\t<\/div>\n\t<\/div>\n<\/div><\/div><\/div><div class=\"wpb_column vc_column_container vc_col-sm-4\"><div class=\"vc_column-inner\"><div class=\"wpb_wrapper\"><h3 style=\"text-align: left\" class=\"vc_custom_heading vc_do_custom_heading\" >L&#039;histoire derri\u00e8re<\/h3>\n\t<div class=\"wpb_text_column wpb_content_element\" >\n\t\t<div class=\"wpb_wrapper\">\n\t\t\t<p><i>Babouches\u00a0<\/i>sont des pantoufles marocaines classiques.<\/p>\n<p>Ils sont fabriqu\u00e9s \u00e0 la main de mani\u00e8re traditionnelle au Maroc. Le tout en cuir de ch\u00e8vre, pour une sensation soyeuse sur vos pieds. Avec leurs nombreuses couleurs et motifs diff\u00e9rents, ils s&#039;int\u00e8grent \u00e0 la plupart des tenues et ajoutent une d\u00e9licieuse touche boh\u00e8me \u00e0 un look scandinave. Au Maroc, on les utilise aussi bien \u00e0 l&#039;ext\u00e9rieur qu&#039;\u00e0 l&#039;int\u00e9rieur, et attendez, d\u00e8s que vous aurez mis ces jolis chaussons aux pieds, vous n&#039;aurez plus envie de porter autre chose.<\/p>\n\n\t\t<\/div>\n\t<\/div>\n<\/div><\/div><\/div><\/div>\n<\/div>","protected":false},"excerpt":{"rendered":"<p>Belles pantoufles\/chaussures de couleur p\u00e9trole avec semelle en caoutchouc ferme. Apr\u00e8s avoir port\u00e9 vos chaussons pendant un certain temps, le cuir de ch\u00e8vre et la semelle en caoutchouc deviennent doux comme du beurre et se moulent \u00e0 votre pied. La semelle ferme signifie que vous pouvez facilement utiliser ces pantoufles\/chaussures pour sortir. Ou si vous pr\u00e9f\u00e9rez simplement une paire de pantoufles qui vous offrent plus de soutien et de fermet\u00e9, alors c&#039;est la paire que vous devriez choisir.<\/p>\n<p>Vous pouvez obtenir un soutien pour le talon en relevant le talon ou en le pliant pour l&#039;utiliser comme une chaussure ouverte. Vous ne sentez pas le talon lorsqu&#039;il est pli\u00e9.<\/p>\n<p>Il y a de petites marques fines dans le cuir qui donnent un look exclusif.<\/p>\n<p>En tailles 43, 44, 45, 46, 47 et 48<\/p>\n<p>Au Maroc, on appelle \u00e7a des chaussons<em>\u00a0babouche. <\/em>Ils sont fabriqu\u00e9s \u00e0 la main dans le cuir de ch\u00e8vre le plus doux et s&#039;adapteront \u00e0 votre pied.<\/p>\n<p>Si n\u00e9cessaire, prenez une taille au-dessus de celle que vous utilisez habituellement, car elle risque de tailler un peu petit.<\/p>","protected":false},"featured_media":2124,"template":"","meta":{"inline_featured_image":false},"product_brand":[],"product_cat":[47,79,81],"product_tag":[],"class_list":{"0":"post-2056","1":"product","2":"type-product","3":"status-publish","4":"has-post-thumbnail","6":"product_cat-gaven-til-ham","7":"product_cat-slippers","8":"product_cat-herre","10":"first","11":"instock","12":"taxable","13":"shipping-taxable","14":"purchasable","15":"product-type-variable"},"exclude_global_add_ons":false,"addons":[{"name":"Vous souhaitez un emballage cadeau ?","type":"checkbox","position":0,"required":false,"title_format":"label","default":"","description_enable":false,"description":"","placeholder_enable":false,"placeholder":"","display":"images","restrictions_type":"any_text","adjust_price":false,"price":"","price_type":"flat_fee","restrictions":false,"min":"0","max":"0","options":[{"label":"Ja tak","price":"10","price_type":"flat_fee","image":11015,"visibility":true}],"id":1669646111}],"yoast_head":"<!-- This site is optimized with the Yoast SEO plugin v27.5 - https:\/\/yoast.com\/product\/yoast-seo-wordpress\/ -->\n<title>H\u00e5ndlavede marokkanske slippers i bl\u00f8dt l\u00e6der og fast s\u00e5l.<\/title>\n<meta name=\"description\" content=\"Klassiske marokkanske slippers\/barbouches\/hjemmesko lavet i silkebl\u00f8dt gedel\u00e6der. De f\u00e5s i seks forskellige farver til herrer- Tibladin\" \/>\n<meta name=\"robots\" content=\"index, follow, max-snippet:-1, max-image-preview:large, max-video-preview:-1\" \/>\n<link rel=\"canonical\" href=\"https:\/\/tibladin.dk\/fr\/produit-4\/pantoufles-chaussures-hommes-petrole\/\" \/>\n<meta property=\"og:locale\" content=\"fr_FR\" \/>\n<meta property=\"og:type\" content=\"article\" \/>\n<meta property=\"og:title\" content=\"H\u00e5ndlavede marokkanske slippers i bl\u00f8dt l\u00e6der og fast s\u00e5l.\" \/>\n<meta property=\"og:description\" content=\"Klassiske marokkanske slippers\/barbouches\/hjemmesko lavet i silkebl\u00f8dt gedel\u00e6der. De f\u00e5s i seks forskellige farver til herrer- Tibladin\" \/>\n<meta property=\"og:url\" content=\"https:\/\/tibladin.dk\/fr\/produit-4\/pantoufles-chaussures-hommes-petrole\/\" \/>\n<meta property=\"og:site_name\" content=\"Tibladin\" \/>\n<meta property=\"article:modified_time\" content=\"2026-01-11T13:48:24+00:00\" \/>\n<meta property=\"og:image\" content=\"https:\/\/tibladin.dk\/wp-content\/uploads\/2022\/09\/Slippers-sko-petrol_800x800-1.jpg\" \/>\n\t<meta property=\"og:image:width\" content=\"800\" \/>\n\t<meta property=\"og:image:height\" content=\"800\" \/>\n\t<meta property=\"og:image:type\" content=\"image\/jpeg\" \/>\n<meta name=\"twitter:card\" content=\"summary_large_image\" \/>\n<meta name=\"twitter:label1\" content=\"Dur\u00e9e de lecture estim\u00e9e\" \/>\n\t<meta name=\"twitter:data1\" content=\"2 minutes\" \/>\n<script type=\"application\/ld+json\" class=\"yoast-schema-graph\">{\"@context\":\"https:\\\/\\\/schema.org\",\"@graph\":[{\"@type\":\"WebPage\",\"@id\":\"https:\\\/\\\/tibladin.dk\\\/produkt\\\/slippers-sko-herre-petrol\\\/\",\"url\":\"https:\\\/\\\/tibladin.dk\\\/produkt\\\/slippers-sko-herre-petrol\\\/\",\"name\":\"H\u00e5ndlavede marokkanske slippers i bl\u00f8dt l\u00e6der og fast s\u00e5l.\",\"isPartOf\":{\"@id\":\"https:\\\/\\\/tibladin.dk\\\/#website\"},\"primaryImageOfPage\":{\"@id\":\"https:\\\/\\\/tibladin.dk\\\/produkt\\\/slippers-sko-herre-petrol\\\/#primaryimage\"},\"image\":{\"@id\":\"https:\\\/\\\/tibladin.dk\\\/produkt\\\/slippers-sko-herre-petrol\\\/#primaryimage\"},\"thumbnailUrl\":\"https:\\\/\\\/tibladin.dk\\\/wp-content\\\/uploads\\\/2022\\\/09\\\/Slippers-sko-petrol_800x800-1.jpg\",\"datePublished\":\"2022-09-20T09:13:29+00:00\",\"dateModified\":\"2026-01-11T13:48:24+00:00\",\"description\":\"Klassiske marokkanske slippers\\\/barbouches\\\/hjemmesko lavet i silkebl\u00f8dt gedel\u00e6der. De f\u00e5s i seks forskellige farver til herrer- Tibladin\",\"breadcrumb\":{\"@id\":\"https:\\\/\\\/tibladin.dk\\\/produkt\\\/slippers-sko-herre-petrol\\\/#breadcrumb\"},\"inLanguage\":\"fr-FR\",\"potentialAction\":[{\"@type\":\"ReadAction\",\"target\":[\"https:\\\/\\\/tibladin.dk\\\/produkt\\\/slippers-sko-herre-petrol\\\/\"]}]},{\"@type\":\"ImageObject\",\"inLanguage\":\"fr-FR\",\"@id\":\"https:\\\/\\\/tibladin.dk\\\/produkt\\\/slippers-sko-herre-petrol\\\/#primaryimage\",\"url\":\"https:\\\/\\\/tibladin.dk\\\/wp-content\\\/uploads\\\/2022\\\/09\\\/Slippers-sko-petrol_800x800-1.jpg\",\"contentUrl\":\"https:\\\/\\\/tibladin.dk\\\/wp-content\\\/uploads\\\/2022\\\/09\\\/Slippers-sko-petrol_800x800-1.jpg\",\"width\":800,\"height\":800,\"caption\":\"Marokkanske h\u00e5ndlavede hjemmesko i petrol, forfra\"},{\"@type\":\"BreadcrumbList\",\"@id\":\"https:\\\/\\\/tibladin.dk\\\/produkt\\\/slippers-sko-herre-petrol\\\/#breadcrumb\",\"itemListElement\":[{\"@type\":\"ListItem\",\"position\":1,\"name\":\"Hjem\",\"item\":\"https:\\\/\\\/tibladin.dk\\\/\"},{\"@type\":\"ListItem\",\"position\":2,\"name\":\"Shop\",\"item\":\"https:\\\/\\\/tibladin.dk\\\/shop\\\/\"},{\"@type\":\"ListItem\",\"position\":3,\"name\":\"Slippers\\\/sko herre &#8211; petrol\"}]},{\"@type\":\"WebSite\",\"@id\":\"https:\\\/\\\/tibladin.dk\\\/#website\",\"url\":\"https:\\\/\\\/tibladin.dk\\\/\",\"name\":\"Tibladin\",\"description\":\"Tibladin\",\"publisher\":{\"@id\":\"https:\\\/\\\/tibladin.dk\\\/#organization\"},\"potentialAction\":[{\"@type\":\"SearchAction\",\"target\":{\"@type\":\"EntryPoint\",\"urlTemplate\":\"https:\\\/\\\/tibladin.dk\\\/?s={search_term_string}\"},\"query-input\":{\"@type\":\"PropertyValueSpecification\",\"valueRequired\":true,\"valueName\":\"search_term_string\"}}],\"inLanguage\":\"fr-FR\"},{\"@type\":\"Organization\",\"@id\":\"https:\\\/\\\/tibladin.dk\\\/#organization\",\"name\":\"Tibladin\",\"url\":\"https:\\\/\\\/tibladin.dk\\\/\",\"logo\":{\"@type\":\"ImageObject\",\"inLanguage\":\"fr-FR\",\"@id\":\"https:\\\/\\\/tibladin.dk\\\/#\\\/schema\\\/logo\\\/image\\\/\",\"url\":\"https:\\\/\\\/tibladin.dk\\\/wp-content\\\/uploads\\\/2022\\\/09\\\/tibladin_logo.svg\",\"contentUrl\":\"https:\\\/\\\/tibladin.dk\\\/wp-content\\\/uploads\\\/2022\\\/09\\\/tibladin_logo.svg\",\"caption\":\"Tibladin\"},\"image\":{\"@id\":\"https:\\\/\\\/tibladin.dk\\\/#\\\/schema\\\/logo\\\/image\\\/\"}}]}<\/script>\n<!-- \/ Yoast SEO plugin. -->","yoast_head_json":{"title":"Pantoufles marocaines artisanales en cuir souple et semelle solide.","description":"Pantoufles\/barbouches\/pantoufles marocaines classiques en cuir de ch\u00e8vre doux et soyeux. Ils sont disponibles en six couleurs diff\u00e9rentes pour hommes - Tibladin","robots":{"index":"index","follow":"follow","max-snippet":"max-snippet:-1","max-image-preview":"max-image-preview:large","max-video-preview":"max-video-preview:-1"},"canonical":"https:\/\/tibladin.dk\/fr\/produit-4\/pantoufles-chaussures-hommes-petrole\/","og_locale":"fr_FR","og_type":"article","og_title":"H\u00e5ndlavede marokkanske slippers i bl\u00f8dt l\u00e6der og fast s\u00e5l.","og_description":"Klassiske marokkanske slippers\/barbouches\/hjemmesko lavet i silkebl\u00f8dt gedel\u00e6der. De f\u00e5s i seks forskellige farver til herrer- Tibladin","og_url":"https:\/\/tibladin.dk\/fr\/produit-4\/pantoufles-chaussures-hommes-petrole\/","og_site_name":"Tibladin","article_modified_time":"2026-01-11T13:48:24+00:00","og_image":[{"width":800,"height":800,"url":"https:\/\/tibladin.dk\/wp-content\/uploads\/2022\/09\/Slippers-sko-petrol_800x800-1.jpg","type":"image\/jpeg"}],"twitter_card":"summary_large_image","twitter_misc":{"Dur\u00e9e de lecture estim\u00e9e":"2 minutes"},"schema":{"@context":"https:\/\/schema.org","@graph":[{"@type":"WebPage","@id":"https:\/\/tibladin.dk\/produkt\/slippers-sko-herre-petrol\/","url":"https:\/\/tibladin.dk\/produkt\/slippers-sko-herre-petrol\/","name":"Pantoufles marocaines artisanales en cuir souple et semelle solide.","isPartOf":{"@id":"https:\/\/tibladin.dk\/#website"},"primaryImageOfPage":{"@id":"https:\/\/tibladin.dk\/produkt\/slippers-sko-herre-petrol\/#primaryimage"},"image":{"@id":"https:\/\/tibladin.dk\/produkt\/slippers-sko-herre-petrol\/#primaryimage"},"thumbnailUrl":"https:\/\/tibladin.dk\/wp-content\/uploads\/2022\/09\/Slippers-sko-petrol_800x800-1.jpg","datePublished":"2022-09-20T09:13:29+00:00","dateModified":"2026-01-11T13:48:24+00:00","description":"Pantoufles\/barbouches\/pantoufles marocaines classiques en cuir de ch\u00e8vre doux et soyeux. Ils sont disponibles en six couleurs diff\u00e9rentes pour hommes - Tibladin","breadcrumb":{"@id":"https:\/\/tibladin.dk\/produkt\/slippers-sko-herre-petrol\/#breadcrumb"},"inLanguage":"fr-FR","potentialAction":[{"@type":"ReadAction","target":["https:\/\/tibladin.dk\/produkt\/slippers-sko-herre-petrol\/"]}]},{"@type":"ImageObject","inLanguage":"fr-FR","@id":"https:\/\/tibladin.dk\/produkt\/slippers-sko-herre-petrol\/#primaryimage","url":"https:\/\/tibladin.dk\/wp-content\/uploads\/2022\/09\/Slippers-sko-petrol_800x800-1.jpg","contentUrl":"https:\/\/tibladin.dk\/wp-content\/uploads\/2022\/09\/Slippers-sko-petrol_800x800-1.jpg","width":800,"height":800,"caption":"Marokkanske h\u00e5ndlavede hjemmesko i petrol, forfra"},{"@type":"BreadcrumbList","@id":"https:\/\/tibladin.dk\/produkt\/slippers-sko-herre-petrol\/#breadcrumb","itemListElement":[{"@type":"ListItem","position":1,"name":"Hjem","item":"https:\/\/tibladin.dk\/"},{"@type":"ListItem","position":2,"name":"Shop","item":"https:\/\/tibladin.dk\/shop\/"},{"@type":"ListItem","position":3,"name":"Slippers\/sko herre &#8211; petrol"}]},{"@type":"WebSite","@id":"https:\/\/tibladin.dk\/#website","url":"https:\/\/tibladin.dk\/","name":"Tibladin","description":"Tibladin","publisher":{"@id":"https:\/\/tibladin.dk\/#organization"},"potentialAction":[{"@type":"SearchAction","target":{"@type":"EntryPoint","urlTemplate":"https:\/\/tibladin.dk\/?s={search_term_string}"},"query-input":{"@type":"PropertyValueSpecification","valueRequired":true,"valueName":"search_term_string"}}],"inLanguage":"fr-FR"},{"@type":"Organization","@id":"https:\/\/tibladin.dk\/#organization","name":"Tibladin","url":"https:\/\/tibladin.dk\/","logo":{"@type":"ImageObject","inLanguage":"fr-FR","@id":"https:\/\/tibladin.dk\/#\/schema\/logo\/image\/","url":"https:\/\/tibladin.dk\/wp-content\/uploads\/2022\/09\/tibladin_logo.svg","contentUrl":"https:\/\/tibladin.dk\/wp-content\/uploads\/2022\/09\/tibladin_logo.svg","caption":"Tibladin"},"image":{"@id":"https:\/\/tibladin.dk\/#\/schema\/logo\/image\/"}}]}},"_links":{"self":[{"href":"https:\/\/tibladin.dk\/fr\/wp-json\/wp\/v2\/product\/2056","targetHints":{"allow":["GET"]}}],"collection":[{"href":"https:\/\/tibladin.dk\/fr\/wp-json\/wp\/v2\/product"}],"about":[{"href":"https:\/\/tibladin.dk\/fr\/wp-json\/wp\/v2\/types\/product"}],"wp:featuredmedia":[{"embeddable":true,"href":"https:\/\/tibladin.dk\/fr\/wp-json\/wp\/v2\/media\/2124"}],"wp:attachment":[{"href":"https:\/\/tibladin.dk\/fr\/wp-json\/wp\/v2\/media?parent=2056"}],"wp:term":[{"taxonomy":"product_brand","embeddable":true,"href":"https:\/\/tibladin.dk\/fr\/wp-json\/wp\/v2\/product_brand?post=2056"},{"taxonomy":"product_cat","embeddable":true,"href":"https:\/\/tibladin.dk\/fr\/wp-json\/wp\/v2\/product_cat?post=2056"},{"taxonomy":"product_tag","embeddable":true,"href":"https:\/\/tibladin.dk\/fr\/wp-json\/wp\/v2\/product_tag?post=2056"}],"curies":[{"name":"wp","href":"https:\/\/api.w.org\/{rel}","templated":true}]}}