{"id":2221,"date":"2022-09-20T11:14:32","date_gmt":"2022-09-20T09:14:32","guid":{"rendered":"https:\/\/tibladin.dk\/vare\/tallerken-groen-marbre-leopard-30-cm\/"},"modified":"2025-12-17T14:20:31","modified_gmt":"2025-12-17T13:20:31","slug":"assiette-marbre-vert-leopard-30-cm","status":"publish","type":"product","link":"https:\/\/tibladin.dk\/fr\/produkt\/tallerken-groen-marbre-leopard-30-cm\/","title":{"rendered":"Assiette l\u00e9opard vert marbr\u00e9  \u2013 30 cm."},"content":{"rendered":"<div class=\"wpb-content-wrapper\"><div class=\"vc_row wpb_row vc_row-fluid\"><div class=\"wpb_column vc_column_container vc_col-sm-4\"><div class=\"vc_column-inner\"><div class=\"wpb_wrapper\">\n\t<div class=\"wpb_video_widget wpb_content_element vc_clearfix   vc_video-aspect-ratio-43 vc_video-el-width-100 vc_video-align-left\" >\n\t\t<div class=\"wpb_wrapper\">\n\t\t\t\n\t\t\t<div class=\"wpb_video_wrapper\"><div class=\"video-container\"><iframe loading=\"lazy\" title=\"Tibladin_produktion gr\u00e8s\" src=\"https:\/\/player.vimeo.com\/video\/415400643?dnt=1&amp;app_id=122963\" width=\"310\" height=\"310\" frameborder=\"0\" allow=\"autoplay; fullscreen; picture-in-picture\"><\/iframe><\/div><\/div>\n\t\t<\/div>\n\t<\/div>\n<\/div><\/div><\/div><div class=\"wpb_column vc_column_container vc_col-sm-4\"><div class=\"vc_column-inner\"><div class=\"wpb_wrapper\"><h3 style=\"text-align: left\" class=\"vc_custom_heading vc_do_custom_heading\" >Entretien<\/h3>\n\t<div class=\"wpb_text_column wpb_content_element\" >\n\t\t<div class=\"wpb_wrapper\">\n\t\t\t<p>Peut \u00eatre lav\u00e9 avec de l&#039;eau savonneuse douce \u2013 peut \u00e9galement aller au lave-vaisselle.<\/p>\n<p>Tous les gr\u00e8s sont fabriqu\u00e9s \u00e0 la main et il peut y avoir des variations de couleur et de forme.<\/p>\n\n\t\t<\/div>\n\t<\/div>\n<\/div><\/div><\/div><div class=\"wpb_column vc_column_container vc_col-sm-4\"><div class=\"vc_column-inner\"><div class=\"wpb_wrapper\"><h3 style=\"text-align: left\" class=\"vc_custom_heading vc_do_custom_heading\" >L&#039;histoire derri\u00e8re<\/h3>\n\t<div class=\"wpb_text_column wpb_content_element\" >\n\t\t<div class=\"wpb_wrapper\">\n\t\t\t<p>Une jolie table avec de belles choses uniques peut \u00eatre un bon sujet de conversation avec vos invit\u00e9s. Ma collaboration avec ce fabricant de gr\u00e8s est absolument extraordinaire. Ici, ils sont sp\u00e9cialis\u00e9s dans la fabrication de gr\u00e8s intemporels avec une petite touche marocaine, comme je l&#039;adore. On l&#039;appelle aussi porcelaine de Marrakech. Ils livrent dans le monde entier et dans tous les grands h\u00f4tels, restaurants et magasins. Le gr\u00e8s est cuit \u00e0 plus de 1\u00a0200 degr\u00e9s, ce qui le rend tr\u00e8s durable. Tout ce que vous voyez sous le gr\u00e8s sur cette page est approuv\u00e9 pour \u00eatre utilis\u00e9 au four, au micro-ondes et au lave-vaisselle, et en tant que consommateur, vous \u00eates assur\u00e9 que tout est approuv\u00e9 par l&#039;Agence alimentaire danoise, qui d\u00e9clare qu&#039;il s&#039;agit de mat\u00e9riaux et de vernis non toxiques. approuv\u00e9 pour pouvoir y manger et y boire. Voir le lien sur la premi\u00e8re page vers le rapport de contr\u00f4le de Tibladin aupr\u00e8s de la Danish Food and Drug Administration.<\/p>\n\n\t\t<\/div>\n\t<\/div>\n<\/div><\/div><\/div><\/div>\n<\/div>","protected":false},"excerpt":{"rendered":"<p>Ces assiettes en gr\u00e8s ont un look incroyablement \u00e9l\u00e9gant dans une couleur vert fonc\u00e9. Cette variante de la s\u00e9rie pr\u00e9sente un fort jeu de gla\u00e7ure, qui donne un aspect presque l\u00e9opard. Elles sont id\u00e9ales \u00e0 assembler avec les autres assiettes en vert marbr\u00e9 pour une table plus dynamique.<\/p>\n<p>30 cm de diam\u00e8tre.<\/p>\n<p>Dans la m\u00eame s\u00e9rie que les bols et tajines en marbre vert<\/p>\n<p class=\"p1\"><span class=\"s1\">Chaque assiette est unique et pr\u00e9sente de petites nuances.\u00a0<\/span><\/p>\n<p>Achetez \u00e0 partir de 4 plaques et obtenez 10 % de r\u00e9duction.<\/p>\n<p>Tout le gr\u00e8s est approuv\u00e9 par l&#039;Autorit\u00e9 alimentaire danoise.<\/p>","protected":false},"featured_media":2217,"template":"","meta":{"inline_featured_image":false},"product_brand":[],"product_cat":[33,43,89,32],"product_tag":[],"class_list":{"0":"post-2221","1":"product","2":"type-product","3":"status-publish","4":"has-post-thumbnail","6":"product_cat-borddaekning","7":"product_cat-stentoej","8":"product_cat-tallerkner","9":"product_cat-tilbud","11":"first","12":"instock","13":"sale","14":"taxable","15":"shipping-taxable","16":"purchasable","17":"product-type-simple"},"exclude_global_add_ons":false,"addons":[{"name":"Vous souhaitez un emballage cadeau ?","type":"checkbox","position":0,"required":false,"title_format":"label","default":"","description_enable":false,"description":"","placeholder_enable":false,"placeholder":"","display":"images","restrictions_type":"any_text","adjust_price":false,"price":"","price_type":"flat_fee","restrictions":false,"min":"0","max":"0","options":[{"label":"Ja tak","price":"10","price_type":"flat_fee","image":11015,"visibility":true}],"id":1669646111}],"yoast_head":"<!-- This site is optimized with the Yoast SEO plugin v27.4 - https:\/\/yoast.com\/product\/yoast-seo-wordpress\/ -->\n<title>H\u00e5ndlavede marokkanske keramik tallerkner i m\u00f8rkegr\u00f8n | Tibladin<\/title>\n<meta name=\"description\" content=\"Marokkanske keramik tallerkner i m\u00f8rkegr\u00f8n. H\u00e5nddrejet stent\u00f8j der er meget modstandsdygtig, og som kan klare almindelig hverdagsbrug.\" \/>\n<meta name=\"robots\" content=\"index, follow, max-snippet:-1, max-image-preview:large, max-video-preview:-1\" \/>\n<link rel=\"canonical\" href=\"https:\/\/tibladin.dk\/fr\/produit-4\/assiette-marbre-vert-leopard-30-cm\/\" \/>\n<meta property=\"og:locale\" content=\"fr_FR\" \/>\n<meta property=\"og:type\" content=\"article\" \/>\n<meta property=\"og:title\" content=\"H\u00e5ndlavede marokkanske keramik tallerkner i m\u00f8rkegr\u00f8n | Tibladin\" \/>\n<meta property=\"og:description\" content=\"Marokkanske keramik tallerkner i m\u00f8rkegr\u00f8n. H\u00e5nddrejet stent\u00f8j der er meget modstandsdygtig, og som kan klare almindelig hverdagsbrug.\" \/>\n<meta property=\"og:url\" content=\"https:\/\/tibladin.dk\/fr\/produit-4\/assiette-marbre-vert-leopard-30-cm\/\" \/>\n<meta property=\"og:site_name\" content=\"Tibladin\" \/>\n<meta property=\"article:modified_time\" content=\"2025-12-17T13:20:31+00:00\" \/>\n<meta property=\"og:image\" content=\"https:\/\/tibladin.dk\/wp-content\/uploads\/2022\/09\/Groen-marbre-leopard-tallerken-1.jpg\" \/>\n\t<meta property=\"og:image:width\" content=\"800\" \/>\n\t<meta property=\"og:image:height\" content=\"800\" \/>\n\t<meta property=\"og:image:type\" content=\"image\/jpeg\" \/>\n<meta name=\"twitter:card\" content=\"summary_large_image\" \/>\n<meta name=\"twitter:label1\" content=\"Dur\u00e9e de lecture estim\u00e9e\" \/>\n\t<meta name=\"twitter:data1\" content=\"2 minutes\" \/>\n<script type=\"application\/ld+json\" class=\"yoast-schema-graph\">{\"@context\":\"https:\\\/\\\/schema.org\",\"@graph\":[{\"@type\":\"WebPage\",\"@id\":\"https:\\\/\\\/tibladin.dk\\\/produkt\\\/tallerken-groen-marbre-leopard-30-cm\\\/\",\"url\":\"https:\\\/\\\/tibladin.dk\\\/produkt\\\/tallerken-groen-marbre-leopard-30-cm\\\/\",\"name\":\"H\u00e5ndlavede marokkanske keramik tallerkner i m\u00f8rkegr\u00f8n | Tibladin\",\"isPartOf\":{\"@id\":\"https:\\\/\\\/tibladin.dk\\\/#website\"},\"primaryImageOfPage\":{\"@id\":\"https:\\\/\\\/tibladin.dk\\\/produkt\\\/tallerken-groen-marbre-leopard-30-cm\\\/#primaryimage\"},\"image\":{\"@id\":\"https:\\\/\\\/tibladin.dk\\\/produkt\\\/tallerken-groen-marbre-leopard-30-cm\\\/#primaryimage\"},\"thumbnailUrl\":\"https:\\\/\\\/tibladin.dk\\\/wp-content\\\/uploads\\\/2022\\\/09\\\/Groen-marbre-leopard-tallerken-1.jpg\",\"datePublished\":\"2022-09-20T09:14:32+00:00\",\"dateModified\":\"2025-12-17T13:20:31+00:00\",\"description\":\"Marokkanske keramik tallerkner i m\u00f8rkegr\u00f8n. H\u00e5nddrejet stent\u00f8j der er meget modstandsdygtig, og som kan klare almindelig hverdagsbrug.\",\"breadcrumb\":{\"@id\":\"https:\\\/\\\/tibladin.dk\\\/produkt\\\/tallerken-groen-marbre-leopard-30-cm\\\/#breadcrumb\"},\"inLanguage\":\"fr-FR\",\"potentialAction\":[{\"@type\":\"ReadAction\",\"target\":[\"https:\\\/\\\/tibladin.dk\\\/produkt\\\/tallerken-groen-marbre-leopard-30-cm\\\/\"]}]},{\"@type\":\"ImageObject\",\"inLanguage\":\"fr-FR\",\"@id\":\"https:\\\/\\\/tibladin.dk\\\/produkt\\\/tallerken-groen-marbre-leopard-30-cm\\\/#primaryimage\",\"url\":\"https:\\\/\\\/tibladin.dk\\\/wp-content\\\/uploads\\\/2022\\\/09\\\/Groen-marbre-leopard-tallerken-1.jpg\",\"contentUrl\":\"https:\\\/\\\/tibladin.dk\\\/wp-content\\\/uploads\\\/2022\\\/09\\\/Groen-marbre-leopard-tallerken-1.jpg\",\"width\":800,\"height\":800,\"caption\":\"Marokkansk h\u00e5ndlavet stent\u00f8js tallerken i gr\u00f8n med leopard plet m\u00f8nster, st\u00e5ende op af en v\u00e6g\"},{\"@type\":\"BreadcrumbList\",\"@id\":\"https:\\\/\\\/tibladin.dk\\\/produkt\\\/tallerken-groen-marbre-leopard-30-cm\\\/#breadcrumb\",\"itemListElement\":[{\"@type\":\"ListItem\",\"position\":1,\"name\":\"Hjem\",\"item\":\"https:\\\/\\\/tibladin.dk\\\/\"},{\"@type\":\"ListItem\",\"position\":2,\"name\":\"Shop\",\"item\":\"https:\\\/\\\/tibladin.dk\\\/shop\\\/\"},{\"@type\":\"ListItem\",\"position\":3,\"name\":\"Tallerken gr\u00f8n marbr\u00e9 leopard &#8211; 30 cm.\"}]},{\"@type\":\"WebSite\",\"@id\":\"https:\\\/\\\/tibladin.dk\\\/#website\",\"url\":\"https:\\\/\\\/tibladin.dk\\\/\",\"name\":\"Tibladin\",\"description\":\"Tibladin\",\"publisher\":{\"@id\":\"https:\\\/\\\/tibladin.dk\\\/#organization\"},\"potentialAction\":[{\"@type\":\"SearchAction\",\"target\":{\"@type\":\"EntryPoint\",\"urlTemplate\":\"https:\\\/\\\/tibladin.dk\\\/?s={search_term_string}\"},\"query-input\":{\"@type\":\"PropertyValueSpecification\",\"valueRequired\":true,\"valueName\":\"search_term_string\"}}],\"inLanguage\":\"fr-FR\"},{\"@type\":\"Organization\",\"@id\":\"https:\\\/\\\/tibladin.dk\\\/#organization\",\"name\":\"Tibladin\",\"url\":\"https:\\\/\\\/tibladin.dk\\\/\",\"logo\":{\"@type\":\"ImageObject\",\"inLanguage\":\"fr-FR\",\"@id\":\"https:\\\/\\\/tibladin.dk\\\/#\\\/schema\\\/logo\\\/image\\\/\",\"url\":\"https:\\\/\\\/tibladin.dk\\\/wp-content\\\/uploads\\\/2022\\\/09\\\/tibladin_logo.svg\",\"contentUrl\":\"https:\\\/\\\/tibladin.dk\\\/wp-content\\\/uploads\\\/2022\\\/09\\\/tibladin_logo.svg\",\"caption\":\"Tibladin\"},\"image\":{\"@id\":\"https:\\\/\\\/tibladin.dk\\\/#\\\/schema\\\/logo\\\/image\\\/\"}}]}<\/script>\n<!-- \/ Yoast SEO plugin. -->","yoast_head_json":{"title":"Assiettes en c\u00e9ramique marocaines faites \u00e0 la main en vert fonc\u00e9 | Tibladine","description":"Assiettes en c\u00e9ramique marocaine vert fonc\u00e9. Un gr\u00e8s tourn\u00e9 \u00e0 la main, tr\u00e8s r\u00e9sistant et adapt\u00e9 \u00e0 un usage quotidien ordinaire.","robots":{"index":"index","follow":"follow","max-snippet":"max-snippet:-1","max-image-preview":"max-image-preview:large","max-video-preview":"max-video-preview:-1"},"canonical":"https:\/\/tibladin.dk\/fr\/produit-4\/assiette-marbre-vert-leopard-30-cm\/","og_locale":"fr_FR","og_type":"article","og_title":"H\u00e5ndlavede marokkanske keramik tallerkner i m\u00f8rkegr\u00f8n | Tibladin","og_description":"Marokkanske keramik tallerkner i m\u00f8rkegr\u00f8n. H\u00e5nddrejet stent\u00f8j der er meget modstandsdygtig, og som kan klare almindelig hverdagsbrug.","og_url":"https:\/\/tibladin.dk\/fr\/produit-4\/assiette-marbre-vert-leopard-30-cm\/","og_site_name":"Tibladin","article_modified_time":"2025-12-17T13:20:31+00:00","og_image":[{"width":800,"height":800,"url":"https:\/\/tibladin.dk\/wp-content\/uploads\/2022\/09\/Groen-marbre-leopard-tallerken-1.jpg","type":"image\/jpeg"}],"twitter_card":"summary_large_image","twitter_misc":{"Dur\u00e9e de lecture estim\u00e9e":"2 minutes"},"schema":{"@context":"https:\/\/schema.org","@graph":[{"@type":"WebPage","@id":"https:\/\/tibladin.dk\/produkt\/tallerken-groen-marbre-leopard-30-cm\/","url":"https:\/\/tibladin.dk\/produkt\/tallerken-groen-marbre-leopard-30-cm\/","name":"Assiettes en c\u00e9ramique marocaines faites \u00e0 la main en vert fonc\u00e9 | Tibladine","isPartOf":{"@id":"https:\/\/tibladin.dk\/#website"},"primaryImageOfPage":{"@id":"https:\/\/tibladin.dk\/produkt\/tallerken-groen-marbre-leopard-30-cm\/#primaryimage"},"image":{"@id":"https:\/\/tibladin.dk\/produkt\/tallerken-groen-marbre-leopard-30-cm\/#primaryimage"},"thumbnailUrl":"https:\/\/tibladin.dk\/wp-content\/uploads\/2022\/09\/Groen-marbre-leopard-tallerken-1.jpg","datePublished":"2022-09-20T09:14:32+00:00","dateModified":"2025-12-17T13:20:31+00:00","description":"Assiettes en c\u00e9ramique marocaine vert fonc\u00e9. Un gr\u00e8s tourn\u00e9 \u00e0 la main, tr\u00e8s r\u00e9sistant et adapt\u00e9 \u00e0 un usage quotidien ordinaire.","breadcrumb":{"@id":"https:\/\/tibladin.dk\/produkt\/tallerken-groen-marbre-leopard-30-cm\/#breadcrumb"},"inLanguage":"fr-FR","potentialAction":[{"@type":"ReadAction","target":["https:\/\/tibladin.dk\/produkt\/tallerken-groen-marbre-leopard-30-cm\/"]}]},{"@type":"ImageObject","inLanguage":"fr-FR","@id":"https:\/\/tibladin.dk\/produkt\/tallerken-groen-marbre-leopard-30-cm\/#primaryimage","url":"https:\/\/tibladin.dk\/wp-content\/uploads\/2022\/09\/Groen-marbre-leopard-tallerken-1.jpg","contentUrl":"https:\/\/tibladin.dk\/wp-content\/uploads\/2022\/09\/Groen-marbre-leopard-tallerken-1.jpg","width":800,"height":800,"caption":"Marokkansk h\u00e5ndlavet stent\u00f8js tallerken i gr\u00f8n med leopard plet m\u00f8nster, st\u00e5ende op af en v\u00e6g"},{"@type":"BreadcrumbList","@id":"https:\/\/tibladin.dk\/produkt\/tallerken-groen-marbre-leopard-30-cm\/#breadcrumb","itemListElement":[{"@type":"ListItem","position":1,"name":"Hjem","item":"https:\/\/tibladin.dk\/"},{"@type":"ListItem","position":2,"name":"Shop","item":"https:\/\/tibladin.dk\/shop\/"},{"@type":"ListItem","position":3,"name":"Tallerken gr\u00f8n marbr\u00e9 leopard &#8211; 30 cm."}]},{"@type":"WebSite","@id":"https:\/\/tibladin.dk\/#website","url":"https:\/\/tibladin.dk\/","name":"Tibladin","description":"Tibladin","publisher":{"@id":"https:\/\/tibladin.dk\/#organization"},"potentialAction":[{"@type":"SearchAction","target":{"@type":"EntryPoint","urlTemplate":"https:\/\/tibladin.dk\/?s={search_term_string}"},"query-input":{"@type":"PropertyValueSpecification","valueRequired":true,"valueName":"search_term_string"}}],"inLanguage":"fr-FR"},{"@type":"Organization","@id":"https:\/\/tibladin.dk\/#organization","name":"Tibladin","url":"https:\/\/tibladin.dk\/","logo":{"@type":"ImageObject","inLanguage":"fr-FR","@id":"https:\/\/tibladin.dk\/#\/schema\/logo\/image\/","url":"https:\/\/tibladin.dk\/wp-content\/uploads\/2022\/09\/tibladin_logo.svg","contentUrl":"https:\/\/tibladin.dk\/wp-content\/uploads\/2022\/09\/tibladin_logo.svg","caption":"Tibladin"},"image":{"@id":"https:\/\/tibladin.dk\/#\/schema\/logo\/image\/"}}]}},"_links":{"self":[{"href":"https:\/\/tibladin.dk\/fr\/wp-json\/wp\/v2\/product\/2221","targetHints":{"allow":["GET"]}}],"collection":[{"href":"https:\/\/tibladin.dk\/fr\/wp-json\/wp\/v2\/product"}],"about":[{"href":"https:\/\/tibladin.dk\/fr\/wp-json\/wp\/v2\/types\/product"}],"wp:featuredmedia":[{"embeddable":true,"href":"https:\/\/tibladin.dk\/fr\/wp-json\/wp\/v2\/media\/2217"}],"wp:attachment":[{"href":"https:\/\/tibladin.dk\/fr\/wp-json\/wp\/v2\/media?parent=2221"}],"wp:term":[{"taxonomy":"product_brand","embeddable":true,"href":"https:\/\/tibladin.dk\/fr\/wp-json\/wp\/v2\/product_brand?post=2221"},{"taxonomy":"product_cat","embeddable":true,"href":"https:\/\/tibladin.dk\/fr\/wp-json\/wp\/v2\/product_cat?post=2221"},{"taxonomy":"product_tag","embeddable":true,"href":"https:\/\/tibladin.dk\/fr\/wp-json\/wp\/v2\/product_tag?post=2221"}],"curies":[{"name":"wp","href":"https:\/\/api.w.org\/{rel}","templated":true}]}}