{"id":2237,"date":"2022-09-20T11:14:39","date_gmt":"2022-09-20T09:14:39","guid":{"rendered":"https:\/\/tibladin.dk\/?post_type=product&#038;p=2237"},"modified":"2024-12-09T14:29:35","modified_gmt":"2024-12-09T13:29:35","slug":"tables-en-bois-en-moule-gris-bleu","status":"publish","type":"product","link":"https:\/\/tibladin.dk\/fr\/produkt\/traeborde-i-graa-blaa-moule\/","title":{"rendered":"Tables en bois gris\/bleu MOULE"},"content":{"rendered":"<div class=\"wpb-content-wrapper\"><div class=\"vc_row wpb_row vc_row-fluid\"><div class=\"wpb_column vc_column_container vc_col-sm-4\"><div class=\"vc_column-inner\"><div class=\"wpb_wrapper\"><\/div><\/div><\/div><div class=\"wpb_column vc_column_container vc_col-sm-4\"><div class=\"vc_column-inner\"><div class=\"wpb_wrapper\"><h3 style=\"text-align: left\" class=\"vc_custom_heading vc_do_custom_heading\" >Entretien<\/h3>\n\t<div class=\"wpb_text_column wpb_content_element\" >\n\t\t<div class=\"wpb_wrapper\">\n\t\t\t<p>Les tables peuvent facilement \u00eatre essuy\u00e9es avec un chiffon humide. Si vous le souhaitez, vous pouvez \u00e9galement donner un peu d&#039;huile au bois pour faire ressortir les couleurs et garder le beau bois droit.<\/p>\n\n\t\t<\/div>\n\t<\/div>\n<\/div><\/div><\/div><div class=\"wpb_column vc_column_container vc_col-sm-4\"><div class=\"vc_column-inner\"><div class=\"wpb_wrapper\"><h3 style=\"text-align: left\" class=\"vc_custom_heading vc_do_custom_heading\" >L&#039;histoire derri\u00e8re<\/h3>\n\t<div class=\"wpb_text_column wpb_content_element\" >\n\t\t<div class=\"wpb_wrapper\">\n\t\t\t<p>Tables en bois recycl\u00e9 provenant de portes marocaines. Les tables ont un aspect rustique avec une structure en acier et de jolis marquages dans le bois. Les belles et inspirantes portes marocaines trouvent une nouvelle vie dans ces tables, o\u00f9 le style marocain rencontre le design durable scandinave. Personnellement, j&#039;ai aussi des associations avec le maritime, la mer du Nord et des voyages \u00e0 la maison d&#039;\u00e9t\u00e9. C&#039;est pourquoi les tables sont appel\u00e9es MOULE, ce qui signifie \u00ab moule \u00bb en fran\u00e7ais. Ils s\u2019int\u00e8grent bien dans n\u2019importe quelle maison et ajoutent un aspect rustique, brut et naturel au d\u00e9cor. Ils peuvent \u00eatre utilis\u00e9s comme tables d&#039;appoint pr\u00e8s du canap\u00e9, o\u00f9 ils peuvent \u00eatre plac\u00e9s ensemble \u00e0 diff\u00e9rents niveaux, mais ils peuvent \u00e9galement \u00eatre utilis\u00e9s s\u00e9par\u00e9ment et d\u00e9corer, par exemple, la chambre ou le hall d&#039;entr\u00e9e. D\u00e9velopp\u00e9 en collaboration avec un designer de Marrakech.<\/p>\n<p>Les tables ont un aspect tr\u00e8s rustique et pr\u00e9sentent donc \u00e0 la fois des fissures, des veines et des fissures dans le bois. Cela les rend uniques et naturels et leur donne leur expression tr\u00e8s particuli\u00e8re.<\/p>\n\n\t\t<\/div>\n\t<\/div>\n<\/div><\/div><\/div><\/div>\n<\/div>","protected":false},"excerpt":{"rendered":"<p>Cette table rustique est fabriqu\u00e9e \u00e0 partir de bois r\u00e9cup\u00e9r\u00e9 provenant de portes marocaines et poss\u00e8de une structure en acier. La table \u00e9voque le maritime avec les beaux motifs du bois et un aspect rustique et brut. En m\u00eame temps, elle s&#039;int\u00e8gre incroyablement bien dans le style de d\u00e9coration int\u00e9rieure scandinave, car le magnifique plateau en bois fait entrer la nature \u00e0 l&#039;int\u00e9rieur. La table est disponible en trois tailles, petite, moyenne et grande, qui peuvent \u00eatre assembl\u00e9es ou autonomes. Les tables sont totalement uniques, puisqu\u2019il n\u2019y en a qu\u2019une de chaque.<\/p>\n<p>| Petit : Diam\u00e8tre : 35 cm, Hauteur 35 cm | Moyen : Diam\u00e8tre : 40 cm, Hauteur : 40 cm | Grand : Diam\u00e8tre : 45 cm, Hauteur : 45 cm |<\/p>\n<p>&nbsp;<\/p>","protected":false},"featured_media":2308,"template":"","meta":{"inline_featured_image":false},"product_brand":[],"product_cat":[82,39],"product_tag":[],"class_list":{"0":"post-2237","1":"product","2":"type-product","3":"status-publish","4":"has-post-thumbnail","6":"product_cat-borde","7":"product_cat-moebler","9":"first","10":"instock","11":"taxable","12":"shipping-taxable","13":"purchasable","14":"product-type-variable"},"exclude_global_add_ons":[],"addons":[],"yoast_head":"<!-- This site is optimized with the Yoast SEO plugin v27.4 - https:\/\/yoast.com\/product\/yoast-seo-wordpress\/ -->\n<title>Tr\u00e6bord af genbrugstr\u00e6 | Unika marokkansk design | Tibladin<\/title>\n<meta name=\"description\" content=\"Flot bord med st\u00e5l-stel og en bordplade i genbrugstr\u00e6 fra Marrokanske d\u00f8re. Kan let tils\u00e6ttes din indretning og giver et rustikt udtryk.\" \/>\n<meta name=\"robots\" content=\"index, follow, max-snippet:-1, max-image-preview:large, max-video-preview:-1\" \/>\n<link rel=\"canonical\" href=\"https:\/\/tibladin.dk\/fr\/produit-4\/tables-en-bois-en-moule-gris-bleu\/\" \/>\n<meta property=\"og:locale\" content=\"fr_FR\" \/>\n<meta property=\"og:type\" content=\"article\" \/>\n<meta property=\"og:title\" content=\"Tr\u00e6bord af genbrugstr\u00e6 | Unika marokkansk design | Tibladin\" \/>\n<meta property=\"og:description\" content=\"Flot bord med st\u00e5l-stel og en bordplade i genbrugstr\u00e6 fra Marrokanske d\u00f8re. Kan let tils\u00e6ttes din indretning og giver et rustikt udtryk.\" \/>\n<meta property=\"og:url\" content=\"https:\/\/tibladin.dk\/fr\/produit-4\/tables-en-bois-en-moule-gris-bleu\/\" \/>\n<meta property=\"og:site_name\" content=\"Tibladin\" \/>\n<meta property=\"article:modified_time\" content=\"2024-12-09T13:29:35+00:00\" \/>\n<meta property=\"og:image\" content=\"https:\/\/tibladin.dk\/wp-content\/uploads\/2022\/09\/traeborde-samlet-LS-1.jpg\" \/>\n\t<meta property=\"og:image:width\" content=\"800\" \/>\n\t<meta property=\"og:image:height\" content=\"800\" \/>\n\t<meta property=\"og:image:type\" content=\"image\/jpeg\" \/>\n<meta name=\"twitter:card\" content=\"summary_large_image\" \/>\n<meta name=\"twitter:label1\" content=\"Dur\u00e9e de lecture estim\u00e9e\" \/>\n\t<meta name=\"twitter:data1\" content=\"2 minutes\" \/>\n<script type=\"application\/ld+json\" class=\"yoast-schema-graph\">{\"@context\":\"https:\\\/\\\/schema.org\",\"@graph\":[{\"@type\":\"WebPage\",\"@id\":\"https:\\\/\\\/tibladin.dk\\\/produkt\\\/traeborde-i-graa-blaa-moule\\\/\",\"url\":\"https:\\\/\\\/tibladin.dk\\\/produkt\\\/traeborde-i-graa-blaa-moule\\\/\",\"name\":\"Tr\u00e6bord af genbrugstr\u00e6 | Unika marokkansk design | Tibladin\",\"isPartOf\":{\"@id\":\"https:\\\/\\\/tibladin.dk\\\/#website\"},\"primaryImageOfPage\":{\"@id\":\"https:\\\/\\\/tibladin.dk\\\/produkt\\\/traeborde-i-graa-blaa-moule\\\/#primaryimage\"},\"image\":{\"@id\":\"https:\\\/\\\/tibladin.dk\\\/produkt\\\/traeborde-i-graa-blaa-moule\\\/#primaryimage\"},\"thumbnailUrl\":\"https:\\\/\\\/tibladin.dk\\\/wp-content\\\/uploads\\\/2022\\\/09\\\/traeborde-samlet-LS-1.jpg\",\"datePublished\":\"2022-09-20T09:14:39+00:00\",\"dateModified\":\"2024-12-09T13:29:35+00:00\",\"description\":\"Flot bord med st\u00e5l-stel og en bordplade i genbrugstr\u00e6 fra Marrokanske d\u00f8re. Kan let tils\u00e6ttes din indretning og giver et rustikt udtryk.\",\"breadcrumb\":{\"@id\":\"https:\\\/\\\/tibladin.dk\\\/produkt\\\/traeborde-i-graa-blaa-moule\\\/#breadcrumb\"},\"inLanguage\":\"fr-FR\",\"potentialAction\":[{\"@type\":\"ReadAction\",\"target\":[\"https:\\\/\\\/tibladin.dk\\\/produkt\\\/traeborde-i-graa-blaa-moule\\\/\"]}]},{\"@type\":\"ImageObject\",\"inLanguage\":\"fr-FR\",\"@id\":\"https:\\\/\\\/tibladin.dk\\\/produkt\\\/traeborde-i-graa-blaa-moule\\\/#primaryimage\",\"url\":\"https:\\\/\\\/tibladin.dk\\\/wp-content\\\/uploads\\\/2022\\\/09\\\/traeborde-samlet-LS-1.jpg\",\"contentUrl\":\"https:\\\/\\\/tibladin.dk\\\/wp-content\\\/uploads\\\/2022\\\/09\\\/traeborde-samlet-LS-1.jpg\",\"width\":800,\"height\":800,\"caption\":\"Marokkanske h\u00e5ndlavede tr\u00e6border i large, medium og small, st\u00e5ende ved siden af hinanden, med dekorationer p\u00e5, ved siden af en s\u00e6kkestol\"},{\"@type\":\"BreadcrumbList\",\"@id\":\"https:\\\/\\\/tibladin.dk\\\/produkt\\\/traeborde-i-graa-blaa-moule\\\/#breadcrumb\",\"itemListElement\":[{\"@type\":\"ListItem\",\"position\":1,\"name\":\"Hjem\",\"item\":\"https:\\\/\\\/tibladin.dk\\\/\"},{\"@type\":\"ListItem\",\"position\":2,\"name\":\"Shop\",\"item\":\"https:\\\/\\\/tibladin.dk\\\/shop\\\/\"},{\"@type\":\"ListItem\",\"position\":3,\"name\":\"Tr\u00e6borde i gr\u00e5\\\/bl\u00e5 MOULE\"}]},{\"@type\":\"WebSite\",\"@id\":\"https:\\\/\\\/tibladin.dk\\\/#website\",\"url\":\"https:\\\/\\\/tibladin.dk\\\/\",\"name\":\"Tibladin\",\"description\":\"Tibladin\",\"publisher\":{\"@id\":\"https:\\\/\\\/tibladin.dk\\\/#organization\"},\"potentialAction\":[{\"@type\":\"SearchAction\",\"target\":{\"@type\":\"EntryPoint\",\"urlTemplate\":\"https:\\\/\\\/tibladin.dk\\\/?s={search_term_string}\"},\"query-input\":{\"@type\":\"PropertyValueSpecification\",\"valueRequired\":true,\"valueName\":\"search_term_string\"}}],\"inLanguage\":\"fr-FR\"},{\"@type\":\"Organization\",\"@id\":\"https:\\\/\\\/tibladin.dk\\\/#organization\",\"name\":\"Tibladin\",\"url\":\"https:\\\/\\\/tibladin.dk\\\/\",\"logo\":{\"@type\":\"ImageObject\",\"inLanguage\":\"fr-FR\",\"@id\":\"https:\\\/\\\/tibladin.dk\\\/#\\\/schema\\\/logo\\\/image\\\/\",\"url\":\"https:\\\/\\\/tibladin.dk\\\/wp-content\\\/uploads\\\/2022\\\/09\\\/tibladin_logo.svg\",\"contentUrl\":\"https:\\\/\\\/tibladin.dk\\\/wp-content\\\/uploads\\\/2022\\\/09\\\/tibladin_logo.svg\",\"caption\":\"Tibladin\"},\"image\":{\"@id\":\"https:\\\/\\\/tibladin.dk\\\/#\\\/schema\\\/logo\\\/image\\\/\"}}]}<\/script>\n<!-- \/ Yoast SEO plugin. -->","yoast_head_json":{"title":"Table en bois en bois recycl\u00e9 | Design marocain unique | Tibladine","description":"Jolie table avec une structure en acier et un plateau en bois recycl\u00e9 issu de portes marocaines. Peut facilement \u00eatre ajout\u00e9 \u00e0 votre d\u00e9cor et donne un look rustique.","robots":{"index":"index","follow":"follow","max-snippet":"max-snippet:-1","max-image-preview":"max-image-preview:large","max-video-preview":"max-video-preview:-1"},"canonical":"https:\/\/tibladin.dk\/fr\/produit-4\/tables-en-bois-en-moule-gris-bleu\/","og_locale":"fr_FR","og_type":"article","og_title":"Tr\u00e6bord af genbrugstr\u00e6 | Unika marokkansk design | Tibladin","og_description":"Flot bord med st\u00e5l-stel og en bordplade i genbrugstr\u00e6 fra Marrokanske d\u00f8re. Kan let tils\u00e6ttes din indretning og giver et rustikt udtryk.","og_url":"https:\/\/tibladin.dk\/fr\/produit-4\/tables-en-bois-en-moule-gris-bleu\/","og_site_name":"Tibladin","article_modified_time":"2024-12-09T13:29:35+00:00","og_image":[{"width":800,"height":800,"url":"https:\/\/tibladin.dk\/wp-content\/uploads\/2022\/09\/traeborde-samlet-LS-1.jpg","type":"image\/jpeg"}],"twitter_card":"summary_large_image","twitter_misc":{"Dur\u00e9e de lecture estim\u00e9e":"2 minutes"},"schema":{"@context":"https:\/\/schema.org","@graph":[{"@type":"WebPage","@id":"https:\/\/tibladin.dk\/produkt\/traeborde-i-graa-blaa-moule\/","url":"https:\/\/tibladin.dk\/produkt\/traeborde-i-graa-blaa-moule\/","name":"Table en bois en bois recycl\u00e9 | Design marocain unique | Tibladine","isPartOf":{"@id":"https:\/\/tibladin.dk\/#website"},"primaryImageOfPage":{"@id":"https:\/\/tibladin.dk\/produkt\/traeborde-i-graa-blaa-moule\/#primaryimage"},"image":{"@id":"https:\/\/tibladin.dk\/produkt\/traeborde-i-graa-blaa-moule\/#primaryimage"},"thumbnailUrl":"https:\/\/tibladin.dk\/wp-content\/uploads\/2022\/09\/traeborde-samlet-LS-1.jpg","datePublished":"2022-09-20T09:14:39+00:00","dateModified":"2024-12-09T13:29:35+00:00","description":"Jolie table avec une structure en acier et un plateau en bois recycl\u00e9 issu de portes marocaines. Peut facilement \u00eatre ajout\u00e9 \u00e0 votre d\u00e9cor et donne un look rustique.","breadcrumb":{"@id":"https:\/\/tibladin.dk\/produkt\/traeborde-i-graa-blaa-moule\/#breadcrumb"},"inLanguage":"fr-FR","potentialAction":[{"@type":"ReadAction","target":["https:\/\/tibladin.dk\/produkt\/traeborde-i-graa-blaa-moule\/"]}]},{"@type":"ImageObject","inLanguage":"fr-FR","@id":"https:\/\/tibladin.dk\/produkt\/traeborde-i-graa-blaa-moule\/#primaryimage","url":"https:\/\/tibladin.dk\/wp-content\/uploads\/2022\/09\/traeborde-samlet-LS-1.jpg","contentUrl":"https:\/\/tibladin.dk\/wp-content\/uploads\/2022\/09\/traeborde-samlet-LS-1.jpg","width":800,"height":800,"caption":"Marokkanske h\u00e5ndlavede tr\u00e6border i large, medium og small, st\u00e5ende ved siden af hinanden, med dekorationer p\u00e5, ved siden af en s\u00e6kkestol"},{"@type":"BreadcrumbList","@id":"https:\/\/tibladin.dk\/produkt\/traeborde-i-graa-blaa-moule\/#breadcrumb","itemListElement":[{"@type":"ListItem","position":1,"name":"Hjem","item":"https:\/\/tibladin.dk\/"},{"@type":"ListItem","position":2,"name":"Shop","item":"https:\/\/tibladin.dk\/shop\/"},{"@type":"ListItem","position":3,"name":"Tr\u00e6borde i gr\u00e5\/bl\u00e5 MOULE"}]},{"@type":"WebSite","@id":"https:\/\/tibladin.dk\/#website","url":"https:\/\/tibladin.dk\/","name":"Tibladin","description":"Tibladin","publisher":{"@id":"https:\/\/tibladin.dk\/#organization"},"potentialAction":[{"@type":"SearchAction","target":{"@type":"EntryPoint","urlTemplate":"https:\/\/tibladin.dk\/?s={search_term_string}"},"query-input":{"@type":"PropertyValueSpecification","valueRequired":true,"valueName":"search_term_string"}}],"inLanguage":"fr-FR"},{"@type":"Organization","@id":"https:\/\/tibladin.dk\/#organization","name":"Tibladin","url":"https:\/\/tibladin.dk\/","logo":{"@type":"ImageObject","inLanguage":"fr-FR","@id":"https:\/\/tibladin.dk\/#\/schema\/logo\/image\/","url":"https:\/\/tibladin.dk\/wp-content\/uploads\/2022\/09\/tibladin_logo.svg","contentUrl":"https:\/\/tibladin.dk\/wp-content\/uploads\/2022\/09\/tibladin_logo.svg","caption":"Tibladin"},"image":{"@id":"https:\/\/tibladin.dk\/#\/schema\/logo\/image\/"}}]}},"_links":{"self":[{"href":"https:\/\/tibladin.dk\/fr\/wp-json\/wp\/v2\/product\/2237","targetHints":{"allow":["GET"]}}],"collection":[{"href":"https:\/\/tibladin.dk\/fr\/wp-json\/wp\/v2\/product"}],"about":[{"href":"https:\/\/tibladin.dk\/fr\/wp-json\/wp\/v2\/types\/product"}],"wp:featuredmedia":[{"embeddable":true,"href":"https:\/\/tibladin.dk\/fr\/wp-json\/wp\/v2\/media\/2308"}],"wp:attachment":[{"href":"https:\/\/tibladin.dk\/fr\/wp-json\/wp\/v2\/media?parent=2237"}],"wp:term":[{"taxonomy":"product_brand","embeddable":true,"href":"https:\/\/tibladin.dk\/fr\/wp-json\/wp\/v2\/product_brand?post=2237"},{"taxonomy":"product_cat","embeddable":true,"href":"https:\/\/tibladin.dk\/fr\/wp-json\/wp\/v2\/product_cat?post=2237"},{"taxonomy":"product_tag","embeddable":true,"href":"https:\/\/tibladin.dk\/fr\/wp-json\/wp\/v2\/product_tag?post=2237"}],"curies":[{"name":"wp","href":"https:\/\/api.w.org\/{rel}","templated":true}]}}